{"id":53826,"date":"2022-02-16T11:43:31","date_gmt":"2022-02-16T11:43:31","guid":{"rendered":"https:\/\/www.accuratereviews.com\/?page_id=53826"},"modified":"2022-02-16T11:43:31","modified_gmt":"2022-02-16T11:43:31","slug":"ringlead-recensione","status":"publish","type":"page","link":"https:\/\/www.accuratereviews.com\/it\/software-gestione-accurata-dati\/ringlead-recensione\/","title":{"rendered":"RingLead"},"content":{"rendered":"<p class=\"h3 mb-1\"><strong>RingLead<\/strong> \u00e8 un <strong>software per la gestione accurata dei dati<\/strong> che elimina la necessit\u00e0 di soluzioni multiple e di consulenti IT dimezzando quindi i costi e i tempi. Si rivolge ad aziende commerciali che operano nel settore sanitario, finanziario, tecnologico, informatico, SaaS che necessitano di una piattaforma facile da usare, personalizzabile e che non richiede nessuna competenza in linguaggio di programmazione.<br \/>\nGrazie al modulo di report gratuiti di analisi della qualit\u00e0 dei dati, <strong>RingLead<\/strong> riesce a eliminare definitivamente i cosiddetti &#8220;cattivi dati&#8221; che distruggono le tue operazioni di marketing e di vendita, non consentendoti di crescere.<\/p>\n<h2>RINGLEAD &#8211; TUTORIAL<\/h2>\n<div id=\"fluid-wrapper-counter-1\" class=\"g1-fluid-wrapper \" style=\"width:686px;\">\n<div style=\"padding-bottom:56.268221574344%;\"><iframe loading=\"lazy\" title=\"Ep. 1: Using RingLead to Cleanse Your Marketing &amp; Sales Database\" width=\"686\" height=\"386\" src=\"https:\/\/www.youtube.com\/embed\/rp8ZGHtd8Os?feature=oembed&amp;wmode=transparent&amp;autohide=1&amp;autoplay=0&amp;disablekb=0&amp;fs=1&amp;loop=0&amp;enablejsapi=1&amp;rel=0&amp;controls=2&amp;showinfo=0&amp;wmode=transparent&amp;autohide=2&amp;autoplay=0&amp;disablekb=0&amp;fs=1&amp;loop=0&amp;enablejsapi=1&amp;rel=0&amp;controls=2&amp;showinfo=1\" frameborder=\"0\" allow=\"accelerometer; autoplay; clipboard-write; encrypted-media; gyroscope; picture-in-picture\" allowfullscreen><\/iframe><\/div>\n<\/div>\n<h3>RINGLEAD &#8211; CARATTERISTICHE<\/h3>\n<ul>\n<li>Reporting accurato della campagna<\/li>\n<li>Aumento della dimensione del database commerciabile<\/li>\n<li>Creazione di segmenti di liste email e CRM altamente mirati<\/li>\n<li>Aumento dei tassi di conversione del Funnel di vendite e marketing e i MQL<\/li>\n<li>Eliminazione dei compiti manuali e difficili dei dati per migliorare l&#8217;efficienza operativa<\/li>\n<li>Base per l&#8217;abilitazione del marketing basato sull&#8217;account e la vendita personalizzata<\/li>\n<li>Indirizzamento facile dei lead ai rappresentanti e ai territori giusti<\/li>\n<li>Identificazione e miglioramento delle Buyer Personas<\/li>\n<li>Applicazione della conformit\u00e0 normativa, CCPA e GDPR<\/li>\n<li>Migrazione e consolidamento del database<\/li>\n<li>Aumento della reperibilit\u00e0 delle mail, della reputazione del server e delle prestazioni della campagna<\/li>\n<li>Riduzione dei costi MarTech consolidando le piattaforme e rimuovendo i duplicati e i dati errati<\/li>\n<\/ul>\n<h4>LE RECENSIONI DEGLI UTENTI<\/h4>\n<p><strong>Radu S. &#8220;Il miglior software di caricamento massivo di lead l\u00e0 fuori&#8221;<\/strong><br \/>\nCOMMENTI: nel complesso ne siamo soddisfatti e anche se ogni anno passiamo in rassegna il mercato non siamo riusciti a trovare nessun software che sia migliore di RingLead.<br \/>\nPRO: stiamo usando solo la funzionalit\u00e0 Lead Upload e negli ultimi 3 anni non abbiamo avuto alcun problema. Adoro la capacit\u00e0 di abbinare i dati importati con i dati gi\u00e0 esistenti e la possibilit\u00e0 di creare modelli che possono essere utilizzati in base a specifici criteri di corrispondenza.<br \/>\nCONTRO: niente da menzionare qui, non abbiamo avuto alcun problema.<\/p>\n<p><strong>Philip M. &#8220;Una soluzione efficace per l&#8217;integrit\u00e0 dei dati&#8221;.<\/strong><br \/>\nCOMMENTI: sono soddisfatto della nostra esperienza complessiva con Ringlead. Hanno attraversato fasi di crescita e transizioni, ma hanno mantenuto un approccio orientato alle soluzioni. La nostra impressione \u00e8 che il loro supporto sia migliorato man mano che le funzionalit\u00e0 della piattaforma crescevano, il che non \u00e8 tipico in questo settore.<br \/>\nPRO: la funzionalit\u00e0 di fusione di account e contatti \u00e8 qualcosa che troviamo molto utile. \u00c8 molto pi\u00f9 efficace della funzionalit\u00e0 di fusione nativa.<br \/>\nCONTRO: inizialmente, abbiamo avuto problemi con la funzionalit\u00e0 di deduplicazione che interferiva con la sincronizzazione dei contatti su mobile<\/p>\n<p><strong>Paul E. &#8220;Finora tutto bene&#8221;<\/strong><br \/>\nCOMMENTI: sto usando Ringlead da 6 mesi per diverse materie. Finora n0 bug o problemi reali.<br \/>\nE il team CS \u00e8 sempre l\u00ec quando serve con le risposte.<br \/>\nPRO: tutte le caratteristiche che uso sono disponibili su Salesforce, con una grande differenza. Sono molto pi\u00f9 semplici e veloci da usare quotidianamente. Specialmente &#8220;Deduplicazione&#8221;, &#8220;cancellazione\/aggiornamento di massa&#8221;. Si pu\u00f2 anche lavorare sia su Sandbox che su Production senza sforzo e aggiornare la connessione immediatamente.<br \/>\nCONTRO: nessun grande argomento. La fase precedente all&#8217;ultima sembra un po&#8217; inutile durante la deduplicazione.<\/p>\n","protected":false},"excerpt":{"rendered":"<p>RingLead \u00e8 un software per la gestione accurata dei dati che elimina la necessit\u00e0 di soluzioni multiple e di consulenti IT dimezzando quindi i costi e i tempi. Si rivolge ad aziende commerciali che operano nel settore\u00a0sanitario, finanziario, tecnologico, informatico, SaaS che necessitano di una piattaforma facile da usare, personalizzabile e che non richiede nessuna competenza in linguaggio di programmazione.\u00a0<\/p>\n","protected":false},"author":17,"featured_media":53827,"parent":53694,"menu_order":0,"comment_status":"open","ping_status":"closed","template":"g1_template_page_review_new.php","meta":{"_acf_changed":false,"cwp_meta_box_check":"No","cwp_rev_product_name":"","cwp_rev_product_image":"","wppr_links":[],"cwp_rev_price":"","wppr_options":[],"wppr_pros":[],"wppr_cons":[],"_monsterinsights_skip_tracking":false,"_monsterinsights_sitenote_active":false,"_monsterinsights_sitenote_note":"","_monsterinsights_sitenote_category":0,"footnotes":""},"categories":[12005],"tags":[12018,12052,12009,1300,12017,12019],"features":[],"class_list":{"0":"post-53826","1":"page","2":"type-page","3":"status-publish","4":"has-post-thumbnail","6":"category-software-gestione-accurata-dati-cat","7":"tag-gestione-accurata-dei-dati","8":"tag-piattaforma-per-gestione-dati-accurata","9":"tag-programma-per-gestione-dati-accurata","10":"tag-protezione-dati","11":"tag-software-per-la-gestione-accurata-dei-dati","12":"tag-soluzione-per-la-gestione-accurata-dei-dati"},"wppr_data":{"cwp_meta_box_check":"No"},"acf":[],"yoast_head":"<!-- This site is optimized with the Yoast SEO plugin v27.4 - https:\/\/yoast.com\/product\/yoast-seo-wordpress\/ -->\n<title>RingLead: recensione software gestione accurata dati - Accurate Reviews<\/title>\n<meta name=\"description\" content=\"RingLead: recensione del software per la gestione accurata dei dati che elimina la necessit\u00e0 di soluzioni multiple e di consulenti IT.\" \/>\n<meta name=\"robots\" content=\"index, follow, max-snippet:-1, max-image-preview:large, max-video-preview:-1\" \/>\n<link rel=\"canonical\" href=\"https:\/\/www.accuratereviews.com\/it\/software-gestione-accurata-dati\/ringlead-recensione\/\" \/>\n<meta property=\"og:locale\" content=\"it_IT\" \/>\n<meta property=\"og:type\" content=\"article\" \/>\n<meta property=\"og:title\" content=\"RingLead: recensione software gestione accurata dati - Accurate Reviews\" \/>\n<meta property=\"og:description\" content=\"RingLead: recensione del software per la gestione accurata dei dati che elimina la necessit\u00e0 di soluzioni multiple e di consulenti IT.\" \/>\n<meta property=\"og:url\" content=\"https:\/\/www.accuratereviews.com\/it\/software-gestione-accurata-dati\/ringlead-recensione\/\" \/>\n<meta property=\"og:site_name\" content=\"Accurate Reviews\" \/>\n<meta property=\"og:image\" content=\"https:\/\/www.accuratereviews.com\/wp-content\/uploads\/2022\/02\/RingLead-logo.png\" \/>\n\t<meta property=\"og:image:width\" content=\"200\" \/>\n\t<meta property=\"og:image:height\" content=\"200\" \/>\n\t<meta property=\"og:image:type\" content=\"image\/png\" \/>\n<meta name=\"twitter:card\" content=\"summary_large_image\" \/>\n<meta name=\"twitter:label1\" content=\"Tempo di lettura stimato\" \/>\n\t<meta name=\"twitter:data1\" content=\"3 minuti\" \/>\n<script type=\"application\/ld+json\" class=\"yoast-schema-graph\">{\"@context\":\"https:\\\/\\\/schema.org\",\"@graph\":[{\"@type\":\"WebPage\",\"@id\":\"https:\\\/\\\/www.accuratereviews.com\\\/it\\\/software-gestione-accurata-dati\\\/ringlead-recensione\\\/\",\"url\":\"https:\\\/\\\/www.accuratereviews.com\\\/it\\\/software-gestione-accurata-dati\\\/ringlead-recensione\\\/\",\"name\":\"RingLead: recensione software gestione accurata dati - Accurate Reviews\",\"isPartOf\":{\"@id\":\"https:\\\/\\\/www.accuratereviews.com\\\/it\\\/#website\"},\"primaryImageOfPage\":{\"@id\":\"https:\\\/\\\/www.accuratereviews.com\\\/it\\\/software-gestione-accurata-dati\\\/ringlead-recensione\\\/#primaryimage\"},\"image\":{\"@id\":\"https:\\\/\\\/www.accuratereviews.com\\\/it\\\/software-gestione-accurata-dati\\\/ringlead-recensione\\\/#primaryimage\"},\"thumbnailUrl\":\"https:\\\/\\\/www.accuratereviews.com\\\/wp-content\\\/uploads\\\/2022\\\/02\\\/RingLead-logo.png\",\"datePublished\":\"2022-02-16T11:43:31+00:00\",\"description\":\"RingLead: recensione del software per la gestione accurata dei dati che elimina la necessit\u00e0 di soluzioni multiple e di consulenti IT.\",\"breadcrumb\":{\"@id\":\"https:\\\/\\\/www.accuratereviews.com\\\/it\\\/software-gestione-accurata-dati\\\/ringlead-recensione\\\/#breadcrumb\"},\"inLanguage\":\"it-IT\",\"potentialAction\":[{\"@type\":\"ReadAction\",\"target\":[\"https:\\\/\\\/www.accuratereviews.com\\\/it\\\/software-gestione-accurata-dati\\\/ringlead-recensione\\\/\"]}]},{\"@type\":\"ImageObject\",\"inLanguage\":\"it-IT\",\"@id\":\"https:\\\/\\\/www.accuratereviews.com\\\/it\\\/software-gestione-accurata-dati\\\/ringlead-recensione\\\/#primaryimage\",\"url\":\"https:\\\/\\\/www.accuratereviews.com\\\/wp-content\\\/uploads\\\/2022\\\/02\\\/RingLead-logo.png\",\"contentUrl\":\"https:\\\/\\\/www.accuratereviews.com\\\/wp-content\\\/uploads\\\/2022\\\/02\\\/RingLead-logo.png\",\"width\":200,\"height\":200},{\"@type\":\"BreadcrumbList\",\"@id\":\"https:\\\/\\\/www.accuratereviews.com\\\/it\\\/software-gestione-accurata-dati\\\/ringlead-recensione\\\/#breadcrumb\",\"itemListElement\":[{\"@type\":\"ListItem\",\"position\":1,\"name\":\"Home\",\"item\":\"https:\\\/\\\/www.accuratereviews.com\\\/it\\\/\"},{\"@type\":\"ListItem\",\"position\":2,\"name\":\"Software per la gestione accurata dei dati\",\"item\":\"https:\\\/\\\/www.accuratereviews.com\\\/it\\\/software-gestione-accurata-dati\\\/\"},{\"@type\":\"ListItem\",\"position\":3,\"name\":\"RingLead\"}]},{\"@type\":\"WebSite\",\"@id\":\"https:\\\/\\\/www.accuratereviews.com\\\/it\\\/#website\",\"url\":\"https:\\\/\\\/www.accuratereviews.com\\\/it\\\/\",\"name\":\"Accurate Reviews\",\"description\":\"\",\"potentialAction\":[{\"@type\":\"SearchAction\",\"target\":{\"@type\":\"EntryPoint\",\"urlTemplate\":\"https:\\\/\\\/www.accuratereviews.com\\\/it\\\/?s={search_term_string}\"},\"query-input\":{\"@type\":\"PropertyValueSpecification\",\"valueRequired\":true,\"valueName\":\"search_term_string\"}}],\"inLanguage\":\"it-IT\"}]}<\/script>\n<!-- \/ Yoast SEO plugin. -->","yoast_head_json":{"title":"RingLead: recensione software gestione accurata dati - Accurate Reviews","description":"RingLead: recensione del software per la gestione accurata dei dati che elimina la necessit\u00e0 di soluzioni multiple e di consulenti IT.","robots":{"index":"index","follow":"follow","max-snippet":"max-snippet:-1","max-image-preview":"max-image-preview:large","max-video-preview":"max-video-preview:-1"},"canonical":"https:\/\/www.accuratereviews.com\/it\/software-gestione-accurata-dati\/ringlead-recensione\/","og_locale":"it_IT","og_type":"article","og_title":"RingLead: recensione software gestione accurata dati - Accurate Reviews","og_description":"RingLead: recensione del software per la gestione accurata dei dati che elimina la necessit\u00e0 di soluzioni multiple e di consulenti IT.","og_url":"https:\/\/www.accuratereviews.com\/it\/software-gestione-accurata-dati\/ringlead-recensione\/","og_site_name":"Accurate Reviews","og_image":[{"width":200,"height":200,"url":"https:\/\/www.accuratereviews.com\/wp-content\/uploads\/2022\/02\/RingLead-logo.png","type":"image\/png"}],"twitter_card":"summary_large_image","twitter_misc":{"Tempo di lettura stimato":"3 minuti"},"schema":{"@context":"https:\/\/schema.org","@graph":[{"@type":"WebPage","@id":"https:\/\/www.accuratereviews.com\/it\/software-gestione-accurata-dati\/ringlead-recensione\/","url":"https:\/\/www.accuratereviews.com\/it\/software-gestione-accurata-dati\/ringlead-recensione\/","name":"RingLead: recensione software gestione accurata dati - Accurate Reviews","isPartOf":{"@id":"https:\/\/www.accuratereviews.com\/it\/#website"},"primaryImageOfPage":{"@id":"https:\/\/www.accuratereviews.com\/it\/software-gestione-accurata-dati\/ringlead-recensione\/#primaryimage"},"image":{"@id":"https:\/\/www.accuratereviews.com\/it\/software-gestione-accurata-dati\/ringlead-recensione\/#primaryimage"},"thumbnailUrl":"https:\/\/www.accuratereviews.com\/wp-content\/uploads\/2022\/02\/RingLead-logo.png","datePublished":"2022-02-16T11:43:31+00:00","description":"RingLead: recensione del software per la gestione accurata dei dati che elimina la necessit\u00e0 di soluzioni multiple e di consulenti IT.","breadcrumb":{"@id":"https:\/\/www.accuratereviews.com\/it\/software-gestione-accurata-dati\/ringlead-recensione\/#breadcrumb"},"inLanguage":"it-IT","potentialAction":[{"@type":"ReadAction","target":["https:\/\/www.accuratereviews.com\/it\/software-gestione-accurata-dati\/ringlead-recensione\/"]}]},{"@type":"ImageObject","inLanguage":"it-IT","@id":"https:\/\/www.accuratereviews.com\/it\/software-gestione-accurata-dati\/ringlead-recensione\/#primaryimage","url":"https:\/\/www.accuratereviews.com\/wp-content\/uploads\/2022\/02\/RingLead-logo.png","contentUrl":"https:\/\/www.accuratereviews.com\/wp-content\/uploads\/2022\/02\/RingLead-logo.png","width":200,"height":200},{"@type":"BreadcrumbList","@id":"https:\/\/www.accuratereviews.com\/it\/software-gestione-accurata-dati\/ringlead-recensione\/#breadcrumb","itemListElement":[{"@type":"ListItem","position":1,"name":"Home","item":"https:\/\/www.accuratereviews.com\/it\/"},{"@type":"ListItem","position":2,"name":"Software per la gestione accurata dei dati","item":"https:\/\/www.accuratereviews.com\/it\/software-gestione-accurata-dati\/"},{"@type":"ListItem","position":3,"name":"RingLead"}]},{"@type":"WebSite","@id":"https:\/\/www.accuratereviews.com\/it\/#website","url":"https:\/\/www.accuratereviews.com\/it\/","name":"Accurate Reviews","description":"","potentialAction":[{"@type":"SearchAction","target":{"@type":"EntryPoint","urlTemplate":"https:\/\/www.accuratereviews.com\/it\/?s={search_term_string}"},"query-input":{"@type":"PropertyValueSpecification","valueRequired":true,"valueName":"search_term_string"}}],"inLanguage":"it-IT"}]}},"_links":{"self":[{"href":"https:\/\/www.accuratereviews.com\/it\/wp-json\/wp\/v2\/pages\/53826","targetHints":{"allow":["GET"]}}],"collection":[{"href":"https:\/\/www.accuratereviews.com\/it\/wp-json\/wp\/v2\/pages"}],"about":[{"href":"https:\/\/www.accuratereviews.com\/it\/wp-json\/wp\/v2\/types\/page"}],"author":[{"embeddable":true,"href":"https:\/\/www.accuratereviews.com\/it\/wp-json\/wp\/v2\/users\/17"}],"replies":[{"embeddable":true,"href":"https:\/\/www.accuratereviews.com\/it\/wp-json\/wp\/v2\/comments?post=53826"}],"version-history":[{"count":5,"href":"https:\/\/www.accuratereviews.com\/it\/wp-json\/wp\/v2\/pages\/53826\/revisions"}],"predecessor-version":[{"id":53858,"href":"https:\/\/www.accuratereviews.com\/it\/wp-json\/wp\/v2\/pages\/53826\/revisions\/53858"}],"up":[{"embeddable":true,"href":"https:\/\/www.accuratereviews.com\/it\/wp-json\/wp\/v2\/pages\/53694"}],"wp:featuredmedia":[{"embeddable":true,"href":"https:\/\/www.accuratereviews.com\/it\/wp-json\/wp\/v2\/media\/53827"}],"wp:attachment":[{"href":"https:\/\/www.accuratereviews.com\/it\/wp-json\/wp\/v2\/media?parent=53826"}],"wp:term":[{"taxonomy":"category","embeddable":true,"href":"https:\/\/www.accuratereviews.com\/it\/wp-json\/wp\/v2\/categories?post=53826"},{"taxonomy":"post_tag","embeddable":true,"href":"https:\/\/www.accuratereviews.com\/it\/wp-json\/wp\/v2\/tags?post=53826"},{"taxonomy":"features","embeddable":true,"href":"https:\/\/www.accuratereviews.com\/it\/wp-json\/wp\/v2\/features?post=53826"}],"curies":[{"name":"wp","href":"https:\/\/api.w.org\/{rel}","templated":true}]}}