{"id":5384,"date":"2016-07-20T15:41:04","date_gmt":"2016-07-20T15:41:04","guid":{"rendered":"http:\/\/www.accuratereviews.com\/?page_id=5384&#038;lang=it"},"modified":"2024-03-11T10:05:35","modified_gmt":"2024-03-11T10:05:35","slug":"slack","status":"publish","type":"page","link":"https:\/\/www.accuratereviews.com\/it\/chat-i-migliori-im-lista\/slack\/","title":{"rendered":"Slack"},"content":{"rendered":"<div id=\"attachment_5282\" style=\"width: 1410px\" class=\"wp-caption alignright\"><img loading=\"lazy\" decoding=\"async\" aria-describedby=\"caption-attachment-5282\" class=\"size-full wp-image-5282\" src=\"http:\/\/www.accuratereviews.com\/wp-content\/uploads\/2016\/07\/slack.png\" alt=\"Pu\u00f2 sembrare che Slack offra poche opzioni, ma non \u00e8 cos\u00ec: come vedete, potete gestire i file del vostro team in maniera molto particolareggiata.\" width=\"1400\" height=\"748\" srcset=\"https:\/\/www.accuratereviews.com\/wp-content\/uploads\/2016\/07\/slack.png 1400w, https:\/\/www.accuratereviews.com\/wp-content\/uploads\/2016\/07\/slack-300x160.png 300w, https:\/\/www.accuratereviews.com\/wp-content\/uploads\/2016\/07\/slack-768x410.png 768w, https:\/\/www.accuratereviews.com\/wp-content\/uploads\/2016\/07\/slack-1024x547.png 1024w, https:\/\/www.accuratereviews.com\/wp-content\/uploads\/2016\/07\/slack-234x125.png 234w, https:\/\/www.accuratereviews.com\/wp-content\/uploads\/2016\/07\/slack-50x27.png 50w, https:\/\/www.accuratereviews.com\/wp-content\/uploads\/2016\/07\/slack-968x517.png 968w, https:\/\/www.accuratereviews.com\/wp-content\/uploads\/2016\/07\/slack-636x340.png 636w, https:\/\/www.accuratereviews.com\/wp-content\/uploads\/2016\/07\/slack-320x171.png 320w, https:\/\/www.accuratereviews.com\/wp-content\/uploads\/2016\/07\/slack-239x128.png 239w\" sizes=\"auto, (max-width: 1400px) 100vw, 1400px\" \/><p id=\"caption-attachment-5282\" class=\"wp-caption-text\">Pu\u00f2 sembrare che Slack abbia poche opzioni, ma non \u00e8 cos\u00ec: come vedete, potete gestire i file del vostro team in maniera molto particolareggiata.<\/p><\/div>\n<p>L\u2019ultimo arrivato nel mondo tecnologico ultimamente \u00e8 anche uno dei pi\u00f9 famosi: <strong>Slack<\/strong>. Tutti ne parlano, tutti lo usano, e tutti hanno un\u2019opinione in merito. Innanzittutto: <strong>\u00e8 \u201csolo\u201d uno strumento per comunicare<\/strong>. Dovrete affidarvi ad altre app o servizi per poter lavorare efficacemente, a meno che non vi divertiate a sperimentare con le centinaia di app e integrazioni per Slack finch\u00e9 non troverete qualcosa adatto a voi. <strong>Ci sono tante app che espandono la potenza di Slack e integrano un mucchio di diverse funzionalit\u00e0<\/strong>. In pi\u00f9, Slack ha tantissime opzioni di personalizzazioni che possono migliorare notevolmente &#8211; o peggiorare &#8211; la vostra esperienza con questo strumento professionale di comunicazione: a iniziare dallo schema colori del vostro pannello di controllo, all\u2019anteprima in diretta dei link, e molto altro.<\/p>\n<p>Slack \u00e8 praticamente identico a tutte le altre app di messaggistica istantanea: <strong>c\u2019\u00e8 una finestra principale con i vostri messaggi, e una lista di contatti; c\u2019\u00e8 anche una lista di canali, ovvero chat pubbliche o private con due o pi\u00f9 persone<\/strong>. Non c\u2019\u00e8 niente di particolarmente nuovo, in questo senso: sicuramente pi\u00f9 originale \u00e8 il modo in cui Slack gestisce le notifiche, che possono essere impostate accuratamente per non disturbarvi a meno che i vostri colleghi non vi menzionino esplicitamente, per esempio.<\/p>\n<p>Di default, <strong>Slack crea due canali, \u201cGeneral\u201d e \u201cRandom\u201d<\/strong>. Chiunque si unisca al vostro gruppo verr\u00e0 aggiunto in automatico a questi canali. <strong>Non potete togliere nessuno da qui<\/strong>: sono, rispettivamente, il canale delle comunicazioni ufficiali e dove il gruppo pu\u00f2 parlare di cose non importanti e frivole. Potete creare altri canali, ovviamente, e impostarli come privati (cos\u00ec che nessuno possa unirsi senza un invito esplicito). <strong>I messaggi diretti con i vostri colleghi sono privati<\/strong>, di default, di modo che nessuno possa accedere alle vostre conversazioni se non il legittimo destinatario.<\/p>\n<div id=\"attachment_5284\" style=\"width: 1170px\" class=\"wp-caption alignright\"><img loading=\"lazy\" decoding=\"async\" aria-describedby=\"caption-attachment-5284\" class=\"size-full wp-image-5284\" src=\"http:\/\/www.accuratereviews.com\/wp-content\/uploads\/2016\/07\/slack-and-trello.png\" alt=\"Trello is but one of the many Slack integrations you can find.\" width=\"1160\" height=\"360\" srcset=\"https:\/\/www.accuratereviews.com\/wp-content\/uploads\/2016\/07\/slack-and-trello.png 1160w, https:\/\/www.accuratereviews.com\/wp-content\/uploads\/2016\/07\/slack-and-trello-300x93.png 300w, https:\/\/www.accuratereviews.com\/wp-content\/uploads\/2016\/07\/slack-and-trello-768x238.png 768w, https:\/\/www.accuratereviews.com\/wp-content\/uploads\/2016\/07\/slack-and-trello-1024x318.png 1024w, https:\/\/www.accuratereviews.com\/wp-content\/uploads\/2016\/07\/slack-and-trello-260x81.png 260w, https:\/\/www.accuratereviews.com\/wp-content\/uploads\/2016\/07\/slack-and-trello-50x16.png 50w, https:\/\/www.accuratereviews.com\/wp-content\/uploads\/2016\/07\/slack-and-trello-968x300.png 968w, https:\/\/www.accuratereviews.com\/wp-content\/uploads\/2016\/07\/slack-and-trello-636x197.png 636w, https:\/\/www.accuratereviews.com\/wp-content\/uploads\/2016\/07\/slack-and-trello-320x99.png 320w, https:\/\/www.accuratereviews.com\/wp-content\/uploads\/2016\/07\/slack-and-trello-239x74.png 239w\" sizes=\"auto, (max-width: 1160px) 100vw, 1160px\" \/><p id=\"caption-attachment-5284\" class=\"wp-caption-text\">Trello \u00e8 una delle tante integrazioni che potete fare a Slack.<\/p><\/div>\n<p><strong>Sfortunatamente, non c\u2019\u00e8 molto altro<\/strong>. Dovrete sfogliare le integrazioni di Slack e i vari bot per usarlo in maniera diversa. D\u2019altro canto, <strong>le app e i bot aumentano davvero la capacit\u00e0 di Slack di aiutarvi a lavorare in maniera nuova e pi\u00f9 efficace<\/strong>. Un paio di esempi: potete integrare Google Analytics direttamente in uno dei vostri canali grazie a un semplice comando che uno dei bot di Slack interpreter\u00e0 correttamente. Potrete creare un nuovo canale per discutere specificatamente di una nuova proposta e chiuderlo automaticamente una volta che si \u00e8 arrivati a una decisione, con pochi comandi. \u00c8 interessante notare come Slack sia una startup sostenuta da investitori: utlimamente <strong>stanno riutilizzando parte dei loro soldi per finanziare il loro stesso ecosistema, investendo due milioni di dollari in pi\u00f9 di una dozzina di startup basate su Slack<\/strong>. \u00c8 una maniera molto intelligente per sostenere il proprio business.<\/p>\n<p>Anche se Slack ci piace molto, ci sono un paio di cose negative, a cominciare dalla possibilit\u00e0 di espandere il software. <strong>Potreste sprecare molto tempo per cercare, testare e usare le infinite app e bot che potreste voler installare<\/strong>. E inoltre, come in qualsiasi sistema in stile chat, <strong>\u00e8 facilissimo perdere il controllo delle cose serie<\/strong>, anche se Slack cerca di prevenire qualsiasi situazione caotica con il canale \u201cRandom\u201d. Potreste dover richiamare all\u2019ordine i vostri colleghi pi\u00f9 \u201cdispersivi\u201d.<\/p>\n","protected":false},"excerpt":{"rendered":"<p>L\u2019ultimo arrivato nel mondo tecnologico ultimamente \u00e8 anche uno dei pi\u00f9 famosi: Slack. Tutti ne parlano, tutti lo usano, e tutti hanno un\u2019opinione in merito. Innanzittutto: \u00e8 \u201csolo\u201d uno strumento per comunicare. Dovrete affidarvi ad altre app o servizi per poter lavorare efficacemente&#8230;<\/p>\n","protected":false},"author":16,"featured_media":75074,"parent":5386,"menu_order":0,"comment_status":"open","ping_status":"closed","template":"g1_template_page_review_new.php","meta":{"_acf_changed":false,"cwp_meta_box_check":"Yes","cwp_rev_product_name":"","cwp_rev_product_image":"","wppr_links":[],"cwp_rev_price":"","wppr_options":[{"name":"Usabilit\u00e0","value":"0"},{"name":"Velocit\u00e0","value":"0"},{"name":"Funzioni","value":"0"},{"name":"Supporto","value":"0"},{"name":"Prezzo","value":"0"}],"wppr_pros":["","","","",""],"wppr_cons":["","","","",""],"_monsterinsights_skip_tracking":false,"_monsterinsights_sitenote_active":false,"_monsterinsights_sitenote_note":"","_monsterinsights_sitenote_category":0,"footnotes":""},"categories":[95],"tags":[836,835,834,833],"features":[],"class_list":{"0":"post-5384","1":"page","2":"type-page","3":"status-publish","4":"has-post-thumbnail","6":"category-chat-im","7":"tag-messaggi-privati","8":"tag-programma-chat","9":"tag-software-chat","10":"tag-strumento-per-comunicare"},"wppr_data":{"cwp_meta_box_check":"Yes","cwp_rev_product_name":"","_wppr_review_template":"default","cwp_rev_product_image":"","cwp_image_link":"image","wppr_links":[],"cwp_rev_price":"","wppr_pros":["","","","",""],"wppr_cons":["","","","",""],"wppr_rating":"0.00","wppr_options":{"1":{"name":"Usabilit\u00e0","value":"0"},"2":{"name":"Velocit\u00e0","value":"0"},"3":{"name":"Funzioni","value":"0"},"4":{"name":"Supporto","value":"0"},"5":{"name":"Prezzo","value":"0"}},"wppr_review_type":"Product","wppr_review_custom_fields":{"additionalProperty":"","additionalType":"","aggregateRating":"","alternateName":"","audience":"","award":"","awards":"","brand":"","color":"","depth":"","description":"","disambiguatingDescription":"","gtin12":"","gtin13":"","gtin14":"","gtin8":"","height":"","identifier":"","image":"","isAccessoryOrSparePartFor":"","isConsumableFor":"","isRelatedTo":"","isSimilarTo":"","itemCondition":"","logo":"","mainEntityOfPage":"","manufacturer":"","material":"","model":"","mpn":"","name":"","offers":"","potentialAction":"","productID":"","productionDate":"","purchaseDate":"","releaseDate":"","review":"","reviews":"","sameAs":"","sku":"","slogan":"","subjectOf":"","url":"","weight":"","width":""}},"acf":[],"yoast_head":"<!-- This site is optimized with the Yoast SEO plugin v27.4 - https:\/\/yoast.com\/product\/yoast-seo-wordpress\/ -->\n<title>Slack recensione miglior servizio di chat | Accurate Reviews<\/title>\n<meta name=\"description\" content=\"L\u2019ultimo arrivato nel mondo tecnologico ultimamente \u00e8 anche uno dei pi\u00f9 famosi: Slack. Tutti ne parlano, tutti lo usano...\" \/>\n<meta name=\"robots\" content=\"index, follow, max-snippet:-1, max-image-preview:large, max-video-preview:-1\" \/>\n<link rel=\"canonical\" href=\"https:\/\/www.accuratereviews.com\/it\/chat-i-migliori-im-lista\/slack\/\" \/>\n<meta property=\"og:locale\" content=\"it_IT\" \/>\n<meta property=\"og:type\" content=\"article\" \/>\n<meta property=\"og:title\" content=\"Slack recensione miglior servizio di chat | Accurate Reviews\" \/>\n<meta property=\"og:description\" content=\"L\u2019ultimo arrivato nel mondo tecnologico ultimamente \u00e8 anche uno dei pi\u00f9 famosi: Slack. Tutti ne parlano, tutti lo usano...\" \/>\n<meta property=\"og:url\" content=\"https:\/\/www.accuratereviews.com\/it\/chat-i-migliori-im-lista\/slack\/\" \/>\n<meta property=\"og:site_name\" content=\"Accurate Reviews\" \/>\n<meta property=\"article:modified_time\" content=\"2024-03-11T10:05:35+00:00\" \/>\n<meta property=\"og:image\" content=\"https:\/\/www.accuratereviews.com\/wp-content\/uploads\/2024\/03\/07td46ju7p6lLVb0QGwc5VF-6.webp\" \/>\n\t<meta property=\"og:image:width\" content=\"810\" \/>\n\t<meta property=\"og:image:height\" content=\"456\" \/>\n\t<meta property=\"og:image:type\" content=\"image\/webp\" \/>\n<meta name=\"twitter:card\" content=\"summary_large_image\" \/>\n<meta name=\"twitter:label1\" content=\"Tempo di lettura stimato\" \/>\n\t<meta name=\"twitter:data1\" content=\"5 minuti\" \/>\n<script type=\"application\/ld+json\" class=\"yoast-schema-graph\">{\"@context\":\"https:\\\/\\\/schema.org\",\"@graph\":[{\"@type\":\"WebPage\",\"@id\":\"https:\\\/\\\/www.accuratereviews.com\\\/it\\\/chat-i-migliori-im-lista\\\/slack\\\/\",\"url\":\"https:\\\/\\\/www.accuratereviews.com\\\/it\\\/chat-i-migliori-im-lista\\\/slack\\\/\",\"name\":\"Slack recensione miglior servizio di chat | Accurate Reviews\",\"isPartOf\":{\"@id\":\"https:\\\/\\\/www.accuratereviews.com\\\/it\\\/#website\"},\"primaryImageOfPage\":{\"@id\":\"https:\\\/\\\/www.accuratereviews.com\\\/it\\\/chat-i-migliori-im-lista\\\/slack\\\/#primaryimage\"},\"image\":{\"@id\":\"https:\\\/\\\/www.accuratereviews.com\\\/it\\\/chat-i-migliori-im-lista\\\/slack\\\/#primaryimage\"},\"thumbnailUrl\":\"https:\\\/\\\/www.accuratereviews.com\\\/wp-content\\\/uploads\\\/2024\\\/03\\\/07td46ju7p6lLVb0QGwc5VF-6.webp\",\"datePublished\":\"2016-07-20T15:41:04+00:00\",\"dateModified\":\"2024-03-11T10:05:35+00:00\",\"description\":\"L\u2019ultimo arrivato nel mondo tecnologico ultimamente \u00e8 anche uno dei pi\u00f9 famosi: Slack. Tutti ne parlano, tutti lo usano...\",\"breadcrumb\":{\"@id\":\"https:\\\/\\\/www.accuratereviews.com\\\/it\\\/chat-i-migliori-im-lista\\\/slack\\\/#breadcrumb\"},\"inLanguage\":\"it-IT\",\"potentialAction\":[{\"@type\":\"ReadAction\",\"target\":[\"https:\\\/\\\/www.accuratereviews.com\\\/it\\\/chat-i-migliori-im-lista\\\/slack\\\/\"]}]},{\"@type\":\"ImageObject\",\"inLanguage\":\"it-IT\",\"@id\":\"https:\\\/\\\/www.accuratereviews.com\\\/it\\\/chat-i-migliori-im-lista\\\/slack\\\/#primaryimage\",\"url\":\"https:\\\/\\\/www.accuratereviews.com\\\/wp-content\\\/uploads\\\/2024\\\/03\\\/07td46ju7p6lLVb0QGwc5VF-6.webp\",\"contentUrl\":\"https:\\\/\\\/www.accuratereviews.com\\\/wp-content\\\/uploads\\\/2024\\\/03\\\/07td46ju7p6lLVb0QGwc5VF-6.webp\",\"width\":810,\"height\":456},{\"@type\":\"BreadcrumbList\",\"@id\":\"https:\\\/\\\/www.accuratereviews.com\\\/it\\\/chat-i-migliori-im-lista\\\/slack\\\/#breadcrumb\",\"itemListElement\":[{\"@type\":\"ListItem\",\"position\":1,\"name\":\"Home\",\"item\":\"https:\\\/\\\/www.accuratereviews.com\\\/it\\\/\"},{\"@type\":\"ListItem\",\"position\":2,\"name\":\"Chat: I migliori IM\",\"item\":\"https:\\\/\\\/www.accuratereviews.com\\\/it\\\/chat-i-migliori-im-lista\\\/\"},{\"@type\":\"ListItem\",\"position\":3,\"name\":\"Slack\"}]},{\"@type\":\"WebSite\",\"@id\":\"https:\\\/\\\/www.accuratereviews.com\\\/it\\\/#website\",\"url\":\"https:\\\/\\\/www.accuratereviews.com\\\/it\\\/\",\"name\":\"Accurate Reviews\",\"description\":\"\",\"potentialAction\":[{\"@type\":\"SearchAction\",\"target\":{\"@type\":\"EntryPoint\",\"urlTemplate\":\"https:\\\/\\\/www.accuratereviews.com\\\/it\\\/?s={search_term_string}\"},\"query-input\":{\"@type\":\"PropertyValueSpecification\",\"valueRequired\":true,\"valueName\":\"search_term_string\"}}],\"inLanguage\":\"it-IT\"}]}<\/script>\n<!-- \/ Yoast SEO plugin. -->","yoast_head_json":{"title":"Slack recensione miglior servizio di chat | Accurate Reviews","description":"L\u2019ultimo arrivato nel mondo tecnologico ultimamente \u00e8 anche uno dei pi\u00f9 famosi: Slack. Tutti ne parlano, tutti lo usano...","robots":{"index":"index","follow":"follow","max-snippet":"max-snippet:-1","max-image-preview":"max-image-preview:large","max-video-preview":"max-video-preview:-1"},"canonical":"https:\/\/www.accuratereviews.com\/it\/chat-i-migliori-im-lista\/slack\/","og_locale":"it_IT","og_type":"article","og_title":"Slack recensione miglior servizio di chat | Accurate Reviews","og_description":"L\u2019ultimo arrivato nel mondo tecnologico ultimamente \u00e8 anche uno dei pi\u00f9 famosi: Slack. Tutti ne parlano, tutti lo usano...","og_url":"https:\/\/www.accuratereviews.com\/it\/chat-i-migliori-im-lista\/slack\/","og_site_name":"Accurate Reviews","article_modified_time":"2024-03-11T10:05:35+00:00","og_image":[{"width":810,"height":456,"url":"https:\/\/www.accuratereviews.com\/wp-content\/uploads\/2024\/03\/07td46ju7p6lLVb0QGwc5VF-6.webp","type":"image\/webp"}],"twitter_card":"summary_large_image","twitter_misc":{"Tempo di lettura stimato":"5 minuti"},"schema":{"@context":"https:\/\/schema.org","@graph":[{"@type":"WebPage","@id":"https:\/\/www.accuratereviews.com\/it\/chat-i-migliori-im-lista\/slack\/","url":"https:\/\/www.accuratereviews.com\/it\/chat-i-migliori-im-lista\/slack\/","name":"Slack recensione miglior servizio di chat | Accurate Reviews","isPartOf":{"@id":"https:\/\/www.accuratereviews.com\/it\/#website"},"primaryImageOfPage":{"@id":"https:\/\/www.accuratereviews.com\/it\/chat-i-migliori-im-lista\/slack\/#primaryimage"},"image":{"@id":"https:\/\/www.accuratereviews.com\/it\/chat-i-migliori-im-lista\/slack\/#primaryimage"},"thumbnailUrl":"https:\/\/www.accuratereviews.com\/wp-content\/uploads\/2024\/03\/07td46ju7p6lLVb0QGwc5VF-6.webp","datePublished":"2016-07-20T15:41:04+00:00","dateModified":"2024-03-11T10:05:35+00:00","description":"L\u2019ultimo arrivato nel mondo tecnologico ultimamente \u00e8 anche uno dei pi\u00f9 famosi: Slack. Tutti ne parlano, tutti lo usano...","breadcrumb":{"@id":"https:\/\/www.accuratereviews.com\/it\/chat-i-migliori-im-lista\/slack\/#breadcrumb"},"inLanguage":"it-IT","potentialAction":[{"@type":"ReadAction","target":["https:\/\/www.accuratereviews.com\/it\/chat-i-migliori-im-lista\/slack\/"]}]},{"@type":"ImageObject","inLanguage":"it-IT","@id":"https:\/\/www.accuratereviews.com\/it\/chat-i-migliori-im-lista\/slack\/#primaryimage","url":"https:\/\/www.accuratereviews.com\/wp-content\/uploads\/2024\/03\/07td46ju7p6lLVb0QGwc5VF-6.webp","contentUrl":"https:\/\/www.accuratereviews.com\/wp-content\/uploads\/2024\/03\/07td46ju7p6lLVb0QGwc5VF-6.webp","width":810,"height":456},{"@type":"BreadcrumbList","@id":"https:\/\/www.accuratereviews.com\/it\/chat-i-migliori-im-lista\/slack\/#breadcrumb","itemListElement":[{"@type":"ListItem","position":1,"name":"Home","item":"https:\/\/www.accuratereviews.com\/it\/"},{"@type":"ListItem","position":2,"name":"Chat: I migliori IM","item":"https:\/\/www.accuratereviews.com\/it\/chat-i-migliori-im-lista\/"},{"@type":"ListItem","position":3,"name":"Slack"}]},{"@type":"WebSite","@id":"https:\/\/www.accuratereviews.com\/it\/#website","url":"https:\/\/www.accuratereviews.com\/it\/","name":"Accurate Reviews","description":"","potentialAction":[{"@type":"SearchAction","target":{"@type":"EntryPoint","urlTemplate":"https:\/\/www.accuratereviews.com\/it\/?s={search_term_string}"},"query-input":{"@type":"PropertyValueSpecification","valueRequired":true,"valueName":"search_term_string"}}],"inLanguage":"it-IT"}]}},"_links":{"self":[{"href":"https:\/\/www.accuratereviews.com\/it\/wp-json\/wp\/v2\/pages\/5384","targetHints":{"allow":["GET"]}}],"collection":[{"href":"https:\/\/www.accuratereviews.com\/it\/wp-json\/wp\/v2\/pages"}],"about":[{"href":"https:\/\/www.accuratereviews.com\/it\/wp-json\/wp\/v2\/types\/page"}],"author":[{"embeddable":true,"href":"https:\/\/www.accuratereviews.com\/it\/wp-json\/wp\/v2\/users\/16"}],"replies":[{"embeddable":true,"href":"https:\/\/www.accuratereviews.com\/it\/wp-json\/wp\/v2\/comments?post=5384"}],"version-history":[{"count":16,"href":"https:\/\/www.accuratereviews.com\/it\/wp-json\/wp\/v2\/pages\/5384\/revisions"}],"predecessor-version":[{"id":75073,"href":"https:\/\/www.accuratereviews.com\/it\/wp-json\/wp\/v2\/pages\/5384\/revisions\/75073"}],"up":[{"embeddable":true,"href":"https:\/\/www.accuratereviews.com\/it\/wp-json\/wp\/v2\/pages\/5386"}],"wp:featuredmedia":[{"embeddable":true,"href":"https:\/\/www.accuratereviews.com\/it\/wp-json\/wp\/v2\/media\/75074"}],"wp:attachment":[{"href":"https:\/\/www.accuratereviews.com\/it\/wp-json\/wp\/v2\/media?parent=5384"}],"wp:term":[{"taxonomy":"category","embeddable":true,"href":"https:\/\/www.accuratereviews.com\/it\/wp-json\/wp\/v2\/categories?post=5384"},{"taxonomy":"post_tag","embeddable":true,"href":"https:\/\/www.accuratereviews.com\/it\/wp-json\/wp\/v2\/tags?post=5384"},{"taxonomy":"features","embeddable":true,"href":"https:\/\/www.accuratereviews.com\/it\/wp-json\/wp\/v2\/features?post=5384"}],"curies":[{"name":"wp","href":"https:\/\/api.w.org\/{rel}","templated":true}]}}