{"id":53860,"date":"2022-02-17T11:35:35","date_gmt":"2022-02-17T11:35:35","guid":{"rendered":"https:\/\/www.accuratereviews.com\/?page_id=53860"},"modified":"2022-02-17T11:35:35","modified_gmt":"2022-02-17T11:35:35","slug":"autopilot-recensione","status":"publish","type":"page","link":"https:\/\/www.accuratereviews.com\/it\/software-gestione-accurata-dati\/autopilot-recensione\/","title":{"rendered":"Autopilot"},"content":{"rendered":"<p><strong>Autopilot \u00e8 un software di gestione dei dati <\/strong>che ti consente di attivare attivit\u00e0 di marketing in base al comportamento e agli eventi degli utenti, come l&#8217;aggiornamento dell&#8217;elenco dei contatti e l&#8217;invio di un&#8217;email personalizzata una volta inviato un modulo. Questo ti permetter\u00e0 di coinvolgere i tuoi clienti e i tuoi contatti con il messaggio giusto, al momento giusto, sul canale giusto. \u00c8 un approccio sistematico per trasformare i tuoi contatti in clienti paganti. Si integra anche con Salesforce CRM e altre app di terze parti come Zapier, Slack, Segment e Twilio per consolidare tutte le informazioni di contatto, l&#8217;automazione del marketing e i dati in un unico sistema, dandoti la libert\u00e0 di continuare a utilizzare le migliori app che gi\u00e0 hai usi e ami.\u00a0<strong>Autopilot<\/strong> viene fornito con approfondimenti e analisi avanzati, inclusi i rapporti lead-to-close integrati che ti offrono una comprensione visiva della tua canalizzazione di marketing in ogni momento<\/p>\n<h2>AUTOPILOT &#8211; TUTORIAL<\/h2>\n<p>Guardiamo come integrare questo<strong> programma di gestione dei dati<\/strong> con Mailchimp:<\/p>\n<div id=\"fluid-wrapper-counter-1\" class=\"g1-fluid-wrapper \" style=\"width:686px;\">\n<div style=\"padding-bottom:56.268221574344%;\"><iframe loading=\"lazy\" title=\"Autopilot + Mailchimp - make your email marketing 1000% better\" width=\"686\" height=\"386\" src=\"https:\/\/www.youtube.com\/embed\/M9OpXUse3yU?feature=oembed&amp;wmode=transparent&amp;autohide=1&amp;autoplay=0&amp;disablekb=0&amp;fs=1&amp;loop=0&amp;enablejsapi=1&amp;rel=0&amp;controls=2&amp;showinfo=0&amp;wmode=transparent&amp;autohide=2&amp;autoplay=0&amp;disablekb=0&amp;fs=1&amp;loop=0&amp;enablejsapi=1&amp;rel=0&amp;controls=2&amp;showinfo=1\" frameborder=\"0\" allow=\"accelerometer; autoplay; clipboard-write; encrypted-media; gyroscope; picture-in-picture\" allowfullscreen><\/iframe><\/div>\n<\/div>\n<h3>AUTOPILOT &#8211; CARATTERISTICHE<\/h3>\n<ul>\n<li><strong>Collega facilmente i dati dei tuoi clienti<\/strong>: unifica i dati dei tuoi clienti connettendoti a tutte le tue origini dati senza scrivere una riga di codice. Le integrazioni predefinite ti consentono di eseguire la configurazione in pochi minuti<\/li>\n<li><strong>Tieni traccia delle attivit\u00e0 dei clienti che contano<\/strong>: tieni traccia di tutti i comportamenti e le transazioni importanti dei clienti durante tutto il ciclo di vita. Segmenta e personalizza in base all&#8217;attivit\u00e0 del cliente<\/li>\n<li><strong>Connetti origini dati personalizzate<\/strong>: collega facilmente un&#8217;origine dati personalizzata al tuo CDP e sblocca i tuoi dati da qualsiasi fonte utilizzando l&#8217;Api del software<\/li>\n<li><strong>Crea attivit\u00e0 personalizzate<\/strong>: aggiungi attivit\u00e0 personalizzate per rappresentare importanti comportamenti dei clienti e transazioni che desideri monitorare<\/li>\n<li><strong>Profilo cliente unificato<\/strong>: visualizza tutti i dati dei tuoi clienti su un unico profilo. Sblocca la visibilit\u00e0 completa sui tuoi clienti per creare un&#8217;esperienza unica e personalizzata<\/li>\n<li><strong>Segmenta tutti i dati dei tuoi clienti<\/strong>: comprendi i tuoi clienti oltre i campi di un database. Segmenta facilmente dati demografici, firmografici, geografici, comportamentali e transazionali<\/li>\n<li><strong>Indirizza e fai crescere il pubblico giusto:<\/strong> rivolgiti al pubblico pi\u00f9 importante durante tutto il ciclo di vita del cliente. Attiva e fai crescere il tuo pubblico con campagne di marketing multicanale.<\/li>\n<li><strong>Report su tutti i dati dei tuoi clienti:<\/strong> con il potere di creare report su tutti i dati dei tuoi clienti, puoi creare report su qualsiasi cosa, dall&#8217;attivit\u00e0 del sito web, all&#8217;attivit\u00e0 del prodotto, alle nuove vendite<\/li>\n<li><strong>Tutte le tue metriche su un&#8217;unica dashboard<\/strong>: avere tutti i dati dei tuoi clienti in un unico posto significa tutte le tue metriche importanti su un&#8217;unica dashboard. Ottieni una visione completa del percorso del cliente<\/li>\n<li><strong>Marketing<\/strong>: definisci il pubblico di destinazione durante tutto il ciclo di vita del cliente e personalizza le campagne di marketing. Guarda l&#8217;impatto del marketing sulle entrate<\/li>\n<li><strong>Analisi<\/strong>: utilizza potenti report e analisi per comprendere i clienti, rispondere a domande difficili e creare report sulle principali metriche aziendali<\/li>\n<li><strong>IT e sviluppatori<\/strong>: consenti ai team di tutta l&#8217;organizzazione di accedere ai dati dei clienti con autorizzazioni definite. Usa le API per l&#8217;integrazione.<\/li>\n<\/ul>\n<h4>LE RECENSIONI DEGLI UTENTI<\/h4>\n<p class=\"font-weight-bold mb-2\"><strong>Adrien W.&#8221;Buon strumento ma alcune cose da migliorare&#8221;<\/strong><\/p>\n<p><span class=\"font-weight-bold\"><strong>Commenti<\/strong>: <\/span>Il pilota automatico \u00e8 stato un buon strumento da usare ma abbiamo avuto troppi problemi con lo strumento. Ci sono state molte disconnessioni con Pipedrive. Le funzionalit\u00e0 di posta elettronica non sono eccezionali.<\/p>\n<p class=\"font-weight-bold mb-2\"><strong>Pro<\/strong>:\u00a0Mi piace la semplicit\u00e0 e il design dello strumento. \u00c8 molto facile da capire e da configurare. Ci sono molte connessioni con altre piattaforme come Google Ads Facebook e CRM.<\/p>\n<p class=\"font-weight-bold mb-2\"><strong>Contro<\/strong>:\u00a0Non mi piace il modello di prezzo, \u00e8 piuttosto costoso. Stai attento. E la connettivit\u00e0 con Pipedrive non \u00e8 molto buona.<\/p>\n<p class=\"font-weight-bold mb-2\"><strong>Nivas R.&#8221;Ottimo software di automazione del marketing visivo&#8221;<\/strong><\/p>\n<p class=\"font-weight-bold mb-2\"><strong>Pro<\/strong>:\u00a0Visual Journey Builder di Autopilot \u00e8 semplicissimo e facile da usare. I fattori scatenanti e le condizioni sono ben differenziati, rendendolo facile da spiegare anche agli altri. Il team \u00e8 stato anche molto utile nel risolvere le sfide critiche.<\/p>\n<p class=\"font-weight-bold mb-2\"><strong>Contro<\/strong>:\u00a0Il software ha bisogno di pi\u00f9 integrazioni per essere costruito. In questo momento si integrano con un numero molto limitato di applicazioni che pu\u00f2 essere una sfida per la sincronizzazione dei dati tra piattaforme.<\/p>\n<p class=\"font-weight-bold mb-2\"><strong>Alegra S.&#8221;Facilit\u00e0 di Autopilot&#8221;<\/strong><\/p>\n<p><span class=\"font-weight-bold\"><strong>Commenti<\/strong>: <\/span>Autopilot \u00e8 un software molto facile da usare. \u00c8 facile da imparare e da usare.<\/p>\n<p class=\"font-weight-bold mb-2\"><strong>Pro<\/strong>:\u00a0Mi piace la facilit\u00e0 d&#8217;uso con questo software. \u00c8 facile passare da un formato di ricerca all&#8217;altro e trovare clienti.<\/p>\n<p class=\"font-weight-bold mb-2\"><strong>Contro<\/strong>:\u00a0Il software pu\u00f2 essere lento a volte ed \u00e8 necessario riavviare il sistema in modo che possa risolversi da solo e si blocchi.<\/p>\n","protected":false},"excerpt":{"rendered":"<p>Autopilot, soluzione di gestione dei dati, che ti consente di attivare attivit\u00e0 di marketing in base al comportamento e agli eventi degli utenti, come l&#8217;aggiornamento dell&#8217;elenco dei contatti e l&#8217;invio di un&#8217;email personalizzata una volta inviato un modulo. Questo ti permetter\u00e0 di coinvolgere i tuoi clienti e i tuoi contatti con il messaggio giusto, al momento giusto, sul canale giusto.<\/p>\n","protected":false},"author":16,"featured_media":53861,"parent":53694,"menu_order":0,"comment_status":"open","ping_status":"closed","template":"g1_template_page_review_new.php","meta":{"_acf_changed":false,"cwp_meta_box_check":"No","cwp_rev_product_name":"","cwp_rev_product_image":"","wppr_links":[],"cwp_rev_price":"","wppr_options":[],"wppr_pros":[],"wppr_cons":[],"_monsterinsights_skip_tracking":false,"_monsterinsights_sitenote_active":false,"_monsterinsights_sitenote_note":"","_monsterinsights_sitenote_category":0,"footnotes":""},"categories":[12005],"tags":[1554,12094,12093,12091,12092],"features":[],"class_list":{"0":"post-53860","1":"page","2":"type-page","3":"status-publish","4":"has-post-thumbnail","6":"category-software-gestione-accurata-dati-cat","7":"tag-autopilot","8":"tag-piattaforma-per-gestire-dati","9":"tag-programma-per-gestire-dati","10":"tag-software-per-gestire-dati","11":"tag-soluzione-per-gestire-dati"},"wppr_data":{"cwp_meta_box_check":"No"},"acf":[],"yoast_head":"<!-- This site is optimized with the Yoast SEO plugin v27.4 - https:\/\/yoast.com\/product\/yoast-seo-wordpress\/ -->\n<title>Autopilot: recensione software per gestione dati - Accurate Reviews<\/title>\n<meta name=\"description\" content=\"Autopilot: recensione soluzione di gestione dei dati, che ti consente di attivare attivit\u00e0 di marketing in base al comportamento degli utenti\" \/>\n<meta name=\"robots\" content=\"index, follow, max-snippet:-1, max-image-preview:large, max-video-preview:-1\" \/>\n<link rel=\"canonical\" href=\"https:\/\/www.accuratereviews.com\/it\/software-gestione-accurata-dati\/autopilot-recensione\/\" \/>\n<meta property=\"og:locale\" content=\"it_IT\" \/>\n<meta property=\"og:type\" content=\"article\" \/>\n<meta property=\"og:title\" content=\"Autopilot: recensione software per gestione dati - Accurate Reviews\" \/>\n<meta property=\"og:description\" content=\"Autopilot: recensione soluzione di gestione dei dati, che ti consente di attivare attivit\u00e0 di marketing in base al comportamento degli utenti\" \/>\n<meta property=\"og:url\" content=\"https:\/\/www.accuratereviews.com\/it\/software-gestione-accurata-dati\/autopilot-recensione\/\" \/>\n<meta property=\"og:site_name\" content=\"Accurate Reviews\" \/>\n<meta property=\"og:image\" content=\"https:\/\/www.accuratereviews.com\/wp-content\/uploads\/2022\/02\/autopilot_dribbble_4x.webp\" \/>\n\t<meta property=\"og:image:width\" content=\"1600\" \/>\n\t<meta property=\"og:image:height\" content=\"1200\" \/>\n\t<meta property=\"og:image:type\" content=\"image\/webp\" \/>\n<meta name=\"twitter:card\" content=\"summary_large_image\" \/>\n<meta name=\"twitter:label1\" content=\"Tempo di lettura stimato\" \/>\n\t<meta name=\"twitter:data1\" content=\"5 minuti\" \/>\n<script type=\"application\/ld+json\" class=\"yoast-schema-graph\">{\"@context\":\"https:\\\/\\\/schema.org\",\"@graph\":[{\"@type\":\"WebPage\",\"@id\":\"https:\\\/\\\/www.accuratereviews.com\\\/it\\\/software-gestione-accurata-dati\\\/autopilot-recensione\\\/\",\"url\":\"https:\\\/\\\/www.accuratereviews.com\\\/it\\\/software-gestione-accurata-dati\\\/autopilot-recensione\\\/\",\"name\":\"Autopilot: recensione software per gestione dati - Accurate Reviews\",\"isPartOf\":{\"@id\":\"https:\\\/\\\/www.accuratereviews.com\\\/it\\\/#website\"},\"primaryImageOfPage\":{\"@id\":\"https:\\\/\\\/www.accuratereviews.com\\\/it\\\/software-gestione-accurata-dati\\\/autopilot-recensione\\\/#primaryimage\"},\"image\":{\"@id\":\"https:\\\/\\\/www.accuratereviews.com\\\/it\\\/software-gestione-accurata-dati\\\/autopilot-recensione\\\/#primaryimage\"},\"thumbnailUrl\":\"https:\\\/\\\/www.accuratereviews.com\\\/wp-content\\\/uploads\\\/2022\\\/02\\\/autopilot_dribbble_4x.webp\",\"datePublished\":\"2022-02-17T11:35:35+00:00\",\"description\":\"Autopilot: recensione soluzione di gestione dei dati, che ti consente di attivare attivit\u00e0 di marketing in base al comportamento degli utenti\",\"breadcrumb\":{\"@id\":\"https:\\\/\\\/www.accuratereviews.com\\\/it\\\/software-gestione-accurata-dati\\\/autopilot-recensione\\\/#breadcrumb\"},\"inLanguage\":\"it-IT\",\"potentialAction\":[{\"@type\":\"ReadAction\",\"target\":[\"https:\\\/\\\/www.accuratereviews.com\\\/it\\\/software-gestione-accurata-dati\\\/autopilot-recensione\\\/\"]}]},{\"@type\":\"ImageObject\",\"inLanguage\":\"it-IT\",\"@id\":\"https:\\\/\\\/www.accuratereviews.com\\\/it\\\/software-gestione-accurata-dati\\\/autopilot-recensione\\\/#primaryimage\",\"url\":\"https:\\\/\\\/www.accuratereviews.com\\\/wp-content\\\/uploads\\\/2022\\\/02\\\/autopilot_dribbble_4x.webp\",\"contentUrl\":\"https:\\\/\\\/www.accuratereviews.com\\\/wp-content\\\/uploads\\\/2022\\\/02\\\/autopilot_dribbble_4x.webp\",\"width\":1600,\"height\":1200},{\"@type\":\"BreadcrumbList\",\"@id\":\"https:\\\/\\\/www.accuratereviews.com\\\/it\\\/software-gestione-accurata-dati\\\/autopilot-recensione\\\/#breadcrumb\",\"itemListElement\":[{\"@type\":\"ListItem\",\"position\":1,\"name\":\"Home\",\"item\":\"https:\\\/\\\/www.accuratereviews.com\\\/it\\\/\"},{\"@type\":\"ListItem\",\"position\":2,\"name\":\"Software per la gestione accurata dei dati\",\"item\":\"https:\\\/\\\/www.accuratereviews.com\\\/it\\\/software-gestione-accurata-dati\\\/\"},{\"@type\":\"ListItem\",\"position\":3,\"name\":\"Autopilot\"}]},{\"@type\":\"WebSite\",\"@id\":\"https:\\\/\\\/www.accuratereviews.com\\\/it\\\/#website\",\"url\":\"https:\\\/\\\/www.accuratereviews.com\\\/it\\\/\",\"name\":\"Accurate Reviews\",\"description\":\"\",\"potentialAction\":[{\"@type\":\"SearchAction\",\"target\":{\"@type\":\"EntryPoint\",\"urlTemplate\":\"https:\\\/\\\/www.accuratereviews.com\\\/it\\\/?s={search_term_string}\"},\"query-input\":{\"@type\":\"PropertyValueSpecification\",\"valueRequired\":true,\"valueName\":\"search_term_string\"}}],\"inLanguage\":\"it-IT\"}]}<\/script>\n<!-- \/ Yoast SEO plugin. -->","yoast_head_json":{"title":"Autopilot: recensione software per gestione dati - Accurate Reviews","description":"Autopilot: recensione soluzione di gestione dei dati, che ti consente di attivare attivit\u00e0 di marketing in base al comportamento degli utenti","robots":{"index":"index","follow":"follow","max-snippet":"max-snippet:-1","max-image-preview":"max-image-preview:large","max-video-preview":"max-video-preview:-1"},"canonical":"https:\/\/www.accuratereviews.com\/it\/software-gestione-accurata-dati\/autopilot-recensione\/","og_locale":"it_IT","og_type":"article","og_title":"Autopilot: recensione software per gestione dati - Accurate Reviews","og_description":"Autopilot: recensione soluzione di gestione dei dati, che ti consente di attivare attivit\u00e0 di marketing in base al comportamento degli utenti","og_url":"https:\/\/www.accuratereviews.com\/it\/software-gestione-accurata-dati\/autopilot-recensione\/","og_site_name":"Accurate Reviews","og_image":[{"width":1600,"height":1200,"url":"https:\/\/www.accuratereviews.com\/wp-content\/uploads\/2022\/02\/autopilot_dribbble_4x.webp","type":"image\/webp"}],"twitter_card":"summary_large_image","twitter_misc":{"Tempo di lettura stimato":"5 minuti"},"schema":{"@context":"https:\/\/schema.org","@graph":[{"@type":"WebPage","@id":"https:\/\/www.accuratereviews.com\/it\/software-gestione-accurata-dati\/autopilot-recensione\/","url":"https:\/\/www.accuratereviews.com\/it\/software-gestione-accurata-dati\/autopilot-recensione\/","name":"Autopilot: recensione software per gestione dati - Accurate Reviews","isPartOf":{"@id":"https:\/\/www.accuratereviews.com\/it\/#website"},"primaryImageOfPage":{"@id":"https:\/\/www.accuratereviews.com\/it\/software-gestione-accurata-dati\/autopilot-recensione\/#primaryimage"},"image":{"@id":"https:\/\/www.accuratereviews.com\/it\/software-gestione-accurata-dati\/autopilot-recensione\/#primaryimage"},"thumbnailUrl":"https:\/\/www.accuratereviews.com\/wp-content\/uploads\/2022\/02\/autopilot_dribbble_4x.webp","datePublished":"2022-02-17T11:35:35+00:00","description":"Autopilot: recensione soluzione di gestione dei dati, che ti consente di attivare attivit\u00e0 di marketing in base al comportamento degli utenti","breadcrumb":{"@id":"https:\/\/www.accuratereviews.com\/it\/software-gestione-accurata-dati\/autopilot-recensione\/#breadcrumb"},"inLanguage":"it-IT","potentialAction":[{"@type":"ReadAction","target":["https:\/\/www.accuratereviews.com\/it\/software-gestione-accurata-dati\/autopilot-recensione\/"]}]},{"@type":"ImageObject","inLanguage":"it-IT","@id":"https:\/\/www.accuratereviews.com\/it\/software-gestione-accurata-dati\/autopilot-recensione\/#primaryimage","url":"https:\/\/www.accuratereviews.com\/wp-content\/uploads\/2022\/02\/autopilot_dribbble_4x.webp","contentUrl":"https:\/\/www.accuratereviews.com\/wp-content\/uploads\/2022\/02\/autopilot_dribbble_4x.webp","width":1600,"height":1200},{"@type":"BreadcrumbList","@id":"https:\/\/www.accuratereviews.com\/it\/software-gestione-accurata-dati\/autopilot-recensione\/#breadcrumb","itemListElement":[{"@type":"ListItem","position":1,"name":"Home","item":"https:\/\/www.accuratereviews.com\/it\/"},{"@type":"ListItem","position":2,"name":"Software per la gestione accurata dei dati","item":"https:\/\/www.accuratereviews.com\/it\/software-gestione-accurata-dati\/"},{"@type":"ListItem","position":3,"name":"Autopilot"}]},{"@type":"WebSite","@id":"https:\/\/www.accuratereviews.com\/it\/#website","url":"https:\/\/www.accuratereviews.com\/it\/","name":"Accurate Reviews","description":"","potentialAction":[{"@type":"SearchAction","target":{"@type":"EntryPoint","urlTemplate":"https:\/\/www.accuratereviews.com\/it\/?s={search_term_string}"},"query-input":{"@type":"PropertyValueSpecification","valueRequired":true,"valueName":"search_term_string"}}],"inLanguage":"it-IT"}]}},"_links":{"self":[{"href":"https:\/\/www.accuratereviews.com\/it\/wp-json\/wp\/v2\/pages\/53860","targetHints":{"allow":["GET"]}}],"collection":[{"href":"https:\/\/www.accuratereviews.com\/it\/wp-json\/wp\/v2\/pages"}],"about":[{"href":"https:\/\/www.accuratereviews.com\/it\/wp-json\/wp\/v2\/types\/page"}],"author":[{"embeddable":true,"href":"https:\/\/www.accuratereviews.com\/it\/wp-json\/wp\/v2\/users\/16"}],"replies":[{"embeddable":true,"href":"https:\/\/www.accuratereviews.com\/it\/wp-json\/wp\/v2\/comments?post=53860"}],"version-history":[{"count":6,"href":"https:\/\/www.accuratereviews.com\/it\/wp-json\/wp\/v2\/pages\/53860\/revisions"}],"predecessor-version":[{"id":53888,"href":"https:\/\/www.accuratereviews.com\/it\/wp-json\/wp\/v2\/pages\/53860\/revisions\/53888"}],"up":[{"embeddable":true,"href":"https:\/\/www.accuratereviews.com\/it\/wp-json\/wp\/v2\/pages\/53694"}],"wp:featuredmedia":[{"embeddable":true,"href":"https:\/\/www.accuratereviews.com\/it\/wp-json\/wp\/v2\/media\/53861"}],"wp:attachment":[{"href":"https:\/\/www.accuratereviews.com\/it\/wp-json\/wp\/v2\/media?parent=53860"}],"wp:term":[{"taxonomy":"category","embeddable":true,"href":"https:\/\/www.accuratereviews.com\/it\/wp-json\/wp\/v2\/categories?post=53860"},{"taxonomy":"post_tag","embeddable":true,"href":"https:\/\/www.accuratereviews.com\/it\/wp-json\/wp\/v2\/tags?post=53860"},{"taxonomy":"features","embeddable":true,"href":"https:\/\/www.accuratereviews.com\/it\/wp-json\/wp\/v2\/features?post=53860"}],"curies":[{"name":"wp","href":"https:\/\/api.w.org\/{rel}","templated":true}]}}