{"id":53892,"date":"2022-02-17T15:46:54","date_gmt":"2022-02-17T15:46:54","guid":{"rendered":"https:\/\/www.accuratereviews.com\/?page_id=53892"},"modified":"2022-02-21T11:54:27","modified_gmt":"2022-02-21T11:54:27","slug":"grooper-recensione","status":"publish","type":"page","link":"https:\/\/www.accuratereviews.com\/it\/software-gestione-accurata-dati\/grooper-recensione\/","title":{"rendered":"Grooper"},"content":{"rendered":"<p><strong>Grooper<\/strong> \u00e8 una piattaforma intelligente per l&#8217;<strong>integrazione di documenti e dati digitali<\/strong>, sviluppata per aziende, organizzazioni, fornitori di tecnologia e servizi, di analisi e BI. Questa soluzione sfrutta una tecnologia di acquisizione ed elaborazione avanzata delle immagini che ti permette di scegliere tra\u00a0oltre 70 comandi al fine di creare la versione pi\u00f9 bella possibile del documento fisico originale per l&#8217;archiviazione. Questo \u00e8 possibile anche grazie a un\u00a0<strong>OCR<\/strong> preciso e accurato che lavora anche sui dati pi\u00f9 difficili.<\/p>\n<h2>GROOPER &#8211; TUTORIAL<\/h2>\n<div id=\"fluid-wrapper-counter-1\" class=\"g1-fluid-wrapper \" style=\"width:686px;\">\n<div style=\"padding-bottom:56.268221574344%;\"><iframe loading=\"lazy\" title=\"Document Separation with Grooper\" width=\"686\" height=\"386\" src=\"https:\/\/www.youtube.com\/embed\/iNE0BRQTftI?feature=oembed&amp;wmode=transparent&amp;autohide=1&amp;autoplay=0&amp;disablekb=0&amp;fs=1&amp;loop=0&amp;enablejsapi=1&amp;rel=0&amp;controls=2&amp;showinfo=0&amp;wmode=transparent&amp;autohide=2&amp;autoplay=0&amp;disablekb=0&amp;fs=1&amp;loop=0&amp;enablejsapi=1&amp;rel=0&amp;controls=2&amp;showinfo=1\" frameborder=\"0\" allow=\"accelerometer; autoplay; clipboard-write; encrypted-media; gyroscope; picture-in-picture\" allowfullscreen><\/iframe><\/div>\n<\/div>\n<h3>GROOPER &#8211; CARATTERISTICHE<\/h3>\n<ul>\n<li><strong>Gestione dei documenti cartacei<\/strong>: l&#8217;elaborazione intelligente dei documenti ti d\u00e0 il controllo di tutti i flussi di lavoro dell&#8217;elaborazione dei documenti. Elaborate tutti i documenti da qualsiasi fonte senza moduli separati o componenti aggiuntivi<\/li>\n<li><strong>Potente elaborazione delle immagini<\/strong>: la precisione dell&#8217;OCR dipende da una buona elaborazione delle immagini. Avrai accesso a oltre 70 comandi di elaborazione delle immagini. Applicali in qualsiasi momento e pi\u00f9 volte &#8211; non solo quando i documenti vengono aggiunti per la prima volta<\/li>\n<li><strong>Classificazione ed estrazione intelligente<\/strong>: l&#8217;IA stratificata \u00e8 il cuore dell&#8217;elaborazione intelligente dei documenti. Le organizzazioni che elaborano grandi quantit\u00e0 di documenti diversi (o variabili) hanno bisogno di una potente classificazione ed estrazione<\/li>\n<li><strong>OCR avanzato<\/strong>: ottieni l&#8217;OCR pi\u00f9 accurato sui documenti pi\u00f9 difficili accoppiando la visione artificiale, l&#8217;elaborazione delle immagini e la ricerca dei dati basata sul lessico<\/li>\n<li><strong>Gestione dei dati<\/strong>: ottieni una vera lettura automatica comprendendo il significato organico dei dati con una precisione ponderata<\/li>\n<li><strong>Integrazione adattabile<\/strong>: connettiti a qualsiasi archivio di documenti conforme a CMIS e a file system sia locali che cloud. Con l&#8217;integrazione dei dati enterprise-ready non pagherai extra per collegare i tuoi sistemi. e potrai esportarli nel formato che preferisci.<\/li>\n<\/ul>\n<h4>LE RECENSIONI DEGLI UTENTI<\/h4>\n<p><strong>Marie H. &#8220;Inserimento dati per i nostri vecchi documenti giudiziari&#8221;<\/strong><br \/>\nCOMMENTI: ci sono molti meno tempi morti nell&#8217;importazione dei documenti nel nostro sistema. Il personale si prende cura di noi come se fossimo dei reali.<br \/>\nPRO: fa la maggior parte del lavoro per i miei dipendenti, taglia il tempo per l&#8217;inserimento dei dati. Mi piacerebbe usarlo nel nostro altro programma di inserimento dati attraverso il tribunale.<\/p>\n<p><strong>Morgan A. &#8220;Grooper&#8221;<\/strong><br \/>\nPRO: Grooper \u00e8 estremamente facile da imparare e molto semplice da usare.<br \/>\nCONTRO: proprio come la maggior parte della tecnologia, ha un sacco di intoppi come gli errori durante l&#8217;elaborazione delle immagini.<\/p>\n<p><strong>Darin T. &#8220;Sito Grooper &#8211; La comunit\u00e0 competente, a portata di mano! &#8220;<\/strong><br \/>\nCOMMENTI: una volta capita l&#8217;interfaccia, l&#8217;applicazione diventa un gioco da ragazzi.<br \/>\nPRO: l&#8217;interfaccia, simile ad altre applicazioni come Tableau, \u00e8 chiara e concisa. La comunit\u00e0 \u00e8 disponibile 24\/7, risponde rapidamente alle domande e aiuta a portare avanti i miei progetti.<br \/>\nCONTRO: configurazione iniziale, ma il gruppo tecnico disponibile mi ha fatto andare avanti.<\/p>\n","protected":false},"excerpt":{"rendered":"<p>Grooper \u00e8 una piattaforma intelligente per l&#8217;integrazione di documenti e dati digitali, sviluppata per aziende, organizzazioni, fornitori di tecnologia e servizi, di analisi e BI. Questa soluzione sfrutta una tecnologia di acquisizione ed elaborazione avanzata delle immagini che ti permette di scegliere tra\u00a0oltre 70 comandi.<\/p>\n","protected":false},"author":17,"featured_media":53893,"parent":53694,"menu_order":0,"comment_status":"open","ping_status":"closed","template":"g1_template_page_review_new.php","meta":{"_acf_changed":false,"cwp_meta_box_check":"No","cwp_rev_product_name":"","cwp_rev_product_image":"","wppr_links":[],"cwp_rev_price":"","wppr_options":[],"wppr_pros":[],"wppr_cons":[],"_monsterinsights_skip_tracking":false,"_monsterinsights_sitenote_active":false,"_monsterinsights_sitenote_note":"","_monsterinsights_sitenote_category":0,"footnotes":""},"categories":[12005],"tags":[12018,12095,12052,12020,12017,12019],"features":[],"class_list":{"0":"post-53892","1":"page","2":"type-page","3":"status-publish","4":"has-post-thumbnail","6":"category-software-gestione-accurata-dati-cat","7":"tag-gestione-accurata-dei-dati","8":"tag-ocr","9":"tag-piattaforma-per-gestione-dati-accurata","10":"tag-programma-per-la-gestione-accurata-dei-dati","11":"tag-software-per-la-gestione-accurata-dei-dati","12":"tag-soluzione-per-la-gestione-accurata-dei-dati"},"wppr_data":{"cwp_meta_box_check":"No"},"acf":[],"yoast_head":"<!-- This site is optimized with the Yoast SEO plugin v27.4 - https:\/\/yoast.com\/product\/yoast-seo-wordpress\/ -->\n<title>Grooper: recensione software gestione accurata dati - Accurate Reviews<\/title>\n<meta name=\"description\" content=\"Grooper: recensione del software per la gestione accurata dei dati che sfrutta una tecnologia di acquisizione avanzata delle immagini.\" \/>\n<meta name=\"robots\" content=\"index, follow, max-snippet:-1, max-image-preview:large, max-video-preview:-1\" \/>\n<link rel=\"canonical\" href=\"https:\/\/www.accuratereviews.com\/it\/software-gestione-accurata-dati\/grooper-recensione\/\" \/>\n<meta property=\"og:locale\" content=\"it_IT\" \/>\n<meta property=\"og:type\" content=\"article\" \/>\n<meta property=\"og:title\" content=\"Grooper: recensione software gestione accurata dati - Accurate Reviews\" \/>\n<meta property=\"og:description\" content=\"Grooper: recensione del software per la gestione accurata dei dati che sfrutta una tecnologia di acquisizione avanzata delle immagini.\" \/>\n<meta property=\"og:url\" content=\"https:\/\/www.accuratereviews.com\/it\/software-gestione-accurata-dati\/grooper-recensione\/\" \/>\n<meta property=\"og:site_name\" content=\"Accurate Reviews\" \/>\n<meta property=\"article:modified_time\" content=\"2022-02-21T11:54:27+00:00\" \/>\n<meta property=\"og:image\" content=\"https:\/\/www.accuratereviews.com\/wp-content\/uploads\/2022\/02\/grooper-logo-D79E4A6D6E-seeklogo.com_.png\" \/>\n\t<meta property=\"og:image:width\" content=\"667\" \/>\n\t<meta property=\"og:image:height\" content=\"200\" \/>\n\t<meta property=\"og:image:type\" content=\"image\/png\" \/>\n<meta name=\"twitter:card\" content=\"summary_large_image\" \/>\n<meta name=\"twitter:label1\" content=\"Tempo di lettura stimato\" \/>\n\t<meta name=\"twitter:data1\" content=\"3 minuti\" \/>\n<script type=\"application\/ld+json\" class=\"yoast-schema-graph\">{\"@context\":\"https:\\\/\\\/schema.org\",\"@graph\":[{\"@type\":\"WebPage\",\"@id\":\"https:\\\/\\\/www.accuratereviews.com\\\/it\\\/software-gestione-accurata-dati\\\/grooper-recensione\\\/\",\"url\":\"https:\\\/\\\/www.accuratereviews.com\\\/it\\\/software-gestione-accurata-dati\\\/grooper-recensione\\\/\",\"name\":\"Grooper: recensione software gestione accurata dati - Accurate Reviews\",\"isPartOf\":{\"@id\":\"https:\\\/\\\/www.accuratereviews.com\\\/it\\\/#website\"},\"primaryImageOfPage\":{\"@id\":\"https:\\\/\\\/www.accuratereviews.com\\\/it\\\/software-gestione-accurata-dati\\\/grooper-recensione\\\/#primaryimage\"},\"image\":{\"@id\":\"https:\\\/\\\/www.accuratereviews.com\\\/it\\\/software-gestione-accurata-dati\\\/grooper-recensione\\\/#primaryimage\"},\"thumbnailUrl\":\"https:\\\/\\\/www.accuratereviews.com\\\/wp-content\\\/uploads\\\/2022\\\/02\\\/grooper-logo-D79E4A6D6E-seeklogo.com_.png\",\"datePublished\":\"2022-02-17T15:46:54+00:00\",\"dateModified\":\"2022-02-21T11:54:27+00:00\",\"description\":\"Grooper: recensione del software per la gestione accurata dei dati che sfrutta una tecnologia di acquisizione avanzata delle immagini.\",\"breadcrumb\":{\"@id\":\"https:\\\/\\\/www.accuratereviews.com\\\/it\\\/software-gestione-accurata-dati\\\/grooper-recensione\\\/#breadcrumb\"},\"inLanguage\":\"it-IT\",\"potentialAction\":[{\"@type\":\"ReadAction\",\"target\":[\"https:\\\/\\\/www.accuratereviews.com\\\/it\\\/software-gestione-accurata-dati\\\/grooper-recensione\\\/\"]}]},{\"@type\":\"ImageObject\",\"inLanguage\":\"it-IT\",\"@id\":\"https:\\\/\\\/www.accuratereviews.com\\\/it\\\/software-gestione-accurata-dati\\\/grooper-recensione\\\/#primaryimage\",\"url\":\"https:\\\/\\\/www.accuratereviews.com\\\/wp-content\\\/uploads\\\/2022\\\/02\\\/grooper-logo-D79E4A6D6E-seeklogo.com_.png\",\"contentUrl\":\"https:\\\/\\\/www.accuratereviews.com\\\/wp-content\\\/uploads\\\/2022\\\/02\\\/grooper-logo-D79E4A6D6E-seeklogo.com_.png\",\"width\":667,\"height\":200},{\"@type\":\"BreadcrumbList\",\"@id\":\"https:\\\/\\\/www.accuratereviews.com\\\/it\\\/software-gestione-accurata-dati\\\/grooper-recensione\\\/#breadcrumb\",\"itemListElement\":[{\"@type\":\"ListItem\",\"position\":1,\"name\":\"Home\",\"item\":\"https:\\\/\\\/www.accuratereviews.com\\\/it\\\/\"},{\"@type\":\"ListItem\",\"position\":2,\"name\":\"Software per la gestione accurata dei dati\",\"item\":\"https:\\\/\\\/www.accuratereviews.com\\\/it\\\/software-gestione-accurata-dati\\\/\"},{\"@type\":\"ListItem\",\"position\":3,\"name\":\"Grooper\"}]},{\"@type\":\"WebSite\",\"@id\":\"https:\\\/\\\/www.accuratereviews.com\\\/it\\\/#website\",\"url\":\"https:\\\/\\\/www.accuratereviews.com\\\/it\\\/\",\"name\":\"Accurate Reviews\",\"description\":\"\",\"potentialAction\":[{\"@type\":\"SearchAction\",\"target\":{\"@type\":\"EntryPoint\",\"urlTemplate\":\"https:\\\/\\\/www.accuratereviews.com\\\/it\\\/?s={search_term_string}\"},\"query-input\":{\"@type\":\"PropertyValueSpecification\",\"valueRequired\":true,\"valueName\":\"search_term_string\"}}],\"inLanguage\":\"it-IT\"}]}<\/script>\n<!-- \/ Yoast SEO plugin. -->","yoast_head_json":{"title":"Grooper: recensione software gestione accurata dati - Accurate Reviews","description":"Grooper: recensione del software per la gestione accurata dei dati che sfrutta una tecnologia di acquisizione avanzata delle immagini.","robots":{"index":"index","follow":"follow","max-snippet":"max-snippet:-1","max-image-preview":"max-image-preview:large","max-video-preview":"max-video-preview:-1"},"canonical":"https:\/\/www.accuratereviews.com\/it\/software-gestione-accurata-dati\/grooper-recensione\/","og_locale":"it_IT","og_type":"article","og_title":"Grooper: recensione software gestione accurata dati - Accurate Reviews","og_description":"Grooper: recensione del software per la gestione accurata dei dati che sfrutta una tecnologia di acquisizione avanzata delle immagini.","og_url":"https:\/\/www.accuratereviews.com\/it\/software-gestione-accurata-dati\/grooper-recensione\/","og_site_name":"Accurate Reviews","article_modified_time":"2022-02-21T11:54:27+00:00","og_image":[{"width":667,"height":200,"url":"https:\/\/www.accuratereviews.com\/wp-content\/uploads\/2022\/02\/grooper-logo-D79E4A6D6E-seeklogo.com_.png","type":"image\/png"}],"twitter_card":"summary_large_image","twitter_misc":{"Tempo di lettura stimato":"3 minuti"},"schema":{"@context":"https:\/\/schema.org","@graph":[{"@type":"WebPage","@id":"https:\/\/www.accuratereviews.com\/it\/software-gestione-accurata-dati\/grooper-recensione\/","url":"https:\/\/www.accuratereviews.com\/it\/software-gestione-accurata-dati\/grooper-recensione\/","name":"Grooper: recensione software gestione accurata dati - Accurate Reviews","isPartOf":{"@id":"https:\/\/www.accuratereviews.com\/it\/#website"},"primaryImageOfPage":{"@id":"https:\/\/www.accuratereviews.com\/it\/software-gestione-accurata-dati\/grooper-recensione\/#primaryimage"},"image":{"@id":"https:\/\/www.accuratereviews.com\/it\/software-gestione-accurata-dati\/grooper-recensione\/#primaryimage"},"thumbnailUrl":"https:\/\/www.accuratereviews.com\/wp-content\/uploads\/2022\/02\/grooper-logo-D79E4A6D6E-seeklogo.com_.png","datePublished":"2022-02-17T15:46:54+00:00","dateModified":"2022-02-21T11:54:27+00:00","description":"Grooper: recensione del software per la gestione accurata dei dati che sfrutta una tecnologia di acquisizione avanzata delle immagini.","breadcrumb":{"@id":"https:\/\/www.accuratereviews.com\/it\/software-gestione-accurata-dati\/grooper-recensione\/#breadcrumb"},"inLanguage":"it-IT","potentialAction":[{"@type":"ReadAction","target":["https:\/\/www.accuratereviews.com\/it\/software-gestione-accurata-dati\/grooper-recensione\/"]}]},{"@type":"ImageObject","inLanguage":"it-IT","@id":"https:\/\/www.accuratereviews.com\/it\/software-gestione-accurata-dati\/grooper-recensione\/#primaryimage","url":"https:\/\/www.accuratereviews.com\/wp-content\/uploads\/2022\/02\/grooper-logo-D79E4A6D6E-seeklogo.com_.png","contentUrl":"https:\/\/www.accuratereviews.com\/wp-content\/uploads\/2022\/02\/grooper-logo-D79E4A6D6E-seeklogo.com_.png","width":667,"height":200},{"@type":"BreadcrumbList","@id":"https:\/\/www.accuratereviews.com\/it\/software-gestione-accurata-dati\/grooper-recensione\/#breadcrumb","itemListElement":[{"@type":"ListItem","position":1,"name":"Home","item":"https:\/\/www.accuratereviews.com\/it\/"},{"@type":"ListItem","position":2,"name":"Software per la gestione accurata dei dati","item":"https:\/\/www.accuratereviews.com\/it\/software-gestione-accurata-dati\/"},{"@type":"ListItem","position":3,"name":"Grooper"}]},{"@type":"WebSite","@id":"https:\/\/www.accuratereviews.com\/it\/#website","url":"https:\/\/www.accuratereviews.com\/it\/","name":"Accurate Reviews","description":"","potentialAction":[{"@type":"SearchAction","target":{"@type":"EntryPoint","urlTemplate":"https:\/\/www.accuratereviews.com\/it\/?s={search_term_string}"},"query-input":{"@type":"PropertyValueSpecification","valueRequired":true,"valueName":"search_term_string"}}],"inLanguage":"it-IT"}]}},"_links":{"self":[{"href":"https:\/\/www.accuratereviews.com\/it\/wp-json\/wp\/v2\/pages\/53892","targetHints":{"allow":["GET"]}}],"collection":[{"href":"https:\/\/www.accuratereviews.com\/it\/wp-json\/wp\/v2\/pages"}],"about":[{"href":"https:\/\/www.accuratereviews.com\/it\/wp-json\/wp\/v2\/types\/page"}],"author":[{"embeddable":true,"href":"https:\/\/www.accuratereviews.com\/it\/wp-json\/wp\/v2\/users\/17"}],"replies":[{"embeddable":true,"href":"https:\/\/www.accuratereviews.com\/it\/wp-json\/wp\/v2\/comments?post=53892"}],"version-history":[{"count":3,"href":"https:\/\/www.accuratereviews.com\/it\/wp-json\/wp\/v2\/pages\/53892\/revisions"}],"predecessor-version":[{"id":54017,"href":"https:\/\/www.accuratereviews.com\/it\/wp-json\/wp\/v2\/pages\/53892\/revisions\/54017"}],"up":[{"embeddable":true,"href":"https:\/\/www.accuratereviews.com\/it\/wp-json\/wp\/v2\/pages\/53694"}],"wp:featuredmedia":[{"embeddable":true,"href":"https:\/\/www.accuratereviews.com\/it\/wp-json\/wp\/v2\/media\/53893"}],"wp:attachment":[{"href":"https:\/\/www.accuratereviews.com\/it\/wp-json\/wp\/v2\/media?parent=53892"}],"wp:term":[{"taxonomy":"category","embeddable":true,"href":"https:\/\/www.accuratereviews.com\/it\/wp-json\/wp\/v2\/categories?post=53892"},{"taxonomy":"post_tag","embeddable":true,"href":"https:\/\/www.accuratereviews.com\/it\/wp-json\/wp\/v2\/tags?post=53892"},{"taxonomy":"features","embeddable":true,"href":"https:\/\/www.accuratereviews.com\/it\/wp-json\/wp\/v2\/features?post=53892"}],"curies":[{"name":"wp","href":"https:\/\/api.w.org\/{rel}","templated":true}]}}