{"id":53914,"date":"2022-02-18T11:40:13","date_gmt":"2022-02-18T11:40:13","guid":{"rendered":"https:\/\/www.accuratereviews.com\/?page_id=53914"},"modified":"2022-02-18T11:40:13","modified_gmt":"2022-02-18T11:40:13","slug":"talend-data-fabric-recensione","status":"publish","type":"page","link":"https:\/\/www.accuratereviews.com\/it\/software-gestione-accurata-dati\/talend-data-fabric-recensione\/","title":{"rendered":"Talend Data Fabric"},"content":{"rendered":"<p><strong>Talend Data Fabric<\/strong> offre <strong>un&#8217;unica suite di app<\/strong> che riduce il tempo necessario per ottenere dati affidabili risolvendo alcuni degli aspetti pi\u00f9 complessi della catena del valore dei dati. Gli utenti possono raccogliere dati attraverso i sistemi, governarli per garantirne un uso corretto, trasformarli in nuovi formati e migliorarne la qualit\u00e0 e condividerli con le parti interessate interne ed esterne.\u00a0Oltre 4.250 organizzazioni in tutto il mondo scelgono <strong>Talend<\/strong> per affidarsi a dati accurati per prendere decisioni aziendali con fiducia. Pi\u00f9 di un terzo delle societ\u00e0 statunitensi sono clienti della societ\u00e0, tra cui GE, HP Inc. e Domino&#8217;s. L&#8217;azienda \u00e8 stata riconosciuta come leader nel suo campo dalle principali societ\u00e0 di analisi e pubblicazioni del settore, tra cui Forbes, InfoWorld e SD Times.<\/p>\n<h2>TALEND DATA FABRIC &#8211; TUTORIAL<\/h2>\n<p>In questa demo, acquisiamo i dati dei clienti con Stitch Data Loader in un data warehouse di Snowflake, quindi i dati vengono condivisi con Salesforce tramite un&#8217;API:<\/p>\n<div id=\"fluid-wrapper-counter-1\" class=\"g1-fluid-wrapper \" style=\"width:686px;\">\n<div style=\"padding-bottom:56.268221574344%;\"><iframe loading=\"lazy\" title=\"Fall 21 Talend Data Fabric Demo from data ingestion to consumption\" width=\"686\" height=\"386\" src=\"https:\/\/www.youtube.com\/embed\/oqO0Cno3JOo?feature=oembed&amp;wmode=transparent&amp;autohide=1&amp;autoplay=0&amp;disablekb=0&amp;fs=1&amp;loop=0&amp;enablejsapi=1&amp;rel=0&amp;controls=2&amp;showinfo=0&amp;wmode=transparent&amp;autohide=2&amp;autoplay=0&amp;disablekb=0&amp;fs=1&amp;loop=0&amp;enablejsapi=1&amp;rel=0&amp;controls=2&amp;showinfo=1\" frameborder=\"0\" allow=\"accelerometer; autoplay; clipboard-write; encrypted-media; gyroscope; picture-in-picture\" allowfullscreen><\/iframe><\/div>\n<\/div>\n<h3>TALEND DATA FABRIC &#8211; CARATTERISTICHE<\/h3>\n<section id=\"module-4\" class=\"multiItem-module--multiItemModule--yWQp5 subcard textShadeDark textAlignCenter moduleAlignCenter spacingBottomM spacingTopM bgColorSeashell multiItem-module--textShadeDark--rZeaT multiItem-module--textAlignCenter--33Lal multiItem-module--moduleAlignCenter--FASpn\">\n<div class=\"multiItem-module--container--1INis\">\n<div class=\"multiItem-module--subcardGrid--175x_ multiItem-module--col2--3QpLB multiItem-module--alignCenter--1Rjhg\">\n<div class=\"card-module--cardOuter--13xz9\">\n<div class=\"card-module--card--1lbZc\">\n<div class=\"card-module--cardContent--2S_yA\">\n<ul>\n<li><strong>Fonte di dati<\/strong>: scopri, acquisisci e integra tutti i dati con meccanismi adeguati di categorizzazione e documentazione<\/li>\n<li><strong>Qualit\u00e0 dei dati<\/strong>: i\u00a0dati possono essere puliti e profilati in tempo reale, cos\u00ec non dovrai pi\u00f9 temere che dati scadenti entrino nel sistema<\/li>\n<li><strong>Integrit\u00e0 e amministrazione dei dati<\/strong>: assicura l\u2019integrit\u00e0 e amministrazione dei dati lungo tutto il loro ciclo di vita e valuta la loro salute con Talend Trust Score<\/li>\n<li><strong>Flessibile<\/strong>: collegati a qualsiasi sorgente o destinazione dei dati, implementando la soluzione ovunque e scalando facilmente sui dati e sulle piattaforme di analisi pi\u00f9 recenti<\/li>\n<li><strong>Integrazione di applicazioni e API: <\/strong>condividi e monetizza dati affidabili internamente ed esternamente con molteplici funzionalit\u00e0 self-service<\/li>\n<li><strong>Powered by Talend Trust Score<\/strong>: verifica l\u2019affidabilit\u00e0 di qualsiasi set di dati con strumenti per individuare e risolvere istantaneamente i problemi<\/li>\n<li><strong>Unificata: <\/strong>semplifica l\u2019ecosistema dei dati con un prodotto self-service che combina integrazione di dati e applicazioni, qualit\u00e0 dei dati e governance<\/li>\n<li><strong>Affidabilit\u00e0<\/strong>: ottieni informazioni immediate sui dati sono affidabili e scopri la diagnosi e gli strumenti per correggere quelli che non lo sono<\/li>\n<\/ul>\n<\/div>\n<\/div>\n<\/div>\n<\/div>\n<\/div>\n<\/section>\n<section id=\"module-5\" class=\"multiItem-module--multiItemModule--yWQp5 subicon textShadeDark textAlignCenter spacingBottomM spacingTopM multiItem-module--textShadeDark--rZeaT multiItem-module--textAlignCenter--33Lal\">\n<div class=\"multiItem-module--container--1INis\">\n<div class=\"icon-module--subIconOuter--2Zz_L\">\n<div class=\"icon-module--subIconContainer--fP2Bb normal\">\n<div class=\"icon-module--subIconOuter--2Zz_L\">\n<div class=\"icon-module--subIconContainer--fP2Bb normal\">\n<div class=\"icon-module--subIcon--_sGpH png center\">\n<div class=\" gatsby-image-wrapper\">\n<div class=\"icon-module--subIconContent--1MxhM\">\n<h4>LE RECENSIONI DEGLI UTENTI<\/h4>\n<p class=\"font-weight-bold mb-2\"><strong>Kevin W.&#8221;Utile per la prima incursione nei big data&#8221;<\/strong><\/p>\n<p class=\"font-weight-bold mb-2\"><strong>Pro<\/strong>:\u00a0Sto solo immergendomi nell&#8217;acqua delle possibilit\u00e0 con i big data. Facile da collegare con la mia origine dati e il mio magazzino. Il supporto \u00e8 stato ottimo.<\/p>\n<p class=\"font-weight-bold mb-2\"><strong>Contro<\/strong>:\u00a0Pu\u00f2 essere molto ingombrante all&#8217;inizio da imparare. Le query diventano complesse velocemente.<\/p>\n<p><strong>Siddharth &#8220;Talend&#8221;<\/strong><\/p>\n<p class=\"font-weight-bold mb-2\"><strong>Pro<\/strong>:\u00a0Talend pu\u00f2 essere utilizzato per progetti di big data, quindi \u00e8 davvero utile in grado di gestire grandi quantit\u00e0 di set di dati<\/p>\n<p class=\"font-weight-bold mb-2\"><strong>Contro<\/strong>:\u00a0Talend non \u00e8 cos\u00ec facile da usare, quindi la sua GUI dovrebbe essere migliorata e improvvisata.<\/p>\n<p><strong>Ankit G.&#8221;Strumento ETL intuitivo per trasformare i dati grezzi&#8221;<\/strong><\/p>\n<p class=\"font-weight-bold mb-2\"><strong>Pro<\/strong>:\u00a01. La nostra organizzazione lo sta utilizzando per trasformare e integrare i dati dei file in redshift. Supporta pi\u00f9 connettori di dati come componenti 2. Utilizziamo per caricare i dati trasformati nelle tabelle di reporting in meno tempo<\/p>\n<p class=\"font-weight-bold mb-2\"><strong>Contro<\/strong>:\u00a01. \u00c8 solo uno strumento ETL e il reporting non \u00e8 supportato ad oggi 2. Deve essere distribuito sul server<\/p>\n<\/div>\n<\/div>\n<\/div>\n<\/div>\n<\/div>\n<\/div>\n<\/div>\n<\/div>\n<\/section>\n","protected":false},"excerpt":{"rendered":"<p>Talend Data Fabric offre un&#8217;unica suite di app che riduce il tempo necessario per ottenere dati affidabili risolvendo alcuni degli aspetti pi\u00f9 complessi della catena del valore dei dati. Gli utenti possono raccogliere dati attraverso i sistemi, governarli per garantirne un uso corretto, trasformarli in nuovi formati e migliorarne la qualit\u00e0 e condividerli con le parti interessate interne ed esterne.\u00a0<\/p>\n","protected":false},"author":16,"featured_media":53915,"parent":53694,"menu_order":0,"comment_status":"open","ping_status":"closed","template":"g1_template_page_review_new.php","meta":{"_acf_changed":false,"cwp_meta_box_check":"No","cwp_rev_product_name":"","cwp_rev_product_image":"","wppr_links":[],"cwp_rev_price":"","wppr_options":[],"wppr_pros":[],"wppr_cons":[],"_monsterinsights_skip_tracking":false,"_monsterinsights_sitenote_active":false,"_monsterinsights_sitenote_note":"","_monsterinsights_sitenote_category":0,"footnotes":""},"categories":[12005],"tags":[5690,12094,12093,12091,12092,12110],"features":[],"class_list":{"0":"post-53914","1":"page","2":"type-page","3":"status-publish","4":"has-post-thumbnail","6":"category-software-gestione-accurata-dati-cat","7":"tag-gestione-dati","8":"tag-piattaforma-per-gestire-dati","9":"tag-programma-per-gestire-dati","10":"tag-software-per-gestire-dati","11":"tag-soluzione-per-gestire-dati","12":"tag-talend-data-fabric"},"wppr_data":{"cwp_meta_box_check":"No"},"acf":[],"yoast_head":"<!-- This site is optimized with the Yoast SEO plugin v27.4 - https:\/\/yoast.com\/product\/yoast-seo-wordpress\/ -->\n<title>Talend Data Fabric: recensione software gestione dati - Accurate Reviews<\/title>\n<meta name=\"description\" content=\"Talend Data Fabric: recensione software che aiuta le aziende a ottenere dati affidabili risolvendo alcuni problemi delle informazioni raccolte\" \/>\n<meta name=\"robots\" content=\"index, follow, max-snippet:-1, max-image-preview:large, max-video-preview:-1\" \/>\n<link rel=\"canonical\" href=\"https:\/\/www.accuratereviews.com\/it\/software-gestione-accurata-dati\/talend-data-fabric-recensione\/\" \/>\n<meta property=\"og:locale\" content=\"it_IT\" \/>\n<meta property=\"og:type\" content=\"article\" \/>\n<meta property=\"og:title\" content=\"Talend Data Fabric: recensione software gestione dati - Accurate Reviews\" \/>\n<meta property=\"og:description\" content=\"Talend Data Fabric: recensione software che aiuta le aziende a ottenere dati affidabili risolvendo alcuni problemi delle informazioni raccolte\" \/>\n<meta property=\"og:url\" content=\"https:\/\/www.accuratereviews.com\/it\/software-gestione-accurata-dati\/talend-data-fabric-recensione\/\" \/>\n<meta property=\"og:site_name\" content=\"Accurate Reviews\" \/>\n<meta property=\"og:image\" content=\"https:\/\/www.accuratereviews.com\/wp-content\/uploads\/2022\/02\/Data-Fabric.png\" \/>\n\t<meta property=\"og:image:width\" content=\"225\" \/>\n\t<meta property=\"og:image:height\" content=\"225\" \/>\n\t<meta property=\"og:image:type\" content=\"image\/png\" \/>\n<meta name=\"twitter:card\" content=\"summary_large_image\" \/>\n<meta name=\"twitter:label1\" content=\"Tempo di lettura stimato\" \/>\n\t<meta name=\"twitter:data1\" content=\"3 minuti\" \/>\n<script type=\"application\/ld+json\" class=\"yoast-schema-graph\">{\"@context\":\"https:\\\/\\\/schema.org\",\"@graph\":[{\"@type\":\"WebPage\",\"@id\":\"https:\\\/\\\/www.accuratereviews.com\\\/it\\\/software-gestione-accurata-dati\\\/talend-data-fabric-recensione\\\/\",\"url\":\"https:\\\/\\\/www.accuratereviews.com\\\/it\\\/software-gestione-accurata-dati\\\/talend-data-fabric-recensione\\\/\",\"name\":\"Talend Data Fabric: recensione software gestione dati - Accurate Reviews\",\"isPartOf\":{\"@id\":\"https:\\\/\\\/www.accuratereviews.com\\\/it\\\/#website\"},\"primaryImageOfPage\":{\"@id\":\"https:\\\/\\\/www.accuratereviews.com\\\/it\\\/software-gestione-accurata-dati\\\/talend-data-fabric-recensione\\\/#primaryimage\"},\"image\":{\"@id\":\"https:\\\/\\\/www.accuratereviews.com\\\/it\\\/software-gestione-accurata-dati\\\/talend-data-fabric-recensione\\\/#primaryimage\"},\"thumbnailUrl\":\"https:\\\/\\\/www.accuratereviews.com\\\/wp-content\\\/uploads\\\/2022\\\/02\\\/Data-Fabric.png\",\"datePublished\":\"2022-02-18T11:40:13+00:00\",\"description\":\"Talend Data Fabric: recensione software che aiuta le aziende a ottenere dati affidabili risolvendo alcuni problemi delle informazioni raccolte\",\"breadcrumb\":{\"@id\":\"https:\\\/\\\/www.accuratereviews.com\\\/it\\\/software-gestione-accurata-dati\\\/talend-data-fabric-recensione\\\/#breadcrumb\"},\"inLanguage\":\"it-IT\",\"potentialAction\":[{\"@type\":\"ReadAction\",\"target\":[\"https:\\\/\\\/www.accuratereviews.com\\\/it\\\/software-gestione-accurata-dati\\\/talend-data-fabric-recensione\\\/\"]}]},{\"@type\":\"ImageObject\",\"inLanguage\":\"it-IT\",\"@id\":\"https:\\\/\\\/www.accuratereviews.com\\\/it\\\/software-gestione-accurata-dati\\\/talend-data-fabric-recensione\\\/#primaryimage\",\"url\":\"https:\\\/\\\/www.accuratereviews.com\\\/wp-content\\\/uploads\\\/2022\\\/02\\\/Data-Fabric.png\",\"contentUrl\":\"https:\\\/\\\/www.accuratereviews.com\\\/wp-content\\\/uploads\\\/2022\\\/02\\\/Data-Fabric.png\",\"width\":225,\"height\":225},{\"@type\":\"BreadcrumbList\",\"@id\":\"https:\\\/\\\/www.accuratereviews.com\\\/it\\\/software-gestione-accurata-dati\\\/talend-data-fabric-recensione\\\/#breadcrumb\",\"itemListElement\":[{\"@type\":\"ListItem\",\"position\":1,\"name\":\"Home\",\"item\":\"https:\\\/\\\/www.accuratereviews.com\\\/it\\\/\"},{\"@type\":\"ListItem\",\"position\":2,\"name\":\"Software per la gestione accurata dei dati\",\"item\":\"https:\\\/\\\/www.accuratereviews.com\\\/it\\\/software-gestione-accurata-dati\\\/\"},{\"@type\":\"ListItem\",\"position\":3,\"name\":\"Talend Data Fabric\"}]},{\"@type\":\"WebSite\",\"@id\":\"https:\\\/\\\/www.accuratereviews.com\\\/it\\\/#website\",\"url\":\"https:\\\/\\\/www.accuratereviews.com\\\/it\\\/\",\"name\":\"Accurate Reviews\",\"description\":\"\",\"potentialAction\":[{\"@type\":\"SearchAction\",\"target\":{\"@type\":\"EntryPoint\",\"urlTemplate\":\"https:\\\/\\\/www.accuratereviews.com\\\/it\\\/?s={search_term_string}\"},\"query-input\":{\"@type\":\"PropertyValueSpecification\",\"valueRequired\":true,\"valueName\":\"search_term_string\"}}],\"inLanguage\":\"it-IT\"}]}<\/script>\n<!-- \/ Yoast SEO plugin. -->","yoast_head_json":{"title":"Talend Data Fabric: recensione software gestione dati - Accurate Reviews","description":"Talend Data Fabric: recensione software che aiuta le aziende a ottenere dati affidabili risolvendo alcuni problemi delle informazioni raccolte","robots":{"index":"index","follow":"follow","max-snippet":"max-snippet:-1","max-image-preview":"max-image-preview:large","max-video-preview":"max-video-preview:-1"},"canonical":"https:\/\/www.accuratereviews.com\/it\/software-gestione-accurata-dati\/talend-data-fabric-recensione\/","og_locale":"it_IT","og_type":"article","og_title":"Talend Data Fabric: recensione software gestione dati - Accurate Reviews","og_description":"Talend Data Fabric: recensione software che aiuta le aziende a ottenere dati affidabili risolvendo alcuni problemi delle informazioni raccolte","og_url":"https:\/\/www.accuratereviews.com\/it\/software-gestione-accurata-dati\/talend-data-fabric-recensione\/","og_site_name":"Accurate Reviews","og_image":[{"width":225,"height":225,"url":"https:\/\/www.accuratereviews.com\/wp-content\/uploads\/2022\/02\/Data-Fabric.png","type":"image\/png"}],"twitter_card":"summary_large_image","twitter_misc":{"Tempo di lettura stimato":"3 minuti"},"schema":{"@context":"https:\/\/schema.org","@graph":[{"@type":"WebPage","@id":"https:\/\/www.accuratereviews.com\/it\/software-gestione-accurata-dati\/talend-data-fabric-recensione\/","url":"https:\/\/www.accuratereviews.com\/it\/software-gestione-accurata-dati\/talend-data-fabric-recensione\/","name":"Talend Data Fabric: recensione software gestione dati - Accurate Reviews","isPartOf":{"@id":"https:\/\/www.accuratereviews.com\/it\/#website"},"primaryImageOfPage":{"@id":"https:\/\/www.accuratereviews.com\/it\/software-gestione-accurata-dati\/talend-data-fabric-recensione\/#primaryimage"},"image":{"@id":"https:\/\/www.accuratereviews.com\/it\/software-gestione-accurata-dati\/talend-data-fabric-recensione\/#primaryimage"},"thumbnailUrl":"https:\/\/www.accuratereviews.com\/wp-content\/uploads\/2022\/02\/Data-Fabric.png","datePublished":"2022-02-18T11:40:13+00:00","description":"Talend Data Fabric: recensione software che aiuta le aziende a ottenere dati affidabili risolvendo alcuni problemi delle informazioni raccolte","breadcrumb":{"@id":"https:\/\/www.accuratereviews.com\/it\/software-gestione-accurata-dati\/talend-data-fabric-recensione\/#breadcrumb"},"inLanguage":"it-IT","potentialAction":[{"@type":"ReadAction","target":["https:\/\/www.accuratereviews.com\/it\/software-gestione-accurata-dati\/talend-data-fabric-recensione\/"]}]},{"@type":"ImageObject","inLanguage":"it-IT","@id":"https:\/\/www.accuratereviews.com\/it\/software-gestione-accurata-dati\/talend-data-fabric-recensione\/#primaryimage","url":"https:\/\/www.accuratereviews.com\/wp-content\/uploads\/2022\/02\/Data-Fabric.png","contentUrl":"https:\/\/www.accuratereviews.com\/wp-content\/uploads\/2022\/02\/Data-Fabric.png","width":225,"height":225},{"@type":"BreadcrumbList","@id":"https:\/\/www.accuratereviews.com\/it\/software-gestione-accurata-dati\/talend-data-fabric-recensione\/#breadcrumb","itemListElement":[{"@type":"ListItem","position":1,"name":"Home","item":"https:\/\/www.accuratereviews.com\/it\/"},{"@type":"ListItem","position":2,"name":"Software per la gestione accurata dei dati","item":"https:\/\/www.accuratereviews.com\/it\/software-gestione-accurata-dati\/"},{"@type":"ListItem","position":3,"name":"Talend Data Fabric"}]},{"@type":"WebSite","@id":"https:\/\/www.accuratereviews.com\/it\/#website","url":"https:\/\/www.accuratereviews.com\/it\/","name":"Accurate Reviews","description":"","potentialAction":[{"@type":"SearchAction","target":{"@type":"EntryPoint","urlTemplate":"https:\/\/www.accuratereviews.com\/it\/?s={search_term_string}"},"query-input":{"@type":"PropertyValueSpecification","valueRequired":true,"valueName":"search_term_string"}}],"inLanguage":"it-IT"}]}},"_links":{"self":[{"href":"https:\/\/www.accuratereviews.com\/it\/wp-json\/wp\/v2\/pages\/53914","targetHints":{"allow":["GET"]}}],"collection":[{"href":"https:\/\/www.accuratereviews.com\/it\/wp-json\/wp\/v2\/pages"}],"about":[{"href":"https:\/\/www.accuratereviews.com\/it\/wp-json\/wp\/v2\/types\/page"}],"author":[{"embeddable":true,"href":"https:\/\/www.accuratereviews.com\/it\/wp-json\/wp\/v2\/users\/16"}],"replies":[{"embeddable":true,"href":"https:\/\/www.accuratereviews.com\/it\/wp-json\/wp\/v2\/comments?post=53914"}],"version-history":[{"count":10,"href":"https:\/\/www.accuratereviews.com\/it\/wp-json\/wp\/v2\/pages\/53914\/revisions"}],"predecessor-version":[{"id":53966,"href":"https:\/\/www.accuratereviews.com\/it\/wp-json\/wp\/v2\/pages\/53914\/revisions\/53966"}],"up":[{"embeddable":true,"href":"https:\/\/www.accuratereviews.com\/it\/wp-json\/wp\/v2\/pages\/53694"}],"wp:featuredmedia":[{"embeddable":true,"href":"https:\/\/www.accuratereviews.com\/it\/wp-json\/wp\/v2\/media\/53915"}],"wp:attachment":[{"href":"https:\/\/www.accuratereviews.com\/it\/wp-json\/wp\/v2\/media?parent=53914"}],"wp:term":[{"taxonomy":"category","embeddable":true,"href":"https:\/\/www.accuratereviews.com\/it\/wp-json\/wp\/v2\/categories?post=53914"},{"taxonomy":"post_tag","embeddable":true,"href":"https:\/\/www.accuratereviews.com\/it\/wp-json\/wp\/v2\/tags?post=53914"},{"taxonomy":"features","embeddable":true,"href":"https:\/\/www.accuratereviews.com\/it\/wp-json\/wp\/v2\/features?post=53914"}],"curies":[{"name":"wp","href":"https:\/\/api.w.org\/{rel}","templated":true}]}}