{"id":53923,"date":"2022-02-18T11:31:04","date_gmt":"2022-02-18T11:31:04","guid":{"rendered":"https:\/\/www.accuratereviews.com\/?page_id=53923"},"modified":"2022-02-18T11:31:04","modified_gmt":"2022-02-18T11:31:04","slug":"echobot-recensione","status":"publish","type":"page","link":"https:\/\/www.accuratereviews.com\/it\/software-gestione-accurata-dati\/echobot-recensione\/","title":{"rendered":"Echobot"},"content":{"rendered":"<p><strong>Echobot<\/strong> \u00e8 una soluzione basata su <strong>cloud<\/strong> progettata per aiutare le aziende di tutte le dimensioni ad <strong>automatizzare i processi di vendita e marketing<\/strong>. Il software consente alle organizzazioni di digitalizzare tutti i processi di vendita, dalla pianificazione alla distribuzione, alla gestione dei lead e al supporto post-vendita. Il suo modulo di marketing intelligence consente ai manager di gestire analisi di mercato, monitoraggio dei clienti, selezione del mercato target e reportistica. Permette\u00a0agli utenti di cercare opportunit\u00e0 di vendita nel database B2B integrato ed esportare le informazioni nei formati Excel, CSV, JSON o XML. <strong>Echobot CONNECT<\/strong> fornisce dettagli completi su milioni di profili aziendali, un elenco di contatti rilevanti all&#8217;interno dell&#8217;organizzazione, nonch\u00e9 notizie economiche e dati finanziari attuali.<\/p>\n<h2>ECHOBOT &#8211; TUTORIAL<\/h2>\n<p>Ecco un tutorial in cui illustra come trovare e integrare i dati giusti per la tua azienda con questo <strong>software per la gestione dei dati<\/strong>:<\/p>\n<div id=\"fluid-wrapper-counter-1\" class=\"g1-fluid-wrapper \" style=\"width:686px;\">\n<div style=\"padding-bottom:56.268221574344%;\"><iframe loading=\"lazy\" title=\"Echobot CONNECT: Get relevant business data at the touch of a button\" width=\"686\" height=\"386\" src=\"https:\/\/www.youtube.com\/embed\/j7u24h361fc?feature=oembed&amp;wmode=transparent&amp;autohide=1&amp;autoplay=0&amp;disablekb=0&amp;fs=1&amp;loop=0&amp;enablejsapi=1&amp;rel=0&amp;controls=2&amp;showinfo=0&amp;wmode=transparent&amp;autohide=2&amp;autoplay=0&amp;disablekb=0&amp;fs=1&amp;loop=0&amp;enablejsapi=1&amp;rel=0&amp;controls=2&amp;showinfo=1\" frameborder=\"0\" allow=\"accelerometer; autoplay; clipboard-write; encrypted-media; gyroscope; picture-in-picture\" allowfullscreen><\/iframe><\/div>\n<\/div>\n<h3>ECHOBOT &#8211; CARATTERISTICHE<\/h3>\n<ul>\n<li><strong>Generazione di lead B2B<\/strong>: identifica i tuoi clienti ideali basati sui dati con un solo clic<\/li>\n<li><strong>Arricchimento dei dati:<\/strong> mantieni aggiornati i tuoi dati CRM e qualifica pi\u00f9 facilmente i lead B2B<\/li>\n<li><strong>Selezione del gruppo target:<\/strong> approfitta di una segmentazione B2B unica per un marketing mirato e individuale basato su account<\/li>\n<li><strong>Innescare eventi:<\/strong> identifica le aziende con le esigenze attuali e utilizza gli eventi per i singoli spunti di conversazione<\/li>\n<li><strong>Avvisi di vendita:<\/strong> tieni d&#8217;occhio automaticamente le aziende rilevanti e non perdere mai pi\u00f9 le attuali opportunit\u00e0 di vendita<\/li>\n<li><strong>Banca dati aziendale<\/strong>: utilizza la moderna alternativa al database degli indirizzi e ricevi dati B2B aggiornati e conformi al GDPR<\/li>\n<li><strong>Dossier aziendali a 360\u00b0<\/strong>: ottieni tutte le informazioni importanti sull&#8217;azienda a colpo d&#8217;occhio e risparmia tempo prezioso per la ricerca.<\/li>\n<\/ul>\n<h4>LE RECENSIONI DEGLI UTENTI<\/h4>\n<p class=\"font-weight-bold mb-2\"><strong>Philipp M.&#8221;Parte integrante del nostro lavoro quotidiano&#8221;<\/strong><\/p>\n<p class=\"font-weight-bold mb-2\"><strong>Commenti<\/strong>: aumentare la produttivit\u00e0 nello sviluppo delle vendite<\/p>\n<p><strong>Pro<\/strong>:\u00a0echobot offre nuove opportunit\u00e0 per un moderno approccio allo sviluppo delle vendite. stiamo costruendo nuovi servizi di supporto alle vendite attorno a questa tecnologia.<\/p>\n<p><strong>Contro<\/strong>:\u00a0anche se la qualit\u00e0 complessiva dei dati \u00e8 davvero buona, di tanto in tanto vediamo alcuni problemi di qualit\u00e0 dei dati<\/p>\n<p class=\"font-weight-bold mb-2\"><strong>Markus C.&#8221;Echobot &#8211; il tuo coltellino svizzero per le vendite&#8221;<\/strong><\/p>\n<p class=\"font-weight-bold mb-2\"><strong>Commenti<\/strong>: Approccio pi\u00f9 efficace all&#8217;acquisizione; aiuta a trovare l&#8217;ago nel pagliaio<\/p>\n<p><strong>Pro<\/strong>:\u00a0Lead e pubblico di destinazione nel modo pi\u00f9 veloce, facile integrazione con Salesforce<\/p>\n<p><strong>Contro<\/strong>:\u00a0Inizialmente, l&#8217;integrazione in Salesforce presentava piccole difficolt\u00e0: di tanto in tanto, nei risultati compaiono societ\u00e0 inadeguate, a causa di informazioni errate fornite dalle societ\u00e0<\/p>\n<p class=\"font-weight-bold mb-2\"><strong>Benjamin H.&#8221;Soluzione perfetta per i dati dei clienti&#8221;<\/strong><\/p>\n<p><strong>Commenti<\/strong>: Buon supporto, buona soluzione. Tutto positivo!<\/p>\n<p><strong>Pro<\/strong>:\u00a0Facile da usare e tutte le informazioni su un potenziale cliente con un clic<\/p>\n<p><strong>Contro<\/strong>:\u00a0L&#8217;ho conosciuto solo adesso<\/p>\n","protected":false},"excerpt":{"rendered":"<p>Echobot \u00e8 una soluzione basata su cloud progettata per aiutare le aziende di tutte le dimensioni ad automatizzare i processi di vendita e marketing. Il software consente alle organizzazioni di digitalizzare tutti i processi di vendita, dalla pianificazione alla distribuzione, alla gestione dei lead e al supporto post-vendita.<\/p>\n","protected":false},"author":16,"featured_media":53924,"parent":53694,"menu_order":0,"comment_status":"open","ping_status":"closed","template":"g1_template_page_review_new.php","meta":{"_acf_changed":false,"cwp_meta_box_check":"No","cwp_rev_product_name":"","cwp_rev_product_image":"","wppr_links":[],"cwp_rev_price":"","wppr_options":[],"wppr_pros":[],"wppr_cons":[],"_monsterinsights_skip_tracking":false,"_monsterinsights_sitenote_active":false,"_monsterinsights_sitenote_note":"","_monsterinsights_sitenote_category":0,"footnotes":""},"categories":[12005],"tags":[12103,5690,12088,12087,12022,12104],"features":[],"class_list":{"0":"post-53923","1":"page","2":"type-page","3":"status-publish","4":"has-post-thumbnail","6":"category-software-gestione-accurata-dati-cat","7":"tag-echobot","8":"tag-gestione-dati","9":"tag-piattaforma-per-gestione-dati","10":"tag-programma-per-gestione-dati","11":"tag-software-gestione-dati","12":"tag-soluzione-gestione-dei-dati"},"wppr_data":{"cwp_meta_box_check":"No"},"acf":[],"yoast_head":"<!-- This site is optimized with the Yoast SEO plugin v27.4 - https:\/\/yoast.com\/product\/yoast-seo-wordpress\/ -->\n<title>Echobot: recensione software per gestire i dati - Accurate Reviews<\/title>\n<meta name=\"description\" content=\"Echobot: recensione soluzione basata su cloud progettata per aiutare le aziende di tutte le dimensioni ad automatizzare processi di vendita.\" \/>\n<meta name=\"robots\" content=\"index, follow, max-snippet:-1, max-image-preview:large, max-video-preview:-1\" \/>\n<link rel=\"canonical\" href=\"https:\/\/www.accuratereviews.com\/it\/software-gestione-accurata-dati\/echobot-recensione\/\" \/>\n<meta property=\"og:locale\" content=\"it_IT\" \/>\n<meta property=\"og:type\" content=\"article\" \/>\n<meta property=\"og:title\" content=\"Echobot: recensione software per gestire i dati - Accurate Reviews\" \/>\n<meta property=\"og:description\" content=\"Echobot: recensione soluzione basata su cloud progettata per aiutare le aziende di tutte le dimensioni ad automatizzare processi di vendita.\" \/>\n<meta property=\"og:url\" content=\"https:\/\/www.accuratereviews.com\/it\/software-gestione-accurata-dati\/echobot-recensione\/\" \/>\n<meta property=\"og:site_name\" content=\"Accurate Reviews\" \/>\n<meta property=\"og:image\" content=\"https:\/\/www.accuratereviews.com\/wp-content\/uploads\/2022\/02\/Echobot.webp\" \/>\n\t<meta property=\"og:image:width\" content=\"384\" \/>\n\t<meta property=\"og:image:height\" content=\"384\" \/>\n\t<meta property=\"og:image:type\" content=\"image\/webp\" \/>\n<meta name=\"twitter:card\" content=\"summary_large_image\" \/>\n<meta name=\"twitter:label1\" content=\"Tempo di lettura stimato\" \/>\n\t<meta name=\"twitter:data1\" content=\"3 minuti\" \/>\n<script type=\"application\/ld+json\" class=\"yoast-schema-graph\">{\"@context\":\"https:\\\/\\\/schema.org\",\"@graph\":[{\"@type\":\"WebPage\",\"@id\":\"https:\\\/\\\/www.accuratereviews.com\\\/it\\\/software-gestione-accurata-dati\\\/echobot-recensione\\\/\",\"url\":\"https:\\\/\\\/www.accuratereviews.com\\\/it\\\/software-gestione-accurata-dati\\\/echobot-recensione\\\/\",\"name\":\"Echobot: recensione software per gestire i dati - Accurate Reviews\",\"isPartOf\":{\"@id\":\"https:\\\/\\\/www.accuratereviews.com\\\/it\\\/#website\"},\"primaryImageOfPage\":{\"@id\":\"https:\\\/\\\/www.accuratereviews.com\\\/it\\\/software-gestione-accurata-dati\\\/echobot-recensione\\\/#primaryimage\"},\"image\":{\"@id\":\"https:\\\/\\\/www.accuratereviews.com\\\/it\\\/software-gestione-accurata-dati\\\/echobot-recensione\\\/#primaryimage\"},\"thumbnailUrl\":\"https:\\\/\\\/www.accuratereviews.com\\\/wp-content\\\/uploads\\\/2022\\\/02\\\/Echobot.webp\",\"datePublished\":\"2022-02-18T11:31:04+00:00\",\"description\":\"Echobot: recensione soluzione basata su cloud progettata per aiutare le aziende di tutte le dimensioni ad automatizzare processi di vendita.\",\"breadcrumb\":{\"@id\":\"https:\\\/\\\/www.accuratereviews.com\\\/it\\\/software-gestione-accurata-dati\\\/echobot-recensione\\\/#breadcrumb\"},\"inLanguage\":\"it-IT\",\"potentialAction\":[{\"@type\":\"ReadAction\",\"target\":[\"https:\\\/\\\/www.accuratereviews.com\\\/it\\\/software-gestione-accurata-dati\\\/echobot-recensione\\\/\"]}]},{\"@type\":\"ImageObject\",\"inLanguage\":\"it-IT\",\"@id\":\"https:\\\/\\\/www.accuratereviews.com\\\/it\\\/software-gestione-accurata-dati\\\/echobot-recensione\\\/#primaryimage\",\"url\":\"https:\\\/\\\/www.accuratereviews.com\\\/wp-content\\\/uploads\\\/2022\\\/02\\\/Echobot.webp\",\"contentUrl\":\"https:\\\/\\\/www.accuratereviews.com\\\/wp-content\\\/uploads\\\/2022\\\/02\\\/Echobot.webp\",\"width\":384,\"height\":384},{\"@type\":\"BreadcrumbList\",\"@id\":\"https:\\\/\\\/www.accuratereviews.com\\\/it\\\/software-gestione-accurata-dati\\\/echobot-recensione\\\/#breadcrumb\",\"itemListElement\":[{\"@type\":\"ListItem\",\"position\":1,\"name\":\"Home\",\"item\":\"https:\\\/\\\/www.accuratereviews.com\\\/it\\\/\"},{\"@type\":\"ListItem\",\"position\":2,\"name\":\"Software per la gestione accurata dei dati\",\"item\":\"https:\\\/\\\/www.accuratereviews.com\\\/it\\\/software-gestione-accurata-dati\\\/\"},{\"@type\":\"ListItem\",\"position\":3,\"name\":\"Echobot\"}]},{\"@type\":\"WebSite\",\"@id\":\"https:\\\/\\\/www.accuratereviews.com\\\/it\\\/#website\",\"url\":\"https:\\\/\\\/www.accuratereviews.com\\\/it\\\/\",\"name\":\"Accurate Reviews\",\"description\":\"\",\"potentialAction\":[{\"@type\":\"SearchAction\",\"target\":{\"@type\":\"EntryPoint\",\"urlTemplate\":\"https:\\\/\\\/www.accuratereviews.com\\\/it\\\/?s={search_term_string}\"},\"query-input\":{\"@type\":\"PropertyValueSpecification\",\"valueRequired\":true,\"valueName\":\"search_term_string\"}}],\"inLanguage\":\"it-IT\"}]}<\/script>\n<!-- \/ Yoast SEO plugin. -->","yoast_head_json":{"title":"Echobot: recensione software per gestire i dati - Accurate Reviews","description":"Echobot: recensione soluzione basata su cloud progettata per aiutare le aziende di tutte le dimensioni ad automatizzare processi di vendita.","robots":{"index":"index","follow":"follow","max-snippet":"max-snippet:-1","max-image-preview":"max-image-preview:large","max-video-preview":"max-video-preview:-1"},"canonical":"https:\/\/www.accuratereviews.com\/it\/software-gestione-accurata-dati\/echobot-recensione\/","og_locale":"it_IT","og_type":"article","og_title":"Echobot: recensione software per gestire i dati - Accurate Reviews","og_description":"Echobot: recensione soluzione basata su cloud progettata per aiutare le aziende di tutte le dimensioni ad automatizzare processi di vendita.","og_url":"https:\/\/www.accuratereviews.com\/it\/software-gestione-accurata-dati\/echobot-recensione\/","og_site_name":"Accurate Reviews","og_image":[{"width":384,"height":384,"url":"https:\/\/www.accuratereviews.com\/wp-content\/uploads\/2022\/02\/Echobot.webp","type":"image\/webp"}],"twitter_card":"summary_large_image","twitter_misc":{"Tempo di lettura stimato":"3 minuti"},"schema":{"@context":"https:\/\/schema.org","@graph":[{"@type":"WebPage","@id":"https:\/\/www.accuratereviews.com\/it\/software-gestione-accurata-dati\/echobot-recensione\/","url":"https:\/\/www.accuratereviews.com\/it\/software-gestione-accurata-dati\/echobot-recensione\/","name":"Echobot: recensione software per gestire i dati - Accurate Reviews","isPartOf":{"@id":"https:\/\/www.accuratereviews.com\/it\/#website"},"primaryImageOfPage":{"@id":"https:\/\/www.accuratereviews.com\/it\/software-gestione-accurata-dati\/echobot-recensione\/#primaryimage"},"image":{"@id":"https:\/\/www.accuratereviews.com\/it\/software-gestione-accurata-dati\/echobot-recensione\/#primaryimage"},"thumbnailUrl":"https:\/\/www.accuratereviews.com\/wp-content\/uploads\/2022\/02\/Echobot.webp","datePublished":"2022-02-18T11:31:04+00:00","description":"Echobot: recensione soluzione basata su cloud progettata per aiutare le aziende di tutte le dimensioni ad automatizzare processi di vendita.","breadcrumb":{"@id":"https:\/\/www.accuratereviews.com\/it\/software-gestione-accurata-dati\/echobot-recensione\/#breadcrumb"},"inLanguage":"it-IT","potentialAction":[{"@type":"ReadAction","target":["https:\/\/www.accuratereviews.com\/it\/software-gestione-accurata-dati\/echobot-recensione\/"]}]},{"@type":"ImageObject","inLanguage":"it-IT","@id":"https:\/\/www.accuratereviews.com\/it\/software-gestione-accurata-dati\/echobot-recensione\/#primaryimage","url":"https:\/\/www.accuratereviews.com\/wp-content\/uploads\/2022\/02\/Echobot.webp","contentUrl":"https:\/\/www.accuratereviews.com\/wp-content\/uploads\/2022\/02\/Echobot.webp","width":384,"height":384},{"@type":"BreadcrumbList","@id":"https:\/\/www.accuratereviews.com\/it\/software-gestione-accurata-dati\/echobot-recensione\/#breadcrumb","itemListElement":[{"@type":"ListItem","position":1,"name":"Home","item":"https:\/\/www.accuratereviews.com\/it\/"},{"@type":"ListItem","position":2,"name":"Software per la gestione accurata dei dati","item":"https:\/\/www.accuratereviews.com\/it\/software-gestione-accurata-dati\/"},{"@type":"ListItem","position":3,"name":"Echobot"}]},{"@type":"WebSite","@id":"https:\/\/www.accuratereviews.com\/it\/#website","url":"https:\/\/www.accuratereviews.com\/it\/","name":"Accurate Reviews","description":"","potentialAction":[{"@type":"SearchAction","target":{"@type":"EntryPoint","urlTemplate":"https:\/\/www.accuratereviews.com\/it\/?s={search_term_string}"},"query-input":{"@type":"PropertyValueSpecification","valueRequired":true,"valueName":"search_term_string"}}],"inLanguage":"it-IT"}]}},"_links":{"self":[{"href":"https:\/\/www.accuratereviews.com\/it\/wp-json\/wp\/v2\/pages\/53923","targetHints":{"allow":["GET"]}}],"collection":[{"href":"https:\/\/www.accuratereviews.com\/it\/wp-json\/wp\/v2\/pages"}],"about":[{"href":"https:\/\/www.accuratereviews.com\/it\/wp-json\/wp\/v2\/types\/page"}],"author":[{"embeddable":true,"href":"https:\/\/www.accuratereviews.com\/it\/wp-json\/wp\/v2\/users\/16"}],"replies":[{"embeddable":true,"href":"https:\/\/www.accuratereviews.com\/it\/wp-json\/wp\/v2\/comments?post=53923"}],"version-history":[{"count":9,"href":"https:\/\/www.accuratereviews.com\/it\/wp-json\/wp\/v2\/pages\/53923\/revisions"}],"predecessor-version":[{"id":53964,"href":"https:\/\/www.accuratereviews.com\/it\/wp-json\/wp\/v2\/pages\/53923\/revisions\/53964"}],"up":[{"embeddable":true,"href":"https:\/\/www.accuratereviews.com\/it\/wp-json\/wp\/v2\/pages\/53694"}],"wp:featuredmedia":[{"embeddable":true,"href":"https:\/\/www.accuratereviews.com\/it\/wp-json\/wp\/v2\/media\/53924"}],"wp:attachment":[{"href":"https:\/\/www.accuratereviews.com\/it\/wp-json\/wp\/v2\/media?parent=53923"}],"wp:term":[{"taxonomy":"category","embeddable":true,"href":"https:\/\/www.accuratereviews.com\/it\/wp-json\/wp\/v2\/categories?post=53923"},{"taxonomy":"post_tag","embeddable":true,"href":"https:\/\/www.accuratereviews.com\/it\/wp-json\/wp\/v2\/tags?post=53923"},{"taxonomy":"features","embeddable":true,"href":"https:\/\/www.accuratereviews.com\/it\/wp-json\/wp\/v2\/features?post=53923"}],"curies":[{"name":"wp","href":"https:\/\/api.w.org\/{rel}","templated":true}]}}