{"id":54023,"date":"2022-02-22T11:40:19","date_gmt":"2022-02-22T11:40:19","guid":{"rendered":"https:\/\/www.accuratereviews.com\/?page_id=54023"},"modified":"2022-02-22T11:40:19","modified_gmt":"2022-02-22T11:40:19","slug":"open-bridge-recensione","status":"publish","type":"page","link":"https:\/\/www.accuratereviews.com\/it\/software-gestione-accurata-dati\/open-bridge-recensione\/","title":{"rendered":"Open Bridge"},"content":{"rendered":"<p><strong>Open Bridge<\/strong> \u00e8 un <strong>software di gestione dei dati on-premise<\/strong> e basato su <strong>cloud<\/strong> che fornisce alle aziende strumenti per estrarre, raccogliere e integrare i dati aziendali su una piattaforma centralizzata. I supervisori possono utilizzare la dashboard per pianificare i flussi di lavoro operativi, gestire e configurare le autorizzazioni di accesso per individui specifici. Il programma\u00a0consente alle organizzazioni di monitorare e ottenere una panoramica dei processi operativi attraverso gli indicatori chiave di prestazione (KPI). L&#8217;applicazione utilizza la tecnologia di intelligenza artificiale (AI) e algoritmi di apprendimento automatico per connettere e inviare informazioni critiche ai centri di comando delle risorse. Consente inoltre agli utenti di proteggere i dati riservati in conformit\u00e0 con le normative GDPR e Payment Services Directory II (PSD2).\u00a0Open Bridge facilita l&#8217;integrazione con varie applicazioni di gestione delle relazioni con i clienti (CRM), pianificazione delle risorse aziendali (ERP) e altre applicazioni di terze parti.<\/p>\n<h2>OPEN BRIDGE &#8211; TUTORIAL<\/h2>\n<p>Ecco un video in cui mostra in quali settori questo <strong>software di gestione dei dati<\/strong> pu\u00f2 essere utilizzato:<\/p>\n<div id=\"fluid-wrapper-counter-1\" class=\"g1-fluid-wrapper \" style=\"width:686px;\">\n<div style=\"padding-bottom:56.268221574344%;\"><iframe loading=\"lazy\" title=\"Airpim - Open Bridge - Identity Management - ITA\" src=\"https:\/\/player.vimeo.com\/video\/479775200?h=1a465909ae&amp;dnt=1&amp;app_id=122963?title=0&amp;byline=0&amp;portrait=0\" width=\"686\" height=\"386\" frameborder=\"0\" allow=\"autoplay; fullscreen; picture-in-picture\" allowfullscreen><\/iframe><\/div>\n<\/div>\n<h3>OPEN BRIDGE &#8211; CARATTERISTICHE<\/h3>\n<ul>\n<li><strong>Automatizza i processi<\/strong>: sfrutta al massimo le potenzialit\u00e0 presenti, individua inefficienze e crea risorse da investire nella crescita<\/li>\n<li><strong>Connette le persone<\/strong>: mette in relazione collaboratori, clienti e fornitori affinch\u00e9 ognuno abbia accesso all\u2019informazione corretta e aggiornata, quando e dove serve<\/li>\n<li><strong>Integra i sistemi<\/strong>: dialoga con i sistemi informativi gi\u00e0 presenti (CRM, ERP, documentali, &#8230;) ed interagisce con i macchinari (PLC, IoT,&#8230;)<\/li>\n<li><strong>Controlla il lavoro:<\/strong> verifica costantemente lo stato di avanzamento dei lavori e monitora gli indicatori chiave sempre aggiornati in tempo reale<\/li>\n<li><strong>Protegge i dati<\/strong>: tutela il tuo vantaggio competitivo: know how, esperienza e processi operativi, racchiusi in un unico strumento<\/li>\n<li><strong>Guarda lontano<\/strong>: prepara la tua azienda per il futuro poich\u00e9 questo software \u00e8 all\u2019avanguardia costruito per essere sempre attuale<\/li>\n<li><strong>Dash<\/strong>: interfaccia principale per amministrare le autorizzazioni di accesso al sistema e programmare i flussi operativi. Identifica, autorizza e raccoglie i dati generati da persone e oggetti<\/li>\n<li class=\"media pb-3\">\n<div class=\"bg-light p-3 rounded d-flex align-items-center justify-content-center mr-3\"><strong>Flow<\/strong>: motore di work flow che gestisce e coordina lo scambio dati tra i moduli DASH, EDGE e i servizi di terzi (es. web, social, api dati, ecc&#8230;)<\/div>\n<\/li>\n<li class=\"media pb-3\">\n<div class=\"bg-light p-3 rounded d-flex align-items-center justify-content-center mr-3\"><strong>Edge<\/strong>: potenzia i macchinari con nuove capacit\u00e0 di calcolo e algoritmi intelligenti (computer vision, machine learning, ai ecc&#8230;). Invia i dati al centro di comando e riceve le azioni da intraprendere<\/div>\n<\/li>\n<li><strong>Identity<\/strong>: accesso sicuro ai dati aziendali. Passwordless, GDPR &amp; PSD2 complaince<\/li>\n<li><strong>Analisi<\/strong>: raccolta dati, ottimizzazione e monitoraggio dei processi produttivi<\/li>\n<li><strong>Machine Learning<\/strong>: apprendimento automatico e utilizzo di algoritmi di correlazione.<\/li>\n<\/ul>\n<h4>LE RECENSIONI DEGLI UTENTI<\/h4>\n<p class=\"font-weight-bold mb-2\"><strong>Eleonora C.&#8221;Qualit\u00e0 che emergono gi\u00e0 dalla DEMO&#8221;<\/strong><\/p>\n<p class=\"font-weight-bold mb-2\"><strong>Pro<\/strong>:\u00a0Ho partecipato solo alla DEMO ma sicuramente i punti di forza sembrano flessibilit\u00e0, facilit\u00e0 di installazione e integrazione con i sistemi informativi gi\u00e0 presenti<\/p>\n<p class=\"font-weight-bold mb-2\"><strong>Contro<\/strong>:\u00a0Il prodotto sembra di facile utilizzo. Avendo partecipato solo alla DEMO non saprei dire cosa modificare<\/p>\n<p class=\"font-weight-bold mb-2\"><strong>Ottavia G.&#8221;Demo Open Bridge&#8221;<\/strong><\/p>\n<p><span class=\"font-weight-bold\"><strong>Commenti<\/strong>: <\/span>Ho seguito una demo e servizio a parte, che mi sembra molto interessante, ho trovato in Airpim molta professionalit\u00e0 e competenza<\/p>\n<p class=\"font-weight-bold mb-2\"><strong>Pro<\/strong>:\u00a0Il servizio sembra completo, di facile navigazione e open<\/p>\n<p class=\"font-weight-bold mb-2\"><strong>Contro<\/strong>:\u00a0Purtroppo avendo visto solo una demo \u00e8 un po&#8217; difficile descrivere gli inconvienienti<\/p>\n<p class=\"font-weight-bold mb-2\"><strong>Enrico B.&#8221;Software eccezionale&#8221;<\/strong><\/p>\n<p class=\"font-weight-bold mb-2\"><strong>Pro<\/strong>:\u00a0Facilit\u00e0 per integrazione dati. Davvero una svolta.<\/p>\n<p class=\"font-weight-bold mb-2\"><strong>Contro<\/strong>:\u00a0Non vi sono inconvenienti da riportare. Il software \u00e8 di immediato e facile utilizzo.<\/p>\n","protected":false},"excerpt":{"rendered":"<p>Open Bridge \u00e8 un software di gestione dei dati on-premise e basato su cloud che fornisce alle aziende strumenti per estrarre, raccogliere e integrare i dati aziendali su una piattaforma centralizzata. I supervisori possono utilizzare la dashboard per pianificare i flussi di lavoro operativi, gestire e configurare le autorizzazioni di accesso per individui specifici.<\/p>\n","protected":false},"author":16,"featured_media":54032,"parent":53694,"menu_order":0,"comment_status":"open","ping_status":"closed","template":"g1_template_page_review_new.php","meta":{"_acf_changed":false,"cwp_meta_box_check":"No","cwp_rev_product_name":"","cwp_rev_product_image":"","wppr_links":[],"cwp_rev_price":"","wppr_options":[],"wppr_pros":[],"wppr_cons":[],"_monsterinsights_skip_tracking":false,"_monsterinsights_sitenote_active":false,"_monsterinsights_sitenote_note":"","_monsterinsights_sitenote_category":0,"footnotes":""},"categories":[12005],"tags":[5690,12120,12117,12116,12022,12119],"features":[],"class_list":{"0":"post-54023","1":"page","2":"type-page","3":"status-publish","4":"has-post-thumbnail","6":"category-software-gestione-accurata-dati-cat","7":"tag-gestione-dati","8":"tag-open-bridge","9":"tag-piattaforma-gestione-dati","10":"tag-programma-gestione-dati","11":"tag-software-gestione-dati","12":"tag-soluzione-gestione-dati"},"wppr_data":{"cwp_meta_box_check":"No"},"acf":[],"yoast_head":"<!-- This site is optimized with the Yoast SEO plugin v27.4 - https:\/\/yoast.com\/product\/yoast-seo-wordpress\/ -->\n<title>Open Bridge: recensione software per gestione dati - Accurate Reviews<\/title>\n<meta name=\"description\" content=\"Open Bridge: recensione software gestione dati basato su cloud che fornisce ad aziende strumenti per estrarre, raccogliere e integrare dati.\" \/>\n<meta name=\"robots\" content=\"index, follow, max-snippet:-1, max-image-preview:large, max-video-preview:-1\" \/>\n<link rel=\"canonical\" href=\"https:\/\/www.accuratereviews.com\/it\/software-gestione-accurata-dati\/open-bridge-recensione\/\" \/>\n<meta property=\"og:locale\" content=\"it_IT\" \/>\n<meta property=\"og:type\" content=\"article\" \/>\n<meta property=\"og:title\" content=\"Open Bridge: recensione software per gestione dati - Accurate Reviews\" \/>\n<meta property=\"og:description\" content=\"Open Bridge: recensione software gestione dati basato su cloud che fornisce ad aziende strumenti per estrarre, raccogliere e integrare dati.\" \/>\n<meta property=\"og:url\" content=\"https:\/\/www.accuratereviews.com\/it\/software-gestione-accurata-dati\/open-bridge-recensione\/\" \/>\n<meta property=\"og:site_name\" content=\"Accurate Reviews\" \/>\n<meta property=\"og:image\" content=\"https:\/\/www.accuratereviews.com\/wp-content\/uploads\/2022\/02\/Schermata-2022-02-22-alle-09.01.38.png\" \/>\n\t<meta property=\"og:image:width\" content=\"550\" \/>\n\t<meta property=\"og:image:height\" content=\"428\" \/>\n\t<meta property=\"og:image:type\" content=\"image\/png\" \/>\n<meta name=\"twitter:card\" content=\"summary_large_image\" \/>\n<meta name=\"twitter:label1\" content=\"Tempo di lettura stimato\" \/>\n\t<meta name=\"twitter:data1\" content=\"3 minuti\" \/>\n<script type=\"application\/ld+json\" class=\"yoast-schema-graph\">{\"@context\":\"https:\\\/\\\/schema.org\",\"@graph\":[{\"@type\":\"WebPage\",\"@id\":\"https:\\\/\\\/www.accuratereviews.com\\\/it\\\/software-gestione-accurata-dati\\\/open-bridge-recensione\\\/\",\"url\":\"https:\\\/\\\/www.accuratereviews.com\\\/it\\\/software-gestione-accurata-dati\\\/open-bridge-recensione\\\/\",\"name\":\"Open Bridge: recensione software per gestione dati - Accurate Reviews\",\"isPartOf\":{\"@id\":\"https:\\\/\\\/www.accuratereviews.com\\\/it\\\/#website\"},\"primaryImageOfPage\":{\"@id\":\"https:\\\/\\\/www.accuratereviews.com\\\/it\\\/software-gestione-accurata-dati\\\/open-bridge-recensione\\\/#primaryimage\"},\"image\":{\"@id\":\"https:\\\/\\\/www.accuratereviews.com\\\/it\\\/software-gestione-accurata-dati\\\/open-bridge-recensione\\\/#primaryimage\"},\"thumbnailUrl\":\"https:\\\/\\\/www.accuratereviews.com\\\/wp-content\\\/uploads\\\/2022\\\/02\\\/Schermata-2022-02-22-alle-09.01.38.png\",\"datePublished\":\"2022-02-22T11:40:19+00:00\",\"description\":\"Open Bridge: recensione software gestione dati basato su cloud che fornisce ad aziende strumenti per estrarre, raccogliere e integrare dati.\",\"breadcrumb\":{\"@id\":\"https:\\\/\\\/www.accuratereviews.com\\\/it\\\/software-gestione-accurata-dati\\\/open-bridge-recensione\\\/#breadcrumb\"},\"inLanguage\":\"it-IT\",\"potentialAction\":[{\"@type\":\"ReadAction\",\"target\":[\"https:\\\/\\\/www.accuratereviews.com\\\/it\\\/software-gestione-accurata-dati\\\/open-bridge-recensione\\\/\"]}]},{\"@type\":\"ImageObject\",\"inLanguage\":\"it-IT\",\"@id\":\"https:\\\/\\\/www.accuratereviews.com\\\/it\\\/software-gestione-accurata-dati\\\/open-bridge-recensione\\\/#primaryimage\",\"url\":\"https:\\\/\\\/www.accuratereviews.com\\\/wp-content\\\/uploads\\\/2022\\\/02\\\/Schermata-2022-02-22-alle-09.01.38.png\",\"contentUrl\":\"https:\\\/\\\/www.accuratereviews.com\\\/wp-content\\\/uploads\\\/2022\\\/02\\\/Schermata-2022-02-22-alle-09.01.38.png\",\"width\":550,\"height\":428},{\"@type\":\"BreadcrumbList\",\"@id\":\"https:\\\/\\\/www.accuratereviews.com\\\/it\\\/software-gestione-accurata-dati\\\/open-bridge-recensione\\\/#breadcrumb\",\"itemListElement\":[{\"@type\":\"ListItem\",\"position\":1,\"name\":\"Home\",\"item\":\"https:\\\/\\\/www.accuratereviews.com\\\/it\\\/\"},{\"@type\":\"ListItem\",\"position\":2,\"name\":\"Software per la gestione accurata dei dati\",\"item\":\"https:\\\/\\\/www.accuratereviews.com\\\/it\\\/software-gestione-accurata-dati\\\/\"},{\"@type\":\"ListItem\",\"position\":3,\"name\":\"Open Bridge\"}]},{\"@type\":\"WebSite\",\"@id\":\"https:\\\/\\\/www.accuratereviews.com\\\/it\\\/#website\",\"url\":\"https:\\\/\\\/www.accuratereviews.com\\\/it\\\/\",\"name\":\"Accurate Reviews\",\"description\":\"\",\"potentialAction\":[{\"@type\":\"SearchAction\",\"target\":{\"@type\":\"EntryPoint\",\"urlTemplate\":\"https:\\\/\\\/www.accuratereviews.com\\\/it\\\/?s={search_term_string}\"},\"query-input\":{\"@type\":\"PropertyValueSpecification\",\"valueRequired\":true,\"valueName\":\"search_term_string\"}}],\"inLanguage\":\"it-IT\"}]}<\/script>\n<!-- \/ Yoast SEO plugin. -->","yoast_head_json":{"title":"Open Bridge: recensione software per gestione dati - Accurate Reviews","description":"Open Bridge: recensione software gestione dati basato su cloud che fornisce ad aziende strumenti per estrarre, raccogliere e integrare dati.","robots":{"index":"index","follow":"follow","max-snippet":"max-snippet:-1","max-image-preview":"max-image-preview:large","max-video-preview":"max-video-preview:-1"},"canonical":"https:\/\/www.accuratereviews.com\/it\/software-gestione-accurata-dati\/open-bridge-recensione\/","og_locale":"it_IT","og_type":"article","og_title":"Open Bridge: recensione software per gestione dati - Accurate Reviews","og_description":"Open Bridge: recensione software gestione dati basato su cloud che fornisce ad aziende strumenti per estrarre, raccogliere e integrare dati.","og_url":"https:\/\/www.accuratereviews.com\/it\/software-gestione-accurata-dati\/open-bridge-recensione\/","og_site_name":"Accurate Reviews","og_image":[{"width":550,"height":428,"url":"https:\/\/www.accuratereviews.com\/wp-content\/uploads\/2022\/02\/Schermata-2022-02-22-alle-09.01.38.png","type":"image\/png"}],"twitter_card":"summary_large_image","twitter_misc":{"Tempo di lettura stimato":"3 minuti"},"schema":{"@context":"https:\/\/schema.org","@graph":[{"@type":"WebPage","@id":"https:\/\/www.accuratereviews.com\/it\/software-gestione-accurata-dati\/open-bridge-recensione\/","url":"https:\/\/www.accuratereviews.com\/it\/software-gestione-accurata-dati\/open-bridge-recensione\/","name":"Open Bridge: recensione software per gestione dati - Accurate Reviews","isPartOf":{"@id":"https:\/\/www.accuratereviews.com\/it\/#website"},"primaryImageOfPage":{"@id":"https:\/\/www.accuratereviews.com\/it\/software-gestione-accurata-dati\/open-bridge-recensione\/#primaryimage"},"image":{"@id":"https:\/\/www.accuratereviews.com\/it\/software-gestione-accurata-dati\/open-bridge-recensione\/#primaryimage"},"thumbnailUrl":"https:\/\/www.accuratereviews.com\/wp-content\/uploads\/2022\/02\/Schermata-2022-02-22-alle-09.01.38.png","datePublished":"2022-02-22T11:40:19+00:00","description":"Open Bridge: recensione software gestione dati basato su cloud che fornisce ad aziende strumenti per estrarre, raccogliere e integrare dati.","breadcrumb":{"@id":"https:\/\/www.accuratereviews.com\/it\/software-gestione-accurata-dati\/open-bridge-recensione\/#breadcrumb"},"inLanguage":"it-IT","potentialAction":[{"@type":"ReadAction","target":["https:\/\/www.accuratereviews.com\/it\/software-gestione-accurata-dati\/open-bridge-recensione\/"]}]},{"@type":"ImageObject","inLanguage":"it-IT","@id":"https:\/\/www.accuratereviews.com\/it\/software-gestione-accurata-dati\/open-bridge-recensione\/#primaryimage","url":"https:\/\/www.accuratereviews.com\/wp-content\/uploads\/2022\/02\/Schermata-2022-02-22-alle-09.01.38.png","contentUrl":"https:\/\/www.accuratereviews.com\/wp-content\/uploads\/2022\/02\/Schermata-2022-02-22-alle-09.01.38.png","width":550,"height":428},{"@type":"BreadcrumbList","@id":"https:\/\/www.accuratereviews.com\/it\/software-gestione-accurata-dati\/open-bridge-recensione\/#breadcrumb","itemListElement":[{"@type":"ListItem","position":1,"name":"Home","item":"https:\/\/www.accuratereviews.com\/it\/"},{"@type":"ListItem","position":2,"name":"Software per la gestione accurata dei dati","item":"https:\/\/www.accuratereviews.com\/it\/software-gestione-accurata-dati\/"},{"@type":"ListItem","position":3,"name":"Open Bridge"}]},{"@type":"WebSite","@id":"https:\/\/www.accuratereviews.com\/it\/#website","url":"https:\/\/www.accuratereviews.com\/it\/","name":"Accurate Reviews","description":"","potentialAction":[{"@type":"SearchAction","target":{"@type":"EntryPoint","urlTemplate":"https:\/\/www.accuratereviews.com\/it\/?s={search_term_string}"},"query-input":{"@type":"PropertyValueSpecification","valueRequired":true,"valueName":"search_term_string"}}],"inLanguage":"it-IT"}]}},"_links":{"self":[{"href":"https:\/\/www.accuratereviews.com\/it\/wp-json\/wp\/v2\/pages\/54023","targetHints":{"allow":["GET"]}}],"collection":[{"href":"https:\/\/www.accuratereviews.com\/it\/wp-json\/wp\/v2\/pages"}],"about":[{"href":"https:\/\/www.accuratereviews.com\/it\/wp-json\/wp\/v2\/types\/page"}],"author":[{"embeddable":true,"href":"https:\/\/www.accuratereviews.com\/it\/wp-json\/wp\/v2\/users\/16"}],"replies":[{"embeddable":true,"href":"https:\/\/www.accuratereviews.com\/it\/wp-json\/wp\/v2\/comments?post=54023"}],"version-history":[{"count":11,"href":"https:\/\/www.accuratereviews.com\/it\/wp-json\/wp\/v2\/pages\/54023\/revisions"}],"predecessor-version":[{"id":54053,"href":"https:\/\/www.accuratereviews.com\/it\/wp-json\/wp\/v2\/pages\/54023\/revisions\/54053"}],"up":[{"embeddable":true,"href":"https:\/\/www.accuratereviews.com\/it\/wp-json\/wp\/v2\/pages\/53694"}],"wp:featuredmedia":[{"embeddable":true,"href":"https:\/\/www.accuratereviews.com\/it\/wp-json\/wp\/v2\/media\/54032"}],"wp:attachment":[{"href":"https:\/\/www.accuratereviews.com\/it\/wp-json\/wp\/v2\/media?parent=54023"}],"wp:term":[{"taxonomy":"category","embeddable":true,"href":"https:\/\/www.accuratereviews.com\/it\/wp-json\/wp\/v2\/categories?post=54023"},{"taxonomy":"post_tag","embeddable":true,"href":"https:\/\/www.accuratereviews.com\/it\/wp-json\/wp\/v2\/tags?post=54023"},{"taxonomy":"features","embeddable":true,"href":"https:\/\/www.accuratereviews.com\/it\/wp-json\/wp\/v2\/features?post=54023"}],"curies":[{"name":"wp","href":"https:\/\/api.w.org\/{rel}","templated":true}]}}