{"id":54051,"date":"2022-02-22T13:40:00","date_gmt":"2022-02-22T13:40:00","guid":{"rendered":"https:\/\/www.accuratereviews.com\/?page_id=54051"},"modified":"2022-02-23T12:00:35","modified_gmt":"2022-02-23T12:00:35","slug":"cloverdx-recensione","status":"publish","type":"page","link":"https:\/\/www.accuratereviews.com\/it\/software-gestione-accurata-dati\/cloverdx-recensione\/","title":{"rendered":"CloverDX"},"content":{"rendered":"<p><strong>CloverDX<\/strong> \u00e8 un <strong>software per la gestione accurata dei dati<\/strong> che supporta le aziende nella progettazione, automatizzazione, gestione e pubblicazione dei dati. Si tratta di una piattaforma flessibile e personalizzabile che ti permette di gestire cicli iterativi di progettazione-operazione con facilit\u00e0 e in breve tempo.<br \/>\n<strong>CloverDX<\/strong>\u00a0supporta implementazioni cloud, ibride, multi-cloud o tradizionali on-premise e\u00a0offre una serie di corsi di formazione che possono ampliare le tue competenze per aumentare la produttivit\u00e0 e la qualit\u00e0 dei tuoi risultati.<\/p>\n<h2>CLOVERDX &#8211; TUTORIAL<\/h2>\n<p>Di seguito un breve video che ci mostra come funziona questo programma:<\/p>\n<div id=\"fluid-wrapper-counter-1\" class=\"g1-fluid-wrapper \" style=\"width:686px;\">\n<div style=\"padding-bottom:56.268221574344%;\"><iframe loading=\"lazy\" title=\"CloverDX Designer - Data Integration Platform\" width=\"686\" height=\"386\" src=\"https:\/\/www.youtube.com\/embed\/ripMMhMOL0s?feature=oembed&amp;wmode=transparent&amp;autohide=1&amp;autoplay=0&amp;disablekb=0&amp;fs=1&amp;loop=0&amp;enablejsapi=1&amp;rel=0&amp;controls=2&amp;showinfo=0&amp;wmode=transparent&amp;autohide=2&amp;autoplay=0&amp;disablekb=0&amp;fs=1&amp;loop=0&amp;enablejsapi=1&amp;rel=0&amp;controls=2&amp;showinfo=1\" frameborder=\"0\" allow=\"accelerometer; autoplay; clipboard-write; encrypted-media; gyroscope; picture-in-picture\" allowfullscreen><\/iframe><\/div>\n<\/div>\n<h3>CLOVERDX &#8211; CARATTERISTICHE<\/h3>\n<ul>\n<li><strong>Connessione<\/strong>: il massimo della versatilit\u00e0 e della flessibilit\u00e0, CloverDX si connette praticamente a qualsiasi fonte di dati o output. Elimina i silos di dati, evita il vendor lock-in e crea una connessione che \u00e8 nativa per il tuo business<\/li>\n<li><strong>Design<\/strong>: combinando un approccio visivo e codificato, CloverDX pu\u00f2 creare soluzioni efficaci e intuitive per validare, trasformare e spostare i tuoi dati. Questo significa che puoi liberare tempo prezioso per gli sviluppatori senza sacrificare la funzionalit\u00e0, rendendo al contempo i processi precedentemente complessi pi\u00f9 accessibili agli utenti aziendali<\/li>\n<li><b>Automatizzazione<\/b>: puoi orchestrare processi complessi dalla A alla Z e ogni tappa intermedia. Con l&#8217;approccio automation-first di CloverDX, puoi eliminare le attivit\u00e0 ripetitive, ridurre i tempi di consegna dei dati, aumentare la fiducia nei dati e migliorare la scalabilit\u00e0. Ma una buona automazione non si limita a eseguire singole funzioni, ma le contestualizza all&#8217;interno di processi aziendali pi\u00f9 ampi<\/li>\n<li><strong>Operativit\u00e0<\/strong>: una solida capacit\u00e0 operativa non deve necessariamente significare un&#8217;esecuzione ingombrante. CloverDX pu\u00f2 essere implementato e gestito in un runtime agile e scalabile, sia on-premise che nel cloud, aiutandoti a ridurre il rischio di downtime e ad offrire uno SLA di alto livello. CloverDX \u00e8 una soluzione agile che pu\u00f2 crescere con le tue esigenze di dati<\/li>\n<li><strong>Pubblicazione<\/strong>: crea output di dati che si adattano perfettamente alle persone che devono utilizzarli. Una volta che i tuoi dati sono stati convalidati, trasformati e spostati secondo le tue esigenze, CloverDX pu\u00f2 renderli disponibili in qualsiasi formato e forma, inclusi file, database, API e code.<\/li>\n<\/ul>\n<h4>LE RECENSIONI DEGLI UTENTI<\/h4>\n<p><strong>Miguel D. &#8220;SQL Upload&#8221;<\/strong><br \/>\nPRO: facile da usare. Strumenti di visualizzazione molto buoni e semplici. Ottimo supporto clienti.<br \/>\nCONTRO: non \u00e8 pi\u00f9 possibile acquistare una singola licenza di progettazione, quindi il prezzo totale pu\u00f2 essere costoso per piccole applicazioni.<\/p>\n<p><strong>Janos T. &#8220;Recensione di CloverDX&#8221;<\/strong><br \/>\nCOMMENTI: movimento e trasformazione dei dati tra applicazioni aziendali.<br \/>\nPRO: stabile, molti connettori, builder facile da usare,<br \/>\nCONTRO: non ha il connettore TCP socket, quindi in questo caso abbiamo bisogno di usare un software di terze parti che converta il flusso tcp socket in file.<\/p>\n<p><strong>Niladri M. &#8220;Facile da installare e configurare&#8221;<\/strong><br \/>\nPRO: ha un processo molto ben documentato per impostare l&#8217;applicazione. Il servizio clienti \u00e8 reattivo. L&#8217;UI \u00e8 molto facile da capire.<br \/>\nCONTRO: manca il mascheramento della password.<\/p>\n","protected":false},"excerpt":{"rendered":"<p>CloverDX \u00e8 un software per la gestione accurata dei dati che supporta le aziende nella progettazione, automatizzazione, gestione e pubblicazione dei dati. Si tratta di una piattaforma flessibile e personalizzabile che ti permette di gestire cicli iterativi di progettazione-operazione con facilit\u00e0 e in breve tempo.\u00a0<\/p>\n","protected":false},"author":17,"featured_media":54057,"parent":53694,"menu_order":0,"comment_status":"open","ping_status":"closed","template":"g1_template_page_review_new.php","meta":{"_acf_changed":false,"cwp_meta_box_check":"No","cwp_rev_product_name":"","cwp_rev_product_image":"","wppr_links":[],"cwp_rev_price":"","wppr_options":[],"wppr_pros":[],"wppr_cons":[],"_monsterinsights_skip_tracking":false,"_monsterinsights_sitenote_active":false,"_monsterinsights_sitenote_note":"","_monsterinsights_sitenote_category":0,"footnotes":""},"categories":[12005],"tags":[12018,12021,12020,12017,12019],"features":[],"class_list":{"0":"post-54051","1":"page","2":"type-page","3":"status-publish","4":"has-post-thumbnail","6":"category-software-gestione-accurata-dati-cat","7":"tag-gestione-accurata-dei-dati","8":"tag-piattaforma-per-la-gestione-accurata-dei-dati","9":"tag-programma-per-la-gestione-accurata-dei-dati","10":"tag-software-per-la-gestione-accurata-dei-dati","11":"tag-soluzione-per-la-gestione-accurata-dei-dati"},"wppr_data":{"cwp_meta_box_check":"No"},"acf":[],"yoast_head":"<!-- This site is optimized with the Yoast SEO plugin v27.4 - https:\/\/yoast.com\/product\/yoast-seo-wordpress\/ -->\n<title>CloverDX: recensione software gestione accurata dati - Accurate Reviews<\/title>\n<meta name=\"description\" content=\"CloverDX: recensione del software che supporta le aziende nella progettazione, automatizzazione, gestione e pubblicazione dei dati.\" \/>\n<meta name=\"robots\" content=\"index, follow, max-snippet:-1, max-image-preview:large, max-video-preview:-1\" \/>\n<link rel=\"canonical\" href=\"https:\/\/www.accuratereviews.com\/it\/software-gestione-accurata-dati\/cloverdx-recensione\/\" \/>\n<meta property=\"og:locale\" content=\"it_IT\" \/>\n<meta property=\"og:type\" content=\"article\" \/>\n<meta property=\"og:title\" content=\"CloverDX: recensione software gestione accurata dati - Accurate Reviews\" \/>\n<meta property=\"og:description\" content=\"CloverDX: recensione del software che supporta le aziende nella progettazione, automatizzazione, gestione e pubblicazione dei dati.\" \/>\n<meta property=\"og:url\" content=\"https:\/\/www.accuratereviews.com\/it\/software-gestione-accurata-dati\/cloverdx-recensione\/\" \/>\n<meta property=\"og:site_name\" content=\"Accurate Reviews\" \/>\n<meta property=\"article:modified_time\" content=\"2022-02-23T12:00:35+00:00\" \/>\n<meta property=\"og:image\" content=\"https:\/\/www.accuratereviews.com\/wp-content\/uploads\/2022\/02\/CLOVER-DX-logo-300-x-470px-.png\" \/>\n\t<meta property=\"og:image:width\" content=\"470\" \/>\n\t<meta property=\"og:image:height\" content=\"300\" \/>\n\t<meta property=\"og:image:type\" content=\"image\/png\" \/>\n<meta name=\"twitter:card\" content=\"summary_large_image\" \/>\n<meta name=\"twitter:label1\" content=\"Tempo di lettura stimato\" \/>\n\t<meta name=\"twitter:data1\" content=\"3 minuti\" \/>\n<script type=\"application\/ld+json\" class=\"yoast-schema-graph\">{\"@context\":\"https:\\\/\\\/schema.org\",\"@graph\":[{\"@type\":\"WebPage\",\"@id\":\"https:\\\/\\\/www.accuratereviews.com\\\/it\\\/software-gestione-accurata-dati\\\/cloverdx-recensione\\\/\",\"url\":\"https:\\\/\\\/www.accuratereviews.com\\\/it\\\/software-gestione-accurata-dati\\\/cloverdx-recensione\\\/\",\"name\":\"CloverDX: recensione software gestione accurata dati - Accurate Reviews\",\"isPartOf\":{\"@id\":\"https:\\\/\\\/www.accuratereviews.com\\\/it\\\/#website\"},\"primaryImageOfPage\":{\"@id\":\"https:\\\/\\\/www.accuratereviews.com\\\/it\\\/software-gestione-accurata-dati\\\/cloverdx-recensione\\\/#primaryimage\"},\"image\":{\"@id\":\"https:\\\/\\\/www.accuratereviews.com\\\/it\\\/software-gestione-accurata-dati\\\/cloverdx-recensione\\\/#primaryimage\"},\"thumbnailUrl\":\"https:\\\/\\\/www.accuratereviews.com\\\/wp-content\\\/uploads\\\/2022\\\/02\\\/CLOVER-DX-logo-300-x-470px-.png\",\"datePublished\":\"2022-02-22T13:40:00+00:00\",\"dateModified\":\"2022-02-23T12:00:35+00:00\",\"description\":\"CloverDX: recensione del software che supporta le aziende nella progettazione, automatizzazione, gestione e pubblicazione dei dati.\",\"breadcrumb\":{\"@id\":\"https:\\\/\\\/www.accuratereviews.com\\\/it\\\/software-gestione-accurata-dati\\\/cloverdx-recensione\\\/#breadcrumb\"},\"inLanguage\":\"it-IT\",\"potentialAction\":[{\"@type\":\"ReadAction\",\"target\":[\"https:\\\/\\\/www.accuratereviews.com\\\/it\\\/software-gestione-accurata-dati\\\/cloverdx-recensione\\\/\"]}]},{\"@type\":\"ImageObject\",\"inLanguage\":\"it-IT\",\"@id\":\"https:\\\/\\\/www.accuratereviews.com\\\/it\\\/software-gestione-accurata-dati\\\/cloverdx-recensione\\\/#primaryimage\",\"url\":\"https:\\\/\\\/www.accuratereviews.com\\\/wp-content\\\/uploads\\\/2022\\\/02\\\/CLOVER-DX-logo-300-x-470px-.png\",\"contentUrl\":\"https:\\\/\\\/www.accuratereviews.com\\\/wp-content\\\/uploads\\\/2022\\\/02\\\/CLOVER-DX-logo-300-x-470px-.png\",\"width\":470,\"height\":300},{\"@type\":\"BreadcrumbList\",\"@id\":\"https:\\\/\\\/www.accuratereviews.com\\\/it\\\/software-gestione-accurata-dati\\\/cloverdx-recensione\\\/#breadcrumb\",\"itemListElement\":[{\"@type\":\"ListItem\",\"position\":1,\"name\":\"Home\",\"item\":\"https:\\\/\\\/www.accuratereviews.com\\\/it\\\/\"},{\"@type\":\"ListItem\",\"position\":2,\"name\":\"Software per la gestione accurata dei dati\",\"item\":\"https:\\\/\\\/www.accuratereviews.com\\\/it\\\/software-gestione-accurata-dati\\\/\"},{\"@type\":\"ListItem\",\"position\":3,\"name\":\"CloverDX\"}]},{\"@type\":\"WebSite\",\"@id\":\"https:\\\/\\\/www.accuratereviews.com\\\/it\\\/#website\",\"url\":\"https:\\\/\\\/www.accuratereviews.com\\\/it\\\/\",\"name\":\"Accurate Reviews\",\"description\":\"\",\"potentialAction\":[{\"@type\":\"SearchAction\",\"target\":{\"@type\":\"EntryPoint\",\"urlTemplate\":\"https:\\\/\\\/www.accuratereviews.com\\\/it\\\/?s={search_term_string}\"},\"query-input\":{\"@type\":\"PropertyValueSpecification\",\"valueRequired\":true,\"valueName\":\"search_term_string\"}}],\"inLanguage\":\"it-IT\"}]}<\/script>\n<!-- \/ Yoast SEO plugin. -->","yoast_head_json":{"title":"CloverDX: recensione software gestione accurata dati - Accurate Reviews","description":"CloverDX: recensione del software che supporta le aziende nella progettazione, automatizzazione, gestione e pubblicazione dei dati.","robots":{"index":"index","follow":"follow","max-snippet":"max-snippet:-1","max-image-preview":"max-image-preview:large","max-video-preview":"max-video-preview:-1"},"canonical":"https:\/\/www.accuratereviews.com\/it\/software-gestione-accurata-dati\/cloverdx-recensione\/","og_locale":"it_IT","og_type":"article","og_title":"CloverDX: recensione software gestione accurata dati - Accurate Reviews","og_description":"CloverDX: recensione del software che supporta le aziende nella progettazione, automatizzazione, gestione e pubblicazione dei dati.","og_url":"https:\/\/www.accuratereviews.com\/it\/software-gestione-accurata-dati\/cloverdx-recensione\/","og_site_name":"Accurate Reviews","article_modified_time":"2022-02-23T12:00:35+00:00","og_image":[{"width":470,"height":300,"url":"https:\/\/www.accuratereviews.com\/wp-content\/uploads\/2022\/02\/CLOVER-DX-logo-300-x-470px-.png","type":"image\/png"}],"twitter_card":"summary_large_image","twitter_misc":{"Tempo di lettura stimato":"3 minuti"},"schema":{"@context":"https:\/\/schema.org","@graph":[{"@type":"WebPage","@id":"https:\/\/www.accuratereviews.com\/it\/software-gestione-accurata-dati\/cloverdx-recensione\/","url":"https:\/\/www.accuratereviews.com\/it\/software-gestione-accurata-dati\/cloverdx-recensione\/","name":"CloverDX: recensione software gestione accurata dati - Accurate Reviews","isPartOf":{"@id":"https:\/\/www.accuratereviews.com\/it\/#website"},"primaryImageOfPage":{"@id":"https:\/\/www.accuratereviews.com\/it\/software-gestione-accurata-dati\/cloverdx-recensione\/#primaryimage"},"image":{"@id":"https:\/\/www.accuratereviews.com\/it\/software-gestione-accurata-dati\/cloverdx-recensione\/#primaryimage"},"thumbnailUrl":"https:\/\/www.accuratereviews.com\/wp-content\/uploads\/2022\/02\/CLOVER-DX-logo-300-x-470px-.png","datePublished":"2022-02-22T13:40:00+00:00","dateModified":"2022-02-23T12:00:35+00:00","description":"CloverDX: recensione del software che supporta le aziende nella progettazione, automatizzazione, gestione e pubblicazione dei dati.","breadcrumb":{"@id":"https:\/\/www.accuratereviews.com\/it\/software-gestione-accurata-dati\/cloverdx-recensione\/#breadcrumb"},"inLanguage":"it-IT","potentialAction":[{"@type":"ReadAction","target":["https:\/\/www.accuratereviews.com\/it\/software-gestione-accurata-dati\/cloverdx-recensione\/"]}]},{"@type":"ImageObject","inLanguage":"it-IT","@id":"https:\/\/www.accuratereviews.com\/it\/software-gestione-accurata-dati\/cloverdx-recensione\/#primaryimage","url":"https:\/\/www.accuratereviews.com\/wp-content\/uploads\/2022\/02\/CLOVER-DX-logo-300-x-470px-.png","contentUrl":"https:\/\/www.accuratereviews.com\/wp-content\/uploads\/2022\/02\/CLOVER-DX-logo-300-x-470px-.png","width":470,"height":300},{"@type":"BreadcrumbList","@id":"https:\/\/www.accuratereviews.com\/it\/software-gestione-accurata-dati\/cloverdx-recensione\/#breadcrumb","itemListElement":[{"@type":"ListItem","position":1,"name":"Home","item":"https:\/\/www.accuratereviews.com\/it\/"},{"@type":"ListItem","position":2,"name":"Software per la gestione accurata dei dati","item":"https:\/\/www.accuratereviews.com\/it\/software-gestione-accurata-dati\/"},{"@type":"ListItem","position":3,"name":"CloverDX"}]},{"@type":"WebSite","@id":"https:\/\/www.accuratereviews.com\/it\/#website","url":"https:\/\/www.accuratereviews.com\/it\/","name":"Accurate Reviews","description":"","potentialAction":[{"@type":"SearchAction","target":{"@type":"EntryPoint","urlTemplate":"https:\/\/www.accuratereviews.com\/it\/?s={search_term_string}"},"query-input":{"@type":"PropertyValueSpecification","valueRequired":true,"valueName":"search_term_string"}}],"inLanguage":"it-IT"}]}},"_links":{"self":[{"href":"https:\/\/www.accuratereviews.com\/it\/wp-json\/wp\/v2\/pages\/54051","targetHints":{"allow":["GET"]}}],"collection":[{"href":"https:\/\/www.accuratereviews.com\/it\/wp-json\/wp\/v2\/pages"}],"about":[{"href":"https:\/\/www.accuratereviews.com\/it\/wp-json\/wp\/v2\/types\/page"}],"author":[{"embeddable":true,"href":"https:\/\/www.accuratereviews.com\/it\/wp-json\/wp\/v2\/users\/17"}],"replies":[{"embeddable":true,"href":"https:\/\/www.accuratereviews.com\/it\/wp-json\/wp\/v2\/comments?post=54051"}],"version-history":[{"count":6,"href":"https:\/\/www.accuratereviews.com\/it\/wp-json\/wp\/v2\/pages\/54051\/revisions"}],"predecessor-version":[{"id":54145,"href":"https:\/\/www.accuratereviews.com\/it\/wp-json\/wp\/v2\/pages\/54051\/revisions\/54145"}],"up":[{"embeddable":true,"href":"https:\/\/www.accuratereviews.com\/it\/wp-json\/wp\/v2\/pages\/53694"}],"wp:featuredmedia":[{"embeddable":true,"href":"https:\/\/www.accuratereviews.com\/it\/wp-json\/wp\/v2\/media\/54057"}],"wp:attachment":[{"href":"https:\/\/www.accuratereviews.com\/it\/wp-json\/wp\/v2\/media?parent=54051"}],"wp:term":[{"taxonomy":"category","embeddable":true,"href":"https:\/\/www.accuratereviews.com\/it\/wp-json\/wp\/v2\/categories?post=54051"},{"taxonomy":"post_tag","embeddable":true,"href":"https:\/\/www.accuratereviews.com\/it\/wp-json\/wp\/v2\/tags?post=54051"},{"taxonomy":"features","embeddable":true,"href":"https:\/\/www.accuratereviews.com\/it\/wp-json\/wp\/v2\/features?post=54051"}],"curies":[{"name":"wp","href":"https:\/\/api.w.org\/{rel}","templated":true}]}}