{"id":54085,"date":"2022-02-23T11:41:21","date_gmt":"2022-02-23T11:41:21","guid":{"rendered":"https:\/\/www.accuratereviews.com\/?page_id=54085"},"modified":"2022-02-24T08:19:40","modified_gmt":"2022-02-24T08:19:40","slug":"appen-recensione","status":"publish","type":"page","link":"https:\/\/www.accuratereviews.com\/it\/software-gestione-accurata-dati\/appen-recensione\/","title":{"rendered":"Appen"},"content":{"rendered":"<p><strong>Appen<\/strong> \u00e8 una <strong>piattaforma abilitata all&#8217;intelligenza artificiale (AI)<\/strong> progettata per aiutare le aziende nei settori della tecnologia dell&#8217;informazione (IT), automobilistico, della vendita al dettaglio, della sanit\u00e0 e di altri settori ad accedere ai dati di formazione per distribuire le applicazioni. Consente ai dipendenti di semplificare l&#8217;elaborazione del linguaggio naturale (NLP), l&#8217;analisi del parlato e le operazioni di estrazione dei dati tramite un portale unificato.\u00a0L&#8217;applicazione consente ai data scientist di automatizzare i flussi di lavoro ed eseguire annotazioni ed etichette dei dati. Le funzionalit\u00e0 di <strong>Appen<\/strong> includono la gestione dei progetti, il monitoraggio delle prestazioni, una dashboard delle attivit\u00e0, il controllo della qualit\u00e0 dei dati, la gestione della sicurezza e altro ancora.<\/p>\n<h2>APPEN &#8211; TUTORIAL<\/h2>\n<p>Guarda come utilizzare al meglio questo<strong> software di gestione dati:<\/strong><\/p>\n<div id=\"fluid-wrapper-counter-1\" class=\"g1-fluid-wrapper \" style=\"width:686px;\">\n<div style=\"padding-bottom:56.268221574344%;\"><iframe loading=\"lazy\" title=\"Make Money Working FROM HOME Online with Appen Review!\" width=\"686\" height=\"386\" src=\"https:\/\/www.youtube.com\/embed\/8B3qCaX5o_4?feature=oembed&amp;wmode=transparent&amp;autohide=1&amp;autoplay=0&amp;disablekb=0&amp;fs=1&amp;loop=0&amp;enablejsapi=1&amp;rel=0&amp;controls=2&amp;showinfo=0&amp;wmode=transparent&amp;autohide=2&amp;autoplay=0&amp;disablekb=0&amp;fs=1&amp;loop=0&amp;enablejsapi=1&amp;rel=0&amp;controls=2&amp;showinfo=1\" frameborder=\"0\" allow=\"accelerometer; autoplay; clipboard-write; encrypted-media; gyroscope; picture-in-picture\" allowfullscreen><\/iframe><\/div>\n<\/div>\n<h2>APPEN &#8211; CARATTERISTICHE<\/h2>\n<ul>\n<li><strong>Velocit\u00e0 di accesso<\/strong>: disponibile immediatamente per supportare i tuoi progetti AI\/ML<\/li>\n<li><strong>Affidabilit\u00e0<\/strong>: riduci i rischi dei progetti di raccolta dati personalizzati che possono superare la scadenza e il budget, i set di dati pre-etichettati sono standard e affidabili<\/li>\n<li><strong>Competenza<\/strong>: oltre 25 anni di esperienza nella raccolta dei dati, a cui si affidano le aziende leader a livello mondiale<\/li>\n<li><strong>Supporta tutti i tipi di dati<\/strong>: immagine, video, voce, audio e testo<\/li>\n<li><strong>Scala<\/strong>: fornisci la giusta quantit\u00e0 di dati per addestrare i tuoi modelli in modo efficace<\/li>\n<li><strong>Qualit\u00e0<\/strong>: migliora la qualit\u00e0 e riduci al minimo le distorsioni nei tuoi modelli di intelligenza artificiale<\/li>\n<li><strong>Raccogliere<\/strong>: raccogli contenuti e collegamenti generati dagli utenti, inclusi audio, immagini e siti web per creare programmi di dati<\/li>\n<li><strong>Classifica<\/strong>: organizza e categorizza qualsiasi tipo di dati su larga scala utilizzando la piattaforma di annotazione. Modera e ordina con precisione elevati volumi di contenuti. I casi d&#8217;uso comuni includono la moderazione dei contenuti, l&#8217;analisi del sentiment, la pertinenza della ricerca, la classificazione dei prodotti e la classificazione degli oggetti<\/li>\n<li><strong>Annota<\/strong>: prendi nota su immagini, testo, video e audio con la piattaforma tecnologica all&#8217;avanguardia. Supportiamo anche strumenti di etichettatura del testo come NER e parti dell&#8217;etichettatura vocale<\/li>\n<li><strong>Trascrizioni<\/strong>: trascrivere documenti, immagini di documenti o informazioni sul sito web. Offriamo servizi di trascrizione audio per soddisfare il ridimensionamento dei programmi di elaborazione del linguaggio naturale (NLP) e di riconoscimento vocale audio (ASR)<\/li>\n<li><strong>Supporto<\/strong>: il gruppo di oltre un milione di collaboratori qualificati supporta oltre 235 lingue diverse. Con una suite interna di esperti linguistici specializzati, sono pi\u00f9 che attrezzati per tradurre grandi volumi di dati per addestrare in modo affidabile i tuoi modelli AI e ML.<\/li>\n<\/ul>\n<h4>LE RECENSIONI DEGLI UTENTI<\/h4>\n<p class=\"font-weight-bold mb-2\"><strong>Sifonobot U.&#8221;Appen \u00e8 un&#8217;ottima piattaforma per lavorare e guadagnare completando alcune attivit\u00e0&#8221;<\/strong><\/p>\n<p class=\"font-weight-bold mb-2\"><strong>Pro<\/strong>:\u00a0Molti posti di lavoro disponibili. La registrazione \u00e8 facile, semplice. Il pagamento \u00e8 tempestivo. Direttamente al mio Payoneer, nessun ritardo. Come libero professionista, ci sono molti lavori di inserimento dati su Appen tra cui scegliere, indipendentemente da dove vieni. La piattaforma semplifica il caricamento delle mie attivit\u00e0 audio, immagini e video.<\/p>\n<p class=\"font-weight-bold mb-2\"><strong>Contro<\/strong>:\u00a0A volte, ci vuole un&#8217;eternit\u00e0 prima che un richiedente riceva una risposta da Appen sullo stato di una domanda! Il loro servizio clienti \u00e8 MORTO! Ricevi solo le loro email circolari in blocco, ma nessuna risposta alle domande che hai posto.<\/p>\n<p class=\"font-weight-bold mb-2\"><strong>Peter U.&#8221;Appen Remote Jobs&#8221;<\/strong><\/p>\n<p class=\"font-weight-bold mb-2\"><strong>Pro<\/strong>:\u00a0La cosa migliore che mi piace di Appen \u00e8 l&#8217;opportunit\u00e0 di lavorare su diversi progetti contemporaneamente. Offrono grandi opportunit\u00e0 come la traduzione, la trascrizione, i valutatori dei motori di ricerca<\/p>\n<p class=\"font-weight-bold mb-2\"><strong>Contro<\/strong>:\u00a0Non ne hanno. Sono un&#8217;ottima compagnia<\/p>\n<p class=\"font-weight-bold mb-2\"><strong>Andrei C.&#8221;Il sito web \u00e8 buono, l&#8217;app mobile dovrebbe essere migliorata&#8221;<\/strong><\/p>\n<p><span class=\"font-weight-bold\"><strong>Commenti<\/strong>: <\/span>Buona esperienza nel complesso, ma dovrebbe far risparmiare pi\u00f9 tempo agli appaltatori.<\/p>\n<p class=\"font-weight-bold mb-2\"><strong>Pro<\/strong>:\u00a0Mi collego almeno una volta al mese su Appen come appaltatore e utente. Ho gi\u00e0 svolto attivit\u00e0 di inserimento dati, registrazione e caricamento documenti. Il sito web funziona bene.<\/p>\n<p class=\"font-weight-bold mb-2\"><strong>Contro<\/strong>:\u00a0Ho avuto qualche problema con l&#8217;app mobile, ho dovuto fare due richieste di supporto. Inoltre, non \u00e8 chiaro come posso svolgere compiti essendo in Brasile e francese come lingua principale. Dovrebbe essere pi\u00f9 facile spostarsi da un paese all&#8217;altro poich\u00e9 la tua posizione pu\u00f2 cambiare durante l&#8217;anno.<\/p>\n","protected":false},"excerpt":{"rendered":"<p>Appen \u00e8 una piattaforma abilitata all&#8217;intelligenza artificiale (AI) progettata per aiutare le aziende nei settori della tecnologia dell&#8217;informazione (IT), automobilistico, della vendita al dettaglio, della sanit\u00e0 e di altri settori ad accedere ai dati di formazione per distribuire le applicazioni. Consente ai dipendenti di semplificare l&#8217;elaborazione del linguaggio naturale (NLP), l&#8217;analisi del parlato e le operazioni di estrazione dei dati tramite un portale unificato.<\/p>\n","protected":false},"author":16,"featured_media":54086,"parent":53694,"menu_order":0,"comment_status":"open","ping_status":"closed","template":"g1_template_page_review_new.php","meta":{"_acf_changed":false,"cwp_meta_box_check":"No","cwp_rev_product_name":"","cwp_rev_product_image":"","wppr_links":[],"cwp_rev_price":"","wppr_options":[],"wppr_pros":[],"wppr_cons":[],"_monsterinsights_skip_tracking":false,"_monsterinsights_sitenote_active":false,"_monsterinsights_sitenote_note":"","_monsterinsights_sitenote_category":0,"footnotes":""},"categories":[12005],"tags":[12132,5690,12088,12087,12085,12086],"features":[],"class_list":{"0":"post-54085","1":"page","2":"type-page","3":"status-publish","4":"has-post-thumbnail","6":"category-software-gestione-accurata-dati-cat","7":"tag-appen","8":"tag-gestione-dati","9":"tag-piattaforma-per-gestione-dati","10":"tag-programma-per-gestione-dati","11":"tag-software-per-gestione-dati","12":"tag-soluzione-per-gestione-dati"},"wppr_data":{"cwp_meta_box_check":"No"},"acf":[],"yoast_head":"<!-- This site is optimized with the Yoast SEO plugin v27.4 - https:\/\/yoast.com\/product\/yoast-seo-wordpress\/ -->\n<title>Appen: recensione software per gestire i dati - Accurate Reviews<\/title>\n<meta name=\"description\" content=\"Appen: recensione piattaforma abilitata all&#039;intelligenza artificiale (AI) progettata per aiutare le aziende ad accedere ai dati di formazione\" \/>\n<meta name=\"robots\" content=\"index, follow, max-snippet:-1, max-image-preview:large, max-video-preview:-1\" \/>\n<link rel=\"canonical\" href=\"https:\/\/www.accuratereviews.com\/it\/software-gestione-accurata-dati\/appen-recensione\/\" \/>\n<meta property=\"og:locale\" content=\"it_IT\" \/>\n<meta property=\"og:type\" content=\"article\" \/>\n<meta property=\"og:title\" content=\"Appen: recensione software per gestire i dati - Accurate Reviews\" \/>\n<meta property=\"og:description\" content=\"Appen: recensione piattaforma abilitata all&#039;intelligenza artificiale (AI) progettata per aiutare le aziende ad accedere ai dati di formazione\" \/>\n<meta property=\"og:url\" content=\"https:\/\/www.accuratereviews.com\/it\/software-gestione-accurata-dati\/appen-recensione\/\" \/>\n<meta property=\"og:site_name\" content=\"Accurate Reviews\" \/>\n<meta property=\"article:modified_time\" content=\"2022-02-24T08:19:40+00:00\" \/>\n<meta property=\"og:image\" content=\"https:\/\/www.accuratereviews.com\/wp-content\/uploads\/2022\/02\/Appen-Logo.png\" \/>\n\t<meta property=\"og:image:width\" content=\"280\" \/>\n\t<meta property=\"og:image:height\" content=\"300\" \/>\n\t<meta property=\"og:image:type\" content=\"image\/png\" \/>\n<meta name=\"twitter:card\" content=\"summary_large_image\" \/>\n<meta name=\"twitter:label1\" content=\"Tempo di lettura stimato\" \/>\n\t<meta name=\"twitter:data1\" content=\"4 minuti\" \/>\n<script type=\"application\/ld+json\" class=\"yoast-schema-graph\">{\"@context\":\"https:\\\/\\\/schema.org\",\"@graph\":[{\"@type\":\"WebPage\",\"@id\":\"https:\\\/\\\/www.accuratereviews.com\\\/it\\\/software-gestione-accurata-dati\\\/appen-recensione\\\/\",\"url\":\"https:\\\/\\\/www.accuratereviews.com\\\/it\\\/software-gestione-accurata-dati\\\/appen-recensione\\\/\",\"name\":\"Appen: recensione software per gestire i dati - Accurate Reviews\",\"isPartOf\":{\"@id\":\"https:\\\/\\\/www.accuratereviews.com\\\/it\\\/#website\"},\"primaryImageOfPage\":{\"@id\":\"https:\\\/\\\/www.accuratereviews.com\\\/it\\\/software-gestione-accurata-dati\\\/appen-recensione\\\/#primaryimage\"},\"image\":{\"@id\":\"https:\\\/\\\/www.accuratereviews.com\\\/it\\\/software-gestione-accurata-dati\\\/appen-recensione\\\/#primaryimage\"},\"thumbnailUrl\":\"https:\\\/\\\/www.accuratereviews.com\\\/wp-content\\\/uploads\\\/2022\\\/02\\\/Appen-Logo.png\",\"datePublished\":\"2022-02-23T11:41:21+00:00\",\"dateModified\":\"2022-02-24T08:19:40+00:00\",\"description\":\"Appen: recensione piattaforma abilitata all'intelligenza artificiale (AI) progettata per aiutare le aziende ad accedere ai dati di formazione\",\"breadcrumb\":{\"@id\":\"https:\\\/\\\/www.accuratereviews.com\\\/it\\\/software-gestione-accurata-dati\\\/appen-recensione\\\/#breadcrumb\"},\"inLanguage\":\"it-IT\",\"potentialAction\":[{\"@type\":\"ReadAction\",\"target\":[\"https:\\\/\\\/www.accuratereviews.com\\\/it\\\/software-gestione-accurata-dati\\\/appen-recensione\\\/\"]}]},{\"@type\":\"ImageObject\",\"inLanguage\":\"it-IT\",\"@id\":\"https:\\\/\\\/www.accuratereviews.com\\\/it\\\/software-gestione-accurata-dati\\\/appen-recensione\\\/#primaryimage\",\"url\":\"https:\\\/\\\/www.accuratereviews.com\\\/wp-content\\\/uploads\\\/2022\\\/02\\\/Appen-Logo.png\",\"contentUrl\":\"https:\\\/\\\/www.accuratereviews.com\\\/wp-content\\\/uploads\\\/2022\\\/02\\\/Appen-Logo.png\",\"width\":280,\"height\":300},{\"@type\":\"BreadcrumbList\",\"@id\":\"https:\\\/\\\/www.accuratereviews.com\\\/it\\\/software-gestione-accurata-dati\\\/appen-recensione\\\/#breadcrumb\",\"itemListElement\":[{\"@type\":\"ListItem\",\"position\":1,\"name\":\"Home\",\"item\":\"https:\\\/\\\/www.accuratereviews.com\\\/it\\\/\"},{\"@type\":\"ListItem\",\"position\":2,\"name\":\"Software per la gestione accurata dei dati\",\"item\":\"https:\\\/\\\/www.accuratereviews.com\\\/it\\\/software-gestione-accurata-dati\\\/\"},{\"@type\":\"ListItem\",\"position\":3,\"name\":\"Appen\"}]},{\"@type\":\"WebSite\",\"@id\":\"https:\\\/\\\/www.accuratereviews.com\\\/it\\\/#website\",\"url\":\"https:\\\/\\\/www.accuratereviews.com\\\/it\\\/\",\"name\":\"Accurate Reviews\",\"description\":\"\",\"potentialAction\":[{\"@type\":\"SearchAction\",\"target\":{\"@type\":\"EntryPoint\",\"urlTemplate\":\"https:\\\/\\\/www.accuratereviews.com\\\/it\\\/?s={search_term_string}\"},\"query-input\":{\"@type\":\"PropertyValueSpecification\",\"valueRequired\":true,\"valueName\":\"search_term_string\"}}],\"inLanguage\":\"it-IT\"}]}<\/script>\n<!-- \/ Yoast SEO plugin. -->","yoast_head_json":{"title":"Appen: recensione software per gestire i dati - Accurate Reviews","description":"Appen: recensione piattaforma abilitata all'intelligenza artificiale (AI) progettata per aiutare le aziende ad accedere ai dati di formazione","robots":{"index":"index","follow":"follow","max-snippet":"max-snippet:-1","max-image-preview":"max-image-preview:large","max-video-preview":"max-video-preview:-1"},"canonical":"https:\/\/www.accuratereviews.com\/it\/software-gestione-accurata-dati\/appen-recensione\/","og_locale":"it_IT","og_type":"article","og_title":"Appen: recensione software per gestire i dati - Accurate Reviews","og_description":"Appen: recensione piattaforma abilitata all'intelligenza artificiale (AI) progettata per aiutare le aziende ad accedere ai dati di formazione","og_url":"https:\/\/www.accuratereviews.com\/it\/software-gestione-accurata-dati\/appen-recensione\/","og_site_name":"Accurate Reviews","article_modified_time":"2022-02-24T08:19:40+00:00","og_image":[{"width":280,"height":300,"url":"https:\/\/www.accuratereviews.com\/wp-content\/uploads\/2022\/02\/Appen-Logo.png","type":"image\/png"}],"twitter_card":"summary_large_image","twitter_misc":{"Tempo di lettura stimato":"4 minuti"},"schema":{"@context":"https:\/\/schema.org","@graph":[{"@type":"WebPage","@id":"https:\/\/www.accuratereviews.com\/it\/software-gestione-accurata-dati\/appen-recensione\/","url":"https:\/\/www.accuratereviews.com\/it\/software-gestione-accurata-dati\/appen-recensione\/","name":"Appen: recensione software per gestire i dati - Accurate Reviews","isPartOf":{"@id":"https:\/\/www.accuratereviews.com\/it\/#website"},"primaryImageOfPage":{"@id":"https:\/\/www.accuratereviews.com\/it\/software-gestione-accurata-dati\/appen-recensione\/#primaryimage"},"image":{"@id":"https:\/\/www.accuratereviews.com\/it\/software-gestione-accurata-dati\/appen-recensione\/#primaryimage"},"thumbnailUrl":"https:\/\/www.accuratereviews.com\/wp-content\/uploads\/2022\/02\/Appen-Logo.png","datePublished":"2022-02-23T11:41:21+00:00","dateModified":"2022-02-24T08:19:40+00:00","description":"Appen: recensione piattaforma abilitata all'intelligenza artificiale (AI) progettata per aiutare le aziende ad accedere ai dati di formazione","breadcrumb":{"@id":"https:\/\/www.accuratereviews.com\/it\/software-gestione-accurata-dati\/appen-recensione\/#breadcrumb"},"inLanguage":"it-IT","potentialAction":[{"@type":"ReadAction","target":["https:\/\/www.accuratereviews.com\/it\/software-gestione-accurata-dati\/appen-recensione\/"]}]},{"@type":"ImageObject","inLanguage":"it-IT","@id":"https:\/\/www.accuratereviews.com\/it\/software-gestione-accurata-dati\/appen-recensione\/#primaryimage","url":"https:\/\/www.accuratereviews.com\/wp-content\/uploads\/2022\/02\/Appen-Logo.png","contentUrl":"https:\/\/www.accuratereviews.com\/wp-content\/uploads\/2022\/02\/Appen-Logo.png","width":280,"height":300},{"@type":"BreadcrumbList","@id":"https:\/\/www.accuratereviews.com\/it\/software-gestione-accurata-dati\/appen-recensione\/#breadcrumb","itemListElement":[{"@type":"ListItem","position":1,"name":"Home","item":"https:\/\/www.accuratereviews.com\/it\/"},{"@type":"ListItem","position":2,"name":"Software per la gestione accurata dei dati","item":"https:\/\/www.accuratereviews.com\/it\/software-gestione-accurata-dati\/"},{"@type":"ListItem","position":3,"name":"Appen"}]},{"@type":"WebSite","@id":"https:\/\/www.accuratereviews.com\/it\/#website","url":"https:\/\/www.accuratereviews.com\/it\/","name":"Accurate Reviews","description":"","potentialAction":[{"@type":"SearchAction","target":{"@type":"EntryPoint","urlTemplate":"https:\/\/www.accuratereviews.com\/it\/?s={search_term_string}"},"query-input":{"@type":"PropertyValueSpecification","valueRequired":true,"valueName":"search_term_string"}}],"inLanguage":"it-IT"}]}},"_links":{"self":[{"href":"https:\/\/www.accuratereviews.com\/it\/wp-json\/wp\/v2\/pages\/54085","targetHints":{"allow":["GET"]}}],"collection":[{"href":"https:\/\/www.accuratereviews.com\/it\/wp-json\/wp\/v2\/pages"}],"about":[{"href":"https:\/\/www.accuratereviews.com\/it\/wp-json\/wp\/v2\/types\/page"}],"author":[{"embeddable":true,"href":"https:\/\/www.accuratereviews.com\/it\/wp-json\/wp\/v2\/users\/16"}],"replies":[{"embeddable":true,"href":"https:\/\/www.accuratereviews.com\/it\/wp-json\/wp\/v2\/comments?post=54085"}],"version-history":[{"count":11,"href":"https:\/\/www.accuratereviews.com\/it\/wp-json\/wp\/v2\/pages\/54085\/revisions"}],"predecessor-version":[{"id":54139,"href":"https:\/\/www.accuratereviews.com\/it\/wp-json\/wp\/v2\/pages\/54085\/revisions\/54139"}],"up":[{"embeddable":true,"href":"https:\/\/www.accuratereviews.com\/it\/wp-json\/wp\/v2\/pages\/53694"}],"wp:featuredmedia":[{"embeddable":true,"href":"https:\/\/www.accuratereviews.com\/it\/wp-json\/wp\/v2\/media\/54086"}],"wp:attachment":[{"href":"https:\/\/www.accuratereviews.com\/it\/wp-json\/wp\/v2\/media?parent=54085"}],"wp:term":[{"taxonomy":"category","embeddable":true,"href":"https:\/\/www.accuratereviews.com\/it\/wp-json\/wp\/v2\/categories?post=54085"},{"taxonomy":"post_tag","embeddable":true,"href":"https:\/\/www.accuratereviews.com\/it\/wp-json\/wp\/v2\/tags?post=54085"},{"taxonomy":"features","embeddable":true,"href":"https:\/\/www.accuratereviews.com\/it\/wp-json\/wp\/v2\/features?post=54085"}],"curies":[{"name":"wp","href":"https:\/\/api.w.org\/{rel}","templated":true}]}}