{"id":54118,"date":"2022-02-23T12:24:45","date_gmt":"2022-02-23T12:24:45","guid":{"rendered":"https:\/\/www.accuratereviews.com\/?page_id=54118"},"modified":"2022-02-23T12:24:45","modified_gmt":"2022-02-23T12:24:45","slug":"snowplow-bdp-recensione","status":"publish","type":"page","link":"https:\/\/www.accuratereviews.com\/it\/software-gestione-accurata-dati\/snowplow-bdp-recensione\/","title":{"rendered":"Snowplow BDP"},"content":{"rendered":"<p class=\"h3 mb-1\"><strong>Snowplow BDP<\/strong> \u00e8 una <strong>piattaforma online<\/strong> basata su cloud che consente alle aziende di gestire la qualit\u00e0, la conformit\u00e0 e la piena osservabilit\u00e0 dei tuoi dati. L&#8217;obiettivo \u00e8 quello di progettare una strategia di monitoraggio e di supportarvi nella gestione dei dati comportamentali. Inoltre, essendo scalabile, si evolver\u00e0 insieme al vostro business.<br \/>\nGrazie al supporto clienti disponibile 24 ore su 24 ore, 7 giorni su 7 di <strong>Snowplow BDP<\/strong>, potrete essere sempre affiancati da specialisti che sapranno cosa consigliarvi per ottenere pi\u00f9 valore dai vostri dati.<\/p>\n<h2>SNOWPLOW BDP &#8211; TUTORIAL<\/h2>\n<p>Ecco come funziona questo<strong> software per la gestione accurata dei dati<\/strong>:<\/p>\n<div id=\"fluid-wrapper-counter-1\" class=\"g1-fluid-wrapper \" style=\"width:686px;\">\n<div style=\"padding-bottom:56.268221574344%;\"><iframe loading=\"lazy\" title=\"Data modeling from theory to practice: What is data modeling and why is it important?\" src=\"https:\/\/player.vimeo.com\/video\/475936898?h=cc96331190&amp;dnt=1&amp;app_id=122963?title=0&amp;byline=0&amp;portrait=0\" width=\"686\" height=\"386\" frameborder=\"0\" allow=\"autoplay; fullscreen; picture-in-picture\" allowfullscreen><\/iframe><\/div>\n<\/div>\n<h3>SNOWPLOW BDP &#8211; CARATTERISTICHE<\/h3>\n<ul>\n<li><strong>Generare dati comportamentali<\/strong>: generare un set di dati comportamentali di alta qualit\u00e0 come fonte di verit\u00e0 per la vostra organizzazione, unificato su tutte le piattaforme e i canali<\/li>\n<li><strong>Governare i dati comportamentali<\/strong>: con gli strumenti di governance integrati in ogni fase della soluzione puoi controllare la qualit\u00e0 e la conformit\u00e0 dei tuoi dati<\/li>\n<li><strong>Modellare i dati comportamentali<\/strong>: modelli incrementali web e mobile pronti all&#8217;uso e personalizzabili che riducono il time to value<\/li>\n<li><strong>Generare dati su tutte le piattaforme e i canali<\/strong>: genera dati da web, mobile, tracking lato server e quasi tutti i canali che desideri utilizzando la nostra gamma di tracker e webhooks<\/li>\n<li><strong>Qualit\u00e0 garantita in ogni fase<\/strong>: la qualit\u00e0 dei dati \u00e8 progettata nella piattaforma in ogni fase. Definisci gli eventi in anticipo, fai il QA usando ambienti CI\/CD e sandbox e monitora la qualit\u00e0 durante l&#8217;elaborazione<\/li>\n<li><strong>Set di dati grezzi, infinite possibilit\u00e0<\/strong>: raccogli un set di dati grezzi unificato e di alta qualit\u00e0 che pu\u00f2 essere distribuito e modellato in diversi modi per servire infiniti casi d&#8217;uso<\/li>\n<li><strong>Dati consegnati dove sono necessari<\/strong>: i dati vengono consegnati a bassa latenza ai flussi in tempo reale, al vostro data warehouse e al vostro data lake<\/li>\n<li><strong>Esecuzione pi\u00f9 rapida<\/strong>: i vostri dati arrivano in una struttura altamente attesa che li rende facili da elaborare per gli utenti. Meno tempo per preparare i dati e pi\u00f9 tempo per l&#8217;esecuzione<\/li>\n<li><strong>Flussi di lavoro collaborativi per evolvere il vostro monitoraggio<\/strong>: evolvete la struttura dei vostri dati, come vengono arricchiti e come vengono modellati con fiducia utilizzando i flussi di lavoro strutturati forniti nella console Snowplow e le API<\/li>\n<li><strong>Strumenti per monitorare i tuoi flussi di dati<\/strong>: monitora la tua infrastruttura di pipeline, la qualit\u00e0 dei dati e la modellazione dei dati. Imposta avvisi su potenziali problemi in modo da poterli affrontare in anticipo<\/li>\n<li><strong>Configurare le impostazioni della tua pipeline<\/strong>: visualizza e gestisci esattamente come la tua pipeline \u00e8 impostata per il monitoraggio, compresi i domini di monitoraggio di prima parte, i percorsi di monitoraggio e le impostazioni dei cookie.<\/li>\n<\/ul>\n<h4>LE RECENSIONI DEGLI UTENTI<\/h4>\n<p><strong>Valarie V. &#8220;Sistema potente con un incredibile dashboard di monitoraggio&#8221;<\/strong><br \/>\nCOMMENTI: software di gestione del flusso di lavoro, monitoraggio delle attivit\u00e0 e il migliore per la facile estrazione dei dati attraverso altre piattaforme.<br \/>\nPRO: importazione dei dati attraverso altre piattaforme, analisi dei dati produttivi e molto efficace per il monitoraggio delle attivit\u00e0. L&#8217;interfaccia Drag and Drop \u00e8 pi\u00f9 utile per una facile navigazione, facile per collaborare e il monitoraggio in tempo reale \u00e8 bello.<br \/>\nCONTRO: niente \u00e8 stato rilevato come un problema sull&#8217;usabilit\u00e0 del sistema e anche sulle caratteristiche.<\/p>\n<p><strong>Zsofia E. &#8220;Quando la qualit\u00e0 dei dati e il tempo reale contano&#8221;<\/strong><br \/>\nCOMMENTI: molto soddisfatto<br \/>\nPRO: \u00e8 molto trasparente in quanto \u00e8 un software open source. Abbiamo impostato le regole di convalida, le regole di modellazione dei dati e lo schema dei dati, quindi tutto sommato \u00e8 molto personalizzabile. Durante il processo di onboarding abbiamo avuto molto aiuto dal team di successo, sono stati (e sono tuttora) molto disponibili.<br \/>\nCONTRO: avete bisogno di alcuni ingegneri dei dati e architetti per impostare le pipeline di dati internamente al datalake on-premise o ad altri strumenti di marketing. Non \u00e8 colpa di Snowplow, dovete solo calcolare se la vostra azienda ha standard di sicurezza rigorosi. Accadrebbe lo stesso anche con altri strumenti.<\/p>\n<p><strong>W.r P. &#8220;Eventi ben strutturati&#8221;<\/strong><br \/>\nPRO: avere una buona struttura di eventi \u00e8 utile anche se non sempre richiesto.<br \/>\nCONTRO: il set up con i diversi servizi AWs \u00e8 un po&#8217; complicato e richiede una buona supervisione.<\/p>\n","protected":false},"excerpt":{"rendered":"<p>Snowplow BDP \u00e8 una piattaforma online basata su cloud che consente alle aziende di gestire la qualit\u00e0, la conformit\u00e0 e la piena osservabilit\u00e0 dei tuoi dati. L&#8217;obiettivo \u00e8 quello di progettare una strategia di monitoraggio e di supportarvi nella gestione dei dati comportamentali. Inoltre, essendo scalabile, si evolver\u00e0 insieme al vostro business.\u00a0<\/p>\n","protected":false},"author":17,"featured_media":54131,"parent":53694,"menu_order":0,"comment_status":"open","ping_status":"closed","template":"g1_template_page_review_new.php","meta":{"_acf_changed":false,"cwp_meta_box_check":"No","cwp_rev_product_name":"","cwp_rev_product_image":"","wppr_links":[],"cwp_rev_price":"","wppr_options":[],"wppr_pros":[],"wppr_cons":[],"_monsterinsights_skip_tracking":false,"_monsterinsights_sitenote_active":false,"_monsterinsights_sitenote_note":"","_monsterinsights_sitenote_category":0,"footnotes":""},"categories":[12005],"tags":[12018,12021,12020,12017,12019],"features":[],"class_list":{"0":"post-54118","1":"page","2":"type-page","3":"status-publish","4":"has-post-thumbnail","6":"category-software-gestione-accurata-dati-cat","7":"tag-gestione-accurata-dei-dati","8":"tag-piattaforma-per-la-gestione-accurata-dei-dati","9":"tag-programma-per-la-gestione-accurata-dei-dati","10":"tag-software-per-la-gestione-accurata-dei-dati","11":"tag-soluzione-per-la-gestione-accurata-dei-dati"},"wppr_data":{"cwp_meta_box_check":"No"},"acf":[],"yoast_head":"<!-- This site is optimized with the Yoast SEO plugin v27.4 - https:\/\/yoast.com\/product\/yoast-seo-wordpress\/ -->\n<title>Snowplow BDP: recensione software gestione accurata dati<\/title>\n<meta name=\"description\" content=\"Snowplow BDP: recensione della piattaforma online basata su cloud che consente alle aziende di gestire la qualit\u00e0 dei tuoi dati.\" \/>\n<meta name=\"robots\" content=\"index, follow, max-snippet:-1, max-image-preview:large, max-video-preview:-1\" \/>\n<link rel=\"canonical\" href=\"https:\/\/www.accuratereviews.com\/it\/software-gestione-accurata-dati\/snowplow-bdp-recensione\/\" \/>\n<meta property=\"og:locale\" content=\"it_IT\" \/>\n<meta property=\"og:type\" content=\"article\" \/>\n<meta property=\"og:title\" content=\"Snowplow BDP: recensione software gestione accurata dati\" \/>\n<meta property=\"og:description\" content=\"Snowplow BDP: recensione della piattaforma online basata su cloud che consente alle aziende di gestire la qualit\u00e0 dei tuoi dati.\" \/>\n<meta property=\"og:url\" content=\"https:\/\/www.accuratereviews.com\/it\/software-gestione-accurata-dati\/snowplow-bdp-recensione\/\" \/>\n<meta property=\"og:site_name\" content=\"Accurate Reviews\" \/>\n<meta property=\"og:image\" content=\"https:\/\/www.accuratereviews.com\/wp-content\/uploads\/2022\/02\/Unknown-4.png\" \/>\n\t<meta property=\"og:image:width\" content=\"308\" \/>\n\t<meta property=\"og:image:height\" content=\"200\" \/>\n\t<meta property=\"og:image:type\" content=\"image\/png\" \/>\n<meta name=\"twitter:card\" content=\"summary_large_image\" \/>\n<meta name=\"twitter:label1\" content=\"Tempo di lettura stimato\" \/>\n\t<meta name=\"twitter:data1\" content=\"4 minuti\" \/>\n<script type=\"application\/ld+json\" class=\"yoast-schema-graph\">{\"@context\":\"https:\\\/\\\/schema.org\",\"@graph\":[{\"@type\":\"WebPage\",\"@id\":\"https:\\\/\\\/www.accuratereviews.com\\\/it\\\/software-gestione-accurata-dati\\\/snowplow-bdp-recensione\\\/\",\"url\":\"https:\\\/\\\/www.accuratereviews.com\\\/it\\\/software-gestione-accurata-dati\\\/snowplow-bdp-recensione\\\/\",\"name\":\"Snowplow BDP: recensione software gestione accurata dati\",\"isPartOf\":{\"@id\":\"https:\\\/\\\/www.accuratereviews.com\\\/it\\\/#website\"},\"primaryImageOfPage\":{\"@id\":\"https:\\\/\\\/www.accuratereviews.com\\\/it\\\/software-gestione-accurata-dati\\\/snowplow-bdp-recensione\\\/#primaryimage\"},\"image\":{\"@id\":\"https:\\\/\\\/www.accuratereviews.com\\\/it\\\/software-gestione-accurata-dati\\\/snowplow-bdp-recensione\\\/#primaryimage\"},\"thumbnailUrl\":\"https:\\\/\\\/www.accuratereviews.com\\\/wp-content\\\/uploads\\\/2022\\\/02\\\/Unknown-4.png\",\"datePublished\":\"2022-02-23T12:24:45+00:00\",\"description\":\"Snowplow BDP: recensione della piattaforma online basata su cloud che consente alle aziende di gestire la qualit\u00e0 dei tuoi dati.\",\"breadcrumb\":{\"@id\":\"https:\\\/\\\/www.accuratereviews.com\\\/it\\\/software-gestione-accurata-dati\\\/snowplow-bdp-recensione\\\/#breadcrumb\"},\"inLanguage\":\"it-IT\",\"potentialAction\":[{\"@type\":\"ReadAction\",\"target\":[\"https:\\\/\\\/www.accuratereviews.com\\\/it\\\/software-gestione-accurata-dati\\\/snowplow-bdp-recensione\\\/\"]}]},{\"@type\":\"ImageObject\",\"inLanguage\":\"it-IT\",\"@id\":\"https:\\\/\\\/www.accuratereviews.com\\\/it\\\/software-gestione-accurata-dati\\\/snowplow-bdp-recensione\\\/#primaryimage\",\"url\":\"https:\\\/\\\/www.accuratereviews.com\\\/wp-content\\\/uploads\\\/2022\\\/02\\\/Unknown-4.png\",\"contentUrl\":\"https:\\\/\\\/www.accuratereviews.com\\\/wp-content\\\/uploads\\\/2022\\\/02\\\/Unknown-4.png\",\"width\":308,\"height\":200},{\"@type\":\"BreadcrumbList\",\"@id\":\"https:\\\/\\\/www.accuratereviews.com\\\/it\\\/software-gestione-accurata-dati\\\/snowplow-bdp-recensione\\\/#breadcrumb\",\"itemListElement\":[{\"@type\":\"ListItem\",\"position\":1,\"name\":\"Home\",\"item\":\"https:\\\/\\\/www.accuratereviews.com\\\/it\\\/\"},{\"@type\":\"ListItem\",\"position\":2,\"name\":\"Software per la gestione accurata dei dati\",\"item\":\"https:\\\/\\\/www.accuratereviews.com\\\/it\\\/software-gestione-accurata-dati\\\/\"},{\"@type\":\"ListItem\",\"position\":3,\"name\":\"Snowplow BDP\"}]},{\"@type\":\"WebSite\",\"@id\":\"https:\\\/\\\/www.accuratereviews.com\\\/it\\\/#website\",\"url\":\"https:\\\/\\\/www.accuratereviews.com\\\/it\\\/\",\"name\":\"Accurate Reviews\",\"description\":\"\",\"potentialAction\":[{\"@type\":\"SearchAction\",\"target\":{\"@type\":\"EntryPoint\",\"urlTemplate\":\"https:\\\/\\\/www.accuratereviews.com\\\/it\\\/?s={search_term_string}\"},\"query-input\":{\"@type\":\"PropertyValueSpecification\",\"valueRequired\":true,\"valueName\":\"search_term_string\"}}],\"inLanguage\":\"it-IT\"}]}<\/script>\n<!-- \/ Yoast SEO plugin. -->","yoast_head_json":{"title":"Snowplow BDP: recensione software gestione accurata dati","description":"Snowplow BDP: recensione della piattaforma online basata su cloud che consente alle aziende di gestire la qualit\u00e0 dei tuoi dati.","robots":{"index":"index","follow":"follow","max-snippet":"max-snippet:-1","max-image-preview":"max-image-preview:large","max-video-preview":"max-video-preview:-1"},"canonical":"https:\/\/www.accuratereviews.com\/it\/software-gestione-accurata-dati\/snowplow-bdp-recensione\/","og_locale":"it_IT","og_type":"article","og_title":"Snowplow BDP: recensione software gestione accurata dati","og_description":"Snowplow BDP: recensione della piattaforma online basata su cloud che consente alle aziende di gestire la qualit\u00e0 dei tuoi dati.","og_url":"https:\/\/www.accuratereviews.com\/it\/software-gestione-accurata-dati\/snowplow-bdp-recensione\/","og_site_name":"Accurate Reviews","og_image":[{"width":308,"height":200,"url":"https:\/\/www.accuratereviews.com\/wp-content\/uploads\/2022\/02\/Unknown-4.png","type":"image\/png"}],"twitter_card":"summary_large_image","twitter_misc":{"Tempo di lettura stimato":"4 minuti"},"schema":{"@context":"https:\/\/schema.org","@graph":[{"@type":"WebPage","@id":"https:\/\/www.accuratereviews.com\/it\/software-gestione-accurata-dati\/snowplow-bdp-recensione\/","url":"https:\/\/www.accuratereviews.com\/it\/software-gestione-accurata-dati\/snowplow-bdp-recensione\/","name":"Snowplow BDP: recensione software gestione accurata dati","isPartOf":{"@id":"https:\/\/www.accuratereviews.com\/it\/#website"},"primaryImageOfPage":{"@id":"https:\/\/www.accuratereviews.com\/it\/software-gestione-accurata-dati\/snowplow-bdp-recensione\/#primaryimage"},"image":{"@id":"https:\/\/www.accuratereviews.com\/it\/software-gestione-accurata-dati\/snowplow-bdp-recensione\/#primaryimage"},"thumbnailUrl":"https:\/\/www.accuratereviews.com\/wp-content\/uploads\/2022\/02\/Unknown-4.png","datePublished":"2022-02-23T12:24:45+00:00","description":"Snowplow BDP: recensione della piattaforma online basata su cloud che consente alle aziende di gestire la qualit\u00e0 dei tuoi dati.","breadcrumb":{"@id":"https:\/\/www.accuratereviews.com\/it\/software-gestione-accurata-dati\/snowplow-bdp-recensione\/#breadcrumb"},"inLanguage":"it-IT","potentialAction":[{"@type":"ReadAction","target":["https:\/\/www.accuratereviews.com\/it\/software-gestione-accurata-dati\/snowplow-bdp-recensione\/"]}]},{"@type":"ImageObject","inLanguage":"it-IT","@id":"https:\/\/www.accuratereviews.com\/it\/software-gestione-accurata-dati\/snowplow-bdp-recensione\/#primaryimage","url":"https:\/\/www.accuratereviews.com\/wp-content\/uploads\/2022\/02\/Unknown-4.png","contentUrl":"https:\/\/www.accuratereviews.com\/wp-content\/uploads\/2022\/02\/Unknown-4.png","width":308,"height":200},{"@type":"BreadcrumbList","@id":"https:\/\/www.accuratereviews.com\/it\/software-gestione-accurata-dati\/snowplow-bdp-recensione\/#breadcrumb","itemListElement":[{"@type":"ListItem","position":1,"name":"Home","item":"https:\/\/www.accuratereviews.com\/it\/"},{"@type":"ListItem","position":2,"name":"Software per la gestione accurata dei dati","item":"https:\/\/www.accuratereviews.com\/it\/software-gestione-accurata-dati\/"},{"@type":"ListItem","position":3,"name":"Snowplow BDP"}]},{"@type":"WebSite","@id":"https:\/\/www.accuratereviews.com\/it\/#website","url":"https:\/\/www.accuratereviews.com\/it\/","name":"Accurate Reviews","description":"","potentialAction":[{"@type":"SearchAction","target":{"@type":"EntryPoint","urlTemplate":"https:\/\/www.accuratereviews.com\/it\/?s={search_term_string}"},"query-input":{"@type":"PropertyValueSpecification","valueRequired":true,"valueName":"search_term_string"}}],"inLanguage":"it-IT"}]}},"_links":{"self":[{"href":"https:\/\/www.accuratereviews.com\/it\/wp-json\/wp\/v2\/pages\/54118","targetHints":{"allow":["GET"]}}],"collection":[{"href":"https:\/\/www.accuratereviews.com\/it\/wp-json\/wp\/v2\/pages"}],"about":[{"href":"https:\/\/www.accuratereviews.com\/it\/wp-json\/wp\/v2\/types\/page"}],"author":[{"embeddable":true,"href":"https:\/\/www.accuratereviews.com\/it\/wp-json\/wp\/v2\/users\/17"}],"replies":[{"embeddable":true,"href":"https:\/\/www.accuratereviews.com\/it\/wp-json\/wp\/v2\/comments?post=54118"}],"version-history":[{"count":5,"href":"https:\/\/www.accuratereviews.com\/it\/wp-json\/wp\/v2\/pages\/54118\/revisions"}],"predecessor-version":[{"id":54144,"href":"https:\/\/www.accuratereviews.com\/it\/wp-json\/wp\/v2\/pages\/54118\/revisions\/54144"}],"up":[{"embeddable":true,"href":"https:\/\/www.accuratereviews.com\/it\/wp-json\/wp\/v2\/pages\/53694"}],"wp:featuredmedia":[{"embeddable":true,"href":"https:\/\/www.accuratereviews.com\/it\/wp-json\/wp\/v2\/media\/54131"}],"wp:attachment":[{"href":"https:\/\/www.accuratereviews.com\/it\/wp-json\/wp\/v2\/media?parent=54118"}],"wp:term":[{"taxonomy":"category","embeddable":true,"href":"https:\/\/www.accuratereviews.com\/it\/wp-json\/wp\/v2\/categories?post=54118"},{"taxonomy":"post_tag","embeddable":true,"href":"https:\/\/www.accuratereviews.com\/it\/wp-json\/wp\/v2\/tags?post=54118"},{"taxonomy":"features","embeddable":true,"href":"https:\/\/www.accuratereviews.com\/it\/wp-json\/wp\/v2\/features?post=54118"}],"curies":[{"name":"wp","href":"https:\/\/api.w.org\/{rel}","templated":true}]}}