{"id":54153,"date":"2022-02-24T12:10:54","date_gmt":"2022-02-24T12:10:54","guid":{"rendered":"https:\/\/www.accuratereviews.com\/?page_id=54153"},"modified":"2022-02-24T12:10:54","modified_gmt":"2022-02-24T12:10:54","slug":"datarocket-recensione","status":"publish","type":"page","link":"https:\/\/www.accuratereviews.com\/it\/software-gestione-accurata-dati\/datarocket-recensione\/","title":{"rendered":"DataRocket"},"content":{"rendered":"<p><strong>DataRocket<\/strong> \u00e8 una<strong> soluzione di gestione dei dati<\/strong>\u00a0multidominio, che aiuta le organizzazioni a mantenere la qualit\u00e0 dei dati e a semplificare la condivisione. Le caratteristiche principali includono la pulizia dei dati, la migrazione di essi, la gestione del flusso di lavoro, l&#8217;organizzazione dei dati e il reporting. Il software\u00a0viene fornito con un modulo di progettazione, che consente agli utenti di creare modelli di dati, definire collegamenti tra le fonti e stabilire politiche e linee guida per misurare la qualit\u00e0. I team possono anche definire criteri di qualit\u00e0, che li aiutano ad aggiornare i database identificando i duplicati e rimuovendo le informazioni incoerenti. Gli amministratori possono definire i diritti di accesso e fornire agli utenti autorizzazioni basate sui ruoli, garantendo la sicurezza dei dati.<\/p>\n<h2>DATAROCKET &#8211; TUTORIAL<\/h2>\n<p>Questo <strong>soluzione di gestione dei dati<\/strong> ti aiuta a correggere e organizzare le tue informazioni per migliorare la qualit\u00e0 dei tuoi dati anagrafici a lungo termine:<\/p>\n<div id=\"fluid-wrapper-counter-1\" class=\"g1-fluid-wrapper \" style=\"width:686px;\">\n<div style=\"padding-bottom:56.268221574344%;\"><iframe loading=\"lazy\" title=\"Master Data Management with DataRocket by innoscale AG\" width=\"686\" height=\"386\" src=\"https:\/\/www.youtube.com\/embed\/wgrLbacCpsw?start=85&#038;feature=oembed&amp;wmode=transparent&amp;autohide=1&amp;autoplay=0&amp;disablekb=0&amp;fs=1&amp;loop=0&amp;enablejsapi=1&amp;rel=0&amp;controls=2&amp;showinfo=0&amp;wmode=transparent&amp;autohide=2&amp;autoplay=0&amp;disablekb=0&amp;fs=1&amp;loop=0&amp;enablejsapi=1&amp;rel=0&amp;controls=2&amp;showinfo=1\" frameborder=\"0\" allow=\"accelerometer; autoplay; clipboard-write; encrypted-media; gyroscope; picture-in-picture\" allowfullscreen><\/iframe><\/div>\n<\/div>\n<h3>DATAROCKET &#8211; CARATTERISTICHE<\/h3>\n<ul>\n<li><strong>Integrazione dei dati<\/strong>: la soluzione consente una connessione in lettura e scrittura di sistemi SAP e qualsiasi sistema non SAP. Sia i modelli di dati di riferimento che i modelli di dati tecnici possono essere impostati in una notazione ERM. Il processo ETL \u00e8 implementato nel data mapper, che consente la mappatura parzialmente automatizzata<\/li>\n<li><strong>Processi di governo dei dati:<\/strong> la piattaforma supporta l&#8217;implementazione di una governance proattiva dei dati. Un controllo automatizzato della qualit\u00e0 dei dati viene effettuato sia al momento della creazione che quando vengono apportate tutte le modifiche al record di dati. La pulizia e il consolidamento dei dati possono essere eseguiti direttamente tramite i flussi di lavoro<\/li>\n<li><strong>Analisi della qualit\u00e0 dei dati<\/strong>: i dipartimenti possono facilmente configurare le proprie regole di qualit\u00e0 dei dati nella pipeline dei dati ed eseguire cos\u00ec misurazioni della qualit\u00e0 dei dati per tutti i database esistenti in tempo reale. I risultati vengono visualizzati in report web dinamici<\/li>\n<li><strong>Vista a 360 gradi<\/strong>: i\u00a0record di dati che si riferiscono allo stesso oggetto aziendale ma contengono informazioni diverse vengono uniti in un record di dati completo e significativo. La soluzione supporta la creazione di una fonte di verit\u00e0 (single point of truth) attraverso la ricerca incrociata di record di dati.<\/li>\n<\/ul>\n<h4>LE RECENSIONI DEGLI UTENTI<\/h4>\n<p class=\"font-weight-bold mb-2\"><strong>Pavneet kaur S.&#8221;Buon servizio&#8221;<\/strong><\/p>\n<p class=\"font-weight-bold mb-2\"><strong>Commenti<\/strong>: Il software ha aiutato il team di analisi ad acquisire informazioni sui comportamenti dei clienti e aiuta a servire meglio i nostri clienti<\/p>\n<p><strong>Pro<\/strong>:\u00a0Il software \u00e8 fantastico e aiuta a semplificare il mio lavoro ogni giorno. Lo consiglio vivamente al mio team e ad altri team all&#8217;interno della mia azienda<\/p>\n<p><strong>Contro<\/strong>:\u00a0Niente a cui riesco a pensare! \u00c8 un ottimo software!! Tuttavia, il team di assistenza clienti potrebbe essere migliore<\/p>\n<h5 class=\"font-weight-bold mb-2\">Lutz L.&#8221;Un modo intelligente per analizzare i dati e aumentare la qualit\u00e0 dei dati&#8221;<\/h5>\n<p><strong>Commenti<\/strong>: Creiamo controlli dei dati per verificare la qualit\u00e0 dei dati. Questi vengono automaticamente esportati da SAP\/R3, analizzati da Data Rocket e visualizzati nella Intranet (Sharepoint).<\/p>\n<p><strong>Pro<\/strong>:\u00a0Puoi creare rapidamente valutazioni e diagrammi. &#8211; Modifica il tipo di diagramma con un clic. &#8211; Flusso di lavoro modulare e comprensibile grazie al concetto di pipeline.<\/p>\n<p><strong>Contro<\/strong>:\u00a0&#8211; Valutazioni pi\u00f9 complesse richiedono il supporto di innoscale, formazione e learning-by-doing all&#8217;inizio. &#8211; Sarebbe auspicabile una maggiore flessibilit\u00e0 nella presentazione dei grafici alla Excel.<\/p>\n<p class=\"font-weight-bold mb-2\"><strong>Maximilian M.&#8221;DataRocket lancia il futuro&#8221;<\/strong><\/p>\n<p class=\"font-weight-bold mb-2\"><strong>Pro<\/strong>:\u00a0DataRocket \u00e8 una buona soluzione per la nostra gestione dei dati. Ci ha aiutato a migliorare enormemente la qualit\u00e0 dei nostri dati.<\/p>\n<p><strong>Contro<\/strong>:\u00a0Nessun contro sperimentato finora. Siamo molto contenti di DataRocket.<\/p>\n","protected":false},"excerpt":{"rendered":"<p>DataRocket \u00e8 una soluzione di gestione dei dati\u00a0multidominio, che aiuta le organizzazioni a mantenere la qualit\u00e0 dei dati e a semplificare la condivisione. Le caratteristiche principali includono la pulizia dei dati, la migrazione di essi, la gestione del flusso di lavoro, l&#8217;organizzazione dei dati e il reporting.<\/p>\n","protected":false},"author":16,"featured_media":54158,"parent":53694,"menu_order":0,"comment_status":"open","ping_status":"closed","template":"g1_template_page_review_new.php","meta":{"_acf_changed":false,"cwp_meta_box_check":"No","cwp_rev_product_name":"","cwp_rev_product_image":"","wppr_links":[],"cwp_rev_price":"","wppr_options":[],"wppr_pros":[],"wppr_cons":[],"_monsterinsights_skip_tracking":false,"_monsterinsights_sitenote_active":false,"_monsterinsights_sitenote_note":"","_monsterinsights_sitenote_category":0,"footnotes":""},"categories":[12005],"tags":[12148,5690,12117,12093,12022,12119],"features":[],"class_list":{"0":"post-54153","1":"page","2":"type-page","3":"status-publish","4":"has-post-thumbnail","6":"category-software-gestione-accurata-dati-cat","7":"tag-datarocket","8":"tag-gestione-dati","9":"tag-piattaforma-gestione-dati","10":"tag-programma-per-gestire-dati","11":"tag-software-gestione-dati","12":"tag-soluzione-gestione-dati"},"wppr_data":{"cwp_meta_box_check":"No"},"acf":[],"yoast_head":"<!-- This site is optimized with the Yoast SEO plugin v27.4 - https:\/\/yoast.com\/product\/yoast-seo-wordpress\/ -->\n<title>DataRocket: recensione software gestione dati - Accurate Reviews<\/title>\n<meta name=\"description\" content=\"DataRocket: recensione soluzione di gestione dei dati\u00a0multidominio, che aiuta le organizzazioni a mantenere la qualit\u00e0 dei dati.\" \/>\n<meta name=\"robots\" content=\"index, follow, max-snippet:-1, max-image-preview:large, max-video-preview:-1\" \/>\n<link rel=\"canonical\" href=\"https:\/\/www.accuratereviews.com\/it\/software-gestione-accurata-dati\/datarocket-recensione\/\" \/>\n<meta property=\"og:locale\" content=\"it_IT\" \/>\n<meta property=\"og:type\" content=\"article\" \/>\n<meta property=\"og:title\" content=\"DataRocket: recensione software gestione dati - Accurate Reviews\" \/>\n<meta property=\"og:description\" content=\"DataRocket: recensione soluzione di gestione dei dati\u00a0multidominio, che aiuta le organizzazioni a mantenere la qualit\u00e0 dei dati.\" \/>\n<meta property=\"og:url\" content=\"https:\/\/www.accuratereviews.com\/it\/software-gestione-accurata-dati\/datarocket-recensione\/\" \/>\n<meta property=\"og:site_name\" content=\"Accurate Reviews\" \/>\n<meta property=\"og:image\" content=\"https:\/\/www.accuratereviews.com\/wp-content\/uploads\/2022\/02\/DataRocket.webp\" \/>\n\t<meta property=\"og:image:width\" content=\"1250\" \/>\n\t<meta property=\"og:image:height\" content=\"1250\" \/>\n\t<meta property=\"og:image:type\" content=\"image\/webp\" \/>\n<meta name=\"twitter:card\" content=\"summary_large_image\" \/>\n<meta name=\"twitter:label1\" content=\"Tempo di lettura stimato\" \/>\n\t<meta name=\"twitter:data1\" content=\"4 minuti\" \/>\n<script type=\"application\/ld+json\" class=\"yoast-schema-graph\">{\"@context\":\"https:\\\/\\\/schema.org\",\"@graph\":[{\"@type\":\"WebPage\",\"@id\":\"https:\\\/\\\/www.accuratereviews.com\\\/it\\\/software-gestione-accurata-dati\\\/datarocket-recensione\\\/\",\"url\":\"https:\\\/\\\/www.accuratereviews.com\\\/it\\\/software-gestione-accurata-dati\\\/datarocket-recensione\\\/\",\"name\":\"DataRocket: recensione software gestione dati - Accurate Reviews\",\"isPartOf\":{\"@id\":\"https:\\\/\\\/www.accuratereviews.com\\\/it\\\/#website\"},\"primaryImageOfPage\":{\"@id\":\"https:\\\/\\\/www.accuratereviews.com\\\/it\\\/software-gestione-accurata-dati\\\/datarocket-recensione\\\/#primaryimage\"},\"image\":{\"@id\":\"https:\\\/\\\/www.accuratereviews.com\\\/it\\\/software-gestione-accurata-dati\\\/datarocket-recensione\\\/#primaryimage\"},\"thumbnailUrl\":\"https:\\\/\\\/www.accuratereviews.com\\\/wp-content\\\/uploads\\\/2022\\\/02\\\/DataRocket.webp\",\"datePublished\":\"2022-02-24T12:10:54+00:00\",\"description\":\"DataRocket: recensione soluzione di gestione dei dati\u00a0multidominio, che aiuta le organizzazioni a mantenere la qualit\u00e0 dei dati.\",\"breadcrumb\":{\"@id\":\"https:\\\/\\\/www.accuratereviews.com\\\/it\\\/software-gestione-accurata-dati\\\/datarocket-recensione\\\/#breadcrumb\"},\"inLanguage\":\"it-IT\",\"potentialAction\":[{\"@type\":\"ReadAction\",\"target\":[\"https:\\\/\\\/www.accuratereviews.com\\\/it\\\/software-gestione-accurata-dati\\\/datarocket-recensione\\\/\"]}]},{\"@type\":\"ImageObject\",\"inLanguage\":\"it-IT\",\"@id\":\"https:\\\/\\\/www.accuratereviews.com\\\/it\\\/software-gestione-accurata-dati\\\/datarocket-recensione\\\/#primaryimage\",\"url\":\"https:\\\/\\\/www.accuratereviews.com\\\/wp-content\\\/uploads\\\/2022\\\/02\\\/DataRocket.webp\",\"contentUrl\":\"https:\\\/\\\/www.accuratereviews.com\\\/wp-content\\\/uploads\\\/2022\\\/02\\\/DataRocket.webp\",\"width\":1250,\"height\":1250},{\"@type\":\"BreadcrumbList\",\"@id\":\"https:\\\/\\\/www.accuratereviews.com\\\/it\\\/software-gestione-accurata-dati\\\/datarocket-recensione\\\/#breadcrumb\",\"itemListElement\":[{\"@type\":\"ListItem\",\"position\":1,\"name\":\"Home\",\"item\":\"https:\\\/\\\/www.accuratereviews.com\\\/it\\\/\"},{\"@type\":\"ListItem\",\"position\":2,\"name\":\"Software per la gestione accurata dei dati\",\"item\":\"https:\\\/\\\/www.accuratereviews.com\\\/it\\\/software-gestione-accurata-dati\\\/\"},{\"@type\":\"ListItem\",\"position\":3,\"name\":\"DataRocket\"}]},{\"@type\":\"WebSite\",\"@id\":\"https:\\\/\\\/www.accuratereviews.com\\\/it\\\/#website\",\"url\":\"https:\\\/\\\/www.accuratereviews.com\\\/it\\\/\",\"name\":\"Accurate Reviews\",\"description\":\"\",\"potentialAction\":[{\"@type\":\"SearchAction\",\"target\":{\"@type\":\"EntryPoint\",\"urlTemplate\":\"https:\\\/\\\/www.accuratereviews.com\\\/it\\\/?s={search_term_string}\"},\"query-input\":{\"@type\":\"PropertyValueSpecification\",\"valueRequired\":true,\"valueName\":\"search_term_string\"}}],\"inLanguage\":\"it-IT\"}]}<\/script>\n<!-- \/ Yoast SEO plugin. -->","yoast_head_json":{"title":"DataRocket: recensione software gestione dati - Accurate Reviews","description":"DataRocket: recensione soluzione di gestione dei dati\u00a0multidominio, che aiuta le organizzazioni a mantenere la qualit\u00e0 dei dati.","robots":{"index":"index","follow":"follow","max-snippet":"max-snippet:-1","max-image-preview":"max-image-preview:large","max-video-preview":"max-video-preview:-1"},"canonical":"https:\/\/www.accuratereviews.com\/it\/software-gestione-accurata-dati\/datarocket-recensione\/","og_locale":"it_IT","og_type":"article","og_title":"DataRocket: recensione software gestione dati - Accurate Reviews","og_description":"DataRocket: recensione soluzione di gestione dei dati\u00a0multidominio, che aiuta le organizzazioni a mantenere la qualit\u00e0 dei dati.","og_url":"https:\/\/www.accuratereviews.com\/it\/software-gestione-accurata-dati\/datarocket-recensione\/","og_site_name":"Accurate Reviews","og_image":[{"width":1250,"height":1250,"url":"https:\/\/www.accuratereviews.com\/wp-content\/uploads\/2022\/02\/DataRocket.webp","type":"image\/webp"}],"twitter_card":"summary_large_image","twitter_misc":{"Tempo di lettura stimato":"4 minuti"},"schema":{"@context":"https:\/\/schema.org","@graph":[{"@type":"WebPage","@id":"https:\/\/www.accuratereviews.com\/it\/software-gestione-accurata-dati\/datarocket-recensione\/","url":"https:\/\/www.accuratereviews.com\/it\/software-gestione-accurata-dati\/datarocket-recensione\/","name":"DataRocket: recensione software gestione dati - Accurate Reviews","isPartOf":{"@id":"https:\/\/www.accuratereviews.com\/it\/#website"},"primaryImageOfPage":{"@id":"https:\/\/www.accuratereviews.com\/it\/software-gestione-accurata-dati\/datarocket-recensione\/#primaryimage"},"image":{"@id":"https:\/\/www.accuratereviews.com\/it\/software-gestione-accurata-dati\/datarocket-recensione\/#primaryimage"},"thumbnailUrl":"https:\/\/www.accuratereviews.com\/wp-content\/uploads\/2022\/02\/DataRocket.webp","datePublished":"2022-02-24T12:10:54+00:00","description":"DataRocket: recensione soluzione di gestione dei dati\u00a0multidominio, che aiuta le organizzazioni a mantenere la qualit\u00e0 dei dati.","breadcrumb":{"@id":"https:\/\/www.accuratereviews.com\/it\/software-gestione-accurata-dati\/datarocket-recensione\/#breadcrumb"},"inLanguage":"it-IT","potentialAction":[{"@type":"ReadAction","target":["https:\/\/www.accuratereviews.com\/it\/software-gestione-accurata-dati\/datarocket-recensione\/"]}]},{"@type":"ImageObject","inLanguage":"it-IT","@id":"https:\/\/www.accuratereviews.com\/it\/software-gestione-accurata-dati\/datarocket-recensione\/#primaryimage","url":"https:\/\/www.accuratereviews.com\/wp-content\/uploads\/2022\/02\/DataRocket.webp","contentUrl":"https:\/\/www.accuratereviews.com\/wp-content\/uploads\/2022\/02\/DataRocket.webp","width":1250,"height":1250},{"@type":"BreadcrumbList","@id":"https:\/\/www.accuratereviews.com\/it\/software-gestione-accurata-dati\/datarocket-recensione\/#breadcrumb","itemListElement":[{"@type":"ListItem","position":1,"name":"Home","item":"https:\/\/www.accuratereviews.com\/it\/"},{"@type":"ListItem","position":2,"name":"Software per la gestione accurata dei dati","item":"https:\/\/www.accuratereviews.com\/it\/software-gestione-accurata-dati\/"},{"@type":"ListItem","position":3,"name":"DataRocket"}]},{"@type":"WebSite","@id":"https:\/\/www.accuratereviews.com\/it\/#website","url":"https:\/\/www.accuratereviews.com\/it\/","name":"Accurate Reviews","description":"","potentialAction":[{"@type":"SearchAction","target":{"@type":"EntryPoint","urlTemplate":"https:\/\/www.accuratereviews.com\/it\/?s={search_term_string}"},"query-input":{"@type":"PropertyValueSpecification","valueRequired":true,"valueName":"search_term_string"}}],"inLanguage":"it-IT"}]}},"_links":{"self":[{"href":"https:\/\/www.accuratereviews.com\/it\/wp-json\/wp\/v2\/pages\/54153","targetHints":{"allow":["GET"]}}],"collection":[{"href":"https:\/\/www.accuratereviews.com\/it\/wp-json\/wp\/v2\/pages"}],"about":[{"href":"https:\/\/www.accuratereviews.com\/it\/wp-json\/wp\/v2\/types\/page"}],"author":[{"embeddable":true,"href":"https:\/\/www.accuratereviews.com\/it\/wp-json\/wp\/v2\/users\/16"}],"replies":[{"embeddable":true,"href":"https:\/\/www.accuratereviews.com\/it\/wp-json\/wp\/v2\/comments?post=54153"}],"version-history":[{"count":7,"href":"https:\/\/www.accuratereviews.com\/it\/wp-json\/wp\/v2\/pages\/54153\/revisions"}],"predecessor-version":[{"id":54207,"href":"https:\/\/www.accuratereviews.com\/it\/wp-json\/wp\/v2\/pages\/54153\/revisions\/54207"}],"up":[{"embeddable":true,"href":"https:\/\/www.accuratereviews.com\/it\/wp-json\/wp\/v2\/pages\/53694"}],"wp:featuredmedia":[{"embeddable":true,"href":"https:\/\/www.accuratereviews.com\/it\/wp-json\/wp\/v2\/media\/54158"}],"wp:attachment":[{"href":"https:\/\/www.accuratereviews.com\/it\/wp-json\/wp\/v2\/media?parent=54153"}],"wp:term":[{"taxonomy":"category","embeddable":true,"href":"https:\/\/www.accuratereviews.com\/it\/wp-json\/wp\/v2\/categories?post=54153"},{"taxonomy":"post_tag","embeddable":true,"href":"https:\/\/www.accuratereviews.com\/it\/wp-json\/wp\/v2\/tags?post=54153"},{"taxonomy":"features","embeddable":true,"href":"https:\/\/www.accuratereviews.com\/it\/wp-json\/wp\/v2\/features?post=54153"}],"curies":[{"name":"wp","href":"https:\/\/api.w.org\/{rel}","templated":true}]}}