{"id":54165,"date":"2022-02-24T12:19:25","date_gmt":"2022-02-24T12:19:25","guid":{"rendered":"https:\/\/www.accuratereviews.com\/?page_id=54165"},"modified":"2022-02-24T12:19:25","modified_gmt":"2022-02-24T12:19:25","slug":"syncforce-recensione","status":"publish","type":"page","link":"https:\/\/www.accuratereviews.com\/it\/software-gestione-accurata-dati\/syncforce-recensione\/","title":{"rendered":"SyncForce"},"content":{"rendered":"<p><strong>SyncForce<\/strong> \u00e8 un software unico che collega<strong> lo sviluppo del prodotto con la distribuzione delle informazioni<\/strong> su di esso. La soluzione aiuta i produttori di beni di consumo e professionisti dell&#8217;imballaggio ad accelerare lo sviluppo della merce attraverso una migliore comunicazione end-to-end. Un altro segno distintivo della soluzione \u00e8 la capacit\u00e0 di garantire una disponibilit\u00e0 digitale completa e coerente su tutti i canali e sui clienti. <strong>SyncForce<\/strong> elenca i prodotti digitalmente su ogni canale e nel formato appropriato, il tutto con un clic.\u00a0Le organizzazioni ottengono l&#8217;accesso istantaneo alle risorse digitali e alle informazioni sui prodotti grazie a un hub centralizzato dei contenuti. A sua volta, questo accelera i tempi di immissione dei beni sul mercato grazie allo sviluppo completo del portafoglio di prodotti che coinvolge risorse, budget e pianificazione.<\/p>\n<h2>SYNCFORCE &#8211; TUTORIAL<\/h2>\n<p>Ecco un video che mostra tutti i processi di questo <strong>software per gestire i dati<\/strong>:<\/p>\n<div id=\"fluid-wrapper-counter-1\" class=\"g1-fluid-wrapper \" style=\"width:686px;\">\n<div style=\"padding-bottom:56.268221574344%;\"><iframe loading=\"lazy\" title=\"SyncForce Product Success Platform Global\" width=\"686\" height=\"386\" src=\"https:\/\/www.youtube.com\/embed\/CTKuW3m88AY?feature=oembed&amp;wmode=transparent&amp;autohide=1&amp;autoplay=0&amp;disablekb=0&amp;fs=1&amp;loop=0&amp;enablejsapi=1&amp;rel=0&amp;controls=2&amp;showinfo=0&amp;wmode=transparent&amp;autohide=2&amp;autoplay=0&amp;disablekb=0&amp;fs=1&amp;loop=0&amp;enablejsapi=1&amp;rel=0&amp;controls=2&amp;showinfo=1\" frameborder=\"0\" allow=\"accelerometer; autoplay; clipboard-write; encrypted-media; gyroscope; picture-in-picture\" allowfullscreen><\/iframe><\/div>\n<\/div>\n<h3>SYNCFORCE &#8211; CARATTERISTICHE<\/h3>\n<ul>\n<li><strong>Disponibilit\u00e0 digitale senza indugio<\/strong>: fornire ai tuoi sistemi di front &amp; back office e ai tuoi partner commerciali dati di prodotto completi e corretti, con un solo clic di un pulsante<\/li>\n<li><strong>Centralizzazione dei dati di prodotto<\/strong>: fornendo una fonte affidabile per dati e risorse digitali, per supportare le operazioni interne (produzione, logistica, marketing e vendite) e per soddisfare la crescente necessit\u00e0 di dati da parte dei partner commerciali<\/li>\n<li><strong>Presa sullo sviluppo di prodotti e imballaggi<\/strong>: attraverso lo sviluppo di prodotti e imballaggi end-to-end (pianificazione, budget, risorse, approvazioni). Con centralizzazione integrata del contenuto del prodotto<\/li>\n<li><strong>Raggiungi decisioni di portafoglio rapide e migliori<\/strong>:\u00a0per avviare, accelerare, rallentare o interrompere progetti di sviluppo. L&#8217;assegnazione dinamica delle priorit\u00e0 ai progetti ti consente di rispondere rapidamente a nuove opportunit\u00e0, incluso il supporto per il budget a base zero.<\/li>\n<\/ul>\n<h4>LE RECENSIONI DEGLI UTENTI<\/h4>\n<p class=\"font-weight-bold mb-2\"><strong>Alexander V.&#8221;La soluzione definitiva per i produttori&#8221;<\/strong><\/p>\n<p><span class=\"font-weight-bold\"><strong>Commenti<\/strong>: <\/span>Soluzione pronta all&#8217;uso che supporta i produttori (nell&#8217;edilizia la nostra area di interesse in Innovadis) su ogni aspetto della loro strategia. Dall&#8217;idea del prodotto al lancio del prodotto.<\/p>\n<p class=\"font-weight-bold mb-2\"><strong>Pro<\/strong>:\u00a0La funzionalit\u00e0 standard sui datapool come GS1, 2BA, EZ-base 100% cloud e soluzione SaaS, tutti sulla stessa versione Nessuna manutenzione, piena funzionalit\u00e0 pronta all&#8217;uso<\/p>\n<p class=\"font-weight-bold mb-2\"><strong>Contro<\/strong>:\u00a0Sarebbe l&#8217;interfaccia utente, potrebbe essere di pi\u00f9 nel 2019..<\/p>\n<p class=\"font-weight-bold mb-2\"><strong>Martin G.&#8221;Produttore perfetto Piattaforma di gestione del prodotto&#8221;<\/strong><\/p>\n<p><span class=\"font-weight-bold\"><strong>Commenti<\/strong>: <\/span>abbiamo risolto i problemi di centralizzazione dei dati di prodotto dei produttori e abbiamo contribuito a semplificare il processo per rendere disponibile questo contenuto<\/p>\n<p class=\"font-weight-bold mb-2\"><strong>Pro<\/strong>:\u00a0l&#8217;adattamento perfetto per i processi di produzione per CPG e costruzioni\/fai da te: ci\u00f2 significa che il software si adatta al business dei produttori e lo supporta di conseguenza<\/p>\n<p class=\"font-weight-bold mb-2\"><strong>Contro<\/strong>:\u00a0in ogni progetto troviamo nuove possibilit\u00e0 di configurazione per le cose che abbiamo gi\u00e0 fatto &#8211; e identifichiamo che avremmo potuto configurarlo in un modo migliore<\/p>\n<h5 class=\"font-weight-bold mb-2\">Jan Q.&#8221;Soluzioni comprensibili&#8221;<\/h5>\n<p><span class=\"font-weight-bold\"><strong>Commenti<\/strong>: <\/span>Professionale<\/p>\n<p class=\"font-weight-bold mb-2\"><strong>Pro<\/strong>:\u00a0SyncForce \u00e8 facilmente configurabile in base alle esigenze del cliente<\/p>\n<p class=\"font-weight-bold mb-2\"><strong>Contro<\/strong>:\u00a0non puoi implementare SyncForce in ogni ramo.<\/p>\n<p>&nbsp;<\/p>\n","protected":false},"excerpt":{"rendered":"<p>SyncForce \u00e8 un software unico che collega lo sviluppo del prodotto con la distribuzione delle informazioni su di esso. La soluzione aiuta i produttori di beni di consumo e professionisti dell&#8217;imballaggio ad accelerare lo sviluppo della merce attraverso una migliore comunicazione end-to-end. Un altro segno distintivo della soluzione \u00e8 la capacit\u00e0 di garantire una disponibilit\u00e0 digitale completa e coerente su tutti i canali e sui clienti.<\/p>\n","protected":false},"author":16,"featured_media":54166,"parent":53694,"menu_order":0,"comment_status":"open","ping_status":"closed","template":"g1_template_page_review_new.php","meta":{"_acf_changed":false,"cwp_meta_box_check":"No","cwp_rev_product_name":"","cwp_rev_product_image":"","wppr_links":[],"cwp_rev_price":"","wppr_options":[],"wppr_pros":[],"wppr_cons":[],"_monsterinsights_skip_tracking":false,"_monsterinsights_sitenote_active":false,"_monsterinsights_sitenote_note":"","_monsterinsights_sitenote_category":0,"footnotes":""},"categories":[12005],"tags":[5690,12147,12146,12114,12104,12145],"features":[],"class_list":{"0":"post-54165","1":"page","2":"type-page","3":"status-publish","4":"has-post-thumbnail","6":"category-software-gestione-accurata-dati-cat","7":"tag-gestione-dati","8":"tag-piattaforma-gestione-dei-dati","9":"tag-programma-gestione-dei-dati","10":"tag-software-gestione-dei-dati","11":"tag-soluzione-gestione-dei-dati","12":"tag-syncforce"},"wppr_data":{"cwp_meta_box_check":"No"},"acf":[],"yoast_head":"<!-- This site is optimized with the Yoast SEO plugin v27.4 - https:\/\/yoast.com\/product\/yoast-seo-wordpress\/ -->\n<title>SyncForce: recensione software gestione dati - Accurate Reviews<\/title>\n<meta name=\"description\" content=\"SyncForce: recensione software unico che collega lo sviluppo del prodotto con la distribuzione delle informazioni su di esso.\" \/>\n<meta name=\"robots\" content=\"index, follow, max-snippet:-1, max-image-preview:large, max-video-preview:-1\" \/>\n<link rel=\"canonical\" href=\"https:\/\/www.accuratereviews.com\/it\/software-gestione-accurata-dati\/syncforce-recensione\/\" \/>\n<meta property=\"og:locale\" content=\"it_IT\" \/>\n<meta property=\"og:type\" content=\"article\" \/>\n<meta property=\"og:title\" content=\"SyncForce: recensione software gestione dati - Accurate Reviews\" \/>\n<meta property=\"og:description\" content=\"SyncForce: recensione software unico che collega lo sviluppo del prodotto con la distribuzione delle informazioni su di esso.\" \/>\n<meta property=\"og:url\" content=\"https:\/\/www.accuratereviews.com\/it\/software-gestione-accurata-dati\/syncforce-recensione\/\" \/>\n<meta property=\"og:site_name\" content=\"Accurate Reviews\" \/>\n<meta property=\"og:image\" content=\"https:\/\/www.accuratereviews.com\/wp-content\/uploads\/2022\/02\/SyncForce.webp\" \/>\n\t<meta property=\"og:image:width\" content=\"256\" \/>\n\t<meta property=\"og:image:height\" content=\"256\" \/>\n\t<meta property=\"og:image:type\" content=\"image\/webp\" \/>\n<meta name=\"twitter:card\" content=\"summary_large_image\" \/>\n<meta name=\"twitter:label1\" content=\"Tempo di lettura stimato\" \/>\n\t<meta name=\"twitter:data1\" content=\"3 minuti\" \/>\n<script type=\"application\/ld+json\" class=\"yoast-schema-graph\">{\"@context\":\"https:\\\/\\\/schema.org\",\"@graph\":[{\"@type\":\"WebPage\",\"@id\":\"https:\\\/\\\/www.accuratereviews.com\\\/it\\\/software-gestione-accurata-dati\\\/syncforce-recensione\\\/\",\"url\":\"https:\\\/\\\/www.accuratereviews.com\\\/it\\\/software-gestione-accurata-dati\\\/syncforce-recensione\\\/\",\"name\":\"SyncForce: recensione software gestione dati - Accurate Reviews\",\"isPartOf\":{\"@id\":\"https:\\\/\\\/www.accuratereviews.com\\\/it\\\/#website\"},\"primaryImageOfPage\":{\"@id\":\"https:\\\/\\\/www.accuratereviews.com\\\/it\\\/software-gestione-accurata-dati\\\/syncforce-recensione\\\/#primaryimage\"},\"image\":{\"@id\":\"https:\\\/\\\/www.accuratereviews.com\\\/it\\\/software-gestione-accurata-dati\\\/syncforce-recensione\\\/#primaryimage\"},\"thumbnailUrl\":\"https:\\\/\\\/www.accuratereviews.com\\\/wp-content\\\/uploads\\\/2022\\\/02\\\/SyncForce.webp\",\"datePublished\":\"2022-02-24T12:19:25+00:00\",\"description\":\"SyncForce: recensione software unico che collega lo sviluppo del prodotto con la distribuzione delle informazioni su di esso.\",\"breadcrumb\":{\"@id\":\"https:\\\/\\\/www.accuratereviews.com\\\/it\\\/software-gestione-accurata-dati\\\/syncforce-recensione\\\/#breadcrumb\"},\"inLanguage\":\"it-IT\",\"potentialAction\":[{\"@type\":\"ReadAction\",\"target\":[\"https:\\\/\\\/www.accuratereviews.com\\\/it\\\/software-gestione-accurata-dati\\\/syncforce-recensione\\\/\"]}]},{\"@type\":\"ImageObject\",\"inLanguage\":\"it-IT\",\"@id\":\"https:\\\/\\\/www.accuratereviews.com\\\/it\\\/software-gestione-accurata-dati\\\/syncforce-recensione\\\/#primaryimage\",\"url\":\"https:\\\/\\\/www.accuratereviews.com\\\/wp-content\\\/uploads\\\/2022\\\/02\\\/SyncForce.webp\",\"contentUrl\":\"https:\\\/\\\/www.accuratereviews.com\\\/wp-content\\\/uploads\\\/2022\\\/02\\\/SyncForce.webp\",\"width\":256,\"height\":256},{\"@type\":\"BreadcrumbList\",\"@id\":\"https:\\\/\\\/www.accuratereviews.com\\\/it\\\/software-gestione-accurata-dati\\\/syncforce-recensione\\\/#breadcrumb\",\"itemListElement\":[{\"@type\":\"ListItem\",\"position\":1,\"name\":\"Home\",\"item\":\"https:\\\/\\\/www.accuratereviews.com\\\/it\\\/\"},{\"@type\":\"ListItem\",\"position\":2,\"name\":\"Software per la gestione accurata dei dati\",\"item\":\"https:\\\/\\\/www.accuratereviews.com\\\/it\\\/software-gestione-accurata-dati\\\/\"},{\"@type\":\"ListItem\",\"position\":3,\"name\":\"SyncForce\"}]},{\"@type\":\"WebSite\",\"@id\":\"https:\\\/\\\/www.accuratereviews.com\\\/it\\\/#website\",\"url\":\"https:\\\/\\\/www.accuratereviews.com\\\/it\\\/\",\"name\":\"Accurate Reviews\",\"description\":\"\",\"potentialAction\":[{\"@type\":\"SearchAction\",\"target\":{\"@type\":\"EntryPoint\",\"urlTemplate\":\"https:\\\/\\\/www.accuratereviews.com\\\/it\\\/?s={search_term_string}\"},\"query-input\":{\"@type\":\"PropertyValueSpecification\",\"valueRequired\":true,\"valueName\":\"search_term_string\"}}],\"inLanguage\":\"it-IT\"}]}<\/script>\n<!-- \/ Yoast SEO plugin. -->","yoast_head_json":{"title":"SyncForce: recensione software gestione dati - Accurate Reviews","description":"SyncForce: recensione software unico che collega lo sviluppo del prodotto con la distribuzione delle informazioni su di esso.","robots":{"index":"index","follow":"follow","max-snippet":"max-snippet:-1","max-image-preview":"max-image-preview:large","max-video-preview":"max-video-preview:-1"},"canonical":"https:\/\/www.accuratereviews.com\/it\/software-gestione-accurata-dati\/syncforce-recensione\/","og_locale":"it_IT","og_type":"article","og_title":"SyncForce: recensione software gestione dati - Accurate Reviews","og_description":"SyncForce: recensione software unico che collega lo sviluppo del prodotto con la distribuzione delle informazioni su di esso.","og_url":"https:\/\/www.accuratereviews.com\/it\/software-gestione-accurata-dati\/syncforce-recensione\/","og_site_name":"Accurate Reviews","og_image":[{"width":256,"height":256,"url":"https:\/\/www.accuratereviews.com\/wp-content\/uploads\/2022\/02\/SyncForce.webp","type":"image\/webp"}],"twitter_card":"summary_large_image","twitter_misc":{"Tempo di lettura stimato":"3 minuti"},"schema":{"@context":"https:\/\/schema.org","@graph":[{"@type":"WebPage","@id":"https:\/\/www.accuratereviews.com\/it\/software-gestione-accurata-dati\/syncforce-recensione\/","url":"https:\/\/www.accuratereviews.com\/it\/software-gestione-accurata-dati\/syncforce-recensione\/","name":"SyncForce: recensione software gestione dati - Accurate Reviews","isPartOf":{"@id":"https:\/\/www.accuratereviews.com\/it\/#website"},"primaryImageOfPage":{"@id":"https:\/\/www.accuratereviews.com\/it\/software-gestione-accurata-dati\/syncforce-recensione\/#primaryimage"},"image":{"@id":"https:\/\/www.accuratereviews.com\/it\/software-gestione-accurata-dati\/syncforce-recensione\/#primaryimage"},"thumbnailUrl":"https:\/\/www.accuratereviews.com\/wp-content\/uploads\/2022\/02\/SyncForce.webp","datePublished":"2022-02-24T12:19:25+00:00","description":"SyncForce: recensione software unico che collega lo sviluppo del prodotto con la distribuzione delle informazioni su di esso.","breadcrumb":{"@id":"https:\/\/www.accuratereviews.com\/it\/software-gestione-accurata-dati\/syncforce-recensione\/#breadcrumb"},"inLanguage":"it-IT","potentialAction":[{"@type":"ReadAction","target":["https:\/\/www.accuratereviews.com\/it\/software-gestione-accurata-dati\/syncforce-recensione\/"]}]},{"@type":"ImageObject","inLanguage":"it-IT","@id":"https:\/\/www.accuratereviews.com\/it\/software-gestione-accurata-dati\/syncforce-recensione\/#primaryimage","url":"https:\/\/www.accuratereviews.com\/wp-content\/uploads\/2022\/02\/SyncForce.webp","contentUrl":"https:\/\/www.accuratereviews.com\/wp-content\/uploads\/2022\/02\/SyncForce.webp","width":256,"height":256},{"@type":"BreadcrumbList","@id":"https:\/\/www.accuratereviews.com\/it\/software-gestione-accurata-dati\/syncforce-recensione\/#breadcrumb","itemListElement":[{"@type":"ListItem","position":1,"name":"Home","item":"https:\/\/www.accuratereviews.com\/it\/"},{"@type":"ListItem","position":2,"name":"Software per la gestione accurata dei dati","item":"https:\/\/www.accuratereviews.com\/it\/software-gestione-accurata-dati\/"},{"@type":"ListItem","position":3,"name":"SyncForce"}]},{"@type":"WebSite","@id":"https:\/\/www.accuratereviews.com\/it\/#website","url":"https:\/\/www.accuratereviews.com\/it\/","name":"Accurate Reviews","description":"","potentialAction":[{"@type":"SearchAction","target":{"@type":"EntryPoint","urlTemplate":"https:\/\/www.accuratereviews.com\/it\/?s={search_term_string}"},"query-input":{"@type":"PropertyValueSpecification","valueRequired":true,"valueName":"search_term_string"}}],"inLanguage":"it-IT"}]}},"_links":{"self":[{"href":"https:\/\/www.accuratereviews.com\/it\/wp-json\/wp\/v2\/pages\/54165","targetHints":{"allow":["GET"]}}],"collection":[{"href":"https:\/\/www.accuratereviews.com\/it\/wp-json\/wp\/v2\/pages"}],"about":[{"href":"https:\/\/www.accuratereviews.com\/it\/wp-json\/wp\/v2\/types\/page"}],"author":[{"embeddable":true,"href":"https:\/\/www.accuratereviews.com\/it\/wp-json\/wp\/v2\/users\/16"}],"replies":[{"embeddable":true,"href":"https:\/\/www.accuratereviews.com\/it\/wp-json\/wp\/v2\/comments?post=54165"}],"version-history":[{"count":11,"href":"https:\/\/www.accuratereviews.com\/it\/wp-json\/wp\/v2\/pages\/54165\/revisions"}],"predecessor-version":[{"id":54209,"href":"https:\/\/www.accuratereviews.com\/it\/wp-json\/wp\/v2\/pages\/54165\/revisions\/54209"}],"up":[{"embeddable":true,"href":"https:\/\/www.accuratereviews.com\/it\/wp-json\/wp\/v2\/pages\/53694"}],"wp:featuredmedia":[{"embeddable":true,"href":"https:\/\/www.accuratereviews.com\/it\/wp-json\/wp\/v2\/media\/54166"}],"wp:attachment":[{"href":"https:\/\/www.accuratereviews.com\/it\/wp-json\/wp\/v2\/media?parent=54165"}],"wp:term":[{"taxonomy":"category","embeddable":true,"href":"https:\/\/www.accuratereviews.com\/it\/wp-json\/wp\/v2\/categories?post=54165"},{"taxonomy":"post_tag","embeddable":true,"href":"https:\/\/www.accuratereviews.com\/it\/wp-json\/wp\/v2\/tags?post=54165"},{"taxonomy":"features","embeddable":true,"href":"https:\/\/www.accuratereviews.com\/it\/wp-json\/wp\/v2\/features?post=54165"}],"curies":[{"name":"wp","href":"https:\/\/api.w.org\/{rel}","templated":true}]}}