{"id":54178,"date":"2022-02-24T11:20:15","date_gmt":"2022-02-24T11:20:15","guid":{"rendered":"https:\/\/www.accuratereviews.com\/?page_id=54178"},"modified":"2022-02-25T17:42:46","modified_gmt":"2022-02-25T17:42:46","slug":"datagroomr-recensione","status":"publish","type":"page","link":"https:\/\/www.accuratereviews.com\/it\/software-gestione-accurata-dati\/datagroomr-recensione\/","title":{"rendered":"DataGroomr"},"content":{"rendered":"<p><strong>DataGroomr<\/strong> \u00e8 un <strong>software di gestione dei dati<\/strong> che sfrutta l&#8217;apprendimento automatico e la tecnologia dell&#8217;intelligenza artificiale per trovare i record duplicati in modo semplice e veloce. I suoi algoritmi sono stati addestrati per essere pi\u00f9 efficaci e accurati nel trovare i duplicati rispetto ai filtri standard, questo semplifica quindi il processo di deduplicazione.<br \/>\n<strong>DataGroomr<\/strong> include anche uno strumento di <strong>gestione e qualit\u00e0 dei dati<\/strong>, Brushr, che\u00a0consente agli utenti di analizzare i dati Salesforce per la qualit\u00e0, verificare gli indirizzi e-mail, i numeri di telefono e gli indirizzi postali.<\/p>\n<h2>DATAGROOMR &#8211; TUTORIAL<\/h2>\n<p>Di seguito un breve video che ci mostra come funziona:<\/p>\n<div id=\"fluid-wrapper-counter-1\" class=\"g1-fluid-wrapper \" style=\"width:686px;\">\n<div style=\"padding-bottom:56.268221574344%;\"><iframe loading=\"lazy\" title=\"DataGroomr Overview - The Easiest Way to Deduplicate Salesforce\" width=\"686\" height=\"386\" src=\"https:\/\/www.youtube.com\/embed\/mUNvBbHbW-k?feature=oembed&amp;wmode=transparent&amp;autohide=1&amp;autoplay=0&amp;disablekb=0&amp;fs=1&amp;loop=0&amp;enablejsapi=1&amp;rel=0&amp;controls=2&amp;showinfo=0&amp;wmode=transparent&amp;autohide=2&amp;autoplay=0&amp;disablekb=0&amp;fs=1&amp;loop=0&amp;enablejsapi=1&amp;rel=0&amp;controls=2&amp;showinfo=1\" frameborder=\"0\" allow=\"accelerometer; autoplay; clipboard-write; encrypted-media; gyroscope; picture-in-picture\" allowfullscreen><\/iframe><\/div>\n<\/div>\n<h3>DATAGROOMR &#8211; CARATTERISTICHE<\/h3>\n<p>Questo programma per la gestione dei dati include 6 moduli:<\/p>\n<ul>\n<li><strong>TRIMMR<\/strong>: identifica i duplicati nei record di Salesforce. Confronta fianco a fianco, copia\/modifica e poi unisci per eliminare i duplicati. Converti i lead in contatti e account<\/li>\n<li><strong>BRUSHR<\/strong>: sfrutta l&#8217;AI allo stato dell&#8217;arte per valutare la qualit\u00e0 dei record di Salesforce. Convalida e standardizza gli attributi come email, indirizzi postali e numeri di telefono<\/li>\n<li><strong>IMPORTR<\/strong>: previene la creazione di duplicati in Salesforce a seguito dell&#8217;importazione di file CSV. Rivedi e aggiorna i record esistenti quando nuove o pi\u00f9 aggiornate informazioni vengono trovate nel CSV<\/li>\n<li><strong>SCHEDULR<\/strong>: automatizza i compiti in DataGroomr. Imposta attivit\u00e0 ricorrenti di analisi dei duplicati e pianifica attivit\u00e0 di fusione e conversione di massa<\/li>\n<li><strong>SUPERVISIR<\/strong>: gestisci gli oggetti a cui si accede attraverso la piattaforma DataGroomr. Gestisci le regole dell&#8217;organizzazione per identificare e unire i record. Gestisci gli algoritmi di rilevamento dei duplicati che sono personalizzati per le tue esigenze<\/li>\n<li><strong>AUDITR<\/strong>: visualizza un elenco completo delle azioni eseguite da DataGroomr. Esamina le informazioni dettagliate su analisi, fusioni, importazioni e molto altro.<\/li>\n<\/ul>\n<h4>LE RECENSIONI DEGLI UTENTI<\/h4>\n<p><strong>Rick R. &#8220;Ottimo prodotto&#8221;<\/strong><br \/>\nPRO: l&#8217;apprendimento automatico dello strumento lo ha reso una soluzione efficace e facile da usare per trovare i duplicati<br \/>\nCONTRO: sarebbe bello se si potesse anche eseguire una sola volta, in modo mirato, specifiche qeries per i duplicati senza dover impostare un algoritmo di corrispondenza completamente nuovo<\/p>\n<p><strong>Claire B. &#8220;Impressionato da DataGroomr&#8221;<\/strong><br \/>\nCOMMENTI: ci siamo iscritti per una prova gratuita con DataGroomr e dopo un test abbastanza approfondito avevamo intenzione di acquistarlo e implementarlo, ma purtroppo abbiamo dovuto rimandare a causa di una controversia contrattuale con il nostro precedente fornitore. Da quello che ho visto, per\u00f2, ero ansioso di passare a questa piattaforma perch\u00e9 \u00e8 molto pi\u00f9 semplice e il servizio clienti era molto pi\u00f9 avanti.<br \/>\nPRO: rispetto al nostro software di deduplicazione esistente, DataGroomr era davvero semplice da usare e l&#8217;assistenza clienti era amichevole e reattiva.<br \/>\nCONTRO: il prodotto \u00e8 relativamente nuovo, quindi ci sono ancora alcune caratteristiche su cui si sta lavorando, ma detto questo, ogni volta che abbiamo avuto una domanda o un problema, il team ci ha lavorato immediatamente e normalmente aveva una correzione o un aggiornamento distribuito entro una settimana.<\/p>\n<p><strong>Adam J. &#8220;Strumento di fusione dei dati&#8221;<\/strong><br \/>\nPRO: una volta impostato \u00e8 abbastanza facile da usare, gli strumenti di manipolazione dei dati sono stati un bonus aggiunto<br \/>\nCONTRO: il motore delle regole ha una ripida curva di apprendimento.<\/p>\n","protected":false},"excerpt":{"rendered":"<p>DataGroomr \u00e8 un software di gestione dei dati che sfrutta l&#8217;apprendimento automatico e la tecnologia dell&#8217;intelligenza artificiale per trovare i record duplicati in modo semplice e veloce. I suoi algoritmi sono stati addestrati per essere pi\u00f9 efficaci e accurati nel trovare i duplicati rispetto ai filtri standard, questo semplifica quindi il processo di deduplicazione.<\/p>\n","protected":false},"author":17,"featured_media":54179,"parent":53694,"menu_order":0,"comment_status":"open","ping_status":"closed","template":"g1_template_page_review_new.php","meta":{"_acf_changed":false,"cwp_meta_box_check":"No","cwp_rev_product_name":"","cwp_rev_product_image":"","wppr_links":[],"cwp_rev_price":"","wppr_options":[],"wppr_pros":[],"wppr_cons":[],"_monsterinsights_skip_tracking":false,"_monsterinsights_sitenote_active":false,"_monsterinsights_sitenote_note":"","_monsterinsights_sitenote_category":0,"footnotes":""},"categories":[12005],"tags":[12122,12021,12020,12017,12144,12019],"features":[],"class_list":{"0":"post-54178","1":"page","2":"type-page","3":"status-publish","4":"has-post-thumbnail","6":"category-software-gestione-accurata-dati-cat","7":"tag-gestione-dei-dati","8":"tag-piattaforma-per-la-gestione-accurata-dei-dati","9":"tag-programma-per-la-gestione-accurata-dei-dati","10":"tag-software-per-la-gestione-accurata-dei-dati","11":"tag-software-per-la-gestione-dei-dati","12":"tag-soluzione-per-la-gestione-accurata-dei-dati"},"wppr_data":{"cwp_meta_box_check":"No"},"acf":[],"yoast_head":"<!-- This site is optimized with the Yoast SEO plugin v27.4 - https:\/\/yoast.com\/product\/yoast-seo-wordpress\/ -->\n<title>DataGroomr: recensione software gestione dati - Accurate Reviews<\/title>\n<meta name=\"description\" content=\"DataGroomr: recensione del software di gestione dei dati che sfrutta l&#039;apprendimento automatico e l&#039;intelligenza artificiale.\" \/>\n<meta name=\"robots\" content=\"index, follow, max-snippet:-1, max-image-preview:large, max-video-preview:-1\" \/>\n<link rel=\"canonical\" href=\"https:\/\/www.accuratereviews.com\/it\/software-gestione-accurata-dati\/datagroomr-recensione\/\" \/>\n<meta property=\"og:locale\" content=\"it_IT\" \/>\n<meta property=\"og:type\" content=\"article\" \/>\n<meta property=\"og:title\" content=\"DataGroomr: recensione software gestione dati - Accurate Reviews\" \/>\n<meta property=\"og:description\" content=\"DataGroomr: recensione del software di gestione dei dati che sfrutta l&#039;apprendimento automatico e l&#039;intelligenza artificiale.\" \/>\n<meta property=\"og:url\" content=\"https:\/\/www.accuratereviews.com\/it\/software-gestione-accurata-dati\/datagroomr-recensione\/\" \/>\n<meta property=\"og:site_name\" content=\"Accurate Reviews\" \/>\n<meta property=\"article:modified_time\" content=\"2022-02-25T17:42:46+00:00\" \/>\n<meta property=\"og:image\" content=\"https:\/\/www.accuratereviews.com\/wp-content\/uploads\/2022\/02\/FLqjrr4m_400x400.jpg\" \/>\n\t<meta property=\"og:image:width\" content=\"400\" \/>\n\t<meta property=\"og:image:height\" content=\"400\" \/>\n\t<meta property=\"og:image:type\" content=\"image\/jpeg\" \/>\n<meta name=\"twitter:card\" content=\"summary_large_image\" \/>\n<meta name=\"twitter:label1\" content=\"Tempo di lettura stimato\" \/>\n\t<meta name=\"twitter:data1\" content=\"3 minuti\" \/>\n<script type=\"application\/ld+json\" class=\"yoast-schema-graph\">{\"@context\":\"https:\\\/\\\/schema.org\",\"@graph\":[{\"@type\":\"WebPage\",\"@id\":\"https:\\\/\\\/www.accuratereviews.com\\\/it\\\/software-gestione-accurata-dati\\\/datagroomr-recensione\\\/\",\"url\":\"https:\\\/\\\/www.accuratereviews.com\\\/it\\\/software-gestione-accurata-dati\\\/datagroomr-recensione\\\/\",\"name\":\"DataGroomr: recensione software gestione dati - Accurate Reviews\",\"isPartOf\":{\"@id\":\"https:\\\/\\\/www.accuratereviews.com\\\/it\\\/#website\"},\"primaryImageOfPage\":{\"@id\":\"https:\\\/\\\/www.accuratereviews.com\\\/it\\\/software-gestione-accurata-dati\\\/datagroomr-recensione\\\/#primaryimage\"},\"image\":{\"@id\":\"https:\\\/\\\/www.accuratereviews.com\\\/it\\\/software-gestione-accurata-dati\\\/datagroomr-recensione\\\/#primaryimage\"},\"thumbnailUrl\":\"https:\\\/\\\/www.accuratereviews.com\\\/wp-content\\\/uploads\\\/2022\\\/02\\\/FLqjrr4m_400x400.jpg\",\"datePublished\":\"2022-02-24T11:20:15+00:00\",\"dateModified\":\"2022-02-25T17:42:46+00:00\",\"description\":\"DataGroomr: recensione del software di gestione dei dati che sfrutta l'apprendimento automatico e l'intelligenza artificiale.\",\"breadcrumb\":{\"@id\":\"https:\\\/\\\/www.accuratereviews.com\\\/it\\\/software-gestione-accurata-dati\\\/datagroomr-recensione\\\/#breadcrumb\"},\"inLanguage\":\"it-IT\",\"potentialAction\":[{\"@type\":\"ReadAction\",\"target\":[\"https:\\\/\\\/www.accuratereviews.com\\\/it\\\/software-gestione-accurata-dati\\\/datagroomr-recensione\\\/\"]}]},{\"@type\":\"ImageObject\",\"inLanguage\":\"it-IT\",\"@id\":\"https:\\\/\\\/www.accuratereviews.com\\\/it\\\/software-gestione-accurata-dati\\\/datagroomr-recensione\\\/#primaryimage\",\"url\":\"https:\\\/\\\/www.accuratereviews.com\\\/wp-content\\\/uploads\\\/2022\\\/02\\\/FLqjrr4m_400x400.jpg\",\"contentUrl\":\"https:\\\/\\\/www.accuratereviews.com\\\/wp-content\\\/uploads\\\/2022\\\/02\\\/FLqjrr4m_400x400.jpg\",\"width\":400,\"height\":400},{\"@type\":\"BreadcrumbList\",\"@id\":\"https:\\\/\\\/www.accuratereviews.com\\\/it\\\/software-gestione-accurata-dati\\\/datagroomr-recensione\\\/#breadcrumb\",\"itemListElement\":[{\"@type\":\"ListItem\",\"position\":1,\"name\":\"Home\",\"item\":\"https:\\\/\\\/www.accuratereviews.com\\\/it\\\/\"},{\"@type\":\"ListItem\",\"position\":2,\"name\":\"Software per la gestione accurata dei dati\",\"item\":\"https:\\\/\\\/www.accuratereviews.com\\\/it\\\/software-gestione-accurata-dati\\\/\"},{\"@type\":\"ListItem\",\"position\":3,\"name\":\"DataGroomr\"}]},{\"@type\":\"WebSite\",\"@id\":\"https:\\\/\\\/www.accuratereviews.com\\\/it\\\/#website\",\"url\":\"https:\\\/\\\/www.accuratereviews.com\\\/it\\\/\",\"name\":\"Accurate Reviews\",\"description\":\"\",\"potentialAction\":[{\"@type\":\"SearchAction\",\"target\":{\"@type\":\"EntryPoint\",\"urlTemplate\":\"https:\\\/\\\/www.accuratereviews.com\\\/it\\\/?s={search_term_string}\"},\"query-input\":{\"@type\":\"PropertyValueSpecification\",\"valueRequired\":true,\"valueName\":\"search_term_string\"}}],\"inLanguage\":\"it-IT\"}]}<\/script>\n<!-- \/ Yoast SEO plugin. -->","yoast_head_json":{"title":"DataGroomr: recensione software gestione dati - Accurate Reviews","description":"DataGroomr: recensione del software di gestione dei dati che sfrutta l'apprendimento automatico e l'intelligenza artificiale.","robots":{"index":"index","follow":"follow","max-snippet":"max-snippet:-1","max-image-preview":"max-image-preview:large","max-video-preview":"max-video-preview:-1"},"canonical":"https:\/\/www.accuratereviews.com\/it\/software-gestione-accurata-dati\/datagroomr-recensione\/","og_locale":"it_IT","og_type":"article","og_title":"DataGroomr: recensione software gestione dati - Accurate Reviews","og_description":"DataGroomr: recensione del software di gestione dei dati che sfrutta l'apprendimento automatico e l'intelligenza artificiale.","og_url":"https:\/\/www.accuratereviews.com\/it\/software-gestione-accurata-dati\/datagroomr-recensione\/","og_site_name":"Accurate Reviews","article_modified_time":"2022-02-25T17:42:46+00:00","og_image":[{"width":400,"height":400,"url":"https:\/\/www.accuratereviews.com\/wp-content\/uploads\/2022\/02\/FLqjrr4m_400x400.jpg","type":"image\/jpeg"}],"twitter_card":"summary_large_image","twitter_misc":{"Tempo di lettura stimato":"3 minuti"},"schema":{"@context":"https:\/\/schema.org","@graph":[{"@type":"WebPage","@id":"https:\/\/www.accuratereviews.com\/it\/software-gestione-accurata-dati\/datagroomr-recensione\/","url":"https:\/\/www.accuratereviews.com\/it\/software-gestione-accurata-dati\/datagroomr-recensione\/","name":"DataGroomr: recensione software gestione dati - Accurate Reviews","isPartOf":{"@id":"https:\/\/www.accuratereviews.com\/it\/#website"},"primaryImageOfPage":{"@id":"https:\/\/www.accuratereviews.com\/it\/software-gestione-accurata-dati\/datagroomr-recensione\/#primaryimage"},"image":{"@id":"https:\/\/www.accuratereviews.com\/it\/software-gestione-accurata-dati\/datagroomr-recensione\/#primaryimage"},"thumbnailUrl":"https:\/\/www.accuratereviews.com\/wp-content\/uploads\/2022\/02\/FLqjrr4m_400x400.jpg","datePublished":"2022-02-24T11:20:15+00:00","dateModified":"2022-02-25T17:42:46+00:00","description":"DataGroomr: recensione del software di gestione dei dati che sfrutta l'apprendimento automatico e l'intelligenza artificiale.","breadcrumb":{"@id":"https:\/\/www.accuratereviews.com\/it\/software-gestione-accurata-dati\/datagroomr-recensione\/#breadcrumb"},"inLanguage":"it-IT","potentialAction":[{"@type":"ReadAction","target":["https:\/\/www.accuratereviews.com\/it\/software-gestione-accurata-dati\/datagroomr-recensione\/"]}]},{"@type":"ImageObject","inLanguage":"it-IT","@id":"https:\/\/www.accuratereviews.com\/it\/software-gestione-accurata-dati\/datagroomr-recensione\/#primaryimage","url":"https:\/\/www.accuratereviews.com\/wp-content\/uploads\/2022\/02\/FLqjrr4m_400x400.jpg","contentUrl":"https:\/\/www.accuratereviews.com\/wp-content\/uploads\/2022\/02\/FLqjrr4m_400x400.jpg","width":400,"height":400},{"@type":"BreadcrumbList","@id":"https:\/\/www.accuratereviews.com\/it\/software-gestione-accurata-dati\/datagroomr-recensione\/#breadcrumb","itemListElement":[{"@type":"ListItem","position":1,"name":"Home","item":"https:\/\/www.accuratereviews.com\/it\/"},{"@type":"ListItem","position":2,"name":"Software per la gestione accurata dei dati","item":"https:\/\/www.accuratereviews.com\/it\/software-gestione-accurata-dati\/"},{"@type":"ListItem","position":3,"name":"DataGroomr"}]},{"@type":"WebSite","@id":"https:\/\/www.accuratereviews.com\/it\/#website","url":"https:\/\/www.accuratereviews.com\/it\/","name":"Accurate Reviews","description":"","potentialAction":[{"@type":"SearchAction","target":{"@type":"EntryPoint","urlTemplate":"https:\/\/www.accuratereviews.com\/it\/?s={search_term_string}"},"query-input":{"@type":"PropertyValueSpecification","valueRequired":true,"valueName":"search_term_string"}}],"inLanguage":"it-IT"}]}},"_links":{"self":[{"href":"https:\/\/www.accuratereviews.com\/it\/wp-json\/wp\/v2\/pages\/54178","targetHints":{"allow":["GET"]}}],"collection":[{"href":"https:\/\/www.accuratereviews.com\/it\/wp-json\/wp\/v2\/pages"}],"about":[{"href":"https:\/\/www.accuratereviews.com\/it\/wp-json\/wp\/v2\/types\/page"}],"author":[{"embeddable":true,"href":"https:\/\/www.accuratereviews.com\/it\/wp-json\/wp\/v2\/users\/17"}],"replies":[{"embeddable":true,"href":"https:\/\/www.accuratereviews.com\/it\/wp-json\/wp\/v2\/comments?post=54178"}],"version-history":[{"count":8,"href":"https:\/\/www.accuratereviews.com\/it\/wp-json\/wp\/v2\/pages\/54178\/revisions"}],"predecessor-version":[{"id":54260,"href":"https:\/\/www.accuratereviews.com\/it\/wp-json\/wp\/v2\/pages\/54178\/revisions\/54260"}],"up":[{"embeddable":true,"href":"https:\/\/www.accuratereviews.com\/it\/wp-json\/wp\/v2\/pages\/53694"}],"wp:featuredmedia":[{"embeddable":true,"href":"https:\/\/www.accuratereviews.com\/it\/wp-json\/wp\/v2\/media\/54179"}],"wp:attachment":[{"href":"https:\/\/www.accuratereviews.com\/it\/wp-json\/wp\/v2\/media?parent=54178"}],"wp:term":[{"taxonomy":"category","embeddable":true,"href":"https:\/\/www.accuratereviews.com\/it\/wp-json\/wp\/v2\/categories?post=54178"},{"taxonomy":"post_tag","embeddable":true,"href":"https:\/\/www.accuratereviews.com\/it\/wp-json\/wp\/v2\/tags?post=54178"},{"taxonomy":"features","embeddable":true,"href":"https:\/\/www.accuratereviews.com\/it\/wp-json\/wp\/v2\/features?post=54178"}],"curies":[{"name":"wp","href":"https:\/\/api.w.org\/{rel}","templated":true}]}}