{"id":54210,"date":"2022-02-25T12:36:24","date_gmt":"2022-02-25T12:36:24","guid":{"rendered":"https:\/\/www.accuratereviews.com\/?page_id=54210"},"modified":"2022-02-25T12:36:24","modified_gmt":"2022-02-25T12:36:24","slug":"melissa-data-recensione","status":"publish","type":"page","link":"https:\/\/www.accuratereviews.com\/it\/software-gestione-accurata-dati\/melissa-data-recensione\/","title":{"rendered":"Melissa Data"},"content":{"rendered":"<p><strong>Melissa Data<\/strong> \u00e8 un fornitore di servizi di <strong>verifica dell&#8217;identit\u00e0 e qualit\u00e0 dei dati<\/strong> di contatto. La tecnologia aiuta le aziende durante l&#8217;intero ciclo di vita della qualit\u00e0 dei dati con funzionalit\u00e0 che aiutano a profilare, esaminare, aggiornare, abbinare e migliorare le risorse informative. Attraverso questi strumenti, gli utenti possono migliorare le comunicazioni, aumentare il marketing e le vendite e generare analisi necessarie per un processo decisionale efficace.\u00a0Con l&#8217;aiuto di <strong>Melissa Data<\/strong>, le organizzazioni possono mantenere un database pulito, uniforme, accurato e affidabile di risorse informative vitali.\u00a0La funzione di verifica dell&#8217;identit\u00e0 conferma le informazioni di base, raccoglie dati da diverse fonti e li esegue attraverso elenchi di controllo governativi, il tutto in tempo reale. Ci\u00f2 aiuta a ridurre le possibili attivit\u00e0 fraudolente e aiuta a soddisfare la conformit\u00e0 normativa utilizzando formati completi e standardizzati.<\/p>\n<h2>MELISSA DATA &#8211; TUTORIAL<\/h2>\n<p>In questa breve demo del software per gestire dati vedrai come utilizzare Listware per Excel per selezionare un numero di righe in un foglio di calcolo e pulire e aggiornare facilmente i record dei contatti:<\/p>\n<div id=\"fluid-wrapper-counter-1\" class=\"g1-fluid-wrapper \" style=\"width:686px;\">\n<div style=\"padding-bottom:56.268221574344%;\"><iframe loading=\"lazy\" title=\"Listware for Excel Overview\" width=\"686\" height=\"386\" src=\"https:\/\/www.youtube.com\/embed\/4t5jn3vyJ9Y?feature=oembed&amp;wmode=transparent&amp;autohide=1&amp;autoplay=0&amp;disablekb=0&amp;fs=1&amp;loop=0&amp;enablejsapi=1&amp;rel=0&amp;controls=2&amp;showinfo=0&amp;wmode=transparent&amp;autohide=2&amp;autoplay=0&amp;disablekb=0&amp;fs=1&amp;loop=0&amp;enablejsapi=1&amp;rel=0&amp;controls=2&amp;showinfo=1\" frameborder=\"0\" allow=\"accelerometer; autoplay; clipboard-write; encrypted-media; gyroscope; picture-in-picture\" allowfullscreen><\/iframe><\/div>\n<\/div>\n<h3>MELISSA DATA &#8211; CARATTERISTICHE<\/h3>\n<ul>\n<li>Verifica, standardizza e traslittera gli indirizzi per oltre 240 paesi<\/li>\n<li>Utilizza il riconoscimento intelligente per identificare oltre 650.000 nomi e cognomi etnicamente diversi<\/li>\n<li>Autentica i numeri di telefono e i dati geografici e assicurati che i numeri di cellulare siano attivi e richiamabili<\/li>\n<li>Convalida dominio, sintassi, ortografia e controlla addirittura l\u2019SMTP per la verifica globale della posta elettronica<\/li>\n<li>Completa automaticamente gli indirizzi di contatto e le email per velocizzare l&#8217;inserimento degli ordini con una digitazione veloce<\/li>\n<li>Permette di verificare i dati in tempo reale per eliminare i costi di spedizione dovuti a indirizzi errati<\/li>\n<li>Riempie automaticamente tutti i campi dell&#8217;indirizzo (citt\u00e0, stato, codice postale, ecc.) e funziona come un motore di ricerca internet per aggiornare l&#8217;esperienza dell&#8217;utente<\/li>\n<li>Disponibile come servizio cloud o software desktop<\/li>\n<li>Ottieni coordinate precise e tracciate per migliorare la logistica e ridurre i costi di spedizione<\/li>\n<li>Potenzia la ricerca della posizione dei punti vendita e le ricerche locali per aumentare la soddisfazione dei clienti e semplificare gli acquisti<\/li>\n<li>Ottieni servizi di geocodifica per oltre 240 paesi in tutto il mondo per aumentare l&#8217;efficienza della tua business intelligence<\/li>\n<li>Converti le coordinate latitudinali e longitudinali in indirizzi civici fisici (geocodifica inversa)<\/li>\n<li>Garantisci la conformit\u00e0 in materia di antiriciclaggio (AML), individui politicamente esposti (PEP) e il Bank Secrecy Act (BSA)<\/li>\n<\/ul>\n<h4>LE RECENSIONI DEGLI UTENTI<\/h4>\n<p class=\"font-weight-bold mb-2\"><strong>Theo T.&#8221;Melissa mi ha risparmiato molti problemi nel corso degli anni&#8221;<\/strong><\/p>\n<p><span class=\"font-weight-bold\"><strong>Commenti<\/strong>: <\/span>Gestire una piccola attivit\u00e0 di ecommerce presenta molte sfide, inclusa la ricezione di una percentuale significativa di ordini discutibili o potenzialmente fraudolenti. Il servizio di ricerca di Melissa mi consente spesso di confermare un ordine che sembrava discutibile o di invitarmi a provare a contattare il cliente prima della spedizione.<\/p>\n<p class=\"font-weight-bold mb-2\"><strong>Pro<\/strong>:\u00a0Verifica del nome e dell&#8217;indirizzo facile ed essenzialmente GRATUITA che ha notevolmente aiutato la mia piccola attivit\u00e0 di e-commerce.<\/p>\n<p class=\"font-weight-bold mb-2\"><strong>Contro<\/strong>:\u00a0Non posso lamentarmi molto di un servizio per il quale non ho ancora dovuto pagare, ma sarebbe bello vedere informazioni come quanto sono recenti i dati.<\/p>\n<p class=\"font-weight-bold mb-2\"><strong>Felicia ann K.&#8221;Melissa Data&#8221;<\/strong><\/p>\n<p><span class=\"font-weight-bold\"><strong>Commenti<\/strong>: <\/span>molto bene sto con loro da quasi sei anni e mi piace questo programma quando lo uso non lo uso spesso perch\u00e9 \u00e8 usato per cercare persone o aziende, quindi mi piaceva solo una volta all&#8217;anno ma \u00e8 un buon prodotto nel complesso e molto preciso<\/p>\n<p class=\"font-weight-bold mb-2\"><strong>Pro<\/strong>:\u00a0Che visualizzi accuratamente le informazioni che cerchi, ad esempio, ho fatto una ricerca su me stesso e le informazioni erano corrette<\/p>\n<p class=\"font-weight-bold mb-2\"><strong>Contro<\/strong>:\u00a0Che ha una quantit\u00e0 eccessiva di categorie che puoi utilizzare per cercare e diventa un po &#8216;ingombrante<\/p>\n<p class=\"font-weight-bold mb-2\"><strong>Morgan B.&#8221;Verifica le posizioni rapidamente&#8221;<\/strong><\/p>\n<p><span class=\"font-weight-bold\"><strong>Commenti<\/strong>: <\/span>Raccomando Melissa a qualsiasi azienda che inserisca le informazioni dei clienti per la verifica. Non \u00e8 possibile trovare nulla di meglio progettato per ottimizzare questi processi.<\/p>\n<p class=\"font-weight-bold mb-2\"><strong>Pro<\/strong>:\u00a0Melissa ha creato una serie di programmi che semplificano i processi di verifica. I dipendenti sono in grado di raccogliere le informazioni personali dei clienti, inclusi gli indirizzi per confermare che tutto sia corretto.<\/p>\n<p class=\"font-weight-bold mb-2\"><strong>Contro<\/strong>:\u00a0C&#8217;\u00e8 una curva di apprendimento con Melissa. Con cos\u00ec tante opzioni pu\u00f2 essere opprimente e richiedere molto tempo per imparare il programma.<\/p>\n<p>&nbsp;<\/p>\n","protected":false},"excerpt":{"rendered":"<p>Melissa Data \u00e8 un fornitore di servizi di verifica dell&#8217;identit\u00e0 e qualit\u00e0 dei dati di contatto. La tecnologia aiuta le aziende durante l&#8217;intero ciclo di vita della qualit\u00e0 dei dati con funzionalit\u00e0 che aiutano a profilare, esaminare, aggiornare, abbinare e migliorare le risorse informative. Attraverso questi strumenti, gli utenti possono migliorare le comunicazioni, aumentare il marketing e le vendite e generare analisi necessarie per un processo decisionale efficace.<\/p>\n","protected":false},"author":16,"featured_media":54211,"parent":53694,"menu_order":0,"comment_status":"open","ping_status":"closed","template":"g1_template_page_review_new.php","meta":{"_acf_changed":false,"cwp_meta_box_check":"No","cwp_rev_product_name":"","cwp_rev_product_image":"","wppr_links":[],"cwp_rev_price":"","wppr_options":[],"wppr_pros":[],"wppr_cons":[],"_monsterinsights_skip_tracking":false,"_monsterinsights_sitenote_active":false,"_monsterinsights_sitenote_note":"","_monsterinsights_sitenote_category":0,"footnotes":""},"categories":[12005],"tags":[5690,12150,12117,12116,12022,12119],"features":[],"class_list":{"0":"post-54210","1":"page","2":"type-page","3":"status-publish","4":"has-post-thumbnail","6":"category-software-gestione-accurata-dati-cat","7":"tag-gestione-dati","8":"tag-melissa-data","9":"tag-piattaforma-gestione-dati","10":"tag-programma-gestione-dati","11":"tag-software-gestione-dati","12":"tag-soluzione-gestione-dati"},"wppr_data":{"cwp_meta_box_check":"No"},"acf":[],"yoast_head":"<!-- This site is optimized with the Yoast SEO plugin v27.4 - https:\/\/yoast.com\/product\/yoast-seo-wordpress\/ -->\n<title>Melissa Data: recensione software gestione dei dati - Accurate Reviews<\/title>\n<meta name=\"description\" content=\"Melissa Data: recensione soluzione di servizi per la verifica dell&#039;identit\u00e0 e qualit\u00e0 dei dati di contatto.\" \/>\n<meta name=\"robots\" content=\"index, follow, max-snippet:-1, max-image-preview:large, max-video-preview:-1\" \/>\n<link rel=\"canonical\" href=\"https:\/\/www.accuratereviews.com\/it\/software-gestione-accurata-dati\/melissa-data-recensione\/\" \/>\n<meta property=\"og:locale\" content=\"it_IT\" \/>\n<meta property=\"og:type\" content=\"article\" \/>\n<meta property=\"og:title\" content=\"Melissa Data: recensione software gestione dei dati - Accurate Reviews\" \/>\n<meta property=\"og:description\" content=\"Melissa Data: recensione soluzione di servizi per la verifica dell&#039;identit\u00e0 e qualit\u00e0 dei dati di contatto.\" \/>\n<meta property=\"og:url\" content=\"https:\/\/www.accuratereviews.com\/it\/software-gestione-accurata-dati\/melissa-data-recensione\/\" \/>\n<meta property=\"og:site_name\" content=\"Accurate Reviews\" \/>\n<meta property=\"og:image\" content=\"https:\/\/www.accuratereviews.com\/wp-content\/uploads\/2022\/02\/melissa.jpeg\" \/>\n\t<meta property=\"og:image:width\" content=\"640\" \/>\n\t<meta property=\"og:image:height\" content=\"272\" \/>\n\t<meta property=\"og:image:type\" content=\"image\/jpeg\" \/>\n<meta name=\"twitter:card\" content=\"summary_large_image\" \/>\n<meta name=\"twitter:label1\" content=\"Tempo di lettura stimato\" \/>\n\t<meta name=\"twitter:data1\" content=\"4 minuti\" \/>\n<script type=\"application\/ld+json\" class=\"yoast-schema-graph\">{\"@context\":\"https:\\\/\\\/schema.org\",\"@graph\":[{\"@type\":\"WebPage\",\"@id\":\"https:\\\/\\\/www.accuratereviews.com\\\/it\\\/software-gestione-accurata-dati\\\/melissa-data-recensione\\\/\",\"url\":\"https:\\\/\\\/www.accuratereviews.com\\\/it\\\/software-gestione-accurata-dati\\\/melissa-data-recensione\\\/\",\"name\":\"Melissa Data: recensione software gestione dei dati - Accurate Reviews\",\"isPartOf\":{\"@id\":\"https:\\\/\\\/www.accuratereviews.com\\\/it\\\/#website\"},\"primaryImageOfPage\":{\"@id\":\"https:\\\/\\\/www.accuratereviews.com\\\/it\\\/software-gestione-accurata-dati\\\/melissa-data-recensione\\\/#primaryimage\"},\"image\":{\"@id\":\"https:\\\/\\\/www.accuratereviews.com\\\/it\\\/software-gestione-accurata-dati\\\/melissa-data-recensione\\\/#primaryimage\"},\"thumbnailUrl\":\"https:\\\/\\\/www.accuratereviews.com\\\/wp-content\\\/uploads\\\/2022\\\/02\\\/melissa.jpeg\",\"datePublished\":\"2022-02-25T12:36:24+00:00\",\"description\":\"Melissa Data: recensione soluzione di servizi per la verifica dell'identit\u00e0 e qualit\u00e0 dei dati di contatto.\",\"breadcrumb\":{\"@id\":\"https:\\\/\\\/www.accuratereviews.com\\\/it\\\/software-gestione-accurata-dati\\\/melissa-data-recensione\\\/#breadcrumb\"},\"inLanguage\":\"it-IT\",\"potentialAction\":[{\"@type\":\"ReadAction\",\"target\":[\"https:\\\/\\\/www.accuratereviews.com\\\/it\\\/software-gestione-accurata-dati\\\/melissa-data-recensione\\\/\"]}]},{\"@type\":\"ImageObject\",\"inLanguage\":\"it-IT\",\"@id\":\"https:\\\/\\\/www.accuratereviews.com\\\/it\\\/software-gestione-accurata-dati\\\/melissa-data-recensione\\\/#primaryimage\",\"url\":\"https:\\\/\\\/www.accuratereviews.com\\\/wp-content\\\/uploads\\\/2022\\\/02\\\/melissa.jpeg\",\"contentUrl\":\"https:\\\/\\\/www.accuratereviews.com\\\/wp-content\\\/uploads\\\/2022\\\/02\\\/melissa.jpeg\",\"width\":640,\"height\":272},{\"@type\":\"BreadcrumbList\",\"@id\":\"https:\\\/\\\/www.accuratereviews.com\\\/it\\\/software-gestione-accurata-dati\\\/melissa-data-recensione\\\/#breadcrumb\",\"itemListElement\":[{\"@type\":\"ListItem\",\"position\":1,\"name\":\"Home\",\"item\":\"https:\\\/\\\/www.accuratereviews.com\\\/it\\\/\"},{\"@type\":\"ListItem\",\"position\":2,\"name\":\"Software per la gestione accurata dei dati\",\"item\":\"https:\\\/\\\/www.accuratereviews.com\\\/it\\\/software-gestione-accurata-dati\\\/\"},{\"@type\":\"ListItem\",\"position\":3,\"name\":\"Melissa Data\"}]},{\"@type\":\"WebSite\",\"@id\":\"https:\\\/\\\/www.accuratereviews.com\\\/it\\\/#website\",\"url\":\"https:\\\/\\\/www.accuratereviews.com\\\/it\\\/\",\"name\":\"Accurate Reviews\",\"description\":\"\",\"potentialAction\":[{\"@type\":\"SearchAction\",\"target\":{\"@type\":\"EntryPoint\",\"urlTemplate\":\"https:\\\/\\\/www.accuratereviews.com\\\/it\\\/?s={search_term_string}\"},\"query-input\":{\"@type\":\"PropertyValueSpecification\",\"valueRequired\":true,\"valueName\":\"search_term_string\"}}],\"inLanguage\":\"it-IT\"}]}<\/script>\n<!-- \/ Yoast SEO plugin. -->","yoast_head_json":{"title":"Melissa Data: recensione software gestione dei dati - Accurate Reviews","description":"Melissa Data: recensione soluzione di servizi per la verifica dell'identit\u00e0 e qualit\u00e0 dei dati di contatto.","robots":{"index":"index","follow":"follow","max-snippet":"max-snippet:-1","max-image-preview":"max-image-preview:large","max-video-preview":"max-video-preview:-1"},"canonical":"https:\/\/www.accuratereviews.com\/it\/software-gestione-accurata-dati\/melissa-data-recensione\/","og_locale":"it_IT","og_type":"article","og_title":"Melissa Data: recensione software gestione dei dati - Accurate Reviews","og_description":"Melissa Data: recensione soluzione di servizi per la verifica dell'identit\u00e0 e qualit\u00e0 dei dati di contatto.","og_url":"https:\/\/www.accuratereviews.com\/it\/software-gestione-accurata-dati\/melissa-data-recensione\/","og_site_name":"Accurate Reviews","og_image":[{"width":640,"height":272,"url":"https:\/\/www.accuratereviews.com\/wp-content\/uploads\/2022\/02\/melissa.jpeg","type":"image\/jpeg"}],"twitter_card":"summary_large_image","twitter_misc":{"Tempo di lettura stimato":"4 minuti"},"schema":{"@context":"https:\/\/schema.org","@graph":[{"@type":"WebPage","@id":"https:\/\/www.accuratereviews.com\/it\/software-gestione-accurata-dati\/melissa-data-recensione\/","url":"https:\/\/www.accuratereviews.com\/it\/software-gestione-accurata-dati\/melissa-data-recensione\/","name":"Melissa Data: recensione software gestione dei dati - Accurate Reviews","isPartOf":{"@id":"https:\/\/www.accuratereviews.com\/it\/#website"},"primaryImageOfPage":{"@id":"https:\/\/www.accuratereviews.com\/it\/software-gestione-accurata-dati\/melissa-data-recensione\/#primaryimage"},"image":{"@id":"https:\/\/www.accuratereviews.com\/it\/software-gestione-accurata-dati\/melissa-data-recensione\/#primaryimage"},"thumbnailUrl":"https:\/\/www.accuratereviews.com\/wp-content\/uploads\/2022\/02\/melissa.jpeg","datePublished":"2022-02-25T12:36:24+00:00","description":"Melissa Data: recensione soluzione di servizi per la verifica dell'identit\u00e0 e qualit\u00e0 dei dati di contatto.","breadcrumb":{"@id":"https:\/\/www.accuratereviews.com\/it\/software-gestione-accurata-dati\/melissa-data-recensione\/#breadcrumb"},"inLanguage":"it-IT","potentialAction":[{"@type":"ReadAction","target":["https:\/\/www.accuratereviews.com\/it\/software-gestione-accurata-dati\/melissa-data-recensione\/"]}]},{"@type":"ImageObject","inLanguage":"it-IT","@id":"https:\/\/www.accuratereviews.com\/it\/software-gestione-accurata-dati\/melissa-data-recensione\/#primaryimage","url":"https:\/\/www.accuratereviews.com\/wp-content\/uploads\/2022\/02\/melissa.jpeg","contentUrl":"https:\/\/www.accuratereviews.com\/wp-content\/uploads\/2022\/02\/melissa.jpeg","width":640,"height":272},{"@type":"BreadcrumbList","@id":"https:\/\/www.accuratereviews.com\/it\/software-gestione-accurata-dati\/melissa-data-recensione\/#breadcrumb","itemListElement":[{"@type":"ListItem","position":1,"name":"Home","item":"https:\/\/www.accuratereviews.com\/it\/"},{"@type":"ListItem","position":2,"name":"Software per la gestione accurata dei dati","item":"https:\/\/www.accuratereviews.com\/it\/software-gestione-accurata-dati\/"},{"@type":"ListItem","position":3,"name":"Melissa Data"}]},{"@type":"WebSite","@id":"https:\/\/www.accuratereviews.com\/it\/#website","url":"https:\/\/www.accuratereviews.com\/it\/","name":"Accurate Reviews","description":"","potentialAction":[{"@type":"SearchAction","target":{"@type":"EntryPoint","urlTemplate":"https:\/\/www.accuratereviews.com\/it\/?s={search_term_string}"},"query-input":{"@type":"PropertyValueSpecification","valueRequired":true,"valueName":"search_term_string"}}],"inLanguage":"it-IT"}]}},"_links":{"self":[{"href":"https:\/\/www.accuratereviews.com\/it\/wp-json\/wp\/v2\/pages\/54210","targetHints":{"allow":["GET"]}}],"collection":[{"href":"https:\/\/www.accuratereviews.com\/it\/wp-json\/wp\/v2\/pages"}],"about":[{"href":"https:\/\/www.accuratereviews.com\/it\/wp-json\/wp\/v2\/types\/page"}],"author":[{"embeddable":true,"href":"https:\/\/www.accuratereviews.com\/it\/wp-json\/wp\/v2\/users\/16"}],"replies":[{"embeddable":true,"href":"https:\/\/www.accuratereviews.com\/it\/wp-json\/wp\/v2\/comments?post=54210"}],"version-history":[{"count":10,"href":"https:\/\/www.accuratereviews.com\/it\/wp-json\/wp\/v2\/pages\/54210\/revisions"}],"predecessor-version":[{"id":54252,"href":"https:\/\/www.accuratereviews.com\/it\/wp-json\/wp\/v2\/pages\/54210\/revisions\/54252"}],"up":[{"embeddable":true,"href":"https:\/\/www.accuratereviews.com\/it\/wp-json\/wp\/v2\/pages\/53694"}],"wp:featuredmedia":[{"embeddable":true,"href":"https:\/\/www.accuratereviews.com\/it\/wp-json\/wp\/v2\/media\/54211"}],"wp:attachment":[{"href":"https:\/\/www.accuratereviews.com\/it\/wp-json\/wp\/v2\/media?parent=54210"}],"wp:term":[{"taxonomy":"category","embeddable":true,"href":"https:\/\/www.accuratereviews.com\/it\/wp-json\/wp\/v2\/categories?post=54210"},{"taxonomy":"post_tag","embeddable":true,"href":"https:\/\/www.accuratereviews.com\/it\/wp-json\/wp\/v2\/tags?post=54210"},{"taxonomy":"features","embeddable":true,"href":"https:\/\/www.accuratereviews.com\/it\/wp-json\/wp\/v2\/features?post=54210"}],"curies":[{"name":"wp","href":"https:\/\/api.w.org\/{rel}","templated":true}]}}