{"id":54218,"date":"2022-02-25T12:21:27","date_gmt":"2022-02-25T12:21:27","guid":{"rendered":"https:\/\/www.accuratereviews.com\/?page_id=54218"},"modified":"2022-02-25T12:21:27","modified_gmt":"2022-02-25T12:21:27","slug":"nova-lims-recensione","status":"publish","type":"page","link":"https:\/\/www.accuratereviews.com\/it\/software-gestione-accurata-dati\/nova-lims-recensione\/","title":{"rendered":"Nova-LIMS"},"content":{"rendered":"<p><strong>Nova-LIMS<\/strong> \u00e8 un<strong> sistema di gestione delle informazioni<\/strong> di laboratorio, che aiuta le aziende nei settori farmaceutico, biotecnologico e sanitario a gestire tutti i processi come test, raccolta dati, pianificazione, reporting e altro ancora. La piattaforma consente agli utenti di pianificare piani campione, tenere traccia dell&#8217;inventario e ricevere notifiche in tempo reale sugli ordini, garantendo flussi di lavoro guidati dal processo in tutte le procedure di test.\u00a0Le caratteristiche principali includono codici a barre, audit trail, notifiche automatiche, monitoraggio di costi e tempi, configurazioni del flusso di lavoro, pianificazione e gestione della conformit\u00e0. I laboratori possono utilizzare la soluzione per conservare i record e le firme dei pazienti in conformit\u00e0 con le normative 21 CFR Part 11 (FDA). Inoltre, consente agli amministratori di creare campi definiti dall&#8217;utente per acquisire e proteggere i dati in un database centralizzato.<\/p>\n<p><a href=\"https:\/\/www.accuratereviews.com\/wp-content\/uploads\/2022\/02\/Schermata-2022-02-25-alle-11.10.30.png\"><img loading=\"lazy\" decoding=\"async\" class=\"alignnone size-full wp-image-54232\" src=\"https:\/\/www.accuratereviews.com\/wp-content\/uploads\/2022\/02\/Schermata-2022-02-25-alle-11.10.30.png\" alt=\"\" width=\"2536\" height=\"734\" srcset=\"https:\/\/www.accuratereviews.com\/wp-content\/uploads\/2022\/02\/Schermata-2022-02-25-alle-11.10.30.png 2536w, https:\/\/www.accuratereviews.com\/wp-content\/uploads\/2022\/02\/Schermata-2022-02-25-alle-11.10.30-300x87.png 300w, https:\/\/www.accuratereviews.com\/wp-content\/uploads\/2022\/02\/Schermata-2022-02-25-alle-11.10.30-1024x296.png 1024w, https:\/\/www.accuratereviews.com\/wp-content\/uploads\/2022\/02\/Schermata-2022-02-25-alle-11.10.30-768x222.png 768w, https:\/\/www.accuratereviews.com\/wp-content\/uploads\/2022\/02\/Schermata-2022-02-25-alle-11.10.30-1536x445.png 1536w, https:\/\/www.accuratereviews.com\/wp-content\/uploads\/2022\/02\/Schermata-2022-02-25-alle-11.10.30-2048x593.png 2048w, https:\/\/www.accuratereviews.com\/wp-content\/uploads\/2022\/02\/Schermata-2022-02-25-alle-11.10.30-260x75.png 260w, https:\/\/www.accuratereviews.com\/wp-content\/uploads\/2022\/02\/Schermata-2022-02-25-alle-11.10.30-50x14.png 50w, https:\/\/www.accuratereviews.com\/wp-content\/uploads\/2022\/02\/Schermata-2022-02-25-alle-11.10.30-968x280.png 968w, https:\/\/www.accuratereviews.com\/wp-content\/uploads\/2022\/02\/Schermata-2022-02-25-alle-11.10.30-636x184.png 636w, https:\/\/www.accuratereviews.com\/wp-content\/uploads\/2022\/02\/Schermata-2022-02-25-alle-11.10.30-320x93.png 320w, https:\/\/www.accuratereviews.com\/wp-content\/uploads\/2022\/02\/Schermata-2022-02-25-alle-11.10.30-239x69.png 239w\" sizes=\"auto, (max-width: 2536px) 100vw, 2536px\" \/><\/a><\/p>\n<h2>NOVA-LIMS &#8211; CARATTERISTICHE<\/h2>\n<ul>\n<li>Database centralizzato su tutti i siti<\/li>\n<li>Facile configurazione del flusso di lavoro<\/li>\n<li>Programmazione efficiente compresi i piani campione<\/li>\n<li>Tiene traccia dei costi e dei tempi di test<\/li>\n<li>Campi definiti dall&#8217;utente<\/li>\n<li>Integrit\u00e0 e sicurezza dei dati soddisfano 21 CFR PARTE 11<\/li>\n<li>Riduce al minimo i problemi causati dall&#8217;errore umano<\/li>\n<li>Tracciamento dell&#8217;inventario e notifiche automatiche degli ordini<\/li>\n<li>Apparecchiature moderne e facili da usare che interfacciano risultati e dati di calibrazione<\/li>\n<li>Inserimento dati in tempo reale con codice a barre<\/li>\n<li>Rapida implementazione e convalida<\/li>\n<li>Calcoli automatizzati convalidati<\/li>\n<li>Tendenze e rapporti<\/li>\n<li>Centralizza i dati di gestione dell&#8217;inventario e dei materiali<\/li>\n<li>Crea visibilit\u00e0 interdipartimentale e migliora la pianificazione<\/li>\n<\/ul>\n<h3>LE RECENSIONI DEGLI UTENTI<\/h3>\n<p class=\"font-weight-bold mb-2\"><strong>Christine T.&#8221;Modulo di stabilit\u00e0&#8221;<\/strong><\/p>\n<p><span class=\"font-weight-bold\"><strong>Commenti<\/strong>: <\/span>Abbiamo avuto un&#8217;esperienza molto positiva con tutto lo staff Novatek. Sono professionisti molto competenti, che fanno uno sforzo concertato per soddisfare le esigenze dei clienti. Il nostro reparto IT \u00e8 rimasto colpito dal modo in cui ha gestito l&#8217;installazione del software e le convalide IQ\/OQ. Il mio staff tecnico ha trovato facile imparare l&#8217;uso di base del software, anche se stiamo ancora &#8220;scoprendo&#8221; strumenti che all&#8217;inizio non avevamo notato. Il rappresentante tecnico Novatek \u00e8 stato estremamente utile ogni volta che abbiamo chiesto assistenza e soprattutto nel fornirci approcci diversi per inserire alcuni dei nostri protocolli di test insoliti per un&#8217;analisi dei dati pi\u00f9 semplice.<\/p>\n<p class=\"font-weight-bold mb-2\"><strong>Pro<\/strong>:\u00a0Questo modulo \u00e8 ottimo per la pianificazione, il monitoraggio e l&#8217;approvazione elettronica dei dati dei test di stabilit\u00e0. La caratteristica di tendenza e le stime di durata di conservazione di Arrhenius hanno funzionato bene per noi e molti dei nostri rapporti sono stati valutati favorevolmente dalla FDA. \u00c8 possibile selezionare pi\u00f9 lotti per l&#8217;andamento dello stesso grafico. Il software offre inoltre un&#8217;ampia flessibilit\u00e0 per la creazione di formati di report personalizzati. Un&#8217;altra caratteristica interessante \u00e8 la costruzione modulare del database che consente di stabilire una serie di protocolli di test diversi, che possono quindi essere selezionati per studi futuri senza reinserire tutti i dettagli specifici del piano di test.<\/p>\n<p class=\"font-weight-bold mb-2\"><strong>Contro<\/strong>:\u00a0(Cambiare un truffatore in un professionista): sapevamo all&#8217;inizio che il modulo non era progettato per dati multiplex (i nostri test di tipizzazione del DNA e di rilevamento degli anticorpi misurano ~100 analiti contemporaneamente, con valori sperimentali misti alti e bassi dovuti alla sonda oligo o al DNA variabilit\u00e0 campionaria, avidit\u00e0\/titolo Ab e specificit\u00e0 individuale). Inizialmente abbiamo utilizzato il software per analizzare solo parametri selezionati (reazioni positive previste). Successivamente, attraverso discussioni approfondite con lo staff tecnico e di programmazione Novatek, abbiamo co-sviluppato un approccio personalizzato per superare queste limitazioni. Penso che questo si tradurr\u00e0 in uno strumento analitico unico per il trend e l&#8217;analisi dei dati sulla stabilit\u00e0 mutivariata da saggi complessi che utilizzano piattaforme multiplex.<\/p>\n<p class=\"font-weight-bold mb-2\"><strong>Marc S.&#8221;Recensione Novatek LIMS&#8221;<\/strong><\/p>\n<p><span class=\"font-weight-bold\"><strong>Commenti<\/strong>: <\/span>lo consiglierei a chiunque cerchi un sistema di gestione delle informazioni di laboratorio e un sistema di gestione della qualit\u00e0<\/p>\n<p class=\"font-weight-bold mb-2\"><strong>Pro<\/strong>:\u00a0molto facile da usare e ricco di funzioni<\/p>\n<p class=\"font-weight-bold mb-2\"><strong>Contro<\/strong>:\u00a0siamo rimasti nel complesso soddisfatti<\/p>\n<p class=\"font-weight-bold mb-2\"><strong>Dr. binaya D.&#8221;software per la gestione della stabilit\u00e0&#8221;<\/strong><\/p>\n<p><span class=\"font-weight-bold\"><strong>Commenti<\/strong>: Software da acquistare<\/span><\/p>\n","protected":false},"excerpt":{"rendered":"<p>Nova-LIMS \u00e8 un sistema di gestione delle informazioni di laboratorio, che aiuta le aziende nei settori farmaceutico, biotecnologico e sanitario a gestire tutti i processi come test, raccolta dati, pianificazione, reporting e altro ancora. La piattaforma consente agli utenti di pianificare piani campione, tenere traccia dell&#8217;inventario e ricevere notifiche in tempo reale sugli ordini, garantendo flussi di lavoro guidati dal processo in tutte le procedure di test.<\/p>\n","protected":false},"author":16,"featured_media":54220,"parent":53694,"menu_order":0,"comment_status":"open","ping_status":"closed","template":"g1_template_page_review_new.php","meta":{"_acf_changed":false,"cwp_meta_box_check":"No","cwp_rev_product_name":"","cwp_rev_product_image":"","wppr_links":[],"cwp_rev_price":"","wppr_options":[],"wppr_pros":[],"wppr_cons":[],"_monsterinsights_skip_tracking":false,"_monsterinsights_sitenote_active":false,"_monsterinsights_sitenote_note":"","_monsterinsights_sitenote_category":0,"footnotes":""},"categories":[12005],"tags":[5690,12151,12117,12116,12022,12119],"features":[],"class_list":{"0":"post-54218","1":"page","2":"type-page","3":"status-publish","4":"has-post-thumbnail","6":"category-software-gestione-accurata-dati-cat","7":"tag-gestione-dati","8":"tag-nova-lims","9":"tag-piattaforma-gestione-dati","10":"tag-programma-gestione-dati","11":"tag-software-gestione-dati","12":"tag-soluzione-gestione-dati"},"wppr_data":{"cwp_meta_box_check":"No"},"acf":[],"yoast_head":"<!-- This site is optimized with the Yoast SEO plugin v27.4 - https:\/\/yoast.com\/product\/yoast-seo-wordpress\/ -->\n<title>Nova-LIMS: recensione software gestione dei dati - Accurate Reviews<\/title>\n<meta name=\"description\" content=\"Nova-LIMS: recensione sistema di gestione delle informazioni di laboratorio, che aiuta aziende nei settori farmaceutico, biotecnologico e sanitario\" \/>\n<meta name=\"robots\" content=\"index, follow, max-snippet:-1, max-image-preview:large, max-video-preview:-1\" \/>\n<link rel=\"canonical\" href=\"https:\/\/www.accuratereviews.com\/it\/software-gestione-accurata-dati\/nova-lims-recensione\/\" \/>\n<meta property=\"og:locale\" content=\"it_IT\" \/>\n<meta property=\"og:type\" content=\"article\" \/>\n<meta property=\"og:title\" content=\"Nova-LIMS: recensione software gestione dei dati - Accurate Reviews\" \/>\n<meta property=\"og:description\" content=\"Nova-LIMS: recensione sistema di gestione delle informazioni di laboratorio, che aiuta aziende nei settori farmaceutico, biotecnologico e sanitario\" \/>\n<meta property=\"og:url\" content=\"https:\/\/www.accuratereviews.com\/it\/software-gestione-accurata-dati\/nova-lims-recensione\/\" \/>\n<meta property=\"og:site_name\" content=\"Accurate Reviews\" \/>\n<meta property=\"og:image\" content=\"https:\/\/www.accuratereviews.com\/wp-content\/uploads\/2022\/02\/Novatek-Suite.png\" \/>\n\t<meta property=\"og:image:width\" content=\"600\" \/>\n\t<meta property=\"og:image:height\" content=\"600\" \/>\n\t<meta property=\"og:image:type\" content=\"image\/png\" \/>\n<meta name=\"twitter:card\" content=\"summary_large_image\" \/>\n<meta name=\"twitter:label1\" content=\"Tempo di lettura stimato\" \/>\n\t<meta name=\"twitter:data1\" content=\"4 minuti\" \/>\n<script type=\"application\/ld+json\" class=\"yoast-schema-graph\">{\"@context\":\"https:\\\/\\\/schema.org\",\"@graph\":[{\"@type\":\"WebPage\",\"@id\":\"https:\\\/\\\/www.accuratereviews.com\\\/it\\\/software-gestione-accurata-dati\\\/nova-lims-recensione\\\/\",\"url\":\"https:\\\/\\\/www.accuratereviews.com\\\/it\\\/software-gestione-accurata-dati\\\/nova-lims-recensione\\\/\",\"name\":\"Nova-LIMS: recensione software gestione dei dati - Accurate Reviews\",\"isPartOf\":{\"@id\":\"https:\\\/\\\/www.accuratereviews.com\\\/it\\\/#website\"},\"primaryImageOfPage\":{\"@id\":\"https:\\\/\\\/www.accuratereviews.com\\\/it\\\/software-gestione-accurata-dati\\\/nova-lims-recensione\\\/#primaryimage\"},\"image\":{\"@id\":\"https:\\\/\\\/www.accuratereviews.com\\\/it\\\/software-gestione-accurata-dati\\\/nova-lims-recensione\\\/#primaryimage\"},\"thumbnailUrl\":\"https:\\\/\\\/www.accuratereviews.com\\\/wp-content\\\/uploads\\\/2022\\\/02\\\/Novatek-Suite.png\",\"datePublished\":\"2022-02-25T12:21:27+00:00\",\"description\":\"Nova-LIMS: recensione sistema di gestione delle informazioni di laboratorio, che aiuta aziende nei settori farmaceutico, biotecnologico e sanitario\",\"breadcrumb\":{\"@id\":\"https:\\\/\\\/www.accuratereviews.com\\\/it\\\/software-gestione-accurata-dati\\\/nova-lims-recensione\\\/#breadcrumb\"},\"inLanguage\":\"it-IT\",\"potentialAction\":[{\"@type\":\"ReadAction\",\"target\":[\"https:\\\/\\\/www.accuratereviews.com\\\/it\\\/software-gestione-accurata-dati\\\/nova-lims-recensione\\\/\"]}]},{\"@type\":\"ImageObject\",\"inLanguage\":\"it-IT\",\"@id\":\"https:\\\/\\\/www.accuratereviews.com\\\/it\\\/software-gestione-accurata-dati\\\/nova-lims-recensione\\\/#primaryimage\",\"url\":\"https:\\\/\\\/www.accuratereviews.com\\\/wp-content\\\/uploads\\\/2022\\\/02\\\/Novatek-Suite.png\",\"contentUrl\":\"https:\\\/\\\/www.accuratereviews.com\\\/wp-content\\\/uploads\\\/2022\\\/02\\\/Novatek-Suite.png\",\"width\":600,\"height\":600},{\"@type\":\"BreadcrumbList\",\"@id\":\"https:\\\/\\\/www.accuratereviews.com\\\/it\\\/software-gestione-accurata-dati\\\/nova-lims-recensione\\\/#breadcrumb\",\"itemListElement\":[{\"@type\":\"ListItem\",\"position\":1,\"name\":\"Home\",\"item\":\"https:\\\/\\\/www.accuratereviews.com\\\/it\\\/\"},{\"@type\":\"ListItem\",\"position\":2,\"name\":\"Software per la gestione accurata dei dati\",\"item\":\"https:\\\/\\\/www.accuratereviews.com\\\/it\\\/software-gestione-accurata-dati\\\/\"},{\"@type\":\"ListItem\",\"position\":3,\"name\":\"Nova-LIMS\"}]},{\"@type\":\"WebSite\",\"@id\":\"https:\\\/\\\/www.accuratereviews.com\\\/it\\\/#website\",\"url\":\"https:\\\/\\\/www.accuratereviews.com\\\/it\\\/\",\"name\":\"Accurate Reviews\",\"description\":\"\",\"potentialAction\":[{\"@type\":\"SearchAction\",\"target\":{\"@type\":\"EntryPoint\",\"urlTemplate\":\"https:\\\/\\\/www.accuratereviews.com\\\/it\\\/?s={search_term_string}\"},\"query-input\":{\"@type\":\"PropertyValueSpecification\",\"valueRequired\":true,\"valueName\":\"search_term_string\"}}],\"inLanguage\":\"it-IT\"}]}<\/script>\n<!-- \/ Yoast SEO plugin. -->","yoast_head_json":{"title":"Nova-LIMS: recensione software gestione dei dati - Accurate Reviews","description":"Nova-LIMS: recensione sistema di gestione delle informazioni di laboratorio, che aiuta aziende nei settori farmaceutico, biotecnologico e sanitario","robots":{"index":"index","follow":"follow","max-snippet":"max-snippet:-1","max-image-preview":"max-image-preview:large","max-video-preview":"max-video-preview:-1"},"canonical":"https:\/\/www.accuratereviews.com\/it\/software-gestione-accurata-dati\/nova-lims-recensione\/","og_locale":"it_IT","og_type":"article","og_title":"Nova-LIMS: recensione software gestione dei dati - Accurate Reviews","og_description":"Nova-LIMS: recensione sistema di gestione delle informazioni di laboratorio, che aiuta aziende nei settori farmaceutico, biotecnologico e sanitario","og_url":"https:\/\/www.accuratereviews.com\/it\/software-gestione-accurata-dati\/nova-lims-recensione\/","og_site_name":"Accurate Reviews","og_image":[{"width":600,"height":600,"url":"https:\/\/www.accuratereviews.com\/wp-content\/uploads\/2022\/02\/Novatek-Suite.png","type":"image\/png"}],"twitter_card":"summary_large_image","twitter_misc":{"Tempo di lettura stimato":"4 minuti"},"schema":{"@context":"https:\/\/schema.org","@graph":[{"@type":"WebPage","@id":"https:\/\/www.accuratereviews.com\/it\/software-gestione-accurata-dati\/nova-lims-recensione\/","url":"https:\/\/www.accuratereviews.com\/it\/software-gestione-accurata-dati\/nova-lims-recensione\/","name":"Nova-LIMS: recensione software gestione dei dati - Accurate Reviews","isPartOf":{"@id":"https:\/\/www.accuratereviews.com\/it\/#website"},"primaryImageOfPage":{"@id":"https:\/\/www.accuratereviews.com\/it\/software-gestione-accurata-dati\/nova-lims-recensione\/#primaryimage"},"image":{"@id":"https:\/\/www.accuratereviews.com\/it\/software-gestione-accurata-dati\/nova-lims-recensione\/#primaryimage"},"thumbnailUrl":"https:\/\/www.accuratereviews.com\/wp-content\/uploads\/2022\/02\/Novatek-Suite.png","datePublished":"2022-02-25T12:21:27+00:00","description":"Nova-LIMS: recensione sistema di gestione delle informazioni di laboratorio, che aiuta aziende nei settori farmaceutico, biotecnologico e sanitario","breadcrumb":{"@id":"https:\/\/www.accuratereviews.com\/it\/software-gestione-accurata-dati\/nova-lims-recensione\/#breadcrumb"},"inLanguage":"it-IT","potentialAction":[{"@type":"ReadAction","target":["https:\/\/www.accuratereviews.com\/it\/software-gestione-accurata-dati\/nova-lims-recensione\/"]}]},{"@type":"ImageObject","inLanguage":"it-IT","@id":"https:\/\/www.accuratereviews.com\/it\/software-gestione-accurata-dati\/nova-lims-recensione\/#primaryimage","url":"https:\/\/www.accuratereviews.com\/wp-content\/uploads\/2022\/02\/Novatek-Suite.png","contentUrl":"https:\/\/www.accuratereviews.com\/wp-content\/uploads\/2022\/02\/Novatek-Suite.png","width":600,"height":600},{"@type":"BreadcrumbList","@id":"https:\/\/www.accuratereviews.com\/it\/software-gestione-accurata-dati\/nova-lims-recensione\/#breadcrumb","itemListElement":[{"@type":"ListItem","position":1,"name":"Home","item":"https:\/\/www.accuratereviews.com\/it\/"},{"@type":"ListItem","position":2,"name":"Software per la gestione accurata dei dati","item":"https:\/\/www.accuratereviews.com\/it\/software-gestione-accurata-dati\/"},{"@type":"ListItem","position":3,"name":"Nova-LIMS"}]},{"@type":"WebSite","@id":"https:\/\/www.accuratereviews.com\/it\/#website","url":"https:\/\/www.accuratereviews.com\/it\/","name":"Accurate Reviews","description":"","potentialAction":[{"@type":"SearchAction","target":{"@type":"EntryPoint","urlTemplate":"https:\/\/www.accuratereviews.com\/it\/?s={search_term_string}"},"query-input":{"@type":"PropertyValueSpecification","valueRequired":true,"valueName":"search_term_string"}}],"inLanguage":"it-IT"}]}},"_links":{"self":[{"href":"https:\/\/www.accuratereviews.com\/it\/wp-json\/wp\/v2\/pages\/54218","targetHints":{"allow":["GET"]}}],"collection":[{"href":"https:\/\/www.accuratereviews.com\/it\/wp-json\/wp\/v2\/pages"}],"about":[{"href":"https:\/\/www.accuratereviews.com\/it\/wp-json\/wp\/v2\/types\/page"}],"author":[{"embeddable":true,"href":"https:\/\/www.accuratereviews.com\/it\/wp-json\/wp\/v2\/users\/16"}],"replies":[{"embeddable":true,"href":"https:\/\/www.accuratereviews.com\/it\/wp-json\/wp\/v2\/comments?post=54218"}],"version-history":[{"count":6,"href":"https:\/\/www.accuratereviews.com\/it\/wp-json\/wp\/v2\/pages\/54218\/revisions"}],"predecessor-version":[{"id":54240,"href":"https:\/\/www.accuratereviews.com\/it\/wp-json\/wp\/v2\/pages\/54218\/revisions\/54240"}],"up":[{"embeddable":true,"href":"https:\/\/www.accuratereviews.com\/it\/wp-json\/wp\/v2\/pages\/53694"}],"wp:featuredmedia":[{"embeddable":true,"href":"https:\/\/www.accuratereviews.com\/it\/wp-json\/wp\/v2\/media\/54220"}],"wp:attachment":[{"href":"https:\/\/www.accuratereviews.com\/it\/wp-json\/wp\/v2\/media?parent=54218"}],"wp:term":[{"taxonomy":"category","embeddable":true,"href":"https:\/\/www.accuratereviews.com\/it\/wp-json\/wp\/v2\/categories?post=54218"},{"taxonomy":"post_tag","embeddable":true,"href":"https:\/\/www.accuratereviews.com\/it\/wp-json\/wp\/v2\/tags?post=54218"},{"taxonomy":"features","embeddable":true,"href":"https:\/\/www.accuratereviews.com\/it\/wp-json\/wp\/v2\/features?post=54218"}],"curies":[{"name":"wp","href":"https:\/\/api.w.org\/{rel}","templated":true}]}}