{"id":54243,"date":"2022-02-25T17:16:18","date_gmt":"2022-02-25T17:16:18","guid":{"rendered":"https:\/\/www.accuratereviews.com\/?page_id=54243"},"modified":"2022-02-25T17:19:46","modified_gmt":"2022-02-25T17:19:46","slug":"cloudingo-recensione","status":"publish","type":"page","link":"https:\/\/www.accuratereviews.com\/it\/software-gestione-accurata-dati\/cloudingo-recensione\/","title":{"rendered":"Cloudingo"},"content":{"rendered":"<p><strong>Cloudingo<\/strong> \u00e8 un <strong>software per la gestione accurata dei dati<\/strong> che automatizza quei processi manuali che normalmente richiedono tempi lunghi come la deduplicazione, l&#8217;importazione e la migrazione dei dati. Ottimo per ospitare i dati e per semplificare la gestione di Salesforce: puoi collegarlo direttamente a questo CRM per accedere rapidamente a tutti i record duplicati che ci sono nella tua organizzazione.<br \/>\nCreato per accelerare e automatizzare i tuoi flussi di lavoro, <strong>Cloudlingo<\/strong> \u00e8 la soluzione ideale per tenere sotto controllo il tuo business eliminando il caos causato da dati scadenti.<\/p>\n<h2>CLOUDINGO &#8211; TUTORIAL<\/h2>\n<p>In questo video viene spiegato <strong>come migliorare la qualit\u00e0 dei dati di Salesforce<\/strong>:<\/p>\n<div id=\"fluid-wrapper-counter-1\" class=\"g1-fluid-wrapper \" style=\"width:686px;\">\n<div style=\"padding-bottom:56.268221574344%;\"><iframe loading=\"lazy\" title=\"How to improve Salesforce data quality - Cloudingo demo\" width=\"515\" height=\"386\" src=\"https:\/\/www.youtube.com\/embed\/uV0NTd-rARQ?feature=oembed&amp;wmode=transparent&amp;autohide=1&amp;autoplay=0&amp;disablekb=0&amp;fs=1&amp;loop=0&amp;enablejsapi=1&amp;rel=0&amp;controls=2&amp;showinfo=0&amp;wmode=transparent&amp;autohide=2&amp;autoplay=0&amp;disablekb=0&amp;fs=1&amp;loop=0&amp;enablejsapi=1&amp;rel=0&amp;controls=2&amp;showinfo=1\" frameborder=\"0\" allow=\"accelerometer; autoplay; clipboard-write; encrypted-media; gyroscope; picture-in-picture\" allowfullscreen><\/iframe><\/div>\n<\/div>\n<h3>CLOUDINGO &#8211; CARATTERISTICHE<\/h3>\n<ul>\n<li><strong>Unisci i record duplicati<\/strong>: filtri e regole personalizzabili ti danno il pieno controllo di come i record vengono uniti e quali informazioni vengono conservate<\/li>\n<li><strong>Modifica grandi insiemi di dati<\/strong>: riassegnare i record, aggiornare i dati mancanti, normalizzare i nomi delle aziende e standardizzare i dati<\/li>\n<li><strong>Importa i dati senza duplicati<\/strong>: carica i file e confronta i dati con i record Salesforce esistenti per garantire che non vengano creati duplicati.<\/li>\n<li><strong>Trova e confronta i dati<\/strong>: usa i dati di un foglio di calcolo, come i nomi, per trovare i dati corrispondenti in Salesforce, come gli ID dei record.<\/li>\n<li><strong>Elimina i record obsoleti<\/strong>: risparmia sui costi del database eliminando i record inutili, i record di prova e i lead inattivi.<\/li>\n<li><strong>Impostalo e dimenticalo<\/strong>: assicurati che i dati siano sempre puliti programmando Cloudingo per la deduplicazione automatica.<\/li>\n<li><strong>Convalida degli indirizzi<\/strong>: standardizza e aggiunge indirizzi postali statunitensi, assicurando che le informazioni siano accurate, consegnabili e aggiornate<\/li>\n<li><strong>Sincronizza i sistemi esterni<\/strong>: indipendentemente dalla provenienza dei tuoi dati, Cloudingo pu\u00f2 mantenere i sistemi puliti e sincronizzati con Salesforce.<\/li>\n<\/ul>\n<h4>LE RECENSIONI DEGLI UTENTI<\/h4>\n<p><strong>Amy M. &#8220;Enorme risorsa per mantenere Salesforce pulito&#8221;<\/strong><br \/>\nCOMMENTI: molto flessibile e facile da personalizzare. Avevamo cos\u00ec tanti duplicati ed \u00e8 stato un ottimo punto di partenza per essere puliti &#8211; e poi rimanere puliti.<br \/>\nPRO: quando sono arrivato in un&#8217;organizzazione come nuovo VP Sales\/Marketing, ho visto che avevo ereditato una situazione di salesforce disordinata. Grossi doppioni, lead che non erano mai stati convertiti dopo la conversione in vendite, &#8220;opt-out&#8221; che non venivano attivati, e cos\u00ec via. La dashboard di Cloudingo \u00e8 stata funzionale per me per ottenere rapidamente una visualizzazione di dove erano le aree problematiche &#8211; e iniziare a risolvere i problemi uno per uno.<br \/>\nCONTRO: non ho davvero nessun contro con il software. Lo trovo facile da usare &#8211; e la connessione al nostro Salesforce \u00e8 stata perfetta.<\/p>\n<p><strong>Jesse M. &#8220;Tutto ci\u00f2 di cui avevo bisogno e che mi sarei aspettato da uno strumento come questo&#8221;<\/strong><br \/>\nCOMMENTI: le mie aspettative sono state soddisfatte e superate in alcune aree. Non ho ancora avuto difficolt\u00e0<br \/>\nPRO: caratteristiche, supporto, costo, il valore che fornisce alla nostra organizzazione che supera di gran lunga il costo<br \/>\nCONTRO: complessit\u00e0. Dato che ha cos\u00ec tante caratteristiche c&#8217;\u00e8 una discreta linea di apprendimento.<\/p>\n<p><strong>Jonny D. &#8220;Strumento intelligente per dati complessi&#8221;<\/strong><br \/>\nCOMMENTI: se impostato e configurato nelle mani giuste, risulta essere molto potente e un vero risparmio di tempo.<br \/>\nPRO: avevamo una situazione dati molto complessa a causa delle dimensioni e del volume del nostro CRM. Cloudingo ci ha aiutato ad automatizzare e velocizzare processi tradizionalmente noiosi. Questa scala ci aiuta a gestire problemi per i quali non avevamo altre soluzioni.<br \/>\nCONTRO: Cloudingo richiede un certo livello di conoscenza di Salesforce e crm ed \u00e8 una soluzione sofisticata. Questo non \u00e8 negativo, ma significa che si dovrebbe implementare solo se si ha l&#8217;esperienza necessaria.<\/p>\n","protected":false},"excerpt":{"rendered":"<p>Cloudingo \u00e8 un software per la gestione accurata dei dati che automatizza quei processi manuali che normalmente richiedono tempi lunghi come la deduplicazione, l&#8217;importazione e la migrazione dei dati. Ottimo per ospitare i dati e per semplificare la gestione di Salesforce: puoi collegarlo direttamente a questo CRM per accedere rapidamente a tutti i record duplicati che ci sono nella tua organizzazione.<\/p>\n","protected":false},"author":17,"featured_media":54244,"parent":53694,"menu_order":0,"comment_status":"open","ping_status":"closed","template":"g1_template_page_review_new.php","meta":{"_acf_changed":false,"cwp_meta_box_check":"No","cwp_rev_product_name":"","cwp_rev_product_image":"","wppr_links":[],"cwp_rev_price":"","wppr_options":[],"wppr_pros":[],"wppr_cons":[],"_monsterinsights_skip_tracking":false,"_monsterinsights_sitenote_active":false,"_monsterinsights_sitenote_note":"","_monsterinsights_sitenote_category":0,"footnotes":""},"categories":[12005],"tags":[12018,12021,12020,12152,12017,12019],"features":[],"class_list":{"0":"post-54243","1":"page","2":"type-page","3":"status-publish","4":"has-post-thumbnail","6":"category-software-gestione-accurata-dati-cat","7":"tag-gestione-accurata-dei-dati","8":"tag-piattaforma-per-la-gestione-accurata-dei-dati","9":"tag-programma-per-la-gestione-accurata-dei-dati","10":"tag-qualita-dei-dati","11":"tag-software-per-la-gestione-accurata-dei-dati","12":"tag-soluzione-per-la-gestione-accurata-dei-dati"},"wppr_data":{"cwp_meta_box_check":"No"},"acf":[],"yoast_head":"<!-- This site is optimized with the Yoast SEO plugin v27.4 - https:\/\/yoast.com\/product\/yoast-seo-wordpress\/ -->\n<title>Cloudingo: recensione software gestione accurata dati - Accurate Reviews<\/title>\n<meta name=\"description\" content=\"Cloudingo \u00e8 un software per la gestione accurata dei dati che automatizza quei processi manuali che normalmente richiedono tempi lunghi.\" \/>\n<meta name=\"robots\" content=\"index, follow, max-snippet:-1, max-image-preview:large, max-video-preview:-1\" \/>\n<link rel=\"canonical\" href=\"https:\/\/www.accuratereviews.com\/it\/software-gestione-accurata-dati\/cloudingo-recensione\/\" \/>\n<meta property=\"og:locale\" content=\"it_IT\" \/>\n<meta property=\"og:type\" content=\"article\" \/>\n<meta property=\"og:title\" content=\"Cloudingo: recensione software gestione accurata dati - Accurate Reviews\" \/>\n<meta property=\"og:description\" content=\"Cloudingo \u00e8 un software per la gestione accurata dei dati che automatizza quei processi manuali che normalmente richiedono tempi lunghi.\" \/>\n<meta property=\"og:url\" content=\"https:\/\/www.accuratereviews.com\/it\/software-gestione-accurata-dati\/cloudingo-recensione\/\" \/>\n<meta property=\"og:site_name\" content=\"Accurate Reviews\" \/>\n<meta property=\"article:modified_time\" content=\"2022-02-25T17:19:46+00:00\" \/>\n<meta property=\"og:image\" content=\"https:\/\/www.accuratereviews.com\/wp-content\/uploads\/2022\/02\/cloudingo-black-blue-with-blue-cloud.png\" \/>\n\t<meta property=\"og:image:width\" content=\"560\" \/>\n\t<meta property=\"og:image:height\" content=\"200\" \/>\n\t<meta property=\"og:image:type\" content=\"image\/png\" \/>\n<meta name=\"twitter:card\" content=\"summary_large_image\" \/>\n<meta name=\"twitter:label1\" content=\"Tempo di lettura stimato\" \/>\n\t<meta name=\"twitter:data1\" content=\"4 minuti\" \/>\n<script type=\"application\/ld+json\" class=\"yoast-schema-graph\">{\"@context\":\"https:\\\/\\\/schema.org\",\"@graph\":[{\"@type\":\"WebPage\",\"@id\":\"https:\\\/\\\/www.accuratereviews.com\\\/it\\\/software-gestione-accurata-dati\\\/cloudingo-recensione\\\/\",\"url\":\"https:\\\/\\\/www.accuratereviews.com\\\/it\\\/software-gestione-accurata-dati\\\/cloudingo-recensione\\\/\",\"name\":\"Cloudingo: recensione software gestione accurata dati - Accurate Reviews\",\"isPartOf\":{\"@id\":\"https:\\\/\\\/www.accuratereviews.com\\\/it\\\/#website\"},\"primaryImageOfPage\":{\"@id\":\"https:\\\/\\\/www.accuratereviews.com\\\/it\\\/software-gestione-accurata-dati\\\/cloudingo-recensione\\\/#primaryimage\"},\"image\":{\"@id\":\"https:\\\/\\\/www.accuratereviews.com\\\/it\\\/software-gestione-accurata-dati\\\/cloudingo-recensione\\\/#primaryimage\"},\"thumbnailUrl\":\"https:\\\/\\\/www.accuratereviews.com\\\/wp-content\\\/uploads\\\/2022\\\/02\\\/cloudingo-black-blue-with-blue-cloud.png\",\"datePublished\":\"2022-02-25T17:16:18+00:00\",\"dateModified\":\"2022-02-25T17:19:46+00:00\",\"description\":\"Cloudingo \u00e8 un software per la gestione accurata dei dati che automatizza quei processi manuali che normalmente richiedono tempi lunghi.\",\"breadcrumb\":{\"@id\":\"https:\\\/\\\/www.accuratereviews.com\\\/it\\\/software-gestione-accurata-dati\\\/cloudingo-recensione\\\/#breadcrumb\"},\"inLanguage\":\"it-IT\",\"potentialAction\":[{\"@type\":\"ReadAction\",\"target\":[\"https:\\\/\\\/www.accuratereviews.com\\\/it\\\/software-gestione-accurata-dati\\\/cloudingo-recensione\\\/\"]}]},{\"@type\":\"ImageObject\",\"inLanguage\":\"it-IT\",\"@id\":\"https:\\\/\\\/www.accuratereviews.com\\\/it\\\/software-gestione-accurata-dati\\\/cloudingo-recensione\\\/#primaryimage\",\"url\":\"https:\\\/\\\/www.accuratereviews.com\\\/wp-content\\\/uploads\\\/2022\\\/02\\\/cloudingo-black-blue-with-blue-cloud.png\",\"contentUrl\":\"https:\\\/\\\/www.accuratereviews.com\\\/wp-content\\\/uploads\\\/2022\\\/02\\\/cloudingo-black-blue-with-blue-cloud.png\",\"width\":560,\"height\":200},{\"@type\":\"BreadcrumbList\",\"@id\":\"https:\\\/\\\/www.accuratereviews.com\\\/it\\\/software-gestione-accurata-dati\\\/cloudingo-recensione\\\/#breadcrumb\",\"itemListElement\":[{\"@type\":\"ListItem\",\"position\":1,\"name\":\"Home\",\"item\":\"https:\\\/\\\/www.accuratereviews.com\\\/it\\\/\"},{\"@type\":\"ListItem\",\"position\":2,\"name\":\"Software per la gestione accurata dei dati\",\"item\":\"https:\\\/\\\/www.accuratereviews.com\\\/it\\\/software-gestione-accurata-dati\\\/\"},{\"@type\":\"ListItem\",\"position\":3,\"name\":\"Cloudingo\"}]},{\"@type\":\"WebSite\",\"@id\":\"https:\\\/\\\/www.accuratereviews.com\\\/it\\\/#website\",\"url\":\"https:\\\/\\\/www.accuratereviews.com\\\/it\\\/\",\"name\":\"Accurate Reviews\",\"description\":\"\",\"potentialAction\":[{\"@type\":\"SearchAction\",\"target\":{\"@type\":\"EntryPoint\",\"urlTemplate\":\"https:\\\/\\\/www.accuratereviews.com\\\/it\\\/?s={search_term_string}\"},\"query-input\":{\"@type\":\"PropertyValueSpecification\",\"valueRequired\":true,\"valueName\":\"search_term_string\"}}],\"inLanguage\":\"it-IT\"}]}<\/script>\n<!-- \/ Yoast SEO plugin. -->","yoast_head_json":{"title":"Cloudingo: recensione software gestione accurata dati - Accurate Reviews","description":"Cloudingo \u00e8 un software per la gestione accurata dei dati che automatizza quei processi manuali che normalmente richiedono tempi lunghi.","robots":{"index":"index","follow":"follow","max-snippet":"max-snippet:-1","max-image-preview":"max-image-preview:large","max-video-preview":"max-video-preview:-1"},"canonical":"https:\/\/www.accuratereviews.com\/it\/software-gestione-accurata-dati\/cloudingo-recensione\/","og_locale":"it_IT","og_type":"article","og_title":"Cloudingo: recensione software gestione accurata dati - Accurate Reviews","og_description":"Cloudingo \u00e8 un software per la gestione accurata dei dati che automatizza quei processi manuali che normalmente richiedono tempi lunghi.","og_url":"https:\/\/www.accuratereviews.com\/it\/software-gestione-accurata-dati\/cloudingo-recensione\/","og_site_name":"Accurate Reviews","article_modified_time":"2022-02-25T17:19:46+00:00","og_image":[{"width":560,"height":200,"url":"https:\/\/www.accuratereviews.com\/wp-content\/uploads\/2022\/02\/cloudingo-black-blue-with-blue-cloud.png","type":"image\/png"}],"twitter_card":"summary_large_image","twitter_misc":{"Tempo di lettura stimato":"4 minuti"},"schema":{"@context":"https:\/\/schema.org","@graph":[{"@type":"WebPage","@id":"https:\/\/www.accuratereviews.com\/it\/software-gestione-accurata-dati\/cloudingo-recensione\/","url":"https:\/\/www.accuratereviews.com\/it\/software-gestione-accurata-dati\/cloudingo-recensione\/","name":"Cloudingo: recensione software gestione accurata dati - Accurate Reviews","isPartOf":{"@id":"https:\/\/www.accuratereviews.com\/it\/#website"},"primaryImageOfPage":{"@id":"https:\/\/www.accuratereviews.com\/it\/software-gestione-accurata-dati\/cloudingo-recensione\/#primaryimage"},"image":{"@id":"https:\/\/www.accuratereviews.com\/it\/software-gestione-accurata-dati\/cloudingo-recensione\/#primaryimage"},"thumbnailUrl":"https:\/\/www.accuratereviews.com\/wp-content\/uploads\/2022\/02\/cloudingo-black-blue-with-blue-cloud.png","datePublished":"2022-02-25T17:16:18+00:00","dateModified":"2022-02-25T17:19:46+00:00","description":"Cloudingo \u00e8 un software per la gestione accurata dei dati che automatizza quei processi manuali che normalmente richiedono tempi lunghi.","breadcrumb":{"@id":"https:\/\/www.accuratereviews.com\/it\/software-gestione-accurata-dati\/cloudingo-recensione\/#breadcrumb"},"inLanguage":"it-IT","potentialAction":[{"@type":"ReadAction","target":["https:\/\/www.accuratereviews.com\/it\/software-gestione-accurata-dati\/cloudingo-recensione\/"]}]},{"@type":"ImageObject","inLanguage":"it-IT","@id":"https:\/\/www.accuratereviews.com\/it\/software-gestione-accurata-dati\/cloudingo-recensione\/#primaryimage","url":"https:\/\/www.accuratereviews.com\/wp-content\/uploads\/2022\/02\/cloudingo-black-blue-with-blue-cloud.png","contentUrl":"https:\/\/www.accuratereviews.com\/wp-content\/uploads\/2022\/02\/cloudingo-black-blue-with-blue-cloud.png","width":560,"height":200},{"@type":"BreadcrumbList","@id":"https:\/\/www.accuratereviews.com\/it\/software-gestione-accurata-dati\/cloudingo-recensione\/#breadcrumb","itemListElement":[{"@type":"ListItem","position":1,"name":"Home","item":"https:\/\/www.accuratereviews.com\/it\/"},{"@type":"ListItem","position":2,"name":"Software per la gestione accurata dei dati","item":"https:\/\/www.accuratereviews.com\/it\/software-gestione-accurata-dati\/"},{"@type":"ListItem","position":3,"name":"Cloudingo"}]},{"@type":"WebSite","@id":"https:\/\/www.accuratereviews.com\/it\/#website","url":"https:\/\/www.accuratereviews.com\/it\/","name":"Accurate Reviews","description":"","potentialAction":[{"@type":"SearchAction","target":{"@type":"EntryPoint","urlTemplate":"https:\/\/www.accuratereviews.com\/it\/?s={search_term_string}"},"query-input":{"@type":"PropertyValueSpecification","valueRequired":true,"valueName":"search_term_string"}}],"inLanguage":"it-IT"}]}},"_links":{"self":[{"href":"https:\/\/www.accuratereviews.com\/it\/wp-json\/wp\/v2\/pages\/54243","targetHints":{"allow":["GET"]}}],"collection":[{"href":"https:\/\/www.accuratereviews.com\/it\/wp-json\/wp\/v2\/pages"}],"about":[{"href":"https:\/\/www.accuratereviews.com\/it\/wp-json\/wp\/v2\/types\/page"}],"author":[{"embeddable":true,"href":"https:\/\/www.accuratereviews.com\/it\/wp-json\/wp\/v2\/users\/17"}],"replies":[{"embeddable":true,"href":"https:\/\/www.accuratereviews.com\/it\/wp-json\/wp\/v2\/comments?post=54243"}],"version-history":[{"count":3,"href":"https:\/\/www.accuratereviews.com\/it\/wp-json\/wp\/v2\/pages\/54243\/revisions"}],"predecessor-version":[{"id":54254,"href":"https:\/\/www.accuratereviews.com\/it\/wp-json\/wp\/v2\/pages\/54243\/revisions\/54254"}],"up":[{"embeddable":true,"href":"https:\/\/www.accuratereviews.com\/it\/wp-json\/wp\/v2\/pages\/53694"}],"wp:featuredmedia":[{"embeddable":true,"href":"https:\/\/www.accuratereviews.com\/it\/wp-json\/wp\/v2\/media\/54244"}],"wp:attachment":[{"href":"https:\/\/www.accuratereviews.com\/it\/wp-json\/wp\/v2\/media?parent=54243"}],"wp:term":[{"taxonomy":"category","embeddable":true,"href":"https:\/\/www.accuratereviews.com\/it\/wp-json\/wp\/v2\/categories?post=54243"},{"taxonomy":"post_tag","embeddable":true,"href":"https:\/\/www.accuratereviews.com\/it\/wp-json\/wp\/v2\/tags?post=54243"},{"taxonomy":"features","embeddable":true,"href":"https:\/\/www.accuratereviews.com\/it\/wp-json\/wp\/v2\/features?post=54243"}],"curies":[{"name":"wp","href":"https:\/\/api.w.org\/{rel}","templated":true}]}}