{"id":54294,"date":"2022-02-28T11:53:33","date_gmt":"2022-02-28T11:53:33","guid":{"rendered":"https:\/\/www.accuratereviews.com\/?page_id=54294"},"modified":"2022-02-28T11:53:33","modified_gmt":"2022-02-28T11:53:33","slug":"ebcard-recensione","status":"publish","type":"page","link":"https:\/\/www.accuratereviews.com\/it\/software-gestione-accurata-dati\/ebcard-recensione\/","title":{"rendered":"ebCard"},"content":{"rendered":"<p><strong>ebCard<\/strong> \u00e8 una <strong>piattaforma di gestione della qualit\u00e0 dei dati<\/strong> di contatto basata su <strong>cloud<\/strong> che aiuta le aziende a gestire le informazioni e lead da pi\u00f9 origini e verificare la qualit\u00e0 di questi dati. Si collega a strumenti di marketing, CRM e vendita di terze parti per facilitare il trasferimento e la sincronizzazione dei dati. Con <strong>ebCard<\/strong>, le aziende possono acquisire, qualificare e convertire lead da pi\u00f9 fonti e assegnare punteggi a lead qualificati prima di inviarli a sistemi connessi come SugarCRM, Zoho CRM, Pipedrive e altri.\u00a0Gli strumenti all&#8217;interno della soluzione consentono alle aziende di analizzare le informazioni delle liste di posta elettronica, utilizzare analisi descrittive e prescrittive per aiutare gli sforzi di marketing, identificare e aggiungere dati mancanti e aggiornare o completare dati vecchi o errati.<\/p>\n<h2>EBCARD &#8211; TUTORIAL<\/h2>\n<p>Ecco un video che illustra le principali funzioni di questo <strong>programma per gestire i dati<\/strong>:<\/p>\n<div id=\"fluid-wrapper-counter-1\" class=\"g1-fluid-wrapper \" style=\"width:686px;\">\n<div style=\"padding-bottom:56.268221574344%;\"><iframe loading=\"lazy\" title=\"Do you need to perform email quality verification frequently?\" width=\"686\" height=\"386\" src=\"https:\/\/www.youtube.com\/embed\/JIZjt1_ShWA?feature=oembed&amp;wmode=transparent&amp;autohide=1&amp;autoplay=0&amp;disablekb=0&amp;fs=1&amp;loop=0&amp;enablejsapi=1&amp;rel=0&amp;controls=2&amp;showinfo=0&amp;wmode=transparent&amp;autohide=2&amp;autoplay=0&amp;disablekb=0&amp;fs=1&amp;loop=0&amp;enablejsapi=1&amp;rel=0&amp;controls=2&amp;showinfo=1\" frameborder=\"0\" allow=\"accelerometer; autoplay; clipboard-write; encrypted-media; gyroscope; picture-in-picture\" allowfullscreen><\/iframe><\/div>\n<\/div>\n<h3>EBCARD &#8211; CARATTERISTICHE<\/h3>\n<ul>\n<li>Poteri essenziali di acquisizione dei lead degli eventi per i professionisti delle vendite e del marketing<\/li>\n<li>Acquisisci qualsiasi fonte di dati sui lead (auto aziendali, badge di eventi, LinkedIn)<\/li>\n<li>Verifica dei dati di contatto e azienda<\/li>\n<li>Completamento dei dati di contatto e dell&#8217;azienda per attributi mancanti come email, numeri di telefono e indirizzi postali<\/li>\n<li>Cattura conversazioni e qualifica lead attraverso la gestione personalizzata delle propriet\u00e0<\/li>\n<li>Esporta i dati sulle tue piattaforme di marketing, vendita e CRM<\/li>\n<li>Segui i lead dell&#8217;evento in meno di 2 giorni lavorativi dopo l&#8217;evento<\/li>\n<li>Niente pi\u00f9 immissione di dati durante o dopo gli eventi<\/li>\n<li>Non perdere mai un&#8217;opportunit\u00e0 dagli eventi<\/li>\n<li>Sincronizza in tempo reale con i tuoi strumenti CRM, vendite e marketing<\/li>\n<li>Attiva follow-up quasi in tempo reale con le persone che incontri agli eventi<\/li>\n<li>Impedisci ai dati di entrare nei tuoi sistemi non verificati e incompleti<\/li>\n<li>Configura e gestisci le preferenze dell&#8217;utente<\/li>\n<li>Standardizza l&#8217;acquisizione dei lead e l&#8217;immissione dei dati da tutti i tuoi eventi<\/li>\n<li>Misura il ROI dell&#8217;evento dall&#8217;acquisizione di lead<\/li>\n<\/ul>\n<h4>LE RECENSIONI DEGLI UTENTI<\/h4>\n<p class=\"font-weight-bold mb-2\"><strong>Chantal L.&#8221;Facilit\u00e0 d&#8217;uso, eccellente assistenza clienti, ottimo software in generale!&#8221;<\/strong><\/p>\n<p><span class=\"font-weight-bold\"><strong>Commenti<\/strong>: <\/span>L&#8217;esperienza complessiva con ebCard \u00e8 davvero buona. Dalle nostre conversazioni \u00e8 emersa un&#8217;ottima comunicazione con il manager e alcune nuove idee di miglioramento.<\/p>\n<p class=\"font-weight-bold mb-2\"><strong>Pro<\/strong>:\u00a0Il prodotto \u00e8 molto facile da usare, molto intuitivo. L&#8217;implementazione \u00e8 andata benissimo!<\/p>\n<p class=\"font-weight-bold mb-2\"><strong>Contro<\/strong>:\u00a0C&#8217;\u00e8 un piccolo ritardo prima che le scansioni raggiungano effettivamente il database, ma ci si abitua.<\/p>\n<p class=\"font-weight-bold mb-2\"><strong>Manpreet K.&#8221;Risparmio di tempo per chi colleziona biglietti da visita&#8221;<\/strong><\/p>\n<p><span class=\"font-weight-bold\"><strong>Commenti<\/strong>: <\/span>Ebacrd ci ha fatto risparmiare un sacco di tempo e ci ha aiutato a gestire meglio i nostri potenziali clienti. Il nostro processo di gestione dei lead di eventi \u00e8 migliorato drasticamente grazie alla ebcard.<\/p>\n<p class=\"font-weight-bold mb-2\"><strong>Pro<\/strong>:\u00a0Mi piace il tipo di personalizzazione che puoi fare e si integra con il nostro CRM, inoltre verifica tutte le e-mail scansionate.<\/p>\n<p class=\"font-weight-bold mb-2\"><strong>Contro<\/strong>:\u00a0Niente da dire qui, \u00e8 un&#8217;app abbastanza buona.<\/p>\n<p class=\"font-weight-bold mb-2\"><strong>Jesse L.&#8221;Prodotto fantastico, servizio clienti fuori dal mondo&#8221;<\/strong><\/p>\n<p><span class=\"font-weight-bold\"><strong>Commenti<\/strong>: <\/span>Utilizziamo ebCard per gestire i lead in entrata sciolti, pi\u00f9 comunemente da fiere e calo delle visite. A seguito della loro conversazione con il potenziale cliente, il nostro team di vendita \u00e8 in grado di scansionare un biglietto da visita (o anche un badge di fiera), registrare i dettagli salienti e i punti di conversazione, prendere appunti, compilare i campi richiesti, ecc., Che poi crea un contatto nel nostro CRM . Laddove abbiamo trovato altri strumenti inaffidabili e glitch, ebCard ha una percentuale di successo del 100%. Nessun dato perso o alterato, quindi nessuna conversazione sprecata o lead persi.<\/p>\n<p class=\"font-weight-bold mb-2\"><strong>Pro<\/strong>:\u00a0ebCard \u00e8 semplicemente lo strumento migliore che abbiamo trovato per gestire i contatti in entrata e i dati dell&#8217;account. L&#8217;app\/strumento stesso \u00e8 eccezionalmente facile da usare, soprattutto da una fiera, e si integra perfettamente con i nostri strumenti CRM e Marketing Automation. Il team di ebCard ha fatto di tutto per fornire un servizio clienti eccezionale e ci ha aiutato a utilizzare il loro strumento con il massimo effetto. In passato avevamo utilizzato tre strumenti pi\u00f9 vecchi e di profilo pi\u00f9 elevato per fornire servizi simili: ebCard si \u00e8 rivelata una soluzione migliore per noi, senza dubbio.<\/p>\n<p class=\"font-weight-bold mb-2\"><strong>Contro<\/strong>:\u00a0Non abbiamo alcun contro con lo strumento. Laddove abbiamo avuto un singhiozzo due anni fa, il team di ebCard \u00e8 stato molto reattivo e ha apportato miglioramenti che hanno eliminato ogni nostra preoccupazione.<\/p>\n","protected":false},"excerpt":{"rendered":"<p>ebCard \u00e8 una piattaforma di gestione della qualit\u00e0 dei dati di contatto basata su cloud che aiuta le aziende a gestire le informazioni e lead da pi\u00f9 origini e verificare la qualit\u00e0 di questi dati. Si collega a strumenti di marketing, CRM e vendita di terze parti per facilitare il trasferimento e la sincronizzazione dei dati.<\/p>\n","protected":false},"author":16,"featured_media":54297,"parent":53694,"menu_order":0,"comment_status":"open","ping_status":"closed","template":"g1_template_page_review_new.php","meta":{"_acf_changed":false,"cwp_meta_box_check":"No","cwp_rev_product_name":"","cwp_rev_product_image":"","wppr_links":[],"cwp_rev_price":"","wppr_options":[],"wppr_pros":[],"wppr_cons":[],"_monsterinsights_skip_tracking":false,"_monsterinsights_sitenote_active":false,"_monsterinsights_sitenote_note":"","_monsterinsights_sitenote_category":0,"footnotes":""},"categories":[12005],"tags":[12161,12122,12147,12146,12114,12104],"features":[],"class_list":{"0":"post-54294","1":"page","2":"type-page","3":"status-publish","4":"has-post-thumbnail","6":"category-software-gestione-accurata-dati-cat","7":"tag-ebcard","8":"tag-gestione-dei-dati","9":"tag-piattaforma-gestione-dei-dati","10":"tag-programma-gestione-dei-dati","11":"tag-software-gestione-dei-dati","12":"tag-soluzione-gestione-dei-dati"},"wppr_data":{"cwp_meta_box_check":"No"},"acf":[],"yoast_head":"<!-- This site is optimized with the Yoast SEO plugin v27.4 - https:\/\/yoast.com\/product\/yoast-seo-wordpress\/ -->\n<title>ebCard: recensione software di gestione dati - Accurate Reviews<\/title>\n<meta name=\"description\" content=\"ebCard: recensione piattaforma di gestione della qualit\u00e0 dei dati di contatto basata su cloud per gestire informazioni e lead da pi\u00f9 origini.\" \/>\n<meta name=\"robots\" content=\"index, follow, max-snippet:-1, max-image-preview:large, max-video-preview:-1\" \/>\n<link rel=\"canonical\" href=\"https:\/\/www.accuratereviews.com\/it\/software-gestione-accurata-dati\/ebcard-recensione\/\" \/>\n<meta property=\"og:locale\" content=\"it_IT\" \/>\n<meta property=\"og:type\" content=\"article\" \/>\n<meta property=\"og:title\" content=\"ebCard: recensione software di gestione dati - Accurate Reviews\" \/>\n<meta property=\"og:description\" content=\"ebCard: recensione piattaforma di gestione della qualit\u00e0 dei dati di contatto basata su cloud per gestire informazioni e lead da pi\u00f9 origini.\" \/>\n<meta property=\"og:url\" content=\"https:\/\/www.accuratereviews.com\/it\/software-gestione-accurata-dati\/ebcard-recensione\/\" \/>\n<meta property=\"og:site_name\" content=\"Accurate Reviews\" \/>\n<meta property=\"og:image\" content=\"https:\/\/www.accuratereviews.com\/wp-content\/uploads\/2022\/02\/ebCard.png\" \/>\n\t<meta property=\"og:image:width\" content=\"683\" \/>\n\t<meta property=\"og:image:height\" content=\"212\" \/>\n\t<meta property=\"og:image:type\" content=\"image\/png\" \/>\n<meta name=\"twitter:card\" content=\"summary_large_image\" \/>\n<meta name=\"twitter:label1\" content=\"Tempo di lettura stimato\" \/>\n\t<meta name=\"twitter:data1\" content=\"4 minuti\" \/>\n<script type=\"application\/ld+json\" class=\"yoast-schema-graph\">{\"@context\":\"https:\\\/\\\/schema.org\",\"@graph\":[{\"@type\":\"WebPage\",\"@id\":\"https:\\\/\\\/www.accuratereviews.com\\\/it\\\/software-gestione-accurata-dati\\\/ebcard-recensione\\\/\",\"url\":\"https:\\\/\\\/www.accuratereviews.com\\\/it\\\/software-gestione-accurata-dati\\\/ebcard-recensione\\\/\",\"name\":\"ebCard: recensione software di gestione dati - Accurate Reviews\",\"isPartOf\":{\"@id\":\"https:\\\/\\\/www.accuratereviews.com\\\/it\\\/#website\"},\"primaryImageOfPage\":{\"@id\":\"https:\\\/\\\/www.accuratereviews.com\\\/it\\\/software-gestione-accurata-dati\\\/ebcard-recensione\\\/#primaryimage\"},\"image\":{\"@id\":\"https:\\\/\\\/www.accuratereviews.com\\\/it\\\/software-gestione-accurata-dati\\\/ebcard-recensione\\\/#primaryimage\"},\"thumbnailUrl\":\"https:\\\/\\\/www.accuratereviews.com\\\/wp-content\\\/uploads\\\/2022\\\/02\\\/ebCard.png\",\"datePublished\":\"2022-02-28T11:53:33+00:00\",\"description\":\"ebCard: recensione piattaforma di gestione della qualit\u00e0 dei dati di contatto basata su cloud per gestire informazioni e lead da pi\u00f9 origini.\",\"breadcrumb\":{\"@id\":\"https:\\\/\\\/www.accuratereviews.com\\\/it\\\/software-gestione-accurata-dati\\\/ebcard-recensione\\\/#breadcrumb\"},\"inLanguage\":\"it-IT\",\"potentialAction\":[{\"@type\":\"ReadAction\",\"target\":[\"https:\\\/\\\/www.accuratereviews.com\\\/it\\\/software-gestione-accurata-dati\\\/ebcard-recensione\\\/\"]}]},{\"@type\":\"ImageObject\",\"inLanguage\":\"it-IT\",\"@id\":\"https:\\\/\\\/www.accuratereviews.com\\\/it\\\/software-gestione-accurata-dati\\\/ebcard-recensione\\\/#primaryimage\",\"url\":\"https:\\\/\\\/www.accuratereviews.com\\\/wp-content\\\/uploads\\\/2022\\\/02\\\/ebCard.png\",\"contentUrl\":\"https:\\\/\\\/www.accuratereviews.com\\\/wp-content\\\/uploads\\\/2022\\\/02\\\/ebCard.png\",\"width\":683,\"height\":212},{\"@type\":\"BreadcrumbList\",\"@id\":\"https:\\\/\\\/www.accuratereviews.com\\\/it\\\/software-gestione-accurata-dati\\\/ebcard-recensione\\\/#breadcrumb\",\"itemListElement\":[{\"@type\":\"ListItem\",\"position\":1,\"name\":\"Home\",\"item\":\"https:\\\/\\\/www.accuratereviews.com\\\/it\\\/\"},{\"@type\":\"ListItem\",\"position\":2,\"name\":\"Software per la gestione accurata dei dati\",\"item\":\"https:\\\/\\\/www.accuratereviews.com\\\/it\\\/software-gestione-accurata-dati\\\/\"},{\"@type\":\"ListItem\",\"position\":3,\"name\":\"ebCard\"}]},{\"@type\":\"WebSite\",\"@id\":\"https:\\\/\\\/www.accuratereviews.com\\\/it\\\/#website\",\"url\":\"https:\\\/\\\/www.accuratereviews.com\\\/it\\\/\",\"name\":\"Accurate Reviews\",\"description\":\"\",\"potentialAction\":[{\"@type\":\"SearchAction\",\"target\":{\"@type\":\"EntryPoint\",\"urlTemplate\":\"https:\\\/\\\/www.accuratereviews.com\\\/it\\\/?s={search_term_string}\"},\"query-input\":{\"@type\":\"PropertyValueSpecification\",\"valueRequired\":true,\"valueName\":\"search_term_string\"}}],\"inLanguage\":\"it-IT\"}]}<\/script>\n<!-- \/ Yoast SEO plugin. -->","yoast_head_json":{"title":"ebCard: recensione software di gestione dati - Accurate Reviews","description":"ebCard: recensione piattaforma di gestione della qualit\u00e0 dei dati di contatto basata su cloud per gestire informazioni e lead da pi\u00f9 origini.","robots":{"index":"index","follow":"follow","max-snippet":"max-snippet:-1","max-image-preview":"max-image-preview:large","max-video-preview":"max-video-preview:-1"},"canonical":"https:\/\/www.accuratereviews.com\/it\/software-gestione-accurata-dati\/ebcard-recensione\/","og_locale":"it_IT","og_type":"article","og_title":"ebCard: recensione software di gestione dati - Accurate Reviews","og_description":"ebCard: recensione piattaforma di gestione della qualit\u00e0 dei dati di contatto basata su cloud per gestire informazioni e lead da pi\u00f9 origini.","og_url":"https:\/\/www.accuratereviews.com\/it\/software-gestione-accurata-dati\/ebcard-recensione\/","og_site_name":"Accurate Reviews","og_image":[{"width":683,"height":212,"url":"https:\/\/www.accuratereviews.com\/wp-content\/uploads\/2022\/02\/ebCard.png","type":"image\/png"}],"twitter_card":"summary_large_image","twitter_misc":{"Tempo di lettura stimato":"4 minuti"},"schema":{"@context":"https:\/\/schema.org","@graph":[{"@type":"WebPage","@id":"https:\/\/www.accuratereviews.com\/it\/software-gestione-accurata-dati\/ebcard-recensione\/","url":"https:\/\/www.accuratereviews.com\/it\/software-gestione-accurata-dati\/ebcard-recensione\/","name":"ebCard: recensione software di gestione dati - Accurate Reviews","isPartOf":{"@id":"https:\/\/www.accuratereviews.com\/it\/#website"},"primaryImageOfPage":{"@id":"https:\/\/www.accuratereviews.com\/it\/software-gestione-accurata-dati\/ebcard-recensione\/#primaryimage"},"image":{"@id":"https:\/\/www.accuratereviews.com\/it\/software-gestione-accurata-dati\/ebcard-recensione\/#primaryimage"},"thumbnailUrl":"https:\/\/www.accuratereviews.com\/wp-content\/uploads\/2022\/02\/ebCard.png","datePublished":"2022-02-28T11:53:33+00:00","description":"ebCard: recensione piattaforma di gestione della qualit\u00e0 dei dati di contatto basata su cloud per gestire informazioni e lead da pi\u00f9 origini.","breadcrumb":{"@id":"https:\/\/www.accuratereviews.com\/it\/software-gestione-accurata-dati\/ebcard-recensione\/#breadcrumb"},"inLanguage":"it-IT","potentialAction":[{"@type":"ReadAction","target":["https:\/\/www.accuratereviews.com\/it\/software-gestione-accurata-dati\/ebcard-recensione\/"]}]},{"@type":"ImageObject","inLanguage":"it-IT","@id":"https:\/\/www.accuratereviews.com\/it\/software-gestione-accurata-dati\/ebcard-recensione\/#primaryimage","url":"https:\/\/www.accuratereviews.com\/wp-content\/uploads\/2022\/02\/ebCard.png","contentUrl":"https:\/\/www.accuratereviews.com\/wp-content\/uploads\/2022\/02\/ebCard.png","width":683,"height":212},{"@type":"BreadcrumbList","@id":"https:\/\/www.accuratereviews.com\/it\/software-gestione-accurata-dati\/ebcard-recensione\/#breadcrumb","itemListElement":[{"@type":"ListItem","position":1,"name":"Home","item":"https:\/\/www.accuratereviews.com\/it\/"},{"@type":"ListItem","position":2,"name":"Software per la gestione accurata dei dati","item":"https:\/\/www.accuratereviews.com\/it\/software-gestione-accurata-dati\/"},{"@type":"ListItem","position":3,"name":"ebCard"}]},{"@type":"WebSite","@id":"https:\/\/www.accuratereviews.com\/it\/#website","url":"https:\/\/www.accuratereviews.com\/it\/","name":"Accurate Reviews","description":"","potentialAction":[{"@type":"SearchAction","target":{"@type":"EntryPoint","urlTemplate":"https:\/\/www.accuratereviews.com\/it\/?s={search_term_string}"},"query-input":{"@type":"PropertyValueSpecification","valueRequired":true,"valueName":"search_term_string"}}],"inLanguage":"it-IT"}]}},"_links":{"self":[{"href":"https:\/\/www.accuratereviews.com\/it\/wp-json\/wp\/v2\/pages\/54294","targetHints":{"allow":["GET"]}}],"collection":[{"href":"https:\/\/www.accuratereviews.com\/it\/wp-json\/wp\/v2\/pages"}],"about":[{"href":"https:\/\/www.accuratereviews.com\/it\/wp-json\/wp\/v2\/types\/page"}],"author":[{"embeddable":true,"href":"https:\/\/www.accuratereviews.com\/it\/wp-json\/wp\/v2\/users\/16"}],"replies":[{"embeddable":true,"href":"https:\/\/www.accuratereviews.com\/it\/wp-json\/wp\/v2\/comments?post=54294"}],"version-history":[{"count":9,"href":"https:\/\/www.accuratereviews.com\/it\/wp-json\/wp\/v2\/pages\/54294\/revisions"}],"predecessor-version":[{"id":54325,"href":"https:\/\/www.accuratereviews.com\/it\/wp-json\/wp\/v2\/pages\/54294\/revisions\/54325"}],"up":[{"embeddable":true,"href":"https:\/\/www.accuratereviews.com\/it\/wp-json\/wp\/v2\/pages\/53694"}],"wp:featuredmedia":[{"embeddable":true,"href":"https:\/\/www.accuratereviews.com\/it\/wp-json\/wp\/v2\/media\/54297"}],"wp:attachment":[{"href":"https:\/\/www.accuratereviews.com\/it\/wp-json\/wp\/v2\/media?parent=54294"}],"wp:term":[{"taxonomy":"category","embeddable":true,"href":"https:\/\/www.accuratereviews.com\/it\/wp-json\/wp\/v2\/categories?post=54294"},{"taxonomy":"post_tag","embeddable":true,"href":"https:\/\/www.accuratereviews.com\/it\/wp-json\/wp\/v2\/tags?post=54294"},{"taxonomy":"features","embeddable":true,"href":"https:\/\/www.accuratereviews.com\/it\/wp-json\/wp\/v2\/features?post=54294"}],"curies":[{"name":"wp","href":"https:\/\/api.w.org\/{rel}","templated":true}]}}