{"id":54303,"date":"2022-02-28T11:49:48","date_gmt":"2022-02-28T11:49:48","guid":{"rendered":"https:\/\/www.accuratereviews.com\/?page_id=54303"},"modified":"2022-02-28T11:49:48","modified_gmt":"2022-02-28T11:49:48","slug":"collibra-recensione","status":"publish","type":"page","link":"https:\/\/www.accuratereviews.com\/it\/software-gestione-accurata-dati\/collibra-recensione\/","title":{"rendered":"Collibra"},"content":{"rendered":"<p><strong>Collibra<\/strong> \u00e8 una societ\u00e0 di data intelligence che offre una <strong>soluzione progettata per collegare i dati,<\/strong> gli algoritmi e gli insight corretti a tutti i <strong>Data Citizen<\/strong>, accelerando i risultati di business. \u00c8 una piattaforma indipendente dal settore che fornisce soluzioni adatte a soddisfare l&#8217;ampio spettro delle esigenze di dati di un&#8217;organizzazione, abbinando algoritmi con dati e contesto per approfondimenti pi\u00f9 accurati. Il risultato \u00e8 che l&#8217;IT e il business sono pi\u00f9 consolidati, alimentando una cultura basata sui dati in tutta l&#8217;organizzazione.\u00a0Che tu sia nel settore dei servizi finanziari, sanitario, manifatturiero, della vendita al dettaglio, dell&#8217;istruzione, immobiliare o tecnologico, Collibra ti aiuter\u00e0 a creare soluzioni di dati rilevanti e raggiungere gli obiettivi di governance dei dati. La societ\u00e0\u00a0ha uffici negli Stati Uniti, nel Regno Unito, in Australia, in Francia, in Belgio, nella Repubblica Ceca e in Polonia.<\/p>\n<h2>COLLIBRA &#8211; TUTORIAL<\/h2>\n<p>Guardiamo insieme come pu\u00f2 questo <strong>software per gestire in maniera accurata i dati<\/strong> aiutarti nel tuo lavoro:<\/p>\n<div id=\"fluid-wrapper-counter-1\" class=\"g1-fluid-wrapper \" style=\"width:686px;\">\n<div style=\"padding-bottom:56.268221574344%;\"><iframe loading=\"lazy\" title=\"Collibra Data Catalog\" width=\"686\" height=\"386\" src=\"https:\/\/www.youtube.com\/embed\/Y-HAkLd6sd8?feature=oembed&amp;wmode=transparent&amp;autohide=1&amp;autoplay=0&amp;disablekb=0&amp;fs=1&amp;loop=0&amp;enablejsapi=1&amp;rel=0&amp;controls=2&amp;showinfo=0&amp;wmode=transparent&amp;autohide=2&amp;autoplay=0&amp;disablekb=0&amp;fs=1&amp;loop=0&amp;enablejsapi=1&amp;rel=0&amp;controls=2&amp;showinfo=1\" frameborder=\"0\" allow=\"accelerometer; autoplay; clipboard-write; encrypted-media; gyroscope; picture-in-picture\" allowfullscreen><\/iframe><\/div>\n<\/div>\n<h3>COLLIBRA &#8211; CARATTERISTICHE<\/h3>\n<ul>\n<li>Scopri, comprendi e classifica i dati che contano per generare approfondimenti e generare valore per il business<\/li>\n<li>Rendi operativo e gestisci le policy lungo tutto il ciclo di vita della privacy e adatta la conformit\u00e0 alle nuove normative<\/li>\n<li>Mappa automaticamente le relazioni tra sistemi, applicazioni e report per fornire una visione ricca di contesto dei dati in tutta l&#8217;azienda<\/li>\n<li>Automatizza e rende operativi i flussi di lavoro e i processi di governance dei dati per fornire dati affidabili<\/li>\n<li>Ottieni una qualit\u00e0 dei dati predittiva e self-service e osservabilit\u00e0 per fornire continuamente dati affidabili<\/li>\n<li>Accelera l&#8217;innovazione con un&#8217;architettura aperta e scalabile e unifica la tua azienda attorno a una base dati comune<\/li>\n<li>Sfrutta un&#8217;architettura aperta e flessibile per connettere le applicazioni dati<\/li>\n<li>Affidati a dati sicuri e conformi agli standard aziendali<\/li>\n<li>Progetta flussi di lavoro intuitivi facili da usare per creatori di dati e innovatori<\/li>\n<\/ul>\n<h4>LE RECENSIONI DEGLI UTENTI<\/h4>\n<p class=\"font-weight-bold mb-2\"><strong>Ken B.&#8221;Standard di mercato per la governance dei dati aziendali&#8221;<\/strong><\/p>\n<p><span class=\"font-weight-bold\"><strong>Commenti<\/strong>: <\/span>Facile da usare, ampiamente configurabile ma precaricato con modelli operativi pronti all&#8217;uso. Funziona per i team principianti fino ai roll out a livello aziendale<\/p>\n<p class=\"font-weight-bold mb-2\"><strong>Pro<\/strong>:\u00a0Estremamente flessibile senza perdere la facilit\u00e0 d&#8217;uso<\/p>\n<p class=\"h5 font-weight-bold\"><strong>Johon D.: &#8220;Per $ 100K non aggiunge valore alla maggior parte delle piccole aziende&#8221;<\/strong><\/p>\n<p><span class=\"font-weight-bold\"><strong>Commenti<\/strong>: <\/span>Non user\u00f2 mai pi\u00f9 Collibra.<\/p>\n<p class=\"font-weight-bold mb-2\"><strong>Pro<\/strong>:\u00a0Ci sono molte funzionalit\u00e0, ma ci sono modi migliori per spendere i tuoi soldi soprattutto per quanto riguarda la governance dei dati.<\/p>\n<p class=\"font-weight-bold mb-2\"><strong>Contro<\/strong>:\u00a0I costi di implementazione non sono ben spiegati o citati, l&#8217;implementazione non \u00e8 fuori dagli schemi come altri concorrenti, i costi non superano i benefici nella maggior parte dei casi e il servizio clienti viene assegnato in base al costo totale quotato.<\/p>\n","protected":false},"excerpt":{"rendered":"<p>Collibra \u00e8 una societ\u00e0 di data intelligence che offre una soluzione progettata per collegare i dati, gli algoritmi e gli insight corretti a tutti i Data Citizen, accelerando i risultati di business. \u00c8 una piattaforma indipendente dal settore che fornisce soluzioni adatte a soddisfare l&#8217;ampio spettro delle esigenze di dati di un&#8217;organizzazione, abbinando algoritmi con dati e contesto per approfondimenti pi\u00f9 accurati.<\/p>\n","protected":false},"author":16,"featured_media":54304,"parent":53694,"menu_order":0,"comment_status":"open","ping_status":"closed","template":"g1_template_page_review_new.php","meta":{"_acf_changed":false,"cwp_meta_box_check":"No","cwp_rev_product_name":"","cwp_rev_product_image":"","wppr_links":[],"cwp_rev_price":"","wppr_options":[],"wppr_pros":[],"wppr_cons":[],"_monsterinsights_skip_tracking":false,"_monsterinsights_sitenote_active":false,"_monsterinsights_sitenote_note":"","_monsterinsights_sitenote_category":0,"footnotes":""},"categories":[12005],"tags":[12160,5690,12088,12087,12085,12086],"features":[],"class_list":{"0":"post-54303","1":"page","2":"type-page","3":"status-publish","4":"has-post-thumbnail","6":"category-software-gestione-accurata-dati-cat","7":"tag-collibra","8":"tag-gestione-dati","9":"tag-piattaforma-per-gestione-dati","10":"tag-programma-per-gestione-dati","11":"tag-software-per-gestione-dati","12":"tag-soluzione-per-gestione-dati"},"wppr_data":{"cwp_meta_box_check":"No"},"acf":[],"yoast_head":"<!-- This site is optimized with the Yoast SEO plugin v27.4 - https:\/\/yoast.com\/product\/yoast-seo-wordpress\/ -->\n<title>Collibra: recensione software per gestione dati - Accurate Reviews<\/title>\n<meta name=\"description\" content=\"Collibra: recensione societ\u00e0 di data intelligence che offre una soluzione progettata per collegare dati, algoritmi e insights corretti.\" \/>\n<meta name=\"robots\" content=\"index, follow, max-snippet:-1, max-image-preview:large, max-video-preview:-1\" \/>\n<link rel=\"canonical\" href=\"https:\/\/www.accuratereviews.com\/it\/software-gestione-accurata-dati\/collibra-recensione\/\" \/>\n<meta property=\"og:locale\" content=\"it_IT\" \/>\n<meta property=\"og:type\" content=\"article\" \/>\n<meta property=\"og:title\" content=\"Collibra: recensione software per gestione dati - Accurate Reviews\" \/>\n<meta property=\"og:description\" content=\"Collibra: recensione societ\u00e0 di data intelligence che offre una soluzione progettata per collegare dati, algoritmi e insights corretti.\" \/>\n<meta property=\"og:url\" content=\"https:\/\/www.accuratereviews.com\/it\/software-gestione-accurata-dati\/collibra-recensione\/\" \/>\n<meta property=\"og:site_name\" content=\"Accurate Reviews\" \/>\n<meta property=\"og:image\" content=\"https:\/\/www.accuratereviews.com\/wp-content\/uploads\/2022\/02\/collibra_tech_logo.png\" \/>\n\t<meta property=\"og:image:width\" content=\"800\" \/>\n\t<meta property=\"og:image:height\" content=\"400\" \/>\n\t<meta property=\"og:image:type\" content=\"image\/png\" \/>\n<meta name=\"twitter:card\" content=\"summary_large_image\" \/>\n<meta name=\"twitter:label1\" content=\"Tempo di lettura stimato\" \/>\n\t<meta name=\"twitter:data1\" content=\"3 minuti\" \/>\n<script type=\"application\/ld+json\" class=\"yoast-schema-graph\">{\"@context\":\"https:\\\/\\\/schema.org\",\"@graph\":[{\"@type\":\"WebPage\",\"@id\":\"https:\\\/\\\/www.accuratereviews.com\\\/it\\\/software-gestione-accurata-dati\\\/collibra-recensione\\\/\",\"url\":\"https:\\\/\\\/www.accuratereviews.com\\\/it\\\/software-gestione-accurata-dati\\\/collibra-recensione\\\/\",\"name\":\"Collibra: recensione software per gestione dati - Accurate Reviews\",\"isPartOf\":{\"@id\":\"https:\\\/\\\/www.accuratereviews.com\\\/it\\\/#website\"},\"primaryImageOfPage\":{\"@id\":\"https:\\\/\\\/www.accuratereviews.com\\\/it\\\/software-gestione-accurata-dati\\\/collibra-recensione\\\/#primaryimage\"},\"image\":{\"@id\":\"https:\\\/\\\/www.accuratereviews.com\\\/it\\\/software-gestione-accurata-dati\\\/collibra-recensione\\\/#primaryimage\"},\"thumbnailUrl\":\"https:\\\/\\\/www.accuratereviews.com\\\/wp-content\\\/uploads\\\/2022\\\/02\\\/collibra_tech_logo.png\",\"datePublished\":\"2022-02-28T11:49:48+00:00\",\"description\":\"Collibra: recensione societ\u00e0 di data intelligence che offre una soluzione progettata per collegare dati, algoritmi e insights corretti.\",\"breadcrumb\":{\"@id\":\"https:\\\/\\\/www.accuratereviews.com\\\/it\\\/software-gestione-accurata-dati\\\/collibra-recensione\\\/#breadcrumb\"},\"inLanguage\":\"it-IT\",\"potentialAction\":[{\"@type\":\"ReadAction\",\"target\":[\"https:\\\/\\\/www.accuratereviews.com\\\/it\\\/software-gestione-accurata-dati\\\/collibra-recensione\\\/\"]}]},{\"@type\":\"ImageObject\",\"inLanguage\":\"it-IT\",\"@id\":\"https:\\\/\\\/www.accuratereviews.com\\\/it\\\/software-gestione-accurata-dati\\\/collibra-recensione\\\/#primaryimage\",\"url\":\"https:\\\/\\\/www.accuratereviews.com\\\/wp-content\\\/uploads\\\/2022\\\/02\\\/collibra_tech_logo.png\",\"contentUrl\":\"https:\\\/\\\/www.accuratereviews.com\\\/wp-content\\\/uploads\\\/2022\\\/02\\\/collibra_tech_logo.png\",\"width\":800,\"height\":400},{\"@type\":\"BreadcrumbList\",\"@id\":\"https:\\\/\\\/www.accuratereviews.com\\\/it\\\/software-gestione-accurata-dati\\\/collibra-recensione\\\/#breadcrumb\",\"itemListElement\":[{\"@type\":\"ListItem\",\"position\":1,\"name\":\"Home\",\"item\":\"https:\\\/\\\/www.accuratereviews.com\\\/it\\\/\"},{\"@type\":\"ListItem\",\"position\":2,\"name\":\"Software per la gestione accurata dei dati\",\"item\":\"https:\\\/\\\/www.accuratereviews.com\\\/it\\\/software-gestione-accurata-dati\\\/\"},{\"@type\":\"ListItem\",\"position\":3,\"name\":\"Collibra\"}]},{\"@type\":\"WebSite\",\"@id\":\"https:\\\/\\\/www.accuratereviews.com\\\/it\\\/#website\",\"url\":\"https:\\\/\\\/www.accuratereviews.com\\\/it\\\/\",\"name\":\"Accurate Reviews\",\"description\":\"\",\"potentialAction\":[{\"@type\":\"SearchAction\",\"target\":{\"@type\":\"EntryPoint\",\"urlTemplate\":\"https:\\\/\\\/www.accuratereviews.com\\\/it\\\/?s={search_term_string}\"},\"query-input\":{\"@type\":\"PropertyValueSpecification\",\"valueRequired\":true,\"valueName\":\"search_term_string\"}}],\"inLanguage\":\"it-IT\"}]}<\/script>\n<!-- \/ Yoast SEO plugin. -->","yoast_head_json":{"title":"Collibra: recensione software per gestione dati - Accurate Reviews","description":"Collibra: recensione societ\u00e0 di data intelligence che offre una soluzione progettata per collegare dati, algoritmi e insights corretti.","robots":{"index":"index","follow":"follow","max-snippet":"max-snippet:-1","max-image-preview":"max-image-preview:large","max-video-preview":"max-video-preview:-1"},"canonical":"https:\/\/www.accuratereviews.com\/it\/software-gestione-accurata-dati\/collibra-recensione\/","og_locale":"it_IT","og_type":"article","og_title":"Collibra: recensione software per gestione dati - Accurate Reviews","og_description":"Collibra: recensione societ\u00e0 di data intelligence che offre una soluzione progettata per collegare dati, algoritmi e insights corretti.","og_url":"https:\/\/www.accuratereviews.com\/it\/software-gestione-accurata-dati\/collibra-recensione\/","og_site_name":"Accurate Reviews","og_image":[{"width":800,"height":400,"url":"https:\/\/www.accuratereviews.com\/wp-content\/uploads\/2022\/02\/collibra_tech_logo.png","type":"image\/png"}],"twitter_card":"summary_large_image","twitter_misc":{"Tempo di lettura stimato":"3 minuti"},"schema":{"@context":"https:\/\/schema.org","@graph":[{"@type":"WebPage","@id":"https:\/\/www.accuratereviews.com\/it\/software-gestione-accurata-dati\/collibra-recensione\/","url":"https:\/\/www.accuratereviews.com\/it\/software-gestione-accurata-dati\/collibra-recensione\/","name":"Collibra: recensione software per gestione dati - Accurate Reviews","isPartOf":{"@id":"https:\/\/www.accuratereviews.com\/it\/#website"},"primaryImageOfPage":{"@id":"https:\/\/www.accuratereviews.com\/it\/software-gestione-accurata-dati\/collibra-recensione\/#primaryimage"},"image":{"@id":"https:\/\/www.accuratereviews.com\/it\/software-gestione-accurata-dati\/collibra-recensione\/#primaryimage"},"thumbnailUrl":"https:\/\/www.accuratereviews.com\/wp-content\/uploads\/2022\/02\/collibra_tech_logo.png","datePublished":"2022-02-28T11:49:48+00:00","description":"Collibra: recensione societ\u00e0 di data intelligence che offre una soluzione progettata per collegare dati, algoritmi e insights corretti.","breadcrumb":{"@id":"https:\/\/www.accuratereviews.com\/it\/software-gestione-accurata-dati\/collibra-recensione\/#breadcrumb"},"inLanguage":"it-IT","potentialAction":[{"@type":"ReadAction","target":["https:\/\/www.accuratereviews.com\/it\/software-gestione-accurata-dati\/collibra-recensione\/"]}]},{"@type":"ImageObject","inLanguage":"it-IT","@id":"https:\/\/www.accuratereviews.com\/it\/software-gestione-accurata-dati\/collibra-recensione\/#primaryimage","url":"https:\/\/www.accuratereviews.com\/wp-content\/uploads\/2022\/02\/collibra_tech_logo.png","contentUrl":"https:\/\/www.accuratereviews.com\/wp-content\/uploads\/2022\/02\/collibra_tech_logo.png","width":800,"height":400},{"@type":"BreadcrumbList","@id":"https:\/\/www.accuratereviews.com\/it\/software-gestione-accurata-dati\/collibra-recensione\/#breadcrumb","itemListElement":[{"@type":"ListItem","position":1,"name":"Home","item":"https:\/\/www.accuratereviews.com\/it\/"},{"@type":"ListItem","position":2,"name":"Software per la gestione accurata dei dati","item":"https:\/\/www.accuratereviews.com\/it\/software-gestione-accurata-dati\/"},{"@type":"ListItem","position":3,"name":"Collibra"}]},{"@type":"WebSite","@id":"https:\/\/www.accuratereviews.com\/it\/#website","url":"https:\/\/www.accuratereviews.com\/it\/","name":"Accurate Reviews","description":"","potentialAction":[{"@type":"SearchAction","target":{"@type":"EntryPoint","urlTemplate":"https:\/\/www.accuratereviews.com\/it\/?s={search_term_string}"},"query-input":{"@type":"PropertyValueSpecification","valueRequired":true,"valueName":"search_term_string"}}],"inLanguage":"it-IT"}]}},"_links":{"self":[{"href":"https:\/\/www.accuratereviews.com\/it\/wp-json\/wp\/v2\/pages\/54303","targetHints":{"allow":["GET"]}}],"collection":[{"href":"https:\/\/www.accuratereviews.com\/it\/wp-json\/wp\/v2\/pages"}],"about":[{"href":"https:\/\/www.accuratereviews.com\/it\/wp-json\/wp\/v2\/types\/page"}],"author":[{"embeddable":true,"href":"https:\/\/www.accuratereviews.com\/it\/wp-json\/wp\/v2\/users\/16"}],"replies":[{"embeddable":true,"href":"https:\/\/www.accuratereviews.com\/it\/wp-json\/wp\/v2\/comments?post=54303"}],"version-history":[{"count":9,"href":"https:\/\/www.accuratereviews.com\/it\/wp-json\/wp\/v2\/pages\/54303\/revisions"}],"predecessor-version":[{"id":54324,"href":"https:\/\/www.accuratereviews.com\/it\/wp-json\/wp\/v2\/pages\/54303\/revisions\/54324"}],"up":[{"embeddable":true,"href":"https:\/\/www.accuratereviews.com\/it\/wp-json\/wp\/v2\/pages\/53694"}],"wp:featuredmedia":[{"embeddable":true,"href":"https:\/\/www.accuratereviews.com\/it\/wp-json\/wp\/v2\/media\/54304"}],"wp:attachment":[{"href":"https:\/\/www.accuratereviews.com\/it\/wp-json\/wp\/v2\/media?parent=54303"}],"wp:term":[{"taxonomy":"category","embeddable":true,"href":"https:\/\/www.accuratereviews.com\/it\/wp-json\/wp\/v2\/categories?post=54303"},{"taxonomy":"post_tag","embeddable":true,"href":"https:\/\/www.accuratereviews.com\/it\/wp-json\/wp\/v2\/tags?post=54303"},{"taxonomy":"features","embeddable":true,"href":"https:\/\/www.accuratereviews.com\/it\/wp-json\/wp\/v2\/features?post=54303"}],"curies":[{"name":"wp","href":"https:\/\/api.w.org\/{rel}","templated":true}]}}