{"id":54406,"date":"2022-03-02T08:29:31","date_gmt":"2022-03-02T08:29:31","guid":{"rendered":"https:\/\/www.accuratereviews.com\/?page_id=54406"},"modified":"2022-03-02T08:29:31","modified_gmt":"2022-03-02T08:29:31","slug":"app-cibo-domicilio-guida-utente","status":"publish","type":"page","link":"https:\/\/www.accuratereviews.com\/it\/app-cibo-domicilio-guida-utente\/","title":{"rendered":"App per cibo a domicilio"},"content":{"rendered":"<div class=\"container\">\n<div class=\"row\">\n<div class=\"col-12\">\n<p>Le app per cibo a domicilio sono ormai sempre pi\u00f9 diffuse e vengono scaricate quotidianamente poich\u00e9 permettono di ordinare e pagare online in pochi clic e ricevere tutto poco dopo direttamente a casa. Di fondamentale importanza sono quindi la comodit\u00e0 \u00e8 la semplicit\u00e0 di utilizzo dell&#8217;applicazione ma ci sono tantissime altre importanti funzionalit\u00e0 che dovresti conoscere.<br \/>\nIn questa guida abbiamo inserito le\u00a0<strong>migliori app<\/strong><strong>\u00a0per cibo a domicilio<\/strong>, analizzando i loro pro e contro, il rapporto qualit\u00e0 prezzo e le funzionalit\u00e0 che offrono.<\/p>\n<\/div>\n<\/div>\n<\/div>\n","protected":false},"excerpt":{"rendered":"<p>Le app per cibo a domicilio sono ormai sempre pi\u00f9 diffuse e vengono scaricate quotidianamente poich\u00e9 permettono di ordinare e pagare online in pochi clic e ricevere tutto poco dopo direttamente a casa. Di fondamentale importanza sono quindi la comodit\u00e0 \u00e8 la semplicit\u00e0 di utilizzo dell&#8217;applicazione ma ci sono tantissime altre importanti funzionalit\u00e0 che dovresti [&hellip;]<\/p>\n","protected":false},"author":17,"featured_media":0,"parent":0,"menu_order":0,"comment_status":"open","ping_status":"closed","template":"g1_template_page_category_userguide.php","meta":{"_acf_changed":false,"cwp_meta_box_check":"No","cwp_rev_product_name":"","cwp_rev_product_image":"","wppr_links":[],"cwp_rev_price":"","wppr_options":[],"wppr_pros":[],"wppr_cons":[],"_monsterinsights_skip_tracking":false,"_monsterinsights_sitenote_active":false,"_monsterinsights_sitenote_note":"","_monsterinsights_sitenote_category":0,"footnotes":""},"categories":[12168],"tags":[12170,12171,12175,12174,12172,12173],"features":[],"class_list":{"0":"post-54406","1":"page","2":"type-page","3":"status-publish","5":"category-app-cibo-domicilio-cat","6":"tag-app-cibo-a-domicilio","7":"tag-cibo-a-domicilio","8":"tag-consegna-cibo-a-domicilio","9":"tag-programma-cibo-a-domicilio","10":"tag-software-cibo-a-domicilio","11":"tag-soluzione-cibo-a-domicilio"},"wppr_data":{"cwp_meta_box_check":"No"},"acf":[],"yoast_head":"<!-- This site is optimized with the Yoast SEO plugin v27.4 - https:\/\/yoast.com\/product\/yoast-seo-wordpress\/ -->\n<title>App per cibo a domicilio - Accurate Reviews<\/title>\n<meta name=\"description\" content=\"Gli esperti di Accurate Reviews vi guidano nella scelta della miglior app per cibo a domicilio. Scegli quello che fa per te.\" \/>\n<meta name=\"robots\" content=\"index, follow, max-snippet:-1, max-image-preview:large, max-video-preview:-1\" \/>\n<link rel=\"canonical\" href=\"https:\/\/www.accuratereviews.com\/it\/app-cibo-domicilio-guida-utente\/\" \/>\n<meta property=\"og:locale\" content=\"it_IT\" \/>\n<meta property=\"og:type\" content=\"article\" \/>\n<meta property=\"og:title\" content=\"App per cibo a domicilio - Accurate Reviews\" \/>\n<meta property=\"og:description\" content=\"Gli esperti di Accurate Reviews vi guidano nella scelta della miglior app per cibo a domicilio. Scegli quello che fa per te.\" \/>\n<meta property=\"og:url\" content=\"https:\/\/www.accuratereviews.com\/it\/app-cibo-domicilio-guida-utente\/\" \/>\n<meta property=\"og:site_name\" content=\"Accurate Reviews\" \/>\n<meta name=\"twitter:card\" content=\"summary_large_image\" \/>\n<meta name=\"twitter:label1\" content=\"Tempo di lettura stimato\" \/>\n\t<meta name=\"twitter:data1\" content=\"1 minuto\" \/>\n<script type=\"application\/ld+json\" class=\"yoast-schema-graph\">{\"@context\":\"https:\\\/\\\/schema.org\",\"@graph\":[{\"@type\":\"WebPage\",\"@id\":\"https:\\\/\\\/www.accuratereviews.com\\\/it\\\/app-cibo-domicilio-guida-utente\\\/\",\"url\":\"https:\\\/\\\/www.accuratereviews.com\\\/it\\\/app-cibo-domicilio-guida-utente\\\/\",\"name\":\"App per cibo a domicilio - Accurate Reviews\",\"isPartOf\":{\"@id\":\"https:\\\/\\\/www.accuratereviews.com\\\/it\\\/#website\"},\"datePublished\":\"2022-03-02T08:29:31+00:00\",\"description\":\"Gli esperti di Accurate Reviews vi guidano nella scelta della miglior app per cibo a domicilio. Scegli quello che fa per te.\",\"breadcrumb\":{\"@id\":\"https:\\\/\\\/www.accuratereviews.com\\\/it\\\/app-cibo-domicilio-guida-utente\\\/#breadcrumb\"},\"inLanguage\":\"it-IT\",\"potentialAction\":[{\"@type\":\"ReadAction\",\"target\":[\"https:\\\/\\\/www.accuratereviews.com\\\/it\\\/app-cibo-domicilio-guida-utente\\\/\"]}]},{\"@type\":\"BreadcrumbList\",\"@id\":\"https:\\\/\\\/www.accuratereviews.com\\\/it\\\/app-cibo-domicilio-guida-utente\\\/#breadcrumb\",\"itemListElement\":[{\"@type\":\"ListItem\",\"position\":1,\"name\":\"Home\",\"item\":\"https:\\\/\\\/www.accuratereviews.com\\\/it\\\/\"},{\"@type\":\"ListItem\",\"position\":2,\"name\":\"App per cibo a domicilio\"}]},{\"@type\":\"WebSite\",\"@id\":\"https:\\\/\\\/www.accuratereviews.com\\\/it\\\/#website\",\"url\":\"https:\\\/\\\/www.accuratereviews.com\\\/it\\\/\",\"name\":\"Accurate Reviews\",\"description\":\"\",\"potentialAction\":[{\"@type\":\"SearchAction\",\"target\":{\"@type\":\"EntryPoint\",\"urlTemplate\":\"https:\\\/\\\/www.accuratereviews.com\\\/it\\\/?s={search_term_string}\"},\"query-input\":{\"@type\":\"PropertyValueSpecification\",\"valueRequired\":true,\"valueName\":\"search_term_string\"}}],\"inLanguage\":\"it-IT\"}]}<\/script>\n<!-- \/ Yoast SEO plugin. -->","yoast_head_json":{"title":"App per cibo a domicilio - Accurate Reviews","description":"Gli esperti di Accurate Reviews vi guidano nella scelta della miglior app per cibo a domicilio. Scegli quello che fa per te.","robots":{"index":"index","follow":"follow","max-snippet":"max-snippet:-1","max-image-preview":"max-image-preview:large","max-video-preview":"max-video-preview:-1"},"canonical":"https:\/\/www.accuratereviews.com\/it\/app-cibo-domicilio-guida-utente\/","og_locale":"it_IT","og_type":"article","og_title":"App per cibo a domicilio - Accurate Reviews","og_description":"Gli esperti di Accurate Reviews vi guidano nella scelta della miglior app per cibo a domicilio. Scegli quello che fa per te.","og_url":"https:\/\/www.accuratereviews.com\/it\/app-cibo-domicilio-guida-utente\/","og_site_name":"Accurate Reviews","twitter_card":"summary_large_image","twitter_misc":{"Tempo di lettura stimato":"1 minuto"},"schema":{"@context":"https:\/\/schema.org","@graph":[{"@type":"WebPage","@id":"https:\/\/www.accuratereviews.com\/it\/app-cibo-domicilio-guida-utente\/","url":"https:\/\/www.accuratereviews.com\/it\/app-cibo-domicilio-guida-utente\/","name":"App per cibo a domicilio - Accurate Reviews","isPartOf":{"@id":"https:\/\/www.accuratereviews.com\/it\/#website"},"datePublished":"2022-03-02T08:29:31+00:00","description":"Gli esperti di Accurate Reviews vi guidano nella scelta della miglior app per cibo a domicilio. Scegli quello che fa per te.","breadcrumb":{"@id":"https:\/\/www.accuratereviews.com\/it\/app-cibo-domicilio-guida-utente\/#breadcrumb"},"inLanguage":"it-IT","potentialAction":[{"@type":"ReadAction","target":["https:\/\/www.accuratereviews.com\/it\/app-cibo-domicilio-guida-utente\/"]}]},{"@type":"BreadcrumbList","@id":"https:\/\/www.accuratereviews.com\/it\/app-cibo-domicilio-guida-utente\/#breadcrumb","itemListElement":[{"@type":"ListItem","position":1,"name":"Home","item":"https:\/\/www.accuratereviews.com\/it\/"},{"@type":"ListItem","position":2,"name":"App per cibo a domicilio"}]},{"@type":"WebSite","@id":"https:\/\/www.accuratereviews.com\/it\/#website","url":"https:\/\/www.accuratereviews.com\/it\/","name":"Accurate Reviews","description":"","potentialAction":[{"@type":"SearchAction","target":{"@type":"EntryPoint","urlTemplate":"https:\/\/www.accuratereviews.com\/it\/?s={search_term_string}"},"query-input":{"@type":"PropertyValueSpecification","valueRequired":true,"valueName":"search_term_string"}}],"inLanguage":"it-IT"}]}},"_links":{"self":[{"href":"https:\/\/www.accuratereviews.com\/it\/wp-json\/wp\/v2\/pages\/54406","targetHints":{"allow":["GET"]}}],"collection":[{"href":"https:\/\/www.accuratereviews.com\/it\/wp-json\/wp\/v2\/pages"}],"about":[{"href":"https:\/\/www.accuratereviews.com\/it\/wp-json\/wp\/v2\/types\/page"}],"author":[{"embeddable":true,"href":"https:\/\/www.accuratereviews.com\/it\/wp-json\/wp\/v2\/users\/17"}],"replies":[{"embeddable":true,"href":"https:\/\/www.accuratereviews.com\/it\/wp-json\/wp\/v2\/comments?post=54406"}],"version-history":[{"count":1,"href":"https:\/\/www.accuratereviews.com\/it\/wp-json\/wp\/v2\/pages\/54406\/revisions"}],"predecessor-version":[{"id":54414,"href":"https:\/\/www.accuratereviews.com\/it\/wp-json\/wp\/v2\/pages\/54406\/revisions\/54414"}],"wp:attachment":[{"href":"https:\/\/www.accuratereviews.com\/it\/wp-json\/wp\/v2\/media?parent=54406"}],"wp:term":[{"taxonomy":"category","embeddable":true,"href":"https:\/\/www.accuratereviews.com\/it\/wp-json\/wp\/v2\/categories?post=54406"},{"taxonomy":"post_tag","embeddable":true,"href":"https:\/\/www.accuratereviews.com\/it\/wp-json\/wp\/v2\/tags?post=54406"},{"taxonomy":"features","embeddable":true,"href":"https:\/\/www.accuratereviews.com\/it\/wp-json\/wp\/v2\/features?post=54406"}],"curies":[{"name":"wp","href":"https:\/\/api.w.org\/{rel}","templated":true}]}}