{"id":54453,"date":"2022-03-03T12:47:03","date_gmt":"2022-03-03T12:47:03","guid":{"rendered":"https:\/\/www.accuratereviews.com\/?page_id=54453"},"modified":"2022-03-03T12:47:03","modified_gmt":"2022-03-03T12:47:03","slug":"tookan-recensione","status":"publish","type":"page","link":"https:\/\/www.accuratereviews.com\/it\/app-cibo-domicilio\/tookan-recensione\/","title":{"rendered":"Tookan"},"content":{"rendered":"<p><strong>Tookan<\/strong> \u00e8 una piattaforma online che si rivolge ad aziende che forniscono consegne a domicilio di cibo, generi alimentari, medicinali, fiori e altro ancora. Ha il compito di semplificare tutte le operazioni di consegna, migliorare l&#8217;efficienza e offrire un&#8217;esperienza cliente eccezionale su larga scala. Per quanto riguarda la <strong>consegna di cibo a domicilio<\/strong>, esistono tre applicazioni: quella dei clienti che permette loro di seguire lo stato del loro ordine, quella dell&#8217;agente che assegna automaticamente la consegna agli agenti liberi e pi\u00f9 vicini alla richiesta e quella dei manager che gestisce gli ordine effettuati nei negozi online e genera report analitici avanzati sugli ordini effettuati dai clienti.<\/p>\n<h2>TOOKAN &#8211; TUTORIAL<\/h2>\n<p>Vediamo insieme come funziona questa <strong>app per<\/strong> <strong>consegna di cibo a domicilio<\/strong>:<\/p>\n<div id=\"fluid-wrapper-counter-1\" class=\"g1-fluid-wrapper \" style=\"width:686px;\">\n<div style=\"padding-bottom:56.268221574344%;\"><iframe loading=\"lazy\" title=\"Tookan- Delivery Management Platform Demo\" width=\"686\" height=\"386\" src=\"https:\/\/www.youtube.com\/embed\/GTuq38_rgek?feature=oembed&amp;wmode=transparent&amp;autohide=1&amp;autoplay=0&amp;disablekb=0&amp;fs=1&amp;loop=0&amp;enablejsapi=1&amp;rel=0&amp;controls=2&amp;showinfo=0&amp;wmode=transparent&amp;autohide=2&amp;autoplay=0&amp;disablekb=0&amp;fs=1&amp;loop=0&amp;enablejsapi=1&amp;rel=0&amp;controls=2&amp;showinfo=1\" frameborder=\"0\" allow=\"accelerometer; autoplay; clipboard-write; encrypted-media; gyroscope; picture-in-picture\" allowfullscreen><\/iframe><\/div>\n<\/div>\n<h3>TOOKAN &#8211; CARATTERISTICHE<\/h3>\n<ul>\n<li><strong>Dashboard<\/strong>: gestisci le tue operazioni commerciali da una vista centralizzata<\/li>\n<li><strong>SMS<\/strong>: regola le comunicazioni end-to-end tra la tua azienda e i clienti con facilit\u00e0<\/li>\n<li><strong>Opzioni di pagamento<\/strong>: servite i vostri clienti con opzioni di pagamento rapide e convenienti per le loro transazioni commerciali<\/li>\n<li><strong>Accesso API<\/strong>: scegliete dalla serie di API disponibili e personalizzate il vostro software di gestione dei trasporti<\/li>\n<li><strong>Gestione dell&#8217;inventario<\/strong>: l&#8217;ordine effettuato dai clienti viene controllato rispetto all&#8217;inventario di tutti gli autisti e quindi la notifica viene inviata all&#8217;autista con sufficiente inventario<\/li>\n<li><strong>Percorsi ottimizzati<\/strong>: navigate facilmente verso pi\u00f9 destinazioni e assicurate consegne puntuali<\/li>\n<li><strong>Prova di consegna<\/strong>: consentite ai vostri agenti di scansionare codici a barre, aggiungere note, immagini e raccogliere firme digitali<\/li>\n<li><strong>Navigazione facile<\/strong>: facile accesso alle informazioni sui clienti, monitorare le attivit\u00e0 e viaggiare a mani libere<\/li>\n<li><strong>Portafoglio agente<\/strong>: fornisce un portafoglio per tenere un registro di tutte le transazioni effettuate da un agente<\/li>\n<li><strong>Generazione automatica del codice a barre<\/strong>: questa funzione genera automaticamente un codice a barre per la scansione al fine di verificare che l&#8217;ordine sia consegnato alla persona giusta<\/li>\n<li><strong>Integrazione facile<\/strong>: i clienti ricevono email\/SMS con l&#8217;orario di arrivo previsto e possono seguire la spedizione in tempo reale<\/li>\n<li><strong>Localizzatore<\/strong>: tracciamento avanzato della flotta per una migliore gestione<\/li>\n<li><strong>Riduzione dei costi di manutenzione<\/strong>: ti aiuta a ridurre al minimo i costi di manutenzione dei guasti dei veicoli inviandoti avvisi tempestivi quando la parte monitorata ha bisogno di manutenzione o \u00e8 vicina al guasto<\/li>\n<li><strong>Monitoraggio del comportamento<\/strong>: la soluzione completa ti permette di monitorare il comportamento della tua squadra in tempo reale. Conosci il comportamento di guida end-to-end della tua flotta, dal tempo di inattivit\u00e0 del veicolo, alla guida avventata e molto altro<\/li>\n<li><strong>Smart Analytics<\/strong>: i manager hanno accesso alle informazioni e al riepilogo di monitoraggio o fino a 90 giorni passati con rapporti grafici completi.<\/li>\n<\/ul>\n<h4>LE RECENSIONI DEGLI UTENTI<\/h4>\n<p><strong>Alex B. &#8220;Grande piattaforma!&#8221;<\/strong><br \/>\nCOMMENTI: uso Tookan come sistema di punti vendita per la mia attivit\u00e0.<br \/>\nPRO: mi piace avere le mie informazioni di spedizione su un&#8217;unica piattaforma e avere una comunicazione rapida con il mio cliente.<br \/>\nCONTRO: attualmente devo scaricare manualmente le informazioni dal database per collegarmi ad altri servizi come datastudio o google sheets.<\/p>\n<p><strong>Diogo D. &#8220;Molto soddisfatto&#8221;<\/strong><br \/>\nCOMMENTI: per me \u00e8 la migliore opzione sul mercato.<br \/>\nPRO: la mia esperienza con il software \u00e8 abbastanza buona. Stiamo lavorando insieme da pi\u00f9 di 10 mesi e i risultati stanno andando alla grande. Il software \u00e8 completo e molto ben sviluppato, ma la cosa pi\u00f9 importante e che apprezziamo \u00e8 il supporto dato. Le persone intorno alla piattaforma sono incredibili e ci sentiamo come se fossimo nella stessa squadra.<br \/>\nCONTRO: &#8211; Non ci sono molte personalizzazioni come volevamo. &#8211; Le personalizzazioni sono un po&#8217; costose.<\/p>\n<p><strong>Mohamed M. &#8220;Il miglior software di consegna&#8221;<\/strong><br \/>\nCOMMENTI: \u00e8 stato un buon supporto per la mia attivit\u00e0 e spero che si sviluppi e si integri con altri sistemi.<br \/>\nPRO: semplicit\u00e0 d&#8217;uso. Gli autisti possono imparare molto velocemente. Monitoraggio della posizione degli autisti.<br \/>\nCONTRO: non pu\u00f2 salvare 2 posizioni dello stesso cliente. Inoltre, non pu\u00f2 avere 2 numeri dello stesso cliente.<\/p>\n","protected":false},"excerpt":{"rendered":"<p>Tookan \u00e8 una piattaforma online che si rivolge ad aziende che forniscono consegne a domicilio di cibo, generi alimentari, medicinali, fiori e altro ancora. Ha il compito di semplificare tutte le operazioni di consegna, migliorare l&#8217;efficienza e offrire un&#8217;esperienza cliente eccezionale su larga scala. Per quanto riguarda la consegna di cibo a domicilio, esistono tre applicazioni: dei clienti, degli agenti e dei manager.<\/p>\n","protected":false},"author":17,"featured_media":54454,"parent":54405,"menu_order":0,"comment_status":"open","ping_status":"closed","template":"g1_template_page_review_new.php","meta":{"_acf_changed":false,"cwp_meta_box_check":"No","cwp_rev_product_name":"","cwp_rev_product_image":"","wppr_links":[],"cwp_rev_price":"","wppr_options":[],"wppr_pros":[],"wppr_cons":[],"_monsterinsights_skip_tracking":false,"_monsterinsights_sitenote_active":false,"_monsterinsights_sitenote_note":"","_monsterinsights_sitenote_category":0,"footnotes":""},"categories":[12168],"tags":[12170,12171,12175,12189,12174,12172,12173],"features":[],"class_list":{"0":"post-54453","1":"page","2":"type-page","3":"status-publish","4":"has-post-thumbnail","6":"category-app-cibo-domicilio-cat","7":"tag-app-cibo-a-domicilio","8":"tag-cibo-a-domicilio","9":"tag-consegna-cibo-a-domicilio","10":"tag-piattaforma-cibo-a-domicilio","11":"tag-programma-cibo-a-domicilio","12":"tag-software-cibo-a-domicilio","13":"tag-soluzione-cibo-a-domicilio"},"wppr_data":{"cwp_meta_box_check":"No"},"acf":[],"yoast_head":"<!-- This site is optimized with the Yoast SEO plugin v27.4 - https:\/\/yoast.com\/product\/yoast-seo-wordpress\/ -->\n<title>Tookan: recensione app cibo a domicilio - Accurate Reviews<\/title>\n<meta name=\"description\" content=\"Tookan: recensione dell&#039;app che si rivolge ad aziende che forniscono consegne a domicilio di cibo, generi alimentari, medicinali, fiori ecc.\" \/>\n<meta name=\"robots\" content=\"index, follow, max-snippet:-1, max-image-preview:large, max-video-preview:-1\" \/>\n<link rel=\"canonical\" href=\"https:\/\/www.accuratereviews.com\/it\/app-cibo-domicilio\/tookan-recensione\/\" \/>\n<meta property=\"og:locale\" content=\"it_IT\" \/>\n<meta property=\"og:type\" content=\"article\" \/>\n<meta property=\"og:title\" content=\"Tookan: recensione app cibo a domicilio - Accurate Reviews\" \/>\n<meta property=\"og:description\" content=\"Tookan: recensione dell&#039;app che si rivolge ad aziende che forniscono consegne a domicilio di cibo, generi alimentari, medicinali, fiori ecc.\" \/>\n<meta property=\"og:url\" content=\"https:\/\/www.accuratereviews.com\/it\/app-cibo-domicilio\/tookan-recensione\/\" \/>\n<meta property=\"og:site_name\" content=\"Accurate Reviews\" \/>\n<meta property=\"og:image\" content=\"https:\/\/www.accuratereviews.com\/wp-content\/uploads\/2022\/03\/OG_Tookan.png\" \/>\n\t<meta property=\"og:image:width\" content=\"1200\" \/>\n\t<meta property=\"og:image:height\" content=\"630\" \/>\n\t<meta property=\"og:image:type\" content=\"image\/png\" \/>\n<meta name=\"twitter:card\" content=\"summary_large_image\" \/>\n<meta name=\"twitter:label1\" content=\"Tempo di lettura stimato\" \/>\n\t<meta name=\"twitter:data1\" content=\"4 minuti\" \/>\n<script type=\"application\/ld+json\" class=\"yoast-schema-graph\">{\"@context\":\"https:\\\/\\\/schema.org\",\"@graph\":[{\"@type\":\"WebPage\",\"@id\":\"https:\\\/\\\/www.accuratereviews.com\\\/it\\\/app-cibo-domicilio\\\/tookan-recensione\\\/\",\"url\":\"https:\\\/\\\/www.accuratereviews.com\\\/it\\\/app-cibo-domicilio\\\/tookan-recensione\\\/\",\"name\":\"Tookan: recensione app cibo a domicilio - Accurate Reviews\",\"isPartOf\":{\"@id\":\"https:\\\/\\\/www.accuratereviews.com\\\/it\\\/#website\"},\"primaryImageOfPage\":{\"@id\":\"https:\\\/\\\/www.accuratereviews.com\\\/it\\\/app-cibo-domicilio\\\/tookan-recensione\\\/#primaryimage\"},\"image\":{\"@id\":\"https:\\\/\\\/www.accuratereviews.com\\\/it\\\/app-cibo-domicilio\\\/tookan-recensione\\\/#primaryimage\"},\"thumbnailUrl\":\"https:\\\/\\\/www.accuratereviews.com\\\/wp-content\\\/uploads\\\/2022\\\/03\\\/OG_Tookan.png\",\"datePublished\":\"2022-03-03T12:47:03+00:00\",\"description\":\"Tookan: recensione dell'app che si rivolge ad aziende che forniscono consegne a domicilio di cibo, generi alimentari, medicinali, fiori ecc.\",\"breadcrumb\":{\"@id\":\"https:\\\/\\\/www.accuratereviews.com\\\/it\\\/app-cibo-domicilio\\\/tookan-recensione\\\/#breadcrumb\"},\"inLanguage\":\"it-IT\",\"potentialAction\":[{\"@type\":\"ReadAction\",\"target\":[\"https:\\\/\\\/www.accuratereviews.com\\\/it\\\/app-cibo-domicilio\\\/tookan-recensione\\\/\"]}]},{\"@type\":\"ImageObject\",\"inLanguage\":\"it-IT\",\"@id\":\"https:\\\/\\\/www.accuratereviews.com\\\/it\\\/app-cibo-domicilio\\\/tookan-recensione\\\/#primaryimage\",\"url\":\"https:\\\/\\\/www.accuratereviews.com\\\/wp-content\\\/uploads\\\/2022\\\/03\\\/OG_Tookan.png\",\"contentUrl\":\"https:\\\/\\\/www.accuratereviews.com\\\/wp-content\\\/uploads\\\/2022\\\/03\\\/OG_Tookan.png\",\"width\":1200,\"height\":630},{\"@type\":\"BreadcrumbList\",\"@id\":\"https:\\\/\\\/www.accuratereviews.com\\\/it\\\/app-cibo-domicilio\\\/tookan-recensione\\\/#breadcrumb\",\"itemListElement\":[{\"@type\":\"ListItem\",\"position\":1,\"name\":\"Home\",\"item\":\"https:\\\/\\\/www.accuratereviews.com\\\/it\\\/\"},{\"@type\":\"ListItem\",\"position\":2,\"name\":\"App per cibo a domicilio\",\"item\":\"https:\\\/\\\/www.accuratereviews.com\\\/it\\\/app-cibo-domicilio\\\/\"},{\"@type\":\"ListItem\",\"position\":3,\"name\":\"Tookan\"}]},{\"@type\":\"WebSite\",\"@id\":\"https:\\\/\\\/www.accuratereviews.com\\\/it\\\/#website\",\"url\":\"https:\\\/\\\/www.accuratereviews.com\\\/it\\\/\",\"name\":\"Accurate Reviews\",\"description\":\"\",\"potentialAction\":[{\"@type\":\"SearchAction\",\"target\":{\"@type\":\"EntryPoint\",\"urlTemplate\":\"https:\\\/\\\/www.accuratereviews.com\\\/it\\\/?s={search_term_string}\"},\"query-input\":{\"@type\":\"PropertyValueSpecification\",\"valueRequired\":true,\"valueName\":\"search_term_string\"}}],\"inLanguage\":\"it-IT\"}]}<\/script>\n<!-- \/ Yoast SEO plugin. -->","yoast_head_json":{"title":"Tookan: recensione app cibo a domicilio - Accurate Reviews","description":"Tookan: recensione dell'app che si rivolge ad aziende che forniscono consegne a domicilio di cibo, generi alimentari, medicinali, fiori ecc.","robots":{"index":"index","follow":"follow","max-snippet":"max-snippet:-1","max-image-preview":"max-image-preview:large","max-video-preview":"max-video-preview:-1"},"canonical":"https:\/\/www.accuratereviews.com\/it\/app-cibo-domicilio\/tookan-recensione\/","og_locale":"it_IT","og_type":"article","og_title":"Tookan: recensione app cibo a domicilio - Accurate Reviews","og_description":"Tookan: recensione dell'app che si rivolge ad aziende che forniscono consegne a domicilio di cibo, generi alimentari, medicinali, fiori ecc.","og_url":"https:\/\/www.accuratereviews.com\/it\/app-cibo-domicilio\/tookan-recensione\/","og_site_name":"Accurate Reviews","og_image":[{"width":1200,"height":630,"url":"https:\/\/www.accuratereviews.com\/wp-content\/uploads\/2022\/03\/OG_Tookan.png","type":"image\/png"}],"twitter_card":"summary_large_image","twitter_misc":{"Tempo di lettura stimato":"4 minuti"},"schema":{"@context":"https:\/\/schema.org","@graph":[{"@type":"WebPage","@id":"https:\/\/www.accuratereviews.com\/it\/app-cibo-domicilio\/tookan-recensione\/","url":"https:\/\/www.accuratereviews.com\/it\/app-cibo-domicilio\/tookan-recensione\/","name":"Tookan: recensione app cibo a domicilio - Accurate Reviews","isPartOf":{"@id":"https:\/\/www.accuratereviews.com\/it\/#website"},"primaryImageOfPage":{"@id":"https:\/\/www.accuratereviews.com\/it\/app-cibo-domicilio\/tookan-recensione\/#primaryimage"},"image":{"@id":"https:\/\/www.accuratereviews.com\/it\/app-cibo-domicilio\/tookan-recensione\/#primaryimage"},"thumbnailUrl":"https:\/\/www.accuratereviews.com\/wp-content\/uploads\/2022\/03\/OG_Tookan.png","datePublished":"2022-03-03T12:47:03+00:00","description":"Tookan: recensione dell'app che si rivolge ad aziende che forniscono consegne a domicilio di cibo, generi alimentari, medicinali, fiori ecc.","breadcrumb":{"@id":"https:\/\/www.accuratereviews.com\/it\/app-cibo-domicilio\/tookan-recensione\/#breadcrumb"},"inLanguage":"it-IT","potentialAction":[{"@type":"ReadAction","target":["https:\/\/www.accuratereviews.com\/it\/app-cibo-domicilio\/tookan-recensione\/"]}]},{"@type":"ImageObject","inLanguage":"it-IT","@id":"https:\/\/www.accuratereviews.com\/it\/app-cibo-domicilio\/tookan-recensione\/#primaryimage","url":"https:\/\/www.accuratereviews.com\/wp-content\/uploads\/2022\/03\/OG_Tookan.png","contentUrl":"https:\/\/www.accuratereviews.com\/wp-content\/uploads\/2022\/03\/OG_Tookan.png","width":1200,"height":630},{"@type":"BreadcrumbList","@id":"https:\/\/www.accuratereviews.com\/it\/app-cibo-domicilio\/tookan-recensione\/#breadcrumb","itemListElement":[{"@type":"ListItem","position":1,"name":"Home","item":"https:\/\/www.accuratereviews.com\/it\/"},{"@type":"ListItem","position":2,"name":"App per cibo a domicilio","item":"https:\/\/www.accuratereviews.com\/it\/app-cibo-domicilio\/"},{"@type":"ListItem","position":3,"name":"Tookan"}]},{"@type":"WebSite","@id":"https:\/\/www.accuratereviews.com\/it\/#website","url":"https:\/\/www.accuratereviews.com\/it\/","name":"Accurate Reviews","description":"","potentialAction":[{"@type":"SearchAction","target":{"@type":"EntryPoint","urlTemplate":"https:\/\/www.accuratereviews.com\/it\/?s={search_term_string}"},"query-input":{"@type":"PropertyValueSpecification","valueRequired":true,"valueName":"search_term_string"}}],"inLanguage":"it-IT"}]}},"_links":{"self":[{"href":"https:\/\/www.accuratereviews.com\/it\/wp-json\/wp\/v2\/pages\/54453","targetHints":{"allow":["GET"]}}],"collection":[{"href":"https:\/\/www.accuratereviews.com\/it\/wp-json\/wp\/v2\/pages"}],"about":[{"href":"https:\/\/www.accuratereviews.com\/it\/wp-json\/wp\/v2\/types\/page"}],"author":[{"embeddable":true,"href":"https:\/\/www.accuratereviews.com\/it\/wp-json\/wp\/v2\/users\/17"}],"replies":[{"embeddable":true,"href":"https:\/\/www.accuratereviews.com\/it\/wp-json\/wp\/v2\/comments?post=54453"}],"version-history":[{"count":4,"href":"https:\/\/www.accuratereviews.com\/it\/wp-json\/wp\/v2\/pages\/54453\/revisions"}],"predecessor-version":[{"id":54493,"href":"https:\/\/www.accuratereviews.com\/it\/wp-json\/wp\/v2\/pages\/54453\/revisions\/54493"}],"up":[{"embeddable":true,"href":"https:\/\/www.accuratereviews.com\/it\/wp-json\/wp\/v2\/pages\/54405"}],"wp:featuredmedia":[{"embeddable":true,"href":"https:\/\/www.accuratereviews.com\/it\/wp-json\/wp\/v2\/media\/54454"}],"wp:attachment":[{"href":"https:\/\/www.accuratereviews.com\/it\/wp-json\/wp\/v2\/media?parent=54453"}],"wp:term":[{"taxonomy":"category","embeddable":true,"href":"https:\/\/www.accuratereviews.com\/it\/wp-json\/wp\/v2\/categories?post=54453"},{"taxonomy":"post_tag","embeddable":true,"href":"https:\/\/www.accuratereviews.com\/it\/wp-json\/wp\/v2\/tags?post=54453"},{"taxonomy":"features","embeddable":true,"href":"https:\/\/www.accuratereviews.com\/it\/wp-json\/wp\/v2\/features?post=54453"}],"curies":[{"name":"wp","href":"https:\/\/api.w.org\/{rel}","templated":true}]}}