{"id":54465,"date":"2022-03-03T12:34:28","date_gmt":"2022-03-03T12:34:28","guid":{"rendered":"https:\/\/www.accuratereviews.com\/?page_id=54465"},"modified":"2022-03-03T12:34:28","modified_gmt":"2022-03-03T12:34:28","slug":"urbantz-recensione","status":"publish","type":"page","link":"https:\/\/www.accuratereviews.com\/it\/app-cibo-domicilio\/urbantz-recensione\/","title":{"rendered":"Urbantz"},"content":{"rendered":"<p><strong>Urbantz<\/strong> \u00e8 la principale <strong>piattaforma di gestione delle consegne di cibo<\/strong> a domicilio per le imprese. Rivenditori, ecommerce, servizi postali e aziende di logistica si affidano alla soluzione per ottimizzare le consegne, monitorare i corrieri esterni, prevedere problemi, controllare le operazioni di consegna con un&#8217;ottimizzazione multi-vettore mai vista.\u00a0Il sistema di <strong>Urbantz<\/strong> consente alle parti interessate di combinare in un&#8217;unica piattaforma tutte le funzionalit\u00e0 necessarie per un&#8217;operazione di gestione delle consegne sostenibile ma efficiente in termini di costi. Ci\u00f2 include la pianificazione della consegna, la preparazione della spedizione, la generazione e la scansione di codici a barre, il calcolo del percorso, l&#8217;ottimizzazione dei costi di consegna, l&#8217;app mobile del conducente (per dispositivi iOS e Android), la funzionalit\u00e0 di riduzione di CO2, il monitoraggio della flotta, la prova di consegna, biglietteria e raccolta feedback clienti.<\/p>\n<h2>URBANTZ &#8211; TUTORIAL<\/h2>\n<p>Guardiamo come \u00e8 semplice creare un itinerario con questo <strong>software per gestire le consegne di cibo<\/strong>:<\/p>\n<div id=\"fluid-wrapper-counter-1\" class=\"g1-fluid-wrapper \" style=\"width:686px;\">\n<div style=\"padding-bottom:56.268221574344%;\"><iframe loading=\"lazy\" title=\"Urbantz Platform Teaser\" width=\"686\" height=\"386\" src=\"https:\/\/www.youtube.com\/embed\/FuVuULZqttA?feature=oembed&amp;wmode=transparent&amp;autohide=1&amp;autoplay=0&amp;disablekb=0&amp;fs=1&amp;loop=0&amp;enablejsapi=1&amp;rel=0&amp;controls=2&amp;showinfo=0&amp;wmode=transparent&amp;autohide=2&amp;autoplay=0&amp;disablekb=0&amp;fs=1&amp;loop=0&amp;enablejsapi=1&amp;rel=0&amp;controls=2&amp;showinfo=1\" frameborder=\"0\" allow=\"accelerometer; autoplay; clipboard-write; encrypted-media; gyroscope; picture-in-picture\" allowfullscreen><\/iframe><\/div>\n<\/div>\n<h2>URBANTZ &#8211; CARATTERISTICHE<\/h2>\n<ul>\n<li>Programmazione intelligente delle consegne<\/li>\n<li>Notifiche personalizzate, configurabili e specifiche del tipo di cliente<\/li>\n<li>Pagina di tracciamento con marchio con ETA precisi e posizione del conducente<\/li>\n<li>Opzioni di comunicazione cliente-autista<\/li>\n<li>Avvisi intelligenti in tempo reale<\/li>\n<li>Opzioni di consegna espressa, il giorno stesso o il giorno successivo<\/li>\n<li>Pagamento in contanti o con carta alla consegna<\/li>\n<li>Feedback immediato dei clienti<\/li>\n<li>Architettura di gestione multi-corriere e multi-flotta<\/li>\n<li>Avvisi in tempo reale dall&#8217;intera rete di consegna<\/li>\n<li>Sistema di ticketing integrato per i clienti<\/li>\n<li>Tutti i dati e le analisi di consegna dell&#8217;ultimo miglio<\/li>\n<li>Ottimizzazione tra flotte<\/li>\n<li>Confronto delle prestazioni di pi\u00f9 vettori<\/li>\n<li>Rapporti e approfondimenti<\/li>\n<li>Algoritmi di pianificazione e routing specifici per veicoli commerciali, veicoli elettrici, ecc.<\/li>\n<li>CO2 integrato e monitoraggio del comportamento del conducente<\/li>\n<li>Rapido onboarding e monitoraggio di 3PL e dei tuoi driver<\/li>\n<li>Preparazione della spedizione dal negozio e dal magazzino<\/li>\n<li>Ottimizza per costi inferiori, migliore esperienza del cliente e basse emissioni<\/li>\n<li>Configurazione senza codice per assicurarsi che la piattaforma supporti la modifica dei flussi di lavoro di consegna<\/li>\n<li>Completa libert\u00e0 di aggiungere flotte e opzioni di consegna alla tua attivit\u00e0<\/li>\n<li>Apprendimento automatico per un&#8217;ottimizzazione pi\u00f9 rapida<\/li>\n<li>Dashboard operativo per il controllo completo e il monitoraggio dei KPI<\/li>\n<li>Pianificazione intelligente e predittiva, regolazione in tempo reale e risoluzione dei problemi<\/li>\n<li>Combina in modo intelligente consegne con ritiri e resi<\/li>\n<li>Assegnazione automatica dei lavori in base alle specifiche del veicolo e del prodotto<\/li>\n<li>La possibilit\u00e0 di offrire agli spedizionieri un servizio di consegna premium con marchio<\/li>\n<li>Possibilit\u00e0 di creare zone per la pianificazione e l&#8217;esecuzione intelligenti di consegne e ritiri<\/li>\n<li>Combina in modo intelligente i punti di raccolta in pi\u00f9 sedi con le fasce orarie di consegna<\/li>\n<li>Accesso ai dati di navigazione avanzati<\/li>\n<li>Istruzioni passo passo personalizzabili per i tuoi driver<\/li>\n<li>Capacit\u00e0 di prevedere e agire sui problemi prima che si manifestino<\/li>\n<\/ul>\n<h4>LE RECENSIONI DEGLI UTENTI<\/h4>\n<p class=\"font-weight-bold mb-2\"><strong>Anouck V.&#8221;Buon strumento con molte possibilit\u00e0 di miglioramento&#8221;<\/strong><\/p>\n<p><span class=\"font-weight-bold\"><strong>Commenti<\/strong>: <\/span>Il cliente finale dispone di informazioni cruciali che prima non aveva in tali dettagli. Da un lato, questo garantisce che possano organizzarsi meglio, ma anche che il nostro CS sia sollevato dall&#8217;onere.<\/p>\n<p class=\"font-weight-bold mb-2\"><strong>Pro<\/strong>:\u00a0L&#8217;impatto maggiore per noi come azienda risiede nella comunicazione verso il cliente finale. Le possibilit\u00e0 offerte qui sono molto ampie, cos\u00ec come il fatto che questo \u00e8\/pu\u00f2 essere uno strumento di marketing sia per Distrilog che per i nostri clienti.<\/p>\n<p class=\"font-weight-bold mb-2\"><strong>Contro<\/strong>:\u00a0La tecnologia di pianificazione non fornisce la flessibilit\u00e0 necessaria di cui abbiamo bisogno. Ad esempio, la regolazione delle corse.<\/p>\n<p class=\"font-weight-bold mb-2\"><strong>Felix V.&#8221;Ottima pianificazione del percorso e ottimo servizio clienti&#8221;<\/strong><\/p>\n<p><span class=\"font-weight-bold\"><strong>Commenti<\/strong>: <\/span>Dalla fase di vendita e configurazione alle operazioni dal vivo, abbiamo sempre ricevuto un supporto di prim&#8217;ordine e tutti i dipendenti Urbantz con cui siamo stati in contatto sono sempre stati molto professionali.<\/p>\n<p class=\"font-weight-bold mb-2\"><strong>Pro<\/strong>:\u00a0Oltre alla pianificazione del percorso rapida ed efficiente, Urbantz integra funzionalit\u00e0 come la comunicazione con il cliente a livello di ordine, opzioni di branding personalizzate e valutazioni KPI delle prestazioni del conducente.<\/p>\n<p class=\"font-weight-bold mb-2\"><strong>Contro<\/strong>:\u00a0Urbantz offre molte opzioni, ma non tutte sono necessarie. Una configurazione pi\u00f9 snella sarebbe stata sufficiente per noi in alcune aree.<\/p>\n<p class=\"font-weight-bold mb-2\"><strong>Frederic H.&#8221;Frederic H. Recensione&#8221;<\/strong><\/p>\n<p><span class=\"font-weight-bold\"><strong>Commenti<\/strong>: <\/span>Urbantz ha profondamente modernizzato la reputazione del nostro marchio. I team di Urbantz sono davvero impegnati, professionali e coscienziosi.<\/p>\n<p class=\"font-weight-bold mb-2\"><strong>Pro<\/strong>:\u00a0Interfaccia utente intuitiva e piacevole Integrazione rapida con API flessibili<\/p>\n<p class=\"font-weight-bold mb-2\"><strong>Contro<\/strong>:\u00a0Le API potrebbero ancora essere migliorate su alcune funzionalit\u00e0<\/p>\n","protected":false},"excerpt":{"rendered":"<p>Urbantz \u00e8 la principale piattaforma di gestione delle consegne di cibo a domicilio per le imprese. Rivenditori, ecommerce, servizi postali e aziende di logistica si affidano alla soluzione per ottimizzare le consegne, monitorare i corrieri esterni, prevedere problemi, controllare le operazioni di consegna con un&#8217;ottimizzazione multi-vettore mai vista.<\/p>\n","protected":false},"author":16,"featured_media":54466,"parent":54405,"menu_order":0,"comment_status":"open","ping_status":"closed","template":"g1_template_page_review_new.php","meta":{"_acf_changed":false,"cwp_meta_box_check":"No","cwp_rev_product_name":"","cwp_rev_product_image":"","wppr_links":[],"cwp_rev_price":"","wppr_options":[],"wppr_pros":[],"wppr_cons":[],"_monsterinsights_skip_tracking":false,"_monsterinsights_sitenote_active":false,"_monsterinsights_sitenote_note":"","_monsterinsights_sitenote_category":0,"footnotes":""},"categories":[12168],"tags":[12193,12171,12189,12174,12172,12173,12191],"features":[],"class_list":{"0":"post-54465","1":"page","2":"type-page","3":"status-publish","4":"has-post-thumbnail","6":"category-app-cibo-domicilio-cat","7":"tag-app-per-cibo-a-domicilio","8":"tag-cibo-a-domicilio","9":"tag-piattaforma-cibo-a-domicilio","10":"tag-programma-cibo-a-domicilio","11":"tag-software-cibo-a-domicilio","12":"tag-soluzione-cibo-a-domicilio","13":"tag-urbantz"},"wppr_data":{"cwp_meta_box_check":"No"},"acf":[],"yoast_head":"<!-- This site is optimized with the Yoast SEO plugin v27.4 - https:\/\/yoast.com\/product\/yoast-seo-wordpress\/ -->\n<title>Urbantz: recensione software per cibo a domicilio - Accurate Reviews<\/title>\n<meta name=\"description\" content=\"Urbantz: recensione principale piattaforma gestione delle consegne di cibo a domicilio per rivenditori, ecommerce, servizi postali e logistica\" \/>\n<meta name=\"robots\" content=\"index, follow, max-snippet:-1, max-image-preview:large, max-video-preview:-1\" \/>\n<link rel=\"canonical\" href=\"https:\/\/www.accuratereviews.com\/it\/app-cibo-domicilio\/urbantz-recensione\/\" \/>\n<meta property=\"og:locale\" content=\"it_IT\" \/>\n<meta property=\"og:type\" content=\"article\" \/>\n<meta property=\"og:title\" content=\"Urbantz: recensione software per cibo a domicilio - Accurate Reviews\" \/>\n<meta property=\"og:description\" content=\"Urbantz: recensione principale piattaforma gestione delle consegne di cibo a domicilio per rivenditori, ecommerce, servizi postali e logistica\" \/>\n<meta property=\"og:url\" content=\"https:\/\/www.accuratereviews.com\/it\/app-cibo-domicilio\/urbantz-recensione\/\" \/>\n<meta property=\"og:site_name\" content=\"Accurate Reviews\" \/>\n<meta property=\"og:image\" content=\"https:\/\/www.accuratereviews.com\/wp-content\/uploads\/2022\/03\/urbantz-logo.jpeg\" \/>\n\t<meta property=\"og:image:width\" content=\"747\" \/>\n\t<meta property=\"og:image:height\" content=\"653\" \/>\n\t<meta property=\"og:image:type\" content=\"image\/jpeg\" \/>\n<meta name=\"twitter:card\" content=\"summary_large_image\" \/>\n<meta name=\"twitter:label1\" content=\"Tempo di lettura stimato\" \/>\n\t<meta name=\"twitter:data1\" content=\"4 minuti\" \/>\n<script type=\"application\/ld+json\" class=\"yoast-schema-graph\">{\"@context\":\"https:\\\/\\\/schema.org\",\"@graph\":[{\"@type\":\"WebPage\",\"@id\":\"https:\\\/\\\/www.accuratereviews.com\\\/it\\\/app-cibo-domicilio\\\/urbantz-recensione\\\/\",\"url\":\"https:\\\/\\\/www.accuratereviews.com\\\/it\\\/app-cibo-domicilio\\\/urbantz-recensione\\\/\",\"name\":\"Urbantz: recensione software per cibo a domicilio - Accurate Reviews\",\"isPartOf\":{\"@id\":\"https:\\\/\\\/www.accuratereviews.com\\\/it\\\/#website\"},\"primaryImageOfPage\":{\"@id\":\"https:\\\/\\\/www.accuratereviews.com\\\/it\\\/app-cibo-domicilio\\\/urbantz-recensione\\\/#primaryimage\"},\"image\":{\"@id\":\"https:\\\/\\\/www.accuratereviews.com\\\/it\\\/app-cibo-domicilio\\\/urbantz-recensione\\\/#primaryimage\"},\"thumbnailUrl\":\"https:\\\/\\\/www.accuratereviews.com\\\/wp-content\\\/uploads\\\/2022\\\/03\\\/urbantz-logo.jpeg\",\"datePublished\":\"2022-03-03T12:34:28+00:00\",\"description\":\"Urbantz: recensione principale piattaforma gestione delle consegne di cibo a domicilio per rivenditori, ecommerce, servizi postali e logistica\",\"breadcrumb\":{\"@id\":\"https:\\\/\\\/www.accuratereviews.com\\\/it\\\/app-cibo-domicilio\\\/urbantz-recensione\\\/#breadcrumb\"},\"inLanguage\":\"it-IT\",\"potentialAction\":[{\"@type\":\"ReadAction\",\"target\":[\"https:\\\/\\\/www.accuratereviews.com\\\/it\\\/app-cibo-domicilio\\\/urbantz-recensione\\\/\"]}]},{\"@type\":\"ImageObject\",\"inLanguage\":\"it-IT\",\"@id\":\"https:\\\/\\\/www.accuratereviews.com\\\/it\\\/app-cibo-domicilio\\\/urbantz-recensione\\\/#primaryimage\",\"url\":\"https:\\\/\\\/www.accuratereviews.com\\\/wp-content\\\/uploads\\\/2022\\\/03\\\/urbantz-logo.jpeg\",\"contentUrl\":\"https:\\\/\\\/www.accuratereviews.com\\\/wp-content\\\/uploads\\\/2022\\\/03\\\/urbantz-logo.jpeg\",\"width\":747,\"height\":653},{\"@type\":\"BreadcrumbList\",\"@id\":\"https:\\\/\\\/www.accuratereviews.com\\\/it\\\/app-cibo-domicilio\\\/urbantz-recensione\\\/#breadcrumb\",\"itemListElement\":[{\"@type\":\"ListItem\",\"position\":1,\"name\":\"Home\",\"item\":\"https:\\\/\\\/www.accuratereviews.com\\\/it\\\/\"},{\"@type\":\"ListItem\",\"position\":2,\"name\":\"App per cibo a domicilio\",\"item\":\"https:\\\/\\\/www.accuratereviews.com\\\/it\\\/app-cibo-domicilio\\\/\"},{\"@type\":\"ListItem\",\"position\":3,\"name\":\"Urbantz\"}]},{\"@type\":\"WebSite\",\"@id\":\"https:\\\/\\\/www.accuratereviews.com\\\/it\\\/#website\",\"url\":\"https:\\\/\\\/www.accuratereviews.com\\\/it\\\/\",\"name\":\"Accurate Reviews\",\"description\":\"\",\"potentialAction\":[{\"@type\":\"SearchAction\",\"target\":{\"@type\":\"EntryPoint\",\"urlTemplate\":\"https:\\\/\\\/www.accuratereviews.com\\\/it\\\/?s={search_term_string}\"},\"query-input\":{\"@type\":\"PropertyValueSpecification\",\"valueRequired\":true,\"valueName\":\"search_term_string\"}}],\"inLanguage\":\"it-IT\"}]}<\/script>\n<!-- \/ Yoast SEO plugin. -->","yoast_head_json":{"title":"Urbantz: recensione software per cibo a domicilio - Accurate Reviews","description":"Urbantz: recensione principale piattaforma gestione delle consegne di cibo a domicilio per rivenditori, ecommerce, servizi postali e logistica","robots":{"index":"index","follow":"follow","max-snippet":"max-snippet:-1","max-image-preview":"max-image-preview:large","max-video-preview":"max-video-preview:-1"},"canonical":"https:\/\/www.accuratereviews.com\/it\/app-cibo-domicilio\/urbantz-recensione\/","og_locale":"it_IT","og_type":"article","og_title":"Urbantz: recensione software per cibo a domicilio - Accurate Reviews","og_description":"Urbantz: recensione principale piattaforma gestione delle consegne di cibo a domicilio per rivenditori, ecommerce, servizi postali e logistica","og_url":"https:\/\/www.accuratereviews.com\/it\/app-cibo-domicilio\/urbantz-recensione\/","og_site_name":"Accurate Reviews","og_image":[{"width":747,"height":653,"url":"https:\/\/www.accuratereviews.com\/wp-content\/uploads\/2022\/03\/urbantz-logo.jpeg","type":"image\/jpeg"}],"twitter_card":"summary_large_image","twitter_misc":{"Tempo di lettura stimato":"4 minuti"},"schema":{"@context":"https:\/\/schema.org","@graph":[{"@type":"WebPage","@id":"https:\/\/www.accuratereviews.com\/it\/app-cibo-domicilio\/urbantz-recensione\/","url":"https:\/\/www.accuratereviews.com\/it\/app-cibo-domicilio\/urbantz-recensione\/","name":"Urbantz: recensione software per cibo a domicilio - Accurate Reviews","isPartOf":{"@id":"https:\/\/www.accuratereviews.com\/it\/#website"},"primaryImageOfPage":{"@id":"https:\/\/www.accuratereviews.com\/it\/app-cibo-domicilio\/urbantz-recensione\/#primaryimage"},"image":{"@id":"https:\/\/www.accuratereviews.com\/it\/app-cibo-domicilio\/urbantz-recensione\/#primaryimage"},"thumbnailUrl":"https:\/\/www.accuratereviews.com\/wp-content\/uploads\/2022\/03\/urbantz-logo.jpeg","datePublished":"2022-03-03T12:34:28+00:00","description":"Urbantz: recensione principale piattaforma gestione delle consegne di cibo a domicilio per rivenditori, ecommerce, servizi postali e logistica","breadcrumb":{"@id":"https:\/\/www.accuratereviews.com\/it\/app-cibo-domicilio\/urbantz-recensione\/#breadcrumb"},"inLanguage":"it-IT","potentialAction":[{"@type":"ReadAction","target":["https:\/\/www.accuratereviews.com\/it\/app-cibo-domicilio\/urbantz-recensione\/"]}]},{"@type":"ImageObject","inLanguage":"it-IT","@id":"https:\/\/www.accuratereviews.com\/it\/app-cibo-domicilio\/urbantz-recensione\/#primaryimage","url":"https:\/\/www.accuratereviews.com\/wp-content\/uploads\/2022\/03\/urbantz-logo.jpeg","contentUrl":"https:\/\/www.accuratereviews.com\/wp-content\/uploads\/2022\/03\/urbantz-logo.jpeg","width":747,"height":653},{"@type":"BreadcrumbList","@id":"https:\/\/www.accuratereviews.com\/it\/app-cibo-domicilio\/urbantz-recensione\/#breadcrumb","itemListElement":[{"@type":"ListItem","position":1,"name":"Home","item":"https:\/\/www.accuratereviews.com\/it\/"},{"@type":"ListItem","position":2,"name":"App per cibo a domicilio","item":"https:\/\/www.accuratereviews.com\/it\/app-cibo-domicilio\/"},{"@type":"ListItem","position":3,"name":"Urbantz"}]},{"@type":"WebSite","@id":"https:\/\/www.accuratereviews.com\/it\/#website","url":"https:\/\/www.accuratereviews.com\/it\/","name":"Accurate Reviews","description":"","potentialAction":[{"@type":"SearchAction","target":{"@type":"EntryPoint","urlTemplate":"https:\/\/www.accuratereviews.com\/it\/?s={search_term_string}"},"query-input":{"@type":"PropertyValueSpecification","valueRequired":true,"valueName":"search_term_string"}}],"inLanguage":"it-IT"}]}},"_links":{"self":[{"href":"https:\/\/www.accuratereviews.com\/it\/wp-json\/wp\/v2\/pages\/54465","targetHints":{"allow":["GET"]}}],"collection":[{"href":"https:\/\/www.accuratereviews.com\/it\/wp-json\/wp\/v2\/pages"}],"about":[{"href":"https:\/\/www.accuratereviews.com\/it\/wp-json\/wp\/v2\/types\/page"}],"author":[{"embeddable":true,"href":"https:\/\/www.accuratereviews.com\/it\/wp-json\/wp\/v2\/users\/16"}],"replies":[{"embeddable":true,"href":"https:\/\/www.accuratereviews.com\/it\/wp-json\/wp\/v2\/comments?post=54465"}],"version-history":[{"count":5,"href":"https:\/\/www.accuratereviews.com\/it\/wp-json\/wp\/v2\/pages\/54465\/revisions"}],"predecessor-version":[{"id":54490,"href":"https:\/\/www.accuratereviews.com\/it\/wp-json\/wp\/v2\/pages\/54465\/revisions\/54490"}],"up":[{"embeddable":true,"href":"https:\/\/www.accuratereviews.com\/it\/wp-json\/wp\/v2\/pages\/54405"}],"wp:featuredmedia":[{"embeddable":true,"href":"https:\/\/www.accuratereviews.com\/it\/wp-json\/wp\/v2\/media\/54466"}],"wp:attachment":[{"href":"https:\/\/www.accuratereviews.com\/it\/wp-json\/wp\/v2\/media?parent=54465"}],"wp:term":[{"taxonomy":"category","embeddable":true,"href":"https:\/\/www.accuratereviews.com\/it\/wp-json\/wp\/v2\/categories?post=54465"},{"taxonomy":"post_tag","embeddable":true,"href":"https:\/\/www.accuratereviews.com\/it\/wp-json\/wp\/v2\/tags?post=54465"},{"taxonomy":"features","embeddable":true,"href":"https:\/\/www.accuratereviews.com\/it\/wp-json\/wp\/v2\/features?post=54465"}],"curies":[{"name":"wp","href":"https:\/\/api.w.org\/{rel}","templated":true}]}}