{"id":54473,"date":"2022-03-03T12:32:42","date_gmt":"2022-03-03T12:32:42","guid":{"rendered":"https:\/\/www.accuratereviews.com\/?page_id=54473"},"modified":"2022-03-03T12:32:42","modified_gmt":"2022-03-03T12:32:42","slug":"gsmtasks-recensione","status":"publish","type":"page","link":"https:\/\/www.accuratereviews.com\/it\/app-cibo-domicilio\/gsmtasks-recensione\/","title":{"rendered":"GSMtasks"},"content":{"rendered":"<p><strong>GSMtasks<\/strong> \u00e8 una <strong>soluzione di gestione della flotta<\/strong> che aiuta le organizzazioni a pianificare percorsi con pi\u00f9 fermate, gestire veicoli aziendali e monitorare i lavoratori in loco. Le caratteristiche principali includono la gestione delle <strong>consegne di cibo<\/strong>, l&#8217;analisi dei mezzi, la pianificazione delle attivit\u00e0 e l&#8217;instradamento automatizzato.\u00a0Il sistema integrato di gestione dei servizi sul campo consente ai dipendenti di raccogliere e archiviare i dati dei clienti in un repository centralizzato, aggiornare gli elenchi di attivit\u00e0 e acquisire le firme elettroniche dei clienti. Utilizzando il modulo di ottimizzazione dei percorsi e delle attivit\u00e0 di <strong>GSMtasks<\/strong>, i gestori possono pianificare i percorsi per le consegne, assegnare attivit\u00e0 agli autisti e calcolare il tempo stimato per completare un&#8217;attivit\u00e0. Inoltre, gli agenti di consegna possono utilizzare le applicazioni mobili per visualizzare, tracciare e modificare i lavori attivi utilizzando dispositivi Android e iOS.<\/p>\n<h2>GSMTASKS &#8211; TUTORIAL<\/h2>\n<p>Ecco un tutorial su come accettare e rifiutare le attivit\u00e0 in questa app per consegna di cibo:<\/p>\n<div id=\"fluid-wrapper-counter-1\" class=\"g1-fluid-wrapper \" style=\"width:686px;\">\n<div style=\"padding-bottom:56.268221574344%;\"><iframe loading=\"lazy\" title=\"How to Accept and Reject Tasks in the GSMtasks Phone App\" width=\"686\" height=\"386\" src=\"https:\/\/www.youtube.com\/embed\/xmgmYcGonik?feature=oembed&amp;wmode=transparent&amp;autohide=1&amp;autoplay=0&amp;disablekb=0&amp;fs=1&amp;loop=0&amp;enablejsapi=1&amp;rel=0&amp;controls=2&amp;showinfo=0&amp;wmode=transparent&amp;autohide=2&amp;autoplay=0&amp;disablekb=0&amp;fs=1&amp;loop=0&amp;enablejsapi=1&amp;rel=0&amp;controls=2&amp;showinfo=1\" frameborder=\"0\" allow=\"accelerometer; autoplay; clipboard-write; encrypted-media; gyroscope; picture-in-picture\" allowfullscreen><\/iframe><\/div>\n<\/div>\n<h3>GSMTASKS &#8211; CARATTERISTICHE<\/h3>\n<ul>\n<li><strong>Routing automatizzato<\/strong>: inserisci tutte le tue attivit\u00e0 e segui il percorso pi\u00f9 efficiente verso tutte le tue destinazioni<\/li>\n<li><strong>Pianifica attivit\u00e0 ricorrenti<\/strong>: collega diverse attivit\u00e0 e pianifica quelle ricorrenti in base alle esigenze del tuo giorno, settimana o mese<\/li>\n<li><strong>App mobile per i conducenti<\/strong>: non puoi controllare il caos ma puoi scegliere la strada migliore per aggirarlo. Fornisci agli autisti informazioni aggiornate per essere sempre al passo con le loro attivit\u00e0 quotidiane<\/li>\n<li><strong>Monitoraggio in tempo reale<\/strong>: scopri dove si trovano i tuoi conducenti e come procede ogni attivit\u00e0 in tempo reale<\/li>\n<li><strong>Analisi della flotta<\/strong>: tieni traccia delle metriche di cui hai bisogno. Usa i dati di facile utilizzo, corretti e di facile comprensione per la crescita della tua azienda<\/li>\n<li><strong>Notifiche ai clienti:<\/strong> tieni aggiornati i clienti tramite sms e notifiche email automatiche o manuali<\/li>\n<li><strong>Metacampi personalizzati<\/strong>: aiuta la tua flotta a funzionare meglio aggiungendo metacampi personalizzati per tutti i dettagli necessari<\/li>\n<li><strong>Acquisizione della firma<\/strong>: soddisfa tutti i requisiti di consegna digitalmente e firma i documenti digitalmente<\/li>\n<li><strong>Funzione di prova di consegna rapida<\/strong>: invia i documenti firmati ai clienti immediatamente dopo aver effettuato la consegna<\/li>\n<li><strong>Integrazione con i tuoi strumenti:<\/strong> risparmia tempo e denaro. Integra con i tuoi sistemi attuali (incl. CRM e Warehouse) per un flusso di informazioni senza interruzioni<\/li>\n<li><strong>Analisi email<\/strong>: ottimizza la tua flotta e la tua forza lavoro mobile estraendo i tuoi dati con altre piattaforme di consegna online (Eat24, Grubhub, ecc&#8230;)<\/li>\n<li><strong>Facile integrazione con i sistemi GPS<\/strong>: si integra con tutti i principali sistemi di navigazione (Waze, Sygic, Google maps, ecc.).<\/li>\n<\/ul>\n<h4>LE RECENSIONI DEGLI UTENTI<\/h4>\n<p class=\"font-weight-bold mb-2\"><strong>Heather P.&#8221;Facile da usare&#8221;<\/strong><\/p>\n<p><span class=\"font-weight-bold\"><strong>Commenti<\/strong>: <\/span>Nel complesso, ottimo software con un ottimo team di sviluppatori e un team di supporto estremamente competente e disponibile.<\/p>\n<p class=\"font-weight-bold mb-2\"><strong>Pro<\/strong>:\u00a0L&#8217;uso quotidiano del software \u00e8 facile da usare e facile da imparare. Alcune fantastiche funzionalit\u00e0 come l&#8217;ottimizzazione del percorso e i POD personalizzabili. Il team di supporto \u00e8 eccellente. Gli sviluppatori sono aperti alle richieste e sono pronti a correggere eventuali bug (di cui non ce ne sono stati che non abbiamo inavvertitamente creato noi stessi).<\/p>\n<p class=\"font-weight-bold mb-2\"><strong>Contro<\/strong>:\u00a0L&#8217;installazione del backend ha richiesto un po&#8217; di lavoro per capire inizialmente. Tuttavia, una volta svolto un po&#8217; di formazione con il team GSM, il software \u00e8 diventato pi\u00f9 facile da capire.<\/p>\n<p class=\"font-weight-bold mb-2\"><strong>Frans L.&#8221;Semplificare la vita lavorativa&#8221;<\/strong><\/p>\n<p class=\"font-weight-bold mb-2\"><strong>Commenti<\/strong>: \u00c8 facile mettere insieme il tuo lavoro quando devi mandare i lavoratori a lavorare.<\/p>\n<p><strong>Pro<\/strong>:\u00a0Posso facilmente vedere cosa devo cercare e dove porre le domande. Ho ricevuto rapidamente aiuto dal team quando ho posto domande<\/p>\n<p><strong>Contro<\/strong>:\u00a0L&#8217;IT \u00e8 nuovo e devo capire come funzionano le cose. Devo anche superare tutta la negativit\u00e0 degli altri utenti.<\/p>\n<p class=\"font-weight-bold mb-2\"><strong>Jacob T.&#8221;Meglio di ogni software logistico che abbiamo provato, a un costo molto inferiore&#8221;<\/strong><\/p>\n<p><span class=\"font-weight-bold\"><strong>Commenti<\/strong>: <\/span>Di gran lunga il miglior software di logistica che abbiamo utilizzato, con un servizio clienti molto utile e competente.<\/p>\n<p class=\"font-weight-bold mb-2\"><strong>Pro<\/strong>:\u00a0Facile da usare, tutte le funzionalit\u00e0 di cui hai bisogno per un servizio di consegna, prezzi migliori rispetto a quelli della concorrenza. Il servizio clienti \u00e8 semplice, amichevole ed estremamente disponibile.<\/p>\n<p class=\"font-weight-bold mb-2\"><strong>Contro<\/strong>:\u00a0Funzionalit\u00e0 extra come l&#8217;integrazione API sono relativamente costose<\/p>\n","protected":false},"excerpt":{"rendered":"<p>GSMtasks \u00e8 una soluzione di gestione della flotta che aiuta le organizzazioni a pianificare percorsi con pi\u00f9 fermate, gestire veicoli aziendali e monitorare i lavoratori in loco. Le caratteristiche principali includono la gestione delle consegne di cibo, l&#8217;analisi dei mezzi, la pianificazione delle attivit\u00e0 e l&#8217;instradamento automatizzato.<\/p>\n","protected":false},"author":16,"featured_media":54474,"parent":54405,"menu_order":0,"comment_status":"open","ping_status":"closed","template":"g1_template_page_review_new.php","meta":{"_acf_changed":false,"cwp_meta_box_check":"No","cwp_rev_product_name":"","cwp_rev_product_image":"","wppr_links":[],"cwp_rev_price":"","wppr_options":[],"wppr_pros":[],"wppr_cons":[],"_monsterinsights_skip_tracking":false,"_monsterinsights_sitenote_active":false,"_monsterinsights_sitenote_note":"","_monsterinsights_sitenote_category":0,"footnotes":""},"categories":[12168],"tags":[12193,12171,12192,12189,12174,12194,12173],"features":[],"class_list":{"0":"post-54473","1":"page","2":"type-page","3":"status-publish","4":"has-post-thumbnail","6":"category-app-cibo-domicilio-cat","7":"tag-app-per-cibo-a-domicilio","8":"tag-cibo-a-domicilio","9":"tag-gsmtasks","10":"tag-piattaforma-cibo-a-domicilio","11":"tag-programma-cibo-a-domicilio","12":"tag-software-cibo-a-dominicilio","13":"tag-soluzione-cibo-a-domicilio"},"wppr_data":{"cwp_meta_box_check":"No"},"acf":[],"yoast_head":"<!-- This site is optimized with the Yoast SEO plugin v27.4 - https:\/\/yoast.com\/product\/yoast-seo-wordpress\/ -->\n<title>GSMtasks: recensione software per cibo a domicilio - Accurate Reviews<\/title>\n<meta name=\"description\" content=\"GSMtasks: recensione soluzione di gestione della flotta che aiuta a pianificare percorsi con pi\u00f9 fermate e organizzare veicoli aziendali.\" \/>\n<meta name=\"robots\" content=\"index, follow, max-snippet:-1, max-image-preview:large, max-video-preview:-1\" \/>\n<link rel=\"canonical\" href=\"https:\/\/www.accuratereviews.com\/it\/app-cibo-domicilio\/gsmtasks-recensione\/\" \/>\n<meta property=\"og:locale\" content=\"it_IT\" \/>\n<meta property=\"og:type\" content=\"article\" \/>\n<meta property=\"og:title\" content=\"GSMtasks: recensione software per cibo a domicilio - Accurate Reviews\" \/>\n<meta property=\"og:description\" content=\"GSMtasks: recensione soluzione di gestione della flotta che aiuta a pianificare percorsi con pi\u00f9 fermate e organizzare veicoli aziendali.\" \/>\n<meta property=\"og:url\" content=\"https:\/\/www.accuratereviews.com\/it\/app-cibo-domicilio\/gsmtasks-recensione\/\" \/>\n<meta property=\"og:site_name\" content=\"Accurate Reviews\" \/>\n<meta property=\"og:image\" content=\"https:\/\/www.accuratereviews.com\/wp-content\/uploads\/2022\/03\/GSMtasks.png\" \/>\n\t<meta property=\"og:image:width\" content=\"600\" \/>\n\t<meta property=\"og:image:height\" content=\"315\" \/>\n\t<meta property=\"og:image:type\" content=\"image\/png\" \/>\n<meta name=\"twitter:card\" content=\"summary_large_image\" \/>\n<meta name=\"twitter:label1\" content=\"Tempo di lettura stimato\" \/>\n\t<meta name=\"twitter:data1\" content=\"4 minuti\" \/>\n<script type=\"application\/ld+json\" class=\"yoast-schema-graph\">{\"@context\":\"https:\\\/\\\/schema.org\",\"@graph\":[{\"@type\":\"WebPage\",\"@id\":\"https:\\\/\\\/www.accuratereviews.com\\\/it\\\/app-cibo-domicilio\\\/gsmtasks-recensione\\\/\",\"url\":\"https:\\\/\\\/www.accuratereviews.com\\\/it\\\/app-cibo-domicilio\\\/gsmtasks-recensione\\\/\",\"name\":\"GSMtasks: recensione software per cibo a domicilio - Accurate Reviews\",\"isPartOf\":{\"@id\":\"https:\\\/\\\/www.accuratereviews.com\\\/it\\\/#website\"},\"primaryImageOfPage\":{\"@id\":\"https:\\\/\\\/www.accuratereviews.com\\\/it\\\/app-cibo-domicilio\\\/gsmtasks-recensione\\\/#primaryimage\"},\"image\":{\"@id\":\"https:\\\/\\\/www.accuratereviews.com\\\/it\\\/app-cibo-domicilio\\\/gsmtasks-recensione\\\/#primaryimage\"},\"thumbnailUrl\":\"https:\\\/\\\/www.accuratereviews.com\\\/wp-content\\\/uploads\\\/2022\\\/03\\\/GSMtasks.png\",\"datePublished\":\"2022-03-03T12:32:42+00:00\",\"description\":\"GSMtasks: recensione soluzione di gestione della flotta che aiuta a pianificare percorsi con pi\u00f9 fermate e organizzare veicoli aziendali.\",\"breadcrumb\":{\"@id\":\"https:\\\/\\\/www.accuratereviews.com\\\/it\\\/app-cibo-domicilio\\\/gsmtasks-recensione\\\/#breadcrumb\"},\"inLanguage\":\"it-IT\",\"potentialAction\":[{\"@type\":\"ReadAction\",\"target\":[\"https:\\\/\\\/www.accuratereviews.com\\\/it\\\/app-cibo-domicilio\\\/gsmtasks-recensione\\\/\"]}]},{\"@type\":\"ImageObject\",\"inLanguage\":\"it-IT\",\"@id\":\"https:\\\/\\\/www.accuratereviews.com\\\/it\\\/app-cibo-domicilio\\\/gsmtasks-recensione\\\/#primaryimage\",\"url\":\"https:\\\/\\\/www.accuratereviews.com\\\/wp-content\\\/uploads\\\/2022\\\/03\\\/GSMtasks.png\",\"contentUrl\":\"https:\\\/\\\/www.accuratereviews.com\\\/wp-content\\\/uploads\\\/2022\\\/03\\\/GSMtasks.png\",\"width\":600,\"height\":315},{\"@type\":\"BreadcrumbList\",\"@id\":\"https:\\\/\\\/www.accuratereviews.com\\\/it\\\/app-cibo-domicilio\\\/gsmtasks-recensione\\\/#breadcrumb\",\"itemListElement\":[{\"@type\":\"ListItem\",\"position\":1,\"name\":\"Home\",\"item\":\"https:\\\/\\\/www.accuratereviews.com\\\/it\\\/\"},{\"@type\":\"ListItem\",\"position\":2,\"name\":\"App per cibo a domicilio\",\"item\":\"https:\\\/\\\/www.accuratereviews.com\\\/it\\\/app-cibo-domicilio\\\/\"},{\"@type\":\"ListItem\",\"position\":3,\"name\":\"GSMtasks\"}]},{\"@type\":\"WebSite\",\"@id\":\"https:\\\/\\\/www.accuratereviews.com\\\/it\\\/#website\",\"url\":\"https:\\\/\\\/www.accuratereviews.com\\\/it\\\/\",\"name\":\"Accurate Reviews\",\"description\":\"\",\"potentialAction\":[{\"@type\":\"SearchAction\",\"target\":{\"@type\":\"EntryPoint\",\"urlTemplate\":\"https:\\\/\\\/www.accuratereviews.com\\\/it\\\/?s={search_term_string}\"},\"query-input\":{\"@type\":\"PropertyValueSpecification\",\"valueRequired\":true,\"valueName\":\"search_term_string\"}}],\"inLanguage\":\"it-IT\"}]}<\/script>\n<!-- \/ Yoast SEO plugin. -->","yoast_head_json":{"title":"GSMtasks: recensione software per cibo a domicilio - Accurate Reviews","description":"GSMtasks: recensione soluzione di gestione della flotta che aiuta a pianificare percorsi con pi\u00f9 fermate e organizzare veicoli aziendali.","robots":{"index":"index","follow":"follow","max-snippet":"max-snippet:-1","max-image-preview":"max-image-preview:large","max-video-preview":"max-video-preview:-1"},"canonical":"https:\/\/www.accuratereviews.com\/it\/app-cibo-domicilio\/gsmtasks-recensione\/","og_locale":"it_IT","og_type":"article","og_title":"GSMtasks: recensione software per cibo a domicilio - Accurate Reviews","og_description":"GSMtasks: recensione soluzione di gestione della flotta che aiuta a pianificare percorsi con pi\u00f9 fermate e organizzare veicoli aziendali.","og_url":"https:\/\/www.accuratereviews.com\/it\/app-cibo-domicilio\/gsmtasks-recensione\/","og_site_name":"Accurate Reviews","og_image":[{"width":600,"height":315,"url":"https:\/\/www.accuratereviews.com\/wp-content\/uploads\/2022\/03\/GSMtasks.png","type":"image\/png"}],"twitter_card":"summary_large_image","twitter_misc":{"Tempo di lettura stimato":"4 minuti"},"schema":{"@context":"https:\/\/schema.org","@graph":[{"@type":"WebPage","@id":"https:\/\/www.accuratereviews.com\/it\/app-cibo-domicilio\/gsmtasks-recensione\/","url":"https:\/\/www.accuratereviews.com\/it\/app-cibo-domicilio\/gsmtasks-recensione\/","name":"GSMtasks: recensione software per cibo a domicilio - Accurate Reviews","isPartOf":{"@id":"https:\/\/www.accuratereviews.com\/it\/#website"},"primaryImageOfPage":{"@id":"https:\/\/www.accuratereviews.com\/it\/app-cibo-domicilio\/gsmtasks-recensione\/#primaryimage"},"image":{"@id":"https:\/\/www.accuratereviews.com\/it\/app-cibo-domicilio\/gsmtasks-recensione\/#primaryimage"},"thumbnailUrl":"https:\/\/www.accuratereviews.com\/wp-content\/uploads\/2022\/03\/GSMtasks.png","datePublished":"2022-03-03T12:32:42+00:00","description":"GSMtasks: recensione soluzione di gestione della flotta che aiuta a pianificare percorsi con pi\u00f9 fermate e organizzare veicoli aziendali.","breadcrumb":{"@id":"https:\/\/www.accuratereviews.com\/it\/app-cibo-domicilio\/gsmtasks-recensione\/#breadcrumb"},"inLanguage":"it-IT","potentialAction":[{"@type":"ReadAction","target":["https:\/\/www.accuratereviews.com\/it\/app-cibo-domicilio\/gsmtasks-recensione\/"]}]},{"@type":"ImageObject","inLanguage":"it-IT","@id":"https:\/\/www.accuratereviews.com\/it\/app-cibo-domicilio\/gsmtasks-recensione\/#primaryimage","url":"https:\/\/www.accuratereviews.com\/wp-content\/uploads\/2022\/03\/GSMtasks.png","contentUrl":"https:\/\/www.accuratereviews.com\/wp-content\/uploads\/2022\/03\/GSMtasks.png","width":600,"height":315},{"@type":"BreadcrumbList","@id":"https:\/\/www.accuratereviews.com\/it\/app-cibo-domicilio\/gsmtasks-recensione\/#breadcrumb","itemListElement":[{"@type":"ListItem","position":1,"name":"Home","item":"https:\/\/www.accuratereviews.com\/it\/"},{"@type":"ListItem","position":2,"name":"App per cibo a domicilio","item":"https:\/\/www.accuratereviews.com\/it\/app-cibo-domicilio\/"},{"@type":"ListItem","position":3,"name":"GSMtasks"}]},{"@type":"WebSite","@id":"https:\/\/www.accuratereviews.com\/it\/#website","url":"https:\/\/www.accuratereviews.com\/it\/","name":"Accurate Reviews","description":"","potentialAction":[{"@type":"SearchAction","target":{"@type":"EntryPoint","urlTemplate":"https:\/\/www.accuratereviews.com\/it\/?s={search_term_string}"},"query-input":{"@type":"PropertyValueSpecification","valueRequired":true,"valueName":"search_term_string"}}],"inLanguage":"it-IT"}]}},"_links":{"self":[{"href":"https:\/\/www.accuratereviews.com\/it\/wp-json\/wp\/v2\/pages\/54473","targetHints":{"allow":["GET"]}}],"collection":[{"href":"https:\/\/www.accuratereviews.com\/it\/wp-json\/wp\/v2\/pages"}],"about":[{"href":"https:\/\/www.accuratereviews.com\/it\/wp-json\/wp\/v2\/types\/page"}],"author":[{"embeddable":true,"href":"https:\/\/www.accuratereviews.com\/it\/wp-json\/wp\/v2\/users\/16"}],"replies":[{"embeddable":true,"href":"https:\/\/www.accuratereviews.com\/it\/wp-json\/wp\/v2\/comments?post=54473"}],"version-history":[{"count":10,"href":"https:\/\/www.accuratereviews.com\/it\/wp-json\/wp\/v2\/pages\/54473\/revisions"}],"predecessor-version":[{"id":54492,"href":"https:\/\/www.accuratereviews.com\/it\/wp-json\/wp\/v2\/pages\/54473\/revisions\/54492"}],"up":[{"embeddable":true,"href":"https:\/\/www.accuratereviews.com\/it\/wp-json\/wp\/v2\/pages\/54405"}],"wp:featuredmedia":[{"embeddable":true,"href":"https:\/\/www.accuratereviews.com\/it\/wp-json\/wp\/v2\/media\/54474"}],"wp:attachment":[{"href":"https:\/\/www.accuratereviews.com\/it\/wp-json\/wp\/v2\/media?parent=54473"}],"wp:term":[{"taxonomy":"category","embeddable":true,"href":"https:\/\/www.accuratereviews.com\/it\/wp-json\/wp\/v2\/categories?post=54473"},{"taxonomy":"post_tag","embeddable":true,"href":"https:\/\/www.accuratereviews.com\/it\/wp-json\/wp\/v2\/tags?post=54473"},{"taxonomy":"features","embeddable":true,"href":"https:\/\/www.accuratereviews.com\/it\/wp-json\/wp\/v2\/features?post=54473"}],"curies":[{"name":"wp","href":"https:\/\/api.w.org\/{rel}","templated":true}]}}