{"id":54517,"date":"2022-03-04T13:31:09","date_gmt":"2022-03-04T13:31:09","guid":{"rendered":"https:\/\/www.accuratereviews.com\/?page_id=54517"},"modified":"2022-03-05T16:41:42","modified_gmt":"2022-03-05T16:41:42","slug":"onfleet-recensione","status":"publish","type":"page","link":"https:\/\/www.accuratereviews.com\/it\/app-cibo-domicilio\/onfleet-recensione\/","title":{"rendered":"Onfleet"},"content":{"rendered":"<p><strong>Onfleet<\/strong> \u00e8 una<strong> soluzione di gestione della flotta<\/strong> basata su <strong>cloud<\/strong> che offre ottimizzazione del percorso, spedizione automatica, analisi delle consegne e comunicazioni con i clienti. Le app iOS e Android forniscono monitoraggio del conducente in tempo reale, prova di consegna, chat e altro ancora. Il software supporta consegne in pi\u00f9 paesi del mondo, in settori che vanno da generi alimentari e pasti pronti a pacchi, mobili, corrieri, farmacie e altro.\u00a0<strong>Onfleet<\/strong> fornisce agli utenti vari filtri e funzionalit\u00e0 di ricerca come testo, tempo o query basate sullo stato per trovare conducenti, clienti e attivit\u00e0 di ritiro\/consegna. La soluzione dispone anche di una piattaforma di comunicazione interna che consente agli utenti di comunicare con i membri del personale e ottenere aggiornamenti in tempo reale su lavori specifici. Viene inoltre fornito un motore di reportistica e analisi personalizzato che consente agli utenti di analizzare varie metriche.<\/p>\n<h2>ONFLEET &#8211; TUTORIAL<\/h2>\n<p>Guardiamo la demo di questa<strong> app per il cibo a domicilio<\/strong>:<\/p>\n<div id=\"fluid-wrapper-counter-1\" class=\"g1-fluid-wrapper \" style=\"width:686px;\">\n<div style=\"padding-bottom:56.268221574344%;\"><iframe loading=\"lazy\" title=\"Onfleet Demo\" width=\"686\" height=\"386\" src=\"https:\/\/www.youtube.com\/embed\/uC4wCJKDr7Y?feature=oembed&amp;wmode=transparent&amp;autohide=1&amp;autoplay=0&amp;disablekb=0&amp;fs=1&amp;loop=0&amp;enablejsapi=1&amp;rel=0&amp;controls=2&amp;showinfo=0&amp;wmode=transparent&amp;autohide=2&amp;autoplay=0&amp;disablekb=0&amp;fs=1&amp;loop=0&amp;enablejsapi=1&amp;rel=0&amp;controls=2&amp;showinfo=1\" frameborder=\"0\" allow=\"accelerometer; autoplay; clipboard-write; encrypted-media; gyroscope; picture-in-picture\" allowfullscreen><\/iframe><\/div>\n<\/div>\n<h3>ONFLEET &#8211; CARATTERISTICHE<\/h3>\n<ul>\n<li><strong>Ottimizzazione del percorso<\/strong>: il motore di ottimizzazione del percorso integrato considera tempo, posizione, capacit\u00e0 e traffico per produrre le soluzioni di percorso pi\u00f9 efficienti. Gli aggiornamenti vengono inviati ai conducenti in tempo reale<\/li>\n<li><strong>Cerca e filtra<\/strong>: concentrati su ci\u00f2 che conta con il filtraggio del tempo, del team e dello stato. Cerca utilizzando query basate su testo, ora o stato per trovare rapidamente autisti, clienti o attivit\u00e0 di ritiro\/consegna<\/li>\n<li><strong>Assegnazione automatica<\/strong>: sfreccia attraverso le assegnazioni on-demand e hot-shot con il potente motore di assegnazione automatica. Riduci i tempi di servizio e i costi di manodopera inviando al conducente giusto al momento giusto<\/li>\n<li><strong>Onboarding senza sforzo<\/strong>: le app native iOS e Android semplici e intuitive con procedure dettagliate interattive rendono estremamente semplice l&#8217;onboarding di nuovi driver<\/li>\n<li><strong>Dati in tempo reale<\/strong>: informazioni sui clienti, dettagli dell&#8217;ordine e navigazione aggiornati al secondo. Evita il traffico utilizzando Google Maps, Apple Maps o Waze<\/li>\n<li><strong>Prova di consegna<\/strong>: applica i requisiti di completamento attraverso la raccolta in-app di foto, firme, codici a barre e note<\/li>\n<li><strong>Analizza e migliora<\/strong>: promuovi la produttivit\u00e0 e la responsabilit\u00e0 con una cronologia dettagliata delle attivit\u00e0 e metriche complete sulle prestazioni del conducente<\/li>\n<li><strong>Prova di consegna:<\/strong> foto, firme e codici a barre raccolti sul campo rendono la verifica di ogni consegna un gioco da ragazzi<\/li>\n<li><strong>Aggiornamenti automatici dello stato<\/strong>: fai sapere ai clienti quando \u00e8 iniziata una consegna, quando dovrebbe essere prevista e quando arriva con notifiche sms automatiche<\/li>\n<li><strong>Monitoraggio del conducente in tempo reale<\/strong>: fornisci le posizioni dei conducenti in tempo reale con ETA accurati in un&#8217;esperienza di tracciamento web bella, personalizzata e reattiva<\/li>\n<li><strong>Comunicazione integrata con il cliente<\/strong>: consenti ai clienti di chiamare o inviare messaggi al proprio autista, spedizioniere o call center con un solo tocco. Le chiamate possono essere rese anonime per salvaguardare i dati dei clienti.<\/li>\n<\/ul>\n<h4>LE RECENSIONI DEGLI UTENTI<\/h4>\n<p class=\"font-weight-bold mb-2\"><strong>Ashli R.&#8221;Supera la semplicit\u00e0 che i concorrenti non fanno!&#8221;<\/strong><\/p>\n<p><span class=\"font-weight-bold\"><strong>Commenti<\/strong>: <\/span>In qualit\u00e0 di azienda di distribuzione, \u00e8 estremamente importante tenere traccia della flotta e dei conducenti, instradare pi\u00f9 consegne e programmare i percorsi pi\u00f9 efficienti poich\u00e9 stiamo trasportando prodotti costosi che devono essere lasciati a basse temperature.<br \/>\nSiamo in grado di tracciare tutti i nostri dipendenti e altro con OnFleet e fornire etas esatti ai marchi che ci procurano le consegne programmate.<br \/>\nLa migliore piattaforma di consegna semplice sul mercato.<\/p>\n<p class=\"font-weight-bold mb-2\"><strong>Pro<\/strong>:\u00a0Adoro la semplicit\u00e0 che offre questa piattaforma. Routing ottimizzato e possibilit\u00e0 di vedere dove si trovano la nostra flotta\/autisti in tempo reale. L&#8217;ultima caratteristica che \u00e8 molto utile \u00e8 il messaggio di testo eta.<\/p>\n<p class=\"font-weight-bold mb-2\"><strong>Contro<\/strong>:\u00a0Mi \u00e8 piaciuto meno il prezzo, insieme al modo in cui la pianificazione si imposta automaticamente. Sembra un po&#8217; ridondante, ma fa comunque il suo dovere.<\/p>\n<p class=\"font-weight-bold mb-2\"><strong>Ambryn J.&#8221;Il miglior software sul mercato!&#8221;<\/strong><\/p>\n<p><span class=\"font-weight-bold\"><strong>Commenti<\/strong>: <\/span>Abbiamo avuto la possibilit\u00e0 di passare a un software driver gratuito con il nostro sistema POS pi\u00f9 recente. Abbiamo scelto di restare con OnFleet perch\u00e9 \u00e8 cos\u00ec facile da usare che non possiamo immaginare che nessun altro software sia superiore.<\/p>\n<p class=\"font-weight-bold mb-2\"><strong>Pro<\/strong>:\u00a0Adoro la facilit\u00e0 d&#8217;uso, il monitoraggio delle informazioni per i clienti, il monitoraggio dei conducenti e cos\u00ec via. Non paghiamo per l&#8217;ottimizzazione del percorso, ma sono sicuro che sarebbe incredibile.<\/p>\n<p class=\"font-weight-bold mb-2\"><strong>Contro<\/strong>:\u00a0Abbiamo indirizzi non &#8220;registrati&#8221; nel sistema, quindi dobbiamo trovare la longitudine e la latitudine abbastanza spesso. Anche il riempimento automatico dei numeri di telefono si intromette, poich\u00e9 le persone ordinano sempre regali per oltre 10 persone.<\/p>\n<p class=\"font-weight-bold mb-2\"><strong>Seth H.&#8221;Ottimo strumento!&#8221;<\/strong><\/p>\n<p><span class=\"font-weight-bold\"><strong>Commenti<\/strong>: <\/span>Molto buona<\/p>\n<p class=\"font-weight-bold mb-2\"><strong>Pro<\/strong>:\u00a0Facile da configurare, facile da usare. Fornisce una vasta gamma di funzionalit\u00e0 in un design elegante<\/p>\n<p class=\"font-weight-bold mb-2\"><strong>Contro<\/strong>:\u00a0L&#8217;aggiunta di piloti e l&#8217;assegnazione ai team pu\u00f2 essere un processo lungo<\/p>\n","protected":false},"excerpt":{"rendered":"<p>Onfleet \u00e8 una soluzione di gestione della flotta basata su cloud che offre ottimizzazione del percorso, spedizione automatica, analisi delle consegne e comunicazioni con i clienti. Le app iOS e Android forniscono monitoraggio del conducente in tempo reale, prova di consegna, chat e altro ancora. Il software supporta consegne in pi\u00f9 paesi del mondo, in settori che vanno da generi alimentari e pasti pronti a pacchi, mobili, corrieri, farmacie e altro.\u00a0<\/p>\n","protected":false},"author":16,"featured_media":54523,"parent":54405,"menu_order":0,"comment_status":"open","ping_status":"closed","template":"g1_template_page_review_new.php","meta":{"_acf_changed":false,"cwp_meta_box_check":"No","cwp_rev_product_name":"","cwp_rev_product_image":"","wppr_links":[],"cwp_rev_price":"","wppr_options":[],"wppr_pros":[],"wppr_cons":[],"_monsterinsights_skip_tracking":false,"_monsterinsights_sitenote_active":false,"_monsterinsights_sitenote_note":"","_monsterinsights_sitenote_category":0,"footnotes":""},"categories":[12168],"tags":[12193,12171,12201,12189,12174,12172,12173],"features":[],"class_list":{"0":"post-54517","1":"page","2":"type-page","3":"status-publish","4":"has-post-thumbnail","6":"category-app-cibo-domicilio-cat","7":"tag-app-per-cibo-a-domicilio","8":"tag-cibo-a-domicilio","9":"tag-onfleet","10":"tag-piattaforma-cibo-a-domicilio","11":"tag-programma-cibo-a-domicilio","12":"tag-software-cibo-a-domicilio","13":"tag-soluzione-cibo-a-domicilio"},"wppr_data":{"cwp_meta_box_check":"No"},"acf":[],"yoast_head":"<!-- This site is optimized with the Yoast SEO plugin v27.4 - https:\/\/yoast.com\/product\/yoast-seo-wordpress\/ -->\n<title>Onfleet: recensione app per cibo a domicilio - Accurate Reviews<\/title>\n<meta name=\"description\" content=\"Onfleet: recensione soluzione di gestione della flotta basata su cloud che offre ottimizzazione del percorso, spedizione automatica e analisi consegne\" \/>\n<meta name=\"robots\" content=\"index, follow, max-snippet:-1, max-image-preview:large, max-video-preview:-1\" \/>\n<link rel=\"canonical\" href=\"https:\/\/www.accuratereviews.com\/it\/app-cibo-domicilio\/onfleet-recensione\/\" \/>\n<meta property=\"og:locale\" content=\"it_IT\" \/>\n<meta property=\"og:type\" content=\"article\" \/>\n<meta property=\"og:title\" content=\"Onfleet: recensione app per cibo a domicilio - Accurate Reviews\" \/>\n<meta property=\"og:description\" content=\"Onfleet: recensione soluzione di gestione della flotta basata su cloud che offre ottimizzazione del percorso, spedizione automatica e analisi consegne\" \/>\n<meta property=\"og:url\" content=\"https:\/\/www.accuratereviews.com\/it\/app-cibo-domicilio\/onfleet-recensione\/\" \/>\n<meta property=\"og:site_name\" content=\"Accurate Reviews\" \/>\n<meta property=\"article:modified_time\" content=\"2022-03-05T16:41:42+00:00\" \/>\n<meta property=\"og:image\" content=\"https:\/\/www.accuratereviews.com\/wp-content\/uploads\/2022\/03\/Onfleet.png\" \/>\n\t<meta property=\"og:image:width\" content=\"225\" \/>\n\t<meta property=\"og:image:height\" content=\"225\" \/>\n\t<meta property=\"og:image:type\" content=\"image\/png\" \/>\n<meta name=\"twitter:card\" content=\"summary_large_image\" \/>\n<meta name=\"twitter:label1\" content=\"Tempo di lettura stimato\" \/>\n\t<meta name=\"twitter:data1\" content=\"5 minuti\" \/>\n<script type=\"application\/ld+json\" class=\"yoast-schema-graph\">{\"@context\":\"https:\\\/\\\/schema.org\",\"@graph\":[{\"@type\":\"WebPage\",\"@id\":\"https:\\\/\\\/www.accuratereviews.com\\\/it\\\/app-cibo-domicilio\\\/onfleet-recensione\\\/\",\"url\":\"https:\\\/\\\/www.accuratereviews.com\\\/it\\\/app-cibo-domicilio\\\/onfleet-recensione\\\/\",\"name\":\"Onfleet: recensione app per cibo a domicilio - Accurate Reviews\",\"isPartOf\":{\"@id\":\"https:\\\/\\\/www.accuratereviews.com\\\/it\\\/#website\"},\"primaryImageOfPage\":{\"@id\":\"https:\\\/\\\/www.accuratereviews.com\\\/it\\\/app-cibo-domicilio\\\/onfleet-recensione\\\/#primaryimage\"},\"image\":{\"@id\":\"https:\\\/\\\/www.accuratereviews.com\\\/it\\\/app-cibo-domicilio\\\/onfleet-recensione\\\/#primaryimage\"},\"thumbnailUrl\":\"https:\\\/\\\/www.accuratereviews.com\\\/wp-content\\\/uploads\\\/2022\\\/03\\\/Onfleet.png\",\"datePublished\":\"2022-03-04T13:31:09+00:00\",\"dateModified\":\"2022-03-05T16:41:42+00:00\",\"description\":\"Onfleet: recensione soluzione di gestione della flotta basata su cloud che offre ottimizzazione del percorso, spedizione automatica e analisi consegne\",\"breadcrumb\":{\"@id\":\"https:\\\/\\\/www.accuratereviews.com\\\/it\\\/app-cibo-domicilio\\\/onfleet-recensione\\\/#breadcrumb\"},\"inLanguage\":\"it-IT\",\"potentialAction\":[{\"@type\":\"ReadAction\",\"target\":[\"https:\\\/\\\/www.accuratereviews.com\\\/it\\\/app-cibo-domicilio\\\/onfleet-recensione\\\/\"]}]},{\"@type\":\"ImageObject\",\"inLanguage\":\"it-IT\",\"@id\":\"https:\\\/\\\/www.accuratereviews.com\\\/it\\\/app-cibo-domicilio\\\/onfleet-recensione\\\/#primaryimage\",\"url\":\"https:\\\/\\\/www.accuratereviews.com\\\/wp-content\\\/uploads\\\/2022\\\/03\\\/Onfleet.png\",\"contentUrl\":\"https:\\\/\\\/www.accuratereviews.com\\\/wp-content\\\/uploads\\\/2022\\\/03\\\/Onfleet.png\",\"width\":225,\"height\":225},{\"@type\":\"BreadcrumbList\",\"@id\":\"https:\\\/\\\/www.accuratereviews.com\\\/it\\\/app-cibo-domicilio\\\/onfleet-recensione\\\/#breadcrumb\",\"itemListElement\":[{\"@type\":\"ListItem\",\"position\":1,\"name\":\"Home\",\"item\":\"https:\\\/\\\/www.accuratereviews.com\\\/it\\\/\"},{\"@type\":\"ListItem\",\"position\":2,\"name\":\"App per cibo a domicilio\",\"item\":\"https:\\\/\\\/www.accuratereviews.com\\\/it\\\/app-cibo-domicilio\\\/\"},{\"@type\":\"ListItem\",\"position\":3,\"name\":\"Onfleet\"}]},{\"@type\":\"WebSite\",\"@id\":\"https:\\\/\\\/www.accuratereviews.com\\\/it\\\/#website\",\"url\":\"https:\\\/\\\/www.accuratereviews.com\\\/it\\\/\",\"name\":\"Accurate Reviews\",\"description\":\"\",\"potentialAction\":[{\"@type\":\"SearchAction\",\"target\":{\"@type\":\"EntryPoint\",\"urlTemplate\":\"https:\\\/\\\/www.accuratereviews.com\\\/it\\\/?s={search_term_string}\"},\"query-input\":{\"@type\":\"PropertyValueSpecification\",\"valueRequired\":true,\"valueName\":\"search_term_string\"}}],\"inLanguage\":\"it-IT\"}]}<\/script>\n<!-- \/ Yoast SEO plugin. -->","yoast_head_json":{"title":"Onfleet: recensione app per cibo a domicilio - Accurate Reviews","description":"Onfleet: recensione soluzione di gestione della flotta basata su cloud che offre ottimizzazione del percorso, spedizione automatica e analisi consegne","robots":{"index":"index","follow":"follow","max-snippet":"max-snippet:-1","max-image-preview":"max-image-preview:large","max-video-preview":"max-video-preview:-1"},"canonical":"https:\/\/www.accuratereviews.com\/it\/app-cibo-domicilio\/onfleet-recensione\/","og_locale":"it_IT","og_type":"article","og_title":"Onfleet: recensione app per cibo a domicilio - Accurate Reviews","og_description":"Onfleet: recensione soluzione di gestione della flotta basata su cloud che offre ottimizzazione del percorso, spedizione automatica e analisi consegne","og_url":"https:\/\/www.accuratereviews.com\/it\/app-cibo-domicilio\/onfleet-recensione\/","og_site_name":"Accurate Reviews","article_modified_time":"2022-03-05T16:41:42+00:00","og_image":[{"width":225,"height":225,"url":"https:\/\/www.accuratereviews.com\/wp-content\/uploads\/2022\/03\/Onfleet.png","type":"image\/png"}],"twitter_card":"summary_large_image","twitter_misc":{"Tempo di lettura stimato":"5 minuti"},"schema":{"@context":"https:\/\/schema.org","@graph":[{"@type":"WebPage","@id":"https:\/\/www.accuratereviews.com\/it\/app-cibo-domicilio\/onfleet-recensione\/","url":"https:\/\/www.accuratereviews.com\/it\/app-cibo-domicilio\/onfleet-recensione\/","name":"Onfleet: recensione app per cibo a domicilio - Accurate Reviews","isPartOf":{"@id":"https:\/\/www.accuratereviews.com\/it\/#website"},"primaryImageOfPage":{"@id":"https:\/\/www.accuratereviews.com\/it\/app-cibo-domicilio\/onfleet-recensione\/#primaryimage"},"image":{"@id":"https:\/\/www.accuratereviews.com\/it\/app-cibo-domicilio\/onfleet-recensione\/#primaryimage"},"thumbnailUrl":"https:\/\/www.accuratereviews.com\/wp-content\/uploads\/2022\/03\/Onfleet.png","datePublished":"2022-03-04T13:31:09+00:00","dateModified":"2022-03-05T16:41:42+00:00","description":"Onfleet: recensione soluzione di gestione della flotta basata su cloud che offre ottimizzazione del percorso, spedizione automatica e analisi consegne","breadcrumb":{"@id":"https:\/\/www.accuratereviews.com\/it\/app-cibo-domicilio\/onfleet-recensione\/#breadcrumb"},"inLanguage":"it-IT","potentialAction":[{"@type":"ReadAction","target":["https:\/\/www.accuratereviews.com\/it\/app-cibo-domicilio\/onfleet-recensione\/"]}]},{"@type":"ImageObject","inLanguage":"it-IT","@id":"https:\/\/www.accuratereviews.com\/it\/app-cibo-domicilio\/onfleet-recensione\/#primaryimage","url":"https:\/\/www.accuratereviews.com\/wp-content\/uploads\/2022\/03\/Onfleet.png","contentUrl":"https:\/\/www.accuratereviews.com\/wp-content\/uploads\/2022\/03\/Onfleet.png","width":225,"height":225},{"@type":"BreadcrumbList","@id":"https:\/\/www.accuratereviews.com\/it\/app-cibo-domicilio\/onfleet-recensione\/#breadcrumb","itemListElement":[{"@type":"ListItem","position":1,"name":"Home","item":"https:\/\/www.accuratereviews.com\/it\/"},{"@type":"ListItem","position":2,"name":"App per cibo a domicilio","item":"https:\/\/www.accuratereviews.com\/it\/app-cibo-domicilio\/"},{"@type":"ListItem","position":3,"name":"Onfleet"}]},{"@type":"WebSite","@id":"https:\/\/www.accuratereviews.com\/it\/#website","url":"https:\/\/www.accuratereviews.com\/it\/","name":"Accurate Reviews","description":"","potentialAction":[{"@type":"SearchAction","target":{"@type":"EntryPoint","urlTemplate":"https:\/\/www.accuratereviews.com\/it\/?s={search_term_string}"},"query-input":{"@type":"PropertyValueSpecification","valueRequired":true,"valueName":"search_term_string"}}],"inLanguage":"it-IT"}]}},"_links":{"self":[{"href":"https:\/\/www.accuratereviews.com\/it\/wp-json\/wp\/v2\/pages\/54517","targetHints":{"allow":["GET"]}}],"collection":[{"href":"https:\/\/www.accuratereviews.com\/it\/wp-json\/wp\/v2\/pages"}],"about":[{"href":"https:\/\/www.accuratereviews.com\/it\/wp-json\/wp\/v2\/types\/page"}],"author":[{"embeddable":true,"href":"https:\/\/www.accuratereviews.com\/it\/wp-json\/wp\/v2\/users\/16"}],"replies":[{"embeddable":true,"href":"https:\/\/www.accuratereviews.com\/it\/wp-json\/wp\/v2\/comments?post=54517"}],"version-history":[{"count":7,"href":"https:\/\/www.accuratereviews.com\/it\/wp-json\/wp\/v2\/pages\/54517\/revisions"}],"predecessor-version":[{"id":54566,"href":"https:\/\/www.accuratereviews.com\/it\/wp-json\/wp\/v2\/pages\/54517\/revisions\/54566"}],"up":[{"embeddable":true,"href":"https:\/\/www.accuratereviews.com\/it\/wp-json\/wp\/v2\/pages\/54405"}],"wp:featuredmedia":[{"embeddable":true,"href":"https:\/\/www.accuratereviews.com\/it\/wp-json\/wp\/v2\/media\/54523"}],"wp:attachment":[{"href":"https:\/\/www.accuratereviews.com\/it\/wp-json\/wp\/v2\/media?parent=54517"}],"wp:term":[{"taxonomy":"category","embeddable":true,"href":"https:\/\/www.accuratereviews.com\/it\/wp-json\/wp\/v2\/categories?post=54517"},{"taxonomy":"post_tag","embeddable":true,"href":"https:\/\/www.accuratereviews.com\/it\/wp-json\/wp\/v2\/tags?post=54517"},{"taxonomy":"features","embeddable":true,"href":"https:\/\/www.accuratereviews.com\/it\/wp-json\/wp\/v2\/features?post=54517"}],"curies":[{"name":"wp","href":"https:\/\/api.w.org\/{rel}","templated":true}]}}