{"id":54529,"date":"2022-03-04T13:32:40","date_gmt":"2022-03-04T13:32:40","guid":{"rendered":"https:\/\/www.accuratereviews.com\/?page_id=54529"},"modified":"2022-03-04T13:32:40","modified_gmt":"2022-03-04T13:32:40","slug":"deliverart-recensione","status":"publish","type":"page","link":"https:\/\/www.accuratereviews.com\/it\/app-cibo-domicilio\/deliverart-recensione\/","title":{"rendered":"Deliverart"},"content":{"rendered":"<p><strong>Deliverart<\/strong> \u00e8 un <strong>software di gestione delle consegne di cibo<\/strong> pensato per tutti i ristoratori. La soluzione aiuta le aziende a coordinare tutto come ordini, cucina e corrieri in modo semplice. Tutti gli ordini verranno visualizzati su un&#8217;unica dashboard. All&#8217;arrivo di un ordine, il software si occuper\u00e0 degli orari, dei tempi di preparazione e uscita, della logistica e delle modalit\u00e0 di consegna. Inoltre, il programma \u00e8 dotato di applicazioni per i dispositivi mobili sia per Android che per iSO. In definitiva questo software \u00e8 un modo facile e sicuro per organizzare tutti gli aspetti delle consegne del tuo ristorante.<\/p>\n<h2>DELIVERART &#8211; TUTORIAL<\/h2>\n<p>Ecco una breve panoramica su questa <strong>applicazione per il cibo a domicilio<\/strong>:<\/p>\n<div id=\"fluid-wrapper-counter-1\" class=\"g1-fluid-wrapper \" style=\"width:686px;\">\n<div style=\"padding-bottom:56.268221574344%;\"><iframe loading=\"lazy\" title=\"Deliverart - Il software gestionale per il food delivery\" width=\"686\" height=\"386\" src=\"https:\/\/www.youtube.com\/embed\/80AkFZVOYLo?feature=oembed&amp;wmode=transparent&amp;autohide=1&amp;autoplay=0&amp;disablekb=0&amp;fs=1&amp;loop=0&amp;enablejsapi=1&amp;rel=0&amp;controls=2&amp;showinfo=0&amp;wmode=transparent&amp;autohide=2&amp;autoplay=0&amp;disablekb=0&amp;fs=1&amp;loop=0&amp;enablejsapi=1&amp;rel=0&amp;controls=2&amp;showinfo=1\" frameborder=\"0\" allow=\"accelerometer; autoplay; clipboard-write; encrypted-media; gyroscope; picture-in-picture\" allowfullscreen><\/iframe><\/div>\n<\/div>\n<h3>DELIVERART &#8211; CARATTERISTICHE<\/h3>\n<ul>\n<li>Unisci tutti gli ordini che arrivano da sito web, app, telefono e piattaforme di delivery in un\u2019unica piattaforma<\/li>\n<li>La soluzione suggerisce l\u2019orario migliore in base al tuo carico di lavoro e crea il percorso pi\u00f9 veloce per la consegna<\/li>\n<li>Tieni tutto sotto controllo con gli strumenti della dashboard: dalle statistiche in real-time, al tracciamento della consegna e aggiornamenti sugli ordini<\/li>\n<li>Semplifica il lavoro dei tuoi corrieri con l\u2019APP dedicata. Ottimizza le rotte grazie ad un algoritmo intelligente e ti permette di organizzare i loro turni con un clic<\/li>\n<li>Statistiche, storico ordini, performance dei corrieri, prodotti pi\u00f9 venduti, clienti pi\u00f9 affezionati e tanto ancora<\/li>\n<li>La cucina terr\u00e0 sotto controllo gli ordini da preparare e l\u2019orario d\u2019uscita delle comande,\u00a0 coordinandosi facilmente con i corrieri.<\/li>\n<li>Grazie al gestionale, avrai il tuo ecommerce online che propone ai clienti solo gli orari in cui puoi effettivamente consegnare.<\/li>\n<\/ul>\n<h4>LE RECENSIONI DEGLI UTENTI<\/h4>\n<p class=\"font-weight-bold mb-2\"><strong>Daniele P &#8220;Risoluzione nella gestione della consegna a domicilio&#8221;<\/strong><\/p>\n<p><span class=\"font-weight-bold\"><strong>Commenti<\/strong>: <\/span>Il punto estremamente forte \u00e8 L assistenza.Disponibilit\u00e0 7\/7 con estrema flessibilit\u00e0 e professionalit\u00e0 risoluzione dei problemi tempestiva!\u00a0Completezza del servizio<\/p>\n<p class=\"font-weight-bold mb-2\"><strong>Pro<\/strong>:\u00a0Il software \u00e8 completo ! A differenza di molti competitor racchiude tutte le funzionalit\u00e0 necessarie per poter affrontare il lavoro del Delivery<\/p>\n<p class=\"font-weight-bold mb-2\"><strong>Contro<\/strong>:\u00a0Il software come tutti i software presenti nel mercato potrebbe essere implementato con altre funzionalit\u00e0 Inerenti al mondo della ristorazione . Ma nel contempo fa al 100% ci\u00f2 per cui \u00e8 venduto<\/p>\n<p class=\"font-weight-bold mb-2\"><strong>Anna M.&#8221;Deliverart &#8211; recensione gestionale&#8221;<\/strong><\/p>\n<p><span class=\"font-weight-bold\"><strong>Commenti<\/strong>: <\/span>Nel complesso mi sono trovata molto bene, il software \u00e8 semplice da usare e ricco di funzionalit\u00e0, l&#8217;assistenza clienti \u00e8 eccezionale.<\/p>\n<p class=\"font-weight-bold mb-2\"><strong>Pro<\/strong>:\u00a0Per noi sono molto importanti l&#8217;integrazione con woocommerce per poter ricevere gli ordini direttamente dal sito web e quella con fattura24 che mi permette di gestire agevolmente tutta la parte riguardante la fatturazione e le anagrafiche aziendali<\/p>\n<p class=\"font-weight-bold mb-2\"><strong>Contro<\/strong>:\u00a0Vorrei poter duplicare un ordine gi\u00e0 inserito, e mi farebbe comodo avere delle statistiche ancora pi\u00f9 dettagliate di quelle che gi\u00e0 sono presenti nell&#8217;applicativo<\/p>\n<p class=\"font-weight-bold mb-2\"><strong>Vittoria C.&#8221;Servizio Ottimo!&#8221;<\/strong><\/p>\n<p><span class=\"font-weight-bold\"><strong>Commenti<\/strong>: <\/span>Sicuramente ha facilitato di molto la procedura dell&#8217;inserimento manuale degli ordini e il vantaggio del collegamento diretto con il nostro sito web ci permette di ricevre molti pi\u00f9 ordini soprattto da parte di privati direttamente online.<\/p>\n<p class=\"font-weight-bold mb-2\"><strong>Pro<\/strong>:\u00a0L&#8217;inserimento dei prodotti \u00e8 semplice e intuitivo, facilita moltissimo l&#8217;inserimento degli ordini, la memorizzazione dei nuovi clienti \u00e8 molto facile.<\/p>\n<p class=\"font-weight-bold mb-2\"><strong>Contro<\/strong>:\u00a0Il sistema di ricerca ordini o ricerca clienti \u00e8 un po&#8217; macchinoso e a volte abbiamo difficolt\u00e0 a reperire contatti o ordini nello storico.<\/p>\n","protected":false},"excerpt":{"rendered":"<p>Deliverart \u00e8 un software di gestione delle consegne di cibo pensato per tutti i ristoratori. La soluzione aiuta le aziende a coordinare tutto come ordini, cucina e corrieri in modo semplice. Tutti gli ordini verranno visualizzati su un&#8217;unica dashboard.\u00a0All&#8217;arrivo di un ordine, il software si occuper\u00e0 degli orari, dei tempi di preparazione e uscita, della logistica e delle modalit\u00e0 di consegna.<\/p>\n","protected":false},"author":16,"featured_media":54530,"parent":54405,"menu_order":0,"comment_status":"open","ping_status":"closed","template":"g1_template_page_review_new.php","meta":{"_acf_changed":false,"cwp_meta_box_check":"No","cwp_rev_product_name":"","cwp_rev_product_image":"","wppr_links":[],"cwp_rev_price":"","wppr_options":[],"wppr_pros":[],"wppr_cons":[],"_monsterinsights_skip_tracking":false,"_monsterinsights_sitenote_active":false,"_monsterinsights_sitenote_note":"","_monsterinsights_sitenote_category":0,"footnotes":""},"categories":[12168],"tags":[12170,12171,12200,12189,12174,12172,12173],"features":[],"class_list":{"0":"post-54529","1":"page","2":"type-page","3":"status-publish","4":"has-post-thumbnail","6":"category-app-cibo-domicilio-cat","7":"tag-app-cibo-a-domicilio","8":"tag-cibo-a-domicilio","9":"tag-deliverart","10":"tag-piattaforma-cibo-a-domicilio","11":"tag-programma-cibo-a-domicilio","12":"tag-software-cibo-a-domicilio","13":"tag-soluzione-cibo-a-domicilio"},"wppr_data":{"cwp_meta_box_check":"No"},"acf":[],"yoast_head":"<!-- This site is optimized with the Yoast SEO plugin v27.4 - https:\/\/yoast.com\/product\/yoast-seo-wordpress\/ -->\n<title>Deliverart: recensione software per cibo a domicilio - Accurate Reviews<\/title>\n<meta name=\"description\" content=\"Deliverart: recensione software di gestione delle consegne di cibo pensato per tutti i ristoratori di qualsiasi dimensione.\" \/>\n<meta name=\"robots\" content=\"index, follow, max-snippet:-1, max-image-preview:large, max-video-preview:-1\" \/>\n<link rel=\"canonical\" href=\"https:\/\/www.accuratereviews.com\/it\/app-cibo-domicilio\/deliverart-recensione\/\" \/>\n<meta property=\"og:locale\" content=\"it_IT\" \/>\n<meta property=\"og:type\" content=\"article\" \/>\n<meta property=\"og:title\" content=\"Deliverart: recensione software per cibo a domicilio - Accurate Reviews\" \/>\n<meta property=\"og:description\" content=\"Deliverart: recensione software di gestione delle consegne di cibo pensato per tutti i ristoratori di qualsiasi dimensione.\" \/>\n<meta property=\"og:url\" content=\"https:\/\/www.accuratereviews.com\/it\/app-cibo-domicilio\/deliverart-recensione\/\" \/>\n<meta property=\"og:site_name\" content=\"Accurate Reviews\" \/>\n<meta property=\"og:image\" content=\"https:\/\/www.accuratereviews.com\/wp-content\/uploads\/2022\/03\/Logo-Deliverart-2020.png\" \/>\n\t<meta property=\"og:image:width\" content=\"940\" \/>\n\t<meta property=\"og:image:height\" content=\"788\" \/>\n\t<meta property=\"og:image:type\" content=\"image\/png\" \/>\n<meta name=\"twitter:card\" content=\"summary_large_image\" \/>\n<meta name=\"twitter:label1\" content=\"Tempo di lettura stimato\" \/>\n\t<meta name=\"twitter:data1\" content=\"3 minuti\" \/>\n<script type=\"application\/ld+json\" class=\"yoast-schema-graph\">{\"@context\":\"https:\\\/\\\/schema.org\",\"@graph\":[{\"@type\":\"WebPage\",\"@id\":\"https:\\\/\\\/www.accuratereviews.com\\\/it\\\/app-cibo-domicilio\\\/deliverart-recensione\\\/\",\"url\":\"https:\\\/\\\/www.accuratereviews.com\\\/it\\\/app-cibo-domicilio\\\/deliverart-recensione\\\/\",\"name\":\"Deliverart: recensione software per cibo a domicilio - Accurate Reviews\",\"isPartOf\":{\"@id\":\"https:\\\/\\\/www.accuratereviews.com\\\/it\\\/#website\"},\"primaryImageOfPage\":{\"@id\":\"https:\\\/\\\/www.accuratereviews.com\\\/it\\\/app-cibo-domicilio\\\/deliverart-recensione\\\/#primaryimage\"},\"image\":{\"@id\":\"https:\\\/\\\/www.accuratereviews.com\\\/it\\\/app-cibo-domicilio\\\/deliverart-recensione\\\/#primaryimage\"},\"thumbnailUrl\":\"https:\\\/\\\/www.accuratereviews.com\\\/wp-content\\\/uploads\\\/2022\\\/03\\\/Logo-Deliverart-2020.png\",\"datePublished\":\"2022-03-04T13:32:40+00:00\",\"description\":\"Deliverart: recensione software di gestione delle consegne di cibo pensato per tutti i ristoratori di qualsiasi dimensione.\",\"breadcrumb\":{\"@id\":\"https:\\\/\\\/www.accuratereviews.com\\\/it\\\/app-cibo-domicilio\\\/deliverart-recensione\\\/#breadcrumb\"},\"inLanguage\":\"it-IT\",\"potentialAction\":[{\"@type\":\"ReadAction\",\"target\":[\"https:\\\/\\\/www.accuratereviews.com\\\/it\\\/app-cibo-domicilio\\\/deliverart-recensione\\\/\"]}]},{\"@type\":\"ImageObject\",\"inLanguage\":\"it-IT\",\"@id\":\"https:\\\/\\\/www.accuratereviews.com\\\/it\\\/app-cibo-domicilio\\\/deliverart-recensione\\\/#primaryimage\",\"url\":\"https:\\\/\\\/www.accuratereviews.com\\\/wp-content\\\/uploads\\\/2022\\\/03\\\/Logo-Deliverart-2020.png\",\"contentUrl\":\"https:\\\/\\\/www.accuratereviews.com\\\/wp-content\\\/uploads\\\/2022\\\/03\\\/Logo-Deliverart-2020.png\",\"width\":940,\"height\":788},{\"@type\":\"BreadcrumbList\",\"@id\":\"https:\\\/\\\/www.accuratereviews.com\\\/it\\\/app-cibo-domicilio\\\/deliverart-recensione\\\/#breadcrumb\",\"itemListElement\":[{\"@type\":\"ListItem\",\"position\":1,\"name\":\"Home\",\"item\":\"https:\\\/\\\/www.accuratereviews.com\\\/it\\\/\"},{\"@type\":\"ListItem\",\"position\":2,\"name\":\"App per cibo a domicilio\",\"item\":\"https:\\\/\\\/www.accuratereviews.com\\\/it\\\/app-cibo-domicilio\\\/\"},{\"@type\":\"ListItem\",\"position\":3,\"name\":\"Deliverart\"}]},{\"@type\":\"WebSite\",\"@id\":\"https:\\\/\\\/www.accuratereviews.com\\\/it\\\/#website\",\"url\":\"https:\\\/\\\/www.accuratereviews.com\\\/it\\\/\",\"name\":\"Accurate Reviews\",\"description\":\"\",\"potentialAction\":[{\"@type\":\"SearchAction\",\"target\":{\"@type\":\"EntryPoint\",\"urlTemplate\":\"https:\\\/\\\/www.accuratereviews.com\\\/it\\\/?s={search_term_string}\"},\"query-input\":{\"@type\":\"PropertyValueSpecification\",\"valueRequired\":true,\"valueName\":\"search_term_string\"}}],\"inLanguage\":\"it-IT\"}]}<\/script>\n<!-- \/ Yoast SEO plugin. -->","yoast_head_json":{"title":"Deliverart: recensione software per cibo a domicilio - Accurate Reviews","description":"Deliverart: recensione software di gestione delle consegne di cibo pensato per tutti i ristoratori di qualsiasi dimensione.","robots":{"index":"index","follow":"follow","max-snippet":"max-snippet:-1","max-image-preview":"max-image-preview:large","max-video-preview":"max-video-preview:-1"},"canonical":"https:\/\/www.accuratereviews.com\/it\/app-cibo-domicilio\/deliverart-recensione\/","og_locale":"it_IT","og_type":"article","og_title":"Deliverart: recensione software per cibo a domicilio - Accurate Reviews","og_description":"Deliverart: recensione software di gestione delle consegne di cibo pensato per tutti i ristoratori di qualsiasi dimensione.","og_url":"https:\/\/www.accuratereviews.com\/it\/app-cibo-domicilio\/deliverart-recensione\/","og_site_name":"Accurate Reviews","og_image":[{"width":940,"height":788,"url":"https:\/\/www.accuratereviews.com\/wp-content\/uploads\/2022\/03\/Logo-Deliverart-2020.png","type":"image\/png"}],"twitter_card":"summary_large_image","twitter_misc":{"Tempo di lettura stimato":"3 minuti"},"schema":{"@context":"https:\/\/schema.org","@graph":[{"@type":"WebPage","@id":"https:\/\/www.accuratereviews.com\/it\/app-cibo-domicilio\/deliverart-recensione\/","url":"https:\/\/www.accuratereviews.com\/it\/app-cibo-domicilio\/deliverart-recensione\/","name":"Deliverart: recensione software per cibo a domicilio - Accurate Reviews","isPartOf":{"@id":"https:\/\/www.accuratereviews.com\/it\/#website"},"primaryImageOfPage":{"@id":"https:\/\/www.accuratereviews.com\/it\/app-cibo-domicilio\/deliverart-recensione\/#primaryimage"},"image":{"@id":"https:\/\/www.accuratereviews.com\/it\/app-cibo-domicilio\/deliverart-recensione\/#primaryimage"},"thumbnailUrl":"https:\/\/www.accuratereviews.com\/wp-content\/uploads\/2022\/03\/Logo-Deliverart-2020.png","datePublished":"2022-03-04T13:32:40+00:00","description":"Deliverart: recensione software di gestione delle consegne di cibo pensato per tutti i ristoratori di qualsiasi dimensione.","breadcrumb":{"@id":"https:\/\/www.accuratereviews.com\/it\/app-cibo-domicilio\/deliverart-recensione\/#breadcrumb"},"inLanguage":"it-IT","potentialAction":[{"@type":"ReadAction","target":["https:\/\/www.accuratereviews.com\/it\/app-cibo-domicilio\/deliverart-recensione\/"]}]},{"@type":"ImageObject","inLanguage":"it-IT","@id":"https:\/\/www.accuratereviews.com\/it\/app-cibo-domicilio\/deliverart-recensione\/#primaryimage","url":"https:\/\/www.accuratereviews.com\/wp-content\/uploads\/2022\/03\/Logo-Deliverart-2020.png","contentUrl":"https:\/\/www.accuratereviews.com\/wp-content\/uploads\/2022\/03\/Logo-Deliverart-2020.png","width":940,"height":788},{"@type":"BreadcrumbList","@id":"https:\/\/www.accuratereviews.com\/it\/app-cibo-domicilio\/deliverart-recensione\/#breadcrumb","itemListElement":[{"@type":"ListItem","position":1,"name":"Home","item":"https:\/\/www.accuratereviews.com\/it\/"},{"@type":"ListItem","position":2,"name":"App per cibo a domicilio","item":"https:\/\/www.accuratereviews.com\/it\/app-cibo-domicilio\/"},{"@type":"ListItem","position":3,"name":"Deliverart"}]},{"@type":"WebSite","@id":"https:\/\/www.accuratereviews.com\/it\/#website","url":"https:\/\/www.accuratereviews.com\/it\/","name":"Accurate Reviews","description":"","potentialAction":[{"@type":"SearchAction","target":{"@type":"EntryPoint","urlTemplate":"https:\/\/www.accuratereviews.com\/it\/?s={search_term_string}"},"query-input":{"@type":"PropertyValueSpecification","valueRequired":true,"valueName":"search_term_string"}}],"inLanguage":"it-IT"}]}},"_links":{"self":[{"href":"https:\/\/www.accuratereviews.com\/it\/wp-json\/wp\/v2\/pages\/54529","targetHints":{"allow":["GET"]}}],"collection":[{"href":"https:\/\/www.accuratereviews.com\/it\/wp-json\/wp\/v2\/pages"}],"about":[{"href":"https:\/\/www.accuratereviews.com\/it\/wp-json\/wp\/v2\/types\/page"}],"author":[{"embeddable":true,"href":"https:\/\/www.accuratereviews.com\/it\/wp-json\/wp\/v2\/users\/16"}],"replies":[{"embeddable":true,"href":"https:\/\/www.accuratereviews.com\/it\/wp-json\/wp\/v2\/comments?post=54529"}],"version-history":[{"count":10,"href":"https:\/\/www.accuratereviews.com\/it\/wp-json\/wp\/v2\/pages\/54529\/revisions"}],"predecessor-version":[{"id":54555,"href":"https:\/\/www.accuratereviews.com\/it\/wp-json\/wp\/v2\/pages\/54529\/revisions\/54555"}],"up":[{"embeddable":true,"href":"https:\/\/www.accuratereviews.com\/it\/wp-json\/wp\/v2\/pages\/54405"}],"wp:featuredmedia":[{"embeddable":true,"href":"https:\/\/www.accuratereviews.com\/it\/wp-json\/wp\/v2\/media\/54530"}],"wp:attachment":[{"href":"https:\/\/www.accuratereviews.com\/it\/wp-json\/wp\/v2\/media?parent=54529"}],"wp:term":[{"taxonomy":"category","embeddable":true,"href":"https:\/\/www.accuratereviews.com\/it\/wp-json\/wp\/v2\/categories?post=54529"},{"taxonomy":"post_tag","embeddable":true,"href":"https:\/\/www.accuratereviews.com\/it\/wp-json\/wp\/v2\/tags?post=54529"},{"taxonomy":"features","embeddable":true,"href":"https:\/\/www.accuratereviews.com\/it\/wp-json\/wp\/v2\/features?post=54529"}],"curies":[{"name":"wp","href":"https:\/\/api.w.org\/{rel}","templated":true}]}}