{"id":54573,"date":"2022-03-07T09:07:12","date_gmt":"2022-03-07T09:07:12","guid":{"rendered":"https:\/\/www.accuratereviews.com\/?page_id=54573"},"modified":"2022-03-07T09:07:12","modified_gmt":"2022-03-07T09:07:12","slug":"route4me-recensione","status":"publish","type":"page","link":"https:\/\/www.accuratereviews.com\/it\/app-cibo-domicilio\/route4me-recensione\/","title":{"rendered":"Route4me"},"content":{"rendered":"<p><strong>Route4me<\/strong> \u00e8 un <strong>software di ottimizzazione<\/strong> intuitivo e semplice da usare che permette di pianificare gli itinerari per il tuo business, facendoti risparmiare tempo e denaro. Si tratta di un vero e proprio pianificatore di itinerari che si rivolge principalmente ad aziende che lavorano con fornitori, corrieri e drivers di <strong>cibo a domicilio<\/strong>.<br \/>\nCon questo programma di ottimizzazione dei percorsi, potrai caricare la tua lista clienti, scegliere il numero di autisti e ottimizzare il percorso. In modo automatico, <strong>Route4me<\/strong> pianificher\u00e0 il tuo percorso e tu potrai monitorare tutto grazie alla localizzazione GPS.<\/p>\n<h2>ROUTE4ME &#8211; TUTORIAL<\/h2>\n<div id=\"fluid-wrapper-counter-1\" class=\"g1-fluid-wrapper \" style=\"width:686px;\">\n<div style=\"padding-bottom:56.268221574344%;\"><iframe loading=\"lazy\" title=\"Route Planning Software &amp; Route Optimization | Route4Me\" width=\"686\" height=\"386\" src=\"https:\/\/www.youtube.com\/embed\/IdJvxX3yjWQ?feature=oembed&amp;wmode=transparent&amp;autohide=1&amp;autoplay=0&amp;disablekb=0&amp;fs=1&amp;loop=0&amp;enablejsapi=1&amp;rel=0&amp;controls=2&amp;showinfo=0&amp;wmode=transparent&amp;autohide=2&amp;autoplay=0&amp;disablekb=0&amp;fs=1&amp;loop=0&amp;enablejsapi=1&amp;rel=0&amp;controls=2&amp;showinfo=1\" frameborder=\"0\" allow=\"accelerometer; autoplay; clipboard-write; encrypted-media; gyroscope; picture-in-picture\" allowfullscreen><\/iframe><\/div>\n<\/div>\n<h3>ROUTE4ME &#8211; CARATTERISTICHE<\/h3>\n<ul>\n<li><strong>Si sincronizza con il tuo iPhone, iPad e Android<\/strong>: le applicazioni mobili di pianificazione dei percorsi offrono la sincronizzazione in tempo reale di tutti i tuoi percorsi e degli indirizzi dei clienti, note scritte e foto ad ogni fermata, verifica della firma sul vetro, monitoraggio dell&#8217;avanzamento del percorso e della posizione, e altro ancora<\/li>\n<li><strong>Mappe e percorsi<\/strong>: il software di pianificazione dei percorsi della flotta ha dati di mappatura per ogni paese del mondo, quindi quando inizi a pianificare percorsi ottimizzati per la tua azienda, funzioner\u00e0 nel tuo paese. Anche il tracciamento GPS di un autista su un percorso funziona in tutti i paesi<\/li>\n<li><strong>Mappa e visita i tuoi clienti<\/strong>: mappa, ricerca, e categorizza i tuoi clienti e potenziali clienti utilizzando Route4Me. Se sei un nuovo business, puoi inserire le informazioni dei clienti ogni volta che chiudi un nuovo conto. E, se sei gi\u00e0 affermato, puoi caricare migliaia di clienti in una sola volta. Man mano che l&#8217;attivit\u00e0 continua a crescere, \u00e8 possibile impostare territori di vendita e di consegna<\/li>\n<li><strong>Vedi tutti i tuoi percorsi ottimizzati<\/strong>: se hai pi\u00f9 percorsi e autisti, Route4Me fornisce una panoramica di tutta la tua operazione. Riassegna autisti e veicoli, sposta un indirizzo da un percorso all&#8217;altro, e segui i progressi del percorso in tempo reale<\/li>\n<li><strong>Ottieni informazioni sui percorsi immediatamente e in tempo reale<\/strong>: vedrai la tua attivit\u00e0 in modo pi\u00f9 chiaro perch\u00e9 ti mostreremo chilometraggi dettagliati, manifesti dei percorsi e dollari di costo del carburante risparmiati. Oltre ai costi di guida dettagliati, ogni indirizzo su un percorso pu\u00f2 catturare informazioni estese come entrate, costi e tempo di servizio<\/li>\n<li><strong>Risparmia tempo e benzina<\/strong>: ogni percorso \u00e8 fino al 35% pi\u00f9 corto in media. Sono oltre 1.000 dollari di risparmio se spendi pi\u00f9 di 3.000 dollari all&#8217;anno in benzina. Capire dove, quando e, si spera, perch\u00e9, certi autisti erano in qualsiasi momento<\/li>\n<li><strong>Sai dove sono i tuoi autisti e veicoli in tempo reale<\/strong>: mantieni il controllo permettendoti di tracciare la posizione GPS di tutti i tuoi autisti su una mappa.\u00a0Riduci drasticamente la quantit\u00e0 di tempo che la tua organizzazione spende in compiti banali come la gestione dei percorsi<\/li>\n<li><strong>Risparmia ore al giorno<\/strong>: l&#8217;efficienza inizia con il risparmio del tuo tempo, ma si estende al risparmio del tempo dei tuoi autisti e clienti.<\/li>\n<\/ul>\n<h4>LE RECENSIONI DEGLI UTENTI<\/h4>\n<p><strong>Paul F. &#8220;Un incredibile risparmio di tempo! L&#8217;ho usato con altre aziende per cui ho lavorato. \u00c8 un must have!&#8221;<\/strong><br \/>\nPRO: facilit\u00e0 d&#8217;uso e si collega alla mia app GPS. Trova tutte le fermate che devo visitare con precisione. Mi piace anche il rapporto settimanale che invia.<br \/>\nCONTRO: sono un grande fan&#8230; difficile trovare qualcosa che non mi piace. Vorrei che la versione non mobile fosse pi\u00f9 accessibile<\/p>\n<p><strong>Carlotta M. &#8220;Da provare&#8221;<\/strong><br \/>\nPRO: intuitivo e facile, dovrebbe essere in italiano<br \/>\nCONTRO: la praticit\u00e0 della gestione dovrebbe essere facilmente condivisibile ai collaboratori<\/p>\n<p><strong>Stefano S. &#8220;Gi\u00e0 usato ma ha dei problemi&#8221;<\/strong><br \/>\nPRO: puoi inserire tanti indirizzi e puoi fare foto e firmare per garantire che la consegna \u00e8 stata fatta<br \/>\nCONTRO: \u00a0non puoi scegliere la partenza o modificare i passaggi qualora gli orari siano differenti.<\/p>\n","protected":false},"excerpt":{"rendered":"<p>Route4me \u00e8 un software di ottimizzazione intuitivo e semplice da usare che permette di pianificare gli itinerari per il tuo business, facendoti risparmiare tempo e denaro. Si tratta di un vero e proprio pianificatore di itinerari che si rivolge principalmente ad aziende che lavorano con fornitori, corrieri e drivers di cibo a domicilio.<\/p>\n","protected":false},"author":17,"featured_media":54579,"parent":54405,"menu_order":0,"comment_status":"open","ping_status":"closed","template":"g1_template_page_review_new.php","meta":{"_acf_changed":false,"cwp_meta_box_check":"No","cwp_rev_product_name":"","cwp_rev_product_image":"","wppr_links":[],"cwp_rev_price":"","wppr_options":[],"wppr_pros":[],"wppr_cons":[],"_monsterinsights_skip_tracking":false,"_monsterinsights_sitenote_active":false,"_monsterinsights_sitenote_note":"","_monsterinsights_sitenote_category":0,"footnotes":""},"categories":[12168],"tags":[12170,12175,12204,12189,12174,12172],"features":[],"class_list":{"0":"post-54573","1":"page","2":"type-page","3":"status-publish","4":"has-post-thumbnail","6":"category-app-cibo-domicilio-cat","7":"tag-app-cibo-a-domicilio","8":"tag-consegna-cibo-a-domicilio","9":"tag-ottimizzazione-dei-percorsi","10":"tag-piattaforma-cibo-a-domicilio","11":"tag-programma-cibo-a-domicilio","12":"tag-software-cibo-a-domicilio"},"wppr_data":{"cwp_meta_box_check":"No"},"acf":[],"yoast_head":"<!-- This site is optimized with the Yoast SEO plugin v27.4 - https:\/\/yoast.com\/product\/yoast-seo-wordpress\/ -->\n<title>Route4me: recensione app cibo domicilio - Accurate Reviews<\/title>\n<meta name=\"description\" content=\"Route4me: recensione del software di ottimizzazione intuitivo e veloce che permette di pianificare gli itinerari per il tuo business.\" \/>\n<meta name=\"robots\" content=\"index, follow, max-snippet:-1, max-image-preview:large, max-video-preview:-1\" \/>\n<link rel=\"canonical\" href=\"https:\/\/www.accuratereviews.com\/it\/app-cibo-domicilio\/route4me-recensione\/\" \/>\n<meta property=\"og:locale\" content=\"it_IT\" \/>\n<meta property=\"og:type\" content=\"article\" \/>\n<meta property=\"og:title\" content=\"Route4me: recensione app cibo domicilio - Accurate Reviews\" \/>\n<meta property=\"og:description\" content=\"Route4me: recensione del software di ottimizzazione intuitivo e veloce che permette di pianificare gli itinerari per il tuo business.\" \/>\n<meta property=\"og:url\" content=\"https:\/\/www.accuratereviews.com\/it\/app-cibo-domicilio\/route4me-recensione\/\" \/>\n<meta property=\"og:site_name\" content=\"Accurate Reviews\" \/>\n<meta property=\"og:image\" content=\"https:\/\/www.accuratereviews.com\/wp-content\/uploads\/2022\/03\/Unknown-07.30.54.png\" \/>\n\t<meta property=\"og:image:width\" content=\"722\" \/>\n\t<meta property=\"og:image:height\" content=\"200\" \/>\n\t<meta property=\"og:image:type\" content=\"image\/png\" \/>\n<meta name=\"twitter:card\" content=\"summary_large_image\" \/>\n<meta name=\"twitter:label1\" content=\"Tempo di lettura stimato\" \/>\n\t<meta name=\"twitter:data1\" content=\"4 minuti\" \/>\n<script type=\"application\/ld+json\" class=\"yoast-schema-graph\">{\"@context\":\"https:\\\/\\\/schema.org\",\"@graph\":[{\"@type\":\"WebPage\",\"@id\":\"https:\\\/\\\/www.accuratereviews.com\\\/it\\\/app-cibo-domicilio\\\/route4me-recensione\\\/\",\"url\":\"https:\\\/\\\/www.accuratereviews.com\\\/it\\\/app-cibo-domicilio\\\/route4me-recensione\\\/\",\"name\":\"Route4me: recensione app cibo domicilio - Accurate Reviews\",\"isPartOf\":{\"@id\":\"https:\\\/\\\/www.accuratereviews.com\\\/it\\\/#website\"},\"primaryImageOfPage\":{\"@id\":\"https:\\\/\\\/www.accuratereviews.com\\\/it\\\/app-cibo-domicilio\\\/route4me-recensione\\\/#primaryimage\"},\"image\":{\"@id\":\"https:\\\/\\\/www.accuratereviews.com\\\/it\\\/app-cibo-domicilio\\\/route4me-recensione\\\/#primaryimage\"},\"thumbnailUrl\":\"https:\\\/\\\/www.accuratereviews.com\\\/wp-content\\\/uploads\\\/2022\\\/03\\\/Unknown-07.30.54.png\",\"datePublished\":\"2022-03-07T09:07:12+00:00\",\"description\":\"Route4me: recensione del software di ottimizzazione intuitivo e veloce che permette di pianificare gli itinerari per il tuo business.\",\"breadcrumb\":{\"@id\":\"https:\\\/\\\/www.accuratereviews.com\\\/it\\\/app-cibo-domicilio\\\/route4me-recensione\\\/#breadcrumb\"},\"inLanguage\":\"it-IT\",\"potentialAction\":[{\"@type\":\"ReadAction\",\"target\":[\"https:\\\/\\\/www.accuratereviews.com\\\/it\\\/app-cibo-domicilio\\\/route4me-recensione\\\/\"]}]},{\"@type\":\"ImageObject\",\"inLanguage\":\"it-IT\",\"@id\":\"https:\\\/\\\/www.accuratereviews.com\\\/it\\\/app-cibo-domicilio\\\/route4me-recensione\\\/#primaryimage\",\"url\":\"https:\\\/\\\/www.accuratereviews.com\\\/wp-content\\\/uploads\\\/2022\\\/03\\\/Unknown-07.30.54.png\",\"contentUrl\":\"https:\\\/\\\/www.accuratereviews.com\\\/wp-content\\\/uploads\\\/2022\\\/03\\\/Unknown-07.30.54.png\",\"width\":722,\"height\":200},{\"@type\":\"BreadcrumbList\",\"@id\":\"https:\\\/\\\/www.accuratereviews.com\\\/it\\\/app-cibo-domicilio\\\/route4me-recensione\\\/#breadcrumb\",\"itemListElement\":[{\"@type\":\"ListItem\",\"position\":1,\"name\":\"Home\",\"item\":\"https:\\\/\\\/www.accuratereviews.com\\\/it\\\/\"},{\"@type\":\"ListItem\",\"position\":2,\"name\":\"App per cibo a domicilio\",\"item\":\"https:\\\/\\\/www.accuratereviews.com\\\/it\\\/app-cibo-domicilio\\\/\"},{\"@type\":\"ListItem\",\"position\":3,\"name\":\"Route4me\"}]},{\"@type\":\"WebSite\",\"@id\":\"https:\\\/\\\/www.accuratereviews.com\\\/it\\\/#website\",\"url\":\"https:\\\/\\\/www.accuratereviews.com\\\/it\\\/\",\"name\":\"Accurate Reviews\",\"description\":\"\",\"potentialAction\":[{\"@type\":\"SearchAction\",\"target\":{\"@type\":\"EntryPoint\",\"urlTemplate\":\"https:\\\/\\\/www.accuratereviews.com\\\/it\\\/?s={search_term_string}\"},\"query-input\":{\"@type\":\"PropertyValueSpecification\",\"valueRequired\":true,\"valueName\":\"search_term_string\"}}],\"inLanguage\":\"it-IT\"}]}<\/script>\n<!-- \/ Yoast SEO plugin. -->","yoast_head_json":{"title":"Route4me: recensione app cibo domicilio - Accurate Reviews","description":"Route4me: recensione del software di ottimizzazione intuitivo e veloce che permette di pianificare gli itinerari per il tuo business.","robots":{"index":"index","follow":"follow","max-snippet":"max-snippet:-1","max-image-preview":"max-image-preview:large","max-video-preview":"max-video-preview:-1"},"canonical":"https:\/\/www.accuratereviews.com\/it\/app-cibo-domicilio\/route4me-recensione\/","og_locale":"it_IT","og_type":"article","og_title":"Route4me: recensione app cibo domicilio - Accurate Reviews","og_description":"Route4me: recensione del software di ottimizzazione intuitivo e veloce che permette di pianificare gli itinerari per il tuo business.","og_url":"https:\/\/www.accuratereviews.com\/it\/app-cibo-domicilio\/route4me-recensione\/","og_site_name":"Accurate Reviews","og_image":[{"width":722,"height":200,"url":"https:\/\/www.accuratereviews.com\/wp-content\/uploads\/2022\/03\/Unknown-07.30.54.png","type":"image\/png"}],"twitter_card":"summary_large_image","twitter_misc":{"Tempo di lettura stimato":"4 minuti"},"schema":{"@context":"https:\/\/schema.org","@graph":[{"@type":"WebPage","@id":"https:\/\/www.accuratereviews.com\/it\/app-cibo-domicilio\/route4me-recensione\/","url":"https:\/\/www.accuratereviews.com\/it\/app-cibo-domicilio\/route4me-recensione\/","name":"Route4me: recensione app cibo domicilio - Accurate Reviews","isPartOf":{"@id":"https:\/\/www.accuratereviews.com\/it\/#website"},"primaryImageOfPage":{"@id":"https:\/\/www.accuratereviews.com\/it\/app-cibo-domicilio\/route4me-recensione\/#primaryimage"},"image":{"@id":"https:\/\/www.accuratereviews.com\/it\/app-cibo-domicilio\/route4me-recensione\/#primaryimage"},"thumbnailUrl":"https:\/\/www.accuratereviews.com\/wp-content\/uploads\/2022\/03\/Unknown-07.30.54.png","datePublished":"2022-03-07T09:07:12+00:00","description":"Route4me: recensione del software di ottimizzazione intuitivo e veloce che permette di pianificare gli itinerari per il tuo business.","breadcrumb":{"@id":"https:\/\/www.accuratereviews.com\/it\/app-cibo-domicilio\/route4me-recensione\/#breadcrumb"},"inLanguage":"it-IT","potentialAction":[{"@type":"ReadAction","target":["https:\/\/www.accuratereviews.com\/it\/app-cibo-domicilio\/route4me-recensione\/"]}]},{"@type":"ImageObject","inLanguage":"it-IT","@id":"https:\/\/www.accuratereviews.com\/it\/app-cibo-domicilio\/route4me-recensione\/#primaryimage","url":"https:\/\/www.accuratereviews.com\/wp-content\/uploads\/2022\/03\/Unknown-07.30.54.png","contentUrl":"https:\/\/www.accuratereviews.com\/wp-content\/uploads\/2022\/03\/Unknown-07.30.54.png","width":722,"height":200},{"@type":"BreadcrumbList","@id":"https:\/\/www.accuratereviews.com\/it\/app-cibo-domicilio\/route4me-recensione\/#breadcrumb","itemListElement":[{"@type":"ListItem","position":1,"name":"Home","item":"https:\/\/www.accuratereviews.com\/it\/"},{"@type":"ListItem","position":2,"name":"App per cibo a domicilio","item":"https:\/\/www.accuratereviews.com\/it\/app-cibo-domicilio\/"},{"@type":"ListItem","position":3,"name":"Route4me"}]},{"@type":"WebSite","@id":"https:\/\/www.accuratereviews.com\/it\/#website","url":"https:\/\/www.accuratereviews.com\/it\/","name":"Accurate Reviews","description":"","potentialAction":[{"@type":"SearchAction","target":{"@type":"EntryPoint","urlTemplate":"https:\/\/www.accuratereviews.com\/it\/?s={search_term_string}"},"query-input":{"@type":"PropertyValueSpecification","valueRequired":true,"valueName":"search_term_string"}}],"inLanguage":"it-IT"}]}},"_links":{"self":[{"href":"https:\/\/www.accuratereviews.com\/it\/wp-json\/wp\/v2\/pages\/54573","targetHints":{"allow":["GET"]}}],"collection":[{"href":"https:\/\/www.accuratereviews.com\/it\/wp-json\/wp\/v2\/pages"}],"about":[{"href":"https:\/\/www.accuratereviews.com\/it\/wp-json\/wp\/v2\/types\/page"}],"author":[{"embeddable":true,"href":"https:\/\/www.accuratereviews.com\/it\/wp-json\/wp\/v2\/users\/17"}],"replies":[{"embeddable":true,"href":"https:\/\/www.accuratereviews.com\/it\/wp-json\/wp\/v2\/comments?post=54573"}],"version-history":[{"count":6,"href":"https:\/\/www.accuratereviews.com\/it\/wp-json\/wp\/v2\/pages\/54573\/revisions"}],"predecessor-version":[{"id":54601,"href":"https:\/\/www.accuratereviews.com\/it\/wp-json\/wp\/v2\/pages\/54573\/revisions\/54601"}],"up":[{"embeddable":true,"href":"https:\/\/www.accuratereviews.com\/it\/wp-json\/wp\/v2\/pages\/54405"}],"wp:featuredmedia":[{"embeddable":true,"href":"https:\/\/www.accuratereviews.com\/it\/wp-json\/wp\/v2\/media\/54579"}],"wp:attachment":[{"href":"https:\/\/www.accuratereviews.com\/it\/wp-json\/wp\/v2\/media?parent=54573"}],"wp:term":[{"taxonomy":"category","embeddable":true,"href":"https:\/\/www.accuratereviews.com\/it\/wp-json\/wp\/v2\/categories?post=54573"},{"taxonomy":"post_tag","embeddable":true,"href":"https:\/\/www.accuratereviews.com\/it\/wp-json\/wp\/v2\/tags?post=54573"},{"taxonomy":"features","embeddable":true,"href":"https:\/\/www.accuratereviews.com\/it\/wp-json\/wp\/v2\/features?post=54573"}],"curies":[{"name":"wp","href":"https:\/\/api.w.org\/{rel}","templated":true}]}}