{"id":54604,"date":"2022-03-07T11:24:32","date_gmt":"2022-03-07T11:24:32","guid":{"rendered":"https:\/\/www.accuratereviews.com\/?page_id=54604"},"modified":"2022-03-07T11:24:32","modified_gmt":"2022-03-07T11:24:32","slug":"gloriafood-recensione","status":"publish","type":"page","link":"https:\/\/www.accuratereviews.com\/it\/app-cibo-domicilio\/gloriafood-recensione\/","title":{"rendered":"GloriaFood"},"content":{"rendered":"<p><strong>GloriaFood<\/strong> \u00e8 una<strong> piattaforma di ordinazione<\/strong> <strong>e consegna di cibo<\/strong>\u00a0che aiuta i proprietari di ristoranti a semplificare le operazioni del punto vendita e a gestire ordini, prenotazioni di tavoli, attivit\u00e0 promozionali e altro ancora. Gli utenti possono selezionare pi\u00f9 localit\u00e0 di consegna, definire gli importi minimi degli ordini e impostare tariffe di consegna basate sulla zona. Il software viene fornito con un modulo per la creazione di menu, che permette alle aziende di creare e personalizzare menu digitali aggiungendo categorie di alimenti, immagini e informazioni sui prezzi. I gestori possono ricevere notifiche automatiche sui nuovi ordini e accettare o rifiutare le richieste in base alla disponibilit\u00e0 di cibo. Inoltre, gli utenti possono migliorare la visibilit\u00e0 del marchio su pi\u00f9 canali incorporando widget nei siti web e nelle pagine Facebook ufficiali. Aiuta a migliorare le operazioni di marketing monitorando il comportamento dei clienti target e fornendo coupon o sconti promozionali.<\/p>\n<h2>GLORIAFOOD &#8211; TUTORIAL<\/h2>\n<p>Vediamo come creare un men\u00f9 con questa <strong>app per la consegna di cibo a domicilio<\/strong>:<\/p>\n<div id=\"fluid-wrapper-counter-1\" class=\"g1-fluid-wrapper \" style=\"width:686px;\">\n<div style=\"padding-bottom:56.268221574344%;\"><iframe loading=\"lazy\" title=\"Delving into the Advanced Menu Settings of the GloriaFood Online Restaurant Menu\" width=\"686\" height=\"386\" src=\"https:\/\/www.youtube.com\/embed\/LbJv5HQc71Y?start=124&#038;feature=oembed&amp;wmode=transparent&amp;autohide=1&amp;autoplay=0&amp;disablekb=0&amp;fs=1&amp;loop=0&amp;enablejsapi=1&amp;rel=0&amp;controls=2&amp;showinfo=0&amp;wmode=transparent&amp;autohide=2&amp;autoplay=0&amp;disablekb=0&amp;fs=1&amp;loop=0&amp;enablejsapi=1&amp;rel=0&amp;controls=2&amp;showinfo=1\" frameborder=\"0\" allow=\"accelerometer; autoplay; clipboard-write; encrypted-media; gyroscope; picture-in-picture\" allowfullscreen><\/iframe><\/div>\n<\/div>\n<h3>GLORIAFOOD &#8211; CARATTERISTICHE<\/h3>\n<ul>\n<li>La soluzione aiuta i ristoranti ad aggiungere widget per visualizzare ordini o menu e prenotare tavoli sul sito web di vendita e migliorare i tassi complessivi di fidelizzazione dei clienti<\/li>\n<li>\u00a0I gestori possono accettare, ricevere e confermare ordini utilizzando applicazioni mobili e creare menu alimentari con categorie, piatti e altre specifiche<\/li>\n<li>I ristoranti possono creare siti web personalizzabili scegliendo le immagini da un database integrato e consentire ai clienti di effettuare ordini tramite le pagine Facebook<\/li>\n<li>Il programma consente ai ristoranti di inviare inviti ai clienti per l&#8217;ordinazione online e di utilizzare il dashboard di reporting per semplificare i processi decisionali<\/li>\n<li>Con le funzioni \u201cPrenotazione Tavoli\u201d e \u201cPre-ordine\u201d i tuoi clienti potranno prenotare facilmente un tavolo e ordinare in anticipo il loro piatto preferito.<\/li>\n<\/ul>\n<h4>LE RECENSIONI DEGLI UTENTI<\/h4>\n<p class=\"font-weight-bold mb-2\"><strong>Diego M.&#8221;Che ottimo sistema di consegna&#8221;<\/strong><\/p>\n<p class=\"font-weight-bold mb-2\"><strong>Pro<\/strong>:\u00a0Le sue capacit\u00e0 di multi-posizione e disegnare aree di consegna sono fantastiche. Offrono molte possibilit\u00e0 durante l&#8217;impostazione di promozioni e sconti. \u00c8 un gioco da ragazzi se stai cercando di impostare un sistema di consegna per la tua attivit\u00e0<\/p>\n<p class=\"font-weight-bold mb-2\"><strong>Contro<\/strong>:\u00a0Sarebbe fantastico se potessero offrire pi\u00f9 integrazioni di terze parti come i sistemi di pagamento online.<\/p>\n<p class=\"font-weight-bold mb-2\"><strong>Muhammad aleem K.&#8221;Azienda straordinaria con un&#8217;assistenza clienti straordinaria&#8221;<\/strong><\/p>\n<p><span class=\"font-weight-bold\"><strong>Commenti<\/strong>: <\/span>La mia esperienza complessiva \u00e8 molto buona con Gloriafood, ho lavorato anche con altri. Ma questa \u00e8 la soluzione migliore.<\/p>\n<p class=\"font-weight-bold mb-2\"><strong>Pro<\/strong>:\u00a0Facile da usare. Assistenza clienti e affidabilit\u00e0.<\/p>\n<p class=\"font-weight-bold mb-2\"><strong>Contro<\/strong>:\u00a0I filtri delle date e dell&#8217;ora devono essere corretti nella dashboard dell&#8217;amministratore.<\/p>\n<p class=\"font-weight-bold mb-2\"><strong>Juan A.&#8221;Ottimo prodotto e supporto&#8221;<\/strong><\/p>\n<p><span class=\"font-weight-bold\"><strong>Commenti<\/strong>: <\/span>Il mio cliente non richiede l&#8217;elaborazione dei pagamenti, quindi questo \u00e8 perfetto per loro.<\/p>\n<p class=\"font-weight-bold mb-2\"><strong>Pro<\/strong>:\u00a0Facile da usare e personalizzare e un servizio clienti eccellente e veloce<\/p>\n<p class=\"font-weight-bold mb-2\"><strong>Contro<\/strong>:\u00a0Non ho ancora riscontrato problemi. Sar\u00f2 felice di consigliare se dovesse sorgere qualcosa.<\/p>\n","protected":false},"excerpt":{"rendered":"<p>GloriaFood \u00e8 una piattaforma di ordinazione e consegna di cibo\u00a0che aiuta i proprietari di ristoranti a semplificare le operazioni del punto vendita e a gestire ordini, prenotazioni di tavoli, attivit\u00e0 promozionali e altro ancora. Gli utenti possono selezionare pi\u00f9 localit\u00e0 di consegna, definire gli importi minimi degli ordini e impostare tariffe di consegna basate sulla zona.<\/p>\n","protected":false},"author":16,"featured_media":54605,"parent":54405,"menu_order":0,"comment_status":"open","ping_status":"closed","template":"g1_template_page_review_new.php","meta":{"_acf_changed":false,"cwp_meta_box_check":"No","cwp_rev_product_name":"","cwp_rev_product_image":"","wppr_links":[],"cwp_rev_price":"","wppr_options":[],"wppr_pros":[],"wppr_cons":[],"_monsterinsights_skip_tracking":false,"_monsterinsights_sitenote_active":false,"_monsterinsights_sitenote_note":"","_monsterinsights_sitenote_category":0,"footnotes":""},"categories":[12168],"tags":[12193,12171,12214,12212,12211,12210,12209],"features":[],"class_list":{"0":"post-54604","1":"page","2":"type-page","3":"status-publish","4":"has-post-thumbnail","6":"category-app-cibo-domicilio-cat","7":"tag-app-per-cibo-a-domicilio","8":"tag-cibo-a-domicilio","9":"tag-gloriafood","10":"tag-piattaforma-per-cibo-a-domicilio","11":"tag-programma-per-cibo-a-domicilio","12":"tag-software-per-cibo-a-domicilio","13":"tag-soluzione-per-cibo-a-domicilio"},"wppr_data":{"cwp_meta_box_check":"No"},"acf":[],"yoast_head":"<!-- This site is optimized with the Yoast SEO plugin v27.4 - https:\/\/yoast.com\/product\/yoast-seo-wordpress\/ -->\n<title>GloriaFood: recensione software per cibo a domicilio - Accurate Reviews<\/title>\n<meta name=\"description\" content=\"GloriaFood: recensione software di consegna di cibo\u00a0che aiuta i proprietari di ristoranti a gestire ordini.\" \/>\n<meta name=\"robots\" content=\"index, follow, max-snippet:-1, max-image-preview:large, max-video-preview:-1\" \/>\n<link rel=\"canonical\" href=\"https:\/\/www.accuratereviews.com\/it\/app-cibo-domicilio\/gloriafood-recensione\/\" \/>\n<meta property=\"og:locale\" content=\"it_IT\" \/>\n<meta property=\"og:type\" content=\"article\" \/>\n<meta property=\"og:title\" content=\"GloriaFood: recensione software per cibo a domicilio - Accurate Reviews\" \/>\n<meta property=\"og:description\" content=\"GloriaFood: recensione software di consegna di cibo\u00a0che aiuta i proprietari di ristoranti a gestire ordini.\" \/>\n<meta property=\"og:url\" content=\"https:\/\/www.accuratereviews.com\/it\/app-cibo-domicilio\/gloriafood-recensione\/\" \/>\n<meta property=\"og:site_name\" content=\"Accurate Reviews\" \/>\n<meta property=\"og:image\" content=\"https:\/\/www.accuratereviews.com\/wp-content\/uploads\/2022\/03\/GloriaFood.png\" \/>\n\t<meta property=\"og:image:width\" content=\"224\" \/>\n\t<meta property=\"og:image:height\" content=\"224\" \/>\n\t<meta property=\"og:image:type\" content=\"image\/png\" \/>\n<meta name=\"twitter:card\" content=\"summary_large_image\" \/>\n<meta name=\"twitter:label1\" content=\"Tempo di lettura stimato\" \/>\n\t<meta name=\"twitter:data1\" content=\"3 minuti\" \/>\n<script type=\"application\/ld+json\" class=\"yoast-schema-graph\">{\"@context\":\"https:\\\/\\\/schema.org\",\"@graph\":[{\"@type\":\"WebPage\",\"@id\":\"https:\\\/\\\/www.accuratereviews.com\\\/it\\\/app-cibo-domicilio\\\/gloriafood-recensione\\\/\",\"url\":\"https:\\\/\\\/www.accuratereviews.com\\\/it\\\/app-cibo-domicilio\\\/gloriafood-recensione\\\/\",\"name\":\"GloriaFood: recensione software per cibo a domicilio - Accurate Reviews\",\"isPartOf\":{\"@id\":\"https:\\\/\\\/www.accuratereviews.com\\\/it\\\/#website\"},\"primaryImageOfPage\":{\"@id\":\"https:\\\/\\\/www.accuratereviews.com\\\/it\\\/app-cibo-domicilio\\\/gloriafood-recensione\\\/#primaryimage\"},\"image\":{\"@id\":\"https:\\\/\\\/www.accuratereviews.com\\\/it\\\/app-cibo-domicilio\\\/gloriafood-recensione\\\/#primaryimage\"},\"thumbnailUrl\":\"https:\\\/\\\/www.accuratereviews.com\\\/wp-content\\\/uploads\\\/2022\\\/03\\\/GloriaFood.png\",\"datePublished\":\"2022-03-07T11:24:32+00:00\",\"description\":\"GloriaFood: recensione software di consegna di cibo\u00a0che aiuta i proprietari di ristoranti a gestire ordini.\",\"breadcrumb\":{\"@id\":\"https:\\\/\\\/www.accuratereviews.com\\\/it\\\/app-cibo-domicilio\\\/gloriafood-recensione\\\/#breadcrumb\"},\"inLanguage\":\"it-IT\",\"potentialAction\":[{\"@type\":\"ReadAction\",\"target\":[\"https:\\\/\\\/www.accuratereviews.com\\\/it\\\/app-cibo-domicilio\\\/gloriafood-recensione\\\/\"]}]},{\"@type\":\"ImageObject\",\"inLanguage\":\"it-IT\",\"@id\":\"https:\\\/\\\/www.accuratereviews.com\\\/it\\\/app-cibo-domicilio\\\/gloriafood-recensione\\\/#primaryimage\",\"url\":\"https:\\\/\\\/www.accuratereviews.com\\\/wp-content\\\/uploads\\\/2022\\\/03\\\/GloriaFood.png\",\"contentUrl\":\"https:\\\/\\\/www.accuratereviews.com\\\/wp-content\\\/uploads\\\/2022\\\/03\\\/GloriaFood.png\",\"width\":224,\"height\":224},{\"@type\":\"BreadcrumbList\",\"@id\":\"https:\\\/\\\/www.accuratereviews.com\\\/it\\\/app-cibo-domicilio\\\/gloriafood-recensione\\\/#breadcrumb\",\"itemListElement\":[{\"@type\":\"ListItem\",\"position\":1,\"name\":\"Home\",\"item\":\"https:\\\/\\\/www.accuratereviews.com\\\/it\\\/\"},{\"@type\":\"ListItem\",\"position\":2,\"name\":\"App per cibo a domicilio\",\"item\":\"https:\\\/\\\/www.accuratereviews.com\\\/it\\\/app-cibo-domicilio\\\/\"},{\"@type\":\"ListItem\",\"position\":3,\"name\":\"GloriaFood\"}]},{\"@type\":\"WebSite\",\"@id\":\"https:\\\/\\\/www.accuratereviews.com\\\/it\\\/#website\",\"url\":\"https:\\\/\\\/www.accuratereviews.com\\\/it\\\/\",\"name\":\"Accurate Reviews\",\"description\":\"\",\"potentialAction\":[{\"@type\":\"SearchAction\",\"target\":{\"@type\":\"EntryPoint\",\"urlTemplate\":\"https:\\\/\\\/www.accuratereviews.com\\\/it\\\/?s={search_term_string}\"},\"query-input\":{\"@type\":\"PropertyValueSpecification\",\"valueRequired\":true,\"valueName\":\"search_term_string\"}}],\"inLanguage\":\"it-IT\"}]}<\/script>\n<!-- \/ Yoast SEO plugin. -->","yoast_head_json":{"title":"GloriaFood: recensione software per cibo a domicilio - Accurate Reviews","description":"GloriaFood: recensione software di consegna di cibo\u00a0che aiuta i proprietari di ristoranti a gestire ordini.","robots":{"index":"index","follow":"follow","max-snippet":"max-snippet:-1","max-image-preview":"max-image-preview:large","max-video-preview":"max-video-preview:-1"},"canonical":"https:\/\/www.accuratereviews.com\/it\/app-cibo-domicilio\/gloriafood-recensione\/","og_locale":"it_IT","og_type":"article","og_title":"GloriaFood: recensione software per cibo a domicilio - Accurate Reviews","og_description":"GloriaFood: recensione software di consegna di cibo\u00a0che aiuta i proprietari di ristoranti a gestire ordini.","og_url":"https:\/\/www.accuratereviews.com\/it\/app-cibo-domicilio\/gloriafood-recensione\/","og_site_name":"Accurate Reviews","og_image":[{"width":224,"height":224,"url":"https:\/\/www.accuratereviews.com\/wp-content\/uploads\/2022\/03\/GloriaFood.png","type":"image\/png"}],"twitter_card":"summary_large_image","twitter_misc":{"Tempo di lettura stimato":"3 minuti"},"schema":{"@context":"https:\/\/schema.org","@graph":[{"@type":"WebPage","@id":"https:\/\/www.accuratereviews.com\/it\/app-cibo-domicilio\/gloriafood-recensione\/","url":"https:\/\/www.accuratereviews.com\/it\/app-cibo-domicilio\/gloriafood-recensione\/","name":"GloriaFood: recensione software per cibo a domicilio - Accurate Reviews","isPartOf":{"@id":"https:\/\/www.accuratereviews.com\/it\/#website"},"primaryImageOfPage":{"@id":"https:\/\/www.accuratereviews.com\/it\/app-cibo-domicilio\/gloriafood-recensione\/#primaryimage"},"image":{"@id":"https:\/\/www.accuratereviews.com\/it\/app-cibo-domicilio\/gloriafood-recensione\/#primaryimage"},"thumbnailUrl":"https:\/\/www.accuratereviews.com\/wp-content\/uploads\/2022\/03\/GloriaFood.png","datePublished":"2022-03-07T11:24:32+00:00","description":"GloriaFood: recensione software di consegna di cibo\u00a0che aiuta i proprietari di ristoranti a gestire ordini.","breadcrumb":{"@id":"https:\/\/www.accuratereviews.com\/it\/app-cibo-domicilio\/gloriafood-recensione\/#breadcrumb"},"inLanguage":"it-IT","potentialAction":[{"@type":"ReadAction","target":["https:\/\/www.accuratereviews.com\/it\/app-cibo-domicilio\/gloriafood-recensione\/"]}]},{"@type":"ImageObject","inLanguage":"it-IT","@id":"https:\/\/www.accuratereviews.com\/it\/app-cibo-domicilio\/gloriafood-recensione\/#primaryimage","url":"https:\/\/www.accuratereviews.com\/wp-content\/uploads\/2022\/03\/GloriaFood.png","contentUrl":"https:\/\/www.accuratereviews.com\/wp-content\/uploads\/2022\/03\/GloriaFood.png","width":224,"height":224},{"@type":"BreadcrumbList","@id":"https:\/\/www.accuratereviews.com\/it\/app-cibo-domicilio\/gloriafood-recensione\/#breadcrumb","itemListElement":[{"@type":"ListItem","position":1,"name":"Home","item":"https:\/\/www.accuratereviews.com\/it\/"},{"@type":"ListItem","position":2,"name":"App per cibo a domicilio","item":"https:\/\/www.accuratereviews.com\/it\/app-cibo-domicilio\/"},{"@type":"ListItem","position":3,"name":"GloriaFood"}]},{"@type":"WebSite","@id":"https:\/\/www.accuratereviews.com\/it\/#website","url":"https:\/\/www.accuratereviews.com\/it\/","name":"Accurate Reviews","description":"","potentialAction":[{"@type":"SearchAction","target":{"@type":"EntryPoint","urlTemplate":"https:\/\/www.accuratereviews.com\/it\/?s={search_term_string}"},"query-input":{"@type":"PropertyValueSpecification","valueRequired":true,"valueName":"search_term_string"}}],"inLanguage":"it-IT"}]}},"_links":{"self":[{"href":"https:\/\/www.accuratereviews.com\/it\/wp-json\/wp\/v2\/pages\/54604","targetHints":{"allow":["GET"]}}],"collection":[{"href":"https:\/\/www.accuratereviews.com\/it\/wp-json\/wp\/v2\/pages"}],"about":[{"href":"https:\/\/www.accuratereviews.com\/it\/wp-json\/wp\/v2\/types\/page"}],"author":[{"embeddable":true,"href":"https:\/\/www.accuratereviews.com\/it\/wp-json\/wp\/v2\/users\/16"}],"replies":[{"embeddable":true,"href":"https:\/\/www.accuratereviews.com\/it\/wp-json\/wp\/v2\/comments?post=54604"}],"version-history":[{"count":6,"href":"https:\/\/www.accuratereviews.com\/it\/wp-json\/wp\/v2\/pages\/54604\/revisions"}],"predecessor-version":[{"id":54616,"href":"https:\/\/www.accuratereviews.com\/it\/wp-json\/wp\/v2\/pages\/54604\/revisions\/54616"}],"up":[{"embeddable":true,"href":"https:\/\/www.accuratereviews.com\/it\/wp-json\/wp\/v2\/pages\/54405"}],"wp:featuredmedia":[{"embeddable":true,"href":"https:\/\/www.accuratereviews.com\/it\/wp-json\/wp\/v2\/media\/54605"}],"wp:attachment":[{"href":"https:\/\/www.accuratereviews.com\/it\/wp-json\/wp\/v2\/media?parent=54604"}],"wp:term":[{"taxonomy":"category","embeddable":true,"href":"https:\/\/www.accuratereviews.com\/it\/wp-json\/wp\/v2\/categories?post=54604"},{"taxonomy":"post_tag","embeddable":true,"href":"https:\/\/www.accuratereviews.com\/it\/wp-json\/wp\/v2\/tags?post=54604"},{"taxonomy":"features","embeddable":true,"href":"https:\/\/www.accuratereviews.com\/it\/wp-json\/wp\/v2\/features?post=54604"}],"curies":[{"name":"wp","href":"https:\/\/api.w.org\/{rel}","templated":true}]}}