{"id":54619,"date":"2022-03-08T08:11:08","date_gmt":"2022-03-08T08:11:08","guid":{"rendered":"https:\/\/www.accuratereviews.com\/?page_id=54619"},"modified":"2022-03-08T08:11:08","modified_gmt":"2022-03-08T08:11:08","slug":"elogii-recensione","status":"publish","type":"page","link":"https:\/\/www.accuratereviews.com\/it\/app-cibo-domicilio\/elogii-recensione\/","title":{"rendered":"eLogii"},"content":{"rendered":"<p><strong>eLogii<\/strong> \u00e8 un&#8217;applicazione web e mobile, disponibile per dispositivi iOS e Android, che si rivolge ad aziende di qualsiasi dimensione che gestiscono <strong>consegne a domicilio<\/strong>. Grazie a questa piattaforma end-to-end scalabile e modulare, potrete automatizzare e semplificare le vostre operazioni di consegna\/assistenza sul campo.<br \/>\nBasato su cloud, <strong>eLogii<\/strong> consente di ottimizzare il percorso e di monitorare i veicoli in tempo reale, in questo modo conoscerai tutti i dettagli della consegna.<\/p>\n<h2>ELOGII &#8211; VIDEO<\/h2>\n<div id=\"fluid-wrapper-counter-1\" class=\"g1-fluid-wrapper \" style=\"width:686px;\">\n<div style=\"padding-bottom:56.268221574344%;\"><iframe loading=\"lazy\" title=\"eLogii&#039;s Short Explainer Video\" width=\"686\" height=\"386\" src=\"https:\/\/www.youtube.com\/embed\/ROGPPOySUqw?feature=oembed&amp;wmode=transparent&amp;autohide=1&amp;autoplay=0&amp;disablekb=0&amp;fs=1&amp;loop=0&amp;enablejsapi=1&amp;rel=0&amp;controls=2&amp;showinfo=0&amp;wmode=transparent&amp;autohide=2&amp;autoplay=0&amp;disablekb=0&amp;fs=1&amp;loop=0&amp;enablejsapi=1&amp;rel=0&amp;controls=2&amp;showinfo=1\" frameborder=\"0\" allow=\"accelerometer; autoplay; clipboard-write; encrypted-media; gyroscope; picture-in-picture\" allowfullscreen><\/iframe><\/div>\n<\/div>\n<h3>ELOGII &#8211; CARATTERISTICHE<\/h3>\n<ul>\n<li><strong>Logistica automatizzata<\/strong>: instradamento, pianificazione e spedizione senza processi manuali<\/li>\n<li><strong>Ottimizzazione dei percorsi<\/strong>: l&#8217;ottimizzazione pi\u00f9 veloce sul mercato, 100 percorsi in pochi secondi<\/li>\n<li><strong>Gestione di qualsiasi numero di vincoli<\/strong>: qualsiasi numero di competenze richieste ad autisti\/agenti, capacit\u00e0 dei veicoli o qualsiasi altra cosa<\/li>\n<li><strong>Monitoraggio e notifiche in tempo reale<\/strong>: tracciamento in tempo reale, reazione, ri-ottimizzazione, vista centralizzata e notifiche personalizzabili<\/li>\n<li><strong>Sicurezza a prova di bomba<\/strong>: firme, codici a barre, codici di sicurezza, verifica dell&#8217;et\u00e0, ecc.<\/li>\n<li><strong>Gestione dei dati senza soluzione di continuit\u00e0<\/strong>: caricamento in massa di file Excel\/CSV con mappatura completa, integrazione in qualsiasi sistema tramite API.<\/li>\n<\/ul>\n<h4>LE RECENSIONI DEGLI UTENTI<\/h4>\n<p><strong>Karan S. &#8220;Semplice prova di consegna elettronica&#8221;<\/strong><br \/>\nCOMMENTI: ottimizzare i percorsi e le consegne per sfruttare meglio la nostra flotta di camion e risparmiare sulle funzioni amministrative di back office, acquisendo e distribuendo un EPOD<br \/>\nPRO: il sistema \u00e8 facile da usare e molto efficace per aiutare a pianificare la consegna delle nostre merci utilizzando la nostra flotta di camion. Una prova elettronica di consegna (E-POD) aiuta ad eliminare domande e controversie.<br \/>\nCONTRO: il motore di pianificazione del percorso pu\u00f2 a volte comportarsi in modo imprevedibile, facendo fare all&#8217;utente pi\u00f9 ritiri\/spedizioni<\/p>\n<p><strong>Zachary T. &#8220;Prodotto eccellente! Vale bene i soldi!&#8221;<\/strong><br \/>\nPRO: fa capire il modo migliore per servire 400 fermate a settimana tra 6 autisti che iniziano in luoghi diversi in modo rapido e facile, e soprattutto efficace. Amo il prodotto.<br \/>\nCONTRO: il costo \u00e8 superiore alla maggior parte degli altri software.<\/p>\n<p><strong>Henrique P. &#8220;Routing e ottimizzazione eccellenti&#8221;<\/strong><br \/>\nCOMMENTI: fin dall&#8217;inizio ho avuto molto supporto e ho fatto molte conference call e demo. Il team \u00e8 stato in grado di darmi molte informazioni. Siamo ancora su una curva di apprendimento in quanto il software offre molte caratteristiche.<br \/>\nPRO: il meglio \u00e8 stato come il team di Elogii, \u00e8 stato in grado di adattare alcune delle caratteristiche per il nostro uso. L&#8217;ottimizzazione \u00e8 molto veloce e ci ha fatto risparmiare molto tempo.<br \/>\nCONTRO: il file csv delle attivit\u00e0 ha molti campi ed \u00e8 facile fare un errore.<\/p>\n","protected":false},"excerpt":{"rendered":"<p>eLogii \u00e8 un&#8217;applicazione web e mobile, disponibile per dispositivi iOS e Android, che si rivolge ad aziende di qualsiasi dimensione che gestiscono consegne a domicilio. Grazie a questa piattaforma end-to-end scalabile e modulare, potrete automatizzare e semplificare le vostre operazioni di consegna\/assistenza sul campo.<\/p>\n","protected":false},"author":17,"featured_media":54625,"parent":54405,"menu_order":0,"comment_status":"open","ping_status":"closed","template":"g1_template_page_review_new.php","meta":{"_acf_changed":false,"cwp_meta_box_check":"No","cwp_rev_product_name":"","cwp_rev_product_image":"","wppr_links":[],"cwp_rev_price":"","wppr_options":[],"wppr_pros":[],"wppr_cons":[],"_monsterinsights_skip_tracking":false,"_monsterinsights_sitenote_active":false,"_monsterinsights_sitenote_note":"","_monsterinsights_sitenote_category":0,"footnotes":""},"categories":[12168],"tags":[12170,12215,12175,12174,12172,12209],"features":[],"class_list":{"0":"post-54619","1":"page","2":"type-page","3":"status-publish","4":"has-post-thumbnail","6":"category-app-cibo-domicilio-cat","7":"tag-app-cibo-a-domicilio","8":"tag-cibo-a-domiclio","9":"tag-consegna-cibo-a-domicilio","10":"tag-programma-cibo-a-domicilio","11":"tag-software-cibo-a-domicilio","12":"tag-soluzione-per-cibo-a-domicilio"},"wppr_data":{"cwp_meta_box_check":"No"},"acf":[],"yoast_head":"<!-- This site is optimized with the Yoast SEO plugin v27.4 - https:\/\/yoast.com\/product\/yoast-seo-wordpress\/ -->\n<title>eLogii: recensione app cibo domicilio - Accurate Reviews<\/title>\n<meta name=\"description\" content=\"eLogii: recensione dell&#039;applicazione web e mobile che si rivolge ad aziende di qualsiasi dimensione che gestiscono consegne a domicilio.\" \/>\n<meta name=\"robots\" content=\"index, follow, max-snippet:-1, max-image-preview:large, max-video-preview:-1\" \/>\n<link rel=\"canonical\" href=\"https:\/\/www.accuratereviews.com\/it\/app-cibo-domicilio\/elogii-recensione\/\" \/>\n<meta property=\"og:locale\" content=\"it_IT\" \/>\n<meta property=\"og:type\" content=\"article\" \/>\n<meta property=\"og:title\" content=\"eLogii: recensione app cibo domicilio - Accurate Reviews\" \/>\n<meta property=\"og:description\" content=\"eLogii: recensione dell&#039;applicazione web e mobile che si rivolge ad aziende di qualsiasi dimensione che gestiscono consegne a domicilio.\" \/>\n<meta property=\"og:url\" content=\"https:\/\/www.accuratereviews.com\/it\/app-cibo-domicilio\/elogii-recensione\/\" \/>\n<meta property=\"og:site_name\" content=\"Accurate Reviews\" \/>\n<meta property=\"og:image\" content=\"https:\/\/www.accuratereviews.com\/wp-content\/uploads\/2022\/03\/Unknown-3.png\" \/>\n\t<meta property=\"og:image:width\" content=\"738\" \/>\n\t<meta property=\"og:image:height\" content=\"200\" \/>\n\t<meta property=\"og:image:type\" content=\"image\/png\" \/>\n<meta name=\"twitter:card\" content=\"summary_large_image\" \/>\n<meta name=\"twitter:label1\" content=\"Tempo di lettura stimato\" \/>\n\t<meta name=\"twitter:data1\" content=\"3 minuti\" \/>\n<script type=\"application\/ld+json\" class=\"yoast-schema-graph\">{\"@context\":\"https:\\\/\\\/schema.org\",\"@graph\":[{\"@type\":\"WebPage\",\"@id\":\"https:\\\/\\\/www.accuratereviews.com\\\/it\\\/app-cibo-domicilio\\\/elogii-recensione\\\/\",\"url\":\"https:\\\/\\\/www.accuratereviews.com\\\/it\\\/app-cibo-domicilio\\\/elogii-recensione\\\/\",\"name\":\"eLogii: recensione app cibo domicilio - Accurate Reviews\",\"isPartOf\":{\"@id\":\"https:\\\/\\\/www.accuratereviews.com\\\/it\\\/#website\"},\"primaryImageOfPage\":{\"@id\":\"https:\\\/\\\/www.accuratereviews.com\\\/it\\\/app-cibo-domicilio\\\/elogii-recensione\\\/#primaryimage\"},\"image\":{\"@id\":\"https:\\\/\\\/www.accuratereviews.com\\\/it\\\/app-cibo-domicilio\\\/elogii-recensione\\\/#primaryimage\"},\"thumbnailUrl\":\"https:\\\/\\\/www.accuratereviews.com\\\/wp-content\\\/uploads\\\/2022\\\/03\\\/Unknown-3.png\",\"datePublished\":\"2022-03-08T08:11:08+00:00\",\"description\":\"eLogii: recensione dell'applicazione web e mobile che si rivolge ad aziende di qualsiasi dimensione che gestiscono consegne a domicilio.\",\"breadcrumb\":{\"@id\":\"https:\\\/\\\/www.accuratereviews.com\\\/it\\\/app-cibo-domicilio\\\/elogii-recensione\\\/#breadcrumb\"},\"inLanguage\":\"it-IT\",\"potentialAction\":[{\"@type\":\"ReadAction\",\"target\":[\"https:\\\/\\\/www.accuratereviews.com\\\/it\\\/app-cibo-domicilio\\\/elogii-recensione\\\/\"]}]},{\"@type\":\"ImageObject\",\"inLanguage\":\"it-IT\",\"@id\":\"https:\\\/\\\/www.accuratereviews.com\\\/it\\\/app-cibo-domicilio\\\/elogii-recensione\\\/#primaryimage\",\"url\":\"https:\\\/\\\/www.accuratereviews.com\\\/wp-content\\\/uploads\\\/2022\\\/03\\\/Unknown-3.png\",\"contentUrl\":\"https:\\\/\\\/www.accuratereviews.com\\\/wp-content\\\/uploads\\\/2022\\\/03\\\/Unknown-3.png\",\"width\":738,\"height\":200},{\"@type\":\"BreadcrumbList\",\"@id\":\"https:\\\/\\\/www.accuratereviews.com\\\/it\\\/app-cibo-domicilio\\\/elogii-recensione\\\/#breadcrumb\",\"itemListElement\":[{\"@type\":\"ListItem\",\"position\":1,\"name\":\"Home\",\"item\":\"https:\\\/\\\/www.accuratereviews.com\\\/it\\\/\"},{\"@type\":\"ListItem\",\"position\":2,\"name\":\"App per cibo a domicilio\",\"item\":\"https:\\\/\\\/www.accuratereviews.com\\\/it\\\/app-cibo-domicilio\\\/\"},{\"@type\":\"ListItem\",\"position\":3,\"name\":\"eLogii\"}]},{\"@type\":\"WebSite\",\"@id\":\"https:\\\/\\\/www.accuratereviews.com\\\/it\\\/#website\",\"url\":\"https:\\\/\\\/www.accuratereviews.com\\\/it\\\/\",\"name\":\"Accurate Reviews\",\"description\":\"\",\"potentialAction\":[{\"@type\":\"SearchAction\",\"target\":{\"@type\":\"EntryPoint\",\"urlTemplate\":\"https:\\\/\\\/www.accuratereviews.com\\\/it\\\/?s={search_term_string}\"},\"query-input\":{\"@type\":\"PropertyValueSpecification\",\"valueRequired\":true,\"valueName\":\"search_term_string\"}}],\"inLanguage\":\"it-IT\"}]}<\/script>\n<!-- \/ Yoast SEO plugin. -->","yoast_head_json":{"title":"eLogii: recensione app cibo domicilio - Accurate Reviews","description":"eLogii: recensione dell'applicazione web e mobile che si rivolge ad aziende di qualsiasi dimensione che gestiscono consegne a domicilio.","robots":{"index":"index","follow":"follow","max-snippet":"max-snippet:-1","max-image-preview":"max-image-preview:large","max-video-preview":"max-video-preview:-1"},"canonical":"https:\/\/www.accuratereviews.com\/it\/app-cibo-domicilio\/elogii-recensione\/","og_locale":"it_IT","og_type":"article","og_title":"eLogii: recensione app cibo domicilio - Accurate Reviews","og_description":"eLogii: recensione dell'applicazione web e mobile che si rivolge ad aziende di qualsiasi dimensione che gestiscono consegne a domicilio.","og_url":"https:\/\/www.accuratereviews.com\/it\/app-cibo-domicilio\/elogii-recensione\/","og_site_name":"Accurate Reviews","og_image":[{"width":738,"height":200,"url":"https:\/\/www.accuratereviews.com\/wp-content\/uploads\/2022\/03\/Unknown-3.png","type":"image\/png"}],"twitter_card":"summary_large_image","twitter_misc":{"Tempo di lettura stimato":"3 minuti"},"schema":{"@context":"https:\/\/schema.org","@graph":[{"@type":"WebPage","@id":"https:\/\/www.accuratereviews.com\/it\/app-cibo-domicilio\/elogii-recensione\/","url":"https:\/\/www.accuratereviews.com\/it\/app-cibo-domicilio\/elogii-recensione\/","name":"eLogii: recensione app cibo domicilio - Accurate Reviews","isPartOf":{"@id":"https:\/\/www.accuratereviews.com\/it\/#website"},"primaryImageOfPage":{"@id":"https:\/\/www.accuratereviews.com\/it\/app-cibo-domicilio\/elogii-recensione\/#primaryimage"},"image":{"@id":"https:\/\/www.accuratereviews.com\/it\/app-cibo-domicilio\/elogii-recensione\/#primaryimage"},"thumbnailUrl":"https:\/\/www.accuratereviews.com\/wp-content\/uploads\/2022\/03\/Unknown-3.png","datePublished":"2022-03-08T08:11:08+00:00","description":"eLogii: recensione dell'applicazione web e mobile che si rivolge ad aziende di qualsiasi dimensione che gestiscono consegne a domicilio.","breadcrumb":{"@id":"https:\/\/www.accuratereviews.com\/it\/app-cibo-domicilio\/elogii-recensione\/#breadcrumb"},"inLanguage":"it-IT","potentialAction":[{"@type":"ReadAction","target":["https:\/\/www.accuratereviews.com\/it\/app-cibo-domicilio\/elogii-recensione\/"]}]},{"@type":"ImageObject","inLanguage":"it-IT","@id":"https:\/\/www.accuratereviews.com\/it\/app-cibo-domicilio\/elogii-recensione\/#primaryimage","url":"https:\/\/www.accuratereviews.com\/wp-content\/uploads\/2022\/03\/Unknown-3.png","contentUrl":"https:\/\/www.accuratereviews.com\/wp-content\/uploads\/2022\/03\/Unknown-3.png","width":738,"height":200},{"@type":"BreadcrumbList","@id":"https:\/\/www.accuratereviews.com\/it\/app-cibo-domicilio\/elogii-recensione\/#breadcrumb","itemListElement":[{"@type":"ListItem","position":1,"name":"Home","item":"https:\/\/www.accuratereviews.com\/it\/"},{"@type":"ListItem","position":2,"name":"App per cibo a domicilio","item":"https:\/\/www.accuratereviews.com\/it\/app-cibo-domicilio\/"},{"@type":"ListItem","position":3,"name":"eLogii"}]},{"@type":"WebSite","@id":"https:\/\/www.accuratereviews.com\/it\/#website","url":"https:\/\/www.accuratereviews.com\/it\/","name":"Accurate Reviews","description":"","potentialAction":[{"@type":"SearchAction","target":{"@type":"EntryPoint","urlTemplate":"https:\/\/www.accuratereviews.com\/it\/?s={search_term_string}"},"query-input":{"@type":"PropertyValueSpecification","valueRequired":true,"valueName":"search_term_string"}}],"inLanguage":"it-IT"}]}},"_links":{"self":[{"href":"https:\/\/www.accuratereviews.com\/it\/wp-json\/wp\/v2\/pages\/54619","targetHints":{"allow":["GET"]}}],"collection":[{"href":"https:\/\/www.accuratereviews.com\/it\/wp-json\/wp\/v2\/pages"}],"about":[{"href":"https:\/\/www.accuratereviews.com\/it\/wp-json\/wp\/v2\/types\/page"}],"author":[{"embeddable":true,"href":"https:\/\/www.accuratereviews.com\/it\/wp-json\/wp\/v2\/users\/17"}],"replies":[{"embeddable":true,"href":"https:\/\/www.accuratereviews.com\/it\/wp-json\/wp\/v2\/comments?post=54619"}],"version-history":[{"count":2,"href":"https:\/\/www.accuratereviews.com\/it\/wp-json\/wp\/v2\/pages\/54619\/revisions"}],"predecessor-version":[{"id":54631,"href":"https:\/\/www.accuratereviews.com\/it\/wp-json\/wp\/v2\/pages\/54619\/revisions\/54631"}],"up":[{"embeddable":true,"href":"https:\/\/www.accuratereviews.com\/it\/wp-json\/wp\/v2\/pages\/54405"}],"wp:featuredmedia":[{"embeddable":true,"href":"https:\/\/www.accuratereviews.com\/it\/wp-json\/wp\/v2\/media\/54625"}],"wp:attachment":[{"href":"https:\/\/www.accuratereviews.com\/it\/wp-json\/wp\/v2\/media?parent=54619"}],"wp:term":[{"taxonomy":"category","embeddable":true,"href":"https:\/\/www.accuratereviews.com\/it\/wp-json\/wp\/v2\/categories?post=54619"},{"taxonomy":"post_tag","embeddable":true,"href":"https:\/\/www.accuratereviews.com\/it\/wp-json\/wp\/v2\/tags?post=54619"},{"taxonomy":"features","embeddable":true,"href":"https:\/\/www.accuratereviews.com\/it\/wp-json\/wp\/v2\/features?post=54619"}],"curies":[{"name":"wp","href":"https:\/\/api.w.org\/{rel}","templated":true}]}}