{"id":54639,"date":"2022-03-09T11:55:44","date_gmt":"2022-03-09T11:55:44","guid":{"rendered":"https:\/\/www.accuratereviews.com\/?page_id=54639"},"modified":"2022-03-09T11:55:44","modified_gmt":"2022-03-09T11:55:44","slug":"opentable-recensione","status":"publish","type":"page","link":"https:\/\/www.accuratereviews.com\/it\/app-cibo-domicilio\/opentable-recensione\/","title":{"rendered":"OpenTable"},"content":{"rendered":"<p><strong>OpenTable<\/strong> \u00e8 una <strong>piattaforma di gestione dei ristoranti<\/strong> che offre prenotazioni online, ordini da asporto, strumenti di marketing, premi fedelt\u00e0 degli ospiti e altro ancora. \u00c8 adatto a ristoranti di tutte le dimensioni, nonch\u00e9 a bar, cantine, hotel e altre attivit\u00e0. Con un set completo di strumenti, il software pu\u00f2 aiutare le aziende a occupare posti, gestire le operazioni quotidiane e aumentare le opportunit\u00e0 di guadagno. La piattaforma pu\u00f2 integrarsi con i sistemi esistenti tra cui POS, marketing, gestione dei contenuti e altre soluzioni di terze parti.\u00a0Sulla base di esigenze uniche, <strong>OpenTable<\/strong> consente alle aziende di personalizzare le esperienze degli ospiti come happy hour, menu degustazione o eventi speciali. Pu\u00f2 essere utilizzato per gestire planimetrie, preferenze degli ospiti, restrizioni dietetiche e altri dettagli. I ristoranti possono scegliere di sospendere gli ordini online durante i periodi di punta, secondo necessit\u00e0.<\/p>\n<h2>OPENTABLE &#8211; TUTORIAL<\/h2>\n<p>Guardiamo le principali funzioni di questa <strong>app per il cibo a domicilio<\/strong>:<\/p>\n<div id=\"fluid-wrapper-counter-1\" class=\"g1-fluid-wrapper \" style=\"width:686px;\">\n<div style=\"padding-bottom:56.268221574344%;\"><iframe loading=\"lazy\" title=\"Dining areas: Put your best seats forward\" width=\"686\" height=\"386\" src=\"https:\/\/www.youtube.com\/embed\/KFYwd8iPX9k?feature=oembed&amp;wmode=transparent&amp;autohide=1&amp;autoplay=0&amp;disablekb=0&amp;fs=1&amp;loop=0&amp;enablejsapi=1&amp;rel=0&amp;controls=2&amp;showinfo=0&amp;wmode=transparent&amp;autohide=2&amp;autoplay=0&amp;disablekb=0&amp;fs=1&amp;loop=0&amp;enablejsapi=1&amp;rel=0&amp;controls=2&amp;showinfo=1\" frameborder=\"0\" allow=\"accelerometer; autoplay; clipboard-write; encrypted-media; gyroscope; picture-in-picture\" allowfullscreen><\/iframe><\/div>\n<\/div>\n<h3>OPENTABLE &#8211; CARATTERISTICHE<\/h3>\n<ul>\n<li>Metti il tuo ristorante in vetrina davanti a clienti internazionali attraverso questa piattaforma<\/li>\n<li>Aumenta la visibilit\u00e0 del tuo profilo. Metti in evidenza i menu, le recensioni e le informazioni del ristorante in lingue diverse e gestisci il tutto nella tua lingua<\/li>\n<li>Invia ai clienti dei promemoria per ricordargli le loro prenotazioni imminenti<\/li>\n<li>Iniziare \u00e8 facile: puoi essere online e accettare le prenotazioni entro 24 ore<\/li>\n<li>Le prenotazioni possono essere effettuate sui siti partner. Fatti conoscere tramite il tuo sito web, Facebook e i siti partner<\/li>\n<li>Ricevi notifiche per le prenotazioni. Attiva email e notifiche push per ricevere info su ogni prenotazione effettuata, modificata o annullata<\/li>\n<li>Invia email di conferma automatiche. I clienti ricevono email di conferma automatiche una volta effettuata la prenotazione<\/li>\n<li>Lasciare recensioni \u00e8 consentito solo ai clienti che sono stati nel tuo ristorante<\/li>\n<li>Le offerte non devono essere necessariamente sconti: utilizza e promuovi i menu fissi che gi\u00e0 offri e attrai la clientela che desideri<\/li>\n<li>Tieniti un passo avanti rispetto agli altri e assicurati sempre che il tuo ristorante sia trovato per primo nelle ricerche<\/li>\n<li>Utilizza le offerte solo durante i turni e nei giorni in cui ne hai davvero\u00a0bisogno.<\/li>\n<\/ul>\n<h4>LE RECENSIONI DEGLI UTENTI<\/h4>\n<p class=\"font-weight-bold mb-2\"><strong>Diane wendy H.&#8221;Scegli una data, un&#8217;ora e un luogo&#8230;&#8221;<\/strong><\/p>\n<p><span class=\"font-weight-bold\"><strong>Commenti<\/strong>: <\/span>OpenTable \u00e8 fantastico. \u00c8 una strada a doppio senso. Sii educato: se devi cancellare la tua prenotazione, assicurati di contattare la sede e aggiornare la tua prenotazione.<\/p>\n<p class=\"font-weight-bold mb-2\"><strong>Pro<\/strong>:\u00a0\u00c8 cos\u00ec facile effettuare una prenotazione. Scegli una posizione, un tipo di cibo, ordina per valutazione\/prezzo o altro. Seleziona l&#8217;ora, la data, invia gli inviti. Interagisci con la sede con i dettagli. Fatto!<\/p>\n<p class=\"font-weight-bold mb-2\"><strong>Contro<\/strong>:\u00a0Vorrei che tu potessi prenotare gruppi pi\u00f9 grandi, ma ho capito. Sono sicuro che OpenTable vorrebbe poter prenotare anche gruppi pi\u00f9 grandi. Oh, di certo non vedi ristoranti nella zona che non usano OpenTable, quindi potresti avere pi\u00f9 scelte.<\/p>\n<p><strong>Eric r. B.&#8221;OpenTable \u00e8 ottimo quando \u00e8 configurato correttamente, ma nasconde troppi strumenti utili&#8221;<\/strong><\/p>\n<p class=\"font-weight-bold mb-2\"><strong>Pro<\/strong>:\u00a0Quando OpenTable aveva un sistema di prenotazione pi\u00f9 pulito, era eccellente. Potresti prenotare con largo anticipo e avevano un sistema basato su punti che ti faceva guadagnare premi. Qualche anno fa, hanno perso molte delle loro funzionalit\u00e0 e sembravano perdere la capacit\u00e0 di prenotare molti ristoranti che avevano precedentemente. Il sistema di ricompense era una parte importante del mio uso regolare, quindi ho smesso di usarli pi\u00f9 spesso di conseguenza.<\/p>\n<p class=\"font-weight-bold mb-2\"><strong>Contro<\/strong>:\u00a0Quando c&#8217;\u00e8 un&#8217;opzione di prenotazione nell&#8217;elenco di un ristorante, \u00e8 un po&#8217; nascosta. Questo ha molto poco senso.<\/p>\n<h5 class=\"font-weight-bold mb-2\">Matthew G.&#8221;OpenTable&#8221;<\/h5>\n<p class=\"font-weight-bold mb-2\"><strong>Pro<\/strong>:\u00a0\u00c8 facile prenotare online senza parlare con qualcuno al telefono.<\/p>\n<p class=\"font-weight-bold mb-2\"><strong>Contro<\/strong>:\u00a0Sebbene Open Table possa fissare una prenotazione, non tutti i ristoranti rispettano effettivamente queste prenotazioni.<\/p>\n","protected":false},"excerpt":{"rendered":"<p>OpenTable \u00e8 una piattaforma di gestione dei ristoranti che offre prenotazioni online, ordini da asporto, strumenti di marketing, premi fedelt\u00e0 degli ospiti e altro ancora. \u00c8 adatto a ristoranti di tutte le dimensioni, nonch\u00e9 a bar, cantine, hotel e altre attivit\u00e0. Con un set completo di strumenti, il software pu\u00f2 aiutare le aziende a occupare posti, gestire le operazioni quotidiane e aumentare le opportunit\u00e0 di guadagno.<\/p>\n","protected":false},"author":16,"featured_media":54640,"parent":54405,"menu_order":0,"comment_status":"open","ping_status":"closed","template":"g1_template_page_review_new.php","meta":{"_acf_changed":false,"cwp_meta_box_check":"No","cwp_rev_product_name":"","cwp_rev_product_image":"","wppr_links":[],"cwp_rev_price":"","wppr_options":[],"wppr_pros":[],"wppr_cons":[],"_monsterinsights_skip_tracking":false,"_monsterinsights_sitenote_active":false,"_monsterinsights_sitenote_note":"","_monsterinsights_sitenote_category":0,"footnotes":""},"categories":[12168],"tags":[12193,12171,12223,12189,12174,12172,12173],"features":[],"class_list":{"0":"post-54639","1":"page","2":"type-page","3":"status-publish","4":"has-post-thumbnail","6":"category-app-cibo-domicilio-cat","7":"tag-app-per-cibo-a-domicilio","8":"tag-cibo-a-domicilio","9":"tag-opentable","10":"tag-piattaforma-cibo-a-domicilio","11":"tag-programma-cibo-a-domicilio","12":"tag-software-cibo-a-domicilio","13":"tag-soluzione-cibo-a-domicilio"},"wppr_data":{"cwp_meta_box_check":"No"},"acf":[],"yoast_head":"<!-- This site is optimized with the Yoast SEO plugin v27.4 - https:\/\/yoast.com\/product\/yoast-seo-wordpress\/ -->\n<title>OpenTable: recensione app cibo a domicilio - Accurate Reviews<\/title>\n<meta name=\"description\" content=\"OpenTable: recensione app di gestione dei ristoranti che offre prenotazioni online, ordini da asporto, strumenti di marketing e premi fedelt\u00e0.\" \/>\n<meta name=\"robots\" content=\"index, follow, max-snippet:-1, max-image-preview:large, max-video-preview:-1\" \/>\n<link rel=\"canonical\" href=\"https:\/\/www.accuratereviews.com\/it\/app-cibo-domicilio\/opentable-recensione\/\" \/>\n<meta property=\"og:locale\" content=\"it_IT\" \/>\n<meta property=\"og:type\" content=\"article\" \/>\n<meta property=\"og:title\" content=\"OpenTable: recensione app cibo a domicilio - Accurate Reviews\" \/>\n<meta property=\"og:description\" content=\"OpenTable: recensione app di gestione dei ristoranti che offre prenotazioni online, ordini da asporto, strumenti di marketing e premi fedelt\u00e0.\" \/>\n<meta property=\"og:url\" content=\"https:\/\/www.accuratereviews.com\/it\/app-cibo-domicilio\/opentable-recensione\/\" \/>\n<meta property=\"og:site_name\" content=\"Accurate Reviews\" \/>\n<meta property=\"og:image\" content=\"https:\/\/www.accuratereviews.com\/wp-content\/uploads\/2022\/03\/opentable-vector-logo.png\" \/>\n\t<meta property=\"og:image:width\" content=\"900\" \/>\n\t<meta property=\"og:image:height\" content=\"500\" \/>\n\t<meta property=\"og:image:type\" content=\"image\/png\" \/>\n<meta name=\"twitter:card\" content=\"summary_large_image\" \/>\n<meta name=\"twitter:label1\" content=\"Tempo di lettura stimato\" \/>\n\t<meta name=\"twitter:data1\" content=\"4 minuti\" \/>\n<script type=\"application\/ld+json\" class=\"yoast-schema-graph\">{\"@context\":\"https:\\\/\\\/schema.org\",\"@graph\":[{\"@type\":\"WebPage\",\"@id\":\"https:\\\/\\\/www.accuratereviews.com\\\/it\\\/app-cibo-domicilio\\\/opentable-recensione\\\/\",\"url\":\"https:\\\/\\\/www.accuratereviews.com\\\/it\\\/app-cibo-domicilio\\\/opentable-recensione\\\/\",\"name\":\"OpenTable: recensione app cibo a domicilio - Accurate Reviews\",\"isPartOf\":{\"@id\":\"https:\\\/\\\/www.accuratereviews.com\\\/it\\\/#website\"},\"primaryImageOfPage\":{\"@id\":\"https:\\\/\\\/www.accuratereviews.com\\\/it\\\/app-cibo-domicilio\\\/opentable-recensione\\\/#primaryimage\"},\"image\":{\"@id\":\"https:\\\/\\\/www.accuratereviews.com\\\/it\\\/app-cibo-domicilio\\\/opentable-recensione\\\/#primaryimage\"},\"thumbnailUrl\":\"https:\\\/\\\/www.accuratereviews.com\\\/wp-content\\\/uploads\\\/2022\\\/03\\\/opentable-vector-logo.png\",\"datePublished\":\"2022-03-09T11:55:44+00:00\",\"description\":\"OpenTable: recensione app di gestione dei ristoranti che offre prenotazioni online, ordini da asporto, strumenti di marketing e premi fedelt\u00e0.\",\"breadcrumb\":{\"@id\":\"https:\\\/\\\/www.accuratereviews.com\\\/it\\\/app-cibo-domicilio\\\/opentable-recensione\\\/#breadcrumb\"},\"inLanguage\":\"it-IT\",\"potentialAction\":[{\"@type\":\"ReadAction\",\"target\":[\"https:\\\/\\\/www.accuratereviews.com\\\/it\\\/app-cibo-domicilio\\\/opentable-recensione\\\/\"]}]},{\"@type\":\"ImageObject\",\"inLanguage\":\"it-IT\",\"@id\":\"https:\\\/\\\/www.accuratereviews.com\\\/it\\\/app-cibo-domicilio\\\/opentable-recensione\\\/#primaryimage\",\"url\":\"https:\\\/\\\/www.accuratereviews.com\\\/wp-content\\\/uploads\\\/2022\\\/03\\\/opentable-vector-logo.png\",\"contentUrl\":\"https:\\\/\\\/www.accuratereviews.com\\\/wp-content\\\/uploads\\\/2022\\\/03\\\/opentable-vector-logo.png\",\"width\":900,\"height\":500},{\"@type\":\"BreadcrumbList\",\"@id\":\"https:\\\/\\\/www.accuratereviews.com\\\/it\\\/app-cibo-domicilio\\\/opentable-recensione\\\/#breadcrumb\",\"itemListElement\":[{\"@type\":\"ListItem\",\"position\":1,\"name\":\"Home\",\"item\":\"https:\\\/\\\/www.accuratereviews.com\\\/it\\\/\"},{\"@type\":\"ListItem\",\"position\":2,\"name\":\"App per cibo a domicilio\",\"item\":\"https:\\\/\\\/www.accuratereviews.com\\\/it\\\/app-cibo-domicilio\\\/\"},{\"@type\":\"ListItem\",\"position\":3,\"name\":\"OpenTable\"}]},{\"@type\":\"WebSite\",\"@id\":\"https:\\\/\\\/www.accuratereviews.com\\\/it\\\/#website\",\"url\":\"https:\\\/\\\/www.accuratereviews.com\\\/it\\\/\",\"name\":\"Accurate Reviews\",\"description\":\"\",\"potentialAction\":[{\"@type\":\"SearchAction\",\"target\":{\"@type\":\"EntryPoint\",\"urlTemplate\":\"https:\\\/\\\/www.accuratereviews.com\\\/it\\\/?s={search_term_string}\"},\"query-input\":{\"@type\":\"PropertyValueSpecification\",\"valueRequired\":true,\"valueName\":\"search_term_string\"}}],\"inLanguage\":\"it-IT\"}]}<\/script>\n<!-- \/ Yoast SEO plugin. -->","yoast_head_json":{"title":"OpenTable: recensione app cibo a domicilio - Accurate Reviews","description":"OpenTable: recensione app di gestione dei ristoranti che offre prenotazioni online, ordini da asporto, strumenti di marketing e premi fedelt\u00e0.","robots":{"index":"index","follow":"follow","max-snippet":"max-snippet:-1","max-image-preview":"max-image-preview:large","max-video-preview":"max-video-preview:-1"},"canonical":"https:\/\/www.accuratereviews.com\/it\/app-cibo-domicilio\/opentable-recensione\/","og_locale":"it_IT","og_type":"article","og_title":"OpenTable: recensione app cibo a domicilio - Accurate Reviews","og_description":"OpenTable: recensione app di gestione dei ristoranti che offre prenotazioni online, ordini da asporto, strumenti di marketing e premi fedelt\u00e0.","og_url":"https:\/\/www.accuratereviews.com\/it\/app-cibo-domicilio\/opentable-recensione\/","og_site_name":"Accurate Reviews","og_image":[{"width":900,"height":500,"url":"https:\/\/www.accuratereviews.com\/wp-content\/uploads\/2022\/03\/opentable-vector-logo.png","type":"image\/png"}],"twitter_card":"summary_large_image","twitter_misc":{"Tempo di lettura stimato":"4 minuti"},"schema":{"@context":"https:\/\/schema.org","@graph":[{"@type":"WebPage","@id":"https:\/\/www.accuratereviews.com\/it\/app-cibo-domicilio\/opentable-recensione\/","url":"https:\/\/www.accuratereviews.com\/it\/app-cibo-domicilio\/opentable-recensione\/","name":"OpenTable: recensione app cibo a domicilio - Accurate Reviews","isPartOf":{"@id":"https:\/\/www.accuratereviews.com\/it\/#website"},"primaryImageOfPage":{"@id":"https:\/\/www.accuratereviews.com\/it\/app-cibo-domicilio\/opentable-recensione\/#primaryimage"},"image":{"@id":"https:\/\/www.accuratereviews.com\/it\/app-cibo-domicilio\/opentable-recensione\/#primaryimage"},"thumbnailUrl":"https:\/\/www.accuratereviews.com\/wp-content\/uploads\/2022\/03\/opentable-vector-logo.png","datePublished":"2022-03-09T11:55:44+00:00","description":"OpenTable: recensione app di gestione dei ristoranti che offre prenotazioni online, ordini da asporto, strumenti di marketing e premi fedelt\u00e0.","breadcrumb":{"@id":"https:\/\/www.accuratereviews.com\/it\/app-cibo-domicilio\/opentable-recensione\/#breadcrumb"},"inLanguage":"it-IT","potentialAction":[{"@type":"ReadAction","target":["https:\/\/www.accuratereviews.com\/it\/app-cibo-domicilio\/opentable-recensione\/"]}]},{"@type":"ImageObject","inLanguage":"it-IT","@id":"https:\/\/www.accuratereviews.com\/it\/app-cibo-domicilio\/opentable-recensione\/#primaryimage","url":"https:\/\/www.accuratereviews.com\/wp-content\/uploads\/2022\/03\/opentable-vector-logo.png","contentUrl":"https:\/\/www.accuratereviews.com\/wp-content\/uploads\/2022\/03\/opentable-vector-logo.png","width":900,"height":500},{"@type":"BreadcrumbList","@id":"https:\/\/www.accuratereviews.com\/it\/app-cibo-domicilio\/opentable-recensione\/#breadcrumb","itemListElement":[{"@type":"ListItem","position":1,"name":"Home","item":"https:\/\/www.accuratereviews.com\/it\/"},{"@type":"ListItem","position":2,"name":"App per cibo a domicilio","item":"https:\/\/www.accuratereviews.com\/it\/app-cibo-domicilio\/"},{"@type":"ListItem","position":3,"name":"OpenTable"}]},{"@type":"WebSite","@id":"https:\/\/www.accuratereviews.com\/it\/#website","url":"https:\/\/www.accuratereviews.com\/it\/","name":"Accurate Reviews","description":"","potentialAction":[{"@type":"SearchAction","target":{"@type":"EntryPoint","urlTemplate":"https:\/\/www.accuratereviews.com\/it\/?s={search_term_string}"},"query-input":{"@type":"PropertyValueSpecification","valueRequired":true,"valueName":"search_term_string"}}],"inLanguage":"it-IT"}]}},"_links":{"self":[{"href":"https:\/\/www.accuratereviews.com\/it\/wp-json\/wp\/v2\/pages\/54639","targetHints":{"allow":["GET"]}}],"collection":[{"href":"https:\/\/www.accuratereviews.com\/it\/wp-json\/wp\/v2\/pages"}],"about":[{"href":"https:\/\/www.accuratereviews.com\/it\/wp-json\/wp\/v2\/types\/page"}],"author":[{"embeddable":true,"href":"https:\/\/www.accuratereviews.com\/it\/wp-json\/wp\/v2\/users\/16"}],"replies":[{"embeddable":true,"href":"https:\/\/www.accuratereviews.com\/it\/wp-json\/wp\/v2\/comments?post=54639"}],"version-history":[{"count":7,"href":"https:\/\/www.accuratereviews.com\/it\/wp-json\/wp\/v2\/pages\/54639\/revisions"}],"predecessor-version":[{"id":54692,"href":"https:\/\/www.accuratereviews.com\/it\/wp-json\/wp\/v2\/pages\/54639\/revisions\/54692"}],"up":[{"embeddable":true,"href":"https:\/\/www.accuratereviews.com\/it\/wp-json\/wp\/v2\/pages\/54405"}],"wp:featuredmedia":[{"embeddable":true,"href":"https:\/\/www.accuratereviews.com\/it\/wp-json\/wp\/v2\/media\/54640"}],"wp:attachment":[{"href":"https:\/\/www.accuratereviews.com\/it\/wp-json\/wp\/v2\/media?parent=54639"}],"wp:term":[{"taxonomy":"category","embeddable":true,"href":"https:\/\/www.accuratereviews.com\/it\/wp-json\/wp\/v2\/categories?post=54639"},{"taxonomy":"post_tag","embeddable":true,"href":"https:\/\/www.accuratereviews.com\/it\/wp-json\/wp\/v2\/tags?post=54639"},{"taxonomy":"features","embeddable":true,"href":"https:\/\/www.accuratereviews.com\/it\/wp-json\/wp\/v2\/features?post=54639"}],"curies":[{"name":"wp","href":"https:\/\/api.w.org\/{rel}","templated":true}]}}