{"id":54646,"date":"2022-03-08T11:40:22","date_gmt":"2022-03-08T11:40:22","guid":{"rendered":"https:\/\/www.accuratereviews.com\/?page_id=54646"},"modified":"2022-03-10T08:21:54","modified_gmt":"2022-03-10T08:21:54","slug":"cake-pos-recensione","status":"publish","type":"page","link":"https:\/\/www.accuratereviews.com\/it\/app-cibo-domicilio\/cake-pos-recensione\/","title":{"rendered":"Cake Pos"},"content":{"rendered":"<p><strong>Cake Pos<\/strong> \u00e8 una<strong> soluzione per punti vendita<\/strong> basata su <strong>cloud<\/strong> per ristoranti. Le caratteristiche principali includono l&#8217;accettazione dei pagamenti, il gestore degli ospiti e delle liste d&#8217;attesa, gli ordini online, le carte regalo e gli ordini al tavolo. Il modulo di reporting consente a proprietari e gestori di approfondire i rapporti sulle vendite per trovare gli ordini della settimana, dei giorni o delle ore. Il rapporto sulle buste paga aiuta gli utenti a calcolare i salari e gli straordinari e le vendite possono persino essere confrontate con i costi del lavoro ogni ora. Il monitoraggio delle ore di punta e il monitoraggio dei clienti sono disponibili anche su richiesta in tempo reale. Offre una modalit\u00e0 offline che consente agli utenti di gestire i ristoranti e accettare pagamenti quando la connessione a internet \u00e8 interrotta. Offre integrazione con PayPal, Xero, Orca, 7Shifts, Quickbooks e Avero.<\/p>\n<h2>CAKE POS &#8211; TUTORIAL<\/h2>\n<p>Guardiamo come \u00e8 semplice evadere un ordine con questa <strong>app per il cibo a domicilio<\/strong>:<\/p>\n<div id=\"fluid-wrapper-counter-1\" class=\"g1-fluid-wrapper \" style=\"width:686px;\">\n<div style=\"padding-bottom:56.268221574344%;\"><iframe loading=\"lazy\" title=\"CAKE Online Ordering\" width=\"686\" height=\"386\" src=\"https:\/\/www.youtube.com\/embed\/TSVGddEmFdY?feature=oembed&amp;wmode=transparent&amp;autohide=1&amp;autoplay=0&amp;disablekb=0&amp;fs=1&amp;loop=0&amp;enablejsapi=1&amp;rel=0&amp;controls=2&amp;showinfo=0&amp;wmode=transparent&amp;autohide=2&amp;autoplay=0&amp;disablekb=0&amp;fs=1&amp;loop=0&amp;enablejsapi=1&amp;rel=0&amp;controls=2&amp;showinfo=1\" frameborder=\"0\" allow=\"accelerometer; autoplay; clipboard-write; encrypted-media; gyroscope; picture-in-picture\" allowfullscreen><\/iframe><\/div>\n<\/div>\n<h3>CAKE POS &#8211; CARATTERISTICHE<\/h3>\n<ul>\n<li>Lavora in modo intelligente con il sistema POS intuitivo e facile da usare. Accelera la velocit\u00e0 del servizio con flussi di lavoro personalizzati, regolazioni al volo dei menu e voci degli ordini su un&#8217;unica semplice schermata<\/li>\n<li>Fai crescere la tua attivit\u00e0 con gli ordini online completi di ritiro a bordo strada e opzioni di consegna contactless. Tutti i tuoi ordini online si integrano completamente direttamente nel tuo punto vendita in modo da poter risparmiare tempo, denaro e aumentare la precisione degli ordini, offrendo ai tuoi ospiti esattamente ci\u00f2 che vogliono ogni volta<\/li>\n<li>Migliora il modo in cui il tuo ristorante gestisce la lista d&#8217;attesa, il tutto migliorando la gestione dei tavoli e ottimizzando il processo di prenotazione dei clienti. Accetta prenotazioni online, consenti agli ospiti di &#8220;mettersi in fila&#8221; virtualmente e gestisci gli ordini sul marciapiede, tutto in un unico sistema di facile utilizzo<\/li>\n<li>Gestisci il tuo ristorante da qualsiasi luogo. Report dinamici nel cloud, accessibili da qualsiasi dispositivo, ti danno il controllo del tuo ristorante. Tieni traccia di tutto in tempo reale, comprese le vendite settimanali di categoria, gli stipendi, le ore dei dipendenti e altro ancora<\/li>\n<li>In qualsiasi momento della giornata puoi contattare un rappresentante dell&#8217;assistenza clienti tramite chiamata, sms, email o chat senza costi aggiuntivi per te. Non ricordi come modificare una voce di menu? Gli operatori sono pronti ad aiutarti.<\/li>\n<\/ul>\n<h4>LE RECENSIONI DEGLI UTENTI<\/h4>\n<p class=\"font-weight-bold mb-2\"><strong>Matthew B.&#8221;Usiamo Cake da 2 anni ormai&#8221;<\/strong><\/p>\n<p><span class=\"font-weight-bold\"><strong>Commenti<\/strong>: <\/span>\u00c8 stato molto buono nel complesso. Ottimo servizio clienti.<\/p>\n<p class=\"font-weight-bold mb-2\"><strong>Pro<\/strong>:\u00a0\u00c8 facile da usare. Una volta che i miei dipendenti lo usano per un paio d&#8217;ore, lo raccolgono subito.<\/p>\n<p class=\"font-weight-bold mb-2\"><strong>Contro<\/strong>:\u00a0Non siamo stati in grado di impostare il nostro ordine online dal tavolo. C&#8217;erano troppi passi da fare per i clienti.<\/p>\n<p class=\"font-weight-bold mb-2\"><strong>Mary P.&#8221;Uso CAKE da quando abbiamo aperto nell&#8217;ottobre 2018! Il personale ei proprietari amano la facilit\u00e0 d&#8217;uso.&#8221;<\/strong><\/p>\n<p class=\"font-weight-bold mb-2\"><span class=\"font-weight-bold\"><strong>Commenti<\/strong>: <\/span>Uso la gestione del foglio presenze (Clock in\/out) per le buste paga. Questo \u00e8 un punto molto cruciale per Box Office Brewery e rende molto pi\u00f9 facile gestire le buste paga. Se un dipendente dimentica di timbrare, \u00e8 facilmente gestibile. Grazie.<\/p>\n<p class=\"font-weight-bold mb-2\"><strong>Pro<\/strong>:\u00a0La facilit\u00e0 d&#8217;uso! Facilit\u00e0 di impostazione del menu.<\/p>\n<p class=\"font-weight-bold mb-2\"><strong>Contro<\/strong>:\u00a0La segnalazione a volte pu\u00f2 essere complicata. Nel complesso ottimo prodotto.<\/p>\n<p class=\"font-weight-bold mb-2\"><strong>Amy S.&#8221;Sceglieremmo di nuovo la Cake!&#8221;<\/strong><\/p>\n<p><span class=\"font-weight-bold\"><strong>Commenti<\/strong>: <\/span>Adoro CAKE e sceglieremmo di nuovo questo sistema.<\/p>\n<p class=\"font-weight-bold mb-2\"><strong>Pro<\/strong>:\u00a0Questo software \u00e8 cos\u00ec facile da usare e il servizio clienti \u00e8 fantastico!<\/p>\n<p class=\"font-weight-bold mb-2\"><strong>Contro<\/strong>:\u00a0Non posso dire che c&#8217;\u00e8 qualcosa. Cake ha tutto<\/p>\n","protected":false},"excerpt":{"rendered":"<p>Cake Pos \u00e8 una soluzione per punti vendita basata su cloud per ristoranti. Le caratteristiche principali includono l&#8217;accettazione dei pagamenti, il gestore degli ospiti e delle liste d&#8217;attesa, gli ordini online, le carte regalo e gli ordini al tavolo.\u00a0Il modulo di reporting consente a proprietari e gestori di approfondire i rapporti sulle vendite per trovare gli ordini della settimana, dei giorni o delle ore.<\/p>\n","protected":false},"author":16,"featured_media":54648,"parent":54405,"menu_order":0,"comment_status":"open","ping_status":"closed","template":"g1_template_page_review_new.php","meta":{"_acf_changed":false,"cwp_meta_box_check":"No","cwp_rev_product_name":"","cwp_rev_product_image":"","wppr_links":[],"cwp_rev_price":"","wppr_options":[],"wppr_pros":[],"wppr_cons":[],"_monsterinsights_skip_tracking":false,"_monsterinsights_sitenote_active":false,"_monsterinsights_sitenote_note":"","_monsterinsights_sitenote_category":0,"footnotes":""},"categories":[12168],"tags":[12224,12171,12212,12211,12210,12209],"features":[],"class_list":{"0":"post-54646","1":"page","2":"type-page","3":"status-publish","4":"has-post-thumbnail","6":"category-app-cibo-domicilio-cat","7":"tag-cake-pos","8":"tag-cibo-a-domicilio","9":"tag-piattaforma-per-cibo-a-domicilio","10":"tag-programma-per-cibo-a-domicilio","11":"tag-software-per-cibo-a-domicilio","12":"tag-soluzione-per-cibo-a-domicilio"},"wppr_data":{"cwp_meta_box_check":"No"},"acf":[],"yoast_head":"<!-- This site is optimized with the Yoast SEO plugin v27.4 - https:\/\/yoast.com\/product\/yoast-seo-wordpress\/ -->\n<title>Cake Pos: recensione app per cibo a domicilio - Accurate Reviews<\/title>\n<meta name=\"description\" content=\"Cake Pos: recensione soluzione per punti vendita basata su cloud per gestire gli ordini e le consegne dei ristoranti.\" \/>\n<meta name=\"robots\" content=\"index, follow, max-snippet:-1, max-image-preview:large, max-video-preview:-1\" \/>\n<link rel=\"canonical\" href=\"https:\/\/www.accuratereviews.com\/it\/app-cibo-domicilio\/cake-pos-recensione\/\" \/>\n<meta property=\"og:locale\" content=\"it_IT\" \/>\n<meta property=\"og:type\" content=\"article\" \/>\n<meta property=\"og:title\" content=\"Cake Pos: recensione app per cibo a domicilio - Accurate Reviews\" \/>\n<meta property=\"og:description\" content=\"Cake Pos: recensione soluzione per punti vendita basata su cloud per gestire gli ordini e le consegne dei ristoranti.\" \/>\n<meta property=\"og:url\" content=\"https:\/\/www.accuratereviews.com\/it\/app-cibo-domicilio\/cake-pos-recensione\/\" \/>\n<meta property=\"og:site_name\" content=\"Accurate Reviews\" \/>\n<meta property=\"article:modified_time\" content=\"2022-03-10T08:21:54+00:00\" \/>\n<meta property=\"og:image\" content=\"https:\/\/www.accuratereviews.com\/wp-content\/uploads\/2022\/03\/CAKE-POS.webp\" \/>\n\t<meta property=\"og:image:width\" content=\"384\" \/>\n\t<meta property=\"og:image:height\" content=\"384\" \/>\n\t<meta property=\"og:image:type\" content=\"image\/webp\" \/>\n<meta name=\"twitter:card\" content=\"summary_large_image\" \/>\n<meta name=\"twitter:label1\" content=\"Tempo di lettura stimato\" \/>\n\t<meta name=\"twitter:data1\" content=\"4 minuti\" \/>\n<script type=\"application\/ld+json\" class=\"yoast-schema-graph\">{\"@context\":\"https:\\\/\\\/schema.org\",\"@graph\":[{\"@type\":\"WebPage\",\"@id\":\"https:\\\/\\\/www.accuratereviews.com\\\/it\\\/app-cibo-domicilio\\\/cake-pos-recensione\\\/\",\"url\":\"https:\\\/\\\/www.accuratereviews.com\\\/it\\\/app-cibo-domicilio\\\/cake-pos-recensione\\\/\",\"name\":\"Cake Pos: recensione app per cibo a domicilio - Accurate Reviews\",\"isPartOf\":{\"@id\":\"https:\\\/\\\/www.accuratereviews.com\\\/it\\\/#website\"},\"primaryImageOfPage\":{\"@id\":\"https:\\\/\\\/www.accuratereviews.com\\\/it\\\/app-cibo-domicilio\\\/cake-pos-recensione\\\/#primaryimage\"},\"image\":{\"@id\":\"https:\\\/\\\/www.accuratereviews.com\\\/it\\\/app-cibo-domicilio\\\/cake-pos-recensione\\\/#primaryimage\"},\"thumbnailUrl\":\"https:\\\/\\\/www.accuratereviews.com\\\/wp-content\\\/uploads\\\/2022\\\/03\\\/CAKE-POS.webp\",\"datePublished\":\"2022-03-08T11:40:22+00:00\",\"dateModified\":\"2022-03-10T08:21:54+00:00\",\"description\":\"Cake Pos: recensione soluzione per punti vendita basata su cloud per gestire gli ordini e le consegne dei ristoranti.\",\"breadcrumb\":{\"@id\":\"https:\\\/\\\/www.accuratereviews.com\\\/it\\\/app-cibo-domicilio\\\/cake-pos-recensione\\\/#breadcrumb\"},\"inLanguage\":\"it-IT\",\"potentialAction\":[{\"@type\":\"ReadAction\",\"target\":[\"https:\\\/\\\/www.accuratereviews.com\\\/it\\\/app-cibo-domicilio\\\/cake-pos-recensione\\\/\"]}]},{\"@type\":\"ImageObject\",\"inLanguage\":\"it-IT\",\"@id\":\"https:\\\/\\\/www.accuratereviews.com\\\/it\\\/app-cibo-domicilio\\\/cake-pos-recensione\\\/#primaryimage\",\"url\":\"https:\\\/\\\/www.accuratereviews.com\\\/wp-content\\\/uploads\\\/2022\\\/03\\\/CAKE-POS.webp\",\"contentUrl\":\"https:\\\/\\\/www.accuratereviews.com\\\/wp-content\\\/uploads\\\/2022\\\/03\\\/CAKE-POS.webp\",\"width\":384,\"height\":384},{\"@type\":\"BreadcrumbList\",\"@id\":\"https:\\\/\\\/www.accuratereviews.com\\\/it\\\/app-cibo-domicilio\\\/cake-pos-recensione\\\/#breadcrumb\",\"itemListElement\":[{\"@type\":\"ListItem\",\"position\":1,\"name\":\"Home\",\"item\":\"https:\\\/\\\/www.accuratereviews.com\\\/it\\\/\"},{\"@type\":\"ListItem\",\"position\":2,\"name\":\"App per cibo a domicilio\",\"item\":\"https:\\\/\\\/www.accuratereviews.com\\\/it\\\/app-cibo-domicilio\\\/\"},{\"@type\":\"ListItem\",\"position\":3,\"name\":\"Cake Pos\"}]},{\"@type\":\"WebSite\",\"@id\":\"https:\\\/\\\/www.accuratereviews.com\\\/it\\\/#website\",\"url\":\"https:\\\/\\\/www.accuratereviews.com\\\/it\\\/\",\"name\":\"Accurate Reviews\",\"description\":\"\",\"potentialAction\":[{\"@type\":\"SearchAction\",\"target\":{\"@type\":\"EntryPoint\",\"urlTemplate\":\"https:\\\/\\\/www.accuratereviews.com\\\/it\\\/?s={search_term_string}\"},\"query-input\":{\"@type\":\"PropertyValueSpecification\",\"valueRequired\":true,\"valueName\":\"search_term_string\"}}],\"inLanguage\":\"it-IT\"}]}<\/script>\n<!-- \/ Yoast SEO plugin. -->","yoast_head_json":{"title":"Cake Pos: recensione app per cibo a domicilio - Accurate Reviews","description":"Cake Pos: recensione soluzione per punti vendita basata su cloud per gestire gli ordini e le consegne dei ristoranti.","robots":{"index":"index","follow":"follow","max-snippet":"max-snippet:-1","max-image-preview":"max-image-preview:large","max-video-preview":"max-video-preview:-1"},"canonical":"https:\/\/www.accuratereviews.com\/it\/app-cibo-domicilio\/cake-pos-recensione\/","og_locale":"it_IT","og_type":"article","og_title":"Cake Pos: recensione app per cibo a domicilio - Accurate Reviews","og_description":"Cake Pos: recensione soluzione per punti vendita basata su cloud per gestire gli ordini e le consegne dei ristoranti.","og_url":"https:\/\/www.accuratereviews.com\/it\/app-cibo-domicilio\/cake-pos-recensione\/","og_site_name":"Accurate Reviews","article_modified_time":"2022-03-10T08:21:54+00:00","og_image":[{"width":384,"height":384,"url":"https:\/\/www.accuratereviews.com\/wp-content\/uploads\/2022\/03\/CAKE-POS.webp","type":"image\/webp"}],"twitter_card":"summary_large_image","twitter_misc":{"Tempo di lettura stimato":"4 minuti"},"schema":{"@context":"https:\/\/schema.org","@graph":[{"@type":"WebPage","@id":"https:\/\/www.accuratereviews.com\/it\/app-cibo-domicilio\/cake-pos-recensione\/","url":"https:\/\/www.accuratereviews.com\/it\/app-cibo-domicilio\/cake-pos-recensione\/","name":"Cake Pos: recensione app per cibo a domicilio - Accurate Reviews","isPartOf":{"@id":"https:\/\/www.accuratereviews.com\/it\/#website"},"primaryImageOfPage":{"@id":"https:\/\/www.accuratereviews.com\/it\/app-cibo-domicilio\/cake-pos-recensione\/#primaryimage"},"image":{"@id":"https:\/\/www.accuratereviews.com\/it\/app-cibo-domicilio\/cake-pos-recensione\/#primaryimage"},"thumbnailUrl":"https:\/\/www.accuratereviews.com\/wp-content\/uploads\/2022\/03\/CAKE-POS.webp","datePublished":"2022-03-08T11:40:22+00:00","dateModified":"2022-03-10T08:21:54+00:00","description":"Cake Pos: recensione soluzione per punti vendita basata su cloud per gestire gli ordini e le consegne dei ristoranti.","breadcrumb":{"@id":"https:\/\/www.accuratereviews.com\/it\/app-cibo-domicilio\/cake-pos-recensione\/#breadcrumb"},"inLanguage":"it-IT","potentialAction":[{"@type":"ReadAction","target":["https:\/\/www.accuratereviews.com\/it\/app-cibo-domicilio\/cake-pos-recensione\/"]}]},{"@type":"ImageObject","inLanguage":"it-IT","@id":"https:\/\/www.accuratereviews.com\/it\/app-cibo-domicilio\/cake-pos-recensione\/#primaryimage","url":"https:\/\/www.accuratereviews.com\/wp-content\/uploads\/2022\/03\/CAKE-POS.webp","contentUrl":"https:\/\/www.accuratereviews.com\/wp-content\/uploads\/2022\/03\/CAKE-POS.webp","width":384,"height":384},{"@type":"BreadcrumbList","@id":"https:\/\/www.accuratereviews.com\/it\/app-cibo-domicilio\/cake-pos-recensione\/#breadcrumb","itemListElement":[{"@type":"ListItem","position":1,"name":"Home","item":"https:\/\/www.accuratereviews.com\/it\/"},{"@type":"ListItem","position":2,"name":"App per cibo a domicilio","item":"https:\/\/www.accuratereviews.com\/it\/app-cibo-domicilio\/"},{"@type":"ListItem","position":3,"name":"Cake Pos"}]},{"@type":"WebSite","@id":"https:\/\/www.accuratereviews.com\/it\/#website","url":"https:\/\/www.accuratereviews.com\/it\/","name":"Accurate Reviews","description":"","potentialAction":[{"@type":"SearchAction","target":{"@type":"EntryPoint","urlTemplate":"https:\/\/www.accuratereviews.com\/it\/?s={search_term_string}"},"query-input":{"@type":"PropertyValueSpecification","valueRequired":true,"valueName":"search_term_string"}}],"inLanguage":"it-IT"}]}},"_links":{"self":[{"href":"https:\/\/www.accuratereviews.com\/it\/wp-json\/wp\/v2\/pages\/54646","targetHints":{"allow":["GET"]}}],"collection":[{"href":"https:\/\/www.accuratereviews.com\/it\/wp-json\/wp\/v2\/pages"}],"about":[{"href":"https:\/\/www.accuratereviews.com\/it\/wp-json\/wp\/v2\/types\/page"}],"author":[{"embeddable":true,"href":"https:\/\/www.accuratereviews.com\/it\/wp-json\/wp\/v2\/users\/16"}],"replies":[{"embeddable":true,"href":"https:\/\/www.accuratereviews.com\/it\/wp-json\/wp\/v2\/comments?post=54646"}],"version-history":[{"count":14,"href":"https:\/\/www.accuratereviews.com\/it\/wp-json\/wp\/v2\/pages\/54646\/revisions"}],"predecessor-version":[{"id":54725,"href":"https:\/\/www.accuratereviews.com\/it\/wp-json\/wp\/v2\/pages\/54646\/revisions\/54725"}],"up":[{"embeddable":true,"href":"https:\/\/www.accuratereviews.com\/it\/wp-json\/wp\/v2\/pages\/54405"}],"wp:featuredmedia":[{"embeddable":true,"href":"https:\/\/www.accuratereviews.com\/it\/wp-json\/wp\/v2\/media\/54648"}],"wp:attachment":[{"href":"https:\/\/www.accuratereviews.com\/it\/wp-json\/wp\/v2\/media?parent=54646"}],"wp:term":[{"taxonomy":"category","embeddable":true,"href":"https:\/\/www.accuratereviews.com\/it\/wp-json\/wp\/v2\/categories?post=54646"},{"taxonomy":"post_tag","embeddable":true,"href":"https:\/\/www.accuratereviews.com\/it\/wp-json\/wp\/v2\/tags?post=54646"},{"taxonomy":"features","embeddable":true,"href":"https:\/\/www.accuratereviews.com\/it\/wp-json\/wp\/v2\/features?post=54646"}],"curies":[{"name":"wp","href":"https:\/\/api.w.org\/{rel}","templated":true}]}}