{"id":54664,"date":"2022-03-09T11:21:03","date_gmt":"2022-03-09T11:21:03","guid":{"rendered":"https:\/\/www.accuratereviews.com\/?page_id=54664"},"modified":"2022-03-09T11:21:03","modified_gmt":"2022-03-09T11:21:03","slug":"touchbistro-recensione","status":"publish","type":"page","link":"https:\/\/www.accuratereviews.com\/it\/app-cibo-domicilio\/touchbistro-recensione\/","title":{"rendered":"TouchBistro"},"content":{"rendered":"<p><strong>TouchBistro<\/strong> \u00e8 un&#8217;<strong>app per cibo a domicilio<\/strong> che ti permette di semplificare e automatizzare tutti i processi manuali che normalmente richiedono tempi lunghi. Si tratta di un <strong>sistema di gestione dei ristoranti all-in-one\u00a0<\/strong>che ha l&#8217;obiettivo di offrire un&#8217;esperienza utente unica, garantendo la precisione degli ordini, riducendo i tempi di attesa, aumentando gli ordini on- e off-premise e offrendo ai clienti un servizio di take away. Tutto questo ti aiuter\u00e0 a dimezzare tempi e costi, riuscirai a ridurre anche lo spreco di cibo e a monitorare meglio le prestazioni del personale.<\/p>\n<h2>TOUCHBISTRO &#8211; TUTORIAL<\/h2>\n<p>Ecco come funziona questa applicazione per consegnare cibo a domicilio:<\/p>\n<div id=\"fluid-wrapper-counter-1\" class=\"g1-fluid-wrapper \" style=\"width:686px;\">\n<div style=\"padding-bottom:56.268221574344%;\"><iframe loading=\"lazy\" title=\"Touchbistro POS App Demo Walkthrough\" width=\"686\" height=\"386\" src=\"https:\/\/www.youtube.com\/embed\/u4sv6uGNiEM?feature=oembed&amp;wmode=transparent&amp;autohide=1&amp;autoplay=0&amp;disablekb=0&amp;fs=1&amp;loop=0&amp;enablejsapi=1&amp;rel=0&amp;controls=2&amp;showinfo=0&amp;wmode=transparent&amp;autohide=2&amp;autoplay=0&amp;disablekb=0&amp;fs=1&amp;loop=0&amp;enablejsapi=1&amp;rel=0&amp;controls=2&amp;showinfo=1\" frameborder=\"0\" allow=\"accelerometer; autoplay; clipboard-write; encrypted-media; gyroscope; picture-in-picture\" allowfullscreen><\/iframe><\/div>\n<\/div>\n<h3>TOUCHBISTRO &#8211; CARATTERISTICHE<\/h3>\n<ul>\n<li><strong>Elaborazione dei pagamenti<\/strong>: accetta pagamenti in contanti, con carta di credito, carta di debito e portafoglio digitale nel vostro ristorante grazie a fidati processori di pagamento esterni che si integrano perfettamente con TouchBistro POS<\/li>\n<li><strong>Ordinazioni al tavolo<\/strong>: prendi e inserisci le ordinazioni al tavolo nei ristoranti di lusso ed elimina le code nei QSR con il POS mobile<\/li>\n<li><strong>Pianta e gestione dei tavoli<\/strong>: il POS \u00e8 dotato di un sistema di gestione dei tavoli che rende facile progettare la vostra pianta e riorganizzarla al volo, prendere ordini per tavolo e gestire la capacit\u00e0 &#8211; aiutandoti a fornire un servizio al tavolo senza soluzione di continuit\u00e0<\/li>\n<li><strong>Gestione dei menu<\/strong>: il tuo menu \u00e8 al centro di ogni esperienza culinaria. Il sistema di gestione del menu pu\u00f2 aiutarti a organizzare bevande e piatti in pochi secondi, a vendere pi\u00f9 articoli di qualit\u00e0, a gestire gli ordini da asporto e altro ancora<\/li>\n<li><strong>Gestione del personale<\/strong>: il tuo team \u00e8 il cuore del tuo ristorante. Il software di gestione del personale integrato ti aiuta a prenderti cura di quella squadra semplificando la gestione dei turni, semplificando il libro paga, aiutandoti a ottimizzare i costi del lavoro e altro ancora<\/li>\n<li><strong>Gestione dell&#8217;inventario<\/strong>: conosci sempre quello che hai a portata di mano &#8211; e quando \u00e8 il momento di ordinare altri ingredienti &#8211; con il sistema di monitoraggio dell&#8217;inventario del ristorante facile da usare<\/li>\n<li><strong>Analisi e reportistica<\/strong>: le tue decisioni aziendali dovrebbero essere basate sui dati, non su una sensazione viscerale. Dotato di pi\u00f9 di 50 report che si aggiornano in tempo reale, ti d\u00e0 un accesso senza precedenti agli approfondimenti di cui hai bisogno per raggiungere pi\u00f9 velocemente le decisioni giuste<\/li>\n<li><strong>Integrazioni<\/strong>: si integra con una variet\u00e0 di migliori software e partner di pagamento che rendono il sistema una soluzione all-in-one per il vostro ristorante<\/li>\n<li><strong>Supporto clienti<\/strong>: gli specialisti del supporto di livello mondiale sono disponibili 24\/7\/365 per aiutarti.<\/li>\n<\/ul>\n<h4>LE RECENSIONI DEGLI UTENTI<\/h4>\n<p><strong>Brent M. &#8220;Slick, potente &amp; user-friendly in un piccolo pacchetto&#8221;<\/strong><br \/>\nCOMMENTI: questo \u00e8 il nostro software di lavoro quotidiano per gestire il nostro negozio al dettaglio e il negozio di bottiglie nel nostro birrificio. Non potremmo vivere senza di esso. Le interruzioni di Internet fanno andare tutti nel panico ora!<br \/>\nPRO: il software \u00e8 incredibilmente intuitivo e ha un livello estremamente alto di funzionalit\u00e0 all&#8217;interno della sua semplice interfaccia utente.<br \/>\nCONTRO: l&#8217;unico problema che abbiamo \u00e8 la partnership inflessibile che TouchBistro ha con Apple. Migliaia di dollari di hardware devono essere acquistati per far funzionare TouchBistro, e non c&#8217;\u00e8 quasi nessuna flessibilit\u00e0 in ci\u00f2 che ti \u00e8 permesso per farlo funzionare.<\/p>\n<p><strong>Brian M. &#8220;Il miglior sistema POS&#8221;<\/strong><br \/>\nCOMMENTI: TB \u00e8 il miglior sistema POS con cui abbia mai lavorato in 40 anni che sono stato nel settore della ristorazione.<br \/>\nPRO: la facilit\u00e0 di passare dal nostro vecchio sistema al sistema TB.<br \/>\nCONTRO: niente. Tutto funziona esattamente come volevamo<\/p>\n<p><strong>Chris V. &#8220;Ottimo POS, non cercate oltre!&#8221;<\/strong><br \/>\nCOMMENTI: molto felice e l&#8217;ho gi\u00e0 consigliato due volte<br \/>\nPRO: facilit\u00e0 d&#8217;uso. Molti sistemi sono complicati da gestire nel backend. Inserire articoli, costi, ecc.<br \/>\nCONTRO: non si possono riaprire le fatture per cambiare le offerte, ecc.<\/p>\n","protected":false},"excerpt":{"rendered":"<p>TouchBistro \u00e8 un&#8217;app per cibo a domicilio che ti permette di semplificare e automatizzare tutti i processi manuali che normalmente richiedono tempi lunghi. Si tratta di un sistema di gestione dei ristoranti all-in-one\u00a0che ha l&#8217;obiettivo di offrire un&#8217;esperienza utente unica, garantendo la precisione degli ordini, riducendo i tempi di attesa,\u00a0aumentando gli ordini on- e off-premise e offrendo ai clienti un servizio di take away.<\/p>\n","protected":false},"author":17,"featured_media":54665,"parent":54405,"menu_order":0,"comment_status":"open","ping_status":"closed","template":"g1_template_page_review_new.php","meta":{"_acf_changed":false,"cwp_meta_box_check":"No","cwp_rev_product_name":"","cwp_rev_product_image":"","wppr_links":[],"cwp_rev_price":"","wppr_options":[],"wppr_pros":[],"wppr_cons":[],"_monsterinsights_skip_tracking":false,"_monsterinsights_sitenote_active":false,"_monsterinsights_sitenote_note":"","_monsterinsights_sitenote_category":0,"footnotes":""},"categories":[12168],"tags":[12170,12175,12212,12211,12172],"features":[],"class_list":{"0":"post-54664","1":"page","2":"type-page","3":"status-publish","4":"has-post-thumbnail","6":"category-app-cibo-domicilio-cat","7":"tag-app-cibo-a-domicilio","8":"tag-consegna-cibo-a-domicilio","9":"tag-piattaforma-per-cibo-a-domicilio","10":"tag-programma-per-cibo-a-domicilio","11":"tag-software-cibo-a-domicilio"},"wppr_data":{"cwp_meta_box_check":"No"},"acf":[],"yoast_head":"<!-- This site is optimized with the Yoast SEO plugin v27.4 - https:\/\/yoast.com\/product\/yoast-seo-wordpress\/ -->\n<title>TouchBistro: recensione app cibo domicilio - Accurate Reviews<\/title>\n<meta name=\"description\" content=\"TouchBistro: recensione dell&#039;app per cibo a domicilio che ti permette di semplificare e automatizzare tutti i processi manuali.\" \/>\n<meta name=\"robots\" content=\"index, follow, max-snippet:-1, max-image-preview:large, max-video-preview:-1\" \/>\n<link rel=\"canonical\" href=\"https:\/\/www.accuratereviews.com\/it\/app-cibo-domicilio\/touchbistro-recensione\/\" \/>\n<meta property=\"og:locale\" content=\"it_IT\" \/>\n<meta property=\"og:type\" content=\"article\" \/>\n<meta property=\"og:title\" content=\"TouchBistro: recensione app cibo domicilio - Accurate Reviews\" \/>\n<meta property=\"og:description\" content=\"TouchBistro: recensione dell&#039;app per cibo a domicilio che ti permette di semplificare e automatizzare tutti i processi manuali.\" \/>\n<meta property=\"og:url\" content=\"https:\/\/www.accuratereviews.com\/it\/app-cibo-domicilio\/touchbistro-recensione\/\" \/>\n<meta property=\"og:site_name\" content=\"Accurate Reviews\" \/>\n<meta property=\"og:image\" content=\"https:\/\/www.accuratereviews.com\/wp-content\/uploads\/2022\/03\/touchbistro-square.png\" \/>\n\t<meta property=\"og:image:width\" content=\"500\" \/>\n\t<meta property=\"og:image:height\" content=\"500\" \/>\n\t<meta property=\"og:image:type\" content=\"image\/png\" \/>\n<meta name=\"twitter:card\" content=\"summary_large_image\" \/>\n<meta name=\"twitter:label1\" content=\"Tempo di lettura stimato\" \/>\n\t<meta name=\"twitter:data1\" content=\"4 minuti\" \/>\n<script type=\"application\/ld+json\" class=\"yoast-schema-graph\">{\"@context\":\"https:\\\/\\\/schema.org\",\"@graph\":[{\"@type\":\"WebPage\",\"@id\":\"https:\\\/\\\/www.accuratereviews.com\\\/it\\\/app-cibo-domicilio\\\/touchbistro-recensione\\\/\",\"url\":\"https:\\\/\\\/www.accuratereviews.com\\\/it\\\/app-cibo-domicilio\\\/touchbistro-recensione\\\/\",\"name\":\"TouchBistro: recensione app cibo domicilio - Accurate Reviews\",\"isPartOf\":{\"@id\":\"https:\\\/\\\/www.accuratereviews.com\\\/it\\\/#website\"},\"primaryImageOfPage\":{\"@id\":\"https:\\\/\\\/www.accuratereviews.com\\\/it\\\/app-cibo-domicilio\\\/touchbistro-recensione\\\/#primaryimage\"},\"image\":{\"@id\":\"https:\\\/\\\/www.accuratereviews.com\\\/it\\\/app-cibo-domicilio\\\/touchbistro-recensione\\\/#primaryimage\"},\"thumbnailUrl\":\"https:\\\/\\\/www.accuratereviews.com\\\/wp-content\\\/uploads\\\/2022\\\/03\\\/touchbistro-square.png\",\"datePublished\":\"2022-03-09T11:21:03+00:00\",\"description\":\"TouchBistro: recensione dell'app per cibo a domicilio che ti permette di semplificare e automatizzare tutti i processi manuali.\",\"breadcrumb\":{\"@id\":\"https:\\\/\\\/www.accuratereviews.com\\\/it\\\/app-cibo-domicilio\\\/touchbistro-recensione\\\/#breadcrumb\"},\"inLanguage\":\"it-IT\",\"potentialAction\":[{\"@type\":\"ReadAction\",\"target\":[\"https:\\\/\\\/www.accuratereviews.com\\\/it\\\/app-cibo-domicilio\\\/touchbistro-recensione\\\/\"]}]},{\"@type\":\"ImageObject\",\"inLanguage\":\"it-IT\",\"@id\":\"https:\\\/\\\/www.accuratereviews.com\\\/it\\\/app-cibo-domicilio\\\/touchbistro-recensione\\\/#primaryimage\",\"url\":\"https:\\\/\\\/www.accuratereviews.com\\\/wp-content\\\/uploads\\\/2022\\\/03\\\/touchbistro-square.png\",\"contentUrl\":\"https:\\\/\\\/www.accuratereviews.com\\\/wp-content\\\/uploads\\\/2022\\\/03\\\/touchbistro-square.png\",\"width\":500,\"height\":500},{\"@type\":\"BreadcrumbList\",\"@id\":\"https:\\\/\\\/www.accuratereviews.com\\\/it\\\/app-cibo-domicilio\\\/touchbistro-recensione\\\/#breadcrumb\",\"itemListElement\":[{\"@type\":\"ListItem\",\"position\":1,\"name\":\"Home\",\"item\":\"https:\\\/\\\/www.accuratereviews.com\\\/it\\\/\"},{\"@type\":\"ListItem\",\"position\":2,\"name\":\"App per cibo a domicilio\",\"item\":\"https:\\\/\\\/www.accuratereviews.com\\\/it\\\/app-cibo-domicilio\\\/\"},{\"@type\":\"ListItem\",\"position\":3,\"name\":\"TouchBistro\"}]},{\"@type\":\"WebSite\",\"@id\":\"https:\\\/\\\/www.accuratereviews.com\\\/it\\\/#website\",\"url\":\"https:\\\/\\\/www.accuratereviews.com\\\/it\\\/\",\"name\":\"Accurate Reviews\",\"description\":\"\",\"potentialAction\":[{\"@type\":\"SearchAction\",\"target\":{\"@type\":\"EntryPoint\",\"urlTemplate\":\"https:\\\/\\\/www.accuratereviews.com\\\/it\\\/?s={search_term_string}\"},\"query-input\":{\"@type\":\"PropertyValueSpecification\",\"valueRequired\":true,\"valueName\":\"search_term_string\"}}],\"inLanguage\":\"it-IT\"}]}<\/script>\n<!-- \/ Yoast SEO plugin. -->","yoast_head_json":{"title":"TouchBistro: recensione app cibo domicilio - Accurate Reviews","description":"TouchBistro: recensione dell'app per cibo a domicilio che ti permette di semplificare e automatizzare tutti i processi manuali.","robots":{"index":"index","follow":"follow","max-snippet":"max-snippet:-1","max-image-preview":"max-image-preview:large","max-video-preview":"max-video-preview:-1"},"canonical":"https:\/\/www.accuratereviews.com\/it\/app-cibo-domicilio\/touchbistro-recensione\/","og_locale":"it_IT","og_type":"article","og_title":"TouchBistro: recensione app cibo domicilio - Accurate Reviews","og_description":"TouchBistro: recensione dell'app per cibo a domicilio che ti permette di semplificare e automatizzare tutti i processi manuali.","og_url":"https:\/\/www.accuratereviews.com\/it\/app-cibo-domicilio\/touchbistro-recensione\/","og_site_name":"Accurate Reviews","og_image":[{"width":500,"height":500,"url":"https:\/\/www.accuratereviews.com\/wp-content\/uploads\/2022\/03\/touchbistro-square.png","type":"image\/png"}],"twitter_card":"summary_large_image","twitter_misc":{"Tempo di lettura stimato":"4 minuti"},"schema":{"@context":"https:\/\/schema.org","@graph":[{"@type":"WebPage","@id":"https:\/\/www.accuratereviews.com\/it\/app-cibo-domicilio\/touchbistro-recensione\/","url":"https:\/\/www.accuratereviews.com\/it\/app-cibo-domicilio\/touchbistro-recensione\/","name":"TouchBistro: recensione app cibo domicilio - Accurate Reviews","isPartOf":{"@id":"https:\/\/www.accuratereviews.com\/it\/#website"},"primaryImageOfPage":{"@id":"https:\/\/www.accuratereviews.com\/it\/app-cibo-domicilio\/touchbistro-recensione\/#primaryimage"},"image":{"@id":"https:\/\/www.accuratereviews.com\/it\/app-cibo-domicilio\/touchbistro-recensione\/#primaryimage"},"thumbnailUrl":"https:\/\/www.accuratereviews.com\/wp-content\/uploads\/2022\/03\/touchbistro-square.png","datePublished":"2022-03-09T11:21:03+00:00","description":"TouchBistro: recensione dell'app per cibo a domicilio che ti permette di semplificare e automatizzare tutti i processi manuali.","breadcrumb":{"@id":"https:\/\/www.accuratereviews.com\/it\/app-cibo-domicilio\/touchbistro-recensione\/#breadcrumb"},"inLanguage":"it-IT","potentialAction":[{"@type":"ReadAction","target":["https:\/\/www.accuratereviews.com\/it\/app-cibo-domicilio\/touchbistro-recensione\/"]}]},{"@type":"ImageObject","inLanguage":"it-IT","@id":"https:\/\/www.accuratereviews.com\/it\/app-cibo-domicilio\/touchbistro-recensione\/#primaryimage","url":"https:\/\/www.accuratereviews.com\/wp-content\/uploads\/2022\/03\/touchbistro-square.png","contentUrl":"https:\/\/www.accuratereviews.com\/wp-content\/uploads\/2022\/03\/touchbistro-square.png","width":500,"height":500},{"@type":"BreadcrumbList","@id":"https:\/\/www.accuratereviews.com\/it\/app-cibo-domicilio\/touchbistro-recensione\/#breadcrumb","itemListElement":[{"@type":"ListItem","position":1,"name":"Home","item":"https:\/\/www.accuratereviews.com\/it\/"},{"@type":"ListItem","position":2,"name":"App per cibo a domicilio","item":"https:\/\/www.accuratereviews.com\/it\/app-cibo-domicilio\/"},{"@type":"ListItem","position":3,"name":"TouchBistro"}]},{"@type":"WebSite","@id":"https:\/\/www.accuratereviews.com\/it\/#website","url":"https:\/\/www.accuratereviews.com\/it\/","name":"Accurate Reviews","description":"","potentialAction":[{"@type":"SearchAction","target":{"@type":"EntryPoint","urlTemplate":"https:\/\/www.accuratereviews.com\/it\/?s={search_term_string}"},"query-input":{"@type":"PropertyValueSpecification","valueRequired":true,"valueName":"search_term_string"}}],"inLanguage":"it-IT"}]}},"_links":{"self":[{"href":"https:\/\/www.accuratereviews.com\/it\/wp-json\/wp\/v2\/pages\/54664","targetHints":{"allow":["GET"]}}],"collection":[{"href":"https:\/\/www.accuratereviews.com\/it\/wp-json\/wp\/v2\/pages"}],"about":[{"href":"https:\/\/www.accuratereviews.com\/it\/wp-json\/wp\/v2\/types\/page"}],"author":[{"embeddable":true,"href":"https:\/\/www.accuratereviews.com\/it\/wp-json\/wp\/v2\/users\/17"}],"replies":[{"embeddable":true,"href":"https:\/\/www.accuratereviews.com\/it\/wp-json\/wp\/v2\/comments?post=54664"}],"version-history":[{"count":5,"href":"https:\/\/www.accuratereviews.com\/it\/wp-json\/wp\/v2\/pages\/54664\/revisions"}],"predecessor-version":[{"id":54688,"href":"https:\/\/www.accuratereviews.com\/it\/wp-json\/wp\/v2\/pages\/54664\/revisions\/54688"}],"up":[{"embeddable":true,"href":"https:\/\/www.accuratereviews.com\/it\/wp-json\/wp\/v2\/pages\/54405"}],"wp:featuredmedia":[{"embeddable":true,"href":"https:\/\/www.accuratereviews.com\/it\/wp-json\/wp\/v2\/media\/54665"}],"wp:attachment":[{"href":"https:\/\/www.accuratereviews.com\/it\/wp-json\/wp\/v2\/media?parent=54664"}],"wp:term":[{"taxonomy":"category","embeddable":true,"href":"https:\/\/www.accuratereviews.com\/it\/wp-json\/wp\/v2\/categories?post=54664"},{"taxonomy":"post_tag","embeddable":true,"href":"https:\/\/www.accuratereviews.com\/it\/wp-json\/wp\/v2\/tags?post=54664"},{"taxonomy":"features","embeddable":true,"href":"https:\/\/www.accuratereviews.com\/it\/wp-json\/wp\/v2\/features?post=54664"}],"curies":[{"name":"wp","href":"https:\/\/api.w.org\/{rel}","templated":true}]}}