{"id":54676,"date":"2022-03-09T11:57:24","date_gmt":"2022-03-09T11:57:24","guid":{"rendered":"https:\/\/www.accuratereviews.com\/?page_id=54676"},"modified":"2022-03-11T06:54:01","modified_gmt":"2022-03-11T06:54:01","slug":"clover-recensione","status":"publish","type":"page","link":"https:\/\/www.accuratereviews.com\/it\/app-cibo-domicilio\/clover-recensione\/","title":{"rendered":"Clover"},"content":{"rendered":"<p>Gestisci la tua attivit\u00e0 da <strong>Clover<\/strong> e smetti di usare i fogli di calcolo. Ottieni report e approfondimenti sulle attivit\u00e0 e gestisci il tuo negozio in tempo reale: modifica i tuoi menu, controlla il tuo inventario e tieni d&#8217;occhio i tuoi dipendenti. Il software\u00a0fornisce anche servizi di pagamento: i pagamenti con carta di credito e di debito sono accettati e i dati dei tuoi clienti sono archiviati in modo sicuro. <strong>Clover<\/strong> accetta anche le tecnologie Apple Pay per rendere i tuoi processi fluidi.\u00a0Questo sistema \u00e8 disponibile sia in versione di distribuzione basata sul web che su server e offre opzioni hardware da banco, un&#8217;opzione POS mobile, pagamenti contactless e altro ancora. <strong>Clover Dining<\/strong> \u00e8 l&#8217;app POS principale creata per i ristoranti. Pu\u00f2 sostituire processi obsoleti che coinvolgono un registratore di cassa, una stampante per ricevute cartacee, una stampante per etichette, uno scanner di codici a barre e altro.<\/p>\n<h2>CLOVER &#8211; TUTORIAL<\/h2>\n<p>Ecco come questo software per ristoranti semplifica la generazione di scontrini e elaborazioni di pagamenti:<\/p>\n<div id=\"fluid-wrapper-counter-1\" class=\"g1-fluid-wrapper \" style=\"width:686px;\">\n<div style=\"padding-bottom:56.268221574344%;\"><iframe loading=\"lazy\" title=\"Clover Story: Peasant Pies\" width=\"686\" height=\"386\" src=\"https:\/\/www.youtube.com\/embed\/xf12YvWbeH0?feature=oembed&amp;wmode=transparent&amp;autohide=1&amp;autoplay=0&amp;disablekb=0&amp;fs=1&amp;loop=0&amp;enablejsapi=1&amp;rel=0&amp;controls=2&amp;showinfo=0&amp;wmode=transparent&amp;autohide=2&amp;autoplay=0&amp;disablekb=0&amp;fs=1&amp;loop=0&amp;enablejsapi=1&amp;rel=0&amp;controls=2&amp;showinfo=1\" frameborder=\"0\" allow=\"accelerometer; autoplay; clipboard-write; encrypted-media; gyroscope; picture-in-picture\" allowfullscreen><\/iframe><\/div>\n<\/div>\n<h3>CLOVER &#8211; CARATTERISTICHE<\/h3>\n<ul>\n<li><strong>Pagamenti pi\u00f9 facili:<\/strong> accettare qualsiasi tipo di pagamento \u00e8 un gioco da ragazzi, dai contanti alle carte di credito, ai pagamenti online<\/li>\n<li><strong>Tracciamento delle vendite:<\/strong> che tu venda caff\u00e8 o abbonamenti, tutti gli acquisti sono pi\u00f9 sicuri e tracciabili. Personalizza tariffe per sconti, mance e tasse direttamente attraverso la dashboard POS sul tuo smartphone<\/li>\n<li><strong>Clienti pi\u00f9 felici:<\/strong> offri la migliore esperienza possibile al cliente mentre costruisci la fidelizzazione nel tuo luogo di lavoro e online<\/li>\n<li><strong>Pi\u00f9 flessibilit\u00e0<\/strong>: gestisci la tua attivit\u00e0 ed effettua una vendita da qualsiasi luogo con la dashboard, l&#8217;app mobile e il terminale virtuale<\/li>\n<li><strong>Fatturazione online:<\/strong> ricevi pagamenti pi\u00f9 velocemente inviando richieste di pagamento via email ai tuoi clienti<\/li>\n<li><strong>Monitoraggio e reportistica delle vendite<\/strong>: approfondisci la comprensione delle tendenze e dei fattori trainanti del business con i report sulle principali metriche come vendite, prestazioni dei dipendenti e clienti.<\/li>\n<\/ul>\n<h4>LE RECENSIONI DEGLI UTENTI<\/h4>\n<p class=\"font-weight-bold mb-2\"><strong>Jeanne B.&#8221;Amo cover! Rende le mie transazioni quotidiane cos\u00ec facili!&#8221;<\/strong><\/p>\n<p><span class=\"font-weight-bold\"><strong>Commenti<\/strong>: <\/span>Nel complesso, adoro Clover, i loro tassi di elaborazione dei pagamenti sono cos\u00ec bassi rispetto ad altri sistemi POS. Mi piace anche che il loro servizio clienti mi aiuti a risolvere i miei problemi velocemente e non devo aspettare in linea!<\/p>\n<p class=\"font-weight-bold mb-2\"><strong>Pro<\/strong>:\u00a0Mi piace che Clover si offra di accettare pagamenti online dai miei clienti e che mi consentano di inviare fatture ai miei clienti in modo che possano pagare online senza memorizzare i dati della loro carta.<\/p>\n<p class=\"font-weight-bold mb-2\"><strong>Contro<\/strong>:\u00a0Non mi piace non poter tracciare le mie fatture inviate e inviare promemoria ai miei clienti in base alla stessa fattura; Devo inviare una fattura completamente nuova se la perdono. Inoltre non mi piace che posso inviare fatture solo via mail; sarebbe d&#8217;aiuto se potessi inviare fatture anche via SMS.<\/p>\n<h5 class=\"font-weight-bold mb-2\">Tara D.&#8221;Funziona alla grande per l&#8217;elaborazione dei pagamenti&#8221;<\/h5>\n<p class=\"font-weight-bold mb-2\"><strong>Pro<\/strong>:\u00a0Non ho avuto problemi tecnologici con la macchina Clover. I pagamenti sono molto facili da accettare e puoi inviare le ricevute in vari modi.<\/p>\n<p class=\"font-weight-bold mb-2\"><strong>Contro<\/strong>:\u00a0Le tariffe iniziali per questa macchina erano molto alte secondo me. Vorrei anche che la macchina fosse portatile e wireless. Il servizio clienti era difficile da gestire.<\/p>\n<h5 class=\"font-weight-bold mb-2\">Darnell N.&#8221;Attenti ai piccoli imprenditori&#8221;<\/h5>\n<p><span class=\"font-weight-bold\"><strong>Commenti<\/strong>: <\/span>Ho usato questo software con Clover per la mia attivit\u00e0 fiscale l&#8217;anno scorso. Il servizio fiscale \u00e8 prevalentemente stagionale (6 mesi su 12) e Clover ha pagamenti di 12 mesi. Questo non mi \u00e8 stato comunicato dal mio rappresentante di vendita Clover. Quando ho effettuato l&#8217;accesso al mio conto bancario c&#8217;erano oltre $ 500 di commissioni che Clover aveva accumulato sul mio conto. Mi ci sono voluti 9 mesi per cancellare queste commissioni. Dopo aver rispedito la mia attrezzatura per lo pi\u00f9 inutilizzata, il dipartimento di raccolta di Clover ha deciso di pagare $ 600 per chiudere il mio account. L&#8217;ho pagato e due settimane dopo ho ricevuto un altro conto per posta per $ 234. Dissero che avevo ancora un equilibrio con il loro reparto di assistenza. Hanno rimosso tutte le tasse e ridotto il conto a $ 65, per apparecchiature che ho usato a malapena in primo luogo. Non consiglierei Clover ad altri proprietari di piccole imprese.<\/p>\n<p class=\"font-weight-bold mb-2\">Pro:\u00a0Il software ha funzionato bene. Il cliente\/reparto fatturazione\/supporto era un&#8217;altra storia<\/p>\n<p class=\"font-weight-bold mb-2\">Contro:\u00a0Il software ha funzionato come previsto.<\/p>\n<p>&nbsp;<\/p>\n<p>&nbsp;<\/p>\n","protected":false},"excerpt":{"rendered":"<p>Gestisci la tua attivit\u00e0 da Clover e smetti di usare i fogli di calcolo. Ottieni report e approfondimenti sulle attivit\u00e0 e gestisci il tuo negozio in tempo reale: modifica i tuoi menu, controlla il tuo inventario e tieni d&#8217;occhio i tuoi dipendenti. Il software\u00a0fornisce anche servizi di pagamento: i pagamenti con carta di credito e di debito sono accettati e i dati dei tuoi clienti sono archiviati in modo sicuro<\/p>\n","protected":false},"author":16,"featured_media":54677,"parent":54405,"menu_order":0,"comment_status":"open","ping_status":"closed","template":"g1_template_page_review_new.php","meta":{"_acf_changed":false,"cwp_meta_box_check":"No","cwp_rev_product_name":"","cwp_rev_product_image":"","wppr_links":[],"cwp_rev_price":"","wppr_options":[],"wppr_pros":[],"wppr_cons":[],"_monsterinsights_skip_tracking":false,"_monsterinsights_sitenote_active":false,"_monsterinsights_sitenote_note":"","_monsterinsights_sitenote_category":0,"footnotes":""},"categories":[12168],"tags":[12193,12171,4491,12189,12174,12172,12173],"features":[],"class_list":{"0":"post-54676","1":"page","2":"type-page","3":"status-publish","4":"has-post-thumbnail","6":"category-app-cibo-domicilio-cat","7":"tag-app-per-cibo-a-domicilio","8":"tag-cibo-a-domicilio","9":"tag-clover","10":"tag-piattaforma-cibo-a-domicilio","11":"tag-programma-cibo-a-domicilio","12":"tag-software-cibo-a-domicilio","13":"tag-soluzione-cibo-a-domicilio"},"wppr_data":{"cwp_meta_box_check":"No"},"acf":[],"yoast_head":"<!-- This site is optimized with the Yoast SEO plugin v27.4 - https:\/\/yoast.com\/product\/yoast-seo-wordpress\/ -->\n<title>Clover: recensione app per cibo a domicilio - Accurate Reviews<\/title>\n<meta name=\"description\" content=\"Clover: recensione app per cibo a domicilio che ti fa ottenere report e approfondimenti sull&#039;attivit\u00e0 in tempo reale.\" \/>\n<meta name=\"robots\" content=\"index, follow, max-snippet:-1, max-image-preview:large, max-video-preview:-1\" \/>\n<link rel=\"canonical\" href=\"https:\/\/www.accuratereviews.com\/it\/app-cibo-domicilio\/clover-recensione\/\" \/>\n<meta property=\"og:locale\" content=\"it_IT\" \/>\n<meta property=\"og:type\" content=\"article\" \/>\n<meta property=\"og:title\" content=\"Clover: recensione app per cibo a domicilio - Accurate Reviews\" \/>\n<meta property=\"og:description\" content=\"Clover: recensione app per cibo a domicilio che ti fa ottenere report e approfondimenti sull&#039;attivit\u00e0 in tempo reale.\" \/>\n<meta property=\"og:url\" content=\"https:\/\/www.accuratereviews.com\/it\/app-cibo-domicilio\/clover-recensione\/\" \/>\n<meta property=\"og:site_name\" content=\"Accurate Reviews\" \/>\n<meta property=\"article:modified_time\" content=\"2022-03-11T06:54:01+00:00\" \/>\n<meta property=\"og:image\" content=\"https:\/\/www.accuratereviews.com\/wp-content\/uploads\/2022\/03\/Clover.png\" \/>\n\t<meta property=\"og:image:width\" content=\"225\" \/>\n\t<meta property=\"og:image:height\" content=\"225\" \/>\n\t<meta property=\"og:image:type\" content=\"image\/png\" \/>\n<meta name=\"twitter:card\" content=\"summary_large_image\" \/>\n<meta name=\"twitter:label1\" content=\"Tempo di lettura stimato\" \/>\n\t<meta name=\"twitter:data1\" content=\"4 minuti\" \/>\n<script type=\"application\/ld+json\" class=\"yoast-schema-graph\">{\"@context\":\"https:\\\/\\\/schema.org\",\"@graph\":[{\"@type\":\"WebPage\",\"@id\":\"https:\\\/\\\/www.accuratereviews.com\\\/it\\\/app-cibo-domicilio\\\/clover-recensione\\\/\",\"url\":\"https:\\\/\\\/www.accuratereviews.com\\\/it\\\/app-cibo-domicilio\\\/clover-recensione\\\/\",\"name\":\"Clover: recensione app per cibo a domicilio - Accurate Reviews\",\"isPartOf\":{\"@id\":\"https:\\\/\\\/www.accuratereviews.com\\\/it\\\/#website\"},\"primaryImageOfPage\":{\"@id\":\"https:\\\/\\\/www.accuratereviews.com\\\/it\\\/app-cibo-domicilio\\\/clover-recensione\\\/#primaryimage\"},\"image\":{\"@id\":\"https:\\\/\\\/www.accuratereviews.com\\\/it\\\/app-cibo-domicilio\\\/clover-recensione\\\/#primaryimage\"},\"thumbnailUrl\":\"https:\\\/\\\/www.accuratereviews.com\\\/wp-content\\\/uploads\\\/2022\\\/03\\\/Clover.png\",\"datePublished\":\"2022-03-09T11:57:24+00:00\",\"dateModified\":\"2022-03-11T06:54:01+00:00\",\"description\":\"Clover: recensione app per cibo a domicilio che ti fa ottenere report e approfondimenti sull'attivit\u00e0 in tempo reale.\",\"breadcrumb\":{\"@id\":\"https:\\\/\\\/www.accuratereviews.com\\\/it\\\/app-cibo-domicilio\\\/clover-recensione\\\/#breadcrumb\"},\"inLanguage\":\"it-IT\",\"potentialAction\":[{\"@type\":\"ReadAction\",\"target\":[\"https:\\\/\\\/www.accuratereviews.com\\\/it\\\/app-cibo-domicilio\\\/clover-recensione\\\/\"]}]},{\"@type\":\"ImageObject\",\"inLanguage\":\"it-IT\",\"@id\":\"https:\\\/\\\/www.accuratereviews.com\\\/it\\\/app-cibo-domicilio\\\/clover-recensione\\\/#primaryimage\",\"url\":\"https:\\\/\\\/www.accuratereviews.com\\\/wp-content\\\/uploads\\\/2022\\\/03\\\/Clover.png\",\"contentUrl\":\"https:\\\/\\\/www.accuratereviews.com\\\/wp-content\\\/uploads\\\/2022\\\/03\\\/Clover.png\",\"width\":225,\"height\":225},{\"@type\":\"BreadcrumbList\",\"@id\":\"https:\\\/\\\/www.accuratereviews.com\\\/it\\\/app-cibo-domicilio\\\/clover-recensione\\\/#breadcrumb\",\"itemListElement\":[{\"@type\":\"ListItem\",\"position\":1,\"name\":\"Home\",\"item\":\"https:\\\/\\\/www.accuratereviews.com\\\/it\\\/\"},{\"@type\":\"ListItem\",\"position\":2,\"name\":\"App per cibo a domicilio\",\"item\":\"https:\\\/\\\/www.accuratereviews.com\\\/it\\\/app-cibo-domicilio\\\/\"},{\"@type\":\"ListItem\",\"position\":3,\"name\":\"Clover\"}]},{\"@type\":\"WebSite\",\"@id\":\"https:\\\/\\\/www.accuratereviews.com\\\/it\\\/#website\",\"url\":\"https:\\\/\\\/www.accuratereviews.com\\\/it\\\/\",\"name\":\"Accurate Reviews\",\"description\":\"\",\"potentialAction\":[{\"@type\":\"SearchAction\",\"target\":{\"@type\":\"EntryPoint\",\"urlTemplate\":\"https:\\\/\\\/www.accuratereviews.com\\\/it\\\/?s={search_term_string}\"},\"query-input\":{\"@type\":\"PropertyValueSpecification\",\"valueRequired\":true,\"valueName\":\"search_term_string\"}}],\"inLanguage\":\"it-IT\"}]}<\/script>\n<!-- \/ Yoast SEO plugin. -->","yoast_head_json":{"title":"Clover: recensione app per cibo a domicilio - Accurate Reviews","description":"Clover: recensione app per cibo a domicilio che ti fa ottenere report e approfondimenti sull'attivit\u00e0 in tempo reale.","robots":{"index":"index","follow":"follow","max-snippet":"max-snippet:-1","max-image-preview":"max-image-preview:large","max-video-preview":"max-video-preview:-1"},"canonical":"https:\/\/www.accuratereviews.com\/it\/app-cibo-domicilio\/clover-recensione\/","og_locale":"it_IT","og_type":"article","og_title":"Clover: recensione app per cibo a domicilio - Accurate Reviews","og_description":"Clover: recensione app per cibo a domicilio che ti fa ottenere report e approfondimenti sull'attivit\u00e0 in tempo reale.","og_url":"https:\/\/www.accuratereviews.com\/it\/app-cibo-domicilio\/clover-recensione\/","og_site_name":"Accurate Reviews","article_modified_time":"2022-03-11T06:54:01+00:00","og_image":[{"width":225,"height":225,"url":"https:\/\/www.accuratereviews.com\/wp-content\/uploads\/2022\/03\/Clover.png","type":"image\/png"}],"twitter_card":"summary_large_image","twitter_misc":{"Tempo di lettura stimato":"4 minuti"},"schema":{"@context":"https:\/\/schema.org","@graph":[{"@type":"WebPage","@id":"https:\/\/www.accuratereviews.com\/it\/app-cibo-domicilio\/clover-recensione\/","url":"https:\/\/www.accuratereviews.com\/it\/app-cibo-domicilio\/clover-recensione\/","name":"Clover: recensione app per cibo a domicilio - Accurate Reviews","isPartOf":{"@id":"https:\/\/www.accuratereviews.com\/it\/#website"},"primaryImageOfPage":{"@id":"https:\/\/www.accuratereviews.com\/it\/app-cibo-domicilio\/clover-recensione\/#primaryimage"},"image":{"@id":"https:\/\/www.accuratereviews.com\/it\/app-cibo-domicilio\/clover-recensione\/#primaryimage"},"thumbnailUrl":"https:\/\/www.accuratereviews.com\/wp-content\/uploads\/2022\/03\/Clover.png","datePublished":"2022-03-09T11:57:24+00:00","dateModified":"2022-03-11T06:54:01+00:00","description":"Clover: recensione app per cibo a domicilio che ti fa ottenere report e approfondimenti sull'attivit\u00e0 in tempo reale.","breadcrumb":{"@id":"https:\/\/www.accuratereviews.com\/it\/app-cibo-domicilio\/clover-recensione\/#breadcrumb"},"inLanguage":"it-IT","potentialAction":[{"@type":"ReadAction","target":["https:\/\/www.accuratereviews.com\/it\/app-cibo-domicilio\/clover-recensione\/"]}]},{"@type":"ImageObject","inLanguage":"it-IT","@id":"https:\/\/www.accuratereviews.com\/it\/app-cibo-domicilio\/clover-recensione\/#primaryimage","url":"https:\/\/www.accuratereviews.com\/wp-content\/uploads\/2022\/03\/Clover.png","contentUrl":"https:\/\/www.accuratereviews.com\/wp-content\/uploads\/2022\/03\/Clover.png","width":225,"height":225},{"@type":"BreadcrumbList","@id":"https:\/\/www.accuratereviews.com\/it\/app-cibo-domicilio\/clover-recensione\/#breadcrumb","itemListElement":[{"@type":"ListItem","position":1,"name":"Home","item":"https:\/\/www.accuratereviews.com\/it\/"},{"@type":"ListItem","position":2,"name":"App per cibo a domicilio","item":"https:\/\/www.accuratereviews.com\/it\/app-cibo-domicilio\/"},{"@type":"ListItem","position":3,"name":"Clover"}]},{"@type":"WebSite","@id":"https:\/\/www.accuratereviews.com\/it\/#website","url":"https:\/\/www.accuratereviews.com\/it\/","name":"Accurate Reviews","description":"","potentialAction":[{"@type":"SearchAction","target":{"@type":"EntryPoint","urlTemplate":"https:\/\/www.accuratereviews.com\/it\/?s={search_term_string}"},"query-input":{"@type":"PropertyValueSpecification","valueRequired":true,"valueName":"search_term_string"}}],"inLanguage":"it-IT"}]}},"_links":{"self":[{"href":"https:\/\/www.accuratereviews.com\/it\/wp-json\/wp\/v2\/pages\/54676","targetHints":{"allow":["GET"]}}],"collection":[{"href":"https:\/\/www.accuratereviews.com\/it\/wp-json\/wp\/v2\/pages"}],"about":[{"href":"https:\/\/www.accuratereviews.com\/it\/wp-json\/wp\/v2\/types\/page"}],"author":[{"embeddable":true,"href":"https:\/\/www.accuratereviews.com\/it\/wp-json\/wp\/v2\/users\/16"}],"replies":[{"embeddable":true,"href":"https:\/\/www.accuratereviews.com\/it\/wp-json\/wp\/v2\/comments?post=54676"}],"version-history":[{"count":6,"href":"https:\/\/www.accuratereviews.com\/it\/wp-json\/wp\/v2\/pages\/54676\/revisions"}],"predecessor-version":[{"id":54751,"href":"https:\/\/www.accuratereviews.com\/it\/wp-json\/wp\/v2\/pages\/54676\/revisions\/54751"}],"up":[{"embeddable":true,"href":"https:\/\/www.accuratereviews.com\/it\/wp-json\/wp\/v2\/pages\/54405"}],"wp:featuredmedia":[{"embeddable":true,"href":"https:\/\/www.accuratereviews.com\/it\/wp-json\/wp\/v2\/media\/54677"}],"wp:attachment":[{"href":"https:\/\/www.accuratereviews.com\/it\/wp-json\/wp\/v2\/media?parent=54676"}],"wp:term":[{"taxonomy":"category","embeddable":true,"href":"https:\/\/www.accuratereviews.com\/it\/wp-json\/wp\/v2\/categories?post=54676"},{"taxonomy":"post_tag","embeddable":true,"href":"https:\/\/www.accuratereviews.com\/it\/wp-json\/wp\/v2\/tags?post=54676"},{"taxonomy":"features","embeddable":true,"href":"https:\/\/www.accuratereviews.com\/it\/wp-json\/wp\/v2\/features?post=54676"}],"curies":[{"name":"wp","href":"https:\/\/api.w.org\/{rel}","templated":true}]}}