{"id":54700,"date":"2022-03-10T11:49:42","date_gmt":"2022-03-10T11:49:42","guid":{"rendered":"https:\/\/www.accuratereviews.com\/?page_id=54700"},"modified":"2022-03-10T11:49:42","modified_gmt":"2022-03-10T11:49:42","slug":"toast-recensione","status":"publish","type":"page","link":"https:\/\/www.accuratereviews.com\/it\/app-cibo-domicilio\/toast-recensione\/","title":{"rendered":"Toast"},"content":{"rendered":"<p><strong>Toast<\/strong> \u00e8 un <strong>software per punti vendita (POS)<\/strong> che consente agli imprenditori di ridurre i costi operativi, aumentare l&#8217;efficienza del personale e migliorare l&#8217;esperienza del cliente. Il software soddisfa le esigenze di diversi punti vendita in ristoranti con servizio rapido (QSR), ristoranti raffinati, caff\u00e8, panetterie, catene di pizzerie e birrerie e bar. Il programma\u00a0offre funzionalit\u00e0 di gestione del menu che includono l&#8217;impostazione dell&#8217;intero menu, inclusi tutti i gruppi e i sottogruppi, la personalizzazione dei menu separatamente per il pubblico online e offline e l&#8217;aggiunta di prezzi specifici per l&#8217;ora. Il prodotto fornisce una funzione di ordinazione del ristorante che offre la possibilit\u00e0 di prendere ordini al volo, inviare notifiche automatiche al server quando l&#8217;ordine \u00e8 pronto e dividere il conto e le voci di menu tra i clienti. La soluzione semplifica i pagamenti offrendo funzionalit\u00e0 come &#8220;paga al tavolo&#8221;, inviare ricevute tramite email o stamparle tramite l&#8217;integrazione con una stampante esterna e la possibilit\u00e0 di trasformare i pagamenti in punti fedelt\u00e0 riscattabile in visite future.<\/p>\n<h2>TOAST &#8211; TUTORIAL<\/h2>\n<p>Guarda come \u00e8 semplice effettuare un pagamento con questo <strong>software per cibo a domicilio<\/strong>:<\/p>\n<div id=\"fluid-wrapper-counter-1\" class=\"g1-fluid-wrapper \" style=\"width:686px;\">\n<div style=\"padding-bottom:56.268221574344%;\"><iframe loading=\"lazy\" title=\"Introducing Toast Order &amp; Pay\" width=\"686\" height=\"386\" src=\"https:\/\/www.youtube.com\/embed\/fq4XZVD9gps?feature=oembed&amp;wmode=transparent&amp;autohide=1&amp;autoplay=0&amp;disablekb=0&amp;fs=1&amp;loop=0&amp;enablejsapi=1&amp;rel=0&amp;controls=2&amp;showinfo=0&amp;wmode=transparent&amp;autohide=2&amp;autoplay=0&amp;disablekb=0&amp;fs=1&amp;loop=0&amp;enablejsapi=1&amp;rel=0&amp;controls=2&amp;showinfo=1\" frameborder=\"0\" allow=\"accelerometer; autoplay; clipboard-write; encrypted-media; gyroscope; picture-in-picture\" allowfullscreen><\/iframe><\/div>\n<\/div>\n<h3>TOAST &#8211; CARATTERISTICHE<\/h3>\n<ul>\n<li><strong>Notifiche di ordine pronto<\/strong>: accetta i pagamenti (EMV o Card) al tavolo<\/li>\n<li><strong>Feedback degli ospiti<\/strong>: raccogli e rispondi immediatamente al feedback degli ospiti<\/li>\n<li><strong>Commissione gratuita<\/strong>: aumenta le vendite e consenti agli ospiti di ordinare facilmente e in modo pi\u00f9 sicuro direttamente da te. Offri il ritiro sul marciapiede o la consegna contactless, il tutto senza commissioni<\/li>\n<li><strong>Consegna forfettaria<\/strong>: mantieni i tuoi margini e i dati degli ospiti quando invii autisti locali attraverso una rete on-demand per offrire consegne contactless pi\u00f9 sicure, senza commissioni<\/li>\n<li><strong>Integrato con i pi\u00f9 grandi marchi di consegna<\/strong>: elimina la tablet farm e fai in modo che gli ordini dai mercati di consegna di terze parti vengano inviati direttamente al tuo sistema di punti vendita<\/li>\n<li><strong>Panoramica della posizione<\/strong>: una visione unificata delle vendite nette e dei costi di manodopera in una o centinaia di sedi<\/li>\n<li><strong>Riepilogo vendite:<\/strong> monitora le prestazioni in qualsiasi periodo di tempo<\/li>\n<li><strong>Miscela di prodotti<\/strong>: monitorare il mix di prodotti e identificare le aree di miglioramento<\/li>\n<li><strong>Basato su cloud:<\/strong> accedi e modifica il tuo menu da qualsiasi dispositivo<\/li>\n<li><strong>Menu Conto alla rovescia<\/strong>: gestisci la disponibilit\u00e0 con il conto alla rovescia degli articoli<\/li>\n<\/ul>\n<h4>LE RECENSIONI DEGLI UTENTI<\/h4>\n<p class=\"font-weight-bold mb-2\"><strong>Mark K.&#8221;Mancanza nel servizio clienti&#8221;<\/strong><\/p>\n<p class=\"font-weight-bold mb-2\"><strong>Pro<\/strong>:\u00a0Facile da usare ed efficiente. Questo praticamente riassume tutto, ma hanno detto che la mia risposta era troppo breve.<\/p>\n<p class=\"font-weight-bold mb-2\"><strong>Contro<\/strong>:\u00a0Molti costi aggiuntivi dopo l&#8217;acquisto I rapporti non possono essere estratti facilmente per lunghi intervalli di date MANCANTE ASSISTENZA CLIENTI<\/p>\n<p class=\"font-weight-bold mb-2\"><strong>Taylor H.&#8221;Toast \u00e8 il mio POS preferito&#8221;<\/strong><\/p>\n<p class=\"font-weight-bold mb-2\"><strong>Pro<\/strong>:\u00a0Ho lavorato nei ristoranti per oltre 13 anni e il toast \u00e8 sempre stato il sistema pi\u00f9 semplice e sufficiente. Di fretta, se hai clienti che hanno molte modifiche, toast ti offre le opzioni per aggiungere le mod. Ci\u00f2 porta a ordini pi\u00f9 accurati e meno errori = meno sprechi di cucina, ecc. Mi piace essere in grado di monitorare i miei saldi anche per tutta la notte<\/p>\n<p class=\"font-weight-bold mb-2\"><strong>Contro<\/strong>:\u00a0Onestamente rispetto agli altri sistemi che ho usato, il toast \u00e8 perfetto. Non ho lamentele.<\/p>\n<p class=\"font-weight-bold mb-2\"><strong>Sky C.&#8221;POS brindisi&#8221;<\/strong><\/p>\n<p><span class=\"font-weight-bold\"><strong>Commenti<\/strong>: <\/span>Molto bene Nonostante le poche difficolt\u00e0 tecniche che a volte si verificano.<\/p>\n<p class=\"font-weight-bold mb-2\"><strong>Pro<\/strong>:\u00a0Questo sistema POS \u00e8 molto pi\u00f9 avanzato rispetto ad altri che ho usato in precedenza. Ci sono molte opzioni per inserire gli elementi e le funzioni necessari all&#8217;interno della tua attivit\u00e0. L&#8217;aspetto generale di questo software \u00e8 molto pi\u00f9 bello. Mi piace anche il modo in cui l&#8217;accesso degli utenti cambia con la classifica della posizione e la verifica pu\u00f2 essere implementata per alcune funzionalit\u00e0 che aiutano a scoraggiare possibili furti o usi impropri. Anche i rapporti sulle vendite sono estremamente approfonditi . Nel complesso, questo \u00e8 un ottimo sistema di posizione per tutti i livelli di occupazione.<\/p>\n<p class=\"font-weight-bold mb-2\"><strong>Contro<\/strong>:\u00a0Si sono verificati alcuni problemi con la caduta della connessione\/la stampante non riceve gli ordini nonostante la nostra connessione Internet funzioni correttamente. Ci\u00f2 ha causato parecchie volte di trambusto a causa dei nostri livelli di occupazione elevati che hanno lasciato la nostra cucina bloccata per almeno 30 minuti a un&#8217;ora a seconda della velocit\u00e0 con cui il servizio clienti potrebbe risolvere il problema. Naturalmente, poich\u00e9 si tratta di un&#8217;app, sar\u00e0 soggetta a arresti anomali, ma \u00e8 estremamente scomodo quando accade durante l&#8217;ora di punta.<\/p>\n","protected":false},"excerpt":{"rendered":"<p>Toast \u00e8 un software per punti vendita (POS) che consente agli imprenditori di ridurre i costi operativi, aumentare l&#8217;efficienza del personale e migliorare l&#8217;esperienza del cliente. Il software soddisfa le esigenze di diversi punti vendita in ristoranti con servizio rapido (QSR), ristoranti raffinati, caff\u00e8, panetterie, catene di pizzerie e birrerie e bar.<\/p>\n","protected":false},"author":16,"featured_media":54707,"parent":54405,"menu_order":0,"comment_status":"open","ping_status":"closed","template":"g1_template_page_review_new.php","meta":{"_acf_changed":false,"cwp_meta_box_check":"No","cwp_rev_product_name":"","cwp_rev_product_image":"","wppr_links":[],"cwp_rev_price":"","wppr_options":[],"wppr_pros":[],"wppr_cons":[],"_monsterinsights_skip_tracking":false,"_monsterinsights_sitenote_active":false,"_monsterinsights_sitenote_note":"","_monsterinsights_sitenote_category":0,"footnotes":""},"categories":[12168],"tags":[12170,12171,12189,12174,12172,12173,12228],"features":[],"class_list":{"0":"post-54700","1":"page","2":"type-page","3":"status-publish","4":"has-post-thumbnail","6":"category-app-cibo-domicilio-cat","7":"tag-app-cibo-a-domicilio","8":"tag-cibo-a-domicilio","9":"tag-piattaforma-cibo-a-domicilio","10":"tag-programma-cibo-a-domicilio","11":"tag-software-cibo-a-domicilio","12":"tag-soluzione-cibo-a-domicilio","13":"tag-toast"},"wppr_data":{"cwp_meta_box_check":"No"},"acf":[],"yoast_head":"<!-- This site is optimized with the Yoast SEO plugin v27.4 - https:\/\/yoast.com\/product\/yoast-seo-wordpress\/ -->\n<title>Toast: recensione software cibo a domicilio - Accurate Reviews<\/title>\n<meta name=\"description\" content=\"Toast: recensione software per punti vendita che consente di ridurre i costi operativi, aumentare l&#039;efficienza e migliorare l&#039;esperienza del cliente.\" \/>\n<meta name=\"robots\" content=\"index, follow, max-snippet:-1, max-image-preview:large, max-video-preview:-1\" \/>\n<link rel=\"canonical\" href=\"https:\/\/www.accuratereviews.com\/it\/app-cibo-domicilio\/toast-recensione\/\" \/>\n<meta property=\"og:locale\" content=\"it_IT\" \/>\n<meta property=\"og:type\" content=\"article\" \/>\n<meta property=\"og:title\" content=\"Toast: recensione software cibo a domicilio - Accurate Reviews\" \/>\n<meta property=\"og:description\" content=\"Toast: recensione software per punti vendita che consente di ridurre i costi operativi, aumentare l&#039;efficienza e migliorare l&#039;esperienza del cliente.\" \/>\n<meta property=\"og:url\" content=\"https:\/\/www.accuratereviews.com\/it\/app-cibo-domicilio\/toast-recensione\/\" \/>\n<meta property=\"og:site_name\" content=\"Accurate Reviews\" \/>\n<meta property=\"og:image\" content=\"https:\/\/www.accuratereviews.com\/wp-content\/uploads\/2022\/03\/logo-toast.png\" \/>\n\t<meta property=\"og:image:width\" content=\"400\" \/>\n\t<meta property=\"og:image:height\" content=\"400\" \/>\n\t<meta property=\"og:image:type\" content=\"image\/png\" \/>\n<meta name=\"twitter:card\" content=\"summary_large_image\" \/>\n<meta name=\"twitter:label1\" content=\"Tempo di lettura stimato\" \/>\n\t<meta name=\"twitter:data1\" content=\"4 minuti\" \/>\n<script type=\"application\/ld+json\" class=\"yoast-schema-graph\">{\"@context\":\"https:\\\/\\\/schema.org\",\"@graph\":[{\"@type\":\"WebPage\",\"@id\":\"https:\\\/\\\/www.accuratereviews.com\\\/it\\\/app-cibo-domicilio\\\/toast-recensione\\\/\",\"url\":\"https:\\\/\\\/www.accuratereviews.com\\\/it\\\/app-cibo-domicilio\\\/toast-recensione\\\/\",\"name\":\"Toast: recensione software cibo a domicilio - Accurate Reviews\",\"isPartOf\":{\"@id\":\"https:\\\/\\\/www.accuratereviews.com\\\/it\\\/#website\"},\"primaryImageOfPage\":{\"@id\":\"https:\\\/\\\/www.accuratereviews.com\\\/it\\\/app-cibo-domicilio\\\/toast-recensione\\\/#primaryimage\"},\"image\":{\"@id\":\"https:\\\/\\\/www.accuratereviews.com\\\/it\\\/app-cibo-domicilio\\\/toast-recensione\\\/#primaryimage\"},\"thumbnailUrl\":\"https:\\\/\\\/www.accuratereviews.com\\\/wp-content\\\/uploads\\\/2022\\\/03\\\/logo-toast.png\",\"datePublished\":\"2022-03-10T11:49:42+00:00\",\"description\":\"Toast: recensione software per punti vendita che consente di ridurre i costi operativi, aumentare l'efficienza e migliorare l'esperienza del cliente.\",\"breadcrumb\":{\"@id\":\"https:\\\/\\\/www.accuratereviews.com\\\/it\\\/app-cibo-domicilio\\\/toast-recensione\\\/#breadcrumb\"},\"inLanguage\":\"it-IT\",\"potentialAction\":[{\"@type\":\"ReadAction\",\"target\":[\"https:\\\/\\\/www.accuratereviews.com\\\/it\\\/app-cibo-domicilio\\\/toast-recensione\\\/\"]}]},{\"@type\":\"ImageObject\",\"inLanguage\":\"it-IT\",\"@id\":\"https:\\\/\\\/www.accuratereviews.com\\\/it\\\/app-cibo-domicilio\\\/toast-recensione\\\/#primaryimage\",\"url\":\"https:\\\/\\\/www.accuratereviews.com\\\/wp-content\\\/uploads\\\/2022\\\/03\\\/logo-toast.png\",\"contentUrl\":\"https:\\\/\\\/www.accuratereviews.com\\\/wp-content\\\/uploads\\\/2022\\\/03\\\/logo-toast.png\",\"width\":400,\"height\":400},{\"@type\":\"BreadcrumbList\",\"@id\":\"https:\\\/\\\/www.accuratereviews.com\\\/it\\\/app-cibo-domicilio\\\/toast-recensione\\\/#breadcrumb\",\"itemListElement\":[{\"@type\":\"ListItem\",\"position\":1,\"name\":\"Home\",\"item\":\"https:\\\/\\\/www.accuratereviews.com\\\/it\\\/\"},{\"@type\":\"ListItem\",\"position\":2,\"name\":\"App per cibo a domicilio\",\"item\":\"https:\\\/\\\/www.accuratereviews.com\\\/it\\\/app-cibo-domicilio\\\/\"},{\"@type\":\"ListItem\",\"position\":3,\"name\":\"Toast\"}]},{\"@type\":\"WebSite\",\"@id\":\"https:\\\/\\\/www.accuratereviews.com\\\/it\\\/#website\",\"url\":\"https:\\\/\\\/www.accuratereviews.com\\\/it\\\/\",\"name\":\"Accurate Reviews\",\"description\":\"\",\"potentialAction\":[{\"@type\":\"SearchAction\",\"target\":{\"@type\":\"EntryPoint\",\"urlTemplate\":\"https:\\\/\\\/www.accuratereviews.com\\\/it\\\/?s={search_term_string}\"},\"query-input\":{\"@type\":\"PropertyValueSpecification\",\"valueRequired\":true,\"valueName\":\"search_term_string\"}}],\"inLanguage\":\"it-IT\"}]}<\/script>\n<!-- \/ Yoast SEO plugin. -->","yoast_head_json":{"title":"Toast: recensione software cibo a domicilio - Accurate Reviews","description":"Toast: recensione software per punti vendita che consente di ridurre i costi operativi, aumentare l'efficienza e migliorare l'esperienza del cliente.","robots":{"index":"index","follow":"follow","max-snippet":"max-snippet:-1","max-image-preview":"max-image-preview:large","max-video-preview":"max-video-preview:-1"},"canonical":"https:\/\/www.accuratereviews.com\/it\/app-cibo-domicilio\/toast-recensione\/","og_locale":"it_IT","og_type":"article","og_title":"Toast: recensione software cibo a domicilio - Accurate Reviews","og_description":"Toast: recensione software per punti vendita che consente di ridurre i costi operativi, aumentare l'efficienza e migliorare l'esperienza del cliente.","og_url":"https:\/\/www.accuratereviews.com\/it\/app-cibo-domicilio\/toast-recensione\/","og_site_name":"Accurate Reviews","og_image":[{"width":400,"height":400,"url":"https:\/\/www.accuratereviews.com\/wp-content\/uploads\/2022\/03\/logo-toast.png","type":"image\/png"}],"twitter_card":"summary_large_image","twitter_misc":{"Tempo di lettura stimato":"4 minuti"},"schema":{"@context":"https:\/\/schema.org","@graph":[{"@type":"WebPage","@id":"https:\/\/www.accuratereviews.com\/it\/app-cibo-domicilio\/toast-recensione\/","url":"https:\/\/www.accuratereviews.com\/it\/app-cibo-domicilio\/toast-recensione\/","name":"Toast: recensione software cibo a domicilio - Accurate Reviews","isPartOf":{"@id":"https:\/\/www.accuratereviews.com\/it\/#website"},"primaryImageOfPage":{"@id":"https:\/\/www.accuratereviews.com\/it\/app-cibo-domicilio\/toast-recensione\/#primaryimage"},"image":{"@id":"https:\/\/www.accuratereviews.com\/it\/app-cibo-domicilio\/toast-recensione\/#primaryimage"},"thumbnailUrl":"https:\/\/www.accuratereviews.com\/wp-content\/uploads\/2022\/03\/logo-toast.png","datePublished":"2022-03-10T11:49:42+00:00","description":"Toast: recensione software per punti vendita che consente di ridurre i costi operativi, aumentare l'efficienza e migliorare l'esperienza del cliente.","breadcrumb":{"@id":"https:\/\/www.accuratereviews.com\/it\/app-cibo-domicilio\/toast-recensione\/#breadcrumb"},"inLanguage":"it-IT","potentialAction":[{"@type":"ReadAction","target":["https:\/\/www.accuratereviews.com\/it\/app-cibo-domicilio\/toast-recensione\/"]}]},{"@type":"ImageObject","inLanguage":"it-IT","@id":"https:\/\/www.accuratereviews.com\/it\/app-cibo-domicilio\/toast-recensione\/#primaryimage","url":"https:\/\/www.accuratereviews.com\/wp-content\/uploads\/2022\/03\/logo-toast.png","contentUrl":"https:\/\/www.accuratereviews.com\/wp-content\/uploads\/2022\/03\/logo-toast.png","width":400,"height":400},{"@type":"BreadcrumbList","@id":"https:\/\/www.accuratereviews.com\/it\/app-cibo-domicilio\/toast-recensione\/#breadcrumb","itemListElement":[{"@type":"ListItem","position":1,"name":"Home","item":"https:\/\/www.accuratereviews.com\/it\/"},{"@type":"ListItem","position":2,"name":"App per cibo a domicilio","item":"https:\/\/www.accuratereviews.com\/it\/app-cibo-domicilio\/"},{"@type":"ListItem","position":3,"name":"Toast"}]},{"@type":"WebSite","@id":"https:\/\/www.accuratereviews.com\/it\/#website","url":"https:\/\/www.accuratereviews.com\/it\/","name":"Accurate Reviews","description":"","potentialAction":[{"@type":"SearchAction","target":{"@type":"EntryPoint","urlTemplate":"https:\/\/www.accuratereviews.com\/it\/?s={search_term_string}"},"query-input":{"@type":"PropertyValueSpecification","valueRequired":true,"valueName":"search_term_string"}}],"inLanguage":"it-IT"}]}},"_links":{"self":[{"href":"https:\/\/www.accuratereviews.com\/it\/wp-json\/wp\/v2\/pages\/54700","targetHints":{"allow":["GET"]}}],"collection":[{"href":"https:\/\/www.accuratereviews.com\/it\/wp-json\/wp\/v2\/pages"}],"about":[{"href":"https:\/\/www.accuratereviews.com\/it\/wp-json\/wp\/v2\/types\/page"}],"author":[{"embeddable":true,"href":"https:\/\/www.accuratereviews.com\/it\/wp-json\/wp\/v2\/users\/16"}],"replies":[{"embeddable":true,"href":"https:\/\/www.accuratereviews.com\/it\/wp-json\/wp\/v2\/comments?post=54700"}],"version-history":[{"count":9,"href":"https:\/\/www.accuratereviews.com\/it\/wp-json\/wp\/v2\/pages\/54700\/revisions"}],"predecessor-version":[{"id":54743,"href":"https:\/\/www.accuratereviews.com\/it\/wp-json\/wp\/v2\/pages\/54700\/revisions\/54743"}],"up":[{"embeddable":true,"href":"https:\/\/www.accuratereviews.com\/it\/wp-json\/wp\/v2\/pages\/54405"}],"wp:featuredmedia":[{"embeddable":true,"href":"https:\/\/www.accuratereviews.com\/it\/wp-json\/wp\/v2\/media\/54707"}],"wp:attachment":[{"href":"https:\/\/www.accuratereviews.com\/it\/wp-json\/wp\/v2\/media?parent=54700"}],"wp:term":[{"taxonomy":"category","embeddable":true,"href":"https:\/\/www.accuratereviews.com\/it\/wp-json\/wp\/v2\/categories?post=54700"},{"taxonomy":"post_tag","embeddable":true,"href":"https:\/\/www.accuratereviews.com\/it\/wp-json\/wp\/v2\/tags?post=54700"},{"taxonomy":"features","embeddable":true,"href":"https:\/\/www.accuratereviews.com\/it\/wp-json\/wp\/v2\/features?post=54700"}],"curies":[{"name":"wp","href":"https:\/\/api.w.org\/{rel}","templated":true}]}}