{"id":54715,"date":"2022-03-10T11:45:24","date_gmt":"2022-03-10T11:45:24","guid":{"rendered":"https:\/\/www.accuratereviews.com\/?page_id=54715"},"modified":"2022-03-10T11:45:24","modified_gmt":"2022-03-10T11:45:24","slug":"upserve-recensione","status":"publish","type":"page","link":"https:\/\/www.accuratereviews.com\/it\/app-cibo-domicilio\/upserve-recensione\/","title":{"rendered":"Upserve"},"content":{"rendered":"<p><strong>Upserve<\/strong> di Lightspeed \u00e8 un <strong>sistema di gestione POS<\/strong> che si rivolge a ristoranti, caff\u00e8, bar e discoteche, offrendo un&#8217;ampia suite di funzionalit\u00e0 ottimizzate per iPad e iPhone. La piattaforma include strumenti flessibili per il punto vendita e soluzioni di pagamento, oltre a funzionalit\u00e0 come la gestione degli assegni e dei tavoli e l&#8217;orologio. Il software\u00a0aiuta le aziende a operare in modo pi\u00f9 efficiente, consentendo agli utenti di cercare rapidamente voci sul menu e modificarlo al volo. Gli strumenti di gestione aiutano a tenere traccia delle vendite e degli articoli e monitorare le tendenze settimana dopo settimana. I manager possono specificare le funzionalit\u00e0 a cui ogni dipendente ha accesso, nonch\u00e9 visualizzazioni e menu diversi per ruoli distinti. La funzione di conto alla rovescia dell&#8217;inventario avvisa i server quando un articolo sta per esaurirsi.\u00a0Proprietari e gestori possono visualizzare report sulle vendite aggiornati al minuto e ottenere una panoramica delle vendite e delle tasse, nonch\u00e9 dei conteggi degli ospiti e degli assegni.<\/p>\n<h2>UPSERVE &#8211; TUTORIAL<\/h2>\n<p>Guardiamo come monitorare l&#8217;andamento della tua attivit\u00e0 attraverso questa<strong> app per cibo a domicilio<\/strong>:<\/p>\n<div id=\"fluid-wrapper-counter-1\" class=\"g1-fluid-wrapper \" style=\"width:686px;\">\n<div style=\"padding-bottom:56.268221574344%;\"><iframe loading=\"lazy\" title=\"Upserve in Action: Restaurant Sales and Servers\" width=\"686\" height=\"386\" src=\"https:\/\/www.youtube.com\/embed\/W69qOJK3G1A?list=PL1yMRxgMC0k90A8T0QMvZ6WKcPNvXBEc0\" frameborder=\"0\" allow=\"accelerometer; autoplay; clipboard-write; encrypted-media; gyroscope; picture-in-picture\" allowfullscreen><\/iframe><\/div>\n<\/div>\n<h3>UPSERVE &#8211; CARATTERISTICHE<\/h3>\n<ul>\n<li><strong>Elenco degli ospiti<\/strong>: la soluzione raccoglie dati utili su ogni ospite in modo che tu possa costruire relazioni pi\u00f9 profonde ogni volta che entrano nel tuo ristorante. I server possono aggiungere note e il management pu\u00f2 taggare e segmentare gli ospiti in elenchi personalizzati per campagne di marketing mirate<\/li>\n<li><strong>Riassunto quotidiano<\/strong>: il programma ti mostra cosa \u00e8 successo nel tuo ristorante il giorno precedente, come prima cosa al mattino, via email. I dati grezzi vengono tradotti in informazioni comprensibili, insieme al feedback qualitativo dai server<\/li>\n<li><strong>Ordinazione in linea<\/strong>: molti ristoranti si affidano a pi\u00f9 sistemi di ordinazione online di terze parti che aggiungono ingenti costi di manodopera, hardware e commissioni che riducono notevolmente i loro profitti. Questa app invece \u00e8 integrata in modo da evitare i costosi problemi associati all&#8217;avere pi\u00f9 sistemi di ordinazione<\/li>\n<li><strong>Gestione del menu:<\/strong> suddividi voci di menu specifiche a colpo d&#8217;occhio in termini di &#8220;meraviglie one-hit&#8221;, &#8220;grandi successi&#8221;, &#8220;underperformer&#8221; e &#8220;gemme nascoste&#8221;. Potenziato con questi dati, regola il tuo menu per presentare i tuoi piatti migliori<\/li>\n<li><strong>Prestazioni e valutazione del server<\/strong>: utilizzando il software con funzionalit\u00e0 di reporting interconnesse, impiegherai pochi minuti, non ore, per arrivare in fondo alle cose. Utilizza i rapporti sulle prestazioni del server per scoprire situazioni in cui potrebbe essere necessaria un&#8217;ulteriore formazione del personale o per premiare i migliori risultati (e il personale nei turni pi\u00f9 impegnativi, di conseguenza)<\/li>\n<li><strong>Gestione della reputazione<\/strong>: per risparmiarti il \u200b\u200bduro lavoro di controllare manualmente ogni sito di recensioni ogni giorno, raccogliamo tutte le tue recensioni online in un unico posto con la funzione Reputazione. All&#8217;interno della tua dashboard, puoi fare clic per rispondere, se necessario, e persino monitorare i concorrenti locali per trovare possibili opportunit\u00e0 per sorprendere e deliziare gli ospiti<\/li>\n<li><strong>Analisi delle vendite:<\/strong> la funzione analisi delle vendite semplifica la comprensione delle tendenze delle vendite dei ristoranti nel corso di giorni, settimane o addirittura anni. Potenziato con i dati effettivi dietro le operazioni del tuo ristorante, prenderai pi\u00f9 facilmente decisioni aziendali in merito al personale, alla gestione delle sedi e capirai quali voci di menu stanno attirando le persone per di pi\u00f9<\/li>\n<li><strong>Programma fedelt\u00e0<\/strong>: abbandona le costose app per smartphone per consentire ai tuoi ospiti di registrarsi e rimanere coinvolti facilmente. La funzione Fedelt\u00e0 richiede agli ospiti di registrarsi collegandosi alla loro carta di credito per il pagamento. Da l\u00ec, premi e sconti vengono applicati automaticamente.<\/li>\n<\/ul>\n<p><strong>LE RECENSIONI DEGLI UTENTI<\/strong><\/p>\n<p class=\"h5 font-weight-bold\"><strong>Johon D.&#8221;Upserve \u00e8 una soluzione POS conveniente e affidabile&#8221;<\/strong><\/p>\n<p><span class=\"font-weight-bold\"><strong>Commenti<\/strong>: <\/span>Nel complesso \u00e8 stata un&#8217;ottima esperienza. L&#8217;assistenza clienti \u00e8 stata rapida e competente. Pulsanti facili da programmare e modificare i prezzi<\/p>\n<p class=\"font-weight-bold mb-2\"><strong>Pro<\/strong>:\u00a0Soluzione molto conveniente basata su cloud. Grande aggiornamento da Aloha NCR. Alta velocit\u00e0 di elaborazione, reportistica mobile su richiesta e molto sicura<\/p>\n<p class=\"font-weight-bold mb-2\"><strong>Contro<\/strong>:\u00a0Si sono verificati alcuni bug durante la distribuzione, inclusi problemi di connettivit\u00e0 con alcuni terminali.<\/p>\n<p class=\"font-weight-bold mb-2\"><strong>Osvaldo C.&#8221;Non \u00e8 il punto vendita pi\u00f9 semplice, ma funziona alla grande!&#8221;<\/strong><\/p>\n<p class=\"font-weight-bold mb-2\"><strong>Pro<\/strong>:\u00a0Fa un ottimo lavoro nel registrare l&#8217;orologio dei dipendenti e la gestione della cassa.<\/p>\n<p class=\"font-weight-bold mb-2\"><strong>Contro<\/strong>:\u00a0il servizio clienti \u00e8 gravemente a corto di personale al momento.<\/p>\n<p class=\"font-weight-bold mb-2\"><strong>Eric H.&#8221;Ottimo prodotto con persone fantastiche e ottimo servizio&#8221;<\/strong><\/p>\n<p class=\"font-weight-bold mb-2\"><strong>Pro<\/strong>:\u00a0Usiamo Upserve da pi\u00f9 di 4 anni ormai e non abbiamo mai avuto un problema che non fosse stato risolto in pi\u00f9 di 24 ore. Il prodotto \u00e8 meraviglioso e il servizio che abbiamo sperimentato \u00e8 ottimo.<\/p>\n<p class=\"font-weight-bold mb-2\"><strong>Contro<\/strong>:\u00a0L&#8217;unico cambiamento che faremmo \u00e8 la velocit\u00e0 di elaborazione EMV. So che si sta lavorando, quindi \u00e8 davvero tutto ci\u00f2 che possono fare in questo momento. Forse un bel display sul lettore EMV per renderlo pi\u00f9 facile da usare per gli ospiti<\/p>\n","protected":false},"excerpt":{"rendered":"<p>Upserve di Lightspeed \u00e8 un sistema di gestione POS che si rivolge a ristoranti, caff\u00e8, bar e discoteche, offrendo un&#8217;ampia suite di funzionalit\u00e0 ottimizzate per iPad e iPhone. La piattaforma include strumenti flessibili per il punto vendita e soluzioni di pagamento, oltre a funzionalit\u00e0 come la gestione degli assegni e dei tavoli e l&#8217;orologio.<\/p>\n","protected":false},"author":16,"featured_media":54716,"parent":54405,"menu_order":0,"comment_status":"open","ping_status":"closed","template":"g1_template_page_review_new.php","meta":{"_acf_changed":false,"cwp_meta_box_check":"No","cwp_rev_product_name":"","cwp_rev_product_image":"","wppr_links":[],"cwp_rev_price":"","wppr_options":[],"wppr_pros":[],"wppr_cons":[],"_monsterinsights_skip_tracking":false,"_monsterinsights_sitenote_active":false,"_monsterinsights_sitenote_note":"","_monsterinsights_sitenote_category":0,"footnotes":""},"categories":[12168],"tags":[12193,12171,12212,12211,12210,12209,4492],"features":[],"class_list":{"0":"post-54715","1":"page","2":"type-page","3":"status-publish","4":"has-post-thumbnail","6":"category-app-cibo-domicilio-cat","7":"tag-app-per-cibo-a-domicilio","8":"tag-cibo-a-domicilio","9":"tag-piattaforma-per-cibo-a-domicilio","10":"tag-programma-per-cibo-a-domicilio","11":"tag-software-per-cibo-a-domicilio","12":"tag-soluzione-per-cibo-a-domicilio","13":"tag-upserve"},"wppr_data":{"cwp_meta_box_check":"No"},"acf":[],"yoast_head":"<!-- This site is optimized with the Yoast SEO plugin v27.4 - https:\/\/yoast.com\/product\/yoast-seo-wordpress\/ -->\n<title>Upserve: recensione app per cibo a domicilio - Accurate Reviews<\/title>\n<meta name=\"description\" content=\"Upserve: recensione sistema di gestione POS che si rivolge a ristoranti, caff\u00e8 e bar offrendo un&#039;ampia suite di funzionalit\u00e0.\" \/>\n<meta name=\"robots\" content=\"index, follow, max-snippet:-1, max-image-preview:large, max-video-preview:-1\" \/>\n<link rel=\"canonical\" href=\"https:\/\/www.accuratereviews.com\/it\/app-cibo-domicilio\/upserve-recensione\/\" \/>\n<meta property=\"og:locale\" content=\"it_IT\" \/>\n<meta property=\"og:type\" content=\"article\" \/>\n<meta property=\"og:title\" content=\"Upserve: recensione app per cibo a domicilio - Accurate Reviews\" \/>\n<meta property=\"og:description\" content=\"Upserve: recensione sistema di gestione POS che si rivolge a ristoranti, caff\u00e8 e bar offrendo un&#039;ampia suite di funzionalit\u00e0.\" \/>\n<meta property=\"og:url\" content=\"https:\/\/www.accuratereviews.com\/it\/app-cibo-domicilio\/upserve-recensione\/\" \/>\n<meta property=\"og:site_name\" content=\"Accurate Reviews\" \/>\n<meta property=\"og:image\" content=\"https:\/\/www.accuratereviews.com\/wp-content\/uploads\/2022\/03\/upserve7681.jpeg\" \/>\n\t<meta property=\"og:image:width\" content=\"866\" \/>\n\t<meta property=\"og:image:height\" content=\"650\" \/>\n\t<meta property=\"og:image:type\" content=\"image\/jpeg\" \/>\n<meta name=\"twitter:card\" content=\"summary_large_image\" \/>\n<meta name=\"twitter:label1\" content=\"Tempo di lettura stimato\" \/>\n\t<meta name=\"twitter:data1\" content=\"5 minuti\" \/>\n<script type=\"application\/ld+json\" class=\"yoast-schema-graph\">{\"@context\":\"https:\\\/\\\/schema.org\",\"@graph\":[{\"@type\":\"WebPage\",\"@id\":\"https:\\\/\\\/www.accuratereviews.com\\\/it\\\/app-cibo-domicilio\\\/upserve-recensione\\\/\",\"url\":\"https:\\\/\\\/www.accuratereviews.com\\\/it\\\/app-cibo-domicilio\\\/upserve-recensione\\\/\",\"name\":\"Upserve: recensione app per cibo a domicilio - Accurate Reviews\",\"isPartOf\":{\"@id\":\"https:\\\/\\\/www.accuratereviews.com\\\/it\\\/#website\"},\"primaryImageOfPage\":{\"@id\":\"https:\\\/\\\/www.accuratereviews.com\\\/it\\\/app-cibo-domicilio\\\/upserve-recensione\\\/#primaryimage\"},\"image\":{\"@id\":\"https:\\\/\\\/www.accuratereviews.com\\\/it\\\/app-cibo-domicilio\\\/upserve-recensione\\\/#primaryimage\"},\"thumbnailUrl\":\"https:\\\/\\\/www.accuratereviews.com\\\/wp-content\\\/uploads\\\/2022\\\/03\\\/upserve7681.jpeg\",\"datePublished\":\"2022-03-10T11:45:24+00:00\",\"description\":\"Upserve: recensione sistema di gestione POS che si rivolge a ristoranti, caff\u00e8 e bar offrendo un'ampia suite di funzionalit\u00e0.\",\"breadcrumb\":{\"@id\":\"https:\\\/\\\/www.accuratereviews.com\\\/it\\\/app-cibo-domicilio\\\/upserve-recensione\\\/#breadcrumb\"},\"inLanguage\":\"it-IT\",\"potentialAction\":[{\"@type\":\"ReadAction\",\"target\":[\"https:\\\/\\\/www.accuratereviews.com\\\/it\\\/app-cibo-domicilio\\\/upserve-recensione\\\/\"]}]},{\"@type\":\"ImageObject\",\"inLanguage\":\"it-IT\",\"@id\":\"https:\\\/\\\/www.accuratereviews.com\\\/it\\\/app-cibo-domicilio\\\/upserve-recensione\\\/#primaryimage\",\"url\":\"https:\\\/\\\/www.accuratereviews.com\\\/wp-content\\\/uploads\\\/2022\\\/03\\\/upserve7681.jpeg\",\"contentUrl\":\"https:\\\/\\\/www.accuratereviews.com\\\/wp-content\\\/uploads\\\/2022\\\/03\\\/upserve7681.jpeg\",\"width\":866,\"height\":650},{\"@type\":\"BreadcrumbList\",\"@id\":\"https:\\\/\\\/www.accuratereviews.com\\\/it\\\/app-cibo-domicilio\\\/upserve-recensione\\\/#breadcrumb\",\"itemListElement\":[{\"@type\":\"ListItem\",\"position\":1,\"name\":\"Home\",\"item\":\"https:\\\/\\\/www.accuratereviews.com\\\/it\\\/\"},{\"@type\":\"ListItem\",\"position\":2,\"name\":\"App per cibo a domicilio\",\"item\":\"https:\\\/\\\/www.accuratereviews.com\\\/it\\\/app-cibo-domicilio\\\/\"},{\"@type\":\"ListItem\",\"position\":3,\"name\":\"Upserve\"}]},{\"@type\":\"WebSite\",\"@id\":\"https:\\\/\\\/www.accuratereviews.com\\\/it\\\/#website\",\"url\":\"https:\\\/\\\/www.accuratereviews.com\\\/it\\\/\",\"name\":\"Accurate Reviews\",\"description\":\"\",\"potentialAction\":[{\"@type\":\"SearchAction\",\"target\":{\"@type\":\"EntryPoint\",\"urlTemplate\":\"https:\\\/\\\/www.accuratereviews.com\\\/it\\\/?s={search_term_string}\"},\"query-input\":{\"@type\":\"PropertyValueSpecification\",\"valueRequired\":true,\"valueName\":\"search_term_string\"}}],\"inLanguage\":\"it-IT\"}]}<\/script>\n<!-- \/ Yoast SEO plugin. -->","yoast_head_json":{"title":"Upserve: recensione app per cibo a domicilio - Accurate Reviews","description":"Upserve: recensione sistema di gestione POS che si rivolge a ristoranti, caff\u00e8 e bar offrendo un'ampia suite di funzionalit\u00e0.","robots":{"index":"index","follow":"follow","max-snippet":"max-snippet:-1","max-image-preview":"max-image-preview:large","max-video-preview":"max-video-preview:-1"},"canonical":"https:\/\/www.accuratereviews.com\/it\/app-cibo-domicilio\/upserve-recensione\/","og_locale":"it_IT","og_type":"article","og_title":"Upserve: recensione app per cibo a domicilio - Accurate Reviews","og_description":"Upserve: recensione sistema di gestione POS che si rivolge a ristoranti, caff\u00e8 e bar offrendo un'ampia suite di funzionalit\u00e0.","og_url":"https:\/\/www.accuratereviews.com\/it\/app-cibo-domicilio\/upserve-recensione\/","og_site_name":"Accurate Reviews","og_image":[{"width":866,"height":650,"url":"https:\/\/www.accuratereviews.com\/wp-content\/uploads\/2022\/03\/upserve7681.jpeg","type":"image\/jpeg"}],"twitter_card":"summary_large_image","twitter_misc":{"Tempo di lettura stimato":"5 minuti"},"schema":{"@context":"https:\/\/schema.org","@graph":[{"@type":"WebPage","@id":"https:\/\/www.accuratereviews.com\/it\/app-cibo-domicilio\/upserve-recensione\/","url":"https:\/\/www.accuratereviews.com\/it\/app-cibo-domicilio\/upserve-recensione\/","name":"Upserve: recensione app per cibo a domicilio - Accurate Reviews","isPartOf":{"@id":"https:\/\/www.accuratereviews.com\/it\/#website"},"primaryImageOfPage":{"@id":"https:\/\/www.accuratereviews.com\/it\/app-cibo-domicilio\/upserve-recensione\/#primaryimage"},"image":{"@id":"https:\/\/www.accuratereviews.com\/it\/app-cibo-domicilio\/upserve-recensione\/#primaryimage"},"thumbnailUrl":"https:\/\/www.accuratereviews.com\/wp-content\/uploads\/2022\/03\/upserve7681.jpeg","datePublished":"2022-03-10T11:45:24+00:00","description":"Upserve: recensione sistema di gestione POS che si rivolge a ristoranti, caff\u00e8 e bar offrendo un'ampia suite di funzionalit\u00e0.","breadcrumb":{"@id":"https:\/\/www.accuratereviews.com\/it\/app-cibo-domicilio\/upserve-recensione\/#breadcrumb"},"inLanguage":"it-IT","potentialAction":[{"@type":"ReadAction","target":["https:\/\/www.accuratereviews.com\/it\/app-cibo-domicilio\/upserve-recensione\/"]}]},{"@type":"ImageObject","inLanguage":"it-IT","@id":"https:\/\/www.accuratereviews.com\/it\/app-cibo-domicilio\/upserve-recensione\/#primaryimage","url":"https:\/\/www.accuratereviews.com\/wp-content\/uploads\/2022\/03\/upserve7681.jpeg","contentUrl":"https:\/\/www.accuratereviews.com\/wp-content\/uploads\/2022\/03\/upserve7681.jpeg","width":866,"height":650},{"@type":"BreadcrumbList","@id":"https:\/\/www.accuratereviews.com\/it\/app-cibo-domicilio\/upserve-recensione\/#breadcrumb","itemListElement":[{"@type":"ListItem","position":1,"name":"Home","item":"https:\/\/www.accuratereviews.com\/it\/"},{"@type":"ListItem","position":2,"name":"App per cibo a domicilio","item":"https:\/\/www.accuratereviews.com\/it\/app-cibo-domicilio\/"},{"@type":"ListItem","position":3,"name":"Upserve"}]},{"@type":"WebSite","@id":"https:\/\/www.accuratereviews.com\/it\/#website","url":"https:\/\/www.accuratereviews.com\/it\/","name":"Accurate Reviews","description":"","potentialAction":[{"@type":"SearchAction","target":{"@type":"EntryPoint","urlTemplate":"https:\/\/www.accuratereviews.com\/it\/?s={search_term_string}"},"query-input":{"@type":"PropertyValueSpecification","valueRequired":true,"valueName":"search_term_string"}}],"inLanguage":"it-IT"}]}},"_links":{"self":[{"href":"https:\/\/www.accuratereviews.com\/it\/wp-json\/wp\/v2\/pages\/54715","targetHints":{"allow":["GET"]}}],"collection":[{"href":"https:\/\/www.accuratereviews.com\/it\/wp-json\/wp\/v2\/pages"}],"about":[{"href":"https:\/\/www.accuratereviews.com\/it\/wp-json\/wp\/v2\/types\/page"}],"author":[{"embeddable":true,"href":"https:\/\/www.accuratereviews.com\/it\/wp-json\/wp\/v2\/users\/16"}],"replies":[{"embeddable":true,"href":"https:\/\/www.accuratereviews.com\/it\/wp-json\/wp\/v2\/comments?post=54715"}],"version-history":[{"count":9,"href":"https:\/\/www.accuratereviews.com\/it\/wp-json\/wp\/v2\/pages\/54715\/revisions"}],"predecessor-version":[{"id":54741,"href":"https:\/\/www.accuratereviews.com\/it\/wp-json\/wp\/v2\/pages\/54715\/revisions\/54741"}],"up":[{"embeddable":true,"href":"https:\/\/www.accuratereviews.com\/it\/wp-json\/wp\/v2\/pages\/54405"}],"wp:featuredmedia":[{"embeddable":true,"href":"https:\/\/www.accuratereviews.com\/it\/wp-json\/wp\/v2\/media\/54716"}],"wp:attachment":[{"href":"https:\/\/www.accuratereviews.com\/it\/wp-json\/wp\/v2\/media?parent=54715"}],"wp:term":[{"taxonomy":"category","embeddable":true,"href":"https:\/\/www.accuratereviews.com\/it\/wp-json\/wp\/v2\/categories?post=54715"},{"taxonomy":"post_tag","embeddable":true,"href":"https:\/\/www.accuratereviews.com\/it\/wp-json\/wp\/v2\/tags?post=54715"},{"taxonomy":"features","embeddable":true,"href":"https:\/\/www.accuratereviews.com\/it\/wp-json\/wp\/v2\/features?post=54715"}],"curies":[{"name":"wp","href":"https:\/\/api.w.org\/{rel}","templated":true}]}}