{"id":54760,"date":"2022-03-11T11:27:22","date_gmt":"2022-03-11T11:27:22","guid":{"rendered":"https:\/\/www.accuratereviews.com\/?page_id=54760"},"modified":"2022-03-11T11:27:22","modified_gmt":"2022-03-11T11:27:22","slug":"spoton-recensione","status":"publish","type":"page","link":"https:\/\/www.accuratereviews.com\/it\/app-cibo-domicilio\/spoton-recensione\/","title":{"rendered":"SpotOn"},"content":{"rendered":"<p><strong>SpotOn<\/strong>\u00a0\u00e8 una <strong>soluzione per punti vendita (POS)<\/strong> basata su <strong>cloud<\/strong> progettata per aiutare le piccole e medie imprese nel settore dell&#8217;ospitalit\u00e0 a semplificare i pagamenti online, gli ordini al tavolo e la protezione dalle frodi. Il modulo di gestione del lavoro consente agli utenti di gestire orari, mance, turni e altro dei dipendenti. Le caratteristiche principali includono la gestione delle carte regalo, la creazione di programmi fedelt\u00e0, l&#8217;organizzazione degli ordini, gli assegni ripartiti, l&#8217;accesso mobile e la gestione delle mance. I team possono utilizzare dispositivi mobili con layout di tabella per visualizzare i menu online, monitorare le stazioni in pi\u00f9 sedi e ricevere aggiornamenti dei menu in tempo reale, consentendo ai manager di gestire le offerte di lavoro, le approvazioni e gli sconti. La soluzione aiuta gli utenti a generare report personalizzabili basati su metriche come il tipo di pagamento o le vendite ottenendo informazioni dettagliate.<\/p>\n<h2>SPOTON &#8211; TUTORIAL<\/h2>\n<p>Il video che seguir\u00e0 mostra come organizzare al meglio il propio ristorante utilizzando questa <strong>soluzione per il cibo a domicilio<\/strong>:<\/p>\n<div id=\"fluid-wrapper-counter-1\" class=\"g1-fluid-wrapper \" style=\"width:686px;\">\n<div style=\"padding-bottom:56.268221574344%;\"><iframe loading=\"lazy\" title=\"SpotOn Restaurant Promo\" width=\"686\" height=\"386\" src=\"https:\/\/www.youtube.com\/embed\/wx4JxSMsC4s?feature=oembed&amp;wmode=transparent&amp;autohide=1&amp;autoplay=0&amp;disablekb=0&amp;fs=1&amp;loop=0&amp;enablejsapi=1&amp;rel=0&amp;controls=2&amp;showinfo=0&amp;wmode=transparent&amp;autohide=2&amp;autoplay=0&amp;disablekb=0&amp;fs=1&amp;loop=0&amp;enablejsapi=1&amp;rel=0&amp;controls=2&amp;showinfo=1\" frameborder=\"0\" allow=\"accelerometer; autoplay; clipboard-write; encrypted-media; gyroscope; picture-in-picture\" allowfullscreen><\/iframe><\/div>\n<\/div>\n<h3>SPOTON &#8211; CARATTERISTICHE<\/h3>\n<ul>\n<li>Ottieni una soluzione end-to-end personalizzata con tutte le funzionalit\u00e0 necessarie per massimizzare il throughput, aumentare le entrate e migliorare l&#8217;esperienza degli ospiti<\/li>\n<li>Ricevi i dati completi disponibili per prendere decisioni intelligenti senza una costosa integrazione di terze parti. Approfitta di una reportistica affidabile su numerosi aspetti del tuo ristorante, tra cui vendite e manodopera per ora, mix di prodotti, vendite dei dipendenti e transazioni<\/li>\n<li>Equipaggia il tuo ristorante con tutte le stazioni, i palmari e le periferiche da cucina di cui hai bisogno, con hardware robusto e affidabile, pronto per le esigenze di un ristorante laborioso<\/li>\n<li>Dai al tuo personale i dispositivi POS palmari velocissimi per migliorare la produttivit\u00e0. La semplice aggiunta di 3 dispositivi palmari pu\u00f2 portare a servire oltre 5 tavoli aggiuntivi al giorno<\/li>\n<li>Raccogli facilmente le informazioni di contatto degli ospiti ed espandi la tua portata con un sistema di punti vendita progettato per far crescere la tua mailing list a ogni punto di contatto<\/li>\n<li>Mantieni gli ospiti al sicuro e gira i tavoli pi\u00f9 velocemente con l&#8217;ordinazione da dispositivo mobile. Gli ospiti possono semplicemente scansionare un codice QR al tavolo, quindi ordinare e pagare direttamente dal proprio telefono, senza mai toccare un menu o una carta di credito<\/li>\n<li>Fornire un servizio di consegna per il tuo ristorante dovrebbe essere facile e conveniente. Con il costo di consegna forfettario incorporato, risparmierai rispetto alle commissioni addebitate dalle app di consegna di terze parti<\/li>\n<li>Come proprietario di un ristorante, la tua priorit\u00e0 principale \u00e8 fornire un&#8217;esperienza sicura e piacevole che faccia tornare gli ospiti. Il software lo semplifica combinando tutti gli strumenti front-of-house di cui hai bisogno in un&#8217;unica soluzione con integrazione POS opzionale<\/li>\n<li>Incoraggia le visite ripetute e migliora il flusso di cassa consentendo agli ospiti di ordinare le carte regalo elettroniche direttamente dal tuo sito web. Crea i tuoi design personalizzati che corrispondono al marchio del tuo ristorante o ottieni il supporto del concierge.<\/li>\n<\/ul>\n<h4>LE RECENSIONI DEGLI UTENTI<\/h4>\n<p class=\"font-weight-bold mb-2\"><strong>Lisa W.&#8221;Recensione SpotOn&#8221;<\/strong><\/p>\n<p class=\"font-weight-bold mb-2\"><strong>Pro<\/strong>:\u00a0Il prodotto \u00e8 molto facile da navigare e facile da usare.<\/p>\n<p class=\"font-weight-bold mb-2\"><strong>Contro<\/strong>:\u00a0La funzionalit\u00e0 della carta regalo potrebbe essere pi\u00f9 intuitiva.<\/p>\n<p class=\"font-weight-bold mb-2\"><strong>Anastasia P.&#8221;Spoton prende il posto di un intero dipartimento&#8221;<\/strong><\/p>\n<p><span class=\"font-weight-bold\"><strong>Commenti<\/strong>: <\/span>Molto pi\u00f9 vantaggioso per i tuoi soldi e anni luce in anticipo rispetto ad altri sistemi di punti vendita<\/p>\n<p class=\"font-weight-bold mb-2\"><strong>Pro<\/strong>:\u00a0Mi piace che attraverso un portale sia possibile accedere online, POS e analisi. Prende il posto di un&#8217;intera operazione dipartimentale attraverso un solo programma.<\/p>\n<p class=\"font-weight-bold mb-2\"><strong>Contro<\/strong>:\u00a0Pu\u00f2 essere difettoso a volte e scrupoloso quando \u00e8 necessario apportare molte modifiche ai prezzi o alle voci di menu<\/p>\n<p class=\"font-weight-bold mb-2\"><strong>Suzy M.&#8221;SpotOn sta lavorando per noi&#8221;<\/strong><\/p>\n<p><span class=\"font-weight-bold\"><strong>Commenti<\/strong>: <\/span>Con SpotOn abbiamo una risorsa che ci fornisce informazioni aggiornate su come i vari aspetti della nostra attivit\u00e0 stanno andando oraria, giornaliera, settimanale, mensile, ecc. Ci\u00f2 consente di risparmiare MOLTO tempo. Non vedo l&#8217;ora di saperne di pi\u00f9 sull&#8217;utilizzo dei report forniti.<\/p>\n<p class=\"font-weight-bold mb-2\"><strong>Pro<\/strong>:\u00a0Ci piace il reporting istantaneo che viene continuamente aggiornato. Le informazioni accurate in corso sono molto utili per prevedere cosa pianificare in seguito e valutare come stiamo raggiungendo i nostri obiettivi o meno. Ci piacciono i molti dettagli. Mi piace anche l&#8217;atteggiamento del nostro rappresentante: molto disponibile e molto accessibile.<\/p>\n<p class=\"font-weight-bold mb-2\"><strong>Contro<\/strong>:\u00a0Sarebbe utile per i nostri utenti essere in grado di vedere le vendite e il tempo dei singoli dipendenti su una pagina piuttosto che dover passare a 2 pagine diverse. Alcuni dei titoli\/pagine non ho idea di cosa significhino o di come interpretarli. Spero di incontrare il rappresentante \u00a0nel prossimo futuro per saperne di pi\u00f9 su questo. Una volta ho perso la possibilit\u00e0 di accedere, ma una rapida chiamata al rappresentante ha risolto le cose.<\/p>\n","protected":false},"excerpt":{"rendered":"<p>SpotOn\u00a0\u00e8 una soluzione per punti vendita (POS) basata su cloud progettata per aiutare le piccole e medie imprese nel settore dell&#8217;ospitalit\u00e0 a semplificare i pagamenti online, gli ordini al tavolo e la protezione dalle frodi. Il modulo di gestione del lavoro consente agli utenti di gestire orari, mance, turni e altro dei dipendenti.\u00a0<\/p>\n","protected":false},"author":16,"featured_media":54761,"parent":54405,"menu_order":0,"comment_status":"open","ping_status":"closed","template":"g1_template_page_review_new.php","meta":{"_acf_changed":false,"cwp_meta_box_check":"No","cwp_rev_product_name":"","cwp_rev_product_image":"","wppr_links":[],"cwp_rev_price":"","wppr_options":[],"wppr_pros":[],"wppr_cons":[],"_monsterinsights_skip_tracking":false,"_monsterinsights_sitenote_active":false,"_monsterinsights_sitenote_note":"","_monsterinsights_sitenote_category":0,"footnotes":""},"categories":[12168],"tags":[12170,12171,12189,12174,12172,12173,12231],"features":[],"class_list":{"0":"post-54760","1":"page","2":"type-page","3":"status-publish","4":"has-post-thumbnail","6":"category-app-cibo-domicilio-cat","7":"tag-app-cibo-a-domicilio","8":"tag-cibo-a-domicilio","9":"tag-piattaforma-cibo-a-domicilio","10":"tag-programma-cibo-a-domicilio","11":"tag-software-cibo-a-domicilio","12":"tag-soluzione-cibo-a-domicilio","13":"tag-spoton"},"wppr_data":{"cwp_meta_box_check":"No"},"acf":[],"yoast_head":"<!-- This site is optimized with the Yoast SEO plugin v27.4 - https:\/\/yoast.com\/product\/yoast-seo-wordpress\/ -->\n<title>SpotOn: recensione app per cibo a domicilio - Accurate Reviews<\/title>\n<meta name=\"description\" content=\"SpotOn: recensione soluzione per punti vendita (POS) basata su cloud per aiutare le piccole e medie imprese nel settore dell&#039;ospitalit\u00e0.\" \/>\n<meta name=\"robots\" content=\"index, follow, max-snippet:-1, max-image-preview:large, max-video-preview:-1\" \/>\n<link rel=\"canonical\" href=\"https:\/\/www.accuratereviews.com\/it\/app-cibo-domicilio\/spoton-recensione\/\" \/>\n<meta property=\"og:locale\" content=\"it_IT\" \/>\n<meta property=\"og:type\" content=\"article\" \/>\n<meta property=\"og:title\" content=\"SpotOn: recensione app per cibo a domicilio - Accurate Reviews\" \/>\n<meta property=\"og:description\" content=\"SpotOn: recensione soluzione per punti vendita (POS) basata su cloud per aiutare le piccole e medie imprese nel settore dell&#039;ospitalit\u00e0.\" \/>\n<meta property=\"og:url\" content=\"https:\/\/www.accuratereviews.com\/it\/app-cibo-domicilio\/spoton-recensione\/\" \/>\n<meta property=\"og:site_name\" content=\"Accurate Reviews\" \/>\n<meta property=\"og:image\" content=\"https:\/\/www.accuratereviews.com\/wp-content\/uploads\/2022\/03\/SpotOn_Logo.png\" \/>\n\t<meta property=\"og:image:width\" content=\"468\" \/>\n\t<meta property=\"og:image:height\" content=\"213\" \/>\n\t<meta property=\"og:image:type\" content=\"image\/png\" \/>\n<meta name=\"twitter:card\" content=\"summary_large_image\" \/>\n<meta name=\"twitter:label1\" content=\"Tempo di lettura stimato\" \/>\n\t<meta name=\"twitter:data1\" content=\"5 minuti\" \/>\n<script type=\"application\/ld+json\" class=\"yoast-schema-graph\">{\"@context\":\"https:\\\/\\\/schema.org\",\"@graph\":[{\"@type\":\"WebPage\",\"@id\":\"https:\\\/\\\/www.accuratereviews.com\\\/it\\\/app-cibo-domicilio\\\/spoton-recensione\\\/\",\"url\":\"https:\\\/\\\/www.accuratereviews.com\\\/it\\\/app-cibo-domicilio\\\/spoton-recensione\\\/\",\"name\":\"SpotOn: recensione app per cibo a domicilio - Accurate Reviews\",\"isPartOf\":{\"@id\":\"https:\\\/\\\/www.accuratereviews.com\\\/it\\\/#website\"},\"primaryImageOfPage\":{\"@id\":\"https:\\\/\\\/www.accuratereviews.com\\\/it\\\/app-cibo-domicilio\\\/spoton-recensione\\\/#primaryimage\"},\"image\":{\"@id\":\"https:\\\/\\\/www.accuratereviews.com\\\/it\\\/app-cibo-domicilio\\\/spoton-recensione\\\/#primaryimage\"},\"thumbnailUrl\":\"https:\\\/\\\/www.accuratereviews.com\\\/wp-content\\\/uploads\\\/2022\\\/03\\\/SpotOn_Logo.png\",\"datePublished\":\"2022-03-11T11:27:22+00:00\",\"description\":\"SpotOn: recensione soluzione per punti vendita (POS) basata su cloud per aiutare le piccole e medie imprese nel settore dell'ospitalit\u00e0.\",\"breadcrumb\":{\"@id\":\"https:\\\/\\\/www.accuratereviews.com\\\/it\\\/app-cibo-domicilio\\\/spoton-recensione\\\/#breadcrumb\"},\"inLanguage\":\"it-IT\",\"potentialAction\":[{\"@type\":\"ReadAction\",\"target\":[\"https:\\\/\\\/www.accuratereviews.com\\\/it\\\/app-cibo-domicilio\\\/spoton-recensione\\\/\"]}]},{\"@type\":\"ImageObject\",\"inLanguage\":\"it-IT\",\"@id\":\"https:\\\/\\\/www.accuratereviews.com\\\/it\\\/app-cibo-domicilio\\\/spoton-recensione\\\/#primaryimage\",\"url\":\"https:\\\/\\\/www.accuratereviews.com\\\/wp-content\\\/uploads\\\/2022\\\/03\\\/SpotOn_Logo.png\",\"contentUrl\":\"https:\\\/\\\/www.accuratereviews.com\\\/wp-content\\\/uploads\\\/2022\\\/03\\\/SpotOn_Logo.png\",\"width\":468,\"height\":213},{\"@type\":\"BreadcrumbList\",\"@id\":\"https:\\\/\\\/www.accuratereviews.com\\\/it\\\/app-cibo-domicilio\\\/spoton-recensione\\\/#breadcrumb\",\"itemListElement\":[{\"@type\":\"ListItem\",\"position\":1,\"name\":\"Home\",\"item\":\"https:\\\/\\\/www.accuratereviews.com\\\/it\\\/\"},{\"@type\":\"ListItem\",\"position\":2,\"name\":\"App per cibo a domicilio\",\"item\":\"https:\\\/\\\/www.accuratereviews.com\\\/it\\\/app-cibo-domicilio\\\/\"},{\"@type\":\"ListItem\",\"position\":3,\"name\":\"SpotOn\"}]},{\"@type\":\"WebSite\",\"@id\":\"https:\\\/\\\/www.accuratereviews.com\\\/it\\\/#website\",\"url\":\"https:\\\/\\\/www.accuratereviews.com\\\/it\\\/\",\"name\":\"Accurate Reviews\",\"description\":\"\",\"potentialAction\":[{\"@type\":\"SearchAction\",\"target\":{\"@type\":\"EntryPoint\",\"urlTemplate\":\"https:\\\/\\\/www.accuratereviews.com\\\/it\\\/?s={search_term_string}\"},\"query-input\":{\"@type\":\"PropertyValueSpecification\",\"valueRequired\":true,\"valueName\":\"search_term_string\"}}],\"inLanguage\":\"it-IT\"}]}<\/script>\n<!-- \/ Yoast SEO plugin. -->","yoast_head_json":{"title":"SpotOn: recensione app per cibo a domicilio - Accurate Reviews","description":"SpotOn: recensione soluzione per punti vendita (POS) basata su cloud per aiutare le piccole e medie imprese nel settore dell'ospitalit\u00e0.","robots":{"index":"index","follow":"follow","max-snippet":"max-snippet:-1","max-image-preview":"max-image-preview:large","max-video-preview":"max-video-preview:-1"},"canonical":"https:\/\/www.accuratereviews.com\/it\/app-cibo-domicilio\/spoton-recensione\/","og_locale":"it_IT","og_type":"article","og_title":"SpotOn: recensione app per cibo a domicilio - Accurate Reviews","og_description":"SpotOn: recensione soluzione per punti vendita (POS) basata su cloud per aiutare le piccole e medie imprese nel settore dell'ospitalit\u00e0.","og_url":"https:\/\/www.accuratereviews.com\/it\/app-cibo-domicilio\/spoton-recensione\/","og_site_name":"Accurate Reviews","og_image":[{"width":468,"height":213,"url":"https:\/\/www.accuratereviews.com\/wp-content\/uploads\/2022\/03\/SpotOn_Logo.png","type":"image\/png"}],"twitter_card":"summary_large_image","twitter_misc":{"Tempo di lettura stimato":"5 minuti"},"schema":{"@context":"https:\/\/schema.org","@graph":[{"@type":"WebPage","@id":"https:\/\/www.accuratereviews.com\/it\/app-cibo-domicilio\/spoton-recensione\/","url":"https:\/\/www.accuratereviews.com\/it\/app-cibo-domicilio\/spoton-recensione\/","name":"SpotOn: recensione app per cibo a domicilio - Accurate Reviews","isPartOf":{"@id":"https:\/\/www.accuratereviews.com\/it\/#website"},"primaryImageOfPage":{"@id":"https:\/\/www.accuratereviews.com\/it\/app-cibo-domicilio\/spoton-recensione\/#primaryimage"},"image":{"@id":"https:\/\/www.accuratereviews.com\/it\/app-cibo-domicilio\/spoton-recensione\/#primaryimage"},"thumbnailUrl":"https:\/\/www.accuratereviews.com\/wp-content\/uploads\/2022\/03\/SpotOn_Logo.png","datePublished":"2022-03-11T11:27:22+00:00","description":"SpotOn: recensione soluzione per punti vendita (POS) basata su cloud per aiutare le piccole e medie imprese nel settore dell'ospitalit\u00e0.","breadcrumb":{"@id":"https:\/\/www.accuratereviews.com\/it\/app-cibo-domicilio\/spoton-recensione\/#breadcrumb"},"inLanguage":"it-IT","potentialAction":[{"@type":"ReadAction","target":["https:\/\/www.accuratereviews.com\/it\/app-cibo-domicilio\/spoton-recensione\/"]}]},{"@type":"ImageObject","inLanguage":"it-IT","@id":"https:\/\/www.accuratereviews.com\/it\/app-cibo-domicilio\/spoton-recensione\/#primaryimage","url":"https:\/\/www.accuratereviews.com\/wp-content\/uploads\/2022\/03\/SpotOn_Logo.png","contentUrl":"https:\/\/www.accuratereviews.com\/wp-content\/uploads\/2022\/03\/SpotOn_Logo.png","width":468,"height":213},{"@type":"BreadcrumbList","@id":"https:\/\/www.accuratereviews.com\/it\/app-cibo-domicilio\/spoton-recensione\/#breadcrumb","itemListElement":[{"@type":"ListItem","position":1,"name":"Home","item":"https:\/\/www.accuratereviews.com\/it\/"},{"@type":"ListItem","position":2,"name":"App per cibo a domicilio","item":"https:\/\/www.accuratereviews.com\/it\/app-cibo-domicilio\/"},{"@type":"ListItem","position":3,"name":"SpotOn"}]},{"@type":"WebSite","@id":"https:\/\/www.accuratereviews.com\/it\/#website","url":"https:\/\/www.accuratereviews.com\/it\/","name":"Accurate Reviews","description":"","potentialAction":[{"@type":"SearchAction","target":{"@type":"EntryPoint","urlTemplate":"https:\/\/www.accuratereviews.com\/it\/?s={search_term_string}"},"query-input":{"@type":"PropertyValueSpecification","valueRequired":true,"valueName":"search_term_string"}}],"inLanguage":"it-IT"}]}},"_links":{"self":[{"href":"https:\/\/www.accuratereviews.com\/it\/wp-json\/wp\/v2\/pages\/54760","targetHints":{"allow":["GET"]}}],"collection":[{"href":"https:\/\/www.accuratereviews.com\/it\/wp-json\/wp\/v2\/pages"}],"about":[{"href":"https:\/\/www.accuratereviews.com\/it\/wp-json\/wp\/v2\/types\/page"}],"author":[{"embeddable":true,"href":"https:\/\/www.accuratereviews.com\/it\/wp-json\/wp\/v2\/users\/16"}],"replies":[{"embeddable":true,"href":"https:\/\/www.accuratereviews.com\/it\/wp-json\/wp\/v2\/comments?post=54760"}],"version-history":[{"count":8,"href":"https:\/\/www.accuratereviews.com\/it\/wp-json\/wp\/v2\/pages\/54760\/revisions"}],"predecessor-version":[{"id":54785,"href":"https:\/\/www.accuratereviews.com\/it\/wp-json\/wp\/v2\/pages\/54760\/revisions\/54785"}],"up":[{"embeddable":true,"href":"https:\/\/www.accuratereviews.com\/it\/wp-json\/wp\/v2\/pages\/54405"}],"wp:featuredmedia":[{"embeddable":true,"href":"https:\/\/www.accuratereviews.com\/it\/wp-json\/wp\/v2\/media\/54761"}],"wp:attachment":[{"href":"https:\/\/www.accuratereviews.com\/it\/wp-json\/wp\/v2\/media?parent=54760"}],"wp:term":[{"taxonomy":"category","embeddable":true,"href":"https:\/\/www.accuratereviews.com\/it\/wp-json\/wp\/v2\/categories?post=54760"},{"taxonomy":"post_tag","embeddable":true,"href":"https:\/\/www.accuratereviews.com\/it\/wp-json\/wp\/v2\/tags?post=54760"},{"taxonomy":"features","embeddable":true,"href":"https:\/\/www.accuratereviews.com\/it\/wp-json\/wp\/v2\/features?post=54760"}],"curies":[{"name":"wp","href":"https:\/\/api.w.org\/{rel}","templated":true}]}}