{"id":54767,"date":"2022-03-11T11:45:02","date_gmt":"2022-03-11T11:45:02","guid":{"rendered":"https:\/\/www.accuratereviews.com\/?page_id=54767"},"modified":"2022-03-11T11:45:02","modified_gmt":"2022-03-11T11:45:02","slug":"ls-retail-recensione","status":"publish","type":"page","link":"https:\/\/www.accuratereviews.com\/it\/app-cibo-domicilio\/ls-retail-recensione\/","title":{"rendered":"LS Retail"},"content":{"rendered":"<p><strong>LS Retail<\/strong> \u00e8 una <strong>soluzione POS ed ERP<\/strong> flessibile altamente scalabile basata sulla tecnologia Microsoft Dynamics. Questo sistema di gestione aziendale unificato \u00e8 adatto a una vasta gamma di negozi al dettaglio, inclusi quelli di abbigliamento, generi alimentari, elettronica e animali, nonch\u00e9 ristoranti, stazioni di servizio e minimarket. Non importa se possiedi un solo negozio con un solo POS o gestisci migliaia di negozi, il software <strong>LS Retail<\/strong> cresce con te.\u00a0Le caratteristiche principali includono la gestione dell&#8217;inventario, la gestione dei clienti, la contabilit\u00e0 al dettaglio, l&#8217;e-commerce, la gestione del magazzino e il supporto mobile.\u00a0Gli utenti possono monitorare le vendite, le scorte e la produttivit\u00e0 in tempo reale sui canali di vendita.<\/p>\n<h2>LS RETAIL &#8211; TUTORIAL<\/h2>\n<p>Ecco una panoramica delle funzioni di questo <strong>software per consegna di cibo<\/strong>:<\/p>\n<div id=\"fluid-wrapper-counter-1\" class=\"g1-fluid-wrapper \" style=\"width:686px;\">\n<div style=\"padding-bottom:56.268221574344%;\"><iframe loading=\"lazy\" title=\"LS Retail - Who are we?\" width=\"686\" height=\"386\" src=\"https:\/\/www.youtube.com\/embed\/p0Eaj1VN8H8?feature=oembed&amp;wmode=transparent&amp;autohide=1&amp;autoplay=0&amp;disablekb=0&amp;fs=1&amp;loop=0&amp;enablejsapi=1&amp;rel=0&amp;controls=2&amp;showinfo=0&amp;wmode=transparent&amp;autohide=2&amp;autoplay=0&amp;disablekb=0&amp;fs=1&amp;loop=0&amp;enablejsapi=1&amp;rel=0&amp;controls=2&amp;showinfo=1\" frameborder=\"0\" allow=\"accelerometer; autoplay; clipboard-write; encrypted-media; gyroscope; picture-in-picture\" allowfullscreen><\/iframe><\/div>\n<\/div>\n<h3>LS RETAIL &#8211; CARATTERISTICHE<\/h3>\n<ul>\n<li>Ricevi ordini in tempo reale presso la stazione di preparazione corretta<\/li>\n<li>Elabora gli ordini nella giusta sequenza<\/li>\n<li>Tieni traccia facilmente di richieste speciali e modifiche sui piatti<\/li>\n<li>Porta i piatti alla stazione di preparazione successiva o contrassegnali come pronti<\/li>\n<li>Niente pi\u00f9 biglietti persi, macchiati o letti male<\/li>\n<li>Vedi chiaramente quali ordini dovrebbero essere preparati per l&#8217;asporto<\/li>\n<li>Modifica la configurazione per adattarla al flusso di lavoro della tua cucina<\/li>\n<li>Esegui il POS su qualsiasi dispositivo<\/li>\n<li>Fornisci agli ospiti informazioni chiare su piatti e ingredienti<\/li>\n<li>Aggiungi e dividi la mancia, gestisci il polling delle mance<\/li>\n<li>Invia gli ordini direttamente al sistema espositivo della cucina<\/li>\n<li>Unisci le tabelle e spostale tra i server<\/li>\n<li>Accelera l&#8217;acquisizione degli ordini con l&#8217;ordinazione conversazionale<\/li>\n<li>Configura il POS in modo che imiti il \u200b\u200btuo menu<\/li>\n<li>Lavora con dati finanziari e di vendita affidabili e in tempo reale<\/li>\n<li>Dedica meno tempo alla riconciliazione finanziaria<\/li>\n<li>Filtra e analizza i tuoi dati ed esegui e condividi i rapporti<\/li>\n<li>Controllare la registrazione delle transazioni di vendita<\/li>\n<li>Tieni traccia delle prestazioni per sede, dipendente, articolo o turno<\/li>\n<\/ul>\n<h4>LE RECENSIONI DEGLI UTENTI<\/h4>\n<p class=\"font-weight-bold mb-2\"><strong>Fernando M.&#8221;Grande valore commerciale&#8221;<\/strong><\/p>\n<p><span class=\"font-weight-bold\"><strong>Commenti<\/strong>: <\/span>Servizio clienti, rifornimento, operazioni di vendita al dettaglio, contabilit\u00e0, inventario, gestione del negozio<\/p>\n<p class=\"font-weight-bold mb-2\"><strong>Pro<\/strong>:\u00a0Soluzione integrata, facilit\u00e0 d&#8217;uso, prodotto di prim&#8217;ordine, grande funzionalit\u00e0<\/p>\n<p class=\"font-weight-bold mb-2\"><strong>Contro<\/strong>:\u00a0Qualche ritardo nella risposta tecnica<\/p>\n<p class=\"font-weight-bold mb-2\"><strong>Mohammad rizki M.&#8221;Buon prodotto con un prezzo conveniente&#8221;<\/strong><\/p>\n<p><span class=\"font-weight-bold\"><strong>Commenti<\/strong>: <\/span>LS Retail \u00e8 un&#8217;azienda che fornisce soluzioni incentrate sulla vendita al dettaglio e sull&#8217;ospitalit\u00e0. Sto usando uno dei loro prodotti, LS NAV. Il prodotto era molto ricco di caratteristiche e funzionalit\u00e0, la sua suite per qualsiasi processo aziendale che sto affrontando per tutti i clienti. Ogni volta che il cliente ha un&#8217;esigenza specifica, il sistema pu\u00f2 essere personalizzato con un certo sforzo. Ricche funzionalit\u00e0 significa sempre elevata complessit\u00e0. E il prodotto \u00e8 piuttosto costoso per le piccole attivit\u00e0 di vendita al dettaglio. Ma nel complesso il sistema va bene.<\/p>\n<p class=\"font-weight-bold mb-2\"><strong>Pro<\/strong>:\u00a0Ricche funzionalit\u00e0 e funzionalit\u00e0, stabile perch\u00e9 \u00e8 un componente aggiuntivo in aggiunta a Dynamics NAV\/365 BC che \u00e8 forte nella contabilit\u00e0. Configurabile con necessit\u00e0 di buona conoscenza del sistema.<\/p>\n<p class=\"font-weight-bold mb-2\"><strong>Contro<\/strong>:\u00a0Il team di supporto non \u00e8 molto utile. Prodotto abbastanza costoso.<\/p>\n<p class=\"font-weight-bold mb-2\"><strong>Amaury A.&#8221;Ottimo software, con grandi margini di crescita.&#8221;<\/strong><\/p>\n<p><span class=\"font-weight-bold\"><strong>Commenti<\/strong>: <\/span>Organizzazione su tutte le aziende che hanno implementato questo prodotto.<\/p>\n<p class=\"font-weight-bold mb-2\"><strong>Pro<\/strong>:\u00a0&#8211; Facile da usare. &#8211; Ottima integrazione con ogni sistema Microsoft. &#8211; Facile gestione. &#8211; Eccellente supporto.<\/p>\n<p class=\"font-weight-bold mb-2\"><strong>Contro<\/strong>:\u00a0&#8211; Un po&#8217; caro per alcuni clienti. &#8211; Dovrebbe essere pi\u00f9 aperto alla personalizzazione. &#8211; Dovrebbero essere creati pi\u00f9 forum di supporto. &#8211;<\/p>\n","protected":false},"excerpt":{"rendered":"<p>LS Retail \u00e8 una soluzione POS ed ERP flessibile altamente scalabile basata sulla tecnologia Microsoft Dynamics. Questo sistema di gestione aziendale unificato \u00e8 adatto a una vasta gamma di negozi al dettaglio, inclusi negozi di abbigliamento, generi alimentari, elettronica e animali, nonch\u00e9 ristoranti, stazioni di servizio e minimarket.\u00a0<\/p>\n","protected":false},"author":16,"featured_media":54768,"parent":54405,"menu_order":0,"comment_status":"open","ping_status":"closed","template":"g1_template_page_review_new.php","meta":{"_acf_changed":false,"cwp_meta_box_check":"No","cwp_rev_product_name":"","cwp_rev_product_image":"","wppr_links":[],"cwp_rev_price":"","wppr_options":[],"wppr_pros":[],"wppr_cons":[],"_monsterinsights_skip_tracking":false,"_monsterinsights_sitenote_active":false,"_monsterinsights_sitenote_note":"","_monsterinsights_sitenote_category":0,"footnotes":""},"categories":[12168],"tags":[12171,12230,11716,12189,12174,12172,12173],"features":[],"class_list":{"0":"post-54767","1":"page","2":"type-page","3":"status-publish","4":"has-post-thumbnail","6":"category-app-cibo-domicilio-cat","7":"tag-cibo-a-domicilio","8":"tag-ls-retail","9":"tag-microsoft-dynamics","10":"tag-piattaforma-cibo-a-domicilio","11":"tag-programma-cibo-a-domicilio","12":"tag-software-cibo-a-domicilio","13":"tag-soluzione-cibo-a-domicilio"},"wppr_data":{"cwp_meta_box_check":"No"},"acf":[],"yoast_head":"<!-- This site is optimized with the Yoast SEO plugin v27.4 - https:\/\/yoast.com\/product\/yoast-seo-wordpress\/ -->\n<title>LS Retail: recensione app cibo a domicilio - Accurate Reviews<\/title>\n<meta name=\"description\" content=\"LS Retail: recensione soluzione POS ed ERP flessibile altamente scalabile basata sulla tecnologia Microsoft Dynamics.\" \/>\n<meta name=\"robots\" content=\"index, follow, max-snippet:-1, max-image-preview:large, max-video-preview:-1\" \/>\n<link rel=\"canonical\" href=\"https:\/\/www.accuratereviews.com\/it\/app-cibo-domicilio\/ls-retail-recensione\/\" \/>\n<meta property=\"og:locale\" content=\"it_IT\" \/>\n<meta property=\"og:type\" content=\"article\" \/>\n<meta property=\"og:title\" content=\"LS Retail: recensione app cibo a domicilio - Accurate Reviews\" \/>\n<meta property=\"og:description\" content=\"LS Retail: recensione soluzione POS ed ERP flessibile altamente scalabile basata sulla tecnologia Microsoft Dynamics.\" \/>\n<meta property=\"og:url\" content=\"https:\/\/www.accuratereviews.com\/it\/app-cibo-domicilio\/ls-retail-recensione\/\" \/>\n<meta property=\"og:site_name\" content=\"Accurate Reviews\" \/>\n<meta property=\"og:image\" content=\"https:\/\/www.accuratereviews.com\/wp-content\/uploads\/2022\/03\/LS-Retail.png\" \/>\n\t<meta property=\"og:image:width\" content=\"325\" \/>\n\t<meta property=\"og:image:height\" content=\"260\" \/>\n\t<meta property=\"og:image:type\" content=\"image\/png\" \/>\n<meta name=\"twitter:card\" content=\"summary_large_image\" \/>\n<meta name=\"twitter:label1\" content=\"Tempo di lettura stimato\" \/>\n\t<meta name=\"twitter:data1\" content=\"3 minuti\" \/>\n<script type=\"application\/ld+json\" class=\"yoast-schema-graph\">{\"@context\":\"https:\\\/\\\/schema.org\",\"@graph\":[{\"@type\":\"WebPage\",\"@id\":\"https:\\\/\\\/www.accuratereviews.com\\\/it\\\/app-cibo-domicilio\\\/ls-retail-recensione\\\/\",\"url\":\"https:\\\/\\\/www.accuratereviews.com\\\/it\\\/app-cibo-domicilio\\\/ls-retail-recensione\\\/\",\"name\":\"LS Retail: recensione app cibo a domicilio - Accurate Reviews\",\"isPartOf\":{\"@id\":\"https:\\\/\\\/www.accuratereviews.com\\\/it\\\/#website\"},\"primaryImageOfPage\":{\"@id\":\"https:\\\/\\\/www.accuratereviews.com\\\/it\\\/app-cibo-domicilio\\\/ls-retail-recensione\\\/#primaryimage\"},\"image\":{\"@id\":\"https:\\\/\\\/www.accuratereviews.com\\\/it\\\/app-cibo-domicilio\\\/ls-retail-recensione\\\/#primaryimage\"},\"thumbnailUrl\":\"https:\\\/\\\/www.accuratereviews.com\\\/wp-content\\\/uploads\\\/2022\\\/03\\\/LS-Retail.png\",\"datePublished\":\"2022-03-11T11:45:02+00:00\",\"description\":\"LS Retail: recensione soluzione POS ed ERP flessibile altamente scalabile basata sulla tecnologia Microsoft Dynamics.\",\"breadcrumb\":{\"@id\":\"https:\\\/\\\/www.accuratereviews.com\\\/it\\\/app-cibo-domicilio\\\/ls-retail-recensione\\\/#breadcrumb\"},\"inLanguage\":\"it-IT\",\"potentialAction\":[{\"@type\":\"ReadAction\",\"target\":[\"https:\\\/\\\/www.accuratereviews.com\\\/it\\\/app-cibo-domicilio\\\/ls-retail-recensione\\\/\"]}]},{\"@type\":\"ImageObject\",\"inLanguage\":\"it-IT\",\"@id\":\"https:\\\/\\\/www.accuratereviews.com\\\/it\\\/app-cibo-domicilio\\\/ls-retail-recensione\\\/#primaryimage\",\"url\":\"https:\\\/\\\/www.accuratereviews.com\\\/wp-content\\\/uploads\\\/2022\\\/03\\\/LS-Retail.png\",\"contentUrl\":\"https:\\\/\\\/www.accuratereviews.com\\\/wp-content\\\/uploads\\\/2022\\\/03\\\/LS-Retail.png\",\"width\":325,\"height\":260},{\"@type\":\"BreadcrumbList\",\"@id\":\"https:\\\/\\\/www.accuratereviews.com\\\/it\\\/app-cibo-domicilio\\\/ls-retail-recensione\\\/#breadcrumb\",\"itemListElement\":[{\"@type\":\"ListItem\",\"position\":1,\"name\":\"Home\",\"item\":\"https:\\\/\\\/www.accuratereviews.com\\\/it\\\/\"},{\"@type\":\"ListItem\",\"position\":2,\"name\":\"App per cibo a domicilio\",\"item\":\"https:\\\/\\\/www.accuratereviews.com\\\/it\\\/app-cibo-domicilio\\\/\"},{\"@type\":\"ListItem\",\"position\":3,\"name\":\"LS Retail\"}]},{\"@type\":\"WebSite\",\"@id\":\"https:\\\/\\\/www.accuratereviews.com\\\/it\\\/#website\",\"url\":\"https:\\\/\\\/www.accuratereviews.com\\\/it\\\/\",\"name\":\"Accurate Reviews\",\"description\":\"\",\"potentialAction\":[{\"@type\":\"SearchAction\",\"target\":{\"@type\":\"EntryPoint\",\"urlTemplate\":\"https:\\\/\\\/www.accuratereviews.com\\\/it\\\/?s={search_term_string}\"},\"query-input\":{\"@type\":\"PropertyValueSpecification\",\"valueRequired\":true,\"valueName\":\"search_term_string\"}}],\"inLanguage\":\"it-IT\"}]}<\/script>\n<!-- \/ Yoast SEO plugin. -->","yoast_head_json":{"title":"LS Retail: recensione app cibo a domicilio - Accurate Reviews","description":"LS Retail: recensione soluzione POS ed ERP flessibile altamente scalabile basata sulla tecnologia Microsoft Dynamics.","robots":{"index":"index","follow":"follow","max-snippet":"max-snippet:-1","max-image-preview":"max-image-preview:large","max-video-preview":"max-video-preview:-1"},"canonical":"https:\/\/www.accuratereviews.com\/it\/app-cibo-domicilio\/ls-retail-recensione\/","og_locale":"it_IT","og_type":"article","og_title":"LS Retail: recensione app cibo a domicilio - Accurate Reviews","og_description":"LS Retail: recensione soluzione POS ed ERP flessibile altamente scalabile basata sulla tecnologia Microsoft Dynamics.","og_url":"https:\/\/www.accuratereviews.com\/it\/app-cibo-domicilio\/ls-retail-recensione\/","og_site_name":"Accurate Reviews","og_image":[{"width":325,"height":260,"url":"https:\/\/www.accuratereviews.com\/wp-content\/uploads\/2022\/03\/LS-Retail.png","type":"image\/png"}],"twitter_card":"summary_large_image","twitter_misc":{"Tempo di lettura stimato":"3 minuti"},"schema":{"@context":"https:\/\/schema.org","@graph":[{"@type":"WebPage","@id":"https:\/\/www.accuratereviews.com\/it\/app-cibo-domicilio\/ls-retail-recensione\/","url":"https:\/\/www.accuratereviews.com\/it\/app-cibo-domicilio\/ls-retail-recensione\/","name":"LS Retail: recensione app cibo a domicilio - Accurate Reviews","isPartOf":{"@id":"https:\/\/www.accuratereviews.com\/it\/#website"},"primaryImageOfPage":{"@id":"https:\/\/www.accuratereviews.com\/it\/app-cibo-domicilio\/ls-retail-recensione\/#primaryimage"},"image":{"@id":"https:\/\/www.accuratereviews.com\/it\/app-cibo-domicilio\/ls-retail-recensione\/#primaryimage"},"thumbnailUrl":"https:\/\/www.accuratereviews.com\/wp-content\/uploads\/2022\/03\/LS-Retail.png","datePublished":"2022-03-11T11:45:02+00:00","description":"LS Retail: recensione soluzione POS ed ERP flessibile altamente scalabile basata sulla tecnologia Microsoft Dynamics.","breadcrumb":{"@id":"https:\/\/www.accuratereviews.com\/it\/app-cibo-domicilio\/ls-retail-recensione\/#breadcrumb"},"inLanguage":"it-IT","potentialAction":[{"@type":"ReadAction","target":["https:\/\/www.accuratereviews.com\/it\/app-cibo-domicilio\/ls-retail-recensione\/"]}]},{"@type":"ImageObject","inLanguage":"it-IT","@id":"https:\/\/www.accuratereviews.com\/it\/app-cibo-domicilio\/ls-retail-recensione\/#primaryimage","url":"https:\/\/www.accuratereviews.com\/wp-content\/uploads\/2022\/03\/LS-Retail.png","contentUrl":"https:\/\/www.accuratereviews.com\/wp-content\/uploads\/2022\/03\/LS-Retail.png","width":325,"height":260},{"@type":"BreadcrumbList","@id":"https:\/\/www.accuratereviews.com\/it\/app-cibo-domicilio\/ls-retail-recensione\/#breadcrumb","itemListElement":[{"@type":"ListItem","position":1,"name":"Home","item":"https:\/\/www.accuratereviews.com\/it\/"},{"@type":"ListItem","position":2,"name":"App per cibo a domicilio","item":"https:\/\/www.accuratereviews.com\/it\/app-cibo-domicilio\/"},{"@type":"ListItem","position":3,"name":"LS Retail"}]},{"@type":"WebSite","@id":"https:\/\/www.accuratereviews.com\/it\/#website","url":"https:\/\/www.accuratereviews.com\/it\/","name":"Accurate Reviews","description":"","potentialAction":[{"@type":"SearchAction","target":{"@type":"EntryPoint","urlTemplate":"https:\/\/www.accuratereviews.com\/it\/?s={search_term_string}"},"query-input":{"@type":"PropertyValueSpecification","valueRequired":true,"valueName":"search_term_string"}}],"inLanguage":"it-IT"}]}},"_links":{"self":[{"href":"https:\/\/www.accuratereviews.com\/it\/wp-json\/wp\/v2\/pages\/54767","targetHints":{"allow":["GET"]}}],"collection":[{"href":"https:\/\/www.accuratereviews.com\/it\/wp-json\/wp\/v2\/pages"}],"about":[{"href":"https:\/\/www.accuratereviews.com\/it\/wp-json\/wp\/v2\/types\/page"}],"author":[{"embeddable":true,"href":"https:\/\/www.accuratereviews.com\/it\/wp-json\/wp\/v2\/users\/16"}],"replies":[{"embeddable":true,"href":"https:\/\/www.accuratereviews.com\/it\/wp-json\/wp\/v2\/comments?post=54767"}],"version-history":[{"count":8,"href":"https:\/\/www.accuratereviews.com\/it\/wp-json\/wp\/v2\/pages\/54767\/revisions"}],"predecessor-version":[{"id":54787,"href":"https:\/\/www.accuratereviews.com\/it\/wp-json\/wp\/v2\/pages\/54767\/revisions\/54787"}],"up":[{"embeddable":true,"href":"https:\/\/www.accuratereviews.com\/it\/wp-json\/wp\/v2\/pages\/54405"}],"wp:featuredmedia":[{"embeddable":true,"href":"https:\/\/www.accuratereviews.com\/it\/wp-json\/wp\/v2\/media\/54768"}],"wp:attachment":[{"href":"https:\/\/www.accuratereviews.com\/it\/wp-json\/wp\/v2\/media?parent=54767"}],"wp:term":[{"taxonomy":"category","embeddable":true,"href":"https:\/\/www.accuratereviews.com\/it\/wp-json\/wp\/v2\/categories?post=54767"},{"taxonomy":"post_tag","embeddable":true,"href":"https:\/\/www.accuratereviews.com\/it\/wp-json\/wp\/v2\/tags?post=54767"},{"taxonomy":"features","embeddable":true,"href":"https:\/\/www.accuratereviews.com\/it\/wp-json\/wp\/v2\/features?post=54767"}],"curies":[{"name":"wp","href":"https:\/\/api.w.org\/{rel}","templated":true}]}}