{"id":54788,"date":"2022-03-11T12:48:06","date_gmt":"2022-03-11T12:48:06","guid":{"rendered":"https:\/\/www.accuratereviews.com\/?page_id=54788"},"modified":"2022-03-11T12:48:06","modified_gmt":"2022-03-11T12:48:06","slug":"flipdish-recensione","status":"publish","type":"page","link":"https:\/\/www.accuratereviews.com\/it\/app-cibo-domicilio\/flipdish-recensione\/","title":{"rendered":"Flipdish"},"content":{"rendered":"<p><strong>Flipdish<\/strong> \u00e8 un&#8217;<strong>app per cibo a domicilio<\/strong> che offre a bar, ristoranti, minimarket, fast-food un sistema di ordinazione online intuitivo e semplice da usare. Grazie a questa piattaforma online, disponibile su dispositivi iOS e Android, potrai prendere gli ordini direttamente dal tuo sito o dalla tua app, offrire <strong>ordini digitali<\/strong> dai chioschi tramite QR code e soprattutto far crescere la tua attivit\u00e0 utilizzando campagne di marketing e fidelizzazione dei clienti. Questo ti permetter\u00e0 di risparmiare tempo e fatica, ma anche di creare relazioni con i clienti, fondamentali per far funzionare tutto.<\/p>\n<h2>FLIPDISH &#8211; TUTORIAL<\/h2>\n<div id=\"fluid-wrapper-counter-1\" class=\"g1-fluid-wrapper \" style=\"width:686px;\">\n<div style=\"padding-bottom:56.268221574344%;\"><iframe loading=\"lazy\" title=\"Introducing Flipdish - the online ordering system for restaurants and hospitality.\" width=\"686\" height=\"386\" src=\"https:\/\/www.youtube.com\/embed\/IGCnqgG0FTM?feature=oembed&amp;wmode=transparent&amp;autohide=1&amp;autoplay=0&amp;disablekb=0&amp;fs=1&amp;loop=0&amp;enablejsapi=1&amp;rel=0&amp;controls=2&amp;showinfo=0&amp;wmode=transparent&amp;autohide=2&amp;autoplay=0&amp;disablekb=0&amp;fs=1&amp;loop=0&amp;enablejsapi=1&amp;rel=0&amp;controls=2&amp;showinfo=1\" frameborder=\"0\" allow=\"accelerometer; autoplay; clipboard-write; encrypted-media; gyroscope; picture-in-picture\" allowfullscreen><\/iframe><\/div>\n<\/div>\n<h3>FLIPDISH &#8211; CARATTERISTICHE<\/h3>\n<ul>\n<li><strong>Accettazione ordini<\/strong>: consegna e ritiro, volume d&#8217;ordine illimitato, integrazioni ePOS e terminale\/stampante<\/li>\n<li><strong>Pagamenti<\/strong>: contanti, carte di debito e di credito Google Pay Apple Pay<\/li>\n<li><strong>Supporto<\/strong>: helpdesk disponibile 7 giorni su 7, 24 ore su 24 con supporto telefonico e via email, chat dal vivo e modifica gratuita dei menu<\/li>\n<li><strong>Siti e app<\/strong>: siti e app ultraveloci, domini personalizzati, ottimizzati per la conversione e hosting gratuito<\/li>\n<li><strong>Marketing<\/strong>: campagne push e sms, loyalty\/retention, marketing telefonico e codici sconto<\/li>\n<li><strong>Sicurezza e privacy<\/strong>: rilevamento delle frodi Piena conformit\u00e0 GDPR, Controllo dei dati personalizzato e Autenticazione a 2 fattori<\/li>\n<li><strong>QR Code Ordina &amp; Paga<\/strong>: Sistema di ordinazione con QR code che supporta il tuo staff e migliora l&#8217;esperienza del cliente<\/li>\n<li><strong>Chioschi<\/strong>: i chioschi sono disponibili in una gamma di dimensioni e forme per adattarsi ad ogni business e ad ogni spazio.<\/li>\n<\/ul>\n<h4>LE RECENSIONI DEGLI UTENTI<\/h4>\n<p><strong>Pawe\u0142 W. &#8220;Buono per costruire clienti fedeli&#8221;<\/strong><br \/>\nCOMMENTI: in generale mi \u00e8 piaciuta l&#8217;app e l&#8217;idea che c&#8217;\u00e8 dietro. Il problema principale \u00e8 come convincere le persone a scaricare l&#8217;ennesima app nel loro telefono&#8230;.<br \/>\nPRO: buono per costruire la fedelt\u00e0 del cliente al business. Se effettivamente si convince il cliente a scaricare l&#8217;app&#8230; allora \u00e8 un buon strumento. Notifiche push facili.<br \/>\nCONTRO: non viene dato abbastanza aiuto in termini di incoraggiamento di nuovi download. Aggiornamenti software un po&#8217; in ritardo. Devono lavorare un po&#8217; di pi\u00f9 sui servizi di localizzazione.<\/p>\n<p><strong>Paul T. &#8220;Ottimo servizio e sempre sul miglioramento continuo&#8221;<\/strong><br \/>\nCOMMENTI: brillante, molto collaborativo, pieno di progetti di miglioramento continuo e un&#8217;eccellente attenzione al cliente<br \/>\nPRO: facilit\u00e0 di utilizzo e personalizzazione, sempre in miglioramento e adeguamento alle esigenze del cliente, molto user friendly<br \/>\nCONTRO: solo pochi crash inaspettati ma risolti velocemente e non continuativi.<\/p>\n<p><strong>Daniele G. &#8220;Super veloce e molto facile da usare&#8221;<\/strong><br \/>\nPRO: ci piacciono molto tutte le funzioni di marketing, \u00e8 molto veloce da ordinare e dal punto di vista del proprietario, abbiamo accesso a tutto ci\u00f2 di cui abbiamo bisogno per controllare il nostro business. Il servizio clienti \u00e8 perfetto&#8230; grazie al team!<br \/>\nCONTRO: come ogni software, ha bisogno di miglioramenti per soddisfare le esigenze di tutti&#8230; alcuni pezzi mancano o devono essere implementati, ma il team \u00e8 molto disponibile e sono desiderosi di sviluppare nuove funzionalit\u00e0 che sono importanti per i proprietari di ristoranti per rendere il software ancora migliore.<\/p>\n","protected":false},"excerpt":{"rendered":"<p>Flipdish \u00e8 un&#8217;app per cibo a domicilio che offre a bar, ristoranti, minimarket, fast-food un sistema di ordinazione online intuitivo e semplice da usare. Grazie a questa piattaforma online, disponibile su dispositivi iOS e Android, potrai prendere gli ordini direttamente dal tuo sito o dalla tua app, offrire ordini digitali dai chioschi tramite codici QR e altro.<\/p>\n","protected":false},"author":17,"featured_media":54789,"parent":54405,"menu_order":0,"comment_status":"open","ping_status":"closed","template":"g1_template_page_review_new.php","meta":{"_acf_changed":false,"cwp_meta_box_check":"No","cwp_rev_product_name":"","cwp_rev_product_image":"","wppr_links":[],"cwp_rev_price":"","wppr_options":[],"wppr_pros":[],"wppr_cons":[],"_monsterinsights_skip_tracking":false,"_monsterinsights_sitenote_active":false,"_monsterinsights_sitenote_note":"","_monsterinsights_sitenote_category":0,"footnotes":""},"categories":[12168],"tags":[12170,12171,12175,12212,12174,12194],"features":[],"class_list":{"0":"post-54788","1":"page","2":"type-page","3":"status-publish","4":"has-post-thumbnail","6":"category-app-cibo-domicilio-cat","7":"tag-app-cibo-a-domicilio","8":"tag-cibo-a-domicilio","9":"tag-consegna-cibo-a-domicilio","10":"tag-piattaforma-per-cibo-a-domicilio","11":"tag-programma-cibo-a-domicilio","12":"tag-software-cibo-a-dominicilio"},"wppr_data":{"cwp_meta_box_check":"No"},"acf":[],"yoast_head":"<!-- This site is optimized with the Yoast SEO plugin v27.4 - https:\/\/yoast.com\/product\/yoast-seo-wordpress\/ -->\n<title>Flipdish: recensione app cibo domicilio - Accurate Reviews<\/title>\n<meta name=\"description\" content=\"Flipdish: recensione dell&#039;app per cibo a domicilio che offre a bar, ristoranti, minimarket, fast-food un sistema di ordinazione online.\" \/>\n<meta name=\"robots\" content=\"index, follow, max-snippet:-1, max-image-preview:large, max-video-preview:-1\" \/>\n<link rel=\"canonical\" href=\"https:\/\/www.accuratereviews.com\/it\/app-cibo-domicilio\/flipdish-recensione\/\" \/>\n<meta property=\"og:locale\" content=\"it_IT\" \/>\n<meta property=\"og:type\" content=\"article\" \/>\n<meta property=\"og:title\" content=\"Flipdish: recensione app cibo domicilio - Accurate Reviews\" \/>\n<meta property=\"og:description\" content=\"Flipdish: recensione dell&#039;app per cibo a domicilio che offre a bar, ristoranti, minimarket, fast-food un sistema di ordinazione online.\" \/>\n<meta property=\"og:url\" content=\"https:\/\/www.accuratereviews.com\/it\/app-cibo-domicilio\/flipdish-recensione\/\" \/>\n<meta property=\"og:site_name\" content=\"Accurate Reviews\" \/>\n<meta property=\"og:image\" content=\"https:\/\/www.accuratereviews.com\/wp-content\/uploads\/2022\/03\/Unknown-4.png\" \/>\n\t<meta property=\"og:image:width\" content=\"653\" \/>\n\t<meta property=\"og:image:height\" content=\"200\" \/>\n\t<meta property=\"og:image:type\" content=\"image\/png\" \/>\n<meta name=\"twitter:card\" content=\"summary_large_image\" \/>\n<meta name=\"twitter:label1\" content=\"Tempo di lettura stimato\" \/>\n\t<meta name=\"twitter:data1\" content=\"3 minuti\" \/>\n<script type=\"application\/ld+json\" class=\"yoast-schema-graph\">{\"@context\":\"https:\\\/\\\/schema.org\",\"@graph\":[{\"@type\":\"WebPage\",\"@id\":\"https:\\\/\\\/www.accuratereviews.com\\\/it\\\/app-cibo-domicilio\\\/flipdish-recensione\\\/\",\"url\":\"https:\\\/\\\/www.accuratereviews.com\\\/it\\\/app-cibo-domicilio\\\/flipdish-recensione\\\/\",\"name\":\"Flipdish: recensione app cibo domicilio - Accurate Reviews\",\"isPartOf\":{\"@id\":\"https:\\\/\\\/www.accuratereviews.com\\\/it\\\/#website\"},\"primaryImageOfPage\":{\"@id\":\"https:\\\/\\\/www.accuratereviews.com\\\/it\\\/app-cibo-domicilio\\\/flipdish-recensione\\\/#primaryimage\"},\"image\":{\"@id\":\"https:\\\/\\\/www.accuratereviews.com\\\/it\\\/app-cibo-domicilio\\\/flipdish-recensione\\\/#primaryimage\"},\"thumbnailUrl\":\"https:\\\/\\\/www.accuratereviews.com\\\/wp-content\\\/uploads\\\/2022\\\/03\\\/Unknown-4.png\",\"datePublished\":\"2022-03-11T12:48:06+00:00\",\"description\":\"Flipdish: recensione dell'app per cibo a domicilio che offre a bar, ristoranti, minimarket, fast-food un sistema di ordinazione online.\",\"breadcrumb\":{\"@id\":\"https:\\\/\\\/www.accuratereviews.com\\\/it\\\/app-cibo-domicilio\\\/flipdish-recensione\\\/#breadcrumb\"},\"inLanguage\":\"it-IT\",\"potentialAction\":[{\"@type\":\"ReadAction\",\"target\":[\"https:\\\/\\\/www.accuratereviews.com\\\/it\\\/app-cibo-domicilio\\\/flipdish-recensione\\\/\"]}]},{\"@type\":\"ImageObject\",\"inLanguage\":\"it-IT\",\"@id\":\"https:\\\/\\\/www.accuratereviews.com\\\/it\\\/app-cibo-domicilio\\\/flipdish-recensione\\\/#primaryimage\",\"url\":\"https:\\\/\\\/www.accuratereviews.com\\\/wp-content\\\/uploads\\\/2022\\\/03\\\/Unknown-4.png\",\"contentUrl\":\"https:\\\/\\\/www.accuratereviews.com\\\/wp-content\\\/uploads\\\/2022\\\/03\\\/Unknown-4.png\",\"width\":653,\"height\":200},{\"@type\":\"BreadcrumbList\",\"@id\":\"https:\\\/\\\/www.accuratereviews.com\\\/it\\\/app-cibo-domicilio\\\/flipdish-recensione\\\/#breadcrumb\",\"itemListElement\":[{\"@type\":\"ListItem\",\"position\":1,\"name\":\"Home\",\"item\":\"https:\\\/\\\/www.accuratereviews.com\\\/it\\\/\"},{\"@type\":\"ListItem\",\"position\":2,\"name\":\"App per cibo a domicilio\",\"item\":\"https:\\\/\\\/www.accuratereviews.com\\\/it\\\/app-cibo-domicilio\\\/\"},{\"@type\":\"ListItem\",\"position\":3,\"name\":\"Flipdish\"}]},{\"@type\":\"WebSite\",\"@id\":\"https:\\\/\\\/www.accuratereviews.com\\\/it\\\/#website\",\"url\":\"https:\\\/\\\/www.accuratereviews.com\\\/it\\\/\",\"name\":\"Accurate Reviews\",\"description\":\"\",\"potentialAction\":[{\"@type\":\"SearchAction\",\"target\":{\"@type\":\"EntryPoint\",\"urlTemplate\":\"https:\\\/\\\/www.accuratereviews.com\\\/it\\\/?s={search_term_string}\"},\"query-input\":{\"@type\":\"PropertyValueSpecification\",\"valueRequired\":true,\"valueName\":\"search_term_string\"}}],\"inLanguage\":\"it-IT\"}]}<\/script>\n<!-- \/ Yoast SEO plugin. -->","yoast_head_json":{"title":"Flipdish: recensione app cibo domicilio - Accurate Reviews","description":"Flipdish: recensione dell'app per cibo a domicilio che offre a bar, ristoranti, minimarket, fast-food un sistema di ordinazione online.","robots":{"index":"index","follow":"follow","max-snippet":"max-snippet:-1","max-image-preview":"max-image-preview:large","max-video-preview":"max-video-preview:-1"},"canonical":"https:\/\/www.accuratereviews.com\/it\/app-cibo-domicilio\/flipdish-recensione\/","og_locale":"it_IT","og_type":"article","og_title":"Flipdish: recensione app cibo domicilio - Accurate Reviews","og_description":"Flipdish: recensione dell'app per cibo a domicilio che offre a bar, ristoranti, minimarket, fast-food un sistema di ordinazione online.","og_url":"https:\/\/www.accuratereviews.com\/it\/app-cibo-domicilio\/flipdish-recensione\/","og_site_name":"Accurate Reviews","og_image":[{"width":653,"height":200,"url":"https:\/\/www.accuratereviews.com\/wp-content\/uploads\/2022\/03\/Unknown-4.png","type":"image\/png"}],"twitter_card":"summary_large_image","twitter_misc":{"Tempo di lettura stimato":"3 minuti"},"schema":{"@context":"https:\/\/schema.org","@graph":[{"@type":"WebPage","@id":"https:\/\/www.accuratereviews.com\/it\/app-cibo-domicilio\/flipdish-recensione\/","url":"https:\/\/www.accuratereviews.com\/it\/app-cibo-domicilio\/flipdish-recensione\/","name":"Flipdish: recensione app cibo domicilio - Accurate Reviews","isPartOf":{"@id":"https:\/\/www.accuratereviews.com\/it\/#website"},"primaryImageOfPage":{"@id":"https:\/\/www.accuratereviews.com\/it\/app-cibo-domicilio\/flipdish-recensione\/#primaryimage"},"image":{"@id":"https:\/\/www.accuratereviews.com\/it\/app-cibo-domicilio\/flipdish-recensione\/#primaryimage"},"thumbnailUrl":"https:\/\/www.accuratereviews.com\/wp-content\/uploads\/2022\/03\/Unknown-4.png","datePublished":"2022-03-11T12:48:06+00:00","description":"Flipdish: recensione dell'app per cibo a domicilio che offre a bar, ristoranti, minimarket, fast-food un sistema di ordinazione online.","breadcrumb":{"@id":"https:\/\/www.accuratereviews.com\/it\/app-cibo-domicilio\/flipdish-recensione\/#breadcrumb"},"inLanguage":"it-IT","potentialAction":[{"@type":"ReadAction","target":["https:\/\/www.accuratereviews.com\/it\/app-cibo-domicilio\/flipdish-recensione\/"]}]},{"@type":"ImageObject","inLanguage":"it-IT","@id":"https:\/\/www.accuratereviews.com\/it\/app-cibo-domicilio\/flipdish-recensione\/#primaryimage","url":"https:\/\/www.accuratereviews.com\/wp-content\/uploads\/2022\/03\/Unknown-4.png","contentUrl":"https:\/\/www.accuratereviews.com\/wp-content\/uploads\/2022\/03\/Unknown-4.png","width":653,"height":200},{"@type":"BreadcrumbList","@id":"https:\/\/www.accuratereviews.com\/it\/app-cibo-domicilio\/flipdish-recensione\/#breadcrumb","itemListElement":[{"@type":"ListItem","position":1,"name":"Home","item":"https:\/\/www.accuratereviews.com\/it\/"},{"@type":"ListItem","position":2,"name":"App per cibo a domicilio","item":"https:\/\/www.accuratereviews.com\/it\/app-cibo-domicilio\/"},{"@type":"ListItem","position":3,"name":"Flipdish"}]},{"@type":"WebSite","@id":"https:\/\/www.accuratereviews.com\/it\/#website","url":"https:\/\/www.accuratereviews.com\/it\/","name":"Accurate Reviews","description":"","potentialAction":[{"@type":"SearchAction","target":{"@type":"EntryPoint","urlTemplate":"https:\/\/www.accuratereviews.com\/it\/?s={search_term_string}"},"query-input":{"@type":"PropertyValueSpecification","valueRequired":true,"valueName":"search_term_string"}}],"inLanguage":"it-IT"}]}},"_links":{"self":[{"href":"https:\/\/www.accuratereviews.com\/it\/wp-json\/wp\/v2\/pages\/54788","targetHints":{"allow":["GET"]}}],"collection":[{"href":"https:\/\/www.accuratereviews.com\/it\/wp-json\/wp\/v2\/pages"}],"about":[{"href":"https:\/\/www.accuratereviews.com\/it\/wp-json\/wp\/v2\/types\/page"}],"author":[{"embeddable":true,"href":"https:\/\/www.accuratereviews.com\/it\/wp-json\/wp\/v2\/users\/17"}],"replies":[{"embeddable":true,"href":"https:\/\/www.accuratereviews.com\/it\/wp-json\/wp\/v2\/comments?post=54788"}],"version-history":[{"count":4,"href":"https:\/\/www.accuratereviews.com\/it\/wp-json\/wp\/v2\/pages\/54788\/revisions"}],"predecessor-version":[{"id":54797,"href":"https:\/\/www.accuratereviews.com\/it\/wp-json\/wp\/v2\/pages\/54788\/revisions\/54797"}],"up":[{"embeddable":true,"href":"https:\/\/www.accuratereviews.com\/it\/wp-json\/wp\/v2\/pages\/54405"}],"wp:featuredmedia":[{"embeddable":true,"href":"https:\/\/www.accuratereviews.com\/it\/wp-json\/wp\/v2\/media\/54789"}],"wp:attachment":[{"href":"https:\/\/www.accuratereviews.com\/it\/wp-json\/wp\/v2\/media?parent=54788"}],"wp:term":[{"taxonomy":"category","embeddable":true,"href":"https:\/\/www.accuratereviews.com\/it\/wp-json\/wp\/v2\/categories?post=54788"},{"taxonomy":"post_tag","embeddable":true,"href":"https:\/\/www.accuratereviews.com\/it\/wp-json\/wp\/v2\/tags?post=54788"},{"taxonomy":"features","embeddable":true,"href":"https:\/\/www.accuratereviews.com\/it\/wp-json\/wp\/v2\/features?post=54788"}],"curies":[{"name":"wp","href":"https:\/\/api.w.org\/{rel}","templated":true}]}}