{"id":54816,"date":"2022-03-14T08:29:32","date_gmt":"2022-03-14T08:29:32","guid":{"rendered":"https:\/\/www.accuratereviews.com\/?page_id=54816"},"modified":"2022-03-18T09:25:04","modified_gmt":"2022-03-18T09:25:04","slug":"myr-pos-recensione","status":"publish","type":"page","link":"https:\/\/www.accuratereviews.com\/it\/app-cibo-domicilio\/myr-pos-recensione\/","title":{"rendered":"MYR POS"},"content":{"rendered":"<p><strong>MYR POS<\/strong> \u00e8 un&#8217;<strong>app per cibo a domicilio<\/strong> che, grazie ad un&#8217;unica piattaforma semplice e intuitiva, ti permette di offrire ai tuoi clienti una nuova esperienza di ordinazione. Potranno infatti ordinare online senza commissioni, sia dal tuo sito web che dai tuoi sociale o da Google My Business; tu riceverai gli ordini direttamente al tuo sistema POS e a quello della tua cucina.<br \/>\nCon <strong>MYR POS<\/strong> potrai semplificare la gestione delle vendite sia online che in negozio, prendere gli ordini pi\u00f9 velocemente, elaborare i pagamenti contactless e molto altro ancora.<\/p>\n<h2>MYR POS &#8211; TUTORIAL<\/h2>\n<div id=\"fluid-wrapper-counter-1\" class=\"g1-fluid-wrapper \" style=\"width:686px;\">\n<div style=\"padding-bottom:56.268221574344%;\"><iframe loading=\"lazy\" title=\"MYR POS: The #1 POS System For Quick-Service Restaurants\" width=\"686\" height=\"386\" src=\"https:\/\/www.youtube.com\/embed\/5_LcUOwry-E?feature=oembed&amp;wmode=transparent&amp;autohide=1&amp;autoplay=0&amp;disablekb=0&amp;fs=1&amp;loop=0&amp;enablejsapi=1&amp;rel=0&amp;controls=2&amp;showinfo=0&amp;wmode=transparent&amp;autohide=2&amp;autoplay=0&amp;disablekb=0&amp;fs=1&amp;loop=0&amp;enablejsapi=1&amp;rel=0&amp;controls=2&amp;showinfo=1\" frameborder=\"0\" allow=\"accelerometer; autoplay; clipboard-write; encrypted-media; gyroscope; picture-in-picture\" allowfullscreen><\/iframe><\/div>\n<\/div>\n<h3>MYR POS &#8211; CARATTERISTICHE<\/h3>\n<ul>\n<li><strong>Integrazione di consegne di terze parti<\/strong>: integra gli ordini da Uber Eats, SkipTheDishes o DoorDash direttamente in MYR POS<\/li>\n<li><strong>Ordini online e mobile<\/strong>: ottieni il tuo marchio mobile e l&#8217;app per ordinare in anticipo sul sito web e iniziate a raggiungere pi\u00f9 clienti.<\/li>\n<li><strong>Mobile POS<\/strong>: prendi gli ordini direttamente in fila e inviateli al vostro Kitchen Display System per la massima efficienza<\/li>\n<li><strong>Sistema di ordini telefonici<\/strong>: sbarazzati del tuo notebook e accelera il numero di ordini telefonici che puoi gestire<\/li>\n<li><strong>Drive-thru POS<\/strong>: connetti la tua linea drive-thru, la cucina e le operazioni di back-office sulla piattaforma cloud point-of-sale pi\u00f9 potente e sicura<\/li>\n<li><b>System di visualizzazione della cucina<\/b>: ottimizza la tua produttivit\u00e0 inviando gli ordini direttamente alla cucina, cos\u00ec il tuo staff non ha pi\u00f9 bisogno di fare un viaggio in cucina per passare l&#8217;ordine<\/li>\n<li><strong>Monitoraggio degli ingredienti<\/strong>: imposta e traccia il numero di ingredienti assegnati ai prodotti<\/li>\n<li><strong>Gestione dell&#8217;inventario<\/strong>: migliora l&#8217;efficienza in tutte le sedi, massimizza la redditivit\u00e0 e scala il tuo business in crescita<\/li>\n<li><strong>Gestione dei dipendenti<\/strong>: pianifica e rintraccia facilmente i turni dei tuoi dipendenti<\/li>\n<li><strong>QR Code<\/strong>: servi i clienti pi\u00f9 velocemente con un menu in codice QR per i ristoranti<\/li>\n<li><strong>Altre integrazioni (QBO, Shopify ecc.)<\/strong>: gli strumenti necessari per gestire il tuo business a pieno ritmo<\/li>\n<li><strong>Modulo di registrazione delle vendite (SRM\/ MEV)<\/strong>: integra il tuo sistema POS al MEV\/SRM<\/li>\n<\/ul>\n<h4>LE RECENSIONI DEGLI UTENTI<\/h4>\n<p><strong>Gabriel S. &#8220;Facile da usare, perfetto per i coffee shop&#8221;<\/strong><br \/>\nCOMMENTI: esperienza molto buona in generale.<br \/>\nPRO: \u00e8 cos\u00ec facile da usare. Di solito cambio le mie impostazioni e i prezzi a casa con il mio telefono. Il fatto che sia un&#8217;app su un tablet \u00e8 anche super bello.<br \/>\nCONTRO: purtroppo, l&#8217;app ha problemi di connessione con il mio wifi (a volte potrebbe essere un problema di connessione) ma sembra che io non sia l&#8217;unico ad avere questi problemi.<\/p>\n<p><strong>Jean-jacques D. &#8220;Facile, veloce e con un buon rapporto qualit\u00e0 prezzo&#8221;<\/strong><br \/>\nCOMMENTI: dall&#8217;inizio, un&#8217;esperienza pienamente soddisfacente. Dimostrazione del software, implementazione della soluzione e utilizzo da 3 anni, comprese le chiamate al supporto tecnico.<br \/>\nPRO: facile da usare, da impostare, da imparare per i dipendenti e poco costoso<br \/>\nCONTRO: evoluzione costante del software che si adatta ai vincoli tecnici e alle caratteristiche dei ristoranti<\/p>\n<p><strong>Gabrielle S. &#8220;Utente piccolo ristorante&#8221;<\/strong><br \/>\nCOMMENTIi: \u00e8 positivo, ho lavorato con la maggior parte dei grandi servizi POS in passato e questo sistema \u00e8 perfetto per un posto pi\u00f9 piccolo come il nostro. Nessuna caratteristica extra che pagherei. \u00a0Il servizio clienti \u00e8 super gentile.<br \/>\nPRO: programmazione semplificata, facilit\u00e0 di produrre diversi tipi di rapporti e buon supporto tecnico<br \/>\nCONTRO: incapacit\u00e0 di personalizzare (codice colore) i pulsanti degli articoli o di metterli in un ordine specifico sulle schermate, diversi aggiornamenti, opzioni limitate per pagare il servizio (accettano solo carte di credito).<\/p>\n","protected":false},"excerpt":{"rendered":"<p>MYR POS \u00e8 un&#8217;app per cibo a domicilio che, grazie ad un&#8217;unica piattaforma semplice e intuitiva, ti permette di offrire ai tuoi clienti una nuova esperienza di ordinazione. Potranno infatti ordinare online senza commissioni, sia dal tuo sito web che dai tuoi sociale o da Google My Business; tu riceverai gli ordini direttamente al tuo sistema POS e a quello della tua cucina.<\/p>\n","protected":false},"author":17,"featured_media":54817,"parent":54405,"menu_order":0,"comment_status":"open","ping_status":"closed","template":"g1_template_page_review_new.php","meta":{"_acf_changed":false,"cwp_meta_box_check":"No","cwp_rev_product_name":"","cwp_rev_product_image":"","wppr_links":[],"cwp_rev_price":"","wppr_options":[],"wppr_pros":[],"wppr_cons":[],"_monsterinsights_skip_tracking":false,"_monsterinsights_sitenote_active":false,"_monsterinsights_sitenote_note":"","_monsterinsights_sitenote_category":0,"footnotes":""},"categories":[12168],"tags":[12170,12171,12175,12212,12174,12210,12209],"features":[],"class_list":{"0":"post-54816","1":"page","2":"type-page","3":"status-publish","4":"has-post-thumbnail","6":"category-app-cibo-domicilio-cat","7":"tag-app-cibo-a-domicilio","8":"tag-cibo-a-domicilio","9":"tag-consegna-cibo-a-domicilio","10":"tag-piattaforma-per-cibo-a-domicilio","11":"tag-programma-cibo-a-domicilio","12":"tag-software-per-cibo-a-domicilio","13":"tag-soluzione-per-cibo-a-domicilio"},"wppr_data":{"cwp_meta_box_check":"No"},"acf":[],"yoast_head":"<!-- This site is optimized with the Yoast SEO plugin v27.4 - https:\/\/yoast.com\/product\/yoast-seo-wordpress\/ -->\n<title>MYR POS: recensione app cibo domicilio - Accurate Reviews<\/title>\n<meta name=\"description\" content=\"MYR POS: recensione dell&#039;app per cibo a domicilio che permette di offrire ai tuoi clienti una nuova esperienza di ordinazione.\" \/>\n<meta name=\"robots\" content=\"index, follow, max-snippet:-1, max-image-preview:large, max-video-preview:-1\" \/>\n<link rel=\"canonical\" href=\"https:\/\/www.accuratereviews.com\/it\/app-cibo-domicilio\/myr-pos-recensione\/\" \/>\n<meta property=\"og:locale\" content=\"it_IT\" \/>\n<meta property=\"og:type\" content=\"article\" \/>\n<meta property=\"og:title\" content=\"MYR POS: recensione app cibo domicilio - Accurate Reviews\" \/>\n<meta property=\"og:description\" content=\"MYR POS: recensione dell&#039;app per cibo a domicilio che permette di offrire ai tuoi clienti una nuova esperienza di ordinazione.\" \/>\n<meta property=\"og:url\" content=\"https:\/\/www.accuratereviews.com\/it\/app-cibo-domicilio\/myr-pos-recensione\/\" \/>\n<meta property=\"og:site_name\" content=\"Accurate Reviews\" \/>\n<meta property=\"article:modified_time\" content=\"2022-03-18T09:25:04+00:00\" \/>\n<meta property=\"og:image\" content=\"https:\/\/www.accuratereviews.com\/wp-content\/uploads\/2022\/03\/file-2fsNkRF5y6.png\" \/>\n\t<meta property=\"og:image:width\" content=\"794\" \/>\n\t<meta property=\"og:image:height\" content=\"272\" \/>\n\t<meta property=\"og:image:type\" content=\"image\/png\" \/>\n<meta name=\"twitter:card\" content=\"summary_large_image\" \/>\n<meta name=\"twitter:label1\" content=\"Tempo di lettura stimato\" \/>\n\t<meta name=\"twitter:data1\" content=\"3 minuti\" \/>\n<script type=\"application\/ld+json\" class=\"yoast-schema-graph\">{\"@context\":\"https:\\\/\\\/schema.org\",\"@graph\":[{\"@type\":\"WebPage\",\"@id\":\"https:\\\/\\\/www.accuratereviews.com\\\/it\\\/app-cibo-domicilio\\\/myr-pos-recensione\\\/\",\"url\":\"https:\\\/\\\/www.accuratereviews.com\\\/it\\\/app-cibo-domicilio\\\/myr-pos-recensione\\\/\",\"name\":\"MYR POS: recensione app cibo domicilio - Accurate Reviews\",\"isPartOf\":{\"@id\":\"https:\\\/\\\/www.accuratereviews.com\\\/it\\\/#website\"},\"primaryImageOfPage\":{\"@id\":\"https:\\\/\\\/www.accuratereviews.com\\\/it\\\/app-cibo-domicilio\\\/myr-pos-recensione\\\/#primaryimage\"},\"image\":{\"@id\":\"https:\\\/\\\/www.accuratereviews.com\\\/it\\\/app-cibo-domicilio\\\/myr-pos-recensione\\\/#primaryimage\"},\"thumbnailUrl\":\"https:\\\/\\\/www.accuratereviews.com\\\/wp-content\\\/uploads\\\/2022\\\/03\\\/file-2fsNkRF5y6.png\",\"datePublished\":\"2022-03-14T08:29:32+00:00\",\"dateModified\":\"2022-03-18T09:25:04+00:00\",\"description\":\"MYR POS: recensione dell'app per cibo a domicilio che permette di offrire ai tuoi clienti una nuova esperienza di ordinazione.\",\"breadcrumb\":{\"@id\":\"https:\\\/\\\/www.accuratereviews.com\\\/it\\\/app-cibo-domicilio\\\/myr-pos-recensione\\\/#breadcrumb\"},\"inLanguage\":\"it-IT\",\"potentialAction\":[{\"@type\":\"ReadAction\",\"target\":[\"https:\\\/\\\/www.accuratereviews.com\\\/it\\\/app-cibo-domicilio\\\/myr-pos-recensione\\\/\"]}]},{\"@type\":\"ImageObject\",\"inLanguage\":\"it-IT\",\"@id\":\"https:\\\/\\\/www.accuratereviews.com\\\/it\\\/app-cibo-domicilio\\\/myr-pos-recensione\\\/#primaryimage\",\"url\":\"https:\\\/\\\/www.accuratereviews.com\\\/wp-content\\\/uploads\\\/2022\\\/03\\\/file-2fsNkRF5y6.png\",\"contentUrl\":\"https:\\\/\\\/www.accuratereviews.com\\\/wp-content\\\/uploads\\\/2022\\\/03\\\/file-2fsNkRF5y6.png\",\"width\":794,\"height\":272},{\"@type\":\"BreadcrumbList\",\"@id\":\"https:\\\/\\\/www.accuratereviews.com\\\/it\\\/app-cibo-domicilio\\\/myr-pos-recensione\\\/#breadcrumb\",\"itemListElement\":[{\"@type\":\"ListItem\",\"position\":1,\"name\":\"Home\",\"item\":\"https:\\\/\\\/www.accuratereviews.com\\\/it\\\/\"},{\"@type\":\"ListItem\",\"position\":2,\"name\":\"App per cibo a domicilio\",\"item\":\"https:\\\/\\\/www.accuratereviews.com\\\/it\\\/app-cibo-domicilio\\\/\"},{\"@type\":\"ListItem\",\"position\":3,\"name\":\"MYR POS\"}]},{\"@type\":\"WebSite\",\"@id\":\"https:\\\/\\\/www.accuratereviews.com\\\/it\\\/#website\",\"url\":\"https:\\\/\\\/www.accuratereviews.com\\\/it\\\/\",\"name\":\"Accurate Reviews\",\"description\":\"\",\"potentialAction\":[{\"@type\":\"SearchAction\",\"target\":{\"@type\":\"EntryPoint\",\"urlTemplate\":\"https:\\\/\\\/www.accuratereviews.com\\\/it\\\/?s={search_term_string}\"},\"query-input\":{\"@type\":\"PropertyValueSpecification\",\"valueRequired\":true,\"valueName\":\"search_term_string\"}}],\"inLanguage\":\"it-IT\"}]}<\/script>\n<!-- \/ Yoast SEO plugin. -->","yoast_head_json":{"title":"MYR POS: recensione app cibo domicilio - Accurate Reviews","description":"MYR POS: recensione dell'app per cibo a domicilio che permette di offrire ai tuoi clienti una nuova esperienza di ordinazione.","robots":{"index":"index","follow":"follow","max-snippet":"max-snippet:-1","max-image-preview":"max-image-preview:large","max-video-preview":"max-video-preview:-1"},"canonical":"https:\/\/www.accuratereviews.com\/it\/app-cibo-domicilio\/myr-pos-recensione\/","og_locale":"it_IT","og_type":"article","og_title":"MYR POS: recensione app cibo domicilio - Accurate Reviews","og_description":"MYR POS: recensione dell'app per cibo a domicilio che permette di offrire ai tuoi clienti una nuova esperienza di ordinazione.","og_url":"https:\/\/www.accuratereviews.com\/it\/app-cibo-domicilio\/myr-pos-recensione\/","og_site_name":"Accurate Reviews","article_modified_time":"2022-03-18T09:25:04+00:00","og_image":[{"width":794,"height":272,"url":"https:\/\/www.accuratereviews.com\/wp-content\/uploads\/2022\/03\/file-2fsNkRF5y6.png","type":"image\/png"}],"twitter_card":"summary_large_image","twitter_misc":{"Tempo di lettura stimato":"3 minuti"},"schema":{"@context":"https:\/\/schema.org","@graph":[{"@type":"WebPage","@id":"https:\/\/www.accuratereviews.com\/it\/app-cibo-domicilio\/myr-pos-recensione\/","url":"https:\/\/www.accuratereviews.com\/it\/app-cibo-domicilio\/myr-pos-recensione\/","name":"MYR POS: recensione app cibo domicilio - Accurate Reviews","isPartOf":{"@id":"https:\/\/www.accuratereviews.com\/it\/#website"},"primaryImageOfPage":{"@id":"https:\/\/www.accuratereviews.com\/it\/app-cibo-domicilio\/myr-pos-recensione\/#primaryimage"},"image":{"@id":"https:\/\/www.accuratereviews.com\/it\/app-cibo-domicilio\/myr-pos-recensione\/#primaryimage"},"thumbnailUrl":"https:\/\/www.accuratereviews.com\/wp-content\/uploads\/2022\/03\/file-2fsNkRF5y6.png","datePublished":"2022-03-14T08:29:32+00:00","dateModified":"2022-03-18T09:25:04+00:00","description":"MYR POS: recensione dell'app per cibo a domicilio che permette di offrire ai tuoi clienti una nuova esperienza di ordinazione.","breadcrumb":{"@id":"https:\/\/www.accuratereviews.com\/it\/app-cibo-domicilio\/myr-pos-recensione\/#breadcrumb"},"inLanguage":"it-IT","potentialAction":[{"@type":"ReadAction","target":["https:\/\/www.accuratereviews.com\/it\/app-cibo-domicilio\/myr-pos-recensione\/"]}]},{"@type":"ImageObject","inLanguage":"it-IT","@id":"https:\/\/www.accuratereviews.com\/it\/app-cibo-domicilio\/myr-pos-recensione\/#primaryimage","url":"https:\/\/www.accuratereviews.com\/wp-content\/uploads\/2022\/03\/file-2fsNkRF5y6.png","contentUrl":"https:\/\/www.accuratereviews.com\/wp-content\/uploads\/2022\/03\/file-2fsNkRF5y6.png","width":794,"height":272},{"@type":"BreadcrumbList","@id":"https:\/\/www.accuratereviews.com\/it\/app-cibo-domicilio\/myr-pos-recensione\/#breadcrumb","itemListElement":[{"@type":"ListItem","position":1,"name":"Home","item":"https:\/\/www.accuratereviews.com\/it\/"},{"@type":"ListItem","position":2,"name":"App per cibo a domicilio","item":"https:\/\/www.accuratereviews.com\/it\/app-cibo-domicilio\/"},{"@type":"ListItem","position":3,"name":"MYR POS"}]},{"@type":"WebSite","@id":"https:\/\/www.accuratereviews.com\/it\/#website","url":"https:\/\/www.accuratereviews.com\/it\/","name":"Accurate Reviews","description":"","potentialAction":[{"@type":"SearchAction","target":{"@type":"EntryPoint","urlTemplate":"https:\/\/www.accuratereviews.com\/it\/?s={search_term_string}"},"query-input":{"@type":"PropertyValueSpecification","valueRequired":true,"valueName":"search_term_string"}}],"inLanguage":"it-IT"}]}},"_links":{"self":[{"href":"https:\/\/www.accuratereviews.com\/it\/wp-json\/wp\/v2\/pages\/54816","targetHints":{"allow":["GET"]}}],"collection":[{"href":"https:\/\/www.accuratereviews.com\/it\/wp-json\/wp\/v2\/pages"}],"about":[{"href":"https:\/\/www.accuratereviews.com\/it\/wp-json\/wp\/v2\/types\/page"}],"author":[{"embeddable":true,"href":"https:\/\/www.accuratereviews.com\/it\/wp-json\/wp\/v2\/users\/17"}],"replies":[{"embeddable":true,"href":"https:\/\/www.accuratereviews.com\/it\/wp-json\/wp\/v2\/comments?post=54816"}],"version-history":[{"count":6,"href":"https:\/\/www.accuratereviews.com\/it\/wp-json\/wp\/v2\/pages\/54816\/revisions"}],"predecessor-version":[{"id":55029,"href":"https:\/\/www.accuratereviews.com\/it\/wp-json\/wp\/v2\/pages\/54816\/revisions\/55029"}],"up":[{"embeddable":true,"href":"https:\/\/www.accuratereviews.com\/it\/wp-json\/wp\/v2\/pages\/54405"}],"wp:featuredmedia":[{"embeddable":true,"href":"https:\/\/www.accuratereviews.com\/it\/wp-json\/wp\/v2\/media\/54817"}],"wp:attachment":[{"href":"https:\/\/www.accuratereviews.com\/it\/wp-json\/wp\/v2\/media?parent=54816"}],"wp:term":[{"taxonomy":"category","embeddable":true,"href":"https:\/\/www.accuratereviews.com\/it\/wp-json\/wp\/v2\/categories?post=54816"},{"taxonomy":"post_tag","embeddable":true,"href":"https:\/\/www.accuratereviews.com\/it\/wp-json\/wp\/v2\/tags?post=54816"},{"taxonomy":"features","embeddable":true,"href":"https:\/\/www.accuratereviews.com\/it\/wp-json\/wp\/v2\/features?post=54816"}],"curies":[{"name":"wp","href":"https:\/\/api.w.org\/{rel}","templated":true}]}}