{"id":54829,"date":"2022-03-14T12:23:29","date_gmt":"2022-03-14T12:23:29","guid":{"rendered":"https:\/\/www.accuratereviews.com\/?page_id=54829"},"modified":"2022-03-14T12:23:29","modified_gmt":"2022-03-14T12:23:29","slug":"optimoroute-recensione","status":"publish","type":"page","link":"https:\/\/www.accuratereviews.com\/it\/app-cibo-domicilio\/optimoroute-recensione\/","title":{"rendered":"OptimoRoute"},"content":{"rendered":"<p><strong>OptimoRoute<\/strong> aiuta le aziende di <strong>assistenza sul campo e di consegna<\/strong> a fornire un servizio eccezionale. Utilizzando sofisticati algoritmi, il software pianifica e ottimizza i percorsi in pochi secondi. Sotto una semplice interfaccia, c&#8217;\u00e8 una scorta infinita di trucchi, funzionalit\u00e0 e scorciatoie che si adattano alle tue esigenze e ai tuoi flussi di lavoro unici. Aumenta, riduci, prova nuove funzionalit\u00e0 man mano che la tua azienda cresce.<strong>\u00a0OptimoRoute<\/strong> \u00e8 facile da usare e flessibile per conducenti e team di assistenza che utilizzano l&#8217;app sul proprio iPhone, Android o tablet. Accedi facilmente agli orari, naviga mentre sei in viaggio e tieni traccia della posizione e del completamento del lavoro. Il tuo team sul campo pu\u00f2 acquisire informazioni rilevanti senza problemi nell&#8217;app, come firme o foto per la prova di consegna o note sui dettagli del servizio.<\/p>\n<h2>OPTIMOROUTE &#8211; TUTORIAL<\/h2>\n<p>Guardiamo le principali funzioni di questa<strong> app per cibo a domicilio<\/strong>:<\/p>\n<div id=\"fluid-wrapper-counter-1\" class=\"g1-fluid-wrapper \" style=\"width:686px;\">\n<div style=\"padding-bottom:56.268221574344%;\"><iframe loading=\"lazy\" title=\"OptimoRoute - Powerful Route &amp; Schedule Planning Software for Delivery &amp; Field Service Businesses\" width=\"686\" height=\"386\" src=\"https:\/\/www.youtube.com\/embed\/b_0phrHGRSk?feature=oembed&amp;wmode=transparent&amp;autohide=1&amp;autoplay=0&amp;disablekb=0&amp;fs=1&amp;loop=0&amp;enablejsapi=1&amp;rel=0&amp;controls=2&amp;showinfo=0&amp;wmode=transparent&amp;autohide=2&amp;autoplay=0&amp;disablekb=0&amp;fs=1&amp;loop=0&amp;enablejsapi=1&amp;rel=0&amp;controls=2&amp;showinfo=1\" frameborder=\"0\" allow=\"accelerometer; autoplay; clipboard-write; encrypted-media; gyroscope; picture-in-picture\" allowfullscreen><\/iframe><\/div>\n<\/div>\n<h3>OPTIMOROUTE &#8211; CARATTERISTICHE<\/h3>\n<ul>\n<li><strong>Pianificazione automatizzata<\/strong>: importa facilmente migliaia di ordini e ottieni istantaneamente i percorsi e gli orari pi\u00f9 efficienti per i tuoi autisti. Tieni conto di tutti i vincoli del flusso di lavoro. Massimizza il numero di ordini eseguiti, riducendo i costi<\/li>\n<li><strong>Autista e Veicolo<\/strong>: calcola le ore di lavoro consentite e i costi del conducente per aiutare a eliminare gli straordinari e ridurre i costi. Le specifiche del veicolo mettono gli ordini sul camion giusto (rampa di carico, refrigerazione) senza sovraccaricare<\/li>\n<li><strong>Ordine e compito<\/strong>: ottimizza per i migliori percorsi e orari rispettando tutti i criteri di ordine e attivit\u00e0: priorit\u00e0, finestre temporali, giorno della settimana, intervallo di date, ordini di logistica inversa, durata variabile dei lavori, corrispondenza delle competenze e altro ancora<\/li>\n<li><strong>Monitoraggio in tempo reale ed ETA<\/strong>: rimuovi l&#8217;elemento sorpresa. Scopri dove si trovano i tuoi autisti e visualizza l&#8217;orario di arrivo stimato in ciascuna localit\u00e0 in base alle informazioni in tempo reale raccolte con l&#8217;app mobile<\/li>\n<li><strong>App mobile per i conducenti:<\/strong> l&#8217;app nativa per iOS e Android gestisce il percorso completo, le informazioni sugli ordini e la navigazione, tutto dal telefono del conducente. Aggiornamenti del percorso e stato dell&#8217;ordine immediatamente disponibili<\/li>\n<li><strong>Monitoraggio dell&#8217;ordine in tempo reale<\/strong>: invia messaggi sms o email personalizzabili ai clienti informandoli quando \u00e8 previsto l&#8217;arrivo dell&#8217;autista<\/li>\n<li><strong>Feedback del cliente<\/strong>: le richieste di feedback automatico ti consentono di sapere rapidamente dove brillare, cosa migliorare e chi ti sta consigliando<\/li>\n<li><strong>Modifica del percorso in tempo reale<\/strong>: inserisci gli ordini dell&#8217;ultimo minuto, regola la sequenza di arresto o riprogramma quando un autista si ammala. Percorsi ricalcolati automaticamente per riflettere le modifiche manuali<\/li>\n<li><strong>Ritiro e consegnaBETA:<\/strong> pianifica percorsi con passeggeri o merci che passano da un luogo all&#8217;altro senza passare dal tuo deposito<\/li>\n<li><strong>Pianificazione settimanale<\/strong>: specifica i giorni della settimana o gli intervalli di date in cui gli ordini possono essere gestiti e pianifica fino a 5 settimane in anticipo con un clic<\/li>\n<li><strong>Bilanciamento del carico di lavoro<\/strong>: il carico di lavoro pu\u00f2 essere bilanciato utilizzando solo i driver necessari o utilizzando tutti i driver e distribuendo il carico di lavoro tra di loro. Pu\u00f2 essere bilanciato in base all&#8217;orario di lavoro o al numero di ordini per conducente<\/li>\n<li><strong>Inizio flessibile:<\/strong> trova il miglior orario di inizio turno per i singoli conducenti per massimizzare l&#8217;orario di lavoro e soddisfare le aspettative dei clienti<\/li>\n<li><strong>Analitica<\/strong>: rapporti concisi generati automaticamente dai dati del percorso. Identifica facilmente gli high performer. Scopri esattamente dove la pianificazione raggiunge l&#8217;obiettivo e dove apportare modifiche<\/li>\n<li><strong>Tracciamento<\/strong>: confronta i percorsi pianificati con quelli effettivi e azzera con il percorso breadcrumb per vedere esattamente dove hai viaggiato i tuoi conducenti. Identificare le deviazioni che devono essere affrontate<\/li>\n<li><strong>Integrazione API<\/strong>: sincronizza facilmente i tuoi sistemi. Un&#8217;API robusta e facile da usare consente l&#8217;integrazione end-to-end con il tuo ERP, CRM, POS, FSM o qualsiasi altra piattaforma.<\/li>\n<\/ul>\n<h4>LE RECENSIONI DEGLI UTENTI<\/h4>\n<p class=\"font-weight-bold mb-2\"><strong>Eric H.&#8221;Buona impostazione \/ necessita di aggiornamenti&#8221;<\/strong><\/p>\n<p><span class=\"font-weight-bold\"><strong>Commenti<\/strong>: <\/span>Piuttosto buono.<\/p>\n<p class=\"font-weight-bold mb-2\"><strong>Pro<\/strong>:\u00a0Mi piace il fatto di poter spostare gli indirizzi di geolocalizzazione per adattarli a vicoli o passi carrai che si trovano su una strada diversa (ovvero, il punto di servizio \u00e8 diverso dal punto dell&#8217;indirizzo effettivo). Mi piace la funzionalit\u00e0 del software, caricare i percorsi, ecc. \u00c8 abbastanza semplice da usare!<\/p>\n<p class=\"font-weight-bold mb-2\"><strong>Contro<\/strong>:\u00a0Le mappe sono obsolete e devo quasi SEMPRE aggiustare il percorso. Contrassegna strade che non sono strade, sono bloccate o etichetter\u00e0 un ruscello o un lavaggio (Arizona) come strada.<\/p>\n<p class=\"font-weight-bold mb-2\"><strong>Georgi Y.&#8221;Fantastico prodotto&#8221;<\/strong><\/p>\n<p><span class=\"font-weight-bold\"><strong>Commenti<\/strong>: <\/span>Gestisco un&#8217;azienda di trasporti nel Regno Unito.\u00a0La mia esperienza \u00e8 dal 2013 ad oggi.\u00a0OptimoRoute \u00e8 davvero un ottimo prodotto. Pi\u00f9 importante. Stanno lavorando al prodotto da aggiornare.<\/p>\n<p class=\"font-weight-bold mb-2\"><strong>Pro<\/strong>:\u00a0Facile da usare. Ottimo supporto clienti. Nessun prezzo folle per il prodotto rispetto ad altri sul mercato.<\/p>\n<p class=\"font-weight-bold mb-2\"><strong>Contro<\/strong>:\u00a0Notando di scrivere qui. Con questo servizio clienti puoi risolvere tutti i tuoi problemi.<\/p>\n<p class=\"font-weight-bold mb-2\"><strong>Cathy F.&#8221;Servizio clienti eccezionale&#8221;<\/strong><\/p>\n<p><span class=\"font-weight-bold\"><strong>Commenti<\/strong>: <\/span>I vantaggi del programma sono stati significativi per aiutarci a sviluppare un nuovo programma all&#8217;interno della nostra organizzazione. Siamo in grado di consegnare sacchi di cibo agli anziani costretti a casa grazie al tuo favoloso processo di ottimizzazione del percorso.<\/p>\n<p class=\"font-weight-bold mb-2\"><strong>Pro<\/strong>:\u00a0La mappatura del percorso \u00e8 molto utile e di grande impatto. Adoro il fatto che tenga conto delle supposizioni. Quando un percorso ha bisogno di essere aggiustato, lo \u00e8 con facilit\u00e0. La possibilit\u00e0 di dividere il percorso tra i conducenti in base a tempo, percentuale e miglia \u00e8 un enorme vantaggio.<\/p>\n<p class=\"font-weight-bold mb-2\"><strong>Contro<\/strong>:\u00a0Vorrei che interagisse con il nostro programma Pantry e con i sistemi GPS. Sarebbe un sogno e faciliterebbe la ridondanza. Mi piacerebbe vedere un posto in cui aggiungere foto, la firma del cliente per la consegna e la funzione time card sarebbe fantastico!<\/p>\n","protected":false},"excerpt":{"rendered":"<p>OptimoRoute aiuta le aziende di assistenza sul campo e di consegna a fornire un servizio eccezionale. Utilizzando sofisticati algoritmi, il software pianifica e ottimizza i percorsi in pochi secondi. Sotto una semplice interfaccia, c&#8217;\u00e8 una scorta infinita di trucchi, funzionalit\u00e0 e scorciatoie che si adattano alle tue esigenze e ai tuoi flussi di lavoro unici.<\/p>\n","protected":false},"author":16,"featured_media":54830,"parent":54405,"menu_order":0,"comment_status":"open","ping_status":"closed","template":"g1_template_page_review_new.php","meta":{"_acf_changed":false,"cwp_meta_box_check":"No","cwp_rev_product_name":"","cwp_rev_product_image":"","wppr_links":[],"cwp_rev_price":"","wppr_options":[],"wppr_pros":[],"wppr_cons":[],"_monsterinsights_skip_tracking":false,"_monsterinsights_sitenote_active":false,"_monsterinsights_sitenote_note":"","_monsterinsights_sitenote_category":0,"footnotes":""},"categories":[12168],"tags":[12193,12236,12212,12211,12210,12209],"features":[],"class_list":{"0":"post-54829","1":"page","2":"type-page","3":"status-publish","4":"has-post-thumbnail","6":"category-app-cibo-domicilio-cat","7":"tag-app-per-cibo-a-domicilio","8":"tag-optimoroute","9":"tag-piattaforma-per-cibo-a-domicilio","10":"tag-programma-per-cibo-a-domicilio","11":"tag-software-per-cibo-a-domicilio","12":"tag-soluzione-per-cibo-a-domicilio"},"wppr_data":{"cwp_meta_box_check":"No"},"acf":[],"yoast_head":"<!-- This site is optimized with the Yoast SEO plugin v27.4 - https:\/\/yoast.com\/product\/yoast-seo-wordpress\/ -->\n<title>OptimoRoute: recensione app per cibo a domicilio - Accurate Reviews<\/title>\n<meta name=\"description\" content=\"OptimoRoute: recensione app per cibo a domicilio che aiuta le aziende di assistenza sul campo e di consegna a fornire un servizio eccezionale\" \/>\n<meta name=\"robots\" content=\"index, follow, max-snippet:-1, max-image-preview:large, max-video-preview:-1\" \/>\n<link rel=\"canonical\" href=\"https:\/\/www.accuratereviews.com\/it\/app-cibo-domicilio\/optimoroute-recensione\/\" \/>\n<meta property=\"og:locale\" content=\"it_IT\" \/>\n<meta property=\"og:type\" content=\"article\" \/>\n<meta property=\"og:title\" content=\"OptimoRoute: recensione app per cibo a domicilio - Accurate Reviews\" \/>\n<meta property=\"og:description\" content=\"OptimoRoute: recensione app per cibo a domicilio che aiuta le aziende di assistenza sul campo e di consegna a fornire un servizio eccezionale\" \/>\n<meta property=\"og:url\" content=\"https:\/\/www.accuratereviews.com\/it\/app-cibo-domicilio\/optimoroute-recensione\/\" \/>\n<meta property=\"og:site_name\" content=\"Accurate Reviews\" \/>\n<meta property=\"og:image\" content=\"https:\/\/www.accuratereviews.com\/wp-content\/uploads\/2022\/03\/optimoroute.png\" \/>\n\t<meta property=\"og:image:width\" content=\"364\" \/>\n\t<meta property=\"og:image:height\" content=\"216\" \/>\n\t<meta property=\"og:image:type\" content=\"image\/png\" \/>\n<meta name=\"twitter:card\" content=\"summary_large_image\" \/>\n<meta name=\"twitter:label1\" content=\"Tempo di lettura stimato\" \/>\n\t<meta name=\"twitter:data1\" content=\"5 minuti\" \/>\n<script type=\"application\/ld+json\" class=\"yoast-schema-graph\">{\"@context\":\"https:\\\/\\\/schema.org\",\"@graph\":[{\"@type\":\"WebPage\",\"@id\":\"https:\\\/\\\/www.accuratereviews.com\\\/it\\\/app-cibo-domicilio\\\/optimoroute-recensione\\\/\",\"url\":\"https:\\\/\\\/www.accuratereviews.com\\\/it\\\/app-cibo-domicilio\\\/optimoroute-recensione\\\/\",\"name\":\"OptimoRoute: recensione app per cibo a domicilio - Accurate Reviews\",\"isPartOf\":{\"@id\":\"https:\\\/\\\/www.accuratereviews.com\\\/it\\\/#website\"},\"primaryImageOfPage\":{\"@id\":\"https:\\\/\\\/www.accuratereviews.com\\\/it\\\/app-cibo-domicilio\\\/optimoroute-recensione\\\/#primaryimage\"},\"image\":{\"@id\":\"https:\\\/\\\/www.accuratereviews.com\\\/it\\\/app-cibo-domicilio\\\/optimoroute-recensione\\\/#primaryimage\"},\"thumbnailUrl\":\"https:\\\/\\\/www.accuratereviews.com\\\/wp-content\\\/uploads\\\/2022\\\/03\\\/optimoroute.png\",\"datePublished\":\"2022-03-14T12:23:29+00:00\",\"description\":\"OptimoRoute: recensione app per cibo a domicilio che aiuta le aziende di assistenza sul campo e di consegna a fornire un servizio eccezionale\",\"breadcrumb\":{\"@id\":\"https:\\\/\\\/www.accuratereviews.com\\\/it\\\/app-cibo-domicilio\\\/optimoroute-recensione\\\/#breadcrumb\"},\"inLanguage\":\"it-IT\",\"potentialAction\":[{\"@type\":\"ReadAction\",\"target\":[\"https:\\\/\\\/www.accuratereviews.com\\\/it\\\/app-cibo-domicilio\\\/optimoroute-recensione\\\/\"]}]},{\"@type\":\"ImageObject\",\"inLanguage\":\"it-IT\",\"@id\":\"https:\\\/\\\/www.accuratereviews.com\\\/it\\\/app-cibo-domicilio\\\/optimoroute-recensione\\\/#primaryimage\",\"url\":\"https:\\\/\\\/www.accuratereviews.com\\\/wp-content\\\/uploads\\\/2022\\\/03\\\/optimoroute.png\",\"contentUrl\":\"https:\\\/\\\/www.accuratereviews.com\\\/wp-content\\\/uploads\\\/2022\\\/03\\\/optimoroute.png\",\"width\":364,\"height\":216},{\"@type\":\"BreadcrumbList\",\"@id\":\"https:\\\/\\\/www.accuratereviews.com\\\/it\\\/app-cibo-domicilio\\\/optimoroute-recensione\\\/#breadcrumb\",\"itemListElement\":[{\"@type\":\"ListItem\",\"position\":1,\"name\":\"Home\",\"item\":\"https:\\\/\\\/www.accuratereviews.com\\\/it\\\/\"},{\"@type\":\"ListItem\",\"position\":2,\"name\":\"App per cibo a domicilio\",\"item\":\"https:\\\/\\\/www.accuratereviews.com\\\/it\\\/app-cibo-domicilio\\\/\"},{\"@type\":\"ListItem\",\"position\":3,\"name\":\"OptimoRoute\"}]},{\"@type\":\"WebSite\",\"@id\":\"https:\\\/\\\/www.accuratereviews.com\\\/it\\\/#website\",\"url\":\"https:\\\/\\\/www.accuratereviews.com\\\/it\\\/\",\"name\":\"Accurate Reviews\",\"description\":\"\",\"potentialAction\":[{\"@type\":\"SearchAction\",\"target\":{\"@type\":\"EntryPoint\",\"urlTemplate\":\"https:\\\/\\\/www.accuratereviews.com\\\/it\\\/?s={search_term_string}\"},\"query-input\":{\"@type\":\"PropertyValueSpecification\",\"valueRequired\":true,\"valueName\":\"search_term_string\"}}],\"inLanguage\":\"it-IT\"}]}<\/script>\n<!-- \/ Yoast SEO plugin. -->","yoast_head_json":{"title":"OptimoRoute: recensione app per cibo a domicilio - Accurate Reviews","description":"OptimoRoute: recensione app per cibo a domicilio che aiuta le aziende di assistenza sul campo e di consegna a fornire un servizio eccezionale","robots":{"index":"index","follow":"follow","max-snippet":"max-snippet:-1","max-image-preview":"max-image-preview:large","max-video-preview":"max-video-preview:-1"},"canonical":"https:\/\/www.accuratereviews.com\/it\/app-cibo-domicilio\/optimoroute-recensione\/","og_locale":"it_IT","og_type":"article","og_title":"OptimoRoute: recensione app per cibo a domicilio - Accurate Reviews","og_description":"OptimoRoute: recensione app per cibo a domicilio che aiuta le aziende di assistenza sul campo e di consegna a fornire un servizio eccezionale","og_url":"https:\/\/www.accuratereviews.com\/it\/app-cibo-domicilio\/optimoroute-recensione\/","og_site_name":"Accurate Reviews","og_image":[{"width":364,"height":216,"url":"https:\/\/www.accuratereviews.com\/wp-content\/uploads\/2022\/03\/optimoroute.png","type":"image\/png"}],"twitter_card":"summary_large_image","twitter_misc":{"Tempo di lettura stimato":"5 minuti"},"schema":{"@context":"https:\/\/schema.org","@graph":[{"@type":"WebPage","@id":"https:\/\/www.accuratereviews.com\/it\/app-cibo-domicilio\/optimoroute-recensione\/","url":"https:\/\/www.accuratereviews.com\/it\/app-cibo-domicilio\/optimoroute-recensione\/","name":"OptimoRoute: recensione app per cibo a domicilio - Accurate Reviews","isPartOf":{"@id":"https:\/\/www.accuratereviews.com\/it\/#website"},"primaryImageOfPage":{"@id":"https:\/\/www.accuratereviews.com\/it\/app-cibo-domicilio\/optimoroute-recensione\/#primaryimage"},"image":{"@id":"https:\/\/www.accuratereviews.com\/it\/app-cibo-domicilio\/optimoroute-recensione\/#primaryimage"},"thumbnailUrl":"https:\/\/www.accuratereviews.com\/wp-content\/uploads\/2022\/03\/optimoroute.png","datePublished":"2022-03-14T12:23:29+00:00","description":"OptimoRoute: recensione app per cibo a domicilio che aiuta le aziende di assistenza sul campo e di consegna a fornire un servizio eccezionale","breadcrumb":{"@id":"https:\/\/www.accuratereviews.com\/it\/app-cibo-domicilio\/optimoroute-recensione\/#breadcrumb"},"inLanguage":"it-IT","potentialAction":[{"@type":"ReadAction","target":["https:\/\/www.accuratereviews.com\/it\/app-cibo-domicilio\/optimoroute-recensione\/"]}]},{"@type":"ImageObject","inLanguage":"it-IT","@id":"https:\/\/www.accuratereviews.com\/it\/app-cibo-domicilio\/optimoroute-recensione\/#primaryimage","url":"https:\/\/www.accuratereviews.com\/wp-content\/uploads\/2022\/03\/optimoroute.png","contentUrl":"https:\/\/www.accuratereviews.com\/wp-content\/uploads\/2022\/03\/optimoroute.png","width":364,"height":216},{"@type":"BreadcrumbList","@id":"https:\/\/www.accuratereviews.com\/it\/app-cibo-domicilio\/optimoroute-recensione\/#breadcrumb","itemListElement":[{"@type":"ListItem","position":1,"name":"Home","item":"https:\/\/www.accuratereviews.com\/it\/"},{"@type":"ListItem","position":2,"name":"App per cibo a domicilio","item":"https:\/\/www.accuratereviews.com\/it\/app-cibo-domicilio\/"},{"@type":"ListItem","position":3,"name":"OptimoRoute"}]},{"@type":"WebSite","@id":"https:\/\/www.accuratereviews.com\/it\/#website","url":"https:\/\/www.accuratereviews.com\/it\/","name":"Accurate Reviews","description":"","potentialAction":[{"@type":"SearchAction","target":{"@type":"EntryPoint","urlTemplate":"https:\/\/www.accuratereviews.com\/it\/?s={search_term_string}"},"query-input":{"@type":"PropertyValueSpecification","valueRequired":true,"valueName":"search_term_string"}}],"inLanguage":"it-IT"}]}},"_links":{"self":[{"href":"https:\/\/www.accuratereviews.com\/it\/wp-json\/wp\/v2\/pages\/54829","targetHints":{"allow":["GET"]}}],"collection":[{"href":"https:\/\/www.accuratereviews.com\/it\/wp-json\/wp\/v2\/pages"}],"about":[{"href":"https:\/\/www.accuratereviews.com\/it\/wp-json\/wp\/v2\/types\/page"}],"author":[{"embeddable":true,"href":"https:\/\/www.accuratereviews.com\/it\/wp-json\/wp\/v2\/users\/16"}],"replies":[{"embeddable":true,"href":"https:\/\/www.accuratereviews.com\/it\/wp-json\/wp\/v2\/comments?post=54829"}],"version-history":[{"count":10,"href":"https:\/\/www.accuratereviews.com\/it\/wp-json\/wp\/v2\/pages\/54829\/revisions"}],"predecessor-version":[{"id":54858,"href":"https:\/\/www.accuratereviews.com\/it\/wp-json\/wp\/v2\/pages\/54829\/revisions\/54858"}],"up":[{"embeddable":true,"href":"https:\/\/www.accuratereviews.com\/it\/wp-json\/wp\/v2\/pages\/54405"}],"wp:featuredmedia":[{"embeddable":true,"href":"https:\/\/www.accuratereviews.com\/it\/wp-json\/wp\/v2\/media\/54830"}],"wp:attachment":[{"href":"https:\/\/www.accuratereviews.com\/it\/wp-json\/wp\/v2\/media?parent=54829"}],"wp:term":[{"taxonomy":"category","embeddable":true,"href":"https:\/\/www.accuratereviews.com\/it\/wp-json\/wp\/v2\/categories?post=54829"},{"taxonomy":"post_tag","embeddable":true,"href":"https:\/\/www.accuratereviews.com\/it\/wp-json\/wp\/v2\/tags?post=54829"},{"taxonomy":"features","embeddable":true,"href":"https:\/\/www.accuratereviews.com\/it\/wp-json\/wp\/v2\/features?post=54829"}],"curies":[{"name":"wp","href":"https:\/\/api.w.org\/{rel}","templated":true}]}}