{"id":54838,"date":"2022-03-14T12:31:10","date_gmt":"2022-03-14T12:31:10","guid":{"rendered":"https:\/\/www.accuratereviews.com\/?page_id=54838"},"modified":"2022-03-14T12:31:10","modified_gmt":"2022-03-14T12:31:10","slug":"shift4shop-recensione","status":"publish","type":"page","link":"https:\/\/www.accuratereviews.com\/it\/app-cibo-domicilio\/shift4shop-recensione\/","title":{"rendered":"Shift4Shop"},"content":{"rendered":"<p><strong>Shift4Shop<\/strong>, precedentemente <strong>3dcart<\/strong>, \u00e8 una <strong>soluzione di ecommerce<\/strong> all-in-one leader per siti web nuovi o esistenti. Progettato per aziende di tutte le dimensioni, il programma offre gli strumenti e le funzionalit\u00e0 innovativi del settore, consentendo ai commercianti di vendere i loro prodotti ovunque e dovunque, con il controllo completo sull&#8217;aspetto dei loro siti web. Essendo la soluzione di ecommerce basata su <strong>cloud<\/strong> pi\u00f9 potente e sicura oggi, <strong>Shift4Shop<\/strong> permette ai commercianti di gestire ogni aspetto della loro attivit\u00e0, sia che vendano online, in negozio o in movimento, con la massima facilit\u00e0. Inoltre, con l&#8217;accesso al supporto gratuito 24 ore su 24, 7 giorni su 7, 365 giorni l&#8217;anno tramite telefono, chat dal vivo ed email, i commercianti possono concentrarsi sulla vendita e sulla creazione dei loro prodotti in assoluta sicurezza e tranquillit\u00e0.<\/p>\n<h2>SHIFT4SHOP &#8211; TUTORIAL<\/h2>\n<p>Questa soluzione rende facile e veloce creare il tuo negozio online in pochi minuti.<\/p>\n<div id=\"fluid-wrapper-counter-1\" class=\"g1-fluid-wrapper \" style=\"width:686px;\">\n<div style=\"padding-bottom:56.268221574344%;\"><iframe loading=\"lazy\" title=\"Sell Online Quickly &amp; Easily with Shift4Shop\" width=\"686\" height=\"386\" src=\"https:\/\/www.youtube.com\/embed\/Tbj6K3q8vsY?feature=oembed&amp;wmode=transparent&amp;autohide=1&amp;autoplay=0&amp;disablekb=0&amp;fs=1&amp;loop=0&amp;enablejsapi=1&amp;rel=0&amp;controls=2&amp;showinfo=0&amp;wmode=transparent&amp;autohide=2&amp;autoplay=0&amp;disablekb=0&amp;fs=1&amp;loop=0&amp;enablejsapi=1&amp;rel=0&amp;controls=2&amp;showinfo=1\" frameborder=\"0\" allow=\"accelerometer; autoplay; clipboard-write; encrypted-media; gyroscope; picture-in-picture\" allowfullscreen><\/iframe><\/div>\n<\/div>\n<h3>SHIFT4SHOP &#8211; CARATTERISTICHE<\/h3>\n<ul>\n<li>I temi principali sono il design reattivo, che si adatta a ogni schermo per offrire la migliore esperienza di acquisto possibile sia ai clienti mobili che desktop<\/li>\n<li>Integrazione automatica di Google AMP per le pagine dei prodotti, che fornisce velocit\u00e0 aggiuntiva sui dispositivi mobili tramite il caricamento istantaneo della pagina<\/li>\n<li>Codice ottimizzato per garantire che gli elementi importanti della pagina vengano caricati per primi, in modo che i tuoi clienti non debbano mai aspettare per iniziare a navigare<\/li>\n<li>Convenzioni di progettazione preferite da Google, con conseguente aumento del posizionamento del tuo sito web nelle pagine dei risultati dei motori di ricerca (SERP)<\/li>\n<li>Consenti ai tuoi clienti di creare pi\u00f9 liste dei desideri che possono contrassegnare come private o condividere sui social media come meglio credono. Le liste dei desideri condivisibili aiutano anche a informare i nuovi clienti sul tuo negozio<\/li>\n<li>Crea un senso di urgenza con le offerte giornaliere, complete di un conto alla rovescia in prima pagina. Oppure, imposta una vendita destinata a diventare virale con un&#8217;offerta di gruppo, che richiede una soglia di partecipazione per attivare lo sconto<\/li>\n<li>Offri credito in negozio ai tuoi clienti in qualsiasi momento e per qualsiasi importo, sia che tu stia assegnando crediti invece di un rimborso, sia semplicemente per fornire il servizio clienti in qualsiasi situazione. Emetti credito su un ordine specifico direttamente dalla schermata Gestione ordini, emettilo da un RMA o aggiungilo direttamente al record del cliente in qualsiasi momento. I clienti riceveranno immediatamente un credito per il loro prossimo acquisto sul tuo negozio per l&#8217;importo in dollari da te specificato.<\/li>\n<li>Aiuta i tuoi clienti a prepararsi per i grandi momenti della vita con i registri dei regali. Condivisibili con amici e familiari, i registri dei regali consentono ai clienti di organizzare e condividere facilmente un elenco dei loro prodotti preferiti o pi\u00f9 desiderati, aiutando a loro volta ad aumentare il traffico e le vendite nel tuo negozio online.<\/li>\n<\/ul>\n<h4>LE RECENSIONI DEGLI UTENTI<\/h4>\n<p class=\"font-weight-bold mb-2\"><strong>Domenico C.&#8221;Un ottimo rapporto qualit\u00e0-prezzo&#8221;<\/strong><\/p>\n<p><span class=\"font-weight-bold\"><strong>Commenti<\/strong>: <\/span>Invece di spendere soldi su Shopify, puoi risparmiare molto e ottenere un ottimo sito Web per vendere i tuoi prodotti online.<\/p>\n<p class=\"font-weight-bold mb-2\"><strong>Pro<\/strong>:\u00a0Quando stavo esaminando le piattaforme di e-commerce, un mio amico mi ha consigliato 3dcart. Non li avevo mai sentiti ma sono contento di averli verificati. Si trovano negli Stati Uniti, hanno un ottimo rapporto qualit\u00e0-prezzo e danno il controllo per costruire un ottimo sito web.<\/p>\n<p class=\"font-weight-bold mb-2\"><strong>Contro<\/strong>:\u00a0Se non sei esperto di &#8220;tecnologia&#8221;, \u00e8 meglio lasciare la personalizzazione a un professionista. A parte questo, mi piace molto l&#8217;offerta del prodotto e mi piace l&#8217;interfaccia utente.<\/p>\n<p class=\"font-weight-bold mb-2\"><strong>Scott B.&#8221;Shift4shop La migliore piattaforma di shopping GRATUITA in circolazione&#8221;<\/strong><\/p>\n<p class=\"font-weight-bold mb-2\"><strong>Pro<\/strong>:\u00a0Come il fatto che sia un&#8217;intera piattaforma come tutto il resto per cui paghi ma \u00e8 GRATIS!<\/p>\n<p class=\"font-weight-bold mb-2\"><strong>Contro<\/strong>:\u00a0Al momento non sono stati trovati problemi negativi<\/p>\n<p class=\"font-weight-bold mb-2\"><strong>Paul S.&#8221;Ottimo dal principiante all&#8217;esperto!&#8221;<\/strong><\/p>\n<p><span class=\"font-weight-bold\"><strong>Commenti<\/strong>: <\/span>Il software si integra bene con qualsiasi programma, molto ben congegnato.<\/p>\n<p class=\"font-weight-bold mb-2\"><strong>Pro<\/strong>:\u00a0Il software \u00e8 molto facile da usare per i principianti, ma ha funzionalit\u00e0 per il web designer.<\/p>\n<p class=\"font-weight-bold mb-2\"><strong>Contro<\/strong>:\u00a0Mancanza di temi prefabbricati adatti a tutte le attivit\u00e0. Hanno pi\u00f9 della maggior parte dei fornitori di e-commerce, ma potrebbero usarne alcuni in pi\u00f9 per siti di e-commerce di articoli di grandi dimensioni.<\/p>\n","protected":false},"excerpt":{"rendered":"<p>Shift4Shop, precedentemente 3dcart, \u00e8 una soluzione di eCommerce all-in-one leader per siti web nuovi o esistenti. Progettato per aziende di tutte le dimensioni, il programma offre gli strumenti e le funzionalit\u00e0 innovativi del settore, consentendo ai commercianti di vendere i loro prodotti ovunque e dovunque, con il controllo completo sull&#8217;aspetto dei loro siti web.<\/p>\n","protected":false},"author":16,"featured_media":54840,"parent":54405,"menu_order":0,"comment_status":"open","ping_status":"closed","template":"g1_template_page_review_new.php","meta":{"_acf_changed":false,"cwp_meta_box_check":"No","cwp_rev_product_name":"","cwp_rev_product_image":"","wppr_links":[],"cwp_rev_price":"","wppr_options":[],"wppr_pros":[],"wppr_cons":[],"_monsterinsights_skip_tracking":false,"_monsterinsights_sitenote_active":false,"_monsterinsights_sitenote_note":"","_monsterinsights_sitenote_category":0,"footnotes":""},"categories":[12168],"tags":[12170,12171,12189,12174,12237,12172,12173],"features":[],"class_list":{"0":"post-54838","1":"page","2":"type-page","3":"status-publish","4":"has-post-thumbnail","6":"category-app-cibo-domicilio-cat","7":"tag-app-cibo-a-domicilio","8":"tag-cibo-a-domicilio","9":"tag-piattaforma-cibo-a-domicilio","10":"tag-programma-cibo-a-domicilio","11":"tag-shift4shop","12":"tag-software-cibo-a-domicilio","13":"tag-soluzione-cibo-a-domicilio"},"wppr_data":{"cwp_meta_box_check":"No"},"acf":[],"yoast_head":"<!-- This site is optimized with the Yoast SEO plugin v27.4 - https:\/\/yoast.com\/product\/yoast-seo-wordpress\/ -->\n<title>Shift4Shop: recensione app per cibo a domicilio - Accurate Reviews<\/title>\n<meta name=\"description\" content=\"Shift4Shop: recensione soluzione di ecommerce all-in-one leader per siti web nuovi o esistenti semplice, sicura e scalabile.\" \/>\n<meta name=\"robots\" content=\"index, follow, max-snippet:-1, max-image-preview:large, max-video-preview:-1\" \/>\n<link rel=\"canonical\" href=\"https:\/\/www.accuratereviews.com\/it\/app-cibo-domicilio\/shift4shop-recensione\/\" \/>\n<meta property=\"og:locale\" content=\"it_IT\" \/>\n<meta property=\"og:type\" content=\"article\" \/>\n<meta property=\"og:title\" content=\"Shift4Shop: recensione app per cibo a domicilio - Accurate Reviews\" \/>\n<meta property=\"og:description\" content=\"Shift4Shop: recensione soluzione di ecommerce all-in-one leader per siti web nuovi o esistenti semplice, sicura e scalabile.\" \/>\n<meta property=\"og:url\" content=\"https:\/\/www.accuratereviews.com\/it\/app-cibo-domicilio\/shift4shop-recensione\/\" \/>\n<meta property=\"og:site_name\" content=\"Accurate Reviews\" \/>\n<meta property=\"og:image\" content=\"https:\/\/www.accuratereviews.com\/wp-content\/uploads\/2022\/03\/shift4shop_2gvj.1920.webp\" \/>\n\t<meta property=\"og:image:width\" content=\"1920\" \/>\n\t<meta property=\"og:image:height\" content=\"1080\" \/>\n\t<meta property=\"og:image:type\" content=\"image\/webp\" \/>\n<meta name=\"twitter:card\" content=\"summary_large_image\" \/>\n<meta name=\"twitter:label1\" content=\"Tempo di lettura stimato\" \/>\n\t<meta name=\"twitter:data1\" content=\"4 minuti\" \/>\n<script type=\"application\/ld+json\" class=\"yoast-schema-graph\">{\"@context\":\"https:\\\/\\\/schema.org\",\"@graph\":[{\"@type\":\"WebPage\",\"@id\":\"https:\\\/\\\/www.accuratereviews.com\\\/it\\\/app-cibo-domicilio\\\/shift4shop-recensione\\\/\",\"url\":\"https:\\\/\\\/www.accuratereviews.com\\\/it\\\/app-cibo-domicilio\\\/shift4shop-recensione\\\/\",\"name\":\"Shift4Shop: recensione app per cibo a domicilio - Accurate Reviews\",\"isPartOf\":{\"@id\":\"https:\\\/\\\/www.accuratereviews.com\\\/it\\\/#website\"},\"primaryImageOfPage\":{\"@id\":\"https:\\\/\\\/www.accuratereviews.com\\\/it\\\/app-cibo-domicilio\\\/shift4shop-recensione\\\/#primaryimage\"},\"image\":{\"@id\":\"https:\\\/\\\/www.accuratereviews.com\\\/it\\\/app-cibo-domicilio\\\/shift4shop-recensione\\\/#primaryimage\"},\"thumbnailUrl\":\"https:\\\/\\\/www.accuratereviews.com\\\/wp-content\\\/uploads\\\/2022\\\/03\\\/shift4shop_2gvj.1920.webp\",\"datePublished\":\"2022-03-14T12:31:10+00:00\",\"description\":\"Shift4Shop: recensione soluzione di ecommerce all-in-one leader per siti web nuovi o esistenti semplice, sicura e scalabile.\",\"breadcrumb\":{\"@id\":\"https:\\\/\\\/www.accuratereviews.com\\\/it\\\/app-cibo-domicilio\\\/shift4shop-recensione\\\/#breadcrumb\"},\"inLanguage\":\"it-IT\",\"potentialAction\":[{\"@type\":\"ReadAction\",\"target\":[\"https:\\\/\\\/www.accuratereviews.com\\\/it\\\/app-cibo-domicilio\\\/shift4shop-recensione\\\/\"]}]},{\"@type\":\"ImageObject\",\"inLanguage\":\"it-IT\",\"@id\":\"https:\\\/\\\/www.accuratereviews.com\\\/it\\\/app-cibo-domicilio\\\/shift4shop-recensione\\\/#primaryimage\",\"url\":\"https:\\\/\\\/www.accuratereviews.com\\\/wp-content\\\/uploads\\\/2022\\\/03\\\/shift4shop_2gvj.1920.webp\",\"contentUrl\":\"https:\\\/\\\/www.accuratereviews.com\\\/wp-content\\\/uploads\\\/2022\\\/03\\\/shift4shop_2gvj.1920.webp\",\"width\":1920,\"height\":1080},{\"@type\":\"BreadcrumbList\",\"@id\":\"https:\\\/\\\/www.accuratereviews.com\\\/it\\\/app-cibo-domicilio\\\/shift4shop-recensione\\\/#breadcrumb\",\"itemListElement\":[{\"@type\":\"ListItem\",\"position\":1,\"name\":\"Home\",\"item\":\"https:\\\/\\\/www.accuratereviews.com\\\/it\\\/\"},{\"@type\":\"ListItem\",\"position\":2,\"name\":\"App per cibo a domicilio\",\"item\":\"https:\\\/\\\/www.accuratereviews.com\\\/it\\\/app-cibo-domicilio\\\/\"},{\"@type\":\"ListItem\",\"position\":3,\"name\":\"Shift4Shop\"}]},{\"@type\":\"WebSite\",\"@id\":\"https:\\\/\\\/www.accuratereviews.com\\\/it\\\/#website\",\"url\":\"https:\\\/\\\/www.accuratereviews.com\\\/it\\\/\",\"name\":\"Accurate Reviews\",\"description\":\"\",\"potentialAction\":[{\"@type\":\"SearchAction\",\"target\":{\"@type\":\"EntryPoint\",\"urlTemplate\":\"https:\\\/\\\/www.accuratereviews.com\\\/it\\\/?s={search_term_string}\"},\"query-input\":{\"@type\":\"PropertyValueSpecification\",\"valueRequired\":true,\"valueName\":\"search_term_string\"}}],\"inLanguage\":\"it-IT\"}]}<\/script>\n<!-- \/ Yoast SEO plugin. -->","yoast_head_json":{"title":"Shift4Shop: recensione app per cibo a domicilio - Accurate Reviews","description":"Shift4Shop: recensione soluzione di ecommerce all-in-one leader per siti web nuovi o esistenti semplice, sicura e scalabile.","robots":{"index":"index","follow":"follow","max-snippet":"max-snippet:-1","max-image-preview":"max-image-preview:large","max-video-preview":"max-video-preview:-1"},"canonical":"https:\/\/www.accuratereviews.com\/it\/app-cibo-domicilio\/shift4shop-recensione\/","og_locale":"it_IT","og_type":"article","og_title":"Shift4Shop: recensione app per cibo a domicilio - Accurate Reviews","og_description":"Shift4Shop: recensione soluzione di ecommerce all-in-one leader per siti web nuovi o esistenti semplice, sicura e scalabile.","og_url":"https:\/\/www.accuratereviews.com\/it\/app-cibo-domicilio\/shift4shop-recensione\/","og_site_name":"Accurate Reviews","og_image":[{"width":1920,"height":1080,"url":"https:\/\/www.accuratereviews.com\/wp-content\/uploads\/2022\/03\/shift4shop_2gvj.1920.webp","type":"image\/webp"}],"twitter_card":"summary_large_image","twitter_misc":{"Tempo di lettura stimato":"4 minuti"},"schema":{"@context":"https:\/\/schema.org","@graph":[{"@type":"WebPage","@id":"https:\/\/www.accuratereviews.com\/it\/app-cibo-domicilio\/shift4shop-recensione\/","url":"https:\/\/www.accuratereviews.com\/it\/app-cibo-domicilio\/shift4shop-recensione\/","name":"Shift4Shop: recensione app per cibo a domicilio - Accurate Reviews","isPartOf":{"@id":"https:\/\/www.accuratereviews.com\/it\/#website"},"primaryImageOfPage":{"@id":"https:\/\/www.accuratereviews.com\/it\/app-cibo-domicilio\/shift4shop-recensione\/#primaryimage"},"image":{"@id":"https:\/\/www.accuratereviews.com\/it\/app-cibo-domicilio\/shift4shop-recensione\/#primaryimage"},"thumbnailUrl":"https:\/\/www.accuratereviews.com\/wp-content\/uploads\/2022\/03\/shift4shop_2gvj.1920.webp","datePublished":"2022-03-14T12:31:10+00:00","description":"Shift4Shop: recensione soluzione di ecommerce all-in-one leader per siti web nuovi o esistenti semplice, sicura e scalabile.","breadcrumb":{"@id":"https:\/\/www.accuratereviews.com\/it\/app-cibo-domicilio\/shift4shop-recensione\/#breadcrumb"},"inLanguage":"it-IT","potentialAction":[{"@type":"ReadAction","target":["https:\/\/www.accuratereviews.com\/it\/app-cibo-domicilio\/shift4shop-recensione\/"]}]},{"@type":"ImageObject","inLanguage":"it-IT","@id":"https:\/\/www.accuratereviews.com\/it\/app-cibo-domicilio\/shift4shop-recensione\/#primaryimage","url":"https:\/\/www.accuratereviews.com\/wp-content\/uploads\/2022\/03\/shift4shop_2gvj.1920.webp","contentUrl":"https:\/\/www.accuratereviews.com\/wp-content\/uploads\/2022\/03\/shift4shop_2gvj.1920.webp","width":1920,"height":1080},{"@type":"BreadcrumbList","@id":"https:\/\/www.accuratereviews.com\/it\/app-cibo-domicilio\/shift4shop-recensione\/#breadcrumb","itemListElement":[{"@type":"ListItem","position":1,"name":"Home","item":"https:\/\/www.accuratereviews.com\/it\/"},{"@type":"ListItem","position":2,"name":"App per cibo a domicilio","item":"https:\/\/www.accuratereviews.com\/it\/app-cibo-domicilio\/"},{"@type":"ListItem","position":3,"name":"Shift4Shop"}]},{"@type":"WebSite","@id":"https:\/\/www.accuratereviews.com\/it\/#website","url":"https:\/\/www.accuratereviews.com\/it\/","name":"Accurate Reviews","description":"","potentialAction":[{"@type":"SearchAction","target":{"@type":"EntryPoint","urlTemplate":"https:\/\/www.accuratereviews.com\/it\/?s={search_term_string}"},"query-input":{"@type":"PropertyValueSpecification","valueRequired":true,"valueName":"search_term_string"}}],"inLanguage":"it-IT"}]}},"_links":{"self":[{"href":"https:\/\/www.accuratereviews.com\/it\/wp-json\/wp\/v2\/pages\/54838","targetHints":{"allow":["GET"]}}],"collection":[{"href":"https:\/\/www.accuratereviews.com\/it\/wp-json\/wp\/v2\/pages"}],"about":[{"href":"https:\/\/www.accuratereviews.com\/it\/wp-json\/wp\/v2\/types\/page"}],"author":[{"embeddable":true,"href":"https:\/\/www.accuratereviews.com\/it\/wp-json\/wp\/v2\/users\/16"}],"replies":[{"embeddable":true,"href":"https:\/\/www.accuratereviews.com\/it\/wp-json\/wp\/v2\/comments?post=54838"}],"version-history":[{"count":8,"href":"https:\/\/www.accuratereviews.com\/it\/wp-json\/wp\/v2\/pages\/54838\/revisions"}],"predecessor-version":[{"id":54860,"href":"https:\/\/www.accuratereviews.com\/it\/wp-json\/wp\/v2\/pages\/54838\/revisions\/54860"}],"up":[{"embeddable":true,"href":"https:\/\/www.accuratereviews.com\/it\/wp-json\/wp\/v2\/pages\/54405"}],"wp:featuredmedia":[{"embeddable":true,"href":"https:\/\/www.accuratereviews.com\/it\/wp-json\/wp\/v2\/media\/54840"}],"wp:attachment":[{"href":"https:\/\/www.accuratereviews.com\/it\/wp-json\/wp\/v2\/media?parent=54838"}],"wp:term":[{"taxonomy":"category","embeddable":true,"href":"https:\/\/www.accuratereviews.com\/it\/wp-json\/wp\/v2\/categories?post=54838"},{"taxonomy":"post_tag","embeddable":true,"href":"https:\/\/www.accuratereviews.com\/it\/wp-json\/wp\/v2\/tags?post=54838"},{"taxonomy":"features","embeddable":true,"href":"https:\/\/www.accuratereviews.com\/it\/wp-json\/wp\/v2\/features?post=54838"}],"curies":[{"name":"wp","href":"https:\/\/api.w.org\/{rel}","templated":true}]}}