{"id":54863,"date":"2022-03-15T11:55:45","date_gmt":"2022-03-15T11:55:45","guid":{"rendered":"https:\/\/www.accuratereviews.com\/?page_id=54863"},"modified":"2022-03-15T11:55:45","modified_gmt":"2022-03-15T11:55:45","slug":"routific-recensione","status":"publish","type":"page","link":"https:\/\/www.accuratereviews.com\/it\/app-cibo-domicilio\/routific-recensione\/","title":{"rendered":"Routific"},"content":{"rendered":"<p><strong>Routific<\/strong> \u00e8 una<strong> soluzione di pianificazione e ottimizzazione del percorso di consegna<\/strong> basata su <strong>cloud<\/strong> progettata per aiutare le piccole e medie imprese a massimizzare la capacit\u00e0 della propria flotta, risparmiare carburante e tenere traccia dei progressi del conducente in tempo reale. Il software include pianificazione del percorso automatizzata, mappe interattive, acquisizione di firme, integrazioni API, un&#8217;app web mobile per il conducente e altro ancora.\u00a0<strong>Routific<\/strong> permette agli utenti di caricare i propri ordini tramite lo strumento di importazione del foglio di calcolo e converte gli elenchi di ordini in percorsi con un solo clic. Nella pianificazione e ottimizzazione del percorso possono essere presi in considerazione fattori reali, come finestre temporali, tipi di consegna, capacit\u00e0 del veicolo, priorit\u00e0 di fermata, pause del conducente, orari di turno e altro ancora. I percorsi possono essere personalizzati, le fermate riassegnate e gli ordini dell&#8217;ultimo minuto possono essere aggiunti.<\/p>\n<h2>ROUTIFIC &#8211; TUTORIAL<\/h2>\n<p>Vediamo come ottimizzare i percorsi con questa <strong>app per cibo a domicilio<\/strong>:<\/p>\n<div id=\"fluid-wrapper-counter-1\" class=\"g1-fluid-wrapper \" style=\"width:686px;\">\n<div style=\"padding-bottom:56.268221574344%;\"><iframe loading=\"lazy\" title=\"Routific: Route Optimization &amp; Planning For Delivery Businesses\" width=\"515\" height=\"386\" src=\"https:\/\/www.youtube.com\/embed\/VMMT76MAng4?feature=oembed&amp;wmode=transparent&amp;autohide=1&amp;autoplay=0&amp;disablekb=0&amp;fs=1&amp;loop=0&amp;enablejsapi=1&amp;rel=0&amp;controls=2&amp;showinfo=0&amp;wmode=transparent&amp;autohide=2&amp;autoplay=0&amp;disablekb=0&amp;fs=1&amp;loop=0&amp;enablejsapi=1&amp;rel=0&amp;controls=2&amp;showinfo=1\" frameborder=\"0\" allow=\"accelerometer; autoplay; clipboard-write; encrypted-media; gyroscope; picture-in-picture\" allowfullscreen><\/iframe><\/div>\n<\/div>\n<h3>ROUTIFIC &#8211; CARATTERISTICHE<\/h3>\n<ul>\n<li><strong>Importa i tuoi clienti<\/strong>: aggiungi l&#8217;indirizzo di consegna del tuo cliente in 4 modi. Importa un foglio di calcolo, salva i profili cliente, utilizza l&#8217;integrazione Shopify o aggiungili singolarmente<\/li>\n<li><strong>Modifica i tuoi percorsi<\/strong>: \u00e8 facile personalizzare i tuoi percorsi. Trascina rapidamente le fermate tra i percorsi, ottimizza con fattori reali come le finestre temporali e la capacit\u00e0 del veicolo, elimina o aggiungi ordini dell&#8217;ultimo minuto<\/li>\n<li><strong>Invia percorsi all&#8217;app del conducente<\/strong>: manda i tuoi percorsi o inviali direttamente agli smartphone dei tuoi conducenti tramite sms. Mantieni il tuo team organizzato e in pista con un solo clic<\/li>\n<li><strong>Tracciamento GPS in tempo reale<\/strong>: tieni traccia dei progressi dei conducenti e ricevi ETA aggiornati durante il giorno<\/li>\n<li><strong>Aggiorna i tuoi clienti<\/strong>: fai sapere ai tuoi clienti quando aspettarsi una consegna, quando \u00e8 in arrivo e quando \u00e8 stata completata con notifiche automatiche tramite sms ed email<\/li>\n<li><strong>Prova di consegna<\/strong>: raccogli firme e foto utilizzando l&#8217;app per autista mentre il tuo corriere completa ogni consegna<\/li>\n<li><strong>Analisi della consegna<\/strong>: analizza le prestazioni di consegna della tua flotta con i report di fine giornata<\/li>\n<li><strong>API della piattaforma di routine:<\/strong> invia i tuoi ordini direttamente nella piattaforma con l&#8217;integrazione API<\/li>\n<li><strong>Integrazione Shopify<\/strong>: importa senza problemi gli ordini dal tuo Shopify Store direttamente nella soluzione.<\/li>\n<\/ul>\n<h4>LE RECENSIONI DEGLI UTENTI<\/h4>\n<p class=\"font-weight-bold mb-2\"><strong>Ruben A.&#8221;Ottima app e fantastica assistenza clienti&#8221;<\/strong><\/p>\n<p><span class=\"font-weight-bold\"><strong>Commenti<\/strong>: <\/span>Gestiamo una associazione di prodotti senza scopo di lucro e siamo stati sommersi dal primo blocco della pandemia. Routific ha concesso diversi mesi di utilizzo gratuito alle organizzazioni senza scopo di lucro che si occupavano di soccorsi in caso di pandemia ed \u00e8 stato un vero toccasana per noi. In passato utilizzavamo Google Maps, con molta carta stampata e inserimento manuale, e semplicemente non saremmo stati in grado di gestire il volume che abbiamo dovuto affrontare durante il blocco. L&#8217;assistenza clienti \u00e8 stata rapida, chiara e utile durante il test e l&#8217;implementazione. E si \u00e8 scoperto che i nostri volontari adorano l&#8217;app e che il percorso \u00e8 stato inviato al proprio telefono. Nella nostra rete di organizzazioni no profit, molti altri usano Routific e tutti lo adoriamo. Vedo che \u00e8 integrato anche con molte delle piattaforme farm-to-customer.<\/p>\n<p class=\"font-weight-bold mb-2\"><strong>Pro<\/strong>: Routific\u00a0\u00e8 una gioia da usare. Lo usiamo solo settimanalmente, quindi non siamo utenti esperti, ma Routific \u00e8 progettato con cura ed \u00e8 intuitivo con cui lavorare. La facilit\u00e0 di riordino delle fermate \u00e8 eccezionale e gli autisti adorano l&#8217;app del telefono, quindi possiamo inviare loro i percorsi.<\/p>\n<p class=\"font-weight-bold mb-2\"><strong>Contro<\/strong>:\u00a0A volte seleziono &#8220;Non mostrare pi\u00f9 questo messaggio&#8221; e lo mostra di nuovo, quindi faccio clic sulle caselle quando provo a lavorare. Non c&#8217;\u00e8 nulla di sostanzialmente fastidioso, hanno chiaramente lavorato duramente sul design.<\/p>\n<p class=\"font-weight-bold mb-2\"><strong>Ryan P.&#8221;Felice utente di Routific&#8221;<\/strong><\/p>\n<p><span class=\"font-weight-bold\"><strong>Commenti<\/strong>: <\/span>La gestione delle consegne sia all&#8217;ingrosso che B2C \u00e8 stata molto pi\u00f9 semplice con Routific rispetto ad altri prodotti che abbiamo utilizzato. Ci ha fatto risparmiare un sacco di tempo lo scorso anno quando i nostri servizi sono passati alla consegna a domicilio.<\/p>\n<p class=\"font-weight-bold mb-2\"><strong>Pro<\/strong>:\u00a0Veloce e facile da usare. Facile da integrare anche con l&#8217;automazione personalizzata di base.<\/p>\n<p class=\"font-weight-bold mb-2\"><strong>Contro<\/strong>:\u00a0Il prezzo potrebbe essere inferiore. La funzione mappa a volte seleziona percorsi che non hanno molto senso come strade secondarie, vicoli secondari, ecc.<\/p>\n<p class=\"font-weight-bold mb-2\"><strong>John C.&#8221;Ottima ottimizzazione e monitoraggio del percorso di consegna.&#8221;<\/strong><\/p>\n<p><span class=\"font-weight-bold\"><strong>Commenti<\/strong>: <\/span>Non vediamo l&#8217;ora di far crescere la nostra attivit\u00e0 di lavaggio a secco con Routific!<\/p>\n<p class=\"font-weight-bold mb-2\"><strong>Pro<\/strong>:\u00a0Molto facile da usare e ci fa risparmiare tempo e denaro ottimizzando le nostre consegne.<\/p>\n<p class=\"font-weight-bold mb-2\"><strong>Contro<\/strong>:\u00a0Vorrei vedere il monitoraggio del conducente sull&#8217;app mobile.<\/p>\n","protected":false},"excerpt":{"rendered":"<p>Routific \u00e8 una soluzione di pianificazione e ottimizzazione del percorso di consegna basata su cloud progettata per aiutare le piccole e medie imprese a massimizzare la capacit\u00e0 della propria flotta, risparmiare carburante e tenere traccia dei progressi del conducente in tempo reale. Il software include pianificazione del percorso automatizzata, mappe interattive, acquisizione di firme, integrazioni API, un&#8217;app web mobile per il conducente e altro ancora.\u00a0<\/p>\n","protected":false},"author":16,"featured_media":54869,"parent":54405,"menu_order":0,"comment_status":"open","ping_status":"closed","template":"g1_template_page_review_new.php","meta":{"_acf_changed":false,"cwp_meta_box_check":"No","cwp_rev_product_name":"","cwp_rev_product_image":"","wppr_links":[],"cwp_rev_price":"","wppr_options":[],"wppr_pros":[],"wppr_cons":[],"_monsterinsights_skip_tracking":false,"_monsterinsights_sitenote_active":false,"_monsterinsights_sitenote_note":"","_monsterinsights_sitenote_category":0,"footnotes":""},"categories":[12168],"tags":[12170,12171,12189,12174,12238,12172,12173],"features":[],"class_list":{"0":"post-54863","1":"page","2":"type-page","3":"status-publish","4":"has-post-thumbnail","6":"category-app-cibo-domicilio-cat","7":"tag-app-cibo-a-domicilio","8":"tag-cibo-a-domicilio","9":"tag-piattaforma-cibo-a-domicilio","10":"tag-programma-cibo-a-domicilio","11":"tag-routific","12":"tag-software-cibo-a-domicilio","13":"tag-soluzione-cibo-a-domicilio"},"wppr_data":{"cwp_meta_box_check":"No"},"acf":[],"yoast_head":"<!-- This site is optimized with the Yoast SEO plugin v27.4 - https:\/\/yoast.com\/product\/yoast-seo-wordpress\/ -->\n<title>Routific: recensione app cibo a domicilio - Accurate Reviews<\/title>\n<meta name=\"description\" content=\"Routific: recensione soluzione di ottimizzazione del percorso di consegna basata su cloud progettata per aiutare piccole e medie imprese.\" \/>\n<meta name=\"robots\" content=\"index, follow, max-snippet:-1, max-image-preview:large, max-video-preview:-1\" \/>\n<link rel=\"canonical\" href=\"https:\/\/www.accuratereviews.com\/it\/app-cibo-domicilio\/routific-recensione\/\" \/>\n<meta property=\"og:locale\" content=\"it_IT\" \/>\n<meta property=\"og:type\" content=\"article\" \/>\n<meta property=\"og:title\" content=\"Routific: recensione app cibo a domicilio - Accurate Reviews\" \/>\n<meta property=\"og:description\" content=\"Routific: recensione soluzione di ottimizzazione del percorso di consegna basata su cloud progettata per aiutare piccole e medie imprese.\" \/>\n<meta property=\"og:url\" content=\"https:\/\/www.accuratereviews.com\/it\/app-cibo-domicilio\/routific-recensione\/\" \/>\n<meta property=\"og:site_name\" content=\"Accurate Reviews\" \/>\n<meta property=\"og:image\" content=\"https:\/\/www.accuratereviews.com\/wp-content\/uploads\/2022\/03\/Routific-Logo.png\" \/>\n\t<meta property=\"og:image:width\" content=\"2738\" \/>\n\t<meta property=\"og:image:height\" content=\"762\" \/>\n\t<meta property=\"og:image:type\" content=\"image\/png\" \/>\n<meta name=\"twitter:card\" content=\"summary_large_image\" \/>\n<meta name=\"twitter:label1\" content=\"Tempo di lettura stimato\" \/>\n\t<meta name=\"twitter:data1\" content=\"4 minuti\" \/>\n<script type=\"application\/ld+json\" class=\"yoast-schema-graph\">{\"@context\":\"https:\\\/\\\/schema.org\",\"@graph\":[{\"@type\":\"WebPage\",\"@id\":\"https:\\\/\\\/www.accuratereviews.com\\\/it\\\/app-cibo-domicilio\\\/routific-recensione\\\/\",\"url\":\"https:\\\/\\\/www.accuratereviews.com\\\/it\\\/app-cibo-domicilio\\\/routific-recensione\\\/\",\"name\":\"Routific: recensione app cibo a domicilio - Accurate Reviews\",\"isPartOf\":{\"@id\":\"https:\\\/\\\/www.accuratereviews.com\\\/it\\\/#website\"},\"primaryImageOfPage\":{\"@id\":\"https:\\\/\\\/www.accuratereviews.com\\\/it\\\/app-cibo-domicilio\\\/routific-recensione\\\/#primaryimage\"},\"image\":{\"@id\":\"https:\\\/\\\/www.accuratereviews.com\\\/it\\\/app-cibo-domicilio\\\/routific-recensione\\\/#primaryimage\"},\"thumbnailUrl\":\"https:\\\/\\\/www.accuratereviews.com\\\/wp-content\\\/uploads\\\/2022\\\/03\\\/Routific-Logo.png\",\"datePublished\":\"2022-03-15T11:55:45+00:00\",\"description\":\"Routific: recensione soluzione di ottimizzazione del percorso di consegna basata su cloud progettata per aiutare piccole e medie imprese.\",\"breadcrumb\":{\"@id\":\"https:\\\/\\\/www.accuratereviews.com\\\/it\\\/app-cibo-domicilio\\\/routific-recensione\\\/#breadcrumb\"},\"inLanguage\":\"it-IT\",\"potentialAction\":[{\"@type\":\"ReadAction\",\"target\":[\"https:\\\/\\\/www.accuratereviews.com\\\/it\\\/app-cibo-domicilio\\\/routific-recensione\\\/\"]}]},{\"@type\":\"ImageObject\",\"inLanguage\":\"it-IT\",\"@id\":\"https:\\\/\\\/www.accuratereviews.com\\\/it\\\/app-cibo-domicilio\\\/routific-recensione\\\/#primaryimage\",\"url\":\"https:\\\/\\\/www.accuratereviews.com\\\/wp-content\\\/uploads\\\/2022\\\/03\\\/Routific-Logo.png\",\"contentUrl\":\"https:\\\/\\\/www.accuratereviews.com\\\/wp-content\\\/uploads\\\/2022\\\/03\\\/Routific-Logo.png\",\"width\":2738,\"height\":762},{\"@type\":\"BreadcrumbList\",\"@id\":\"https:\\\/\\\/www.accuratereviews.com\\\/it\\\/app-cibo-domicilio\\\/routific-recensione\\\/#breadcrumb\",\"itemListElement\":[{\"@type\":\"ListItem\",\"position\":1,\"name\":\"Home\",\"item\":\"https:\\\/\\\/www.accuratereviews.com\\\/it\\\/\"},{\"@type\":\"ListItem\",\"position\":2,\"name\":\"App per cibo a domicilio\",\"item\":\"https:\\\/\\\/www.accuratereviews.com\\\/it\\\/app-cibo-domicilio\\\/\"},{\"@type\":\"ListItem\",\"position\":3,\"name\":\"Routific\"}]},{\"@type\":\"WebSite\",\"@id\":\"https:\\\/\\\/www.accuratereviews.com\\\/it\\\/#website\",\"url\":\"https:\\\/\\\/www.accuratereviews.com\\\/it\\\/\",\"name\":\"Accurate Reviews\",\"description\":\"\",\"potentialAction\":[{\"@type\":\"SearchAction\",\"target\":{\"@type\":\"EntryPoint\",\"urlTemplate\":\"https:\\\/\\\/www.accuratereviews.com\\\/it\\\/?s={search_term_string}\"},\"query-input\":{\"@type\":\"PropertyValueSpecification\",\"valueRequired\":true,\"valueName\":\"search_term_string\"}}],\"inLanguage\":\"it-IT\"}]}<\/script>\n<!-- \/ Yoast SEO plugin. -->","yoast_head_json":{"title":"Routific: recensione app cibo a domicilio - Accurate Reviews","description":"Routific: recensione soluzione di ottimizzazione del percorso di consegna basata su cloud progettata per aiutare piccole e medie imprese.","robots":{"index":"index","follow":"follow","max-snippet":"max-snippet:-1","max-image-preview":"max-image-preview:large","max-video-preview":"max-video-preview:-1"},"canonical":"https:\/\/www.accuratereviews.com\/it\/app-cibo-domicilio\/routific-recensione\/","og_locale":"it_IT","og_type":"article","og_title":"Routific: recensione app cibo a domicilio - Accurate Reviews","og_description":"Routific: recensione soluzione di ottimizzazione del percorso di consegna basata su cloud progettata per aiutare piccole e medie imprese.","og_url":"https:\/\/www.accuratereviews.com\/it\/app-cibo-domicilio\/routific-recensione\/","og_site_name":"Accurate Reviews","og_image":[{"width":2738,"height":762,"url":"https:\/\/www.accuratereviews.com\/wp-content\/uploads\/2022\/03\/Routific-Logo.png","type":"image\/png"}],"twitter_card":"summary_large_image","twitter_misc":{"Tempo di lettura stimato":"4 minuti"},"schema":{"@context":"https:\/\/schema.org","@graph":[{"@type":"WebPage","@id":"https:\/\/www.accuratereviews.com\/it\/app-cibo-domicilio\/routific-recensione\/","url":"https:\/\/www.accuratereviews.com\/it\/app-cibo-domicilio\/routific-recensione\/","name":"Routific: recensione app cibo a domicilio - Accurate Reviews","isPartOf":{"@id":"https:\/\/www.accuratereviews.com\/it\/#website"},"primaryImageOfPage":{"@id":"https:\/\/www.accuratereviews.com\/it\/app-cibo-domicilio\/routific-recensione\/#primaryimage"},"image":{"@id":"https:\/\/www.accuratereviews.com\/it\/app-cibo-domicilio\/routific-recensione\/#primaryimage"},"thumbnailUrl":"https:\/\/www.accuratereviews.com\/wp-content\/uploads\/2022\/03\/Routific-Logo.png","datePublished":"2022-03-15T11:55:45+00:00","description":"Routific: recensione soluzione di ottimizzazione del percorso di consegna basata su cloud progettata per aiutare piccole e medie imprese.","breadcrumb":{"@id":"https:\/\/www.accuratereviews.com\/it\/app-cibo-domicilio\/routific-recensione\/#breadcrumb"},"inLanguage":"it-IT","potentialAction":[{"@type":"ReadAction","target":["https:\/\/www.accuratereviews.com\/it\/app-cibo-domicilio\/routific-recensione\/"]}]},{"@type":"ImageObject","inLanguage":"it-IT","@id":"https:\/\/www.accuratereviews.com\/it\/app-cibo-domicilio\/routific-recensione\/#primaryimage","url":"https:\/\/www.accuratereviews.com\/wp-content\/uploads\/2022\/03\/Routific-Logo.png","contentUrl":"https:\/\/www.accuratereviews.com\/wp-content\/uploads\/2022\/03\/Routific-Logo.png","width":2738,"height":762},{"@type":"BreadcrumbList","@id":"https:\/\/www.accuratereviews.com\/it\/app-cibo-domicilio\/routific-recensione\/#breadcrumb","itemListElement":[{"@type":"ListItem","position":1,"name":"Home","item":"https:\/\/www.accuratereviews.com\/it\/"},{"@type":"ListItem","position":2,"name":"App per cibo a domicilio","item":"https:\/\/www.accuratereviews.com\/it\/app-cibo-domicilio\/"},{"@type":"ListItem","position":3,"name":"Routific"}]},{"@type":"WebSite","@id":"https:\/\/www.accuratereviews.com\/it\/#website","url":"https:\/\/www.accuratereviews.com\/it\/","name":"Accurate Reviews","description":"","potentialAction":[{"@type":"SearchAction","target":{"@type":"EntryPoint","urlTemplate":"https:\/\/www.accuratereviews.com\/it\/?s={search_term_string}"},"query-input":{"@type":"PropertyValueSpecification","valueRequired":true,"valueName":"search_term_string"}}],"inLanguage":"it-IT"}]}},"_links":{"self":[{"href":"https:\/\/www.accuratereviews.com\/it\/wp-json\/wp\/v2\/pages\/54863","targetHints":{"allow":["GET"]}}],"collection":[{"href":"https:\/\/www.accuratereviews.com\/it\/wp-json\/wp\/v2\/pages"}],"about":[{"href":"https:\/\/www.accuratereviews.com\/it\/wp-json\/wp\/v2\/types\/page"}],"author":[{"embeddable":true,"href":"https:\/\/www.accuratereviews.com\/it\/wp-json\/wp\/v2\/users\/16"}],"replies":[{"embeddable":true,"href":"https:\/\/www.accuratereviews.com\/it\/wp-json\/wp\/v2\/comments?post=54863"}],"version-history":[{"count":10,"href":"https:\/\/www.accuratereviews.com\/it\/wp-json\/wp\/v2\/pages\/54863\/revisions"}],"predecessor-version":[{"id":54909,"href":"https:\/\/www.accuratereviews.com\/it\/wp-json\/wp\/v2\/pages\/54863\/revisions\/54909"}],"up":[{"embeddable":true,"href":"https:\/\/www.accuratereviews.com\/it\/wp-json\/wp\/v2\/pages\/54405"}],"wp:featuredmedia":[{"embeddable":true,"href":"https:\/\/www.accuratereviews.com\/it\/wp-json\/wp\/v2\/media\/54869"}],"wp:attachment":[{"href":"https:\/\/www.accuratereviews.com\/it\/wp-json\/wp\/v2\/media?parent=54863"}],"wp:term":[{"taxonomy":"category","embeddable":true,"href":"https:\/\/www.accuratereviews.com\/it\/wp-json\/wp\/v2\/categories?post=54863"},{"taxonomy":"post_tag","embeddable":true,"href":"https:\/\/www.accuratereviews.com\/it\/wp-json\/wp\/v2\/tags?post=54863"},{"taxonomy":"features","embeddable":true,"href":"https:\/\/www.accuratereviews.com\/it\/wp-json\/wp\/v2\/features?post=54863"}],"curies":[{"name":"wp","href":"https:\/\/api.w.org\/{rel}","templated":true}]}}