{"id":54875,"date":"2022-03-15T11:59:25","date_gmt":"2022-03-15T11:59:25","guid":{"rendered":"https:\/\/www.accuratereviews.com\/?page_id=54875"},"modified":"2022-03-15T11:59:25","modified_gmt":"2022-03-15T11:59:25","slug":"loginext-mile-recensione","status":"publish","type":"page","link":"https:\/\/www.accuratereviews.com\/it\/app-cibo-domicilio\/loginext-mile-recensione\/","title":{"rendered":"LogiNext Mile"},"content":{"rendered":"<p><strong>LogiNext Mile<\/strong> \u00e8 un <strong>software di logistica cloud<\/strong> e <strong>mobile<\/strong> che fornisce l&#8217;ottimizzazione automatizzata del percorso di consegna per le aziende che utilizzano la logistica a lungo raggio e inversa con la gestione della forza lavoro. La soluzione mira ad aiutare le organizzazioni a ridurre il numero di chilometri percorsi e le risorse necessarie per la gestione delle spedizioni dell&#8217;ultimo miglio. Il software\u00a0fornisce dati in tempo reale\u00a0per garantire che gli SLA (contratti di servizio) siano rispettati ogni volta. Il monitoraggio dell&#8217;ultimo miglio in tempo reale tramite un&#8217;interfaccia mappale pu\u00f2 essere condiviso tramite API di notifica push o collegamenti sicuri. Le funzionalit\u00e0 di prova di consegna includono il contrassegno (gestione contanti e carte) al punto vendita, firme, timestamp, coordinate geografiche e prova di consegna tramite foto.\u00a0La dashboard interattiva include linee di tendenza, mappe termiche e confronti SLA pianificati rispetto a quelli effettivi che consentono agli utenti di analizzare l&#8217;intera rete di consegna.<\/p>\n<h2>LOGINEXT MILE &#8211; TUTORIAL<\/h2>\n<p>Guardiamo come questa<strong> app per cibo a domicilio<\/strong> pu\u00f2 aiutarti nella gestione delle tue consegne:<\/p>\n<div id=\"fluid-wrapper-counter-1\" class=\"g1-fluid-wrapper \" style=\"width:686px;\">\n<div style=\"padding-bottom:56.268221574344%;\"><iframe loading=\"lazy\" title=\"LogiNext Mile | The Best Last Mile Delivery Management Software\" width=\"686\" height=\"386\" src=\"https:\/\/www.youtube.com\/embed\/39c5odOErtI?feature=oembed&amp;wmode=transparent&amp;autohide=1&amp;autoplay=0&amp;disablekb=0&amp;fs=1&amp;loop=0&amp;enablejsapi=1&amp;rel=0&amp;controls=2&amp;showinfo=0&amp;wmode=transparent&amp;autohide=2&amp;autoplay=0&amp;disablekb=0&amp;fs=1&amp;loop=0&amp;enablejsapi=1&amp;rel=0&amp;controls=2&amp;showinfo=1\" frameborder=\"0\" allow=\"accelerometer; autoplay; clipboard-write; encrypted-media; gyroscope; picture-in-picture\" allowfullscreen><\/iframe><\/div>\n<\/div>\n<h3>LOGINEXT MILE &#8211; CARATTERISTICHE<\/h3>\n<ul>\n<li><strong>Tracciatura in tempo reale<\/strong>: monitoraggio dell&#8217;ultimo miglio in tempo reale su un&#8217;interfaccia mappale, che pu\u00f2 essere condivisa tramite collegamenti sicuri o API di notifica push<\/li>\n<li><strong>Piattaforma agnostica hardware<\/strong>: l&#8217;app di consegna dell&#8217;ultimo miglio \u00e8 indipendente dall&#8217;hardware e ha un impatto trascurabile sulla durata della batteria<\/li>\n<li><strong>Pianificazione e ottimizzazione automatizzata<\/strong>: capacit\u00e0 delle risorse, pianificazione del percorso di consegna e software di ottimizzazione del percorso per tutti i modelli di distribuzione, inclusi algoritmi di prelievo singolo-consegna multipla e prelievo multiplo-consegna multipla<\/li>\n<li><strong>Calcolo della meta in tempo reale<\/strong>: indirizzamento\u00a0in tempo reale, ottimizzazione del percorso di consegna e ora di arrivo stimata (ETA) aggiornata in base al cambiamento delle condizioni<\/li>\n<li><strong>Prova di consegna<\/strong>: gestione contanti e carte (COD) presso il punto vendita, prova di consegna elettronica come foto, firma, timestamp e coordinate geografiche<\/li>\n<li><strong>Dashboard di pianificazione interattiva<\/strong>: dashboard\u00a0interattiva per analizzare l&#8217;intera rete di consegna utilizzando mappe di calore, linee di tendenza e confronti SLA pianificati rispetto a quelli effettivi<\/li>\n<li><strong>Routing dinamico<\/strong>: l&#8217;algoritmo considera vari parametri tra cui la capacit\u00e0 delle risorse, le posizioni dei clienti e le preferenze temporali, il traffico e le condizioni meteorologiche<\/li>\n<\/ul>\n<h4>LE RECENSIONI DEGLI UTENTI<\/h4>\n<p class=\"h5 font-weight-bold\"><strong>Johon D.&#8221;Il software di logistica pi\u00f9 completo&#8221;<\/strong><\/p>\n<p><span class=\"font-weight-bold\"><strong>Commenti<\/strong>: <\/span>Ottima piattaforma Saas.\u00a0Assistenza clienti di alto livello.\u00a0Gestione account dedicata e revisioni regolari.\u00a0Risoluzione rapida dei conflitti<\/p>\n<p class=\"font-weight-bold mb-2\"><strong>Pro<\/strong>:\u00a0Pianificazione e ottimizzazione del percorso Gestione delle consegne Piattaforma Agile Saas basata sul Web 99,9% di tempo di attivit\u00e0. Aggiornamenti regolari e gratuiti delle funzionalit\u00e0 Molto personalizzabile<\/p>\n<p class=\"font-weight-bold mb-2\"><strong>Contro<\/strong>:\u00a0Nessuna lamentela dal punto di vista della funzionalit\u00e0. L&#8217;interfaccia utente potrebbe utilizzare un lifting<\/p>\n<p class=\"font-weight-bold mb-2\"><strong>Ashwani G.&#8221;\u00c8 un&#8217;esperienza davvero meravigliosa con loginext&#8221;<\/strong><\/p>\n<p><span class=\"font-weight-bold\"><strong>Commenti<\/strong>: <\/span>Il software loginext \u00e8 un software fantastico che \u00e8 facile da usare e fornisce aggiornamenti in tempo reale sulla velocit\u00e0 dei veicoli. E con un solo clic siamo venuti a conoscenza di tutti i rapporti e di mis per tutto il mese e settimanalmente o quotidianamente secondo le nostre esigenze \u00e8 uno strumento completo meraviglioso che ci aiuta molto<\/p>\n<p class=\"font-weight-bold mb-2\"><strong>Pro<\/strong>:\u00a0Ci sono cos\u00ec tante cose che mi piacciono nel software, alcune delle quali sono user friendly, localizzatore di posizione pi\u00f9 veloce, aggiornamenti in tempo reale<\/p>\n<p class=\"font-weight-bold mb-2\"><strong>Contro<\/strong>:\u00a0Modalit\u00e0 ideale, nessuna zona di rete \u00e8 il 2 punto base che mi piace di meno. Il team dovrebbe lavorare sullo stesso in modo che questo errore venga sostituito in futuro.<\/p>\n<p class=\"font-weight-bold mb-2\"><strong>Adnan Y.&#8221;Soluzione logistica&#8221;<\/strong><\/p>\n<p><span class=\"font-weight-bold\"><strong>Commenti<\/strong>: <\/span>eravamo nel settore dell&#8217;e-commerce e abbiamo utilizzato questo software per effettuare consegne tempestive per i nostri clienti. La pianificazione del percorso \u00e8 stato un ottimo strumento che ci ha aiutato a consegnare tempestivamente i prodotti ai nostri clienti\u00a0alcuni altri vantaggi del software sono:\u00a0Riconciliazione di cassa giornaliera; tracciabilit\u00e0 del pacco; logistica inversa<\/p>\n<p class=\"font-weight-bold mb-2\"><strong>Pro<\/strong>:\u00a0pianificazione del percorso facile da usare non vivere mai un periodo di inattivit\u00e0 domanda di pilota riconciliazione di cassa Reportage quotidiano.<\/p>\n<p class=\"font-weight-bold mb-2\"><strong>Contro<\/strong>:\u00a0non ho riscontrato alcuna difficolt\u00e0 e abbiamo selezionato il software per la nostra azienda dopo aver rilanciato molti software logistici e abbiamo trovato questa una soluzione completa.<\/p>\n","protected":false},"excerpt":{"rendered":"<p>LogiNext Mile \u00e8 un software di logistica cloud e mobile che fornisce l&#8217;ottimizzazione automatizzata del percorso di consegna per le aziende che utilizzano la logistica a lungo raggio e inversa con la gestione della forza lavoro. La soluzione mira ad aiutare le organizzazioni a ridurre il numero di chilometri percorsi e le risorse necessarie per la gestione delle spedizioni dell&#8217;ultimo miglio.<\/p>\n","protected":false},"author":16,"featured_media":54876,"parent":54405,"menu_order":0,"comment_status":"open","ping_status":"closed","template":"g1_template_page_review_new.php","meta":{"_acf_changed":false,"cwp_meta_box_check":"No","cwp_rev_product_name":"","cwp_rev_product_image":"","wppr_links":[],"cwp_rev_price":"","wppr_options":[],"wppr_pros":[],"wppr_cons":[],"_monsterinsights_skip_tracking":false,"_monsterinsights_sitenote_active":false,"_monsterinsights_sitenote_note":"","_monsterinsights_sitenote_category":0,"footnotes":""},"categories":[12168],"tags":[12193,12171,12241,12212,12211,12210,12209],"features":[],"class_list":{"0":"post-54875","1":"page","2":"type-page","3":"status-publish","4":"has-post-thumbnail","6":"category-app-cibo-domicilio-cat","7":"tag-app-per-cibo-a-domicilio","8":"tag-cibo-a-domicilio","9":"tag-loginext-mile","10":"tag-piattaforma-per-cibo-a-domicilio","11":"tag-programma-per-cibo-a-domicilio","12":"tag-software-per-cibo-a-domicilio","13":"tag-soluzione-per-cibo-a-domicilio"},"wppr_data":{"cwp_meta_box_check":"No"},"acf":[],"yoast_head":"<!-- This site is optimized with the Yoast SEO plugin v27.4 - https:\/\/yoast.com\/product\/yoast-seo-wordpress\/ -->\n<title>LogiNext Mile: recensione app cibo a domicilio - Accurate Reviews<\/title>\n<meta name=\"description\" content=\"LogiNext Mile: recensione software di logistica cloud e mobile che fornisce l&#039;ottimizzazione automatizzata del percorso di consegna.\" \/>\n<meta name=\"robots\" content=\"index, follow, max-snippet:-1, max-image-preview:large, max-video-preview:-1\" \/>\n<link rel=\"canonical\" href=\"https:\/\/www.accuratereviews.com\/it\/app-cibo-domicilio\/loginext-mile-recensione\/\" \/>\n<meta property=\"og:locale\" content=\"it_IT\" \/>\n<meta property=\"og:type\" content=\"article\" \/>\n<meta property=\"og:title\" content=\"LogiNext Mile: recensione app cibo a domicilio - Accurate Reviews\" \/>\n<meta property=\"og:description\" content=\"LogiNext Mile: recensione software di logistica cloud e mobile che fornisce l&#039;ottimizzazione automatizzata del percorso di consegna.\" \/>\n<meta property=\"og:url\" content=\"https:\/\/www.accuratereviews.com\/it\/app-cibo-domicilio\/loginext-mile-recensione\/\" \/>\n<meta property=\"og:site_name\" content=\"Accurate Reviews\" \/>\n<meta property=\"og:image\" content=\"https:\/\/www.accuratereviews.com\/wp-content\/uploads\/2022\/03\/LogiNext-Mile.png\" \/>\n\t<meta property=\"og:image:width\" content=\"512\" \/>\n\t<meta property=\"og:image:height\" content=\"512\" \/>\n\t<meta property=\"og:image:type\" content=\"image\/png\" \/>\n<meta name=\"twitter:card\" content=\"summary_large_image\" \/>\n<meta name=\"twitter:label1\" content=\"Tempo di lettura stimato\" \/>\n\t<meta name=\"twitter:data1\" content=\"4 minuti\" \/>\n<script type=\"application\/ld+json\" class=\"yoast-schema-graph\">{\"@context\":\"https:\\\/\\\/schema.org\",\"@graph\":[{\"@type\":\"WebPage\",\"@id\":\"https:\\\/\\\/www.accuratereviews.com\\\/it\\\/app-cibo-domicilio\\\/loginext-mile-recensione\\\/\",\"url\":\"https:\\\/\\\/www.accuratereviews.com\\\/it\\\/app-cibo-domicilio\\\/loginext-mile-recensione\\\/\",\"name\":\"LogiNext Mile: recensione app cibo a domicilio - Accurate Reviews\",\"isPartOf\":{\"@id\":\"https:\\\/\\\/www.accuratereviews.com\\\/it\\\/#website\"},\"primaryImageOfPage\":{\"@id\":\"https:\\\/\\\/www.accuratereviews.com\\\/it\\\/app-cibo-domicilio\\\/loginext-mile-recensione\\\/#primaryimage\"},\"image\":{\"@id\":\"https:\\\/\\\/www.accuratereviews.com\\\/it\\\/app-cibo-domicilio\\\/loginext-mile-recensione\\\/#primaryimage\"},\"thumbnailUrl\":\"https:\\\/\\\/www.accuratereviews.com\\\/wp-content\\\/uploads\\\/2022\\\/03\\\/LogiNext-Mile.png\",\"datePublished\":\"2022-03-15T11:59:25+00:00\",\"description\":\"LogiNext Mile: recensione software di logistica cloud e mobile che fornisce l'ottimizzazione automatizzata del percorso di consegna.\",\"breadcrumb\":{\"@id\":\"https:\\\/\\\/www.accuratereviews.com\\\/it\\\/app-cibo-domicilio\\\/loginext-mile-recensione\\\/#breadcrumb\"},\"inLanguage\":\"it-IT\",\"potentialAction\":[{\"@type\":\"ReadAction\",\"target\":[\"https:\\\/\\\/www.accuratereviews.com\\\/it\\\/app-cibo-domicilio\\\/loginext-mile-recensione\\\/\"]}]},{\"@type\":\"ImageObject\",\"inLanguage\":\"it-IT\",\"@id\":\"https:\\\/\\\/www.accuratereviews.com\\\/it\\\/app-cibo-domicilio\\\/loginext-mile-recensione\\\/#primaryimage\",\"url\":\"https:\\\/\\\/www.accuratereviews.com\\\/wp-content\\\/uploads\\\/2022\\\/03\\\/LogiNext-Mile.png\",\"contentUrl\":\"https:\\\/\\\/www.accuratereviews.com\\\/wp-content\\\/uploads\\\/2022\\\/03\\\/LogiNext-Mile.png\",\"width\":512,\"height\":512},{\"@type\":\"BreadcrumbList\",\"@id\":\"https:\\\/\\\/www.accuratereviews.com\\\/it\\\/app-cibo-domicilio\\\/loginext-mile-recensione\\\/#breadcrumb\",\"itemListElement\":[{\"@type\":\"ListItem\",\"position\":1,\"name\":\"Home\",\"item\":\"https:\\\/\\\/www.accuratereviews.com\\\/it\\\/\"},{\"@type\":\"ListItem\",\"position\":2,\"name\":\"App per cibo a domicilio\",\"item\":\"https:\\\/\\\/www.accuratereviews.com\\\/it\\\/app-cibo-domicilio\\\/\"},{\"@type\":\"ListItem\",\"position\":3,\"name\":\"LogiNext Mile\"}]},{\"@type\":\"WebSite\",\"@id\":\"https:\\\/\\\/www.accuratereviews.com\\\/it\\\/#website\",\"url\":\"https:\\\/\\\/www.accuratereviews.com\\\/it\\\/\",\"name\":\"Accurate Reviews\",\"description\":\"\",\"potentialAction\":[{\"@type\":\"SearchAction\",\"target\":{\"@type\":\"EntryPoint\",\"urlTemplate\":\"https:\\\/\\\/www.accuratereviews.com\\\/it\\\/?s={search_term_string}\"},\"query-input\":{\"@type\":\"PropertyValueSpecification\",\"valueRequired\":true,\"valueName\":\"search_term_string\"}}],\"inLanguage\":\"it-IT\"}]}<\/script>\n<!-- \/ Yoast SEO plugin. -->","yoast_head_json":{"title":"LogiNext Mile: recensione app cibo a domicilio - Accurate Reviews","description":"LogiNext Mile: recensione software di logistica cloud e mobile che fornisce l'ottimizzazione automatizzata del percorso di consegna.","robots":{"index":"index","follow":"follow","max-snippet":"max-snippet:-1","max-image-preview":"max-image-preview:large","max-video-preview":"max-video-preview:-1"},"canonical":"https:\/\/www.accuratereviews.com\/it\/app-cibo-domicilio\/loginext-mile-recensione\/","og_locale":"it_IT","og_type":"article","og_title":"LogiNext Mile: recensione app cibo a domicilio - Accurate Reviews","og_description":"LogiNext Mile: recensione software di logistica cloud e mobile che fornisce l'ottimizzazione automatizzata del percorso di consegna.","og_url":"https:\/\/www.accuratereviews.com\/it\/app-cibo-domicilio\/loginext-mile-recensione\/","og_site_name":"Accurate Reviews","og_image":[{"width":512,"height":512,"url":"https:\/\/www.accuratereviews.com\/wp-content\/uploads\/2022\/03\/LogiNext-Mile.png","type":"image\/png"}],"twitter_card":"summary_large_image","twitter_misc":{"Tempo di lettura stimato":"4 minuti"},"schema":{"@context":"https:\/\/schema.org","@graph":[{"@type":"WebPage","@id":"https:\/\/www.accuratereviews.com\/it\/app-cibo-domicilio\/loginext-mile-recensione\/","url":"https:\/\/www.accuratereviews.com\/it\/app-cibo-domicilio\/loginext-mile-recensione\/","name":"LogiNext Mile: recensione app cibo a domicilio - Accurate Reviews","isPartOf":{"@id":"https:\/\/www.accuratereviews.com\/it\/#website"},"primaryImageOfPage":{"@id":"https:\/\/www.accuratereviews.com\/it\/app-cibo-domicilio\/loginext-mile-recensione\/#primaryimage"},"image":{"@id":"https:\/\/www.accuratereviews.com\/it\/app-cibo-domicilio\/loginext-mile-recensione\/#primaryimage"},"thumbnailUrl":"https:\/\/www.accuratereviews.com\/wp-content\/uploads\/2022\/03\/LogiNext-Mile.png","datePublished":"2022-03-15T11:59:25+00:00","description":"LogiNext Mile: recensione software di logistica cloud e mobile che fornisce l'ottimizzazione automatizzata del percorso di consegna.","breadcrumb":{"@id":"https:\/\/www.accuratereviews.com\/it\/app-cibo-domicilio\/loginext-mile-recensione\/#breadcrumb"},"inLanguage":"it-IT","potentialAction":[{"@type":"ReadAction","target":["https:\/\/www.accuratereviews.com\/it\/app-cibo-domicilio\/loginext-mile-recensione\/"]}]},{"@type":"ImageObject","inLanguage":"it-IT","@id":"https:\/\/www.accuratereviews.com\/it\/app-cibo-domicilio\/loginext-mile-recensione\/#primaryimage","url":"https:\/\/www.accuratereviews.com\/wp-content\/uploads\/2022\/03\/LogiNext-Mile.png","contentUrl":"https:\/\/www.accuratereviews.com\/wp-content\/uploads\/2022\/03\/LogiNext-Mile.png","width":512,"height":512},{"@type":"BreadcrumbList","@id":"https:\/\/www.accuratereviews.com\/it\/app-cibo-domicilio\/loginext-mile-recensione\/#breadcrumb","itemListElement":[{"@type":"ListItem","position":1,"name":"Home","item":"https:\/\/www.accuratereviews.com\/it\/"},{"@type":"ListItem","position":2,"name":"App per cibo a domicilio","item":"https:\/\/www.accuratereviews.com\/it\/app-cibo-domicilio\/"},{"@type":"ListItem","position":3,"name":"LogiNext Mile"}]},{"@type":"WebSite","@id":"https:\/\/www.accuratereviews.com\/it\/#website","url":"https:\/\/www.accuratereviews.com\/it\/","name":"Accurate Reviews","description":"","potentialAction":[{"@type":"SearchAction","target":{"@type":"EntryPoint","urlTemplate":"https:\/\/www.accuratereviews.com\/it\/?s={search_term_string}"},"query-input":{"@type":"PropertyValueSpecification","valueRequired":true,"valueName":"search_term_string"}}],"inLanguage":"it-IT"}]}},"_links":{"self":[{"href":"https:\/\/www.accuratereviews.com\/it\/wp-json\/wp\/v2\/pages\/54875","targetHints":{"allow":["GET"]}}],"collection":[{"href":"https:\/\/www.accuratereviews.com\/it\/wp-json\/wp\/v2\/pages"}],"about":[{"href":"https:\/\/www.accuratereviews.com\/it\/wp-json\/wp\/v2\/types\/page"}],"author":[{"embeddable":true,"href":"https:\/\/www.accuratereviews.com\/it\/wp-json\/wp\/v2\/users\/16"}],"replies":[{"embeddable":true,"href":"https:\/\/www.accuratereviews.com\/it\/wp-json\/wp\/v2\/comments?post=54875"}],"version-history":[{"count":6,"href":"https:\/\/www.accuratereviews.com\/it\/wp-json\/wp\/v2\/pages\/54875\/revisions"}],"predecessor-version":[{"id":54911,"href":"https:\/\/www.accuratereviews.com\/it\/wp-json\/wp\/v2\/pages\/54875\/revisions\/54911"}],"up":[{"embeddable":true,"href":"https:\/\/www.accuratereviews.com\/it\/wp-json\/wp\/v2\/pages\/54405"}],"wp:featuredmedia":[{"embeddable":true,"href":"https:\/\/www.accuratereviews.com\/it\/wp-json\/wp\/v2\/media\/54876"}],"wp:attachment":[{"href":"https:\/\/www.accuratereviews.com\/it\/wp-json\/wp\/v2\/media?parent=54875"}],"wp:term":[{"taxonomy":"category","embeddable":true,"href":"https:\/\/www.accuratereviews.com\/it\/wp-json\/wp\/v2\/categories?post=54875"},{"taxonomy":"post_tag","embeddable":true,"href":"https:\/\/www.accuratereviews.com\/it\/wp-json\/wp\/v2\/tags?post=54875"},{"taxonomy":"features","embeddable":true,"href":"https:\/\/www.accuratereviews.com\/it\/wp-json\/wp\/v2\/features?post=54875"}],"curies":[{"name":"wp","href":"https:\/\/api.w.org\/{rel}","templated":true}]}}