{"id":54918,"date":"2022-03-16T11:55:57","date_gmt":"2022-03-16T11:55:57","guid":{"rendered":"https:\/\/www.accuratereviews.com\/?page_id=54918"},"modified":"2022-03-16T11:55:57","modified_gmt":"2022-03-16T11:55:57","slug":"marketman-recensione","status":"publish","type":"page","link":"https:\/\/www.accuratereviews.com\/it\/app-cibo-domicilio\/marketman-recensione\/","title":{"rendered":"Marketman"},"content":{"rendered":"<p><strong>Marketman<\/strong> \u00e8 un&#8217;<strong>app per cibo a domicilio<\/strong> che offre a bar, ristoranti, catene e locali di ristorazione una gestione dell&#8217;inventario e degli acquisti semplificata che si concentra sull&#8217;ottimizzazione dell&#8217;approvvigionamento, della consegna e della contabilit\u00e0. \u00c8 basato su cloud, non richiede nessuna installazione ma solo una configurazione semplice e veloce ed \u00e8 accessibile in qualsiasi momento e da qualsiasi dispositivo: PC, tablet e smartphone.<br \/>\nCon questo\u00a0<strong>sistema completo di gestione del ristorante<\/strong>,\u00a0potrai tracciare il costo delle merci vendute, esaminare la storia di acquisti, tenere sotto controllo l&#8217;inventario ed eliminare gli sprechi.<\/p>\n<h2>MARKETMAN &#8211; TUTORIAL<\/h2>\n<div id=\"fluid-wrapper-counter-1\" class=\"g1-fluid-wrapper \" style=\"width:686px;\">\n<div style=\"padding-bottom:56.268221574344%;\"><iframe loading=\"lazy\" title=\"MarketMan restaurant inventory management intro\" width=\"686\" height=\"386\" src=\"https:\/\/www.youtube.com\/embed\/uFwPz8GwegM?feature=oembed&amp;wmode=transparent&amp;autohide=1&amp;autoplay=0&amp;disablekb=0&amp;fs=1&amp;loop=0&amp;enablejsapi=1&amp;rel=0&amp;controls=2&amp;showinfo=0&amp;wmode=transparent&amp;autohide=2&amp;autoplay=0&amp;disablekb=0&amp;fs=1&amp;loop=0&amp;enablejsapi=1&amp;rel=0&amp;controls=2&amp;showinfo=1\" frameborder=\"0\" allow=\"accelerometer; autoplay; clipboard-write; encrypted-media; gyroscope; picture-in-picture\" allowfullscreen><\/iframe><\/div>\n<\/div>\n<h3>MARKETMAN &#8211; CARATTERISTICHE<\/h3>\n<ul>\n<li><strong>Gestione dei costi del cibo<\/strong>: pianifica e metti in preventivo le voci di menu, gli ingredienti e la preparazione<\/li>\n<li><strong>Controllo dell&#8217;inventario del ristorante<\/strong>: conosci la quantit\u00e0 e il valore dell&#8217;inventario in tempo reale, la capacit\u00e0 di effettuare conteggi dell&#8217;inventario su un dispositivo mobile e di tracciare facilmente sprechi e furti<\/li>\n<li><strong>Ottimizzazione dei processi di ordinazione dell&#8217;inventario<\/strong>: imposta gli ordini suggeriti dal sistema e invia ordini di acquisto digitali<\/li>\n<li><strong>Avvisi e rapporti<\/strong>: ricevi avvisi di inventario LW, rapporti sulla redditivit\u00e0 e l&#8217;utilizzo e visualizzazioni e notifiche in tempo reale del dashboard<\/li>\n<li><strong>Automazione della contabilit\u00e0 del ristorante<\/strong>: accedi alla scansione delle fatture tramite app mobile, automatizzazione dell&#8217;inventario in entrata, aggiornamento di quantit\u00e0 e prezzi e sincronizzazione<\/li>\n<li><strong>Risparmio di tempo e riduzione degli errori<\/strong>: automatizza l&#8217;ordine dell&#8217;inventario dai tuoi attuali fornitori, elimina le telefonate, le e-mail e l&#8217;inserimento manuale dei dati e fai gli ordini usando il tuo PC o il tuo dispositivo mobile<\/li>\n<li><strong>Delega facilmente<\/strong>: lascia che i tuoi responsabili di reparto effettuino gli ordini con piena trasparenza, gestisci gli utenti e le autorizzazioni e previeni le frodi<\/li>\n<li><strong>Gestione del budget del tuo ristorante<\/strong>: imposta budget e limiti di acquisto e scopri quanto stai spendendo in tempo reale<\/li>\n<li><strong>Gestione dei fornitori<\/strong>: imposta i giorni di consegna, i tempi di chiusura, ricevi promemoria degli ordini, traccia gli short, i sub, i crediti, le irregolarit\u00e0 di fatturazione e assicurati che gli ordini siano effettuati con fornitori autorizzati.<\/li>\n<\/ul>\n<h4>LE RECENSIONI DEGLI UTENTI<\/h4>\n<p><strong>Josphat B. &#8220;Rapporto qualit\u00e0-prezzo&#8221;<\/strong><br \/>\nCOMMENTI: abbiamo problemi quando le scorte o le vendite non si sincronizzano correttamente o in tempo<br \/>\nPRO: questo software \u00e8 veloce e facile da usare e non \u00e8 pesante su nessun PC<br \/>\nCONTRO: l&#8217;unione delle vendite e dello stock con la velocit\u00e0 della luce non \u00e8 sempre precisa, forse la sua programmazione da parte nostra.<\/p>\n<p><strong>Tracy H. &#8220;Ottimo software&#8221;<\/strong><br \/>\nPRO: come l&#8217;inventario pu\u00f2 essere impostato. Le aree di stoccaggio aiutano molto nel caso in cui debba fermarmi per finire pi\u00f9 tardi. Sembra essere ben pensato<br \/>\nCONTRO: non sono sicuro. all&#8217;inizio c&#8217;\u00e8 voluto un po&#8217; per abituarsi, ma in breve tempo ho capito come funziona, a volte con l&#8217;aiuto del supporto, che \u00e8 sempre stato molto disponibile.<\/p>\n<p><strong>Erik D. &#8220;Tecnologia attenta ma difettosa&#8221;<\/strong><br \/>\nPRO: costi alimentari accurati. Capacit\u00e0 di riconciliare le fatture. Possibilit\u00e0 di ordinare attraverso il software. Funziona in tutta la mia azienda.<br \/>\nCONTRO: il software non sempre importare in quickbooks. Ci \u00e8 voluta una vita per far funzionare correttamente il nostro conto Sysco. Il rapporto COGS dovrebbe avere una vista istantanea.<\/p>\n","protected":false},"excerpt":{"rendered":"<p>Marketman \u00e8 un&#8217;app per cibo a domicilio che offre a bar, ristoranti, catene e locali di ristorazione una gestione dell&#8217;inventario e degli acquisti semplificata che si concentra sull&#8217;ottimizzazione dell&#8217;approvvigionamento, della consegna e della contabilit\u00e0. \u00c8 basato su cloud, non richiede nessuna installazione ma solo una configurazione semplice e veloce ed \u00e8 accessibile in qualsiasi momento e da qualsiasi dispositivo: PC, tablet e smartphone.<\/p>\n","protected":false},"author":17,"featured_media":54919,"parent":54405,"menu_order":0,"comment_status":"open","ping_status":"closed","template":"g1_template_page_review_new.php","meta":{"_acf_changed":false,"cwp_meta_box_check":"No","cwp_rev_product_name":"","cwp_rev_product_image":"","wppr_links":[],"cwp_rev_price":"","wppr_options":[],"wppr_pros":[],"wppr_cons":[],"_monsterinsights_skip_tracking":false,"_monsterinsights_sitenote_active":false,"_monsterinsights_sitenote_note":"","_monsterinsights_sitenote_category":0,"footnotes":""},"categories":[12168],"tags":[12170,12171,12189,12210,12209],"features":[],"class_list":{"0":"post-54918","1":"page","2":"type-page","3":"status-publish","4":"has-post-thumbnail","6":"category-app-cibo-domicilio-cat","7":"tag-app-cibo-a-domicilio","8":"tag-cibo-a-domicilio","9":"tag-piattaforma-cibo-a-domicilio","10":"tag-software-per-cibo-a-domicilio","11":"tag-soluzione-per-cibo-a-domicilio"},"wppr_data":{"cwp_meta_box_check":"No"},"acf":[],"yoast_head":"<!-- This site is optimized with the Yoast SEO plugin v27.4 - https:\/\/yoast.com\/product\/yoast-seo-wordpress\/ -->\n<title>Marketman: recensione app cibo domicilio - Accurate Reviews<\/title>\n<meta name=\"description\" content=\"Marketma: recensione dell&#039;app per cibo a domicilio che semplifica le operazioni di bar, ristoranti, catene e locali di ristorazione.\" \/>\n<meta name=\"robots\" content=\"index, follow, max-snippet:-1, max-image-preview:large, max-video-preview:-1\" \/>\n<link rel=\"canonical\" href=\"https:\/\/www.accuratereviews.com\/it\/app-cibo-domicilio\/marketman-recensione\/\" \/>\n<meta property=\"og:locale\" content=\"it_IT\" \/>\n<meta property=\"og:type\" content=\"article\" \/>\n<meta property=\"og:title\" content=\"Marketman: recensione app cibo domicilio - Accurate Reviews\" \/>\n<meta property=\"og:description\" content=\"Marketma: recensione dell&#039;app per cibo a domicilio che semplifica le operazioni di bar, ristoranti, catene e locali di ristorazione.\" \/>\n<meta property=\"og:url\" content=\"https:\/\/www.accuratereviews.com\/it\/app-cibo-domicilio\/marketman-recensione\/\" \/>\n<meta property=\"og:site_name\" content=\"Accurate Reviews\" \/>\n<meta property=\"og:image\" content=\"https:\/\/www.accuratereviews.com\/wp-content\/uploads\/2022\/03\/mm_logo_1024x500.png\" \/>\n\t<meta property=\"og:image:width\" content=\"860\" \/>\n\t<meta property=\"og:image:height\" content=\"420\" \/>\n\t<meta property=\"og:image:type\" content=\"image\/png\" \/>\n<meta name=\"twitter:card\" content=\"summary_large_image\" \/>\n<meta name=\"twitter:label1\" content=\"Tempo di lettura stimato\" \/>\n\t<meta name=\"twitter:data1\" content=\"3 minuti\" \/>\n<script type=\"application\/ld+json\" class=\"yoast-schema-graph\">{\"@context\":\"https:\\\/\\\/schema.org\",\"@graph\":[{\"@type\":\"WebPage\",\"@id\":\"https:\\\/\\\/www.accuratereviews.com\\\/it\\\/app-cibo-domicilio\\\/marketman-recensione\\\/\",\"url\":\"https:\\\/\\\/www.accuratereviews.com\\\/it\\\/app-cibo-domicilio\\\/marketman-recensione\\\/\",\"name\":\"Marketman: recensione app cibo domicilio - Accurate Reviews\",\"isPartOf\":{\"@id\":\"https:\\\/\\\/www.accuratereviews.com\\\/it\\\/#website\"},\"primaryImageOfPage\":{\"@id\":\"https:\\\/\\\/www.accuratereviews.com\\\/it\\\/app-cibo-domicilio\\\/marketman-recensione\\\/#primaryimage\"},\"image\":{\"@id\":\"https:\\\/\\\/www.accuratereviews.com\\\/it\\\/app-cibo-domicilio\\\/marketman-recensione\\\/#primaryimage\"},\"thumbnailUrl\":\"https:\\\/\\\/www.accuratereviews.com\\\/wp-content\\\/uploads\\\/2022\\\/03\\\/mm_logo_1024x500.png\",\"datePublished\":\"2022-03-16T11:55:57+00:00\",\"description\":\"Marketma: recensione dell'app per cibo a domicilio che semplifica le operazioni di bar, ristoranti, catene e locali di ristorazione.\",\"breadcrumb\":{\"@id\":\"https:\\\/\\\/www.accuratereviews.com\\\/it\\\/app-cibo-domicilio\\\/marketman-recensione\\\/#breadcrumb\"},\"inLanguage\":\"it-IT\",\"potentialAction\":[{\"@type\":\"ReadAction\",\"target\":[\"https:\\\/\\\/www.accuratereviews.com\\\/it\\\/app-cibo-domicilio\\\/marketman-recensione\\\/\"]}]},{\"@type\":\"ImageObject\",\"inLanguage\":\"it-IT\",\"@id\":\"https:\\\/\\\/www.accuratereviews.com\\\/it\\\/app-cibo-domicilio\\\/marketman-recensione\\\/#primaryimage\",\"url\":\"https:\\\/\\\/www.accuratereviews.com\\\/wp-content\\\/uploads\\\/2022\\\/03\\\/mm_logo_1024x500.png\",\"contentUrl\":\"https:\\\/\\\/www.accuratereviews.com\\\/wp-content\\\/uploads\\\/2022\\\/03\\\/mm_logo_1024x500.png\",\"width\":860,\"height\":420},{\"@type\":\"BreadcrumbList\",\"@id\":\"https:\\\/\\\/www.accuratereviews.com\\\/it\\\/app-cibo-domicilio\\\/marketman-recensione\\\/#breadcrumb\",\"itemListElement\":[{\"@type\":\"ListItem\",\"position\":1,\"name\":\"Home\",\"item\":\"https:\\\/\\\/www.accuratereviews.com\\\/it\\\/\"},{\"@type\":\"ListItem\",\"position\":2,\"name\":\"App per cibo a domicilio\",\"item\":\"https:\\\/\\\/www.accuratereviews.com\\\/it\\\/app-cibo-domicilio\\\/\"},{\"@type\":\"ListItem\",\"position\":3,\"name\":\"Marketman\"}]},{\"@type\":\"WebSite\",\"@id\":\"https:\\\/\\\/www.accuratereviews.com\\\/it\\\/#website\",\"url\":\"https:\\\/\\\/www.accuratereviews.com\\\/it\\\/\",\"name\":\"Accurate Reviews\",\"description\":\"\",\"potentialAction\":[{\"@type\":\"SearchAction\",\"target\":{\"@type\":\"EntryPoint\",\"urlTemplate\":\"https:\\\/\\\/www.accuratereviews.com\\\/it\\\/?s={search_term_string}\"},\"query-input\":{\"@type\":\"PropertyValueSpecification\",\"valueRequired\":true,\"valueName\":\"search_term_string\"}}],\"inLanguage\":\"it-IT\"}]}<\/script>\n<!-- \/ Yoast SEO plugin. -->","yoast_head_json":{"title":"Marketman: recensione app cibo domicilio - Accurate Reviews","description":"Marketma: recensione dell'app per cibo a domicilio che semplifica le operazioni di bar, ristoranti, catene e locali di ristorazione.","robots":{"index":"index","follow":"follow","max-snippet":"max-snippet:-1","max-image-preview":"max-image-preview:large","max-video-preview":"max-video-preview:-1"},"canonical":"https:\/\/www.accuratereviews.com\/it\/app-cibo-domicilio\/marketman-recensione\/","og_locale":"it_IT","og_type":"article","og_title":"Marketman: recensione app cibo domicilio - Accurate Reviews","og_description":"Marketma: recensione dell'app per cibo a domicilio che semplifica le operazioni di bar, ristoranti, catene e locali di ristorazione.","og_url":"https:\/\/www.accuratereviews.com\/it\/app-cibo-domicilio\/marketman-recensione\/","og_site_name":"Accurate Reviews","og_image":[{"width":860,"height":420,"url":"https:\/\/www.accuratereviews.com\/wp-content\/uploads\/2022\/03\/mm_logo_1024x500.png","type":"image\/png"}],"twitter_card":"summary_large_image","twitter_misc":{"Tempo di lettura stimato":"3 minuti"},"schema":{"@context":"https:\/\/schema.org","@graph":[{"@type":"WebPage","@id":"https:\/\/www.accuratereviews.com\/it\/app-cibo-domicilio\/marketman-recensione\/","url":"https:\/\/www.accuratereviews.com\/it\/app-cibo-domicilio\/marketman-recensione\/","name":"Marketman: recensione app cibo domicilio - Accurate Reviews","isPartOf":{"@id":"https:\/\/www.accuratereviews.com\/it\/#website"},"primaryImageOfPage":{"@id":"https:\/\/www.accuratereviews.com\/it\/app-cibo-domicilio\/marketman-recensione\/#primaryimage"},"image":{"@id":"https:\/\/www.accuratereviews.com\/it\/app-cibo-domicilio\/marketman-recensione\/#primaryimage"},"thumbnailUrl":"https:\/\/www.accuratereviews.com\/wp-content\/uploads\/2022\/03\/mm_logo_1024x500.png","datePublished":"2022-03-16T11:55:57+00:00","description":"Marketma: recensione dell'app per cibo a domicilio che semplifica le operazioni di bar, ristoranti, catene e locali di ristorazione.","breadcrumb":{"@id":"https:\/\/www.accuratereviews.com\/it\/app-cibo-domicilio\/marketman-recensione\/#breadcrumb"},"inLanguage":"it-IT","potentialAction":[{"@type":"ReadAction","target":["https:\/\/www.accuratereviews.com\/it\/app-cibo-domicilio\/marketman-recensione\/"]}]},{"@type":"ImageObject","inLanguage":"it-IT","@id":"https:\/\/www.accuratereviews.com\/it\/app-cibo-domicilio\/marketman-recensione\/#primaryimage","url":"https:\/\/www.accuratereviews.com\/wp-content\/uploads\/2022\/03\/mm_logo_1024x500.png","contentUrl":"https:\/\/www.accuratereviews.com\/wp-content\/uploads\/2022\/03\/mm_logo_1024x500.png","width":860,"height":420},{"@type":"BreadcrumbList","@id":"https:\/\/www.accuratereviews.com\/it\/app-cibo-domicilio\/marketman-recensione\/#breadcrumb","itemListElement":[{"@type":"ListItem","position":1,"name":"Home","item":"https:\/\/www.accuratereviews.com\/it\/"},{"@type":"ListItem","position":2,"name":"App per cibo a domicilio","item":"https:\/\/www.accuratereviews.com\/it\/app-cibo-domicilio\/"},{"@type":"ListItem","position":3,"name":"Marketman"}]},{"@type":"WebSite","@id":"https:\/\/www.accuratereviews.com\/it\/#website","url":"https:\/\/www.accuratereviews.com\/it\/","name":"Accurate Reviews","description":"","potentialAction":[{"@type":"SearchAction","target":{"@type":"EntryPoint","urlTemplate":"https:\/\/www.accuratereviews.com\/it\/?s={search_term_string}"},"query-input":{"@type":"PropertyValueSpecification","valueRequired":true,"valueName":"search_term_string"}}],"inLanguage":"it-IT"}]}},"_links":{"self":[{"href":"https:\/\/www.accuratereviews.com\/it\/wp-json\/wp\/v2\/pages\/54918","targetHints":{"allow":["GET"]}}],"collection":[{"href":"https:\/\/www.accuratereviews.com\/it\/wp-json\/wp\/v2\/pages"}],"about":[{"href":"https:\/\/www.accuratereviews.com\/it\/wp-json\/wp\/v2\/types\/page"}],"author":[{"embeddable":true,"href":"https:\/\/www.accuratereviews.com\/it\/wp-json\/wp\/v2\/users\/17"}],"replies":[{"embeddable":true,"href":"https:\/\/www.accuratereviews.com\/it\/wp-json\/wp\/v2\/comments?post=54918"}],"version-history":[{"count":4,"href":"https:\/\/www.accuratereviews.com\/it\/wp-json\/wp\/v2\/pages\/54918\/revisions"}],"predecessor-version":[{"id":54956,"href":"https:\/\/www.accuratereviews.com\/it\/wp-json\/wp\/v2\/pages\/54918\/revisions\/54956"}],"up":[{"embeddable":true,"href":"https:\/\/www.accuratereviews.com\/it\/wp-json\/wp\/v2\/pages\/54405"}],"wp:featuredmedia":[{"embeddable":true,"href":"https:\/\/www.accuratereviews.com\/it\/wp-json\/wp\/v2\/media\/54919"}],"wp:attachment":[{"href":"https:\/\/www.accuratereviews.com\/it\/wp-json\/wp\/v2\/media?parent=54918"}],"wp:term":[{"taxonomy":"category","embeddable":true,"href":"https:\/\/www.accuratereviews.com\/it\/wp-json\/wp\/v2\/categories?post=54918"},{"taxonomy":"post_tag","embeddable":true,"href":"https:\/\/www.accuratereviews.com\/it\/wp-json\/wp\/v2\/tags?post=54918"},{"taxonomy":"features","embeddable":true,"href":"https:\/\/www.accuratereviews.com\/it\/wp-json\/wp\/v2\/features?post=54918"}],"curies":[{"name":"wp","href":"https:\/\/api.w.org\/{rel}","templated":true}]}}