{"id":54929,"date":"2022-03-16T11:43:23","date_gmt":"2022-03-16T11:43:23","guid":{"rendered":"https:\/\/www.accuratereviews.com\/?page_id=54929"},"modified":"2022-03-16T11:43:23","modified_gmt":"2022-03-16T11:43:23","slug":"ncr-aloha-recensione","status":"publish","type":"page","link":"https:\/\/www.accuratereviews.com\/it\/app-cibo-domicilio\/ncr-aloha-recensione\/","title":{"rendered":"NCR Aloha"},"content":{"rendered":"<p><strong>NCR Aloha<\/strong> \u00e8 una <strong>piattaforma di gestione dei ristoranti<\/strong> basata su <strong>cloud<\/strong> che fornisce tutto ci\u00f2 di cui un marchio ha bisogno per gestire un locale, tutto integrato e preimpostato. Consente al ristoratore di creare esperienze straordinarie (e unificate) per gli ospiti, ovunque inizino o finiscano, estendendo la loro presenza all&#8217;ecommerce, al ritiro sul marciapiede, alla consegna e ai dispositivi mobili dei consumatori. La soluzione offre facilit\u00e0 d&#8217;uso e un&#8217;esperienza utente coerente in tutti i ristoranti, il che si traduce in tempi e spese di formazione ridotti.\u00a0Inoltre, i marchi di ristoranti possono iniziare a utilizzare <strong>Aloha<\/strong> come un unico sito e la piattaforma cresce con la loro attivit\u00e0 senza la necessit\u00e0 di sostituire la loro tecnologia una volta che l&#8217;attivit\u00e0 cresca.\u00a0Ulteriori funzionalit\u00e0 della piattaforma includono ristorazione contactless, fidelizzazione, carte regalo, gestione di consegne e asporto, pagamenti EMV e integrazioni con oltre 200 partner di soluzioni.<\/p>\n<h2>NCR ALOHA &#8211; TUTORIAL<\/h2>\n<p>Guardiamo il tutorial per vedere come utilizzare questa <strong>app per cibo a domicilio<\/strong>:<\/p>\n<div id=\"fluid-wrapper-counter-1\" class=\"g1-fluid-wrapper \" style=\"width:686px;\">\n<div style=\"padding-bottom:56.268221574344%;\"><iframe loading=\"lazy\" title=\"Aloha Kitchen  - Training\" width=\"686\" height=\"386\" src=\"https:\/\/www.youtube.com\/embed\/ao-AESVRAEQ?feature=oembed&amp;wmode=transparent&amp;autohide=1&amp;autoplay=0&amp;disablekb=0&amp;fs=1&amp;loop=0&amp;enablejsapi=1&amp;rel=0&amp;controls=2&amp;showinfo=0&amp;wmode=transparent&amp;autohide=2&amp;autoplay=0&amp;disablekb=0&amp;fs=1&amp;loop=0&amp;enablejsapi=1&amp;rel=0&amp;controls=2&amp;showinfo=1\" frameborder=\"0\" allow=\"accelerometer; autoplay; clipboard-write; encrypted-media; gyroscope; picture-in-picture\" allowfullscreen><\/iframe><\/div>\n<\/div>\n<h3>NCR ALOHA &#8211; CARATTERISTICHE<\/h3>\n<ul>\n<li><strong>Ordinazione digitale<\/strong>: crea un canale di ordinazione online digitale per proteggere i tuoi profitti e gestire la tua esperienza di ospite online. Una soluzione di ordinazione digitale per ristoranti che consente ai consumatori di ordinare direttamente da te<\/li>\n<li><strong>Marketing dei clienti<\/strong>: identifica, comprendi e coinvolgi i tuoi clienti pi\u00f9 preziosi con le soluzioni di marketing e fidelizzazione<\/li>\n<li><strong>Pagamento senza contatto<\/strong>: offri ai tuoi ospiti un modo interattivo per pagare i pasti con la soluzione contactless. Soluzioni di pagamento basate su QR code e sms per il ritiro a bordo strada e la cena nei ristoranti<\/li>\n<li><strong>Hardware<\/strong>: ottieni terminali POS, dispositivi palmari, chioschi e altro ancora durevoli e collaudati, costruiti appositamente per l&#8217;ambiente esigente dei ristoranti<\/li>\n<li><strong>Produzione in cucina<\/strong>: massimizza la capacit\u00e0 della tua cucina con i sistemi di gestione della produzione delle cucine per ristoranti. Soluzioni di gestione efficienti per potenziare il tuo flusso di lavoro.<\/li>\n<\/ul>\n<h4>LE RECENSIONI DEGLI UTENTI<\/h4>\n<p class=\"font-weight-bold mb-2\"><strong>Derick C.&#8221;NCR Aloha \u00e8 molto robusto ma necessita di aggiornamenti&#8221;<\/strong><\/p>\n<p><span class=\"font-weight-bold\"><strong>Commenti<\/strong>: <\/span>Nel complesso, il sistema ha funzionato bene per molti anni, ma alla fine lo abbiamo sostituito con un&#8217;opzione pi\u00f9 attuale che fornisse una migliore tecnologia basata su cloud a un costo inferiore.<\/p>\n<p class=\"font-weight-bold mb-2\"><strong>Pro<\/strong>:\u00a0La capacit\u00e0 di personalizzare cose come fedelt\u00e0, buoni regalo, rapporti sulle mance \u00e8 molto buona. il sistema \u00e8 un cavallo di battaglia.<\/p>\n<p class=\"font-weight-bold mb-2\"><strong>Contro<\/strong>:\u00a0L&#8217;aggiornamento dei prezzi e la creazione di pulsanti richiedono troppo tempo ed \u00e8 troppo complicato rispetto ai nuovi sistemi POS. Servizio clienti non molto reattivo.<\/p>\n<p class=\"font-weight-bold mb-2\"><strong>Patrick L.&#8221;Recensione di Aloha&#8221;<\/strong><\/p>\n<p><span class=\"font-weight-bold\"><strong>Commenti<\/strong>: <\/span>Buono &#8211; Ci \u00e8 piaciuto lavorare con la filiale locale e aiutarci a configurare o sistemare.<\/p>\n<p class=\"font-weight-bold mb-2\"><strong>Pro<\/strong>:\u00a0La capacit\u00e0 di integrarsi con molte altre societ\u00e0 di software di terze parti \u00e8 stata molto importante per noi. Prevediamo un rapido aumento delle dimensioni nei prossimi anni e non volevamo superare il nostro sistema.<\/p>\n<p class=\"font-weight-bold mb-2\"><strong>Contro<\/strong>:\u00a0Nessuno &#8211; siamo soddisfatti del software. Vorremmo forse pi\u00f9 formazione in modo da poter utilizzare completamente parti del software che potremmo non sapere esistere.<\/p>\n<p class=\"font-weight-bold mb-2\"><strong>Brent B.&#8221;Aloha per catene di ristoranti&#8221;<\/strong><\/p>\n<p><span class=\"font-weight-bold\"><strong>Commenti<\/strong>: <\/span>Nel complesso molto positivo, il mio rappresentante risponde rapidamente ai problemi. L&#8217;helpdesk notturno e nei fine settimana ha bisogno di ulteriore formazione per risolvere i problemi pi\u00f9 rapidamente.<\/p>\n<p class=\"font-weight-bold mb-2\"><strong>Pro<\/strong>:\u00a0Il sistema Aloha \u00e8 facile da usare, facile da aggiornare ed \u00e8 stabile.<\/p>\n<p class=\"font-weight-bold mb-2\"><strong>Contro<\/strong>:\u00a0Mi piacerebbe vedere Aloha collaborare con grandi societ\u00e0 di consegna per sviluppare un&#8217;aggiunta di software apparentemente meno per gli ordini in arrivo. Sarebbe anche bello vedere che Configuration Center ha un&#8217;opzione per la visualizzazione dello schermo dal vivo quando si creano menu.<\/p>\n","protected":false},"excerpt":{"rendered":"<p>NCR Aloha \u00e8 una piattaforma di gestione dei ristoranti basata su cloud che fornisce tutto ci\u00f2 di cui un marchio ha bisogno per gestire un locale, tutto integrato e preimpostato. Consente al ristoratore di creare esperienze straordinarie (e unificate) per gli ospiti, ovunque inizino o finiscano, estendendo la loro presenza all&#8217;ecommerce, al ritiro sul marciapiede, alla consegna e ai dispositivi mobili dei consumatori.<\/p>\n","protected":false},"author":16,"featured_media":54930,"parent":54405,"menu_order":0,"comment_status":"open","ping_status":"closed","template":"g1_template_page_review_new.php","meta":{"_acf_changed":false,"cwp_meta_box_check":"No","cwp_rev_product_name":"","cwp_rev_product_image":"","wppr_links":[],"cwp_rev_price":"","wppr_options":[],"wppr_pros":[],"wppr_cons":[],"_monsterinsights_skip_tracking":false,"_monsterinsights_sitenote_active":false,"_monsterinsights_sitenote_note":"","_monsterinsights_sitenote_category":0,"footnotes":""},"categories":[12168],"tags":[12170,12171,12242,12189,12174,12172,12173],"features":[],"class_list":{"0":"post-54929","1":"page","2":"type-page","3":"status-publish","4":"has-post-thumbnail","6":"category-app-cibo-domicilio-cat","7":"tag-app-cibo-a-domicilio","8":"tag-cibo-a-domicilio","9":"tag-ncr-aloha","10":"tag-piattaforma-cibo-a-domicilio","11":"tag-programma-cibo-a-domicilio","12":"tag-software-cibo-a-domicilio","13":"tag-soluzione-cibo-a-domicilio"},"wppr_data":{"cwp_meta_box_check":"No"},"acf":[],"yoast_head":"<!-- This site is optimized with the Yoast SEO plugin v27.4 - https:\/\/yoast.com\/product\/yoast-seo-wordpress\/ -->\n<title>NCR Aloha: recensione app cibo a domicilio - Accurate Reviews<\/title>\n<meta name=\"description\" content=\"NCR Aloha: recensione piattaforma gestione ristoranti basata su cloud che fornisce tutto ci\u00f2 di cui un marchio ha bisogno per gestire locali.\" \/>\n<meta name=\"robots\" content=\"index, follow, max-snippet:-1, max-image-preview:large, max-video-preview:-1\" \/>\n<link rel=\"canonical\" href=\"https:\/\/www.accuratereviews.com\/it\/app-cibo-domicilio\/ncr-aloha-recensione\/\" \/>\n<meta property=\"og:locale\" content=\"it_IT\" \/>\n<meta property=\"og:type\" content=\"article\" \/>\n<meta property=\"og:title\" content=\"NCR Aloha: recensione app cibo a domicilio - Accurate Reviews\" \/>\n<meta property=\"og:description\" content=\"NCR Aloha: recensione piattaforma gestione ristoranti basata su cloud che fornisce tutto ci\u00f2 di cui un marchio ha bisogno per gestire locali.\" \/>\n<meta property=\"og:url\" content=\"https:\/\/www.accuratereviews.com\/it\/app-cibo-domicilio\/ncr-aloha-recensione\/\" \/>\n<meta property=\"og:site_name\" content=\"Accurate Reviews\" \/>\n<meta property=\"og:image\" content=\"https:\/\/www.accuratereviews.com\/wp-content\/uploads\/2022\/03\/ncr-aloha-pos-logo.png\" \/>\n\t<meta property=\"og:image:width\" content=\"367\" \/>\n\t<meta property=\"og:image:height\" content=\"367\" \/>\n\t<meta property=\"og:image:type\" content=\"image\/png\" \/>\n<meta name=\"twitter:card\" content=\"summary_large_image\" \/>\n<meta name=\"twitter:label1\" content=\"Tempo di lettura stimato\" \/>\n\t<meta name=\"twitter:data1\" content=\"4 minuti\" \/>\n<script type=\"application\/ld+json\" class=\"yoast-schema-graph\">{\"@context\":\"https:\\\/\\\/schema.org\",\"@graph\":[{\"@type\":\"WebPage\",\"@id\":\"https:\\\/\\\/www.accuratereviews.com\\\/it\\\/app-cibo-domicilio\\\/ncr-aloha-recensione\\\/\",\"url\":\"https:\\\/\\\/www.accuratereviews.com\\\/it\\\/app-cibo-domicilio\\\/ncr-aloha-recensione\\\/\",\"name\":\"NCR Aloha: recensione app cibo a domicilio - Accurate Reviews\",\"isPartOf\":{\"@id\":\"https:\\\/\\\/www.accuratereviews.com\\\/it\\\/#website\"},\"primaryImageOfPage\":{\"@id\":\"https:\\\/\\\/www.accuratereviews.com\\\/it\\\/app-cibo-domicilio\\\/ncr-aloha-recensione\\\/#primaryimage\"},\"image\":{\"@id\":\"https:\\\/\\\/www.accuratereviews.com\\\/it\\\/app-cibo-domicilio\\\/ncr-aloha-recensione\\\/#primaryimage\"},\"thumbnailUrl\":\"https:\\\/\\\/www.accuratereviews.com\\\/wp-content\\\/uploads\\\/2022\\\/03\\\/ncr-aloha-pos-logo.png\",\"datePublished\":\"2022-03-16T11:43:23+00:00\",\"description\":\"NCR Aloha: recensione piattaforma gestione ristoranti basata su cloud che fornisce tutto ci\u00f2 di cui un marchio ha bisogno per gestire locali.\",\"breadcrumb\":{\"@id\":\"https:\\\/\\\/www.accuratereviews.com\\\/it\\\/app-cibo-domicilio\\\/ncr-aloha-recensione\\\/#breadcrumb\"},\"inLanguage\":\"it-IT\",\"potentialAction\":[{\"@type\":\"ReadAction\",\"target\":[\"https:\\\/\\\/www.accuratereviews.com\\\/it\\\/app-cibo-domicilio\\\/ncr-aloha-recensione\\\/\"]}]},{\"@type\":\"ImageObject\",\"inLanguage\":\"it-IT\",\"@id\":\"https:\\\/\\\/www.accuratereviews.com\\\/it\\\/app-cibo-domicilio\\\/ncr-aloha-recensione\\\/#primaryimage\",\"url\":\"https:\\\/\\\/www.accuratereviews.com\\\/wp-content\\\/uploads\\\/2022\\\/03\\\/ncr-aloha-pos-logo.png\",\"contentUrl\":\"https:\\\/\\\/www.accuratereviews.com\\\/wp-content\\\/uploads\\\/2022\\\/03\\\/ncr-aloha-pos-logo.png\",\"width\":367,\"height\":367},{\"@type\":\"BreadcrumbList\",\"@id\":\"https:\\\/\\\/www.accuratereviews.com\\\/it\\\/app-cibo-domicilio\\\/ncr-aloha-recensione\\\/#breadcrumb\",\"itemListElement\":[{\"@type\":\"ListItem\",\"position\":1,\"name\":\"Home\",\"item\":\"https:\\\/\\\/www.accuratereviews.com\\\/it\\\/\"},{\"@type\":\"ListItem\",\"position\":2,\"name\":\"App per cibo a domicilio\",\"item\":\"https:\\\/\\\/www.accuratereviews.com\\\/it\\\/app-cibo-domicilio\\\/\"},{\"@type\":\"ListItem\",\"position\":3,\"name\":\"NCR Aloha\"}]},{\"@type\":\"WebSite\",\"@id\":\"https:\\\/\\\/www.accuratereviews.com\\\/it\\\/#website\",\"url\":\"https:\\\/\\\/www.accuratereviews.com\\\/it\\\/\",\"name\":\"Accurate Reviews\",\"description\":\"\",\"potentialAction\":[{\"@type\":\"SearchAction\",\"target\":{\"@type\":\"EntryPoint\",\"urlTemplate\":\"https:\\\/\\\/www.accuratereviews.com\\\/it\\\/?s={search_term_string}\"},\"query-input\":{\"@type\":\"PropertyValueSpecification\",\"valueRequired\":true,\"valueName\":\"search_term_string\"}}],\"inLanguage\":\"it-IT\"}]}<\/script>\n<!-- \/ Yoast SEO plugin. -->","yoast_head_json":{"title":"NCR Aloha: recensione app cibo a domicilio - Accurate Reviews","description":"NCR Aloha: recensione piattaforma gestione ristoranti basata su cloud che fornisce tutto ci\u00f2 di cui un marchio ha bisogno per gestire locali.","robots":{"index":"index","follow":"follow","max-snippet":"max-snippet:-1","max-image-preview":"max-image-preview:large","max-video-preview":"max-video-preview:-1"},"canonical":"https:\/\/www.accuratereviews.com\/it\/app-cibo-domicilio\/ncr-aloha-recensione\/","og_locale":"it_IT","og_type":"article","og_title":"NCR Aloha: recensione app cibo a domicilio - Accurate Reviews","og_description":"NCR Aloha: recensione piattaforma gestione ristoranti basata su cloud che fornisce tutto ci\u00f2 di cui un marchio ha bisogno per gestire locali.","og_url":"https:\/\/www.accuratereviews.com\/it\/app-cibo-domicilio\/ncr-aloha-recensione\/","og_site_name":"Accurate Reviews","og_image":[{"width":367,"height":367,"url":"https:\/\/www.accuratereviews.com\/wp-content\/uploads\/2022\/03\/ncr-aloha-pos-logo.png","type":"image\/png"}],"twitter_card":"summary_large_image","twitter_misc":{"Tempo di lettura stimato":"4 minuti"},"schema":{"@context":"https:\/\/schema.org","@graph":[{"@type":"WebPage","@id":"https:\/\/www.accuratereviews.com\/it\/app-cibo-domicilio\/ncr-aloha-recensione\/","url":"https:\/\/www.accuratereviews.com\/it\/app-cibo-domicilio\/ncr-aloha-recensione\/","name":"NCR Aloha: recensione app cibo a domicilio - Accurate Reviews","isPartOf":{"@id":"https:\/\/www.accuratereviews.com\/it\/#website"},"primaryImageOfPage":{"@id":"https:\/\/www.accuratereviews.com\/it\/app-cibo-domicilio\/ncr-aloha-recensione\/#primaryimage"},"image":{"@id":"https:\/\/www.accuratereviews.com\/it\/app-cibo-domicilio\/ncr-aloha-recensione\/#primaryimage"},"thumbnailUrl":"https:\/\/www.accuratereviews.com\/wp-content\/uploads\/2022\/03\/ncr-aloha-pos-logo.png","datePublished":"2022-03-16T11:43:23+00:00","description":"NCR Aloha: recensione piattaforma gestione ristoranti basata su cloud che fornisce tutto ci\u00f2 di cui un marchio ha bisogno per gestire locali.","breadcrumb":{"@id":"https:\/\/www.accuratereviews.com\/it\/app-cibo-domicilio\/ncr-aloha-recensione\/#breadcrumb"},"inLanguage":"it-IT","potentialAction":[{"@type":"ReadAction","target":["https:\/\/www.accuratereviews.com\/it\/app-cibo-domicilio\/ncr-aloha-recensione\/"]}]},{"@type":"ImageObject","inLanguage":"it-IT","@id":"https:\/\/www.accuratereviews.com\/it\/app-cibo-domicilio\/ncr-aloha-recensione\/#primaryimage","url":"https:\/\/www.accuratereviews.com\/wp-content\/uploads\/2022\/03\/ncr-aloha-pos-logo.png","contentUrl":"https:\/\/www.accuratereviews.com\/wp-content\/uploads\/2022\/03\/ncr-aloha-pos-logo.png","width":367,"height":367},{"@type":"BreadcrumbList","@id":"https:\/\/www.accuratereviews.com\/it\/app-cibo-domicilio\/ncr-aloha-recensione\/#breadcrumb","itemListElement":[{"@type":"ListItem","position":1,"name":"Home","item":"https:\/\/www.accuratereviews.com\/it\/"},{"@type":"ListItem","position":2,"name":"App per cibo a domicilio","item":"https:\/\/www.accuratereviews.com\/it\/app-cibo-domicilio\/"},{"@type":"ListItem","position":3,"name":"NCR Aloha"}]},{"@type":"WebSite","@id":"https:\/\/www.accuratereviews.com\/it\/#website","url":"https:\/\/www.accuratereviews.com\/it\/","name":"Accurate Reviews","description":"","potentialAction":[{"@type":"SearchAction","target":{"@type":"EntryPoint","urlTemplate":"https:\/\/www.accuratereviews.com\/it\/?s={search_term_string}"},"query-input":{"@type":"PropertyValueSpecification","valueRequired":true,"valueName":"search_term_string"}}],"inLanguage":"it-IT"}]}},"_links":{"self":[{"href":"https:\/\/www.accuratereviews.com\/it\/wp-json\/wp\/v2\/pages\/54929","targetHints":{"allow":["GET"]}}],"collection":[{"href":"https:\/\/www.accuratereviews.com\/it\/wp-json\/wp\/v2\/pages"}],"about":[{"href":"https:\/\/www.accuratereviews.com\/it\/wp-json\/wp\/v2\/types\/page"}],"author":[{"embeddable":true,"href":"https:\/\/www.accuratereviews.com\/it\/wp-json\/wp\/v2\/users\/16"}],"replies":[{"embeddable":true,"href":"https:\/\/www.accuratereviews.com\/it\/wp-json\/wp\/v2\/comments?post=54929"}],"version-history":[{"count":8,"href":"https:\/\/www.accuratereviews.com\/it\/wp-json\/wp\/v2\/pages\/54929\/revisions"}],"predecessor-version":[{"id":54953,"href":"https:\/\/www.accuratereviews.com\/it\/wp-json\/wp\/v2\/pages\/54929\/revisions\/54953"}],"up":[{"embeddable":true,"href":"https:\/\/www.accuratereviews.com\/it\/wp-json\/wp\/v2\/pages\/54405"}],"wp:featuredmedia":[{"embeddable":true,"href":"https:\/\/www.accuratereviews.com\/it\/wp-json\/wp\/v2\/media\/54930"}],"wp:attachment":[{"href":"https:\/\/www.accuratereviews.com\/it\/wp-json\/wp\/v2\/media?parent=54929"}],"wp:term":[{"taxonomy":"category","embeddable":true,"href":"https:\/\/www.accuratereviews.com\/it\/wp-json\/wp\/v2\/categories?post=54929"},{"taxonomy":"post_tag","embeddable":true,"href":"https:\/\/www.accuratereviews.com\/it\/wp-json\/wp\/v2\/tags?post=54929"},{"taxonomy":"features","embeddable":true,"href":"https:\/\/www.accuratereviews.com\/it\/wp-json\/wp\/v2\/features?post=54929"}],"curies":[{"name":"wp","href":"https:\/\/api.w.org\/{rel}","templated":true}]}}