{"id":54963,"date":"2022-03-17T11:57:13","date_gmt":"2022-03-17T11:57:13","guid":{"rendered":"https:\/\/www.accuratereviews.com\/?page_id=54963"},"modified":"2022-03-17T11:57:13","modified_gmt":"2022-03-17T11:57:13","slug":"onnaway-recensione","status":"publish","type":"page","link":"https:\/\/www.accuratereviews.com\/it\/app-cibo-domicilio\/onnaway-recensione\/","title":{"rendered":"OnnaWay"},"content":{"rendered":"<p><strong>OnnaWay<\/strong> \u00e8 <strong>un sistema di gestione delle consegne<\/strong> basato su <strong>cloud<\/strong>, che assiste i corrieri di tutte le dimensioni con il monitoraggio degli ordini e la gestione delle spedizioni. Le caratteristiche principali includono il controllo del conducente, la pianificazione, la gestione del percorso, le notifiche, un portale client self-service e l&#8217;elaborazione delle fatture.\u00a0La piattaforma \u00e8 dotata di un modulo che consente il monitoraggio in tempo reale dei conducenti su una mappa e permette agli utenti di spedire gli ordini a conducenti selezionati. Gli autisti possono utilizzare l&#8217;applicazione mobile per ricevere ordini e visualizzare le opzioni di instradamento ottimali per pi\u00f9 itinerari. I clienti inoltre possono accedere a un portale online per effettuare nuovi ordini, ricevere notifiche relative alla spedizione tramite messaggi di testo e monitorare lo stato degli ordini su una mappa in tempo reale.<\/p>\n<h2><a href=\"https:\/\/www.accuratereviews.com\/wp-content\/uploads\/2022\/03\/Schermata-2022-03-17-alle-11.07.11.png\"><img loading=\"lazy\" decoding=\"async\" class=\"alignnone size-full wp-image-54991\" src=\"https:\/\/www.accuratereviews.com\/wp-content\/uploads\/2022\/03\/Schermata-2022-03-17-alle-11.07.11.png\" alt=\"\" width=\"2152\" height=\"1008\" srcset=\"https:\/\/www.accuratereviews.com\/wp-content\/uploads\/2022\/03\/Schermata-2022-03-17-alle-11.07.11.png 2152w, https:\/\/www.accuratereviews.com\/wp-content\/uploads\/2022\/03\/Schermata-2022-03-17-alle-11.07.11-300x141.png 300w, https:\/\/www.accuratereviews.com\/wp-content\/uploads\/2022\/03\/Schermata-2022-03-17-alle-11.07.11-1024x480.png 1024w, https:\/\/www.accuratereviews.com\/wp-content\/uploads\/2022\/03\/Schermata-2022-03-17-alle-11.07.11-768x360.png 768w, https:\/\/www.accuratereviews.com\/wp-content\/uploads\/2022\/03\/Schermata-2022-03-17-alle-11.07.11-1536x719.png 1536w, https:\/\/www.accuratereviews.com\/wp-content\/uploads\/2022\/03\/Schermata-2022-03-17-alle-11.07.11-2048x959.png 2048w, https:\/\/www.accuratereviews.com\/wp-content\/uploads\/2022\/03\/Schermata-2022-03-17-alle-11.07.11-260x122.png 260w, https:\/\/www.accuratereviews.com\/wp-content\/uploads\/2022\/03\/Schermata-2022-03-17-alle-11.07.11-50x23.png 50w, https:\/\/www.accuratereviews.com\/wp-content\/uploads\/2022\/03\/Schermata-2022-03-17-alle-11.07.11-968x453.png 968w, https:\/\/www.accuratereviews.com\/wp-content\/uploads\/2022\/03\/Schermata-2022-03-17-alle-11.07.11-636x298.png 636w, https:\/\/www.accuratereviews.com\/wp-content\/uploads\/2022\/03\/Schermata-2022-03-17-alle-11.07.11-320x150.png 320w, https:\/\/www.accuratereviews.com\/wp-content\/uploads\/2022\/03\/Schermata-2022-03-17-alle-11.07.11-239x112.png 239w\" sizes=\"auto, (max-width: 2152px) 100vw, 2152px\" \/><\/a><\/h2>\n<h2>ONNAWAY &#8211; CARATTERISTICHE<\/h2>\n<ul>\n<li>Monitora il driver in tempo reale<\/li>\n<li>Invia gli ordini al miglior corriere<\/li>\n<li>Nessun dispositivo GPS da installare<\/li>\n<li>I clienti tengono traccia degli ordini<\/li>\n<li>Stato dell&#8217;ordine in tempo reale con ETA<\/li>\n<li>I clienti possono ordinare online<\/li>\n<li>Ricevi nuovi ordini con facilit\u00e0<\/li>\n<li>Integrazione API<\/li>\n<li>Applicazione driver facile da usare<\/li>\n<li>I conducenti ricevono gli ordini all&#8217;istante<\/li>\n<li>Il miglior percorso per ordini multipli<\/li>\n<li>Applicazioni per dispositivi iOS e Android<\/li>\n<li>Gestisci facilmente tutti gli ordini e le fatture<\/li>\n<li>Pagamenti in tempo reale<\/li>\n<li>Meno scartoffie<\/li>\n<li>Supporto per chat dal vivo<\/li>\n<li>Tutorial interattivi<\/li>\n<li>Account Manager dedicati<\/li>\n<\/ul>\n<h3>LE RECENSIONI DEGLI UTENTI<\/h3>\n<p><strong>Zura G.&#8221;Ottimo per la pianificazione del percorso&#8221;<\/strong><\/p>\n<p><span class=\"font-weight-bold\"><strong>Commenti<\/strong>: <\/span>Nel complesso sono molto soddisfatto della sua funzionalit\u00e0 flessibile che rende il sistema di consegna molto facile da usare<\/p>\n<p class=\"font-weight-bold mb-2\"><strong>Pro<\/strong>:\u00a0\u00c8 uno dei migliori software di pianificazione del percorso, facile da usare e molto comodo per la consegna degli ordini<\/p>\n<p class=\"font-weight-bold mb-2\"><strong>Contro<\/strong>:\u00a0Questo \u00e8 il sistema di corriere n. 1 facile ed economico, non ricordo aspetti negativi su questo software<\/p>\n<p class=\"font-weight-bold mb-2\"><strong>David C.&#8221;Sistema eccellente, supporto eccellente&#8221;<\/strong><\/p>\n<p><span class=\"font-weight-bold\"><strong>Commenti<\/strong>: <\/span>Utilizziamo OnnaWay da oltre un mese e non possiamo essere pi\u00f9 felici. Il loro sistema di spedizione \u00e8 cos\u00ec facile da usare e sappiamo sempre dove sono i nostri tecnici. Per quanto riguarda il loro servizio clienti, mi vengono in mente poche aziende in cui puoi parlare con un rappresentante cos\u00ec rapidamente come con Onnaway. Il loro personale \u00e8 ben informato e pronto ad aiutare. Attendo con impazienza la nostra collaborazione in corso.<\/p>\n<p class=\"font-weight-bold mb-2\"><strong>Kevin M.&#8221;Il miglior sistema in circolazione&#8221;<\/strong><\/p>\n<p><span class=\"font-weight-bold\"><strong>Commenti<\/strong>: <\/span>Punti positivi: Onnaway ha tutto! Puoi spedire infiniti ordini ai tuoi autisti e monitorare tutto in tempo reale. Facile da imparare e assistenza clienti molto utile. \u00c8 stato un grande aiuto per noi, soprattutto perch\u00e9 stiamo crescendo rapidamente e abbiamo bisogno dell&#8217;organizzazione fornita da questo software.<br \/>\n<strong>Contro<\/strong>: non ne ho!<br \/>\n<strong>Nel complesso<\/strong>: consiglio vivamente questo software a chiunque. Non potrei gestire la mia attivit\u00e0 senza di essa.<\/p>\n","protected":false},"excerpt":{"rendered":"<p>OnnaWay \u00e8 un sistema di gestione delle consegne basato su cloud, che assiste i corrieri di tutte le dimensioni con il monitoraggio degli ordini e la gestione delle spedizioni. Le caratteristiche principali includono il controllo del conducente, la pianificazione, la gestione del percorso, le notifiche, un portale client self-service e l&#8217;elaborazione delle fatture.<\/p>\n","protected":false},"author":16,"featured_media":54964,"parent":54405,"menu_order":0,"comment_status":"open","ping_status":"closed","template":"g1_template_page_review_new.php","meta":{"_acf_changed":false,"cwp_meta_box_check":"No","cwp_rev_product_name":"","cwp_rev_product_image":"","wppr_links":[],"cwp_rev_price":"","wppr_options":[],"wppr_pros":[],"wppr_cons":[],"_monsterinsights_skip_tracking":false,"_monsterinsights_sitenote_active":false,"_monsterinsights_sitenote_note":"","_monsterinsights_sitenote_category":0,"footnotes":""},"categories":[12168],"tags":[12170,12171,1220,12246,12189,12174,12172,12173],"features":[],"class_list":{"0":"post-54963","1":"page","2":"type-page","3":"status-publish","4":"has-post-thumbnail","6":"category-app-cibo-domicilio-cat","7":"tag-app-cibo-a-domicilio","8":"tag-cibo-a-domicilio","9":"tag-consegne-a-domicilio","10":"tag-onnaway","11":"tag-piattaforma-cibo-a-domicilio","12":"tag-programma-cibo-a-domicilio","13":"tag-software-cibo-a-domicilio","14":"tag-soluzione-cibo-a-domicilio"},"wppr_data":{"cwp_meta_box_check":"No"},"acf":[],"yoast_head":"<!-- This site is optimized with the Yoast SEO plugin v27.4 - https:\/\/yoast.com\/product\/yoast-seo-wordpress\/ -->\n<title>OnnaWay: recensione app cibo a domicilio - Accurate Reviews<\/title>\n<meta name=\"description\" content=\"OnnaWay: recensione sistema di gestione delle consegne basato su cloud, che assiste i corrieri con il monitoraggio di ordini e spedizioni.\" \/>\n<meta name=\"robots\" content=\"index, follow, max-snippet:-1, max-image-preview:large, max-video-preview:-1\" \/>\n<link rel=\"canonical\" href=\"https:\/\/www.accuratereviews.com\/it\/app-cibo-domicilio\/onnaway-recensione\/\" \/>\n<meta property=\"og:locale\" content=\"it_IT\" \/>\n<meta property=\"og:type\" content=\"article\" \/>\n<meta property=\"og:title\" content=\"OnnaWay: recensione app cibo a domicilio - Accurate Reviews\" \/>\n<meta property=\"og:description\" content=\"OnnaWay: recensione sistema di gestione delle consegne basato su cloud, che assiste i corrieri con il monitoraggio di ordini e spedizioni.\" \/>\n<meta property=\"og:url\" content=\"https:\/\/www.accuratereviews.com\/it\/app-cibo-domicilio\/onnaway-recensione\/\" \/>\n<meta property=\"og:site_name\" content=\"Accurate Reviews\" \/>\n<meta property=\"og:image\" content=\"https:\/\/www.accuratereviews.com\/wp-content\/uploads\/2022\/03\/OnnaWay.webp\" \/>\n\t<meta property=\"og:image:width\" content=\"378\" \/>\n\t<meta property=\"og:image:height\" content=\"372\" \/>\n\t<meta property=\"og:image:type\" content=\"image\/webp\" \/>\n<meta name=\"twitter:card\" content=\"summary_large_image\" \/>\n<meta name=\"twitter:label1\" content=\"Tempo di lettura stimato\" \/>\n\t<meta name=\"twitter:data1\" content=\"3 minuti\" \/>\n<script type=\"application\/ld+json\" class=\"yoast-schema-graph\">{\"@context\":\"https:\\\/\\\/schema.org\",\"@graph\":[{\"@type\":\"WebPage\",\"@id\":\"https:\\\/\\\/www.accuratereviews.com\\\/it\\\/app-cibo-domicilio\\\/onnaway-recensione\\\/\",\"url\":\"https:\\\/\\\/www.accuratereviews.com\\\/it\\\/app-cibo-domicilio\\\/onnaway-recensione\\\/\",\"name\":\"OnnaWay: recensione app cibo a domicilio - Accurate Reviews\",\"isPartOf\":{\"@id\":\"https:\\\/\\\/www.accuratereviews.com\\\/it\\\/#website\"},\"primaryImageOfPage\":{\"@id\":\"https:\\\/\\\/www.accuratereviews.com\\\/it\\\/app-cibo-domicilio\\\/onnaway-recensione\\\/#primaryimage\"},\"image\":{\"@id\":\"https:\\\/\\\/www.accuratereviews.com\\\/it\\\/app-cibo-domicilio\\\/onnaway-recensione\\\/#primaryimage\"},\"thumbnailUrl\":\"https:\\\/\\\/www.accuratereviews.com\\\/wp-content\\\/uploads\\\/2022\\\/03\\\/OnnaWay.webp\",\"datePublished\":\"2022-03-17T11:57:13+00:00\",\"description\":\"OnnaWay: recensione sistema di gestione delle consegne basato su cloud, che assiste i corrieri con il monitoraggio di ordini e spedizioni.\",\"breadcrumb\":{\"@id\":\"https:\\\/\\\/www.accuratereviews.com\\\/it\\\/app-cibo-domicilio\\\/onnaway-recensione\\\/#breadcrumb\"},\"inLanguage\":\"it-IT\",\"potentialAction\":[{\"@type\":\"ReadAction\",\"target\":[\"https:\\\/\\\/www.accuratereviews.com\\\/it\\\/app-cibo-domicilio\\\/onnaway-recensione\\\/\"]}]},{\"@type\":\"ImageObject\",\"inLanguage\":\"it-IT\",\"@id\":\"https:\\\/\\\/www.accuratereviews.com\\\/it\\\/app-cibo-domicilio\\\/onnaway-recensione\\\/#primaryimage\",\"url\":\"https:\\\/\\\/www.accuratereviews.com\\\/wp-content\\\/uploads\\\/2022\\\/03\\\/OnnaWay.webp\",\"contentUrl\":\"https:\\\/\\\/www.accuratereviews.com\\\/wp-content\\\/uploads\\\/2022\\\/03\\\/OnnaWay.webp\",\"width\":378,\"height\":372},{\"@type\":\"BreadcrumbList\",\"@id\":\"https:\\\/\\\/www.accuratereviews.com\\\/it\\\/app-cibo-domicilio\\\/onnaway-recensione\\\/#breadcrumb\",\"itemListElement\":[{\"@type\":\"ListItem\",\"position\":1,\"name\":\"Home\",\"item\":\"https:\\\/\\\/www.accuratereviews.com\\\/it\\\/\"},{\"@type\":\"ListItem\",\"position\":2,\"name\":\"App per cibo a domicilio\",\"item\":\"https:\\\/\\\/www.accuratereviews.com\\\/it\\\/app-cibo-domicilio\\\/\"},{\"@type\":\"ListItem\",\"position\":3,\"name\":\"OnnaWay\"}]},{\"@type\":\"WebSite\",\"@id\":\"https:\\\/\\\/www.accuratereviews.com\\\/it\\\/#website\",\"url\":\"https:\\\/\\\/www.accuratereviews.com\\\/it\\\/\",\"name\":\"Accurate Reviews\",\"description\":\"\",\"potentialAction\":[{\"@type\":\"SearchAction\",\"target\":{\"@type\":\"EntryPoint\",\"urlTemplate\":\"https:\\\/\\\/www.accuratereviews.com\\\/it\\\/?s={search_term_string}\"},\"query-input\":{\"@type\":\"PropertyValueSpecification\",\"valueRequired\":true,\"valueName\":\"search_term_string\"}}],\"inLanguage\":\"it-IT\"}]}<\/script>\n<!-- \/ Yoast SEO plugin. -->","yoast_head_json":{"title":"OnnaWay: recensione app cibo a domicilio - Accurate Reviews","description":"OnnaWay: recensione sistema di gestione delle consegne basato su cloud, che assiste i corrieri con il monitoraggio di ordini e spedizioni.","robots":{"index":"index","follow":"follow","max-snippet":"max-snippet:-1","max-image-preview":"max-image-preview:large","max-video-preview":"max-video-preview:-1"},"canonical":"https:\/\/www.accuratereviews.com\/it\/app-cibo-domicilio\/onnaway-recensione\/","og_locale":"it_IT","og_type":"article","og_title":"OnnaWay: recensione app cibo a domicilio - Accurate Reviews","og_description":"OnnaWay: recensione sistema di gestione delle consegne basato su cloud, che assiste i corrieri con il monitoraggio di ordini e spedizioni.","og_url":"https:\/\/www.accuratereviews.com\/it\/app-cibo-domicilio\/onnaway-recensione\/","og_site_name":"Accurate Reviews","og_image":[{"width":378,"height":372,"url":"https:\/\/www.accuratereviews.com\/wp-content\/uploads\/2022\/03\/OnnaWay.webp","type":"image\/webp"}],"twitter_card":"summary_large_image","twitter_misc":{"Tempo di lettura stimato":"3 minuti"},"schema":{"@context":"https:\/\/schema.org","@graph":[{"@type":"WebPage","@id":"https:\/\/www.accuratereviews.com\/it\/app-cibo-domicilio\/onnaway-recensione\/","url":"https:\/\/www.accuratereviews.com\/it\/app-cibo-domicilio\/onnaway-recensione\/","name":"OnnaWay: recensione app cibo a domicilio - Accurate Reviews","isPartOf":{"@id":"https:\/\/www.accuratereviews.com\/it\/#website"},"primaryImageOfPage":{"@id":"https:\/\/www.accuratereviews.com\/it\/app-cibo-domicilio\/onnaway-recensione\/#primaryimage"},"image":{"@id":"https:\/\/www.accuratereviews.com\/it\/app-cibo-domicilio\/onnaway-recensione\/#primaryimage"},"thumbnailUrl":"https:\/\/www.accuratereviews.com\/wp-content\/uploads\/2022\/03\/OnnaWay.webp","datePublished":"2022-03-17T11:57:13+00:00","description":"OnnaWay: recensione sistema di gestione delle consegne basato su cloud, che assiste i corrieri con il monitoraggio di ordini e spedizioni.","breadcrumb":{"@id":"https:\/\/www.accuratereviews.com\/it\/app-cibo-domicilio\/onnaway-recensione\/#breadcrumb"},"inLanguage":"it-IT","potentialAction":[{"@type":"ReadAction","target":["https:\/\/www.accuratereviews.com\/it\/app-cibo-domicilio\/onnaway-recensione\/"]}]},{"@type":"ImageObject","inLanguage":"it-IT","@id":"https:\/\/www.accuratereviews.com\/it\/app-cibo-domicilio\/onnaway-recensione\/#primaryimage","url":"https:\/\/www.accuratereviews.com\/wp-content\/uploads\/2022\/03\/OnnaWay.webp","contentUrl":"https:\/\/www.accuratereviews.com\/wp-content\/uploads\/2022\/03\/OnnaWay.webp","width":378,"height":372},{"@type":"BreadcrumbList","@id":"https:\/\/www.accuratereviews.com\/it\/app-cibo-domicilio\/onnaway-recensione\/#breadcrumb","itemListElement":[{"@type":"ListItem","position":1,"name":"Home","item":"https:\/\/www.accuratereviews.com\/it\/"},{"@type":"ListItem","position":2,"name":"App per cibo a domicilio","item":"https:\/\/www.accuratereviews.com\/it\/app-cibo-domicilio\/"},{"@type":"ListItem","position":3,"name":"OnnaWay"}]},{"@type":"WebSite","@id":"https:\/\/www.accuratereviews.com\/it\/#website","url":"https:\/\/www.accuratereviews.com\/it\/","name":"Accurate Reviews","description":"","potentialAction":[{"@type":"SearchAction","target":{"@type":"EntryPoint","urlTemplate":"https:\/\/www.accuratereviews.com\/it\/?s={search_term_string}"},"query-input":{"@type":"PropertyValueSpecification","valueRequired":true,"valueName":"search_term_string"}}],"inLanguage":"it-IT"}]}},"_links":{"self":[{"href":"https:\/\/www.accuratereviews.com\/it\/wp-json\/wp\/v2\/pages\/54963","targetHints":{"allow":["GET"]}}],"collection":[{"href":"https:\/\/www.accuratereviews.com\/it\/wp-json\/wp\/v2\/pages"}],"about":[{"href":"https:\/\/www.accuratereviews.com\/it\/wp-json\/wp\/v2\/types\/page"}],"author":[{"embeddable":true,"href":"https:\/\/www.accuratereviews.com\/it\/wp-json\/wp\/v2\/users\/16"}],"replies":[{"embeddable":true,"href":"https:\/\/www.accuratereviews.com\/it\/wp-json\/wp\/v2\/comments?post=54963"}],"version-history":[{"count":6,"href":"https:\/\/www.accuratereviews.com\/it\/wp-json\/wp\/v2\/pages\/54963\/revisions"}],"predecessor-version":[{"id":55001,"href":"https:\/\/www.accuratereviews.com\/it\/wp-json\/wp\/v2\/pages\/54963\/revisions\/55001"}],"up":[{"embeddable":true,"href":"https:\/\/www.accuratereviews.com\/it\/wp-json\/wp\/v2\/pages\/54405"}],"wp:featuredmedia":[{"embeddable":true,"href":"https:\/\/www.accuratereviews.com\/it\/wp-json\/wp\/v2\/media\/54964"}],"wp:attachment":[{"href":"https:\/\/www.accuratereviews.com\/it\/wp-json\/wp\/v2\/media?parent=54963"}],"wp:term":[{"taxonomy":"category","embeddable":true,"href":"https:\/\/www.accuratereviews.com\/it\/wp-json\/wp\/v2\/categories?post=54963"},{"taxonomy":"post_tag","embeddable":true,"href":"https:\/\/www.accuratereviews.com\/it\/wp-json\/wp\/v2\/tags?post=54963"},{"taxonomy":"features","embeddable":true,"href":"https:\/\/www.accuratereviews.com\/it\/wp-json\/wp\/v2\/features?post=54963"}],"curies":[{"name":"wp","href":"https:\/\/api.w.org\/{rel}","templated":true}]}}