{"id":55084,"date":"2022-03-21T11:35:31","date_gmt":"2022-03-21T11:35:31","guid":{"rendered":"https:\/\/www.accuratereviews.com\/?page_id=55084"},"modified":"2022-03-21T11:35:31","modified_gmt":"2022-03-21T11:35:31","slug":"hubstaff-recensione","status":"publish","type":"page","link":"https:\/\/www.accuratereviews.com\/it\/software-assistenza-domiciliare\/hubstaff-recensione\/","title":{"rendered":"Hubstaff"},"content":{"rendered":"<p><strong>Hubstaff<\/strong> \u00e8 un <strong>software di monitoraggio del tempo<\/strong> con funzionalit\u00e0 come screenshot, controllo dell&#8217;attivit\u00e0, buste paga automatiche, report avanzati, monitoraggio in tempo reale e GPS con funzionalit\u00e0 di tracciamento sia online che offline. Disponibile anche per Apple, Windows, Linux e iOS. Si integra con oltre 30 strumenti popolari come Trello, Asana, Slack e PayPal. Programma affidabile \u00e8 utilizzato da oltre 40.000 team remoti. Sia che le aziende stiano avviando un nuovo team o stiano cercando un modo migliore per gestire i dipendenti, <strong>Hubstaff<\/strong> ha tutto il necessario per gestire i gruppi con sicurezza. Con l&#8217;innovativa e solida soluzione di monitoraggio del tempo e gestione delle attivit\u00e0, le aziende possono tenere traccia del tempo del proprio team con schede attivit\u00e0 approfondite, monitoraggio GPS e gestione dei progetti utilizzando il modulo attivit\u00e0.<\/p>\n<h2>HUBSTAFF &#8211; TUTORIAL<\/h2>\n<p>Guardiamo come approfondire ulteriormente le metriche delle prestazioni del tuo team con questo <strong>software per l&#8217;assistenza domiciliare<\/strong>:<\/p>\n<div id=\"fluid-wrapper-counter-1\" class=\"g1-fluid-wrapper \" style=\"width:686px;\">\n<div style=\"padding-bottom:56.268221574344%;\"><iframe loading=\"lazy\" title=\"Boost Productivity With Insights From Hubstaff\" width=\"686\" height=\"386\" src=\"https:\/\/www.youtube.com\/embed\/x4W8ASBBvUY?feature=oembed&amp;wmode=transparent&amp;autohide=1&amp;autoplay=0&amp;disablekb=0&amp;fs=1&amp;loop=0&amp;enablejsapi=1&amp;rel=0&amp;controls=2&amp;showinfo=0&amp;wmode=transparent&amp;autohide=2&amp;autoplay=0&amp;disablekb=0&amp;fs=1&amp;loop=0&amp;enablejsapi=1&amp;rel=0&amp;controls=2&amp;showinfo=1\" frameborder=\"0\" allow=\"accelerometer; autoplay; clipboard-write; encrypted-media; gyroscope; picture-in-picture\" allowfullscreen><\/iframe><\/div>\n<\/div>\n<h2>HUBSTAFF &#8211; CARATTERISTICHE<\/h2>\n<ul>\n<li><strong>Tracciamento del tempo<\/strong>: monitoraggio del tempo intelligente e semplificato per qualsiasi tipo di attivit\u00e0. Tieni traccia delle ore di lavoro, imposta limiti e ottieni schede attivit\u00e0 dettagliate da rivedere e approvare con un semplice strumento<\/li>\n<li><strong>Schede attivit\u00e0 online<\/strong>: registra le ore dei dipendenti e visualizza le schede attivit\u00e0 online per ottimizzare le prestazioni della tua azienda<\/li>\n<li><strong>Rapporti<\/strong>: analizza oltre 17 diversi rapporti sul lavoro, le ore e altro del tuo team<\/li>\n<li><strong>App<\/strong>: tieni traccia del tempo del tuo team utilizzando l&#8217;app desktop, le app web o su dispositivi Android o iOS<\/li>\n<li><strong>Approvazioni del foglio presenze<\/strong>: rivedi, approva o rifiuta le schede attivit\u00e0 generate utilizzando i dati di monitoraggio del tempo dei tuoi colleghi<\/li>\n<li><strong>Produttivit\u00e0<\/strong>: automatizza la gestione del tuo team remoto con strumenti di prova del lavoro che aumentano l&#8217;efficienza e creano fiducia<\/li>\n<li><strong>Schermate<\/strong>: gli screenshot personalizzabili ti aiutano a vedere il lavoro in tempo reale<\/li>\n<li><strong>Attivit\u00e0<\/strong>: ottieni tassi di produttivit\u00e0 basati sull&#8217;utilizzo di mouse e tastiera<\/li>\n<li><strong>Distintivi di successo<\/strong>: premia l&#8217;efficienza e aumenta il morale con i badge degli obiettivi virtuali<\/li>\n<li><strong>Gestione della forza lavoro<\/strong>: Lascia che il programma gestisca noiose attivit\u00e0 amministrative, come fatturazione e buste paga, cos\u00ec puoi concentrarti sulla crescita della tua attivit\u00e0<\/li>\n<li><strong>Libro paga<\/strong>: i pagamenti possono essere inviati automaticamente in base alle ore lavorate durante ogni periodo di paga<\/li>\n<li><strong>Orari e turni:<\/strong> aggiungi dipendenti ai turni e ricevi avvisi se iniziano in ritardo, perdono o se ne vanno in anticipo<\/li>\n<li><strong>Limiti giornalieri e settimanali<\/strong>: imposta limiti di tempo e budget con avvisi per progetti e membri del team<\/li>\n<li><strong>Budget<\/strong>: tieni traccia delle ore trascorse dal tuo team su un progetto rispetto a quanto avevi preventivato<\/li>\n<li><strong>Posizioni GPS<\/strong>: registra il tempo in viaggio e nei cantieri con il monitoraggio del tempo basato sui dispositivi mobili.<\/li>\n<\/ul>\n<h4>LE RECENSIONI DEGLI UTENTI<\/h4>\n<p class=\"font-weight-bold mb-2\"><strong>Andreea C.&#8221;Ottimo per monitorare il tempo e misurare le prestazioni&#8221;<\/strong><\/p>\n<p><span class=\"font-weight-bold\"><strong>Commenti<\/strong>: <\/span>\u00e8 davvero un ottimo strumento da usare, per controllare le prestazioni del team, le ore migliori per lavorare, controllare quali app usano di pi\u00f9 e quali sono ridondanti, vedere i tempi morti e apportare modifiche. molto buono per i team globali remoti.<\/p>\n<p class=\"font-weight-bold mb-2\"><strong>Pro<\/strong>:\u00a0Facile da usare, pu\u00f2 mostrarti vari dashboard. ti d\u00e0 un&#8217;idea di quali ore sei pi\u00f9 efficiente in modo da poter pianificare meglio il tuo tempo.<\/p>\n<p class=\"font-weight-bold mb-2\"><strong>Contro<\/strong>:\u00a0Vorrei poter non avere lo 0% durante una chiamata zoom poich\u00e9 anche se non stiamo facendo clic, utilizzando il mouse, siamo in una riunione in modo che il tempo non sia 0% o inattivo.<\/p>\n<h5 class=\"font-weight-bold mb-2\">Patricia H.&#8221;Hubstaff \u00e8 un ottimo strumento per le buste paga per le piccole imprese e non solo&#8221;<\/h5>\n<p><span class=\"font-weight-bold\"><strong>Commenti<\/strong>: <\/span>Il migliore che abbiamo usato finora<\/p>\n<p class=\"font-weight-bold mb-2\"><strong>Pro<\/strong>:\u00a0Il software fa un ottimo lavoro integrando gli utenti nelle attivit\u00e0 da completare e monitorando il loro tempo sul computer.<\/p>\n<p class=\"font-weight-bold mb-2\"><strong>Contro<\/strong>:\u00a0Pi\u00f9 di una volta il sistema non ha consentito agli utenti di timbrare il proprio tempo e deve essere inserito manualmente dal management. Inoltre, il monitoraggio del tempo non pu\u00f2 essere personalizzato in base al tuo programma di pagamento.<\/p>\n<p class=\"font-weight-bold mb-2\"><strong>Jerson C.&#8221;Hubstaff fa il lavoro.&#8221;<\/strong><\/p>\n<p><span class=\"font-weight-bold\"><strong>Commenti<\/strong>: <\/span>Mi \u00e8 piaciuto molto usare Hubstaff per pi\u00f9 di 1 anno, adoro la semplicit\u00e0 dell&#8217;app e che ti informa ogni volta che viene acquisito uno screenshot e ogni volta che avvii o interrompi il monitoraggio.<\/p>\n<p class=\"font-weight-bold mb-2\"><strong>Pro<\/strong>:\u00a0La semplice interfaccia ti consente di tracciare e gestire facilmente i tuoi progetti in un unico posto, senza bisogno di utilizzare un&#8217;interfaccia complicata per questo.<\/p>\n<p class=\"font-weight-bold mb-2\"><strong>Contro<\/strong>:\u00a0secondo me, Hubstaff potrebbe migliorare l&#8217;aspetto generale dell&#8217;interfaccia mantenendola semplice ma facendola sembrare moderna, aggiornare le icone e migliorare l&#8217;aspetto lo far\u00e0 sentire ancora pi\u00f9 professionale.<\/p>\n","protected":false},"excerpt":{"rendered":"<p>Hubstaff \u00e8 un software di monitoraggio del tempo facile con funzionalit\u00e0 come screenshot, controllo dell&#8217;attivit\u00e0, buste paga automatiche, report avanzati, monitoraggio in tempo reale e GPS. Funzionalit\u00e0 di tracciamento sia online che offline. Disponibile anche per Apple, Windows, Linux e iOS. Si integra con oltre 30 strumenti popolari, come Trello, Asana, Slack e PayPal.<\/p>\n","protected":false},"author":16,"featured_media":55090,"parent":55061,"menu_order":0,"comment_status":"open","ping_status":"closed","template":"g1_template_page_review_new.php","meta":{"_acf_changed":false,"cwp_meta_box_check":"No","cwp_rev_product_name":"","cwp_rev_product_image":"","wppr_links":[],"cwp_rev_price":"","wppr_options":[],"wppr_pros":[],"wppr_cons":[],"_monsterinsights_skip_tracking":false,"_monsterinsights_sitenote_active":false,"_monsterinsights_sitenote_note":"","_monsterinsights_sitenote_category":0,"footnotes":""},"categories":[12271],"tags":[12274,12288,12275,12276,12273,12277],"features":[],"class_list":{"0":"post-55084","1":"page","2":"type-page","3":"status-publish","4":"has-post-thumbnail","6":"category-software-assistenza-domiciliare-categoria","7":"tag-assistenza-domiciliare","8":"tag-hubstaff","9":"tag-piattaforma-assistenza-domiciliare","10":"tag-programma-assistenza-domiciliare","11":"tag-software-assistenza-domiciliare","12":"tag-soluzione-assistenza-domiciliare"},"wppr_data":{"cwp_meta_box_check":"No"},"acf":[],"yoast_head":"<!-- This site is optimized with the Yoast SEO plugin v27.4 - https:\/\/yoast.com\/product\/yoast-seo-wordpress\/ -->\n<title>Hubstaff: recensione software assistenza domiciliare - Accurate Reviews<\/title>\n<meta name=\"description\" content=\"Hubstaff: recensione software monitoraggio del tempo con funzionalit\u00e0 come screenshot, controllo dell&#039;attivit\u00e0 e buste paga automatiche.\" \/>\n<meta name=\"robots\" content=\"index, follow, max-snippet:-1, max-image-preview:large, max-video-preview:-1\" \/>\n<link rel=\"canonical\" href=\"https:\/\/www.accuratereviews.com\/it\/software-assistenza-domiciliare\/hubstaff-recensione\/\" \/>\n<meta property=\"og:locale\" content=\"it_IT\" \/>\n<meta property=\"og:type\" content=\"article\" \/>\n<meta property=\"og:title\" content=\"Hubstaff: recensione software assistenza domiciliare - Accurate Reviews\" \/>\n<meta property=\"og:description\" content=\"Hubstaff: recensione software monitoraggio del tempo con funzionalit\u00e0 come screenshot, controllo dell&#039;attivit\u00e0 e buste paga automatiche.\" \/>\n<meta property=\"og:url\" content=\"https:\/\/www.accuratereviews.com\/it\/software-assistenza-domiciliare\/hubstaff-recensione\/\" \/>\n<meta property=\"og:site_name\" content=\"Accurate Reviews\" \/>\n<meta property=\"og:image\" content=\"https:\/\/www.accuratereviews.com\/wp-content\/uploads\/2022\/03\/hubstaff.png\" \/>\n\t<meta property=\"og:image:width\" content=\"600\" \/>\n\t<meta property=\"og:image:height\" content=\"600\" \/>\n\t<meta property=\"og:image:type\" content=\"image\/png\" \/>\n<meta name=\"twitter:card\" content=\"summary_large_image\" \/>\n<meta name=\"twitter:label1\" content=\"Tempo di lettura stimato\" \/>\n\t<meta name=\"twitter:data1\" content=\"4 minuti\" \/>\n<script type=\"application\/ld+json\" class=\"yoast-schema-graph\">{\"@context\":\"https:\\\/\\\/schema.org\",\"@graph\":[{\"@type\":\"WebPage\",\"@id\":\"https:\\\/\\\/www.accuratereviews.com\\\/it\\\/software-assistenza-domiciliare\\\/hubstaff-recensione\\\/\",\"url\":\"https:\\\/\\\/www.accuratereviews.com\\\/it\\\/software-assistenza-domiciliare\\\/hubstaff-recensione\\\/\",\"name\":\"Hubstaff: recensione software assistenza domiciliare - Accurate Reviews\",\"isPartOf\":{\"@id\":\"https:\\\/\\\/www.accuratereviews.com\\\/it\\\/#website\"},\"primaryImageOfPage\":{\"@id\":\"https:\\\/\\\/www.accuratereviews.com\\\/it\\\/software-assistenza-domiciliare\\\/hubstaff-recensione\\\/#primaryimage\"},\"image\":{\"@id\":\"https:\\\/\\\/www.accuratereviews.com\\\/it\\\/software-assistenza-domiciliare\\\/hubstaff-recensione\\\/#primaryimage\"},\"thumbnailUrl\":\"https:\\\/\\\/www.accuratereviews.com\\\/wp-content\\\/uploads\\\/2022\\\/03\\\/hubstaff.png\",\"datePublished\":\"2022-03-21T11:35:31+00:00\",\"description\":\"Hubstaff: recensione software monitoraggio del tempo con funzionalit\u00e0 come screenshot, controllo dell'attivit\u00e0 e buste paga automatiche.\",\"breadcrumb\":{\"@id\":\"https:\\\/\\\/www.accuratereviews.com\\\/it\\\/software-assistenza-domiciliare\\\/hubstaff-recensione\\\/#breadcrumb\"},\"inLanguage\":\"it-IT\",\"potentialAction\":[{\"@type\":\"ReadAction\",\"target\":[\"https:\\\/\\\/www.accuratereviews.com\\\/it\\\/software-assistenza-domiciliare\\\/hubstaff-recensione\\\/\"]}]},{\"@type\":\"ImageObject\",\"inLanguage\":\"it-IT\",\"@id\":\"https:\\\/\\\/www.accuratereviews.com\\\/it\\\/software-assistenza-domiciliare\\\/hubstaff-recensione\\\/#primaryimage\",\"url\":\"https:\\\/\\\/www.accuratereviews.com\\\/wp-content\\\/uploads\\\/2022\\\/03\\\/hubstaff.png\",\"contentUrl\":\"https:\\\/\\\/www.accuratereviews.com\\\/wp-content\\\/uploads\\\/2022\\\/03\\\/hubstaff.png\",\"width\":600,\"height\":600},{\"@type\":\"BreadcrumbList\",\"@id\":\"https:\\\/\\\/www.accuratereviews.com\\\/it\\\/software-assistenza-domiciliare\\\/hubstaff-recensione\\\/#breadcrumb\",\"itemListElement\":[{\"@type\":\"ListItem\",\"position\":1,\"name\":\"Home\",\"item\":\"https:\\\/\\\/www.accuratereviews.com\\\/it\\\/\"},{\"@type\":\"ListItem\",\"position\":2,\"name\":\"Software assistenza domiciliare\",\"item\":\"https:\\\/\\\/www.accuratereviews.com\\\/it\\\/software-assistenza-domiciliare\\\/\"},{\"@type\":\"ListItem\",\"position\":3,\"name\":\"Hubstaff\"}]},{\"@type\":\"WebSite\",\"@id\":\"https:\\\/\\\/www.accuratereviews.com\\\/it\\\/#website\",\"url\":\"https:\\\/\\\/www.accuratereviews.com\\\/it\\\/\",\"name\":\"Accurate Reviews\",\"description\":\"\",\"potentialAction\":[{\"@type\":\"SearchAction\",\"target\":{\"@type\":\"EntryPoint\",\"urlTemplate\":\"https:\\\/\\\/www.accuratereviews.com\\\/it\\\/?s={search_term_string}\"},\"query-input\":{\"@type\":\"PropertyValueSpecification\",\"valueRequired\":true,\"valueName\":\"search_term_string\"}}],\"inLanguage\":\"it-IT\"}]}<\/script>\n<!-- \/ Yoast SEO plugin. -->","yoast_head_json":{"title":"Hubstaff: recensione software assistenza domiciliare - Accurate Reviews","description":"Hubstaff: recensione software monitoraggio del tempo con funzionalit\u00e0 come screenshot, controllo dell'attivit\u00e0 e buste paga automatiche.","robots":{"index":"index","follow":"follow","max-snippet":"max-snippet:-1","max-image-preview":"max-image-preview:large","max-video-preview":"max-video-preview:-1"},"canonical":"https:\/\/www.accuratereviews.com\/it\/software-assistenza-domiciliare\/hubstaff-recensione\/","og_locale":"it_IT","og_type":"article","og_title":"Hubstaff: recensione software assistenza domiciliare - Accurate Reviews","og_description":"Hubstaff: recensione software monitoraggio del tempo con funzionalit\u00e0 come screenshot, controllo dell'attivit\u00e0 e buste paga automatiche.","og_url":"https:\/\/www.accuratereviews.com\/it\/software-assistenza-domiciliare\/hubstaff-recensione\/","og_site_name":"Accurate Reviews","og_image":[{"width":600,"height":600,"url":"https:\/\/www.accuratereviews.com\/wp-content\/uploads\/2022\/03\/hubstaff.png","type":"image\/png"}],"twitter_card":"summary_large_image","twitter_misc":{"Tempo di lettura stimato":"4 minuti"},"schema":{"@context":"https:\/\/schema.org","@graph":[{"@type":"WebPage","@id":"https:\/\/www.accuratereviews.com\/it\/software-assistenza-domiciliare\/hubstaff-recensione\/","url":"https:\/\/www.accuratereviews.com\/it\/software-assistenza-domiciliare\/hubstaff-recensione\/","name":"Hubstaff: recensione software assistenza domiciliare - Accurate Reviews","isPartOf":{"@id":"https:\/\/www.accuratereviews.com\/it\/#website"},"primaryImageOfPage":{"@id":"https:\/\/www.accuratereviews.com\/it\/software-assistenza-domiciliare\/hubstaff-recensione\/#primaryimage"},"image":{"@id":"https:\/\/www.accuratereviews.com\/it\/software-assistenza-domiciliare\/hubstaff-recensione\/#primaryimage"},"thumbnailUrl":"https:\/\/www.accuratereviews.com\/wp-content\/uploads\/2022\/03\/hubstaff.png","datePublished":"2022-03-21T11:35:31+00:00","description":"Hubstaff: recensione software monitoraggio del tempo con funzionalit\u00e0 come screenshot, controllo dell'attivit\u00e0 e buste paga automatiche.","breadcrumb":{"@id":"https:\/\/www.accuratereviews.com\/it\/software-assistenza-domiciliare\/hubstaff-recensione\/#breadcrumb"},"inLanguage":"it-IT","potentialAction":[{"@type":"ReadAction","target":["https:\/\/www.accuratereviews.com\/it\/software-assistenza-domiciliare\/hubstaff-recensione\/"]}]},{"@type":"ImageObject","inLanguage":"it-IT","@id":"https:\/\/www.accuratereviews.com\/it\/software-assistenza-domiciliare\/hubstaff-recensione\/#primaryimage","url":"https:\/\/www.accuratereviews.com\/wp-content\/uploads\/2022\/03\/hubstaff.png","contentUrl":"https:\/\/www.accuratereviews.com\/wp-content\/uploads\/2022\/03\/hubstaff.png","width":600,"height":600},{"@type":"BreadcrumbList","@id":"https:\/\/www.accuratereviews.com\/it\/software-assistenza-domiciliare\/hubstaff-recensione\/#breadcrumb","itemListElement":[{"@type":"ListItem","position":1,"name":"Home","item":"https:\/\/www.accuratereviews.com\/it\/"},{"@type":"ListItem","position":2,"name":"Software assistenza domiciliare","item":"https:\/\/www.accuratereviews.com\/it\/software-assistenza-domiciliare\/"},{"@type":"ListItem","position":3,"name":"Hubstaff"}]},{"@type":"WebSite","@id":"https:\/\/www.accuratereviews.com\/it\/#website","url":"https:\/\/www.accuratereviews.com\/it\/","name":"Accurate Reviews","description":"","potentialAction":[{"@type":"SearchAction","target":{"@type":"EntryPoint","urlTemplate":"https:\/\/www.accuratereviews.com\/it\/?s={search_term_string}"},"query-input":{"@type":"PropertyValueSpecification","valueRequired":true,"valueName":"search_term_string"}}],"inLanguage":"it-IT"}]}},"_links":{"self":[{"href":"https:\/\/www.accuratereviews.com\/it\/wp-json\/wp\/v2\/pages\/55084","targetHints":{"allow":["GET"]}}],"collection":[{"href":"https:\/\/www.accuratereviews.com\/it\/wp-json\/wp\/v2\/pages"}],"about":[{"href":"https:\/\/www.accuratereviews.com\/it\/wp-json\/wp\/v2\/types\/page"}],"author":[{"embeddable":true,"href":"https:\/\/www.accuratereviews.com\/it\/wp-json\/wp\/v2\/users\/16"}],"replies":[{"embeddable":true,"href":"https:\/\/www.accuratereviews.com\/it\/wp-json\/wp\/v2\/comments?post=55084"}],"version-history":[{"count":10,"href":"https:\/\/www.accuratereviews.com\/it\/wp-json\/wp\/v2\/pages\/55084\/revisions"}],"predecessor-version":[{"id":55127,"href":"https:\/\/www.accuratereviews.com\/it\/wp-json\/wp\/v2\/pages\/55084\/revisions\/55127"}],"up":[{"embeddable":true,"href":"https:\/\/www.accuratereviews.com\/it\/wp-json\/wp\/v2\/pages\/55061"}],"wp:featuredmedia":[{"embeddable":true,"href":"https:\/\/www.accuratereviews.com\/it\/wp-json\/wp\/v2\/media\/55090"}],"wp:attachment":[{"href":"https:\/\/www.accuratereviews.com\/it\/wp-json\/wp\/v2\/media?parent=55084"}],"wp:term":[{"taxonomy":"category","embeddable":true,"href":"https:\/\/www.accuratereviews.com\/it\/wp-json\/wp\/v2\/categories?post=55084"},{"taxonomy":"post_tag","embeddable":true,"href":"https:\/\/www.accuratereviews.com\/it\/wp-json\/wp\/v2\/tags?post=55084"},{"taxonomy":"features","embeddable":true,"href":"https:\/\/www.accuratereviews.com\/it\/wp-json\/wp\/v2\/features?post=55084"}],"curies":[{"name":"wp","href":"https:\/\/api.w.org\/{rel}","templated":true}]}}