{"id":55088,"date":"2022-03-21T11:40:11","date_gmt":"2022-03-21T11:40:11","guid":{"rendered":"https:\/\/www.accuratereviews.com\/?page_id=55088"},"modified":"2022-03-21T11:40:11","modified_gmt":"2022-03-21T11:40:11","slug":"axiscare-recensione","status":"publish","type":"page","link":"https:\/\/www.accuratereviews.com\/it\/software-assistenza-domiciliare\/axiscare-recensione\/","title":{"rendered":"AxisCare"},"content":{"rendered":"<p><strong>AxisCare<\/strong> \u00e8 una <strong>piattaforma di pianificazione<\/strong> e gestione <strong>dell&#8217;assistenza domiciliare<\/strong> basata sul web che fornisce formazione e supporto gratuiti e illimitati. Il programma\u00a0offre pianificazione intuitiva, un&#8217;app mobile GPS all&#8217;avanguardia, fatturazione automatica, promemoria farmaci, monitoraggio e metriche del ricovero, moduli e rapporti personalizzati, integrazioni di buste paga e fatturazione, funzionalit\u00e0 EVV, elaborazione dei pagamenti con finanziamento il giorno successivo, visita approfondimenti e molto altro ancora. Le funzionalit\u00e0 integrate di marketing e CRM consentono agli utenti di monitorare le entrate in base alla fonte di riferimento, analizzare i metodi pubblicitari, selezionare la migliore metodologia pubblicitaria e convertire i lead in clienti attivi. Il monitoraggio delle connessioni e delle relazioni consente alle agenzie di gestire gli sforzi di marketing e offrire un migliore ritorno sull&#8217;investimento.<\/p>\n<h2>AXISCARE &#8211; TUTORIAL<\/h2>\n<p>Vediamo come funzione applicazione mobile di questo <strong>software per l&#8217;assistenza domiciliare<\/strong>:<\/p>\n<div id=\"fluid-wrapper-counter-1\" class=\"g1-fluid-wrapper \" style=\"width:686px;\">\n<div style=\"padding-bottom:56.268221574344%;\"><iframe loading=\"lazy\" title=\"AxisCare Mobile - GPS Mobile App for Home Care Agencies\" width=\"686\" height=\"386\" src=\"https:\/\/www.youtube.com\/embed\/0Txqi2osOaI?feature=oembed&amp;wmode=transparent&amp;autohide=1&amp;autoplay=0&amp;disablekb=0&amp;fs=1&amp;loop=0&amp;enablejsapi=1&amp;rel=0&amp;controls=2&amp;showinfo=0&amp;wmode=transparent&amp;autohide=2&amp;autoplay=0&amp;disablekb=0&amp;fs=1&amp;loop=0&amp;enablejsapi=1&amp;rel=0&amp;controls=2&amp;showinfo=1\" frameborder=\"0\" allow=\"accelerometer; autoplay; clipboard-write; encrypted-media; gyroscope; picture-in-picture\" allowfullscreen><\/iframe><\/div>\n<\/div>\n<h3>AXISCARE &#8211; CARATTERISTICHE<\/h3>\n<ul>\n<li><strong>Design intuitivo<\/strong>: il design intuitivo rende le attivit\u00e0 quotidiane pi\u00f9 semplici ed efficienti sia per il personale dell&#8217;ufficio che per gli operatori sanitari. Gli utenti nuovi e non esperti di tecnologia sono in grado di apprendere rapidamente il sistema, risparmiando ore di formazione<\/li>\n<li><strong>Senza sprechi:<\/strong> crea moduli personalizzati, assicurandoti che le tue informazioni siano mantenute al sicuro e organizzate. Genera facilmente moduli di assunzione, valutazioni o piani di assistenza specializzati: i campi si compileranno automaticamente dal profilo del cliente, velocizzando i processi di documentazione<\/li>\n<li><strong>Fatturazione e buste paga flessibili per ogni attivit\u00e0 di assistenza domiciliare<\/strong>: la piattaforma di fatturazione e buste paga flessibile consente di creare tariffe e regole personalizzate per ogni situazione. Fattura facilmente a paganti di terze parti, avendo la certezza che le informazioni sulla tua visita siano accurate e formattate in modo appropriato<\/li>\n<li><strong>Prendi decisioni basate sui dati con una reportistica affidabile<\/strong>: raccogli, visualizza e analizza i tuoi dati per raccogliere informazioni pertinenti e utilizzabili, aiutandoti a prendere decisioni aziendali basate sui dati<\/li>\n<li><strong>Mantenere la conformit\u00e0 EVV<\/strong>: l&#8217;app mobile GPS rende il programma un pacchetto di gestione e alimentazione EVV per le agenzie di assistenza domiciliare che fatturano a Medicaid. Gli operatori sanitari sono in grado di timbrare elettronicamente in entrata e in uscita, acquisendo automaticamente la data, l&#8217;ora, la posizione, i servizi resi e qualsiasi altra informazione sulla visita<\/li>\n<li><strong>Flusso di cassa sano, elaborazione dei pagamenti e contabilit\u00e0 clienti<\/strong>: emetti\u00a0i tuoi clienti ed elabora i pagamenti, ora o in seguito, senza mai lasciare la soluzione, aiutandoti a mantenere le tue informazioni di pagamento al sicuro.<\/li>\n<\/ul>\n<h4>LE RECENSIONI DEGLI UTENTI<\/h4>\n<p class=\"font-weight-bold mb-2\"><strong>Jared W.&#8221;Fantastico prodotto. Miglioramento continuo pi\u00f9 e pi\u00f9 velocemente di qualsiasi software POC nel nostro spazio&#8221;<\/strong><\/p>\n<p class=\"font-weight-bold mb-2\"><strong>Commenti<\/strong>: Sono stati un ottimo partner e si stanno davvero impegnando per rendere i problemi del mondo reale pi\u00f9 facili da affrontare e supportano il nostro continuo sforzo per creare sistemi che rimuovono il lavoro manuale. Ci\u00f2 riduce il numero di errori possibili, semplifica i processi per una maggiore coerenza tra le nostre molteplici filiali e riduce il lavoro intenso per il nostro personale in modo che possa concentrarsi maggiormente sulle funzioni lavorative primarie.<\/p>\n<p><strong>Pro<\/strong>:\u00a0Facilit\u00e0 d&#8217;uso. Facile da addestrare. Viene costantemente migliorato attraverso l&#8217;ascolto effettivo del feedback dei clienti. I software precedenti utilizzati spesso fornivano aggiornamenti o &#8220;miglioramenti&#8221; senza valore e spesso ci siamo chiesti per chi nel mondo facessero quell&#8217;aggiornamento&#8230;.<\/p>\n<p><strong>Contro<\/strong>:\u00a0Alcuni dei siti web non sono eleganti e accattivanti come altri che ho visto o sono stati dimostrati. Stanno rifacendo diverse schermate per aggiornare l&#8217;aspetto e la funzionalit\u00e0 in pi\u00f9 fasi. Quelli che hanno aggiornato sembrano buoni.<\/p>\n<p class=\"font-weight-bold mb-2\"><strong>Hannah H.&#8221;Sistema software molto buono, ambiente di lavoro cos\u00ec veloce&#8221;<\/strong><\/p>\n<p><span class=\"font-weight-bold\"><strong>Commenti<\/strong>: <\/span>AxisCare \u00e8 stato fantastico. Siamo passati da un altro software a dicembre 2019 e finora non ho lamentele. Questo \u00e8 stato un drastico miglioramento rispetto al nostro software precedente.<\/p>\n<p class=\"font-weight-bold mb-2\"><strong>Pro<\/strong>:\u00a0AxisCare \u00e8 cos\u00ec facile da usare e il tempo di clic \u00e8 diminuito drasticamente da quando sono passato a questo sistema software. Adoro il fatto che abbiano un&#8217;app per gli operatori sanitari e quanto sia intuitiva la pianificazione. Mi rende la vita da manager di pianificazione molto pi\u00f9 semplice!<\/p>\n<p class=\"font-weight-bold mb-2\"><strong>Contro<\/strong>:\u00a0Vorrei che ci fosse un modo per confermare i turni del loro programma in modo da sapere che stanno controllando i loro programmi e non ci sono conflitti.<\/p>\n<p class=\"font-weight-bold mb-2\"><strong>Tim C.&#8221;Se desideri un ottimo software con un ottimo servizio clienti, scegli AxisCare&#8221;<\/strong><\/p>\n<p><span class=\"font-weight-bold\"><strong>Commenti<\/strong>: <\/span>\u00c8 stato fantastico. Ho un team su cui mi sono formato, ma ora mi affido al team di supporto AxisCare per rispondere a tutte le loro domande.<\/p>\n<p class=\"font-weight-bold mb-2\"><strong>Pro<\/strong>:\u00a0Questo \u00e8 difficile da dire perch\u00e9 il software fa cos\u00ec tanto. Mi sono trasferito da un loro concorrente e direi che la facilit\u00e0 d&#8217;uso dell&#8217;app mobile per i caregiver era il motivo principale.<\/p>\n<p class=\"font-weight-bold mb-2\"><strong>Contro<\/strong>:\u00a0Abbiamo esigenze di scenario di fatturazione diverse, ma il team di supporto ha finito per risolvere il problema con una soluzione personalizzata. Lavoreranno sodo sul modulo CRM che ha bisogno di lavoro, ma non \u00e8 per questo che la maggior parte delle persone usa AxisCare.<\/p>\n","protected":false},"excerpt":{"rendered":"<p>AxisCare \u00e8 una piattaforma di pianificazione e gestione dell&#8217;assistenza domiciliare basata sul web che fornisce formazione e supporto gratuiti e illimitati. Il programma\u00a0offre pianificazione intuitiva, un&#8217;app mobile GPS all&#8217;avanguardia, fatturazione automatica, promemoria farmaci, monitoraggio e metriche del ricovero, moduli e rapporti personalizzati, integrazioni di buste paga e fatturazione, funzionalit\u00e0 EVV, elaborazione dei pagamenti con finanziamento il giorno successivo, visita approfondimenti e molto altro ancora.<\/p>\n","protected":false},"author":16,"featured_media":55096,"parent":55061,"menu_order":0,"comment_status":"open","ping_status":"closed","template":"g1_template_page_review_new.php","meta":{"_acf_changed":false,"cwp_meta_box_check":"No","cwp_rev_product_name":"","cwp_rev_product_image":"","wppr_links":[],"cwp_rev_price":"","wppr_options":[],"wppr_pros":[],"wppr_cons":[],"_monsterinsights_skip_tracking":false,"_monsterinsights_sitenote_active":false,"_monsterinsights_sitenote_note":"","_monsterinsights_sitenote_category":0,"footnotes":""},"categories":[12271],"tags":[12274,12289,12275,12276,12273,12277],"features":[],"class_list":{"0":"post-55088","1":"page","2":"type-page","3":"status-publish","4":"has-post-thumbnail","6":"category-software-assistenza-domiciliare-categoria","7":"tag-assistenza-domiciliare","8":"tag-axiscare","9":"tag-piattaforma-assistenza-domiciliare","10":"tag-programma-assistenza-domiciliare","11":"tag-software-assistenza-domiciliare","12":"tag-soluzione-assistenza-domiciliare"},"wppr_data":{"cwp_meta_box_check":"No"},"acf":[],"yoast_head":"<!-- This site is optimized with the Yoast SEO plugin v27.4 - https:\/\/yoast.com\/product\/yoast-seo-wordpress\/ -->\n<title>AxisCare: recensione software assistenza domiciliare - Accurate Reviews<\/title>\n<meta name=\"description\" content=\"AxisCare: recensione soluzione di gestione assistenza domiciliare basata sul web che fornisce formazione e supporto gratuiti e illimitati.\" \/>\n<meta name=\"robots\" content=\"index, follow, max-snippet:-1, max-image-preview:large, max-video-preview:-1\" \/>\n<link rel=\"canonical\" href=\"https:\/\/www.accuratereviews.com\/it\/software-assistenza-domiciliare\/axiscare-recensione\/\" \/>\n<meta property=\"og:locale\" content=\"it_IT\" \/>\n<meta property=\"og:type\" content=\"article\" \/>\n<meta property=\"og:title\" content=\"AxisCare: recensione software assistenza domiciliare - Accurate Reviews\" \/>\n<meta property=\"og:description\" content=\"AxisCare: recensione soluzione di gestione assistenza domiciliare basata sul web che fornisce formazione e supporto gratuiti e illimitati.\" \/>\n<meta property=\"og:url\" content=\"https:\/\/www.accuratereviews.com\/it\/software-assistenza-domiciliare\/axiscare-recensione\/\" \/>\n<meta property=\"og:site_name\" content=\"Accurate Reviews\" \/>\n<meta property=\"og:image\" content=\"https:\/\/www.accuratereviews.com\/wp-content\/uploads\/2022\/03\/AxisCare.webp\" \/>\n\t<meta property=\"og:image:width\" content=\"600\" \/>\n\t<meta property=\"og:image:height\" content=\"600\" \/>\n\t<meta property=\"og:image:type\" content=\"image\/webp\" \/>\n<meta name=\"twitter:card\" content=\"summary_large_image\" \/>\n<meta name=\"twitter:label1\" content=\"Tempo di lettura stimato\" \/>\n\t<meta name=\"twitter:data1\" content=\"5 minuti\" \/>\n<script type=\"application\/ld+json\" class=\"yoast-schema-graph\">{\"@context\":\"https:\\\/\\\/schema.org\",\"@graph\":[{\"@type\":\"WebPage\",\"@id\":\"https:\\\/\\\/www.accuratereviews.com\\\/it\\\/software-assistenza-domiciliare\\\/axiscare-recensione\\\/\",\"url\":\"https:\\\/\\\/www.accuratereviews.com\\\/it\\\/software-assistenza-domiciliare\\\/axiscare-recensione\\\/\",\"name\":\"AxisCare: recensione software assistenza domiciliare - Accurate Reviews\",\"isPartOf\":{\"@id\":\"https:\\\/\\\/www.accuratereviews.com\\\/it\\\/#website\"},\"primaryImageOfPage\":{\"@id\":\"https:\\\/\\\/www.accuratereviews.com\\\/it\\\/software-assistenza-domiciliare\\\/axiscare-recensione\\\/#primaryimage\"},\"image\":{\"@id\":\"https:\\\/\\\/www.accuratereviews.com\\\/it\\\/software-assistenza-domiciliare\\\/axiscare-recensione\\\/#primaryimage\"},\"thumbnailUrl\":\"https:\\\/\\\/www.accuratereviews.com\\\/wp-content\\\/uploads\\\/2022\\\/03\\\/AxisCare.webp\",\"datePublished\":\"2022-03-21T11:40:11+00:00\",\"description\":\"AxisCare: recensione soluzione di gestione assistenza domiciliare basata sul web che fornisce formazione e supporto gratuiti e illimitati.\",\"breadcrumb\":{\"@id\":\"https:\\\/\\\/www.accuratereviews.com\\\/it\\\/software-assistenza-domiciliare\\\/axiscare-recensione\\\/#breadcrumb\"},\"inLanguage\":\"it-IT\",\"potentialAction\":[{\"@type\":\"ReadAction\",\"target\":[\"https:\\\/\\\/www.accuratereviews.com\\\/it\\\/software-assistenza-domiciliare\\\/axiscare-recensione\\\/\"]}]},{\"@type\":\"ImageObject\",\"inLanguage\":\"it-IT\",\"@id\":\"https:\\\/\\\/www.accuratereviews.com\\\/it\\\/software-assistenza-domiciliare\\\/axiscare-recensione\\\/#primaryimage\",\"url\":\"https:\\\/\\\/www.accuratereviews.com\\\/wp-content\\\/uploads\\\/2022\\\/03\\\/AxisCare.webp\",\"contentUrl\":\"https:\\\/\\\/www.accuratereviews.com\\\/wp-content\\\/uploads\\\/2022\\\/03\\\/AxisCare.webp\",\"width\":600,\"height\":600},{\"@type\":\"BreadcrumbList\",\"@id\":\"https:\\\/\\\/www.accuratereviews.com\\\/it\\\/software-assistenza-domiciliare\\\/axiscare-recensione\\\/#breadcrumb\",\"itemListElement\":[{\"@type\":\"ListItem\",\"position\":1,\"name\":\"Home\",\"item\":\"https:\\\/\\\/www.accuratereviews.com\\\/it\\\/\"},{\"@type\":\"ListItem\",\"position\":2,\"name\":\"Software assistenza domiciliare\",\"item\":\"https:\\\/\\\/www.accuratereviews.com\\\/it\\\/software-assistenza-domiciliare\\\/\"},{\"@type\":\"ListItem\",\"position\":3,\"name\":\"AxisCare\"}]},{\"@type\":\"WebSite\",\"@id\":\"https:\\\/\\\/www.accuratereviews.com\\\/it\\\/#website\",\"url\":\"https:\\\/\\\/www.accuratereviews.com\\\/it\\\/\",\"name\":\"Accurate Reviews\",\"description\":\"\",\"potentialAction\":[{\"@type\":\"SearchAction\",\"target\":{\"@type\":\"EntryPoint\",\"urlTemplate\":\"https:\\\/\\\/www.accuratereviews.com\\\/it\\\/?s={search_term_string}\"},\"query-input\":{\"@type\":\"PropertyValueSpecification\",\"valueRequired\":true,\"valueName\":\"search_term_string\"}}],\"inLanguage\":\"it-IT\"}]}<\/script>\n<!-- \/ Yoast SEO plugin. -->","yoast_head_json":{"title":"AxisCare: recensione software assistenza domiciliare - Accurate Reviews","description":"AxisCare: recensione soluzione di gestione assistenza domiciliare basata sul web che fornisce formazione e supporto gratuiti e illimitati.","robots":{"index":"index","follow":"follow","max-snippet":"max-snippet:-1","max-image-preview":"max-image-preview:large","max-video-preview":"max-video-preview:-1"},"canonical":"https:\/\/www.accuratereviews.com\/it\/software-assistenza-domiciliare\/axiscare-recensione\/","og_locale":"it_IT","og_type":"article","og_title":"AxisCare: recensione software assistenza domiciliare - Accurate Reviews","og_description":"AxisCare: recensione soluzione di gestione assistenza domiciliare basata sul web che fornisce formazione e supporto gratuiti e illimitati.","og_url":"https:\/\/www.accuratereviews.com\/it\/software-assistenza-domiciliare\/axiscare-recensione\/","og_site_name":"Accurate Reviews","og_image":[{"width":600,"height":600,"url":"https:\/\/www.accuratereviews.com\/wp-content\/uploads\/2022\/03\/AxisCare.webp","type":"image\/webp"}],"twitter_card":"summary_large_image","twitter_misc":{"Tempo di lettura stimato":"5 minuti"},"schema":{"@context":"https:\/\/schema.org","@graph":[{"@type":"WebPage","@id":"https:\/\/www.accuratereviews.com\/it\/software-assistenza-domiciliare\/axiscare-recensione\/","url":"https:\/\/www.accuratereviews.com\/it\/software-assistenza-domiciliare\/axiscare-recensione\/","name":"AxisCare: recensione software assistenza domiciliare - Accurate Reviews","isPartOf":{"@id":"https:\/\/www.accuratereviews.com\/it\/#website"},"primaryImageOfPage":{"@id":"https:\/\/www.accuratereviews.com\/it\/software-assistenza-domiciliare\/axiscare-recensione\/#primaryimage"},"image":{"@id":"https:\/\/www.accuratereviews.com\/it\/software-assistenza-domiciliare\/axiscare-recensione\/#primaryimage"},"thumbnailUrl":"https:\/\/www.accuratereviews.com\/wp-content\/uploads\/2022\/03\/AxisCare.webp","datePublished":"2022-03-21T11:40:11+00:00","description":"AxisCare: recensione soluzione di gestione assistenza domiciliare basata sul web che fornisce formazione e supporto gratuiti e illimitati.","breadcrumb":{"@id":"https:\/\/www.accuratereviews.com\/it\/software-assistenza-domiciliare\/axiscare-recensione\/#breadcrumb"},"inLanguage":"it-IT","potentialAction":[{"@type":"ReadAction","target":["https:\/\/www.accuratereviews.com\/it\/software-assistenza-domiciliare\/axiscare-recensione\/"]}]},{"@type":"ImageObject","inLanguage":"it-IT","@id":"https:\/\/www.accuratereviews.com\/it\/software-assistenza-domiciliare\/axiscare-recensione\/#primaryimage","url":"https:\/\/www.accuratereviews.com\/wp-content\/uploads\/2022\/03\/AxisCare.webp","contentUrl":"https:\/\/www.accuratereviews.com\/wp-content\/uploads\/2022\/03\/AxisCare.webp","width":600,"height":600},{"@type":"BreadcrumbList","@id":"https:\/\/www.accuratereviews.com\/it\/software-assistenza-domiciliare\/axiscare-recensione\/#breadcrumb","itemListElement":[{"@type":"ListItem","position":1,"name":"Home","item":"https:\/\/www.accuratereviews.com\/it\/"},{"@type":"ListItem","position":2,"name":"Software assistenza domiciliare","item":"https:\/\/www.accuratereviews.com\/it\/software-assistenza-domiciliare\/"},{"@type":"ListItem","position":3,"name":"AxisCare"}]},{"@type":"WebSite","@id":"https:\/\/www.accuratereviews.com\/it\/#website","url":"https:\/\/www.accuratereviews.com\/it\/","name":"Accurate Reviews","description":"","potentialAction":[{"@type":"SearchAction","target":{"@type":"EntryPoint","urlTemplate":"https:\/\/www.accuratereviews.com\/it\/?s={search_term_string}"},"query-input":{"@type":"PropertyValueSpecification","valueRequired":true,"valueName":"search_term_string"}}],"inLanguage":"it-IT"}]}},"_links":{"self":[{"href":"https:\/\/www.accuratereviews.com\/it\/wp-json\/wp\/v2\/pages\/55088","targetHints":{"allow":["GET"]}}],"collection":[{"href":"https:\/\/www.accuratereviews.com\/it\/wp-json\/wp\/v2\/pages"}],"about":[{"href":"https:\/\/www.accuratereviews.com\/it\/wp-json\/wp\/v2\/types\/page"}],"author":[{"embeddable":true,"href":"https:\/\/www.accuratereviews.com\/it\/wp-json\/wp\/v2\/users\/16"}],"replies":[{"embeddable":true,"href":"https:\/\/www.accuratereviews.com\/it\/wp-json\/wp\/v2\/comments?post=55088"}],"version-history":[{"count":9,"href":"https:\/\/www.accuratereviews.com\/it\/wp-json\/wp\/v2\/pages\/55088\/revisions"}],"predecessor-version":[{"id":55128,"href":"https:\/\/www.accuratereviews.com\/it\/wp-json\/wp\/v2\/pages\/55088\/revisions\/55128"}],"up":[{"embeddable":true,"href":"https:\/\/www.accuratereviews.com\/it\/wp-json\/wp\/v2\/pages\/55061"}],"wp:featuredmedia":[{"embeddable":true,"href":"https:\/\/www.accuratereviews.com\/it\/wp-json\/wp\/v2\/media\/55096"}],"wp:attachment":[{"href":"https:\/\/www.accuratereviews.com\/it\/wp-json\/wp\/v2\/media?parent=55088"}],"wp:term":[{"taxonomy":"category","embeddable":true,"href":"https:\/\/www.accuratereviews.com\/it\/wp-json\/wp\/v2\/categories?post=55088"},{"taxonomy":"post_tag","embeddable":true,"href":"https:\/\/www.accuratereviews.com\/it\/wp-json\/wp\/v2\/tags?post=55088"},{"taxonomy":"features","embeddable":true,"href":"https:\/\/www.accuratereviews.com\/it\/wp-json\/wp\/v2\/features?post=55088"}],"curies":[{"name":"wp","href":"https:\/\/api.w.org\/{rel}","templated":true}]}}