{"id":55103,"date":"2022-03-21T11:41:39","date_gmt":"2022-03-21T11:41:39","guid":{"rendered":"https:\/\/www.accuratereviews.com\/?page_id=55103"},"modified":"2022-03-21T11:41:39","modified_gmt":"2022-03-21T11:41:39","slug":"axxess-home-health-recensione","status":"publish","type":"page","link":"https:\/\/www.accuratereviews.com\/it\/software-assistenza-domiciliare\/axxess-home-health-recensione\/","title":{"rendered":"Axxess Home Health"},"content":{"rendered":"<p class=\"h3 mb-1\"><strong>Axxess Home Health<\/strong> \u00e8 una suite completa di <strong>soluzioni per l&#8217;assistenza domiciliare<\/strong> che ti permette di gestire la tua organizzazione sempre e da qualsiasi dispositivo. si tratta di soluzioni software aziendali basate sul cloud che possono essere mediche, non mediche (fornendo un&#8217;assistenza di qualit\u00e0 su misura per le esigenze dell&#8217;utente) e pediatriche.<br \/>\nGrazie all&#8217;elaborazione delle richieste in tempo reale di\u00a0<strong>Axxess Home Health<\/strong>, potrai farti pagare pi\u00f9 velocemente da tutti e abbinare assistenti qualificati alle esigenze e alle preferenze degli utenti.<\/p>\n<h2>AXXESS HOME HEALTH &#8211; TUTORIAL<\/h2>\n<div id=\"fluid-wrapper-counter-1\" class=\"g1-fluid-wrapper \" style=\"width:686px;\">\n<div style=\"padding-bottom:56.268221574344%;\"><iframe loading=\"lazy\" title=\"Axxess | A Complete Software Platform for Home Health Organizations\" width=\"686\" height=\"386\" src=\"https:\/\/www.youtube.com\/embed\/5Z-EO3-zGfA?feature=oembed&amp;wmode=transparent&amp;autohide=1&amp;autoplay=0&amp;disablekb=0&amp;fs=1&amp;loop=0&amp;enablejsapi=1&amp;rel=0&amp;controls=2&amp;showinfo=0&amp;wmode=transparent&amp;autohide=2&amp;autoplay=0&amp;disablekb=0&amp;fs=1&amp;loop=0&amp;enablejsapi=1&amp;rel=0&amp;controls=2&amp;showinfo=1\" frameborder=\"0\" allow=\"accelerometer; autoplay; clipboard-write; encrypted-media; gyroscope; picture-in-picture\" allowfullscreen><\/iframe><\/div>\n<\/div>\n<h3>AXXESS HOME HEALTH &#8211; CARATTERISTICHE<\/h3>\n<ul>\n<li>Pianifica e monitora le visite in tempo reale<\/li>\n<li>Pianifica nuove visite, visualizza le prossime, documenta quelle mancate e molto altro ancora<\/li>\n<li>Aggiornamenti automatici<\/li>\n<li>Documenta mentre ti prendi cura dei pazienti<\/li>\n<li>Comunica con tutti i membri del team di cura<\/li>\n<li>Documenta le cure senza una connessione a internet<\/li>\n<li>Documenta accuratamente al centro di cura<\/li>\n<li>Semplifica le operazioni di ogni reparto migliorando i risultati per i pazienti<\/li>\n<li>Analizza, valuta e migliora continuamente le prestazioni<\/li>\n<li>Massimizza i rimborsi, migliora l&#8217;accuratezza e risparmia tempo garantendo dichiarazioni accurate<\/li>\n<li>I flussi di lavoro basati sulla conformit\u00e0 vi aiutano a rimanere pronti per le indagini e conformi<\/li>\n<li>Permetti ai medici di completare rapidamente la documentazione in qualsiasi momento e ovunque<\/li>\n<li>Fattura elettronicamente qualsiasi ente assicurativo<\/li>\n<li>Invia, traccia, regola e aggiorna automaticamente le richieste di rimborso<\/li>\n<li>Cruscotti di segnalazione potenti e completamente integrati rendono facile il monitoraggio delle operazioni<\/li>\n<li>Ottieni in tempo reale lo stato di idoneit\u00e0 Medicare con spiegazioni dettagliate<\/li>\n<li>Goditi l&#8217;accesso in tempo reale alle tue richieste su qualsiasi piattaforma<\/li>\n<li>Uno sportello unico fornisce visibilit\u00e0 e controllo per far crescere il tuo business<\/li>\n<li>I dati in tempo reale consentono un processo decisionale tempestivo e informato<\/li>\n<li>Report solidi consentono una panoramica di tutti gli aspetti della vostra attivit\u00e0<\/li>\n<li>Ottieni pagamenti pi\u00f9 rapidi con una pipeline diretta a tutti i pagatori, incluso CMS<\/li>\n<li>Il team di supporto leader del settore \u00e8 impegnato nel successo del cliente.<\/li>\n<\/ul>\n<h4>LE RECENSIONI DEGLI UTENTI<\/h4>\n<p><strong>Jacob M. &#8220;Portale di gestione dei servizi online all&#8217;avanguardia per le agenzie di Home Health&#8221;<\/strong><br \/>\nCOMMENTI: nel complesso, la nostra agenzia \u00e8 molto entusiasta di usare AXXESS per i 4 mesi che abbiamo usato il software<br \/>\nPRO: la facilit\u00e0 d&#8217;uso e le numerose dashboard che aiutano a monitorare le prestazioni sulle misure chiave. La funzione di cura AXXESS \u00e8 anche ottima per il personale<br \/>\nCONTRO: il creatore di moduli e la funzione di firma elettronica per l&#8217;Home Health non sono ancora operativi<\/p>\n<p><strong>Linda P. &#8220;ottimo prodotto&#8221;<\/strong><br \/>\nPRO: l&#8217;intero programma \u00e8 cos\u00ec facile da usare. Tutto \u00e8 immediato.<br \/>\nCONTRO: \u00e8 troppo facile per i medici con il permesso di modificare i dettagli delle attivit\u00e0 per cambiare le date e poi le visite sono fuori frequenza. AxxessDDE dovrebbe avere una funzionalit\u00e0 per l&#8217;inserimento diretto dei dati per la fatturazione. Abbiamo un sacco di valutazioni PT restituite dal medico perch\u00e9 non c&#8217;\u00e8 un posto per la data di nascita.<\/p>\n<p><strong>Miriam K. &#8220;Axxess Home Health&#8221;<\/strong><br \/>\nCOMMENTI: eccellente<br \/>\nPRO: quello che mi piace di pi\u00f9 \u00e8 il modulo del foglio del paziente. \u00c8 cos\u00ec semplice mettere le informazioni del paziente.<br \/>\nCONTRO: \u00e8 facile da manovrare. Passo dopo passo \u00e8 facile da insegnare e molto comprensibile.<\/p>\n","protected":false},"excerpt":{"rendered":"<p>Axxess Home Health \u00e8 una suite completa di soluzioni per l&#8217;assistenza domiciliare che ti permette di gestire la tua organizzazione sempre e da qualsiasi dispositivo. si tratta di soluzioni software aziendali basate sul cloud che possono essere mediche, non mediche (fornendo un&#8217;assistenza di qualit\u00e0 su misura per le esigenze dell&#8217;utente) e pediatriche.<\/p>\n","protected":false},"author":17,"featured_media":55104,"parent":55061,"menu_order":0,"comment_status":"open","ping_status":"closed","template":"g1_template_page_review_new.php","meta":{"_acf_changed":false,"cwp_meta_box_check":"No","cwp_rev_product_name":"","cwp_rev_product_image":"","wppr_links":[],"cwp_rev_price":"","wppr_options":[],"wppr_pros":[],"wppr_cons":[],"_monsterinsights_skip_tracking":false,"_monsterinsights_sitenote_active":false,"_monsterinsights_sitenote_note":"","_monsterinsights_sitenote_category":0,"footnotes":""},"categories":[12271],"tags":[12274,12275,12276,12273,12277],"features":[],"class_list":{"0":"post-55103","1":"page","2":"type-page","3":"status-publish","4":"has-post-thumbnail","6":"category-software-assistenza-domiciliare-categoria","7":"tag-assistenza-domiciliare","8":"tag-piattaforma-assistenza-domiciliare","9":"tag-programma-assistenza-domiciliare","10":"tag-software-assistenza-domiciliare","11":"tag-soluzione-assistenza-domiciliare"},"wppr_data":{"cwp_meta_box_check":"No"},"acf":[],"yoast_head":"<!-- This site is optimized with the Yoast SEO plugin v27.4 - https:\/\/yoast.com\/product\/yoast-seo-wordpress\/ -->\n<title>Axxess Home Health: software assistenza domiciliare - Accurate Reviews<\/title>\n<meta name=\"description\" content=\"Axxess Home Health \u00e8 una suite completa di soluzioni per l&#039;assistenza domiciliare che ti permette di gestire la tua organizzazione sanitaria.\" \/>\n<meta name=\"robots\" content=\"index, follow, max-snippet:-1, max-image-preview:large, max-video-preview:-1\" \/>\n<link rel=\"canonical\" href=\"https:\/\/www.accuratereviews.com\/it\/software-assistenza-domiciliare\/axxess-home-health-recensione\/\" \/>\n<meta property=\"og:locale\" content=\"it_IT\" \/>\n<meta property=\"og:type\" content=\"article\" \/>\n<meta property=\"og:title\" content=\"Axxess Home Health: software assistenza domiciliare - Accurate Reviews\" \/>\n<meta property=\"og:description\" content=\"Axxess Home Health \u00e8 una suite completa di soluzioni per l&#039;assistenza domiciliare che ti permette di gestire la tua organizzazione sanitaria.\" \/>\n<meta property=\"og:url\" content=\"https:\/\/www.accuratereviews.com\/it\/software-assistenza-domiciliare\/axxess-home-health-recensione\/\" \/>\n<meta property=\"og:site_name\" content=\"Accurate Reviews\" \/>\n<meta property=\"og:image\" content=\"https:\/\/www.accuratereviews.com\/wp-content\/uploads\/2022\/03\/New-Axxess-logo.png\" \/>\n\t<meta property=\"og:image:width\" content=\"640\" \/>\n\t<meta property=\"og:image:height\" content=\"430\" \/>\n\t<meta property=\"og:image:type\" content=\"image\/png\" \/>\n<meta name=\"twitter:card\" content=\"summary_large_image\" \/>\n<meta name=\"twitter:label1\" content=\"Tempo di lettura stimato\" \/>\n\t<meta name=\"twitter:data1\" content=\"3 minuti\" \/>\n<script type=\"application\/ld+json\" class=\"yoast-schema-graph\">{\"@context\":\"https:\\\/\\\/schema.org\",\"@graph\":[{\"@type\":\"WebPage\",\"@id\":\"https:\\\/\\\/www.accuratereviews.com\\\/it\\\/software-assistenza-domiciliare\\\/axxess-home-health-recensione\\\/\",\"url\":\"https:\\\/\\\/www.accuratereviews.com\\\/it\\\/software-assistenza-domiciliare\\\/axxess-home-health-recensione\\\/\",\"name\":\"Axxess Home Health: software assistenza domiciliare - Accurate Reviews\",\"isPartOf\":{\"@id\":\"https:\\\/\\\/www.accuratereviews.com\\\/it\\\/#website\"},\"primaryImageOfPage\":{\"@id\":\"https:\\\/\\\/www.accuratereviews.com\\\/it\\\/software-assistenza-domiciliare\\\/axxess-home-health-recensione\\\/#primaryimage\"},\"image\":{\"@id\":\"https:\\\/\\\/www.accuratereviews.com\\\/it\\\/software-assistenza-domiciliare\\\/axxess-home-health-recensione\\\/#primaryimage\"},\"thumbnailUrl\":\"https:\\\/\\\/www.accuratereviews.com\\\/wp-content\\\/uploads\\\/2022\\\/03\\\/New-Axxess-logo.png\",\"datePublished\":\"2022-03-21T11:41:39+00:00\",\"description\":\"Axxess Home Health \u00e8 una suite completa di soluzioni per l'assistenza domiciliare che ti permette di gestire la tua organizzazione sanitaria.\",\"breadcrumb\":{\"@id\":\"https:\\\/\\\/www.accuratereviews.com\\\/it\\\/software-assistenza-domiciliare\\\/axxess-home-health-recensione\\\/#breadcrumb\"},\"inLanguage\":\"it-IT\",\"potentialAction\":[{\"@type\":\"ReadAction\",\"target\":[\"https:\\\/\\\/www.accuratereviews.com\\\/it\\\/software-assistenza-domiciliare\\\/axxess-home-health-recensione\\\/\"]}]},{\"@type\":\"ImageObject\",\"inLanguage\":\"it-IT\",\"@id\":\"https:\\\/\\\/www.accuratereviews.com\\\/it\\\/software-assistenza-domiciliare\\\/axxess-home-health-recensione\\\/#primaryimage\",\"url\":\"https:\\\/\\\/www.accuratereviews.com\\\/wp-content\\\/uploads\\\/2022\\\/03\\\/New-Axxess-logo.png\",\"contentUrl\":\"https:\\\/\\\/www.accuratereviews.com\\\/wp-content\\\/uploads\\\/2022\\\/03\\\/New-Axxess-logo.png\",\"width\":640,\"height\":430},{\"@type\":\"BreadcrumbList\",\"@id\":\"https:\\\/\\\/www.accuratereviews.com\\\/it\\\/software-assistenza-domiciliare\\\/axxess-home-health-recensione\\\/#breadcrumb\",\"itemListElement\":[{\"@type\":\"ListItem\",\"position\":1,\"name\":\"Home\",\"item\":\"https:\\\/\\\/www.accuratereviews.com\\\/it\\\/\"},{\"@type\":\"ListItem\",\"position\":2,\"name\":\"Software assistenza domiciliare\",\"item\":\"https:\\\/\\\/www.accuratereviews.com\\\/it\\\/software-assistenza-domiciliare\\\/\"},{\"@type\":\"ListItem\",\"position\":3,\"name\":\"Axxess Home Health\"}]},{\"@type\":\"WebSite\",\"@id\":\"https:\\\/\\\/www.accuratereviews.com\\\/it\\\/#website\",\"url\":\"https:\\\/\\\/www.accuratereviews.com\\\/it\\\/\",\"name\":\"Accurate Reviews\",\"description\":\"\",\"potentialAction\":[{\"@type\":\"SearchAction\",\"target\":{\"@type\":\"EntryPoint\",\"urlTemplate\":\"https:\\\/\\\/www.accuratereviews.com\\\/it\\\/?s={search_term_string}\"},\"query-input\":{\"@type\":\"PropertyValueSpecification\",\"valueRequired\":true,\"valueName\":\"search_term_string\"}}],\"inLanguage\":\"it-IT\"}]}<\/script>\n<!-- \/ Yoast SEO plugin. -->","yoast_head_json":{"title":"Axxess Home Health: software assistenza domiciliare - Accurate Reviews","description":"Axxess Home Health \u00e8 una suite completa di soluzioni per l'assistenza domiciliare che ti permette di gestire la tua organizzazione sanitaria.","robots":{"index":"index","follow":"follow","max-snippet":"max-snippet:-1","max-image-preview":"max-image-preview:large","max-video-preview":"max-video-preview:-1"},"canonical":"https:\/\/www.accuratereviews.com\/it\/software-assistenza-domiciliare\/axxess-home-health-recensione\/","og_locale":"it_IT","og_type":"article","og_title":"Axxess Home Health: software assistenza domiciliare - Accurate Reviews","og_description":"Axxess Home Health \u00e8 una suite completa di soluzioni per l'assistenza domiciliare che ti permette di gestire la tua organizzazione sanitaria.","og_url":"https:\/\/www.accuratereviews.com\/it\/software-assistenza-domiciliare\/axxess-home-health-recensione\/","og_site_name":"Accurate Reviews","og_image":[{"width":640,"height":430,"url":"https:\/\/www.accuratereviews.com\/wp-content\/uploads\/2022\/03\/New-Axxess-logo.png","type":"image\/png"}],"twitter_card":"summary_large_image","twitter_misc":{"Tempo di lettura stimato":"3 minuti"},"schema":{"@context":"https:\/\/schema.org","@graph":[{"@type":"WebPage","@id":"https:\/\/www.accuratereviews.com\/it\/software-assistenza-domiciliare\/axxess-home-health-recensione\/","url":"https:\/\/www.accuratereviews.com\/it\/software-assistenza-domiciliare\/axxess-home-health-recensione\/","name":"Axxess Home Health: software assistenza domiciliare - Accurate Reviews","isPartOf":{"@id":"https:\/\/www.accuratereviews.com\/it\/#website"},"primaryImageOfPage":{"@id":"https:\/\/www.accuratereviews.com\/it\/software-assistenza-domiciliare\/axxess-home-health-recensione\/#primaryimage"},"image":{"@id":"https:\/\/www.accuratereviews.com\/it\/software-assistenza-domiciliare\/axxess-home-health-recensione\/#primaryimage"},"thumbnailUrl":"https:\/\/www.accuratereviews.com\/wp-content\/uploads\/2022\/03\/New-Axxess-logo.png","datePublished":"2022-03-21T11:41:39+00:00","description":"Axxess Home Health \u00e8 una suite completa di soluzioni per l'assistenza domiciliare che ti permette di gestire la tua organizzazione sanitaria.","breadcrumb":{"@id":"https:\/\/www.accuratereviews.com\/it\/software-assistenza-domiciliare\/axxess-home-health-recensione\/#breadcrumb"},"inLanguage":"it-IT","potentialAction":[{"@type":"ReadAction","target":["https:\/\/www.accuratereviews.com\/it\/software-assistenza-domiciliare\/axxess-home-health-recensione\/"]}]},{"@type":"ImageObject","inLanguage":"it-IT","@id":"https:\/\/www.accuratereviews.com\/it\/software-assistenza-domiciliare\/axxess-home-health-recensione\/#primaryimage","url":"https:\/\/www.accuratereviews.com\/wp-content\/uploads\/2022\/03\/New-Axxess-logo.png","contentUrl":"https:\/\/www.accuratereviews.com\/wp-content\/uploads\/2022\/03\/New-Axxess-logo.png","width":640,"height":430},{"@type":"BreadcrumbList","@id":"https:\/\/www.accuratereviews.com\/it\/software-assistenza-domiciliare\/axxess-home-health-recensione\/#breadcrumb","itemListElement":[{"@type":"ListItem","position":1,"name":"Home","item":"https:\/\/www.accuratereviews.com\/it\/"},{"@type":"ListItem","position":2,"name":"Software assistenza domiciliare","item":"https:\/\/www.accuratereviews.com\/it\/software-assistenza-domiciliare\/"},{"@type":"ListItem","position":3,"name":"Axxess Home Health"}]},{"@type":"WebSite","@id":"https:\/\/www.accuratereviews.com\/it\/#website","url":"https:\/\/www.accuratereviews.com\/it\/","name":"Accurate Reviews","description":"","potentialAction":[{"@type":"SearchAction","target":{"@type":"EntryPoint","urlTemplate":"https:\/\/www.accuratereviews.com\/it\/?s={search_term_string}"},"query-input":{"@type":"PropertyValueSpecification","valueRequired":true,"valueName":"search_term_string"}}],"inLanguage":"it-IT"}]}},"_links":{"self":[{"href":"https:\/\/www.accuratereviews.com\/it\/wp-json\/wp\/v2\/pages\/55103","targetHints":{"allow":["GET"]}}],"collection":[{"href":"https:\/\/www.accuratereviews.com\/it\/wp-json\/wp\/v2\/pages"}],"about":[{"href":"https:\/\/www.accuratereviews.com\/it\/wp-json\/wp\/v2\/types\/page"}],"author":[{"embeddable":true,"href":"https:\/\/www.accuratereviews.com\/it\/wp-json\/wp\/v2\/users\/17"}],"replies":[{"embeddable":true,"href":"https:\/\/www.accuratereviews.com\/it\/wp-json\/wp\/v2\/comments?post=55103"}],"version-history":[{"count":4,"href":"https:\/\/www.accuratereviews.com\/it\/wp-json\/wp\/v2\/pages\/55103\/revisions"}],"predecessor-version":[{"id":55131,"href":"https:\/\/www.accuratereviews.com\/it\/wp-json\/wp\/v2\/pages\/55103\/revisions\/55131"}],"up":[{"embeddable":true,"href":"https:\/\/www.accuratereviews.com\/it\/wp-json\/wp\/v2\/pages\/55061"}],"wp:featuredmedia":[{"embeddable":true,"href":"https:\/\/www.accuratereviews.com\/it\/wp-json\/wp\/v2\/media\/55104"}],"wp:attachment":[{"href":"https:\/\/www.accuratereviews.com\/it\/wp-json\/wp\/v2\/media?parent=55103"}],"wp:term":[{"taxonomy":"category","embeddable":true,"href":"https:\/\/www.accuratereviews.com\/it\/wp-json\/wp\/v2\/categories?post=55103"},{"taxonomy":"post_tag","embeddable":true,"href":"https:\/\/www.accuratereviews.com\/it\/wp-json\/wp\/v2\/tags?post=55103"},{"taxonomy":"features","embeddable":true,"href":"https:\/\/www.accuratereviews.com\/it\/wp-json\/wp\/v2\/features?post=55103"}],"curies":[{"name":"wp","href":"https:\/\/api.w.org\/{rel}","templated":true}]}}