{"id":5511,"date":"2015-10-07T15:36:20","date_gmt":"2015-10-07T15:36:20","guid":{"rendered":"http:\/\/www.accuratereviews.com\/it\/software-contabilita-migliori\/freshbooks\/"},"modified":"2016-11-14T16:20:35","modified_gmt":"2016-11-14T16:20:35","slug":"freshbooks","status":"publish","type":"page","link":"https:\/\/www.accuratereviews.com\/it\/software-contabilita-migliori-lista-software\/freshbooks\/","title":{"rendered":"FreshBooks"},"content":{"rendered":"<div id=\"attachment_1537\" style=\"width: 870px\" class=\"wp-caption alignnone\"><img loading=\"lazy\" decoding=\"async\" aria-describedby=\"caption-attachment-1537\" class=\"size-full wp-image-1537\" src=\"http:\/\/www.accuratereviews.com\/wp-content\/uploads\/2015\/10\/home-page.png\" alt=\"Overlook view of all the aspects of your business.\" width=\"860\" height=\"1217\" srcset=\"https:\/\/www.accuratereviews.com\/wp-content\/uploads\/2015\/10\/home-page.png 860w, https:\/\/www.accuratereviews.com\/wp-content\/uploads\/2015\/10\/home-page-212x300.png 212w, https:\/\/www.accuratereviews.com\/wp-content\/uploads\/2015\/10\/home-page-724x1024.png 724w, https:\/\/www.accuratereviews.com\/wp-content\/uploads\/2015\/10\/home-page-88x125.png 88w, https:\/\/www.accuratereviews.com\/wp-content\/uploads\/2015\/10\/home-page-35x50.png 35w, https:\/\/www.accuratereviews.com\/wp-content\/uploads\/2015\/10\/home-page-636x900.png 636w, https:\/\/www.accuratereviews.com\/wp-content\/uploads\/2015\/10\/home-page-320x453.png 320w, https:\/\/www.accuratereviews.com\/wp-content\/uploads\/2015\/10\/home-page-239x338.png 239w\" sizes=\"auto, (max-width: 860px) 100vw, 860px\" \/><p id=\"caption-attachment-1537\" class=\"wp-caption-text\">Lo stato delle vostre finanze, in un colpo d&#8217;occhio.<\/p><\/div>\n<p><strong>FreshBooks \u00e8 una piattaforma online per la contabilit\u00e0<\/strong>, probabilmente la migliore in tutto il panorama dell\u2019accounting. In un solo prodotto troviamo non solo funzioni avanzate per la contabilit\u00e0, ma anche <strong>tool per il timesheet<\/strong> (ovvero il controllo del tempo speso dai dipendenti) e <strong>strumenti avanzati per la fatturazione<\/strong>.<\/p>\n<p>FreshBooks consente di registrare e tenere traccia di tutte le spese e i pagamenti effettuati. \u00c8 in grado di estrarre i dati direttamente dal conto in banca o dalla carta di credito, risparmiandoci l\u2019inserimento manuale di ogni singola spesa. La piattaforma, inoltre, <strong>si integra con alcuni gateway di pagamento come PayPal, Stripe e Authorize.net<\/strong>, fornendo un sistema sicuro e affidabile per ricevere i pagamenti da parte dei clienti. A proposito di autorizzazioni, <strong>FreshBooks funziona a meraviglia anche con le maggiori piattaforme di e-commerce come Magento e Shopify<\/strong>. L\u2019interfaccia non \u00e8 disponibile in lingua italiana.<\/p>\n<p>Per maggiori dettagli su FreshBooks vi rimandiamo alla <a href=\"https:\/\/www.accuratereviews.com\/best-accounting-service-reviews-list\/freshbooks\/\" title=\"recensione approfondita in inglese\">recensione approfondita in inglese<\/a>.<\/p>\n","protected":false},"excerpt":{"rendered":"<p>FreshBooks \u00e8 una piattaforma online per la contabilit\u00e0, probabilmente la migliore in tutto il panorama dell\u2019accounting. In un solo prodotto troviamo non solo funzioni avanzate per la contabilit\u00e0, ma anche tool per il timesheet e strumenti avanzati per la fatturazione.<\/p>\n","protected":false},"author":16,"featured_media":0,"parent":5495,"menu_order":7,"comment_status":"open","ping_status":"closed","template":"g1_template_page_review_new.php","meta":{"_acf_changed":false,"cwp_meta_box_check":"Yes","cwp_rev_product_name":"","cwp_rev_product_image":"","wppr_links":[],"cwp_rev_price":"","wppr_options":[],"wppr_pros":[],"wppr_cons":[],"_monsterinsights_skip_tracking":false,"_monsterinsights_sitenote_active":false,"_monsterinsights_sitenote_note":"","_monsterinsights_sitenote_category":0,"footnotes":""},"categories":[97,96],"tags":[],"features":[],"class_list":{"0":"post-5511","1":"page","2":"type-page","3":"status-publish","5":"category-accounting-services-it","6":"category-contabilita"},"wppr_data":{"cwp_meta_box_check":"Yes","cwp_rev_product_name":"","cwp_rev_product_image":"","cwp_image_link":"image","cwp_rev_price":"","wppr_rating":"0.00"},"acf":[],"yoast_head":"<!-- This site is optimized with the Yoast SEO plugin v27.4 - https:\/\/yoast.com\/product\/yoast-seo-wordpress\/ -->\n<title>FreshBooks recensione miglior software per contabilit\u00e0 | Accurate Reviews<\/title>\n<meta name=\"description\" content=\"FreshBooks \u00e8 una piattaforma online per la contabilit\u00e0, la migliore in tutto il panorama dell\u2019accounting. In un solo prodotto troviamo funzioni avanzate.\" \/>\n<meta name=\"robots\" content=\"index, follow, max-snippet:-1, max-image-preview:large, max-video-preview:-1\" \/>\n<link rel=\"canonical\" href=\"https:\/\/www.accuratereviews.com\/it\/software-contabilita-migliori-lista-software\/freshbooks\/\" \/>\n<meta property=\"og:locale\" content=\"it_IT\" \/>\n<meta property=\"og:type\" content=\"article\" \/>\n<meta property=\"og:title\" content=\"FreshBooks recensione miglior software per contabilit\u00e0 | Accurate Reviews\" \/>\n<meta property=\"og:description\" content=\"FreshBooks \u00e8 una piattaforma online per la contabilit\u00e0, la migliore in tutto il panorama dell\u2019accounting. In un solo prodotto troviamo funzioni avanzate.\" \/>\n<meta property=\"og:url\" content=\"https:\/\/www.accuratereviews.com\/it\/software-contabilita-migliori-lista-software\/freshbooks\/\" \/>\n<meta property=\"og:site_name\" content=\"Accurate Reviews\" \/>\n<meta property=\"article:modified_time\" content=\"2016-11-14T16:20:35+00:00\" \/>\n<meta property=\"og:image\" content=\"http:\/\/www.accuratereviews.com\/wp-content\/uploads\/2015\/10\/home-page.png\" \/>\n<meta name=\"twitter:card\" content=\"summary_large_image\" \/>\n<meta name=\"twitter:label1\" content=\"Tempo di lettura stimato\" \/>\n\t<meta name=\"twitter:data1\" content=\"1 minuto\" \/>\n<script type=\"application\/ld+json\" class=\"yoast-schema-graph\">{\"@context\":\"https:\\\/\\\/schema.org\",\"@graph\":[{\"@type\":\"WebPage\",\"@id\":\"https:\\\/\\\/www.accuratereviews.com\\\/it\\\/software-contabilita-migliori-lista-software\\\/freshbooks\\\/\",\"url\":\"https:\\\/\\\/www.accuratereviews.com\\\/it\\\/software-contabilita-migliori-lista-software\\\/freshbooks\\\/\",\"name\":\"FreshBooks recensione miglior software per contabilit\u00e0 | Accurate Reviews\",\"isPartOf\":{\"@id\":\"https:\\\/\\\/www.accuratereviews.com\\\/it\\\/#website\"},\"primaryImageOfPage\":{\"@id\":\"https:\\\/\\\/www.accuratereviews.com\\\/it\\\/software-contabilita-migliori-lista-software\\\/freshbooks\\\/#primaryimage\"},\"image\":{\"@id\":\"https:\\\/\\\/www.accuratereviews.com\\\/it\\\/software-contabilita-migliori-lista-software\\\/freshbooks\\\/#primaryimage\"},\"thumbnailUrl\":\"http:\\\/\\\/www.accuratereviews.com\\\/wp-content\\\/uploads\\\/2015\\\/10\\\/home-page.png\",\"datePublished\":\"2015-10-07T15:36:20+00:00\",\"dateModified\":\"2016-11-14T16:20:35+00:00\",\"description\":\"FreshBooks \u00e8 una piattaforma online per la contabilit\u00e0, la migliore in tutto il panorama dell\u2019accounting. In un solo prodotto troviamo funzioni avanzate.\",\"breadcrumb\":{\"@id\":\"https:\\\/\\\/www.accuratereviews.com\\\/it\\\/software-contabilita-migliori-lista-software\\\/freshbooks\\\/#breadcrumb\"},\"inLanguage\":\"it-IT\",\"potentialAction\":[{\"@type\":\"ReadAction\",\"target\":[\"https:\\\/\\\/www.accuratereviews.com\\\/it\\\/software-contabilita-migliori-lista-software\\\/freshbooks\\\/\"]}]},{\"@type\":\"ImageObject\",\"inLanguage\":\"it-IT\",\"@id\":\"https:\\\/\\\/www.accuratereviews.com\\\/it\\\/software-contabilita-migliori-lista-software\\\/freshbooks\\\/#primaryimage\",\"url\":\"http:\\\/\\\/www.accuratereviews.com\\\/wp-content\\\/uploads\\\/2015\\\/10\\\/home-page.png\",\"contentUrl\":\"http:\\\/\\\/www.accuratereviews.com\\\/wp-content\\\/uploads\\\/2015\\\/10\\\/home-page.png\"},{\"@type\":\"BreadcrumbList\",\"@id\":\"https:\\\/\\\/www.accuratereviews.com\\\/it\\\/software-contabilita-migliori-lista-software\\\/freshbooks\\\/#breadcrumb\",\"itemListElement\":[{\"@type\":\"ListItem\",\"position\":1,\"name\":\"Home\",\"item\":\"https:\\\/\\\/www.accuratereviews.com\\\/it\\\/\"},{\"@type\":\"ListItem\",\"position\":2,\"name\":\"I migliori software di contabilit\u00e0\",\"item\":\"https:\\\/\\\/www.accuratereviews.com\\\/it\\\/software-contabilita-migliori-lista-software\\\/\"},{\"@type\":\"ListItem\",\"position\":3,\"name\":\"FreshBooks\"}]},{\"@type\":\"WebSite\",\"@id\":\"https:\\\/\\\/www.accuratereviews.com\\\/it\\\/#website\",\"url\":\"https:\\\/\\\/www.accuratereviews.com\\\/it\\\/\",\"name\":\"Accurate Reviews\",\"description\":\"\",\"potentialAction\":[{\"@type\":\"SearchAction\",\"target\":{\"@type\":\"EntryPoint\",\"urlTemplate\":\"https:\\\/\\\/www.accuratereviews.com\\\/it\\\/?s={search_term_string}\"},\"query-input\":{\"@type\":\"PropertyValueSpecification\",\"valueRequired\":true,\"valueName\":\"search_term_string\"}}],\"inLanguage\":\"it-IT\"}]}<\/script>\n<!-- \/ Yoast SEO plugin. -->","yoast_head_json":{"title":"FreshBooks recensione miglior software per contabilit\u00e0 | Accurate Reviews","description":"FreshBooks \u00e8 una piattaforma online per la contabilit\u00e0, la migliore in tutto il panorama dell\u2019accounting. In un solo prodotto troviamo funzioni avanzate.","robots":{"index":"index","follow":"follow","max-snippet":"max-snippet:-1","max-image-preview":"max-image-preview:large","max-video-preview":"max-video-preview:-1"},"canonical":"https:\/\/www.accuratereviews.com\/it\/software-contabilita-migliori-lista-software\/freshbooks\/","og_locale":"it_IT","og_type":"article","og_title":"FreshBooks recensione miglior software per contabilit\u00e0 | Accurate Reviews","og_description":"FreshBooks \u00e8 una piattaforma online per la contabilit\u00e0, la migliore in tutto il panorama dell\u2019accounting. In un solo prodotto troviamo funzioni avanzate.","og_url":"https:\/\/www.accuratereviews.com\/it\/software-contabilita-migliori-lista-software\/freshbooks\/","og_site_name":"Accurate Reviews","article_modified_time":"2016-11-14T16:20:35+00:00","og_image":[{"url":"http:\/\/www.accuratereviews.com\/wp-content\/uploads\/2015\/10\/home-page.png","type":"","width":"","height":""}],"twitter_card":"summary_large_image","twitter_misc":{"Tempo di lettura stimato":"1 minuto"},"schema":{"@context":"https:\/\/schema.org","@graph":[{"@type":"WebPage","@id":"https:\/\/www.accuratereviews.com\/it\/software-contabilita-migliori-lista-software\/freshbooks\/","url":"https:\/\/www.accuratereviews.com\/it\/software-contabilita-migliori-lista-software\/freshbooks\/","name":"FreshBooks recensione miglior software per contabilit\u00e0 | Accurate Reviews","isPartOf":{"@id":"https:\/\/www.accuratereviews.com\/it\/#website"},"primaryImageOfPage":{"@id":"https:\/\/www.accuratereviews.com\/it\/software-contabilita-migliori-lista-software\/freshbooks\/#primaryimage"},"image":{"@id":"https:\/\/www.accuratereviews.com\/it\/software-contabilita-migliori-lista-software\/freshbooks\/#primaryimage"},"thumbnailUrl":"http:\/\/www.accuratereviews.com\/wp-content\/uploads\/2015\/10\/home-page.png","datePublished":"2015-10-07T15:36:20+00:00","dateModified":"2016-11-14T16:20:35+00:00","description":"FreshBooks \u00e8 una piattaforma online per la contabilit\u00e0, la migliore in tutto il panorama dell\u2019accounting. In un solo prodotto troviamo funzioni avanzate.","breadcrumb":{"@id":"https:\/\/www.accuratereviews.com\/it\/software-contabilita-migliori-lista-software\/freshbooks\/#breadcrumb"},"inLanguage":"it-IT","potentialAction":[{"@type":"ReadAction","target":["https:\/\/www.accuratereviews.com\/it\/software-contabilita-migliori-lista-software\/freshbooks\/"]}]},{"@type":"ImageObject","inLanguage":"it-IT","@id":"https:\/\/www.accuratereviews.com\/it\/software-contabilita-migliori-lista-software\/freshbooks\/#primaryimage","url":"http:\/\/www.accuratereviews.com\/wp-content\/uploads\/2015\/10\/home-page.png","contentUrl":"http:\/\/www.accuratereviews.com\/wp-content\/uploads\/2015\/10\/home-page.png"},{"@type":"BreadcrumbList","@id":"https:\/\/www.accuratereviews.com\/it\/software-contabilita-migliori-lista-software\/freshbooks\/#breadcrumb","itemListElement":[{"@type":"ListItem","position":1,"name":"Home","item":"https:\/\/www.accuratereviews.com\/it\/"},{"@type":"ListItem","position":2,"name":"I migliori software di contabilit\u00e0","item":"https:\/\/www.accuratereviews.com\/it\/software-contabilita-migliori-lista-software\/"},{"@type":"ListItem","position":3,"name":"FreshBooks"}]},{"@type":"WebSite","@id":"https:\/\/www.accuratereviews.com\/it\/#website","url":"https:\/\/www.accuratereviews.com\/it\/","name":"Accurate Reviews","description":"","potentialAction":[{"@type":"SearchAction","target":{"@type":"EntryPoint","urlTemplate":"https:\/\/www.accuratereviews.com\/it\/?s={search_term_string}"},"query-input":{"@type":"PropertyValueSpecification","valueRequired":true,"valueName":"search_term_string"}}],"inLanguage":"it-IT"}]}},"_links":{"self":[{"href":"https:\/\/www.accuratereviews.com\/it\/wp-json\/wp\/v2\/pages\/5511","targetHints":{"allow":["GET"]}}],"collection":[{"href":"https:\/\/www.accuratereviews.com\/it\/wp-json\/wp\/v2\/pages"}],"about":[{"href":"https:\/\/www.accuratereviews.com\/it\/wp-json\/wp\/v2\/types\/page"}],"author":[{"embeddable":true,"href":"https:\/\/www.accuratereviews.com\/it\/wp-json\/wp\/v2\/users\/16"}],"replies":[{"embeddable":true,"href":"https:\/\/www.accuratereviews.com\/it\/wp-json\/wp\/v2\/comments?post=5511"}],"version-history":[{"count":5,"href":"https:\/\/www.accuratereviews.com\/it\/wp-json\/wp\/v2\/pages\/5511\/revisions"}],"predecessor-version":[{"id":5512,"href":"https:\/\/www.accuratereviews.com\/it\/wp-json\/wp\/v2\/pages\/5511\/revisions\/5512"}],"up":[{"embeddable":true,"href":"https:\/\/www.accuratereviews.com\/it\/wp-json\/wp\/v2\/pages\/5495"}],"wp:attachment":[{"href":"https:\/\/www.accuratereviews.com\/it\/wp-json\/wp\/v2\/media?parent=5511"}],"wp:term":[{"taxonomy":"category","embeddable":true,"href":"https:\/\/www.accuratereviews.com\/it\/wp-json\/wp\/v2\/categories?post=5511"},{"taxonomy":"post_tag","embeddable":true,"href":"https:\/\/www.accuratereviews.com\/it\/wp-json\/wp\/v2\/tags?post=5511"},{"taxonomy":"features","embeddable":true,"href":"https:\/\/www.accuratereviews.com\/it\/wp-json\/wp\/v2\/features?post=5511"}],"curies":[{"name":"wp","href":"https:\/\/api.w.org\/{rel}","templated":true}]}}