{"id":55134,"date":"2022-03-22T11:31:00","date_gmt":"2022-03-22T11:31:00","guid":{"rendered":"https:\/\/www.accuratereviews.com\/?page_id=55134"},"modified":"2022-03-22T11:31:00","modified_gmt":"2022-03-22T11:31:00","slug":"matrixcare-home-health-hospice-recensione","status":"publish","type":"page","link":"https:\/\/www.accuratereviews.com\/it\/software-assistenza-domiciliare\/matrixcare-home-health-hospice-recensione\/","title":{"rendered":"MatrixCare Home Health &#038; Hospice"},"content":{"rendered":"<p><strong>MatrixCare Home Health &amp; Hospice<\/strong> \u00e8 un <strong>software per l&#8217;assistenza domiciliare<\/strong> che permette di massimizzare la conformit\u00e0, migliorare la cura del paziente, aumentare l&#8217;efficienza clinica e operativa e migliorare la fatturazione. Si tratta di una soluzione EHR progettata da medici, disponibile anche su app mobile per dispositivi iOS e Android ed \u00e8 utilizzata da molte organizzazioni sanitarie a domicilio per migliorare l&#8217;assistenza che forniscono.<br \/>\nL&#8217;obiettivo di <strong>MatrixCare Home Health &amp; Hospice <\/strong>\u00e8 quello di aumentare la soddisfazione e la produttivit\u00e0 dei medici attraverso una perfetta integrazione nel tuo flusso di lavoro e la connessione agli altri sistemi con cui lavori.<\/p>\n<h2>MATRIXCARE HOME HEALTH &amp; HOSPICE &#8211; TUTORIAL<\/h2>\n<div id=\"fluid-wrapper-counter-1\" class=\"g1-fluid-wrapper \" style=\"width:686px;\">\n<div style=\"padding-bottom:56.268221574344%;\"><iframe loading=\"lazy\" title=\"MatrixCare home health and hospice software\" width=\"686\" height=\"386\" src=\"https:\/\/www.youtube.com\/embed\/fNiBwucWjPQ?feature=oembed&amp;wmode=transparent&amp;autohide=1&amp;autoplay=0&amp;disablekb=0&amp;fs=1&amp;loop=0&amp;enablejsapi=1&amp;rel=0&amp;controls=2&amp;showinfo=0&amp;wmode=transparent&amp;autohide=2&amp;autoplay=0&amp;disablekb=0&amp;fs=1&amp;loop=0&amp;enablejsapi=1&amp;rel=0&amp;controls=2&amp;showinfo=1\" frameborder=\"0\" allow=\"accelerometer; autoplay; clipboard-write; encrypted-media; gyroscope; picture-in-picture\" allowfullscreen><\/iframe><\/div>\n<\/div>\n<h3>MATRIXCARE HOME HEALTH &amp; HOSPICE &#8211; CARATTERISTICHE<\/h3>\n<ul>\n<li><strong>Gestione dei pazienti<\/strong>: il software ottimizza la gestione dei pazienti dal flusso di informazioni tra il medico di riferimento, i case manager\/preparatori di dimissioni e la vostra organizzazione, attraverso l&#8217;accettazione, i controlli di idoneit\u00e0 Medicare e le ammissioni. Questo approccio collaborativo mantiene l&#8217;attenzione sui pazienti aiutando tutte le parti interessate a raggiungere i loro obiettivi di qualit\u00e0<\/li>\n<li><strong>Operare in sicurezza<\/strong>: quando si tratta dei vostri dati, mantenere la sicurezza delle informazioni \u00e8 della massima importanza. Pu\u00f2 essere complesso e impegnativo sapere se si \u00e8 protetti, quindi quando si seleziona un partner EHR assicurarsi di informarsi sul loro programma di sicurezza<\/li>\n<li><strong>Gestione clinica<\/strong>: lo strumento point-of-care permette ai medici di documentare in modo efficiente, completo e accurato mentre sono con un paziente. La tecnologia cattura in modo sicuro la documentazione, le foto, gli ordini e altri dati, indipendentemente dalla connettivit\u00e0<\/li>\n<li><strong>Gestione dell&#8217;ufficio<\/strong>: aiuta a garantire che i medici acquisiscano e presentino in modo coerente una documentazione completa e conforme. Questo diminuisce il carico di lavoro dell&#8217;assicurazione qualit\u00e0 perch\u00e9 tutto scorre automaticamente dal point-of-care al back office<\/li>\n<li><strong>Gestione finanziaria<\/strong>: la documentazione del point-of-care \u00e8 integrata nella fatturazione per migliorare i tempi di presentazione delle fatture. La funzione eClaims automatizzata permette di inviare i file di richiesta 837 Medicare direttamente al CMS<\/li>\n<li><strong>Lavorare in modo pi\u00f9 efficiente<\/strong>: oltre al software di base, offre una gamma di moduli, servizi e integrazioni che potete adattare alle vostre esigenze specifiche. Alcune opzioni includono la gestione dei documenti, eClaims, eFax, EVV, calcolo automatico del chilometraggio, PBM, SHP, portale medico, eReferral, RCM e revisione OASIS<\/li>\n<li><strong>Migliorare la cura del paziente<\/strong>: le domande obbligatorie basate sulla logica e i flussi di lavoro aiutano i medici a documentare direttamente rispetto al piano di cura, migliorando la documentazione delle visite e la conformit\u00e0 ed evidenziando i progressi.<\/li>\n<\/ul>\n<h4>LE RECENSIONI DEGLI UTENTI<\/h4>\n<p><strong>Laura M. &#8220;facile da navigare con un ottimo supporto clienti&#8221;<\/strong><br \/>\nPRO: la facilit\u00e0 e l&#8217;aspetto del prodotto cos\u00ec come la capacit\u00e0 di navigare facilmente sullo schermo. Il loro supporto \u00e8 uno dei migliori nel settore, il che li rende facili da usare e veloci per risolvere qualsiasi problema.<br \/>\nCONTRO: la funzione di fatturazione sembrava carente laddove la funzione clinica \u00e8 riuscita<\/p>\n<p><strong>Janell S. &#8220;EMR che capisce veramente sia il flusso di lavoro clinico che la fatturazione e le esigenze amministrative!<\/strong><br \/>\nPRO: mi piace il fatto che possiamo usarlo per tutte le nostre esigenze cliniche, di fatturazione e amministrative. \u00c8 efficiente e aggiornato con i regolamenti per garantire che siamo conformi.<br \/>\nCONTRO: vorremmo pi\u00f9 capacit\u00e0 di personalizzare i modelli di note di visita e non dover usare una funzionalit\u00e0 di copia e incolla nella sezione Narrative.<\/p>\n<p><strong>Danielle M. &#8220;Recensione&#8221;<\/strong><br \/>\nPRO: bella selezione di rapporti\/ottimo account manager<br \/>\nCONTRO: lentezza generale e e problemi, un sacco di cose si bloccano in attesa di convalida e il supporto impiega da giorni a settimane per rispondere ai biglietti.<\/p>\n","protected":false},"excerpt":{"rendered":"<p>MatrixCare Home Health &#038; Hospice \u00e8 un software per l&#8217;assistenza domiciliare che permette di massimizzare la conformit\u00e0, migliorare la cura del paziente, aumentare l&#8217;efficienza clinica e operativa e migliorare la fatturazione. Si tratta di una soluzione EHR progettata da medici, disponibile anche su app mobile per dispositivi iOS e Android.<\/p>\n","protected":false},"author":17,"featured_media":55140,"parent":55061,"menu_order":0,"comment_status":"open","ping_status":"closed","template":"g1_template_page_review_new.php","meta":{"_acf_changed":false,"cwp_meta_box_check":"No","cwp_rev_product_name":"","cwp_rev_product_image":"","wppr_links":[],"cwp_rev_price":"","wppr_options":[],"wppr_pros":[],"wppr_cons":[],"_monsterinsights_skip_tracking":false,"_monsterinsights_sitenote_active":false,"_monsterinsights_sitenote_note":"","_monsterinsights_sitenote_category":0,"footnotes":""},"categories":[12271],"tags":[12274,12275,12276,12273,12277],"features":[],"class_list":{"0":"post-55134","1":"page","2":"type-page","3":"status-publish","4":"has-post-thumbnail","6":"category-software-assistenza-domiciliare-categoria","7":"tag-assistenza-domiciliare","8":"tag-piattaforma-assistenza-domiciliare","9":"tag-programma-assistenza-domiciliare","10":"tag-software-assistenza-domiciliare","11":"tag-soluzione-assistenza-domiciliare"},"wppr_data":{"cwp_meta_box_check":"No"},"acf":[],"yoast_head":"<!-- This site is optimized with the Yoast SEO plugin v27.4 - https:\/\/yoast.com\/product\/yoast-seo-wordpress\/ -->\n<title>MatrixCare Home Health &amp; Hospice: recensione - Accurate Reviews<\/title>\n<meta name=\"description\" content=\"MatrixCare Home Health &amp; Hospice \u00e8 un software per l&#039;assistenza domiciliare progettata da medici, disponibile anche su app mobile.\" \/>\n<meta name=\"robots\" content=\"index, follow, max-snippet:-1, max-image-preview:large, max-video-preview:-1\" \/>\n<link rel=\"canonical\" href=\"https:\/\/www.accuratereviews.com\/it\/software-assistenza-domiciliare\/matrixcare-home-health-hospice-recensione\/\" \/>\n<meta property=\"og:locale\" content=\"it_IT\" \/>\n<meta property=\"og:type\" content=\"article\" \/>\n<meta property=\"og:title\" content=\"MatrixCare Home Health &amp; Hospice: recensione - Accurate Reviews\" \/>\n<meta property=\"og:description\" content=\"MatrixCare Home Health &amp; Hospice \u00e8 un software per l&#039;assistenza domiciliare progettata da medici, disponibile anche su app mobile.\" \/>\n<meta property=\"og:url\" content=\"https:\/\/www.accuratereviews.com\/it\/software-assistenza-domiciliare\/matrixcare-home-health-hospice-recensione\/\" \/>\n<meta property=\"og:site_name\" content=\"Accurate Reviews\" \/>\n<meta property=\"og:image\" content=\"https:\/\/www.accuratereviews.com\/wp-content\/uploads\/2022\/03\/images-1.png\" \/>\n\t<meta property=\"og:image:width\" content=\"302\" \/>\n\t<meta property=\"og:image:height\" content=\"200\" \/>\n\t<meta property=\"og:image:type\" content=\"image\/png\" \/>\n<meta name=\"twitter:card\" content=\"summary_large_image\" \/>\n<meta name=\"twitter:label1\" content=\"Tempo di lettura stimato\" \/>\n\t<meta name=\"twitter:data1\" content=\"4 minuti\" \/>\n<script type=\"application\/ld+json\" class=\"yoast-schema-graph\">{\"@context\":\"https:\\\/\\\/schema.org\",\"@graph\":[{\"@type\":\"WebPage\",\"@id\":\"https:\\\/\\\/www.accuratereviews.com\\\/it\\\/software-assistenza-domiciliare\\\/matrixcare-home-health-hospice-recensione\\\/\",\"url\":\"https:\\\/\\\/www.accuratereviews.com\\\/it\\\/software-assistenza-domiciliare\\\/matrixcare-home-health-hospice-recensione\\\/\",\"name\":\"MatrixCare Home Health & Hospice: recensione - Accurate Reviews\",\"isPartOf\":{\"@id\":\"https:\\\/\\\/www.accuratereviews.com\\\/it\\\/#website\"},\"primaryImageOfPage\":{\"@id\":\"https:\\\/\\\/www.accuratereviews.com\\\/it\\\/software-assistenza-domiciliare\\\/matrixcare-home-health-hospice-recensione\\\/#primaryimage\"},\"image\":{\"@id\":\"https:\\\/\\\/www.accuratereviews.com\\\/it\\\/software-assistenza-domiciliare\\\/matrixcare-home-health-hospice-recensione\\\/#primaryimage\"},\"thumbnailUrl\":\"https:\\\/\\\/www.accuratereviews.com\\\/wp-content\\\/uploads\\\/2022\\\/03\\\/images-1.png\",\"datePublished\":\"2022-03-22T11:31:00+00:00\",\"description\":\"MatrixCare Home Health & Hospice \u00e8 un software per l'assistenza domiciliare progettata da medici, disponibile anche su app mobile.\",\"breadcrumb\":{\"@id\":\"https:\\\/\\\/www.accuratereviews.com\\\/it\\\/software-assistenza-domiciliare\\\/matrixcare-home-health-hospice-recensione\\\/#breadcrumb\"},\"inLanguage\":\"it-IT\",\"potentialAction\":[{\"@type\":\"ReadAction\",\"target\":[\"https:\\\/\\\/www.accuratereviews.com\\\/it\\\/software-assistenza-domiciliare\\\/matrixcare-home-health-hospice-recensione\\\/\"]}]},{\"@type\":\"ImageObject\",\"inLanguage\":\"it-IT\",\"@id\":\"https:\\\/\\\/www.accuratereviews.com\\\/it\\\/software-assistenza-domiciliare\\\/matrixcare-home-health-hospice-recensione\\\/#primaryimage\",\"url\":\"https:\\\/\\\/www.accuratereviews.com\\\/wp-content\\\/uploads\\\/2022\\\/03\\\/images-1.png\",\"contentUrl\":\"https:\\\/\\\/www.accuratereviews.com\\\/wp-content\\\/uploads\\\/2022\\\/03\\\/images-1.png\",\"width\":302,\"height\":200},{\"@type\":\"BreadcrumbList\",\"@id\":\"https:\\\/\\\/www.accuratereviews.com\\\/it\\\/software-assistenza-domiciliare\\\/matrixcare-home-health-hospice-recensione\\\/#breadcrumb\",\"itemListElement\":[{\"@type\":\"ListItem\",\"position\":1,\"name\":\"Home\",\"item\":\"https:\\\/\\\/www.accuratereviews.com\\\/it\\\/\"},{\"@type\":\"ListItem\",\"position\":2,\"name\":\"Software assistenza domiciliare\",\"item\":\"https:\\\/\\\/www.accuratereviews.com\\\/it\\\/software-assistenza-domiciliare\\\/\"},{\"@type\":\"ListItem\",\"position\":3,\"name\":\"MatrixCare Home Health &#038; Hospice\"}]},{\"@type\":\"WebSite\",\"@id\":\"https:\\\/\\\/www.accuratereviews.com\\\/it\\\/#website\",\"url\":\"https:\\\/\\\/www.accuratereviews.com\\\/it\\\/\",\"name\":\"Accurate Reviews\",\"description\":\"\",\"potentialAction\":[{\"@type\":\"SearchAction\",\"target\":{\"@type\":\"EntryPoint\",\"urlTemplate\":\"https:\\\/\\\/www.accuratereviews.com\\\/it\\\/?s={search_term_string}\"},\"query-input\":{\"@type\":\"PropertyValueSpecification\",\"valueRequired\":true,\"valueName\":\"search_term_string\"}}],\"inLanguage\":\"it-IT\"}]}<\/script>\n<!-- \/ Yoast SEO plugin. -->","yoast_head_json":{"title":"MatrixCare Home Health & Hospice: recensione - Accurate Reviews","description":"MatrixCare Home Health & Hospice \u00e8 un software per l'assistenza domiciliare progettata da medici, disponibile anche su app mobile.","robots":{"index":"index","follow":"follow","max-snippet":"max-snippet:-1","max-image-preview":"max-image-preview:large","max-video-preview":"max-video-preview:-1"},"canonical":"https:\/\/www.accuratereviews.com\/it\/software-assistenza-domiciliare\/matrixcare-home-health-hospice-recensione\/","og_locale":"it_IT","og_type":"article","og_title":"MatrixCare Home Health & Hospice: recensione - Accurate Reviews","og_description":"MatrixCare Home Health & Hospice \u00e8 un software per l'assistenza domiciliare progettata da medici, disponibile anche su app mobile.","og_url":"https:\/\/www.accuratereviews.com\/it\/software-assistenza-domiciliare\/matrixcare-home-health-hospice-recensione\/","og_site_name":"Accurate Reviews","og_image":[{"width":302,"height":200,"url":"https:\/\/www.accuratereviews.com\/wp-content\/uploads\/2022\/03\/images-1.png","type":"image\/png"}],"twitter_card":"summary_large_image","twitter_misc":{"Tempo di lettura stimato":"4 minuti"},"schema":{"@context":"https:\/\/schema.org","@graph":[{"@type":"WebPage","@id":"https:\/\/www.accuratereviews.com\/it\/software-assistenza-domiciliare\/matrixcare-home-health-hospice-recensione\/","url":"https:\/\/www.accuratereviews.com\/it\/software-assistenza-domiciliare\/matrixcare-home-health-hospice-recensione\/","name":"MatrixCare Home Health & Hospice: recensione - Accurate Reviews","isPartOf":{"@id":"https:\/\/www.accuratereviews.com\/it\/#website"},"primaryImageOfPage":{"@id":"https:\/\/www.accuratereviews.com\/it\/software-assistenza-domiciliare\/matrixcare-home-health-hospice-recensione\/#primaryimage"},"image":{"@id":"https:\/\/www.accuratereviews.com\/it\/software-assistenza-domiciliare\/matrixcare-home-health-hospice-recensione\/#primaryimage"},"thumbnailUrl":"https:\/\/www.accuratereviews.com\/wp-content\/uploads\/2022\/03\/images-1.png","datePublished":"2022-03-22T11:31:00+00:00","description":"MatrixCare Home Health & Hospice \u00e8 un software per l'assistenza domiciliare progettata da medici, disponibile anche su app mobile.","breadcrumb":{"@id":"https:\/\/www.accuratereviews.com\/it\/software-assistenza-domiciliare\/matrixcare-home-health-hospice-recensione\/#breadcrumb"},"inLanguage":"it-IT","potentialAction":[{"@type":"ReadAction","target":["https:\/\/www.accuratereviews.com\/it\/software-assistenza-domiciliare\/matrixcare-home-health-hospice-recensione\/"]}]},{"@type":"ImageObject","inLanguage":"it-IT","@id":"https:\/\/www.accuratereviews.com\/it\/software-assistenza-domiciliare\/matrixcare-home-health-hospice-recensione\/#primaryimage","url":"https:\/\/www.accuratereviews.com\/wp-content\/uploads\/2022\/03\/images-1.png","contentUrl":"https:\/\/www.accuratereviews.com\/wp-content\/uploads\/2022\/03\/images-1.png","width":302,"height":200},{"@type":"BreadcrumbList","@id":"https:\/\/www.accuratereviews.com\/it\/software-assistenza-domiciliare\/matrixcare-home-health-hospice-recensione\/#breadcrumb","itemListElement":[{"@type":"ListItem","position":1,"name":"Home","item":"https:\/\/www.accuratereviews.com\/it\/"},{"@type":"ListItem","position":2,"name":"Software assistenza domiciliare","item":"https:\/\/www.accuratereviews.com\/it\/software-assistenza-domiciliare\/"},{"@type":"ListItem","position":3,"name":"MatrixCare Home Health &#038; Hospice"}]},{"@type":"WebSite","@id":"https:\/\/www.accuratereviews.com\/it\/#website","url":"https:\/\/www.accuratereviews.com\/it\/","name":"Accurate Reviews","description":"","potentialAction":[{"@type":"SearchAction","target":{"@type":"EntryPoint","urlTemplate":"https:\/\/www.accuratereviews.com\/it\/?s={search_term_string}"},"query-input":{"@type":"PropertyValueSpecification","valueRequired":true,"valueName":"search_term_string"}}],"inLanguage":"it-IT"}]}},"_links":{"self":[{"href":"https:\/\/www.accuratereviews.com\/it\/wp-json\/wp\/v2\/pages\/55134","targetHints":{"allow":["GET"]}}],"collection":[{"href":"https:\/\/www.accuratereviews.com\/it\/wp-json\/wp\/v2\/pages"}],"about":[{"href":"https:\/\/www.accuratereviews.com\/it\/wp-json\/wp\/v2\/types\/page"}],"author":[{"embeddable":true,"href":"https:\/\/www.accuratereviews.com\/it\/wp-json\/wp\/v2\/users\/17"}],"replies":[{"embeddable":true,"href":"https:\/\/www.accuratereviews.com\/it\/wp-json\/wp\/v2\/comments?post=55134"}],"version-history":[{"count":5,"href":"https:\/\/www.accuratereviews.com\/it\/wp-json\/wp\/v2\/pages\/55134\/revisions"}],"predecessor-version":[{"id":55188,"href":"https:\/\/www.accuratereviews.com\/it\/wp-json\/wp\/v2\/pages\/55134\/revisions\/55188"}],"up":[{"embeddable":true,"href":"https:\/\/www.accuratereviews.com\/it\/wp-json\/wp\/v2\/pages\/55061"}],"wp:featuredmedia":[{"embeddable":true,"href":"https:\/\/www.accuratereviews.com\/it\/wp-json\/wp\/v2\/media\/55140"}],"wp:attachment":[{"href":"https:\/\/www.accuratereviews.com\/it\/wp-json\/wp\/v2\/media?parent=55134"}],"wp:term":[{"taxonomy":"category","embeddable":true,"href":"https:\/\/www.accuratereviews.com\/it\/wp-json\/wp\/v2\/categories?post=55134"},{"taxonomy":"post_tag","embeddable":true,"href":"https:\/\/www.accuratereviews.com\/it\/wp-json\/wp\/v2\/tags?post=55134"},{"taxonomy":"features","embeddable":true,"href":"https:\/\/www.accuratereviews.com\/it\/wp-json\/wp\/v2\/features?post=55134"}],"curies":[{"name":"wp","href":"https:\/\/api.w.org\/{rel}","templated":true}]}}