{"id":55145,"date":"2022-03-22T11:37:31","date_gmt":"2022-03-22T11:37:31","guid":{"rendered":"https:\/\/www.accuratereviews.com\/?page_id=55145"},"modified":"2022-03-22T11:37:31","modified_gmt":"2022-03-22T11:37:31","slug":"clearcare-recensione","status":"publish","type":"page","link":"https:\/\/www.accuratereviews.com\/it\/software-assistenza-domiciliare\/clearcare-recensione\/","title":{"rendered":"ClearCare"},"content":{"rendered":"<p><strong>ClearCare<\/strong> \u00e8 una <strong>soluzione online all-in-one<\/strong> per supportare le operazioni delle agenzie sanitarie che forniscono assistenza domiciliare privata. Il sistema copre ogni area della domanda di servizi attraverso la crescita aziendale, la gestione degli operatori sanitari, l&#8217;erogazione delle cure e l&#8217;ottimizzazione operativa con una serie di funzionalit\u00e0 integrate. Questi includono funzionalit\u00e0 intuitive di pianificazione dei turni, telefonia e comunicazioni bidirezionali con gli operatori sanitari, strumenti di marketing e altro ancora. Raggiungi pi\u00f9 fonti di riferimento con <strong>Customer Relationship Management (CRM)<\/strong> per tenere traccia dei contatti e delle attivit\u00e0 della comunit\u00e0, insieme ai tassi e alle condizioni di riammissione ospedaliera. La possibilit\u00e0 di visualizzare i dettagli dei turni e i piani di assistenza mobile mentre si \u00e8 in movimento \u00e8 affiancata da timbrature abilitate al GPS e aggiornamenti della pianificazione in tempo reale.<\/p>\n<h2>CLEARCARE &#8211; TUTORIAL<\/h2>\n<p>Guardiamo insieme questo breve tutorial su questo<strong> software per assistenza domiciliare<\/strong>:<\/p>\n<p><a href=\"https:\/\/www.clearcareonline.com\/?wvideo=ugynlmzig2\"><img loading=\"lazy\" decoding=\"async\" src=\"https:\/\/embedwistia-a.akamaihd.net\/deliveries\/981124340f891549a555a7875111e9ab95e91caf.jpg?image_play_button_size=2x&amp;image_crop_resized=960x540&amp;image_play_button=1&amp;image_play_button_color=54bbffe0\" width=\"400\" height=\"225\" \/><\/a><\/p>\n<p><a href=\"https:\/\/www.clearcareonline.com\/?wvideo=ugynlmzig2\">Home Care Software Solutions for Agencies &#8211; ClearCare Online<\/a><\/p>\n<h3>CLEARCARE &#8211; CARATTERISTICHE<\/h3>\n<ul>\n<li>Soluzione completa e modulare che fornisce funzionalit\u00e0 basate sul web per la gestione dell&#8217;implementazione di servizi aziendali e di assistenza per le agenzie sanitarie domiciliari di tutte le dimensioni<\/li>\n<li>Fai crescere l&#8217;attivit\u00e0 dell&#8217;agenzia con il supporto CRM per centralizzare i contatti e tenere traccia delle fonti di riferimento o delle riammissioni ospedaliere, accedendo al contempo a strumenti di marketing avanzati per convertire i lead online<\/li>\n<li>Gestisci il personale in modo pi\u00f9 efficiente con il mercato dei operatori sanitari per reperire candidati locali adatti, sfruttando gli strumenti di monitoraggio dei candidati per semplificare il processo di assunzione e condurre uno screening dei precedenti<\/li>\n<li>L&#8217;erogazione dell&#8217;assistenza \u00e8 assistita da un portale per gli operatori sanitari online per l&#8217;accesso remoto agli strumenti di supporto del turno di base, mentre la gestione della sicurezza tiene traccia dei reclami per lesioni e la telefonia intelligente integrata registra le visite o le note vocali<\/li>\n<li>I moduli operativi includono fatturazione e buste paga compatibili con Quickbooks, oltre a monitoraggio degli straordinari, strumenti di conformit\u00e0 ACA e oltre 30 tipi di report con visualizzazioni basate su dashboard.<\/li>\n<\/ul>\n<h4>LE RECENSIONI DEGLI UTENTI<\/h4>\n<p class=\"font-weight-bold mb-2\"><strong>Kelli T.&#8221;Recensione&#8221;<\/strong><\/p>\n<p class=\"font-weight-bold mb-2\"><strong>Pro<\/strong>:\u00a0Mi piace poter avere pieno accesso ai miei clienti, caregiver e profili del personale amministrativo in un unico posto. Insieme a fatturazione e buste paga. Siamo in grado di utilizzare pi\u00f9 report per qualsiasi progetto e possiamo persino generare i nostri report personali e salvarli per utilizzarli la prossima volta.<\/p>\n<p class=\"font-weight-bold mb-2\"><strong>Contro<\/strong>:\u00a0Non ho avuto problemi con questo programma.<\/p>\n<p class=\"font-weight-bold mb-2\"><strong>Edward E.&#8221;ClearCare di Jacksonville FL&#8221;<\/strong><\/p>\n<p><span class=\"font-weight-bold\"><strong>Commenti<\/strong>: <\/span>Un ottimo prodotto per qualsiasi azienda di medie dimensioni per gestire la propria attivit\u00e0.<\/p>\n<p class=\"font-weight-bold mb-2\"><strong>Pro<\/strong>:\u00a0Clear care \u00e8 facile da usare, facile da usare. tutto ci\u00f2 di cui hai bisogno \u00e8 a portata di mano. In caso di problemi, hanno l&#8217;assistenza clienti online tutti i giorni fino alle 13:00 per rispondere a qualsiasi domanda tu possa avere.<\/p>\n<p class=\"font-weight-bold mb-2\"><strong>Contro<\/strong>:\u00a0Il programma costa di pi\u00f9 quando hai pi\u00f9 clienti, il che pu\u00f2 essere molto costoso.<\/p>\n<p class=\"font-weight-bold mb-2\"><strong>Deonna B.&#8221;Deonna&#8221;<\/strong><\/p>\n<p><span class=\"font-weight-bold\"><strong>Commenti<\/strong>: <\/span>Uso ClearCare ogni giorno e mi aiuta a tenere traccia delle informazioni pertinenti che ci mantengono conformi agli standard statali e di franchising<\/p>\n<p class=\"font-weight-bold mb-2\"><strong>Pro<\/strong>:\u00a0Mi piace la creazione di tag per semplificare l&#8217;esecuzione dei rapporti.<\/p>\n<p class=\"font-weight-bold mb-2\"><strong>Contro<\/strong>:\u00a0Quello che mi piace di meno \u00e8 che devi continuare a fare clic sui mesi fino a tornare all&#8217;anno e al mese che stai cercando. Ci vogliono molti clic per ottenere dal 2021 al 2019<\/p>\n","protected":false},"excerpt":{"rendered":"<p>ClearCare \u00e8 una soluzione online all-in-one per supportare le operazioni delle agenzie sanitarie che forniscono assistenza domiciliare privata. Il sistema copre ogni area della domanda di servizi attraverso la crescita aziendale, la gestione degli operatori sanitari, l&#8217;erogazione delle cure e l&#8217;ottimizzazione operativa con una serie di funzionalit\u00e0 integrate.<\/p>\n","protected":false},"author":16,"featured_media":55146,"parent":55061,"menu_order":0,"comment_status":"open","ping_status":"closed","template":"g1_template_page_review_new.php","meta":{"_acf_changed":false,"cwp_meta_box_check":"No","cwp_rev_product_name":"","cwp_rev_product_image":"","wppr_links":[],"cwp_rev_price":"","wppr_options":[],"wppr_pros":[],"wppr_cons":[],"_monsterinsights_skip_tracking":false,"_monsterinsights_sitenote_active":false,"_monsterinsights_sitenote_note":"","_monsterinsights_sitenote_category":0,"footnotes":""},"categories":[12271],"tags":[12274,12292,12275,12276,12273,12277],"features":[],"class_list":{"0":"post-55145","1":"page","2":"type-page","3":"status-publish","4":"has-post-thumbnail","6":"category-software-assistenza-domiciliare-categoria","7":"tag-assistenza-domiciliare","8":"tag-clearcare","9":"tag-piattaforma-assistenza-domiciliare","10":"tag-programma-assistenza-domiciliare","11":"tag-software-assistenza-domiciliare","12":"tag-soluzione-assistenza-domiciliare"},"wppr_data":{"cwp_meta_box_check":"No"},"acf":[],"yoast_head":"<!-- This site is optimized with the Yoast SEO plugin v27.4 - https:\/\/yoast.com\/product\/yoast-seo-wordpress\/ -->\n<title>ClearCare: recensione software assistenza domiciliare - Accurate Reviews<\/title>\n<meta name=\"description\" content=\"ClearCare: recensione soluzione online all-in-one per supportare le operazioni delle agenzie sanitarie che forniscono assistenza domiciliare privata.\" \/>\n<meta name=\"robots\" content=\"index, follow, max-snippet:-1, max-image-preview:large, max-video-preview:-1\" \/>\n<link rel=\"canonical\" href=\"https:\/\/www.accuratereviews.com\/it\/software-assistenza-domiciliare\/clearcare-recensione\/\" \/>\n<meta property=\"og:locale\" content=\"it_IT\" \/>\n<meta property=\"og:type\" content=\"article\" \/>\n<meta property=\"og:title\" content=\"ClearCare: recensione software assistenza domiciliare - Accurate Reviews\" \/>\n<meta property=\"og:description\" content=\"ClearCare: recensione soluzione online all-in-one per supportare le operazioni delle agenzie sanitarie che forniscono assistenza domiciliare privata.\" \/>\n<meta property=\"og:url\" content=\"https:\/\/www.accuratereviews.com\/it\/software-assistenza-domiciliare\/clearcare-recensione\/\" \/>\n<meta property=\"og:site_name\" content=\"Accurate Reviews\" \/>\n<meta property=\"og:image\" content=\"https:\/\/www.accuratereviews.com\/wp-content\/uploads\/2022\/03\/ClearCare.png\" \/>\n\t<meta property=\"og:image:width\" content=\"225\" \/>\n\t<meta property=\"og:image:height\" content=\"225\" \/>\n\t<meta property=\"og:image:type\" content=\"image\/png\" \/>\n<meta name=\"twitter:card\" content=\"summary_large_image\" \/>\n<meta name=\"twitter:label1\" content=\"Tempo di lettura stimato\" \/>\n\t<meta name=\"twitter:data1\" content=\"4 minuti\" \/>\n<script type=\"application\/ld+json\" class=\"yoast-schema-graph\">{\"@context\":\"https:\\\/\\\/schema.org\",\"@graph\":[{\"@type\":\"WebPage\",\"@id\":\"https:\\\/\\\/www.accuratereviews.com\\\/it\\\/software-assistenza-domiciliare\\\/clearcare-recensione\\\/\",\"url\":\"https:\\\/\\\/www.accuratereviews.com\\\/it\\\/software-assistenza-domiciliare\\\/clearcare-recensione\\\/\",\"name\":\"ClearCare: recensione software assistenza domiciliare - Accurate Reviews\",\"isPartOf\":{\"@id\":\"https:\\\/\\\/www.accuratereviews.com\\\/it\\\/#website\"},\"primaryImageOfPage\":{\"@id\":\"https:\\\/\\\/www.accuratereviews.com\\\/it\\\/software-assistenza-domiciliare\\\/clearcare-recensione\\\/#primaryimage\"},\"image\":{\"@id\":\"https:\\\/\\\/www.accuratereviews.com\\\/it\\\/software-assistenza-domiciliare\\\/clearcare-recensione\\\/#primaryimage\"},\"thumbnailUrl\":\"https:\\\/\\\/www.accuratereviews.com\\\/wp-content\\\/uploads\\\/2022\\\/03\\\/ClearCare.png\",\"datePublished\":\"2022-03-22T11:37:31+00:00\",\"description\":\"ClearCare: recensione soluzione online all-in-one per supportare le operazioni delle agenzie sanitarie che forniscono assistenza domiciliare privata.\",\"breadcrumb\":{\"@id\":\"https:\\\/\\\/www.accuratereviews.com\\\/it\\\/software-assistenza-domiciliare\\\/clearcare-recensione\\\/#breadcrumb\"},\"inLanguage\":\"it-IT\",\"potentialAction\":[{\"@type\":\"ReadAction\",\"target\":[\"https:\\\/\\\/www.accuratereviews.com\\\/it\\\/software-assistenza-domiciliare\\\/clearcare-recensione\\\/\"]}]},{\"@type\":\"ImageObject\",\"inLanguage\":\"it-IT\",\"@id\":\"https:\\\/\\\/www.accuratereviews.com\\\/it\\\/software-assistenza-domiciliare\\\/clearcare-recensione\\\/#primaryimage\",\"url\":\"https:\\\/\\\/www.accuratereviews.com\\\/wp-content\\\/uploads\\\/2022\\\/03\\\/ClearCare.png\",\"contentUrl\":\"https:\\\/\\\/www.accuratereviews.com\\\/wp-content\\\/uploads\\\/2022\\\/03\\\/ClearCare.png\",\"width\":225,\"height\":225},{\"@type\":\"BreadcrumbList\",\"@id\":\"https:\\\/\\\/www.accuratereviews.com\\\/it\\\/software-assistenza-domiciliare\\\/clearcare-recensione\\\/#breadcrumb\",\"itemListElement\":[{\"@type\":\"ListItem\",\"position\":1,\"name\":\"Home\",\"item\":\"https:\\\/\\\/www.accuratereviews.com\\\/it\\\/\"},{\"@type\":\"ListItem\",\"position\":2,\"name\":\"Software assistenza domiciliare\",\"item\":\"https:\\\/\\\/www.accuratereviews.com\\\/it\\\/software-assistenza-domiciliare\\\/\"},{\"@type\":\"ListItem\",\"position\":3,\"name\":\"ClearCare\"}]},{\"@type\":\"WebSite\",\"@id\":\"https:\\\/\\\/www.accuratereviews.com\\\/it\\\/#website\",\"url\":\"https:\\\/\\\/www.accuratereviews.com\\\/it\\\/\",\"name\":\"Accurate Reviews\",\"description\":\"\",\"potentialAction\":[{\"@type\":\"SearchAction\",\"target\":{\"@type\":\"EntryPoint\",\"urlTemplate\":\"https:\\\/\\\/www.accuratereviews.com\\\/it\\\/?s={search_term_string}\"},\"query-input\":{\"@type\":\"PropertyValueSpecification\",\"valueRequired\":true,\"valueName\":\"search_term_string\"}}],\"inLanguage\":\"it-IT\"}]}<\/script>\n<!-- \/ Yoast SEO plugin. -->","yoast_head_json":{"title":"ClearCare: recensione software assistenza domiciliare - Accurate Reviews","description":"ClearCare: recensione soluzione online all-in-one per supportare le operazioni delle agenzie sanitarie che forniscono assistenza domiciliare privata.","robots":{"index":"index","follow":"follow","max-snippet":"max-snippet:-1","max-image-preview":"max-image-preview:large","max-video-preview":"max-video-preview:-1"},"canonical":"https:\/\/www.accuratereviews.com\/it\/software-assistenza-domiciliare\/clearcare-recensione\/","og_locale":"it_IT","og_type":"article","og_title":"ClearCare: recensione software assistenza domiciliare - Accurate Reviews","og_description":"ClearCare: recensione soluzione online all-in-one per supportare le operazioni delle agenzie sanitarie che forniscono assistenza domiciliare privata.","og_url":"https:\/\/www.accuratereviews.com\/it\/software-assistenza-domiciliare\/clearcare-recensione\/","og_site_name":"Accurate Reviews","og_image":[{"width":225,"height":225,"url":"https:\/\/www.accuratereviews.com\/wp-content\/uploads\/2022\/03\/ClearCare.png","type":"image\/png"}],"twitter_card":"summary_large_image","twitter_misc":{"Tempo di lettura stimato":"4 minuti"},"schema":{"@context":"https:\/\/schema.org","@graph":[{"@type":"WebPage","@id":"https:\/\/www.accuratereviews.com\/it\/software-assistenza-domiciliare\/clearcare-recensione\/","url":"https:\/\/www.accuratereviews.com\/it\/software-assistenza-domiciliare\/clearcare-recensione\/","name":"ClearCare: recensione software assistenza domiciliare - Accurate Reviews","isPartOf":{"@id":"https:\/\/www.accuratereviews.com\/it\/#website"},"primaryImageOfPage":{"@id":"https:\/\/www.accuratereviews.com\/it\/software-assistenza-domiciliare\/clearcare-recensione\/#primaryimage"},"image":{"@id":"https:\/\/www.accuratereviews.com\/it\/software-assistenza-domiciliare\/clearcare-recensione\/#primaryimage"},"thumbnailUrl":"https:\/\/www.accuratereviews.com\/wp-content\/uploads\/2022\/03\/ClearCare.png","datePublished":"2022-03-22T11:37:31+00:00","description":"ClearCare: recensione soluzione online all-in-one per supportare le operazioni delle agenzie sanitarie che forniscono assistenza domiciliare privata.","breadcrumb":{"@id":"https:\/\/www.accuratereviews.com\/it\/software-assistenza-domiciliare\/clearcare-recensione\/#breadcrumb"},"inLanguage":"it-IT","potentialAction":[{"@type":"ReadAction","target":["https:\/\/www.accuratereviews.com\/it\/software-assistenza-domiciliare\/clearcare-recensione\/"]}]},{"@type":"ImageObject","inLanguage":"it-IT","@id":"https:\/\/www.accuratereviews.com\/it\/software-assistenza-domiciliare\/clearcare-recensione\/#primaryimage","url":"https:\/\/www.accuratereviews.com\/wp-content\/uploads\/2022\/03\/ClearCare.png","contentUrl":"https:\/\/www.accuratereviews.com\/wp-content\/uploads\/2022\/03\/ClearCare.png","width":225,"height":225},{"@type":"BreadcrumbList","@id":"https:\/\/www.accuratereviews.com\/it\/software-assistenza-domiciliare\/clearcare-recensione\/#breadcrumb","itemListElement":[{"@type":"ListItem","position":1,"name":"Home","item":"https:\/\/www.accuratereviews.com\/it\/"},{"@type":"ListItem","position":2,"name":"Software assistenza domiciliare","item":"https:\/\/www.accuratereviews.com\/it\/software-assistenza-domiciliare\/"},{"@type":"ListItem","position":3,"name":"ClearCare"}]},{"@type":"WebSite","@id":"https:\/\/www.accuratereviews.com\/it\/#website","url":"https:\/\/www.accuratereviews.com\/it\/","name":"Accurate Reviews","description":"","potentialAction":[{"@type":"SearchAction","target":{"@type":"EntryPoint","urlTemplate":"https:\/\/www.accuratereviews.com\/it\/?s={search_term_string}"},"query-input":{"@type":"PropertyValueSpecification","valueRequired":true,"valueName":"search_term_string"}}],"inLanguage":"it-IT"}]}},"_links":{"self":[{"href":"https:\/\/www.accuratereviews.com\/it\/wp-json\/wp\/v2\/pages\/55145","targetHints":{"allow":["GET"]}}],"collection":[{"href":"https:\/\/www.accuratereviews.com\/it\/wp-json\/wp\/v2\/pages"}],"about":[{"href":"https:\/\/www.accuratereviews.com\/it\/wp-json\/wp\/v2\/types\/page"}],"author":[{"embeddable":true,"href":"https:\/\/www.accuratereviews.com\/it\/wp-json\/wp\/v2\/users\/16"}],"replies":[{"embeddable":true,"href":"https:\/\/www.accuratereviews.com\/it\/wp-json\/wp\/v2\/comments?post=55145"}],"version-history":[{"count":8,"href":"https:\/\/www.accuratereviews.com\/it\/wp-json\/wp\/v2\/pages\/55145\/revisions"}],"predecessor-version":[{"id":55191,"href":"https:\/\/www.accuratereviews.com\/it\/wp-json\/wp\/v2\/pages\/55145\/revisions\/55191"}],"up":[{"embeddable":true,"href":"https:\/\/www.accuratereviews.com\/it\/wp-json\/wp\/v2\/pages\/55061"}],"wp:featuredmedia":[{"embeddable":true,"href":"https:\/\/www.accuratereviews.com\/it\/wp-json\/wp\/v2\/media\/55146"}],"wp:attachment":[{"href":"https:\/\/www.accuratereviews.com\/it\/wp-json\/wp\/v2\/media?parent=55145"}],"wp:term":[{"taxonomy":"category","embeddable":true,"href":"https:\/\/www.accuratereviews.com\/it\/wp-json\/wp\/v2\/categories?post=55145"},{"taxonomy":"post_tag","embeddable":true,"href":"https:\/\/www.accuratereviews.com\/it\/wp-json\/wp\/v2\/tags?post=55145"},{"taxonomy":"features","embeddable":true,"href":"https:\/\/www.accuratereviews.com\/it\/wp-json\/wp\/v2\/features?post=55145"}],"curies":[{"name":"wp","href":"https:\/\/api.w.org\/{rel}","templated":true}]}}